{"id":61246,"date":"2014-12-09T12:58:30","date_gmt":"2014-12-09T10:58:30","guid":{"rendered":"https:\/\/sharks.ee\/vunder_2019.klient.veebimajutus.ee\/?post_type=product&#038;p=61246"},"modified":"2014-12-09T12:58:30","modified_gmt":"2014-12-09T10:58:30","slug":"spalvotas-piestukas-derwent-academy-metaline-dezute","status":"publish","type":"product","link":"https:\/\/hobstop.ee\/lt\/produktas\/spalvotas-piestukas-derwent-academy-metaline-dezute\/","title":{"rendered":"Spalvotas pie\u0161tukas Derwent Academy metalin\u0117 d\u0117\u017eut\u0117"},"content":{"rendered":"<p>Geriausias \u012fvadas \u012f pie\u0161imo pasaul\u012f. Spalvoti pie\u0161tukai \u201eDerwent Academy\u201c idealiai tinka spalvinimui, pie\u0161imui ir iliustracijoms kurti, patogu naudoti, jie suteikia plat\u0173 spalv\u0173 pasirinkim\u0105. Pie\u0161tukai yra pagaminti i\u0161 nat\u016bralios medienos, o \u0161erdel\u0117se naudojami kokybi\u0161kas, grie\u017etus \u201eDerwent\u201c reikalavimus atitinkantis pigmentas, tod\u0117l spalvos popieriuje pasiskirsto greitai ir tolygiai. \u012evairios spalvos tarpusavyje gerai mai\u0161osi, tod\u0117l galima sukurti dar daugiau \u012fvairi\u0173 atspalvi\u0173.<br \/>\nApvalus 6.9mm kotelis, \u0161erdel\u0117s skersmuo: 2.9mm<\/p>\n","protected":false},"excerpt":{"rendered":"<p>Geriausias \u012fvadas \u012f pie\u0161imo pasaul\u012f. Spalvoti pie\u0161tukai \u201eDerwent Academy\u201c idealiai tinka spalvinimui, pie\u0161imui ir iliustracijoms kurti, patogu naudoti, jie suteikia plat\u0173 spalv\u0173 pasirinkim\u0105. Pie\u0161tukai yra pagaminti i\u0161 nat\u016bralios medienos, o \u0161erdel\u0117se naudojami kokybi\u0161kas, grie\u017etus \u201eDerwent\u201c reikalavimus atitinkantis pigmentas, tod\u0117l spalvos popieriuje pasiskirsto greitai ir tolygiai. \u012evairios spalvos tarpusavyje gerai mai\u0161osi, tod\u0117l galima sukurti dar daugiau \u012fvairi\u0173 atspalvi\u0173. Apvalus 6.9mm kotelis, \u0161erdel\u0117s skersmuo: 2.9mm<\/p>\n","protected":false},"featured_media":0,"comment_status":"closed","ping_status":"closed","template":"","meta":{"_acf_changed":false,"ep_exclude_from_search":false},"product_cat":[16124,18932,15017],"product_tag":[],"class_list":{"0":"post-61246","1":"product","2":"type-product","3":"status-publish","5":"product_cat-dailes-prekes","6":"product_cat-piesimo-reikmenys-3","7":"product_cat-olivarvid","9":"first","10":"instock","11":"taxable","12":"shipping-taxable","13":"purchasable","14":"product-type-variable"},"acf":[],"yoast_head":"<!-- This site is optimized with the Yoast SEO plugin v24.1 - https:\/\/yoast.com\/wordpress\/plugins\/seo\/ -->\n<title>Spalvotas pie\u0161tukas Derwent Academy metalin\u0117 d\u0117\u017eut\u0117 &#8211; Skizze<\/title>\n<meta name=\"robots\" content=\"noindex, follow, max-snippet:-1, max-image-preview:large, max-video-preview:-1\" \/>\n<meta property=\"og:locale\" content=\"lt_LT\" \/>\n<meta property=\"og:type\" content=\"article\" \/>\n<meta property=\"og:title\" content=\"Spalvotas pie\u0161tukas Derwent Academy metalin\u0117 d\u0117\u017eut\u0117 &#8211; Skizze\" \/>\n<meta property=\"og:description\" content=\"Geriausias \u012fvadas \u012f pie\u0161imo pasaul\u012f. Spalvoti pie\u0161tukai \u201eDerwent Academy\u201c idealiai tinka spalvinimui, pie\u0161imui ir iliustracijoms kurti, patogu naudoti, jie suteikia plat\u0173 spalv\u0173 pasirinkim\u0105. Pie\u0161tukai yra pagaminti i\u0161 nat\u016bralios medienos, o \u0161erdel\u0117se naudojami kokybi\u0161kas, grie\u017etus \u201eDerwent\u201c reikalavimus atitinkantis pigmentas, tod\u0117l spalvos popieriuje pasiskirsto greitai ir tolygiai. \u012evairios spalvos tarpusavyje gerai mai\u0161osi, tod\u0117l galima sukurti dar daugiau \u012fvairi\u0173 atspalvi\u0173. Apvalus 6.9mm kotelis, \u0161erdel\u0117s skersmuo: 2.9mm\" \/>\n<meta property=\"og:url\" content=\"https:\/\/hobstop.ee\/lt\/produktas\/spalvotas-piestukas-derwent-academy-metaline-dezute\/\" \/>\n<meta property=\"og:site_name\" content=\"Skizze\" \/>\n<meta property=\"article:publisher\" content=\"http:\/\/www.facebook.com\/VunderSkizze\" \/>\n<meta name=\"twitter:card\" content=\"summary_large_image\" \/>\n<script type=\"application\/ld+json\" class=\"yoast-schema-graph\">{\"@context\":\"https:\/\/schema.org\",\"@graph\":[{\"@type\":\"WebPage\",\"@id\":\"https:\/\/hobstop.ee\/lt\/produktas\/spalvotas-piestukas-derwent-academy-metaline-dezute\/\",\"url\":\"https:\/\/hobstop.ee\/lt\/produktas\/spalvotas-piestukas-derwent-academy-metaline-dezute\/\",\"name\":\"Spalvotas pie\u0161tukas Derwent Academy metalin\u0117 d\u0117\u017eut\u0117 &#8211; Skizze\",\"isPartOf\":{\"@id\":\"https:\/\/hobstop.ee\/lt\/#website\"},\"datePublished\":\"2014-12-09T10:58:30+00:00\",\"dateModified\":\"2014-12-09T10:58:30+00:00\",\"breadcrumb\":{\"@id\":\"https:\/\/hobstop.ee\/lt\/produktas\/spalvotas-piestukas-derwent-academy-metaline-dezute\/#breadcrumb\"},\"inLanguage\":\"lt\",\"potentialAction\":[{\"@type\":\"ReadAction\",\"target\":[\"https:\/\/hobstop.ee\/lt\/produktas\/spalvotas-piestukas-derwent-academy-metaline-dezute\/\"]}]},{\"@type\":\"BreadcrumbList\",\"@id\":\"https:\/\/hobstop.ee\/lt\/produktas\/spalvotas-piestukas-derwent-academy-metaline-dezute\/#breadcrumb\",\"itemListElement\":[{\"@type\":\"ListItem\",\"position\":1,\"name\":\"Avaleht\",\"item\":\"https:\/\/hobstop.ee\/lt\/\"},{\"@type\":\"ListItem\",\"position\":2,\"name\":\"Parduotuv\u0117\",\"item\":\"https:\/\/hobstop.ee\/lt\/parduotuve\/\"},{\"@type\":\"ListItem\",\"position\":3,\"name\":\"Spalvotas pie\u0161tukas Derwent Academy metalin\u0117 d\u0117\u017eut\u0117\"}]},{\"@type\":\"WebSite\",\"@id\":\"https:\/\/hobstop.ee\/lt\/#website\",\"url\":\"https:\/\/hobstop.ee\/lt\/\",\"name\":\"Skizze\",\"description\":\"Dail\u0117s, pom\u0117gi\u0173 ir mokykliniai reikm\u0117nys\",\"publisher\":{\"@id\":\"https:\/\/hobstop.ee\/lt\/#organization\"},\"potentialAction\":[{\"@type\":\"SearchAction\",\"target\":{\"@type\":\"EntryPoint\",\"urlTemplate\":\"https:\/\/hobstop.ee\/lt\/?s={search_term_string}\"},\"query-input\":{\"@type\":\"PropertyValueSpecification\",\"valueRequired\":true,\"valueName\":\"search_term_string\"}}],\"inLanguage\":\"lt\"},{\"@type\":\"Organization\",\"@id\":\"https:\/\/hobstop.ee\/lt\/#organization\",\"name\":\"Vunder AS\",\"url\":\"https:\/\/hobstop.ee\/lt\/\",\"logo\":{\"@type\":\"ImageObject\",\"inLanguage\":\"lt\",\"@id\":\"https:\/\/hobstop.ee\/lt\/#\/schema\/logo\/image\/\",\"url\":\"https:\/\/hobstop.ee\/media\/vunder-logo.png\",\"contentUrl\":\"https:\/\/hobstop.ee\/media\/vunder-logo.png\",\"width\":127,\"height\":55,\"caption\":\"Vunder AS\"},\"image\":{\"@id\":\"https:\/\/hobstop.ee\/lt\/#\/schema\/logo\/image\/\"},\"sameAs\":[\"http:\/\/www.facebook.com\/VunderSkizze\"]}]}<\/script>\n<!-- \/ Yoast SEO plugin. -->","yoast_head_json":{"title":"Spalvotas pie\u0161tukas Derwent Academy metalin\u0117 d\u0117\u017eut\u0117 &#8211; Skizze","robots":{"index":"noindex","follow":"follow","max-snippet":"max-snippet:-1","max-image-preview":"max-image-preview:large","max-video-preview":"max-video-preview:-1"},"og_locale":"lt_LT","og_type":"article","og_title":"Spalvotas pie\u0161tukas Derwent Academy metalin\u0117 d\u0117\u017eut\u0117 &#8211; Skizze","og_description":"Geriausias \u012fvadas \u012f pie\u0161imo pasaul\u012f. Spalvoti pie\u0161tukai \u201eDerwent Academy\u201c idealiai tinka spalvinimui, pie\u0161imui ir iliustracijoms kurti, patogu naudoti, jie suteikia plat\u0173 spalv\u0173 pasirinkim\u0105. Pie\u0161tukai yra pagaminti i\u0161 nat\u016bralios medienos, o \u0161erdel\u0117se naudojami kokybi\u0161kas, grie\u017etus \u201eDerwent\u201c reikalavimus atitinkantis pigmentas, tod\u0117l spalvos popieriuje pasiskirsto greitai ir tolygiai. \u012evairios spalvos tarpusavyje gerai mai\u0161osi, tod\u0117l galima sukurti dar daugiau \u012fvairi\u0173 atspalvi\u0173. Apvalus 6.9mm kotelis, \u0161erdel\u0117s skersmuo: 2.9mm","og_url":"https:\/\/hobstop.ee\/lt\/produktas\/spalvotas-piestukas-derwent-academy-metaline-dezute\/","og_site_name":"Skizze","article_publisher":"http:\/\/www.facebook.com\/VunderSkizze","twitter_card":"summary_large_image","schema":{"@context":"https:\/\/schema.org","@graph":[{"@type":"WebPage","@id":"https:\/\/hobstop.ee\/lt\/produktas\/spalvotas-piestukas-derwent-academy-metaline-dezute\/","url":"https:\/\/hobstop.ee\/lt\/produktas\/spalvotas-piestukas-derwent-academy-metaline-dezute\/","name":"Spalvotas pie\u0161tukas Derwent Academy metalin\u0117 d\u0117\u017eut\u0117 &#8211; Skizze","isPartOf":{"@id":"https:\/\/hobstop.ee\/lt\/#website"},"datePublished":"2014-12-09T10:58:30+00:00","dateModified":"2014-12-09T10:58:30+00:00","breadcrumb":{"@id":"https:\/\/hobstop.ee\/lt\/produktas\/spalvotas-piestukas-derwent-academy-metaline-dezute\/#breadcrumb"},"inLanguage":"lt","potentialAction":[{"@type":"ReadAction","target":["https:\/\/hobstop.ee\/lt\/produktas\/spalvotas-piestukas-derwent-academy-metaline-dezute\/"]}]},{"@type":"BreadcrumbList","@id":"https:\/\/hobstop.ee\/lt\/produktas\/spalvotas-piestukas-derwent-academy-metaline-dezute\/#breadcrumb","itemListElement":[{"@type":"ListItem","position":1,"name":"Avaleht","item":"https:\/\/hobstop.ee\/lt\/"},{"@type":"ListItem","position":2,"name":"Parduotuv\u0117","item":"https:\/\/hobstop.ee\/lt\/parduotuve\/"},{"@type":"ListItem","position":3,"name":"Spalvotas pie\u0161tukas Derwent Academy metalin\u0117 d\u0117\u017eut\u0117"}]},{"@type":"WebSite","@id":"https:\/\/hobstop.ee\/lt\/#website","url":"https:\/\/hobstop.ee\/lt\/","name":"Skizze","description":"Dail\u0117s, pom\u0117gi\u0173 ir mokykliniai reikm\u0117nys","publisher":{"@id":"https:\/\/hobstop.ee\/lt\/#organization"},"potentialAction":[{"@type":"SearchAction","target":{"@type":"EntryPoint","urlTemplate":"https:\/\/hobstop.ee\/lt\/?s={search_term_string}"},"query-input":{"@type":"PropertyValueSpecification","valueRequired":true,"valueName":"search_term_string"}}],"inLanguage":"lt"},{"@type":"Organization","@id":"https:\/\/hobstop.ee\/lt\/#organization","name":"Vunder AS","url":"https:\/\/hobstop.ee\/lt\/","logo":{"@type":"ImageObject","inLanguage":"lt","@id":"https:\/\/hobstop.ee\/lt\/#\/schema\/logo\/image\/","url":"https:\/\/hobstop.ee\/media\/vunder-logo.png","contentUrl":"https:\/\/hobstop.ee\/media\/vunder-logo.png","width":127,"height":55,"caption":"Vunder AS"},"image":{"@id":"https:\/\/hobstop.ee\/lt\/#\/schema\/logo\/image\/"},"sameAs":["http:\/\/www.facebook.com\/VunderSkizze"]}]}},"_links":{"self":[{"href":"https:\/\/hobstop.ee\/lt\/wp-json\/wp\/v2\/product\/61246","targetHints":{"allow":["GET"]}}],"collection":[{"href":"https:\/\/hobstop.ee\/lt\/wp-json\/wp\/v2\/product"}],"about":[{"href":"https:\/\/hobstop.ee\/lt\/wp-json\/wp\/v2\/types\/product"}],"replies":[{"embeddable":true,"href":"https:\/\/hobstop.ee\/lt\/wp-json\/wp\/v2\/comments?post=61246"}],"wp:attachment":[{"href":"https:\/\/hobstop.ee\/lt\/wp-json\/wp\/v2\/media?parent=61246"}],"wp:term":[{"taxonomy":"product_cat","embeddable":true,"href":"https:\/\/hobstop.ee\/lt\/wp-json\/wp\/v2\/product_cat?post=61246"},{"taxonomy":"product_tag","embeddable":true,"href":"https:\/\/hobstop.ee\/lt\/wp-json\/wp\/v2\/product_tag?post=61246"}],"curies":[{"name":"wp","href":"https:\/\/api.w.org\/{rel}","templated":true}]}}