{"id":61252,"date":"2014-12-09T12:58:31","date_gmt":"2014-12-09T10:58:31","guid":{"rendered":"https:\/\/sharks.ee\/vunder_2019.klient.veebimajutus.ee\/?post_type=product&#038;p=61252"},"modified":"2014-12-09T12:58:31","modified_gmt":"2014-12-09T10:58:31","slug":"eskizinis-piestukas-academy-metaline-dezute","status":"publish","type":"product","link":"https:\/\/hobstop.ee\/lt\/produktas\/eskizinis-piestukas-academy-metaline-dezute\/","title":{"rendered":"Eskizinis pie\u0161tukas Academy metalin\u0117 d\u0117\u017eut\u0117"},"content":{"rendered":"<p>Geriausias \u012fvadas \u012f pie\u0161imo pasaul\u012f. Dail\u0117s pagrindu esantis pie\u0161imas su savo nesuskai\u010diuojamais stiliais ir temomis si\u016blo nuostabi\u0105 pasirinkimo laisv\u0119. Mink\u0161ti pie\u0161tukai (B\u20136B) labiausiai tinka eskizams pie\u0161ti ir mai\u0161ymo technikai. Kietesni pie\u0161tukai (HB\u20135H) ideal\u016bs tiesioms linijoms ir tiksliems darbams.<br \/>\n\u0160e\u0161iabriaunis 6.9mm kotelis, \u0161erdel\u0117s skersmuo: 2.9mm.<\/p>\n<p>Komplekte yra:<br \/>\n6vnt. metalin\u0117 d\u0117\u017eut\u0117: 3B, 2B, B, HB, H, 2H<br \/>\n12vnt. metalin\u0117 d\u0117\u017eut\u0117: 6B, 5B, 4B, 3B, 2B, B, HB, H, 2H, 3H, 4H, 5H<\/p>\n","protected":false},"excerpt":{"rendered":"<p>Geriausias \u012fvadas \u012f pie\u0161imo pasaul\u012f. Dail\u0117s pagrindu esantis pie\u0161imas su savo nesuskai\u010diuojamais stiliais ir temomis si\u016blo nuostabi\u0105 pasirinkimo laisv\u0119. Mink\u0161ti pie\u0161tukai (B\u20136B) labiausiai tinka eskizams pie\u0161ti ir mai\u0161ymo technikai. Kietesni pie\u0161tukai (HB\u20135H) ideal\u016bs tiesioms linijoms ir tiksliems darbams. \u0160e\u0161iabriaunis 6.9mm kotelis, \u0161erdel\u0117s skersmuo: 2.9mm. Komplekte yra: 6vnt. metalin\u0117 d\u0117\u017eut\u0117: 3B, 2B, B, HB, H, 2H 12vnt. metalin\u0117 d\u0117\u017eut\u0117: 6B, 5B, 4B, 3B, 2B, B, HB, H, 2H, 3H, 4H, 5H<\/p>\n","protected":false},"featured_media":104511,"comment_status":"closed","ping_status":"closed","template":"","meta":{"_acf_changed":false,"ep_exclude_from_search":false},"product_cat":[16124,18992,18932],"product_tag":[],"class_list":{"0":"post-61252","1":"product","2":"type-product","3":"status-publish","4":"has-post-thumbnail","6":"product_cat-dailes-prekes","7":"product_cat-eskiziniai-piestukai","8":"product_cat-piesimo-reikmenys-3","10":"first","11":"instock","12":"taxable","13":"shipping-taxable","14":"purchasable","15":"product-type-variable"},"acf":[],"yoast_head":"<!-- This site is optimized with the Yoast SEO plugin v24.1 - https:\/\/yoast.com\/wordpress\/plugins\/seo\/ -->\n<title>Eskizinis pie\u0161tukas Academy metalin\u0117 d\u0117\u017eut\u0117 &#8211; Skizze<\/title>\n<meta name=\"robots\" content=\"noindex, follow, max-snippet:-1, max-image-preview:large, max-video-preview:-1\" \/>\n<meta property=\"og:locale\" content=\"lt_LT\" \/>\n<meta property=\"og:type\" content=\"article\" \/>\n<meta property=\"og:title\" content=\"Eskizinis pie\u0161tukas Academy metalin\u0117 d\u0117\u017eut\u0117 &#8211; Skizze\" \/>\n<meta property=\"og:description\" content=\"Geriausias \u012fvadas \u012f pie\u0161imo pasaul\u012f. Dail\u0117s pagrindu esantis pie\u0161imas su savo nesuskai\u010diuojamais stiliais ir temomis si\u016blo nuostabi\u0105 pasirinkimo laisv\u0119. Mink\u0161ti pie\u0161tukai (B\u20136B) labiausiai tinka eskizams pie\u0161ti ir mai\u0161ymo technikai. Kietesni pie\u0161tukai (HB\u20135H) ideal\u016bs tiesioms linijoms ir tiksliems darbams. \u0160e\u0161iabriaunis 6.9mm kotelis, \u0161erdel\u0117s skersmuo: 2.9mm. Komplekte yra: 6vnt. metalin\u0117 d\u0117\u017eut\u0117: 3B, 2B, B, HB, H, 2H 12vnt. metalin\u0117 d\u0117\u017eut\u0117: 6B, 5B, 4B, 3B, 2B, B, HB, H, 2H, 3H, 4H, 5H\" \/>\n<meta property=\"og:url\" content=\"https:\/\/hobstop.ee\/lt\/produktas\/eskizinis-piestukas-academy-metaline-dezute\/\" \/>\n<meta property=\"og:site_name\" content=\"Skizze\" \/>\n<meta property=\"article:publisher\" content=\"http:\/\/www.facebook.com\/VunderSkizze\" \/>\n<meta property=\"og:image\" content=\"https:\/\/hobstop.ee\/media\/2306.jpg\" \/>\n\t<meta property=\"og:image:width\" content=\"1024\" \/>\n\t<meta property=\"og:image:height\" content=\"768\" \/>\n\t<meta property=\"og:image:type\" content=\"image\/jpeg\" \/>\n<meta name=\"twitter:card\" content=\"summary_large_image\" \/>\n<script type=\"application\/ld+json\" class=\"yoast-schema-graph\">{\"@context\":\"https:\/\/schema.org\",\"@graph\":[{\"@type\":\"WebPage\",\"@id\":\"https:\/\/hobstop.ee\/lt\/produktas\/eskizinis-piestukas-academy-metaline-dezute\/\",\"url\":\"https:\/\/hobstop.ee\/lt\/produktas\/eskizinis-piestukas-academy-metaline-dezute\/\",\"name\":\"Eskizinis pie\u0161tukas Academy metalin\u0117 d\u0117\u017eut\u0117 &#8211; Skizze\",\"isPartOf\":{\"@id\":\"https:\/\/hobstop.ee\/lt\/#website\"},\"primaryImageOfPage\":{\"@id\":\"https:\/\/hobstop.ee\/lt\/produktas\/eskizinis-piestukas-academy-metaline-dezute\/#primaryimage\"},\"image\":{\"@id\":\"https:\/\/hobstop.ee\/lt\/produktas\/eskizinis-piestukas-academy-metaline-dezute\/#primaryimage\"},\"thumbnailUrl\":\"https:\/\/hobstop.ee\/media\/2306.jpg\",\"datePublished\":\"2014-12-09T10:58:31+00:00\",\"dateModified\":\"2014-12-09T10:58:31+00:00\",\"breadcrumb\":{\"@id\":\"https:\/\/hobstop.ee\/lt\/produktas\/eskizinis-piestukas-academy-metaline-dezute\/#breadcrumb\"},\"inLanguage\":\"lt\",\"potentialAction\":[{\"@type\":\"ReadAction\",\"target\":[\"https:\/\/hobstop.ee\/lt\/produktas\/eskizinis-piestukas-academy-metaline-dezute\/\"]}]},{\"@type\":\"ImageObject\",\"inLanguage\":\"lt\",\"@id\":\"https:\/\/hobstop.ee\/lt\/produktas\/eskizinis-piestukas-academy-metaline-dezute\/#primaryimage\",\"url\":\"https:\/\/hobstop.ee\/media\/2306.jpg\",\"contentUrl\":\"https:\/\/hobstop.ee\/media\/2306.jpg\",\"width\":1024,\"height\":768},{\"@type\":\"BreadcrumbList\",\"@id\":\"https:\/\/hobstop.ee\/lt\/produktas\/eskizinis-piestukas-academy-metaline-dezute\/#breadcrumb\",\"itemListElement\":[{\"@type\":\"ListItem\",\"position\":1,\"name\":\"Avaleht\",\"item\":\"https:\/\/hobstop.ee\/lt\/\"},{\"@type\":\"ListItem\",\"position\":2,\"name\":\"Parduotuv\u0117\",\"item\":\"https:\/\/hobstop.ee\/lt\/parduotuve\/\"},{\"@type\":\"ListItem\",\"position\":3,\"name\":\"Eskizinis pie\u0161tukas Academy metalin\u0117 d\u0117\u017eut\u0117\"}]},{\"@type\":\"WebSite\",\"@id\":\"https:\/\/hobstop.ee\/lt\/#website\",\"url\":\"https:\/\/hobstop.ee\/lt\/\",\"name\":\"Skizze\",\"description\":\"Dail\u0117s, pom\u0117gi\u0173 ir mokykliniai reikm\u0117nys\",\"publisher\":{\"@id\":\"https:\/\/hobstop.ee\/lt\/#organization\"},\"potentialAction\":[{\"@type\":\"SearchAction\",\"target\":{\"@type\":\"EntryPoint\",\"urlTemplate\":\"https:\/\/hobstop.ee\/lt\/?s={search_term_string}\"},\"query-input\":{\"@type\":\"PropertyValueSpecification\",\"valueRequired\":true,\"valueName\":\"search_term_string\"}}],\"inLanguage\":\"lt\"},{\"@type\":\"Organization\",\"@id\":\"https:\/\/hobstop.ee\/lt\/#organization\",\"name\":\"Vunder AS\",\"url\":\"https:\/\/hobstop.ee\/lt\/\",\"logo\":{\"@type\":\"ImageObject\",\"inLanguage\":\"lt\",\"@id\":\"https:\/\/hobstop.ee\/lt\/#\/schema\/logo\/image\/\",\"url\":\"https:\/\/hobstop.ee\/media\/vunder-logo.png\",\"contentUrl\":\"https:\/\/hobstop.ee\/media\/vunder-logo.png\",\"width\":127,\"height\":55,\"caption\":\"Vunder AS\"},\"image\":{\"@id\":\"https:\/\/hobstop.ee\/lt\/#\/schema\/logo\/image\/\"},\"sameAs\":[\"http:\/\/www.facebook.com\/VunderSkizze\"]}]}<\/script>\n<!-- \/ Yoast SEO plugin. -->","yoast_head_json":{"title":"Eskizinis pie\u0161tukas Academy metalin\u0117 d\u0117\u017eut\u0117 &#8211; Skizze","robots":{"index":"noindex","follow":"follow","max-snippet":"max-snippet:-1","max-image-preview":"max-image-preview:large","max-video-preview":"max-video-preview:-1"},"og_locale":"lt_LT","og_type":"article","og_title":"Eskizinis pie\u0161tukas Academy metalin\u0117 d\u0117\u017eut\u0117 &#8211; Skizze","og_description":"Geriausias \u012fvadas \u012f pie\u0161imo pasaul\u012f. Dail\u0117s pagrindu esantis pie\u0161imas su savo nesuskai\u010diuojamais stiliais ir temomis si\u016blo nuostabi\u0105 pasirinkimo laisv\u0119. Mink\u0161ti pie\u0161tukai (B\u20136B) labiausiai tinka eskizams pie\u0161ti ir mai\u0161ymo technikai. Kietesni pie\u0161tukai (HB\u20135H) ideal\u016bs tiesioms linijoms ir tiksliems darbams. \u0160e\u0161iabriaunis 6.9mm kotelis, \u0161erdel\u0117s skersmuo: 2.9mm. Komplekte yra: 6vnt. metalin\u0117 d\u0117\u017eut\u0117: 3B, 2B, B, HB, H, 2H 12vnt. metalin\u0117 d\u0117\u017eut\u0117: 6B, 5B, 4B, 3B, 2B, B, HB, H, 2H, 3H, 4H, 5H","og_url":"https:\/\/hobstop.ee\/lt\/produktas\/eskizinis-piestukas-academy-metaline-dezute\/","og_site_name":"Skizze","article_publisher":"http:\/\/www.facebook.com\/VunderSkizze","og_image":[{"width":1024,"height":768,"url":"https:\/\/hobstop.ee\/media\/2306.jpg","type":"image\/jpeg"}],"twitter_card":"summary_large_image","schema":{"@context":"https:\/\/schema.org","@graph":[{"@type":"WebPage","@id":"https:\/\/hobstop.ee\/lt\/produktas\/eskizinis-piestukas-academy-metaline-dezute\/","url":"https:\/\/hobstop.ee\/lt\/produktas\/eskizinis-piestukas-academy-metaline-dezute\/","name":"Eskizinis pie\u0161tukas Academy metalin\u0117 d\u0117\u017eut\u0117 &#8211; Skizze","isPartOf":{"@id":"https:\/\/hobstop.ee\/lt\/#website"},"primaryImageOfPage":{"@id":"https:\/\/hobstop.ee\/lt\/produktas\/eskizinis-piestukas-academy-metaline-dezute\/#primaryimage"},"image":{"@id":"https:\/\/hobstop.ee\/lt\/produktas\/eskizinis-piestukas-academy-metaline-dezute\/#primaryimage"},"thumbnailUrl":"https:\/\/hobstop.ee\/media\/2306.jpg","datePublished":"2014-12-09T10:58:31+00:00","dateModified":"2014-12-09T10:58:31+00:00","breadcrumb":{"@id":"https:\/\/hobstop.ee\/lt\/produktas\/eskizinis-piestukas-academy-metaline-dezute\/#breadcrumb"},"inLanguage":"lt","potentialAction":[{"@type":"ReadAction","target":["https:\/\/hobstop.ee\/lt\/produktas\/eskizinis-piestukas-academy-metaline-dezute\/"]}]},{"@type":"ImageObject","inLanguage":"lt","@id":"https:\/\/hobstop.ee\/lt\/produktas\/eskizinis-piestukas-academy-metaline-dezute\/#primaryimage","url":"https:\/\/hobstop.ee\/media\/2306.jpg","contentUrl":"https:\/\/hobstop.ee\/media\/2306.jpg","width":1024,"height":768},{"@type":"BreadcrumbList","@id":"https:\/\/hobstop.ee\/lt\/produktas\/eskizinis-piestukas-academy-metaline-dezute\/#breadcrumb","itemListElement":[{"@type":"ListItem","position":1,"name":"Avaleht","item":"https:\/\/hobstop.ee\/lt\/"},{"@type":"ListItem","position":2,"name":"Parduotuv\u0117","item":"https:\/\/hobstop.ee\/lt\/parduotuve\/"},{"@type":"ListItem","position":3,"name":"Eskizinis pie\u0161tukas Academy metalin\u0117 d\u0117\u017eut\u0117"}]},{"@type":"WebSite","@id":"https:\/\/hobstop.ee\/lt\/#website","url":"https:\/\/hobstop.ee\/lt\/","name":"Skizze","description":"Dail\u0117s, pom\u0117gi\u0173 ir mokykliniai reikm\u0117nys","publisher":{"@id":"https:\/\/hobstop.ee\/lt\/#organization"},"potentialAction":[{"@type":"SearchAction","target":{"@type":"EntryPoint","urlTemplate":"https:\/\/hobstop.ee\/lt\/?s={search_term_string}"},"query-input":{"@type":"PropertyValueSpecification","valueRequired":true,"valueName":"search_term_string"}}],"inLanguage":"lt"},{"@type":"Organization","@id":"https:\/\/hobstop.ee\/lt\/#organization","name":"Vunder AS","url":"https:\/\/hobstop.ee\/lt\/","logo":{"@type":"ImageObject","inLanguage":"lt","@id":"https:\/\/hobstop.ee\/lt\/#\/schema\/logo\/image\/","url":"https:\/\/hobstop.ee\/media\/vunder-logo.png","contentUrl":"https:\/\/hobstop.ee\/media\/vunder-logo.png","width":127,"height":55,"caption":"Vunder AS"},"image":{"@id":"https:\/\/hobstop.ee\/lt\/#\/schema\/logo\/image\/"},"sameAs":["http:\/\/www.facebook.com\/VunderSkizze"]}]}},"_links":{"self":[{"href":"https:\/\/hobstop.ee\/lt\/wp-json\/wp\/v2\/product\/61252","targetHints":{"allow":["GET"]}}],"collection":[{"href":"https:\/\/hobstop.ee\/lt\/wp-json\/wp\/v2\/product"}],"about":[{"href":"https:\/\/hobstop.ee\/lt\/wp-json\/wp\/v2\/types\/product"}],"replies":[{"embeddable":true,"href":"https:\/\/hobstop.ee\/lt\/wp-json\/wp\/v2\/comments?post=61252"}],"wp:featuredmedia":[{"embeddable":true,"href":"https:\/\/hobstop.ee\/lt\/wp-json\/wp\/v2\/media\/104511"}],"wp:attachment":[{"href":"https:\/\/hobstop.ee\/lt\/wp-json\/wp\/v2\/media?parent=61252"}],"wp:term":[{"taxonomy":"product_cat","embeddable":true,"href":"https:\/\/hobstop.ee\/lt\/wp-json\/wp\/v2\/product_cat?post=61252"},{"taxonomy":"product_tag","embeddable":true,"href":"https:\/\/hobstop.ee\/lt\/wp-json\/wp\/v2\/product_tag?post=61252"}],"curies":[{"name":"wp","href":"https:\/\/api.w.org\/{rel}","templated":true}]}}