{"id":61270,"date":"2014-12-09T12:58:35","date_gmt":"2014-12-09T10:58:35","guid":{"rendered":"https:\/\/sharks.ee\/vunder_2019.klient.veebimajutus.ee\/?post_type=product&#038;p=61270"},"modified":"2014-12-09T12:58:35","modified_gmt":"2014-12-09T10:58:35","slug":"segiklis-maped-ergologic-compact","status":"publish","type":"product","link":"https:\/\/hobstop.ee\/lt\/produktas\/segiklis-maped-ergologic-compact\/","title":{"rendered":"Segiklis Maped Ergologic Compact"},"content":{"rendered":"<p>Su segikliu \u201eErgologic\u201c, \u201eMaped\u201c pristato pirm\u0105j\u0105 kartu su profesionaliais ergonomikos konsultantais sukurt\u0105 biuro reikmen\u0173 linij\u0105. Patogi rankena, i\u0161skirtinis komfortas \u2013 visiems tinkantys auk\u0161\u010diausios kokyb\u0117s produktai! Atrama yra dengta mink\u0161ta med\u017eiaga, tod\u0117l naudoti yra labai patogu. Yra nuo u\u017esikirtimo saugantis mechanizmas, dvi s\u0105sag\u0117li\u0173 eil\u0117s.<\/p>\n","protected":false},"excerpt":{"rendered":"<p>Su segikliu \u201eErgologic\u201c, \u201eMaped\u201c pristato pirm\u0105j\u0105 kartu su profesionaliais ergonomikos konsultantais sukurt\u0105 biuro reikmen\u0173 linij\u0105. Patogi rankena, i\u0161skirtinis komfortas \u2013 visiems tinkantys auk\u0161\u010diausios kokyb\u0117s produktai! Atrama yra dengta mink\u0161ta med\u017eiaga, tod\u0117l naudoti yra labai patogu. Yra nuo u\u017esikirtimo saugantis mechanizmas, dvi s\u0105sag\u0117li\u0173 eil\u0117s.<\/p>\n","protected":false},"featured_media":104539,"comment_status":"closed","ping_status":"closed","template":"","meta":{"_acf_changed":false,"ep_exclude_from_search":false},"product_cat":[18920,17914,15024],"product_tag":[],"class_list":{"0":"post-61270","1":"product","2":"type-product","3":"status-publish","4":"has-post-thumbnail","6":"product_cat-biuro-reikmenys","7":"product_cat-rastines-prekes","8":"product_cat-segikliai","10":"first","11":"instock","12":"taxable","13":"shipping-taxable","14":"purchasable","15":"product-type-variable"},"acf":[],"yoast_head":"<!-- This site is optimized with the Yoast SEO plugin v24.1 - https:\/\/yoast.com\/wordpress\/plugins\/seo\/ -->\n<title>Segiklis Maped Ergologic Compact &#8211; Skizze<\/title>\n<meta name=\"robots\" content=\"noindex, follow, max-snippet:-1, max-image-preview:large, max-video-preview:-1\" \/>\n<meta property=\"og:locale\" content=\"lt_LT\" \/>\n<meta property=\"og:type\" content=\"article\" \/>\n<meta property=\"og:title\" content=\"Segiklis Maped Ergologic Compact &#8211; Skizze\" \/>\n<meta property=\"og:description\" content=\"Su segikliu \u201eErgologic\u201c, \u201eMaped\u201c pristato pirm\u0105j\u0105 kartu su profesionaliais ergonomikos konsultantais sukurt\u0105 biuro reikmen\u0173 linij\u0105. Patogi rankena, i\u0161skirtinis komfortas \u2013 visiems tinkantys auk\u0161\u010diausios kokyb\u0117s produktai! Atrama yra dengta mink\u0161ta med\u017eiaga, tod\u0117l naudoti yra labai patogu. Yra nuo u\u017esikirtimo saugantis mechanizmas, dvi s\u0105sag\u0117li\u0173 eil\u0117s.\" \/>\n<meta property=\"og:url\" content=\"https:\/\/hobstop.ee\/lt\/produktas\/segiklis-maped-ergologic-compact\/\" \/>\n<meta property=\"og:site_name\" content=\"Skizze\" \/>\n<meta property=\"article:publisher\" content=\"http:\/\/www.facebook.com\/VunderSkizze\" \/>\n<meta property=\"og:image\" content=\"https:\/\/hobstop.ee\/media\/2318.jpg\" \/>\n\t<meta property=\"og:image:width\" content=\"1024\" \/>\n\t<meta property=\"og:image:height\" content=\"768\" \/>\n\t<meta property=\"og:image:type\" content=\"image\/jpeg\" \/>\n<meta name=\"twitter:card\" content=\"summary_large_image\" \/>\n<script type=\"application\/ld+json\" class=\"yoast-schema-graph\">{\"@context\":\"https:\/\/schema.org\",\"@graph\":[{\"@type\":\"WebPage\",\"@id\":\"https:\/\/hobstop.ee\/lt\/produktas\/segiklis-maped-ergologic-compact\/\",\"url\":\"https:\/\/hobstop.ee\/lt\/produktas\/segiklis-maped-ergologic-compact\/\",\"name\":\"Segiklis Maped Ergologic Compact &#8211; Skizze\",\"isPartOf\":{\"@id\":\"https:\/\/hobstop.ee\/lt\/#website\"},\"primaryImageOfPage\":{\"@id\":\"https:\/\/hobstop.ee\/lt\/produktas\/segiklis-maped-ergologic-compact\/#primaryimage\"},\"image\":{\"@id\":\"https:\/\/hobstop.ee\/lt\/produktas\/segiklis-maped-ergologic-compact\/#primaryimage\"},\"thumbnailUrl\":\"https:\/\/hobstop.ee\/media\/2318.jpg\",\"datePublished\":\"2014-12-09T10:58:35+00:00\",\"dateModified\":\"2014-12-09T10:58:35+00:00\",\"breadcrumb\":{\"@id\":\"https:\/\/hobstop.ee\/lt\/produktas\/segiklis-maped-ergologic-compact\/#breadcrumb\"},\"inLanguage\":\"lt\",\"potentialAction\":[{\"@type\":\"ReadAction\",\"target\":[\"https:\/\/hobstop.ee\/lt\/produktas\/segiklis-maped-ergologic-compact\/\"]}]},{\"@type\":\"ImageObject\",\"inLanguage\":\"lt\",\"@id\":\"https:\/\/hobstop.ee\/lt\/produktas\/segiklis-maped-ergologic-compact\/#primaryimage\",\"url\":\"https:\/\/hobstop.ee\/media\/2318.jpg\",\"contentUrl\":\"https:\/\/hobstop.ee\/media\/2318.jpg\",\"width\":1024,\"height\":768},{\"@type\":\"BreadcrumbList\",\"@id\":\"https:\/\/hobstop.ee\/lt\/produktas\/segiklis-maped-ergologic-compact\/#breadcrumb\",\"itemListElement\":[{\"@type\":\"ListItem\",\"position\":1,\"name\":\"Avaleht\",\"item\":\"https:\/\/hobstop.ee\/lt\/\"},{\"@type\":\"ListItem\",\"position\":2,\"name\":\"Parduotuv\u0117\",\"item\":\"https:\/\/hobstop.ee\/lt\/parduotuve\/\"},{\"@type\":\"ListItem\",\"position\":3,\"name\":\"Segiklis Maped Ergologic Compact\"}]},{\"@type\":\"WebSite\",\"@id\":\"https:\/\/hobstop.ee\/lt\/#website\",\"url\":\"https:\/\/hobstop.ee\/lt\/\",\"name\":\"Skizze\",\"description\":\"Dail\u0117s, pom\u0117gi\u0173 ir mokykliniai reikm\u0117nys\",\"publisher\":{\"@id\":\"https:\/\/hobstop.ee\/lt\/#organization\"},\"potentialAction\":[{\"@type\":\"SearchAction\",\"target\":{\"@type\":\"EntryPoint\",\"urlTemplate\":\"https:\/\/hobstop.ee\/lt\/?s={search_term_string}\"},\"query-input\":{\"@type\":\"PropertyValueSpecification\",\"valueRequired\":true,\"valueName\":\"search_term_string\"}}],\"inLanguage\":\"lt\"},{\"@type\":\"Organization\",\"@id\":\"https:\/\/hobstop.ee\/lt\/#organization\",\"name\":\"Vunder AS\",\"url\":\"https:\/\/hobstop.ee\/lt\/\",\"logo\":{\"@type\":\"ImageObject\",\"inLanguage\":\"lt\",\"@id\":\"https:\/\/hobstop.ee\/lt\/#\/schema\/logo\/image\/\",\"url\":\"https:\/\/hobstop.ee\/media\/vunder-logo.png\",\"contentUrl\":\"https:\/\/hobstop.ee\/media\/vunder-logo.png\",\"width\":127,\"height\":55,\"caption\":\"Vunder AS\"},\"image\":{\"@id\":\"https:\/\/hobstop.ee\/lt\/#\/schema\/logo\/image\/\"},\"sameAs\":[\"http:\/\/www.facebook.com\/VunderSkizze\"]}]}<\/script>\n<!-- \/ Yoast SEO plugin. -->","yoast_head_json":{"title":"Segiklis Maped Ergologic Compact &#8211; Skizze","robots":{"index":"noindex","follow":"follow","max-snippet":"max-snippet:-1","max-image-preview":"max-image-preview:large","max-video-preview":"max-video-preview:-1"},"og_locale":"lt_LT","og_type":"article","og_title":"Segiklis Maped Ergologic Compact &#8211; Skizze","og_description":"Su segikliu \u201eErgologic\u201c, \u201eMaped\u201c pristato pirm\u0105j\u0105 kartu su profesionaliais ergonomikos konsultantais sukurt\u0105 biuro reikmen\u0173 linij\u0105. Patogi rankena, i\u0161skirtinis komfortas \u2013 visiems tinkantys auk\u0161\u010diausios kokyb\u0117s produktai! Atrama yra dengta mink\u0161ta med\u017eiaga, tod\u0117l naudoti yra labai patogu. Yra nuo u\u017esikirtimo saugantis mechanizmas, dvi s\u0105sag\u0117li\u0173 eil\u0117s.","og_url":"https:\/\/hobstop.ee\/lt\/produktas\/segiklis-maped-ergologic-compact\/","og_site_name":"Skizze","article_publisher":"http:\/\/www.facebook.com\/VunderSkizze","og_image":[{"width":1024,"height":768,"url":"https:\/\/hobstop.ee\/media\/2318.jpg","type":"image\/jpeg"}],"twitter_card":"summary_large_image","schema":{"@context":"https:\/\/schema.org","@graph":[{"@type":"WebPage","@id":"https:\/\/hobstop.ee\/lt\/produktas\/segiklis-maped-ergologic-compact\/","url":"https:\/\/hobstop.ee\/lt\/produktas\/segiklis-maped-ergologic-compact\/","name":"Segiklis Maped Ergologic Compact &#8211; Skizze","isPartOf":{"@id":"https:\/\/hobstop.ee\/lt\/#website"},"primaryImageOfPage":{"@id":"https:\/\/hobstop.ee\/lt\/produktas\/segiklis-maped-ergologic-compact\/#primaryimage"},"image":{"@id":"https:\/\/hobstop.ee\/lt\/produktas\/segiklis-maped-ergologic-compact\/#primaryimage"},"thumbnailUrl":"https:\/\/hobstop.ee\/media\/2318.jpg","datePublished":"2014-12-09T10:58:35+00:00","dateModified":"2014-12-09T10:58:35+00:00","breadcrumb":{"@id":"https:\/\/hobstop.ee\/lt\/produktas\/segiklis-maped-ergologic-compact\/#breadcrumb"},"inLanguage":"lt","potentialAction":[{"@type":"ReadAction","target":["https:\/\/hobstop.ee\/lt\/produktas\/segiklis-maped-ergologic-compact\/"]}]},{"@type":"ImageObject","inLanguage":"lt","@id":"https:\/\/hobstop.ee\/lt\/produktas\/segiklis-maped-ergologic-compact\/#primaryimage","url":"https:\/\/hobstop.ee\/media\/2318.jpg","contentUrl":"https:\/\/hobstop.ee\/media\/2318.jpg","width":1024,"height":768},{"@type":"BreadcrumbList","@id":"https:\/\/hobstop.ee\/lt\/produktas\/segiklis-maped-ergologic-compact\/#breadcrumb","itemListElement":[{"@type":"ListItem","position":1,"name":"Avaleht","item":"https:\/\/hobstop.ee\/lt\/"},{"@type":"ListItem","position":2,"name":"Parduotuv\u0117","item":"https:\/\/hobstop.ee\/lt\/parduotuve\/"},{"@type":"ListItem","position":3,"name":"Segiklis Maped Ergologic Compact"}]},{"@type":"WebSite","@id":"https:\/\/hobstop.ee\/lt\/#website","url":"https:\/\/hobstop.ee\/lt\/","name":"Skizze","description":"Dail\u0117s, pom\u0117gi\u0173 ir mokykliniai reikm\u0117nys","publisher":{"@id":"https:\/\/hobstop.ee\/lt\/#organization"},"potentialAction":[{"@type":"SearchAction","target":{"@type":"EntryPoint","urlTemplate":"https:\/\/hobstop.ee\/lt\/?s={search_term_string}"},"query-input":{"@type":"PropertyValueSpecification","valueRequired":true,"valueName":"search_term_string"}}],"inLanguage":"lt"},{"@type":"Organization","@id":"https:\/\/hobstop.ee\/lt\/#organization","name":"Vunder AS","url":"https:\/\/hobstop.ee\/lt\/","logo":{"@type":"ImageObject","inLanguage":"lt","@id":"https:\/\/hobstop.ee\/lt\/#\/schema\/logo\/image\/","url":"https:\/\/hobstop.ee\/media\/vunder-logo.png","contentUrl":"https:\/\/hobstop.ee\/media\/vunder-logo.png","width":127,"height":55,"caption":"Vunder AS"},"image":{"@id":"https:\/\/hobstop.ee\/lt\/#\/schema\/logo\/image\/"},"sameAs":["http:\/\/www.facebook.com\/VunderSkizze"]}]}},"_links":{"self":[{"href":"https:\/\/hobstop.ee\/lt\/wp-json\/wp\/v2\/product\/61270","targetHints":{"allow":["GET"]}}],"collection":[{"href":"https:\/\/hobstop.ee\/lt\/wp-json\/wp\/v2\/product"}],"about":[{"href":"https:\/\/hobstop.ee\/lt\/wp-json\/wp\/v2\/types\/product"}],"replies":[{"embeddable":true,"href":"https:\/\/hobstop.ee\/lt\/wp-json\/wp\/v2\/comments?post=61270"}],"wp:featuredmedia":[{"embeddable":true,"href":"https:\/\/hobstop.ee\/lt\/wp-json\/wp\/v2\/media\/104539"}],"wp:attachment":[{"href":"https:\/\/hobstop.ee\/lt\/wp-json\/wp\/v2\/media?parent=61270"}],"wp:term":[{"taxonomy":"product_cat","embeddable":true,"href":"https:\/\/hobstop.ee\/lt\/wp-json\/wp\/v2\/product_cat?post=61270"},{"taxonomy":"product_tag","embeddable":true,"href":"https:\/\/hobstop.ee\/lt\/wp-json\/wp\/v2\/product_tag?post=61270"}],"curies":[{"name":"wp","href":"https:\/\/api.w.org\/{rel}","templated":true}]}}