{"id":61299,"date":"2014-12-09T12:58:43","date_gmt":"2014-12-09T10:58:43","guid":{"rendered":"https:\/\/sharks.ee\/vunder_2019.klient.veebimajutus.ee\/?post_type=product&#038;p=61299"},"modified":"2014-12-09T12:58:43","modified_gmt":"2014-12-09T10:58:43","slug":"kaligrafijos-rinkinys-classic-calligraphy","status":"publish","type":"product","link":"https:\/\/hobstop.ee\/lt\/produktas\/kaligrafijos-rinkinys-classic-calligraphy\/","title":{"rendered":"Kaligrafijos rinkinys Classic Calligraphy"},"content":{"rendered":"<p>Kaligrafijos rinkinys \u201eManuscript Classic\u201c su klasikiniu ra\u0161ikliu, ra\u0161alo kapsul\u0117mis ir d\u0117klu yra puiki dovana pradedantiesiems kaligrafams praktikuotis ir mokytis kaligrafijos. Rinkinyje yra 5 kokybi\u0161kos plunksnos, kuriomis gal\u0117site i\u0161bandyti \u012fvairi\u0173 \u0161rift\u0173 dyd\u017eius, stili\u0173 ir spalvas.<\/p>\n<p>Rinkinyje yra:<br \/>\nPlona (0.85mm) plunksna<br \/>\nVidutin\u0117 (1.1mm) plunksna<br \/>\nPlati (1.35mm) plunksna<br \/>\n2B (1.6mm) plunksna<br \/>\n4B (2.8mm) plunksna<br \/>\nKlasikinis parkeris<br \/>\nJuodo ra\u0161alo kapsul\u0117s (parkeriui) (tarptautinis dydis)<br \/>\nRa\u0161alo keitiklis (parkeriui)<br \/>\nNaudojimo instrukcija<br \/>\nD\u0117\u017eut\u0117<\/p>\n","protected":false},"excerpt":{"rendered":"<p>Kaligrafijos rinkinys \u201eManuscript Classic\u201c su klasikiniu ra\u0161ikliu, ra\u0161alo kapsul\u0117mis ir d\u0117klu yra puiki dovana pradedantiesiems kaligrafams praktikuotis ir mokytis kaligrafijos. Rinkinyje yra 5 kokybi\u0161kos plunksnos, kuriomis gal\u0117site i\u0161bandyti \u012fvairi\u0173 \u0161rift\u0173 dyd\u017eius, stili\u0173 ir spalvas. Rinkinyje yra: Plona (0.85mm) plunksna Vidutin\u0117 (1.1mm) plunksna Plati (1.35mm) plunksna 2B (1.6mm) plunksna 4B (2.8mm) plunksna Klasikinis parkeris Juodo ra\u0161alo kapsul\u0117s (parkeriui) (tarptautinis dydis) Ra\u0161alo keitiklis (parkeriui) Naudojimo instrukcija D\u0117\u017eut\u0117<\/p>\n","protected":false},"featured_media":293922,"comment_status":"closed","ping_status":"closed","template":"","meta":{"_acf_changed":false,"ep_exclude_from_search":false},"product_cat":[16124,14880,18605],"product_tag":[],"class_list":{"0":"post-61299","1":"product","2":"type-product","3":"status-publish","4":"has-post-thumbnail","6":"product_cat-dailes-prekes","7":"product_cat-kiirkoitjad","8":"product_cat-parkeriai","10":"first","11":"instock","12":"taxable","13":"shipping-taxable","14":"purchasable","15":"product-type-variable"},"acf":[],"yoast_head":"<!-- This site is optimized with the Yoast SEO plugin v24.1 - https:\/\/yoast.com\/wordpress\/plugins\/seo\/ -->\n<title>Kaligrafijos rinkinys Classic Calligraphy &#8211; Skizze<\/title>\n<meta name=\"robots\" content=\"noindex, follow, max-snippet:-1, max-image-preview:large, max-video-preview:-1\" \/>\n<meta property=\"og:locale\" content=\"lt_LT\" \/>\n<meta property=\"og:type\" content=\"article\" \/>\n<meta property=\"og:title\" content=\"Kaligrafijos rinkinys Classic Calligraphy &#8211; Skizze\" \/>\n<meta property=\"og:description\" content=\"Kaligrafijos rinkinys \u201eManuscript Classic\u201c su klasikiniu ra\u0161ikliu, ra\u0161alo kapsul\u0117mis ir d\u0117klu yra puiki dovana pradedantiesiems kaligrafams praktikuotis ir mokytis kaligrafijos. Rinkinyje yra 5 kokybi\u0161kos plunksnos, kuriomis gal\u0117site i\u0161bandyti \u012fvairi\u0173 \u0161rift\u0173 dyd\u017eius, stili\u0173 ir spalvas. Rinkinyje yra: Plona (0.85mm) plunksna Vidutin\u0117 (1.1mm) plunksna Plati (1.35mm) plunksna 2B (1.6mm) plunksna 4B (2.8mm) plunksna Klasikinis parkeris Juodo ra\u0161alo kapsul\u0117s (parkeriui) (tarptautinis dydis) Ra\u0161alo keitiklis (parkeriui) Naudojimo instrukcija D\u0117\u017eut\u0117\" \/>\n<meta property=\"og:url\" content=\"https:\/\/hobstop.ee\/lt\/produktas\/kaligrafijos-rinkinys-classic-calligraphy\/\" \/>\n<meta property=\"og:site_name\" content=\"Skizze\" \/>\n<meta property=\"article:publisher\" content=\"http:\/\/www.facebook.com\/VunderSkizze\" \/>\n<meta property=\"og:image\" content=\"https:\/\/hobstop.ee\/media\/2346.jpg\" \/>\n\t<meta property=\"og:image:width\" content=\"1024\" \/>\n\t<meta property=\"og:image:height\" content=\"768\" \/>\n\t<meta property=\"og:image:type\" content=\"image\/jpeg\" \/>\n<meta name=\"twitter:card\" content=\"summary_large_image\" \/>\n<script type=\"application\/ld+json\" class=\"yoast-schema-graph\">{\"@context\":\"https:\/\/schema.org\",\"@graph\":[{\"@type\":\"WebPage\",\"@id\":\"https:\/\/hobstop.ee\/lt\/produktas\/kaligrafijos-rinkinys-classic-calligraphy\/\",\"url\":\"https:\/\/hobstop.ee\/lt\/produktas\/kaligrafijos-rinkinys-classic-calligraphy\/\",\"name\":\"Kaligrafijos rinkinys Classic Calligraphy &#8211; Skizze\",\"isPartOf\":{\"@id\":\"https:\/\/hobstop.ee\/lt\/#website\"},\"primaryImageOfPage\":{\"@id\":\"https:\/\/hobstop.ee\/lt\/produktas\/kaligrafijos-rinkinys-classic-calligraphy\/#primaryimage\"},\"image\":{\"@id\":\"https:\/\/hobstop.ee\/lt\/produktas\/kaligrafijos-rinkinys-classic-calligraphy\/#primaryimage\"},\"thumbnailUrl\":\"https:\/\/hobstop.ee\/media\/2346.jpg\",\"datePublished\":\"2014-12-09T10:58:43+00:00\",\"dateModified\":\"2014-12-09T10:58:43+00:00\",\"breadcrumb\":{\"@id\":\"https:\/\/hobstop.ee\/lt\/produktas\/kaligrafijos-rinkinys-classic-calligraphy\/#breadcrumb\"},\"inLanguage\":\"lt\",\"potentialAction\":[{\"@type\":\"ReadAction\",\"target\":[\"https:\/\/hobstop.ee\/lt\/produktas\/kaligrafijos-rinkinys-classic-calligraphy\/\"]}]},{\"@type\":\"ImageObject\",\"inLanguage\":\"lt\",\"@id\":\"https:\/\/hobstop.ee\/lt\/produktas\/kaligrafijos-rinkinys-classic-calligraphy\/#primaryimage\",\"url\":\"https:\/\/hobstop.ee\/media\/2346.jpg\",\"contentUrl\":\"https:\/\/hobstop.ee\/media\/2346.jpg\",\"width\":1024,\"height\":768},{\"@type\":\"BreadcrumbList\",\"@id\":\"https:\/\/hobstop.ee\/lt\/produktas\/kaligrafijos-rinkinys-classic-calligraphy\/#breadcrumb\",\"itemListElement\":[{\"@type\":\"ListItem\",\"position\":1,\"name\":\"Avaleht\",\"item\":\"https:\/\/hobstop.ee\/lt\/\"},{\"@type\":\"ListItem\",\"position\":2,\"name\":\"Parduotuv\u0117\",\"item\":\"https:\/\/hobstop.ee\/lt\/parduotuve\/\"},{\"@type\":\"ListItem\",\"position\":3,\"name\":\"Kaligrafijos rinkinys Classic Calligraphy\"}]},{\"@type\":\"WebSite\",\"@id\":\"https:\/\/hobstop.ee\/lt\/#website\",\"url\":\"https:\/\/hobstop.ee\/lt\/\",\"name\":\"Skizze\",\"description\":\"Dail\u0117s, pom\u0117gi\u0173 ir mokykliniai reikm\u0117nys\",\"publisher\":{\"@id\":\"https:\/\/hobstop.ee\/lt\/#organization\"},\"potentialAction\":[{\"@type\":\"SearchAction\",\"target\":{\"@type\":\"EntryPoint\",\"urlTemplate\":\"https:\/\/hobstop.ee\/lt\/?s={search_term_string}\"},\"query-input\":{\"@type\":\"PropertyValueSpecification\",\"valueRequired\":true,\"valueName\":\"search_term_string\"}}],\"inLanguage\":\"lt\"},{\"@type\":\"Organization\",\"@id\":\"https:\/\/hobstop.ee\/lt\/#organization\",\"name\":\"Vunder AS\",\"url\":\"https:\/\/hobstop.ee\/lt\/\",\"logo\":{\"@type\":\"ImageObject\",\"inLanguage\":\"lt\",\"@id\":\"https:\/\/hobstop.ee\/lt\/#\/schema\/logo\/image\/\",\"url\":\"https:\/\/hobstop.ee\/media\/vunder-logo.png\",\"contentUrl\":\"https:\/\/hobstop.ee\/media\/vunder-logo.png\",\"width\":127,\"height\":55,\"caption\":\"Vunder AS\"},\"image\":{\"@id\":\"https:\/\/hobstop.ee\/lt\/#\/schema\/logo\/image\/\"},\"sameAs\":[\"http:\/\/www.facebook.com\/VunderSkizze\"]}]}<\/script>\n<!-- \/ Yoast SEO plugin. -->","yoast_head_json":{"title":"Kaligrafijos rinkinys Classic Calligraphy &#8211; Skizze","robots":{"index":"noindex","follow":"follow","max-snippet":"max-snippet:-1","max-image-preview":"max-image-preview:large","max-video-preview":"max-video-preview:-1"},"og_locale":"lt_LT","og_type":"article","og_title":"Kaligrafijos rinkinys Classic Calligraphy &#8211; Skizze","og_description":"Kaligrafijos rinkinys \u201eManuscript Classic\u201c su klasikiniu ra\u0161ikliu, ra\u0161alo kapsul\u0117mis ir d\u0117klu yra puiki dovana pradedantiesiems kaligrafams praktikuotis ir mokytis kaligrafijos. Rinkinyje yra 5 kokybi\u0161kos plunksnos, kuriomis gal\u0117site i\u0161bandyti \u012fvairi\u0173 \u0161rift\u0173 dyd\u017eius, stili\u0173 ir spalvas. Rinkinyje yra: Plona (0.85mm) plunksna Vidutin\u0117 (1.1mm) plunksna Plati (1.35mm) plunksna 2B (1.6mm) plunksna 4B (2.8mm) plunksna Klasikinis parkeris Juodo ra\u0161alo kapsul\u0117s (parkeriui) (tarptautinis dydis) Ra\u0161alo keitiklis (parkeriui) Naudojimo instrukcija D\u0117\u017eut\u0117","og_url":"https:\/\/hobstop.ee\/lt\/produktas\/kaligrafijos-rinkinys-classic-calligraphy\/","og_site_name":"Skizze","article_publisher":"http:\/\/www.facebook.com\/VunderSkizze","og_image":[{"width":1024,"height":768,"url":"https:\/\/hobstop.ee\/media\/2346.jpg","type":"image\/jpeg"}],"twitter_card":"summary_large_image","schema":{"@context":"https:\/\/schema.org","@graph":[{"@type":"WebPage","@id":"https:\/\/hobstop.ee\/lt\/produktas\/kaligrafijos-rinkinys-classic-calligraphy\/","url":"https:\/\/hobstop.ee\/lt\/produktas\/kaligrafijos-rinkinys-classic-calligraphy\/","name":"Kaligrafijos rinkinys Classic Calligraphy &#8211; Skizze","isPartOf":{"@id":"https:\/\/hobstop.ee\/lt\/#website"},"primaryImageOfPage":{"@id":"https:\/\/hobstop.ee\/lt\/produktas\/kaligrafijos-rinkinys-classic-calligraphy\/#primaryimage"},"image":{"@id":"https:\/\/hobstop.ee\/lt\/produktas\/kaligrafijos-rinkinys-classic-calligraphy\/#primaryimage"},"thumbnailUrl":"https:\/\/hobstop.ee\/media\/2346.jpg","datePublished":"2014-12-09T10:58:43+00:00","dateModified":"2014-12-09T10:58:43+00:00","breadcrumb":{"@id":"https:\/\/hobstop.ee\/lt\/produktas\/kaligrafijos-rinkinys-classic-calligraphy\/#breadcrumb"},"inLanguage":"lt","potentialAction":[{"@type":"ReadAction","target":["https:\/\/hobstop.ee\/lt\/produktas\/kaligrafijos-rinkinys-classic-calligraphy\/"]}]},{"@type":"ImageObject","inLanguage":"lt","@id":"https:\/\/hobstop.ee\/lt\/produktas\/kaligrafijos-rinkinys-classic-calligraphy\/#primaryimage","url":"https:\/\/hobstop.ee\/media\/2346.jpg","contentUrl":"https:\/\/hobstop.ee\/media\/2346.jpg","width":1024,"height":768},{"@type":"BreadcrumbList","@id":"https:\/\/hobstop.ee\/lt\/produktas\/kaligrafijos-rinkinys-classic-calligraphy\/#breadcrumb","itemListElement":[{"@type":"ListItem","position":1,"name":"Avaleht","item":"https:\/\/hobstop.ee\/lt\/"},{"@type":"ListItem","position":2,"name":"Parduotuv\u0117","item":"https:\/\/hobstop.ee\/lt\/parduotuve\/"},{"@type":"ListItem","position":3,"name":"Kaligrafijos rinkinys Classic Calligraphy"}]},{"@type":"WebSite","@id":"https:\/\/hobstop.ee\/lt\/#website","url":"https:\/\/hobstop.ee\/lt\/","name":"Skizze","description":"Dail\u0117s, pom\u0117gi\u0173 ir mokykliniai reikm\u0117nys","publisher":{"@id":"https:\/\/hobstop.ee\/lt\/#organization"},"potentialAction":[{"@type":"SearchAction","target":{"@type":"EntryPoint","urlTemplate":"https:\/\/hobstop.ee\/lt\/?s={search_term_string}"},"query-input":{"@type":"PropertyValueSpecification","valueRequired":true,"valueName":"search_term_string"}}],"inLanguage":"lt"},{"@type":"Organization","@id":"https:\/\/hobstop.ee\/lt\/#organization","name":"Vunder AS","url":"https:\/\/hobstop.ee\/lt\/","logo":{"@type":"ImageObject","inLanguage":"lt","@id":"https:\/\/hobstop.ee\/lt\/#\/schema\/logo\/image\/","url":"https:\/\/hobstop.ee\/media\/vunder-logo.png","contentUrl":"https:\/\/hobstop.ee\/media\/vunder-logo.png","width":127,"height":55,"caption":"Vunder AS"},"image":{"@id":"https:\/\/hobstop.ee\/lt\/#\/schema\/logo\/image\/"},"sameAs":["http:\/\/www.facebook.com\/VunderSkizze"]}]}},"_links":{"self":[{"href":"https:\/\/hobstop.ee\/lt\/wp-json\/wp\/v2\/product\/61299","targetHints":{"allow":["GET"]}}],"collection":[{"href":"https:\/\/hobstop.ee\/lt\/wp-json\/wp\/v2\/product"}],"about":[{"href":"https:\/\/hobstop.ee\/lt\/wp-json\/wp\/v2\/types\/product"}],"replies":[{"embeddable":true,"href":"https:\/\/hobstop.ee\/lt\/wp-json\/wp\/v2\/comments?post=61299"}],"wp:featuredmedia":[{"embeddable":true,"href":"https:\/\/hobstop.ee\/lt\/wp-json\/wp\/v2\/media\/293922"}],"wp:attachment":[{"href":"https:\/\/hobstop.ee\/lt\/wp-json\/wp\/v2\/media?parent=61299"}],"wp:term":[{"taxonomy":"product_cat","embeddable":true,"href":"https:\/\/hobstop.ee\/lt\/wp-json\/wp\/v2\/product_cat?post=61299"},{"taxonomy":"product_tag","embeddable":true,"href":"https:\/\/hobstop.ee\/lt\/wp-json\/wp\/v2\/product_tag?post=61299"}],"curies":[{"name":"wp","href":"https:\/\/api.w.org\/{rel}","templated":true}]}}