{"id":61356,"date":"2014-12-09T12:59:22","date_gmt":"2014-12-09T10:59:22","guid":{"rendered":"https:\/\/sharks.ee\/vunder_2019.klient.veebimajutus.ee\/?post_type=product&#038;p=61356"},"modified":"2014-12-09T12:59:22","modified_gmt":"2014-12-09T10:59:22","slug":"silkas-ritinyje-crepe-georgette-8","status":"publish","type":"product","link":"https:\/\/hobstop.ee\/lt\/produktas\/silkas-ritinyje-crepe-georgette-8\/","title":{"rendered":"\u0160ilkas ritinyje Crepe Georgette 8"},"content":{"rendered":"<p>Cr\u00eape Georgette 08 yra pats lengviausias i\u0161 \u017eor\u017eetini\u0173 audini\u0173. Jis turi \u0161ilkin\u012f matin\u012f blizges\u012f, labai mink\u0161tai krinta , b\u016bdingos i\u0161vaizdos. Pusiau permatomas, labai mink\u0161tai krintantis, ir, kaip visi \u0161ilkiniai krepai, yra ma\u017eai glam\u017eus, tod\u0117l \u017eor\u017eetas itin tinka \u0161ilkiniams \u0161alik\u0117liams ir skarel\u0117ms si\u016bti, i\u0161 jo da\u017enai siuvamos palaidin\u0117s. Da\u017eai po \u017eor\u017eet\u0105 sklinda ir atsiskleid\u017eia labai gerai. J\u012f galima da\u017eyti visomis tapybos at \u0161ilko technikomis. Puikiai tinka Nuno technika atliekamiems darbams. Nuno veltoje pus\u0117je yra nuostabios fakt\u016bros pavir\u0161ius, kuris primena paslapting\u0105 samanomis padengt\u0105 viet\u0105.<br \/>\nAtsiminkite, kad susuktas audinio plau\u0161as skalbimo ir da\u017eymo metu i\u0161brinksta, tod\u0117l gana susitraukia.<\/p>\n","protected":false},"excerpt":{"rendered":"<p>Cr\u00eape Georgette 08 yra pats lengviausias i\u0161 \u017eor\u017eetini\u0173 audini\u0173. Jis turi \u0161ilkin\u012f matin\u012f blizges\u012f, labai mink\u0161tai krinta , b\u016bdingos i\u0161vaizdos. Pusiau permatomas, labai mink\u0161tai krintantis, ir, kaip visi \u0161ilkiniai krepai, yra ma\u017eai glam\u017eus, tod\u0117l \u017eor\u017eetas itin tinka \u0161ilkiniams \u0161alik\u0117liams ir skarel\u0117ms si\u016bti, i\u0161 jo da\u017enai siuvamos palaidin\u0117s. Da\u017eai po \u017eor\u017eet\u0105 sklinda ir atsiskleid\u017eia labai gerai. J\u012f galima da\u017eyti visomis tapybos at \u0161ilko technikomis. Puikiai tinka Nuno technika atliekamiems darbams. Nuno veltoje pus\u0117je yra nuostabios fakt\u016bros pavir\u0161ius, kuris primena paslapting\u0105 samanomis padengt\u0105 viet\u0105. Atsiminkite, kad susuktas audinio plau\u0161as skalbimo ir da\u017eymo metu i\u0161brinksta, tod\u0117l gana susitraukia.<\/p>\n","protected":false},"featured_media":146926,"comment_status":"closed","ping_status":"closed","template":"","meta":{"_acf_changed":false,"ep_exclude_from_search":false},"product_cat":[17919,14986,18306],"product_tag":[],"class_list":{"0":"post-61356","1":"product","2":"type-product","3":"status-publish","4":"has-post-thumbnail","6":"product_cat-pomegiu-prekes","7":"product_cat-ruosinys","8":"product_cat-silkas","10":"first","11":"instock","12":"taxable","13":"shipping-taxable","14":"purchasable","15":"product-type-variable"},"acf":[],"yoast_head":"<!-- This site is optimized with the Yoast SEO plugin v24.1 - https:\/\/yoast.com\/wordpress\/plugins\/seo\/ -->\n<title>\u0160ilkas ritinyje Crepe Georgette 8 &#8211; Skizze<\/title>\n<meta name=\"robots\" content=\"noindex, follow, max-snippet:-1, max-image-preview:large, max-video-preview:-1\" \/>\n<meta property=\"og:locale\" content=\"lt_LT\" \/>\n<meta property=\"og:type\" content=\"article\" \/>\n<meta property=\"og:title\" content=\"\u0160ilkas ritinyje Crepe Georgette 8 &#8211; Skizze\" \/>\n<meta property=\"og:description\" content=\"Cr\u00eape Georgette 08 yra pats lengviausias i\u0161 \u017eor\u017eetini\u0173 audini\u0173. Jis turi \u0161ilkin\u012f matin\u012f blizges\u012f, labai mink\u0161tai krinta , b\u016bdingos i\u0161vaizdos. Pusiau permatomas, labai mink\u0161tai krintantis, ir, kaip visi \u0161ilkiniai krepai, yra ma\u017eai glam\u017eus, tod\u0117l \u017eor\u017eetas itin tinka \u0161ilkiniams \u0161alik\u0117liams ir skarel\u0117ms si\u016bti, i\u0161 jo da\u017enai siuvamos palaidin\u0117s. Da\u017eai po \u017eor\u017eet\u0105 sklinda ir atsiskleid\u017eia labai gerai. J\u012f galima da\u017eyti visomis tapybos at \u0161ilko technikomis. Puikiai tinka Nuno technika atliekamiems darbams. Nuno veltoje pus\u0117je yra nuostabios fakt\u016bros pavir\u0161ius, kuris primena paslapting\u0105 samanomis padengt\u0105 viet\u0105. Atsiminkite, kad susuktas audinio plau\u0161as skalbimo ir da\u017eymo metu i\u0161brinksta, tod\u0117l gana susitraukia.\" \/>\n<meta property=\"og:url\" content=\"https:\/\/hobstop.ee\/lt\/produktas\/silkas-ritinyje-crepe-georgette-8\/\" \/>\n<meta property=\"og:site_name\" content=\"Skizze\" \/>\n<meta property=\"article:publisher\" content=\"http:\/\/www.facebook.com\/VunderSkizze\" \/>\n<meta property=\"article:modified_time\" content=\"2014-12-09T10:59:22+00:00\" \/>\n<meta property=\"og:image\" content=\"https:\/\/hobstop.ee\/media\/2448.jpg\" \/>\n\t<meta property=\"og:image:width\" content=\"270\" \/>\n\t<meta property=\"og:image:height\" content=\"258\" \/>\n\t<meta property=\"og:image:type\" content=\"image\/jpeg\" \/>\n<meta name=\"twitter:card\" content=\"summary_large_image\" \/>\n<meta name=\"twitter:label1\" content=\"Est. reading time\" \/>\n\t<meta name=\"twitter:data1\" content=\"1 minute\" \/>\n<script type=\"application\/ld+json\" class=\"yoast-schema-graph\">{\"@context\":\"https:\/\/schema.org\",\"@graph\":[{\"@type\":\"WebPage\",\"@id\":\"https:\/\/hobstop.ee\/lt\/produktas\/silkas-ritinyje-crepe-georgette-8\/\",\"url\":\"https:\/\/hobstop.ee\/lt\/produktas\/silkas-ritinyje-crepe-georgette-8\/\",\"name\":\"\u0160ilkas ritinyje Crepe Georgette 8 &#8211; Skizze\",\"isPartOf\":{\"@id\":\"https:\/\/hobstop.ee\/lt\/#website\"},\"primaryImageOfPage\":{\"@id\":\"https:\/\/hobstop.ee\/lt\/produktas\/silkas-ritinyje-crepe-georgette-8\/#primaryimage\"},\"image\":{\"@id\":\"https:\/\/hobstop.ee\/lt\/produktas\/silkas-ritinyje-crepe-georgette-8\/#primaryimage\"},\"thumbnailUrl\":\"https:\/\/hobstop.ee\/media\/2448.jpg\",\"datePublished\":\"-0001-11-30T00:00:00+00:00\",\"dateModified\":\"2014-12-09T10:59:22+00:00\",\"breadcrumb\":{\"@id\":\"https:\/\/hobstop.ee\/lt\/produktas\/silkas-ritinyje-crepe-georgette-8\/#breadcrumb\"},\"inLanguage\":\"lt\",\"potentialAction\":[{\"@type\":\"ReadAction\",\"target\":[\"https:\/\/hobstop.ee\/lt\/produktas\/silkas-ritinyje-crepe-georgette-8\/\"]}]},{\"@type\":\"ImageObject\",\"inLanguage\":\"lt\",\"@id\":\"https:\/\/hobstop.ee\/lt\/produktas\/silkas-ritinyje-crepe-georgette-8\/#primaryimage\",\"url\":\"https:\/\/hobstop.ee\/media\/2448.jpg\",\"contentUrl\":\"https:\/\/hobstop.ee\/media\/2448.jpg\",\"width\":270,\"height\":258},{\"@type\":\"BreadcrumbList\",\"@id\":\"https:\/\/hobstop.ee\/lt\/produktas\/silkas-ritinyje-crepe-georgette-8\/#breadcrumb\",\"itemListElement\":[{\"@type\":\"ListItem\",\"position\":1,\"name\":\"Avaleht\",\"item\":\"https:\/\/hobstop.ee\/lt\/\"},{\"@type\":\"ListItem\",\"position\":2,\"name\":\"Parduotuv\u0117\",\"item\":\"https:\/\/hobstop.ee\/lt\/parduotuve\/\"},{\"@type\":\"ListItem\",\"position\":3,\"name\":\"\u0160ilkas ritinyje Crepe Georgette 8\"}]},{\"@type\":\"WebSite\",\"@id\":\"https:\/\/hobstop.ee\/lt\/#website\",\"url\":\"https:\/\/hobstop.ee\/lt\/\",\"name\":\"Skizze\",\"description\":\"Dail\u0117s, pom\u0117gi\u0173 ir mokykliniai reikm\u0117nys\",\"publisher\":{\"@id\":\"https:\/\/hobstop.ee\/lt\/#organization\"},\"potentialAction\":[{\"@type\":\"SearchAction\",\"target\":{\"@type\":\"EntryPoint\",\"urlTemplate\":\"https:\/\/hobstop.ee\/lt\/?s={search_term_string}\"},\"query-input\":{\"@type\":\"PropertyValueSpecification\",\"valueRequired\":true,\"valueName\":\"search_term_string\"}}],\"inLanguage\":\"lt\"},{\"@type\":\"Organization\",\"@id\":\"https:\/\/hobstop.ee\/lt\/#organization\",\"name\":\"Vunder AS\",\"url\":\"https:\/\/hobstop.ee\/lt\/\",\"logo\":{\"@type\":\"ImageObject\",\"inLanguage\":\"lt\",\"@id\":\"https:\/\/hobstop.ee\/lt\/#\/schema\/logo\/image\/\",\"url\":\"https:\/\/hobstop.ee\/media\/vunder-logo.png\",\"contentUrl\":\"https:\/\/hobstop.ee\/media\/vunder-logo.png\",\"width\":127,\"height\":55,\"caption\":\"Vunder AS\"},\"image\":{\"@id\":\"https:\/\/hobstop.ee\/lt\/#\/schema\/logo\/image\/\"},\"sameAs\":[\"http:\/\/www.facebook.com\/VunderSkizze\"]}]}<\/script>\n<!-- \/ Yoast SEO plugin. -->","yoast_head_json":{"title":"\u0160ilkas ritinyje Crepe Georgette 8 &#8211; Skizze","robots":{"index":"noindex","follow":"follow","max-snippet":"max-snippet:-1","max-image-preview":"max-image-preview:large","max-video-preview":"max-video-preview:-1"},"og_locale":"lt_LT","og_type":"article","og_title":"\u0160ilkas ritinyje Crepe Georgette 8 &#8211; Skizze","og_description":"Cr\u00eape Georgette 08 yra pats lengviausias i\u0161 \u017eor\u017eetini\u0173 audini\u0173. Jis turi \u0161ilkin\u012f matin\u012f blizges\u012f, labai mink\u0161tai krinta , b\u016bdingos i\u0161vaizdos. Pusiau permatomas, labai mink\u0161tai krintantis, ir, kaip visi \u0161ilkiniai krepai, yra ma\u017eai glam\u017eus, tod\u0117l \u017eor\u017eetas itin tinka \u0161ilkiniams \u0161alik\u0117liams ir skarel\u0117ms si\u016bti, i\u0161 jo da\u017enai siuvamos palaidin\u0117s. Da\u017eai po \u017eor\u017eet\u0105 sklinda ir atsiskleid\u017eia labai gerai. J\u012f galima da\u017eyti visomis tapybos at \u0161ilko technikomis. Puikiai tinka Nuno technika atliekamiems darbams. Nuno veltoje pus\u0117je yra nuostabios fakt\u016bros pavir\u0161ius, kuris primena paslapting\u0105 samanomis padengt\u0105 viet\u0105. Atsiminkite, kad susuktas audinio plau\u0161as skalbimo ir da\u017eymo metu i\u0161brinksta, tod\u0117l gana susitraukia.","og_url":"https:\/\/hobstop.ee\/lt\/produktas\/silkas-ritinyje-crepe-georgette-8\/","og_site_name":"Skizze","article_publisher":"http:\/\/www.facebook.com\/VunderSkizze","article_modified_time":"2014-12-09T10:59:22+00:00","og_image":[{"width":270,"height":258,"url":"https:\/\/hobstop.ee\/media\/2448.jpg","type":"image\/jpeg"}],"twitter_card":"summary_large_image","twitter_misc":{"Est. reading time":"1 minute"},"schema":{"@context":"https:\/\/schema.org","@graph":[{"@type":"WebPage","@id":"https:\/\/hobstop.ee\/lt\/produktas\/silkas-ritinyje-crepe-georgette-8\/","url":"https:\/\/hobstop.ee\/lt\/produktas\/silkas-ritinyje-crepe-georgette-8\/","name":"\u0160ilkas ritinyje Crepe Georgette 8 &#8211; Skizze","isPartOf":{"@id":"https:\/\/hobstop.ee\/lt\/#website"},"primaryImageOfPage":{"@id":"https:\/\/hobstop.ee\/lt\/produktas\/silkas-ritinyje-crepe-georgette-8\/#primaryimage"},"image":{"@id":"https:\/\/hobstop.ee\/lt\/produktas\/silkas-ritinyje-crepe-georgette-8\/#primaryimage"},"thumbnailUrl":"https:\/\/hobstop.ee\/media\/2448.jpg","datePublished":"-0001-11-30T00:00:00+00:00","dateModified":"2014-12-09T10:59:22+00:00","breadcrumb":{"@id":"https:\/\/hobstop.ee\/lt\/produktas\/silkas-ritinyje-crepe-georgette-8\/#breadcrumb"},"inLanguage":"lt","potentialAction":[{"@type":"ReadAction","target":["https:\/\/hobstop.ee\/lt\/produktas\/silkas-ritinyje-crepe-georgette-8\/"]}]},{"@type":"ImageObject","inLanguage":"lt","@id":"https:\/\/hobstop.ee\/lt\/produktas\/silkas-ritinyje-crepe-georgette-8\/#primaryimage","url":"https:\/\/hobstop.ee\/media\/2448.jpg","contentUrl":"https:\/\/hobstop.ee\/media\/2448.jpg","width":270,"height":258},{"@type":"BreadcrumbList","@id":"https:\/\/hobstop.ee\/lt\/produktas\/silkas-ritinyje-crepe-georgette-8\/#breadcrumb","itemListElement":[{"@type":"ListItem","position":1,"name":"Avaleht","item":"https:\/\/hobstop.ee\/lt\/"},{"@type":"ListItem","position":2,"name":"Parduotuv\u0117","item":"https:\/\/hobstop.ee\/lt\/parduotuve\/"},{"@type":"ListItem","position":3,"name":"\u0160ilkas ritinyje Crepe Georgette 8"}]},{"@type":"WebSite","@id":"https:\/\/hobstop.ee\/lt\/#website","url":"https:\/\/hobstop.ee\/lt\/","name":"Skizze","description":"Dail\u0117s, pom\u0117gi\u0173 ir mokykliniai reikm\u0117nys","publisher":{"@id":"https:\/\/hobstop.ee\/lt\/#organization"},"potentialAction":[{"@type":"SearchAction","target":{"@type":"EntryPoint","urlTemplate":"https:\/\/hobstop.ee\/lt\/?s={search_term_string}"},"query-input":{"@type":"PropertyValueSpecification","valueRequired":true,"valueName":"search_term_string"}}],"inLanguage":"lt"},{"@type":"Organization","@id":"https:\/\/hobstop.ee\/lt\/#organization","name":"Vunder AS","url":"https:\/\/hobstop.ee\/lt\/","logo":{"@type":"ImageObject","inLanguage":"lt","@id":"https:\/\/hobstop.ee\/lt\/#\/schema\/logo\/image\/","url":"https:\/\/hobstop.ee\/media\/vunder-logo.png","contentUrl":"https:\/\/hobstop.ee\/media\/vunder-logo.png","width":127,"height":55,"caption":"Vunder AS"},"image":{"@id":"https:\/\/hobstop.ee\/lt\/#\/schema\/logo\/image\/"},"sameAs":["http:\/\/www.facebook.com\/VunderSkizze"]}]}},"_links":{"self":[{"href":"https:\/\/hobstop.ee\/lt\/wp-json\/wp\/v2\/product\/61356","targetHints":{"allow":["GET"]}}],"collection":[{"href":"https:\/\/hobstop.ee\/lt\/wp-json\/wp\/v2\/product"}],"about":[{"href":"https:\/\/hobstop.ee\/lt\/wp-json\/wp\/v2\/types\/product"}],"replies":[{"embeddable":true,"href":"https:\/\/hobstop.ee\/lt\/wp-json\/wp\/v2\/comments?post=61356"}],"wp:featuredmedia":[{"embeddable":true,"href":"https:\/\/hobstop.ee\/lt\/wp-json\/wp\/v2\/media\/146926"}],"wp:attachment":[{"href":"https:\/\/hobstop.ee\/lt\/wp-json\/wp\/v2\/media?parent=61356"}],"wp:term":[{"taxonomy":"product_cat","embeddable":true,"href":"https:\/\/hobstop.ee\/lt\/wp-json\/wp\/v2\/product_cat?post=61356"},{"taxonomy":"product_tag","embeddable":true,"href":"https:\/\/hobstop.ee\/lt\/wp-json\/wp\/v2\/product_tag?post=61356"}],"curies":[{"name":"wp","href":"https:\/\/api.w.org\/{rel}","templated":true}]}}