{"id":61359,"date":"2014-12-09T12:59:27","date_gmt":"2014-12-09T10:59:27","guid":{"rendered":"https:\/\/sharks.ee\/vunder_2019.klient.veebimajutus.ee\/?post_type=product&#038;p=61359"},"modified":"2014-12-09T12:59:27","modified_gmt":"2014-12-09T10:59:27","slug":"pastelinis-piestukas-conte-a-paris-metaline-dezute","status":"publish","type":"product","link":"https:\/\/hobstop.ee\/lt\/produktas\/pastelinis-piestukas-conte-a-paris-metaline-dezute\/","title":{"rendered":"Pastelinis pie\u0161tukas Conte a Paris metalin\u0117 d\u0117\u017eut\u0117"},"content":{"rendered":"<p>Pastelinio pie\u0161tuko \u201eConte a Paris\u201c 5 mm \u0161erdel\u0117s skersmuo suteikia visi\u0161k\u0105 ir nevar\u017eom\u0105 k\u016brybos laisv\u0119. Tai puikus mink\u0161t\u0173 pasteli\u0173 priedas, nes j\u0173 \u0161erdel\u0117 yra \u0161iek tiek kietesn\u0117  su ma\u017eiau pigmento. Pie\u0161iant ma\u017eo ir vidutinio formato detales tinka geriau nei \u201eCont\u00e9\u201c mink\u0161tos pastel\u0117s arba kreidel\u0117s. Skirtingai nuo mink\u0161t\u0173 pasteli\u0173, pasteliniu pie\u0161tuku nereikia pie\u0161ti sluoksniais, ta\u010diau reik\u0117t\u0173 pie\u0161ti spalvotas d\u0117mes viena \u0161alia kitos, kad spalvos nesusitept\u0173.<\/p>\n","protected":false},"excerpt":{"rendered":"<p>Pastelinio pie\u0161tuko \u201eConte a Paris\u201c 5 mm \u0161erdel\u0117s skersmuo suteikia visi\u0161k\u0105 ir nevar\u017eom\u0105 k\u016brybos laisv\u0119. Tai puikus mink\u0161t\u0173 pasteli\u0173 priedas, nes j\u0173 \u0161erdel\u0117 yra \u0161iek tiek kietesn\u0117 su ma\u017eiau pigmento. Pie\u0161iant ma\u017eo ir vidutinio formato detales tinka geriau nei \u201eCont\u00e9\u201c mink\u0161tos pastel\u0117s arba kreidel\u0117s. Skirtingai nuo mink\u0161t\u0173 pasteli\u0173, pasteliniu pie\u0161tuku nereikia pie\u0161ti sluoksniais, ta\u010diau reik\u0117t\u0173 pie\u0161ti spalvotas d\u0117mes viena \u0161alia kitos, kad spalvos nesusitept\u0173.<\/p>\n","protected":false},"featured_media":104795,"comment_status":"closed","ping_status":"closed","template":"","meta":{"_acf_changed":false,"ep_exclude_from_search":false},"product_cat":[16124,14952,18932],"product_tag":[],"class_list":{"0":"post-61359","1":"product","2":"type-product","3":"status-publish","4":"has-post-thumbnail","6":"product_cat-dailes-prekes","7":"product_cat-koolikotid-ja-pinalid","8":"product_cat-piesimo-reikmenys-3","10":"first","11":"instock","12":"taxable","13":"shipping-taxable","14":"purchasable","15":"product-type-variable"},"acf":[],"yoast_head":"<!-- This site is optimized with the Yoast SEO plugin v24.1 - https:\/\/yoast.com\/wordpress\/plugins\/seo\/ -->\n<title>Pastelinis pie\u0161tukas Conte a Paris metalin\u0117 d\u0117\u017eut\u0117 &#8211; Skizze<\/title>\n<meta name=\"robots\" content=\"noindex, follow, max-snippet:-1, max-image-preview:large, max-video-preview:-1\" \/>\n<meta property=\"og:locale\" content=\"lt_LT\" \/>\n<meta property=\"og:type\" content=\"article\" \/>\n<meta property=\"og:title\" content=\"Pastelinis pie\u0161tukas Conte a Paris metalin\u0117 d\u0117\u017eut\u0117 &#8211; Skizze\" \/>\n<meta property=\"og:description\" content=\"Pastelinio pie\u0161tuko \u201eConte a Paris\u201c 5 mm \u0161erdel\u0117s skersmuo suteikia visi\u0161k\u0105 ir nevar\u017eom\u0105 k\u016brybos laisv\u0119. Tai puikus mink\u0161t\u0173 pasteli\u0173 priedas, nes j\u0173 \u0161erdel\u0117 yra \u0161iek tiek kietesn\u0117 su ma\u017eiau pigmento. Pie\u0161iant ma\u017eo ir vidutinio formato detales tinka geriau nei \u201eCont\u00e9\u201c mink\u0161tos pastel\u0117s arba kreidel\u0117s. Skirtingai nuo mink\u0161t\u0173 pasteli\u0173, pasteliniu pie\u0161tuku nereikia pie\u0161ti sluoksniais, ta\u010diau reik\u0117t\u0173 pie\u0161ti spalvotas d\u0117mes viena \u0161alia kitos, kad spalvos nesusitept\u0173.\" \/>\n<meta property=\"og:url\" content=\"https:\/\/hobstop.ee\/lt\/produktas\/pastelinis-piestukas-conte-a-paris-metaline-dezute\/\" \/>\n<meta property=\"og:site_name\" content=\"Skizze\" \/>\n<meta property=\"article:publisher\" content=\"http:\/\/www.facebook.com\/VunderSkizze\" \/>\n<meta property=\"og:image\" content=\"https:\/\/hobstop.ee\/media\/2464.jpg\" \/>\n\t<meta property=\"og:image:width\" content=\"1024\" \/>\n\t<meta property=\"og:image:height\" content=\"768\" \/>\n\t<meta property=\"og:image:type\" content=\"image\/jpeg\" \/>\n<meta name=\"twitter:card\" content=\"summary_large_image\" \/>\n<script type=\"application\/ld+json\" class=\"yoast-schema-graph\">{\"@context\":\"https:\/\/schema.org\",\"@graph\":[{\"@type\":\"WebPage\",\"@id\":\"https:\/\/hobstop.ee\/lt\/produktas\/pastelinis-piestukas-conte-a-paris-metaline-dezute\/\",\"url\":\"https:\/\/hobstop.ee\/lt\/produktas\/pastelinis-piestukas-conte-a-paris-metaline-dezute\/\",\"name\":\"Pastelinis pie\u0161tukas Conte a Paris metalin\u0117 d\u0117\u017eut\u0117 &#8211; Skizze\",\"isPartOf\":{\"@id\":\"https:\/\/hobstop.ee\/lt\/#website\"},\"primaryImageOfPage\":{\"@id\":\"https:\/\/hobstop.ee\/lt\/produktas\/pastelinis-piestukas-conte-a-paris-metaline-dezute\/#primaryimage\"},\"image\":{\"@id\":\"https:\/\/hobstop.ee\/lt\/produktas\/pastelinis-piestukas-conte-a-paris-metaline-dezute\/#primaryimage\"},\"thumbnailUrl\":\"https:\/\/hobstop.ee\/media\/2464.jpg\",\"datePublished\":\"2014-12-09T10:59:27+00:00\",\"dateModified\":\"2014-12-09T10:59:27+00:00\",\"breadcrumb\":{\"@id\":\"https:\/\/hobstop.ee\/lt\/produktas\/pastelinis-piestukas-conte-a-paris-metaline-dezute\/#breadcrumb\"},\"inLanguage\":\"lt\",\"potentialAction\":[{\"@type\":\"ReadAction\",\"target\":[\"https:\/\/hobstop.ee\/lt\/produktas\/pastelinis-piestukas-conte-a-paris-metaline-dezute\/\"]}]},{\"@type\":\"ImageObject\",\"inLanguage\":\"lt\",\"@id\":\"https:\/\/hobstop.ee\/lt\/produktas\/pastelinis-piestukas-conte-a-paris-metaline-dezute\/#primaryimage\",\"url\":\"https:\/\/hobstop.ee\/media\/2464.jpg\",\"contentUrl\":\"https:\/\/hobstop.ee\/media\/2464.jpg\",\"width\":1024,\"height\":768},{\"@type\":\"BreadcrumbList\",\"@id\":\"https:\/\/hobstop.ee\/lt\/produktas\/pastelinis-piestukas-conte-a-paris-metaline-dezute\/#breadcrumb\",\"itemListElement\":[{\"@type\":\"ListItem\",\"position\":1,\"name\":\"Avaleht\",\"item\":\"https:\/\/hobstop.ee\/lt\/\"},{\"@type\":\"ListItem\",\"position\":2,\"name\":\"Parduotuv\u0117\",\"item\":\"https:\/\/hobstop.ee\/lt\/parduotuve\/\"},{\"@type\":\"ListItem\",\"position\":3,\"name\":\"Pastelinis pie\u0161tukas Conte a Paris metalin\u0117 d\u0117\u017eut\u0117\"}]},{\"@type\":\"WebSite\",\"@id\":\"https:\/\/hobstop.ee\/lt\/#website\",\"url\":\"https:\/\/hobstop.ee\/lt\/\",\"name\":\"Skizze\",\"description\":\"Dail\u0117s, pom\u0117gi\u0173 ir mokykliniai reikm\u0117nys\",\"publisher\":{\"@id\":\"https:\/\/hobstop.ee\/lt\/#organization\"},\"potentialAction\":[{\"@type\":\"SearchAction\",\"target\":{\"@type\":\"EntryPoint\",\"urlTemplate\":\"https:\/\/hobstop.ee\/lt\/?s={search_term_string}\"},\"query-input\":{\"@type\":\"PropertyValueSpecification\",\"valueRequired\":true,\"valueName\":\"search_term_string\"}}],\"inLanguage\":\"lt\"},{\"@type\":\"Organization\",\"@id\":\"https:\/\/hobstop.ee\/lt\/#organization\",\"name\":\"Vunder AS\",\"url\":\"https:\/\/hobstop.ee\/lt\/\",\"logo\":{\"@type\":\"ImageObject\",\"inLanguage\":\"lt\",\"@id\":\"https:\/\/hobstop.ee\/lt\/#\/schema\/logo\/image\/\",\"url\":\"https:\/\/hobstop.ee\/media\/vunder-logo.png\",\"contentUrl\":\"https:\/\/hobstop.ee\/media\/vunder-logo.png\",\"width\":127,\"height\":55,\"caption\":\"Vunder AS\"},\"image\":{\"@id\":\"https:\/\/hobstop.ee\/lt\/#\/schema\/logo\/image\/\"},\"sameAs\":[\"http:\/\/www.facebook.com\/VunderSkizze\"]}]}<\/script>\n<!-- \/ Yoast SEO plugin. -->","yoast_head_json":{"title":"Pastelinis pie\u0161tukas Conte a Paris metalin\u0117 d\u0117\u017eut\u0117 &#8211; Skizze","robots":{"index":"noindex","follow":"follow","max-snippet":"max-snippet:-1","max-image-preview":"max-image-preview:large","max-video-preview":"max-video-preview:-1"},"og_locale":"lt_LT","og_type":"article","og_title":"Pastelinis pie\u0161tukas Conte a Paris metalin\u0117 d\u0117\u017eut\u0117 &#8211; Skizze","og_description":"Pastelinio pie\u0161tuko \u201eConte a Paris\u201c 5 mm \u0161erdel\u0117s skersmuo suteikia visi\u0161k\u0105 ir nevar\u017eom\u0105 k\u016brybos laisv\u0119. Tai puikus mink\u0161t\u0173 pasteli\u0173 priedas, nes j\u0173 \u0161erdel\u0117 yra \u0161iek tiek kietesn\u0117 su ma\u017eiau pigmento. Pie\u0161iant ma\u017eo ir vidutinio formato detales tinka geriau nei \u201eCont\u00e9\u201c mink\u0161tos pastel\u0117s arba kreidel\u0117s. Skirtingai nuo mink\u0161t\u0173 pasteli\u0173, pasteliniu pie\u0161tuku nereikia pie\u0161ti sluoksniais, ta\u010diau reik\u0117t\u0173 pie\u0161ti spalvotas d\u0117mes viena \u0161alia kitos, kad spalvos nesusitept\u0173.","og_url":"https:\/\/hobstop.ee\/lt\/produktas\/pastelinis-piestukas-conte-a-paris-metaline-dezute\/","og_site_name":"Skizze","article_publisher":"http:\/\/www.facebook.com\/VunderSkizze","og_image":[{"width":1024,"height":768,"url":"https:\/\/hobstop.ee\/media\/2464.jpg","type":"image\/jpeg"}],"twitter_card":"summary_large_image","schema":{"@context":"https:\/\/schema.org","@graph":[{"@type":"WebPage","@id":"https:\/\/hobstop.ee\/lt\/produktas\/pastelinis-piestukas-conte-a-paris-metaline-dezute\/","url":"https:\/\/hobstop.ee\/lt\/produktas\/pastelinis-piestukas-conte-a-paris-metaline-dezute\/","name":"Pastelinis pie\u0161tukas Conte a Paris metalin\u0117 d\u0117\u017eut\u0117 &#8211; Skizze","isPartOf":{"@id":"https:\/\/hobstop.ee\/lt\/#website"},"primaryImageOfPage":{"@id":"https:\/\/hobstop.ee\/lt\/produktas\/pastelinis-piestukas-conte-a-paris-metaline-dezute\/#primaryimage"},"image":{"@id":"https:\/\/hobstop.ee\/lt\/produktas\/pastelinis-piestukas-conte-a-paris-metaline-dezute\/#primaryimage"},"thumbnailUrl":"https:\/\/hobstop.ee\/media\/2464.jpg","datePublished":"2014-12-09T10:59:27+00:00","dateModified":"2014-12-09T10:59:27+00:00","breadcrumb":{"@id":"https:\/\/hobstop.ee\/lt\/produktas\/pastelinis-piestukas-conte-a-paris-metaline-dezute\/#breadcrumb"},"inLanguage":"lt","potentialAction":[{"@type":"ReadAction","target":["https:\/\/hobstop.ee\/lt\/produktas\/pastelinis-piestukas-conte-a-paris-metaline-dezute\/"]}]},{"@type":"ImageObject","inLanguage":"lt","@id":"https:\/\/hobstop.ee\/lt\/produktas\/pastelinis-piestukas-conte-a-paris-metaline-dezute\/#primaryimage","url":"https:\/\/hobstop.ee\/media\/2464.jpg","contentUrl":"https:\/\/hobstop.ee\/media\/2464.jpg","width":1024,"height":768},{"@type":"BreadcrumbList","@id":"https:\/\/hobstop.ee\/lt\/produktas\/pastelinis-piestukas-conte-a-paris-metaline-dezute\/#breadcrumb","itemListElement":[{"@type":"ListItem","position":1,"name":"Avaleht","item":"https:\/\/hobstop.ee\/lt\/"},{"@type":"ListItem","position":2,"name":"Parduotuv\u0117","item":"https:\/\/hobstop.ee\/lt\/parduotuve\/"},{"@type":"ListItem","position":3,"name":"Pastelinis pie\u0161tukas Conte a Paris metalin\u0117 d\u0117\u017eut\u0117"}]},{"@type":"WebSite","@id":"https:\/\/hobstop.ee\/lt\/#website","url":"https:\/\/hobstop.ee\/lt\/","name":"Skizze","description":"Dail\u0117s, pom\u0117gi\u0173 ir mokykliniai reikm\u0117nys","publisher":{"@id":"https:\/\/hobstop.ee\/lt\/#organization"},"potentialAction":[{"@type":"SearchAction","target":{"@type":"EntryPoint","urlTemplate":"https:\/\/hobstop.ee\/lt\/?s={search_term_string}"},"query-input":{"@type":"PropertyValueSpecification","valueRequired":true,"valueName":"search_term_string"}}],"inLanguage":"lt"},{"@type":"Organization","@id":"https:\/\/hobstop.ee\/lt\/#organization","name":"Vunder AS","url":"https:\/\/hobstop.ee\/lt\/","logo":{"@type":"ImageObject","inLanguage":"lt","@id":"https:\/\/hobstop.ee\/lt\/#\/schema\/logo\/image\/","url":"https:\/\/hobstop.ee\/media\/vunder-logo.png","contentUrl":"https:\/\/hobstop.ee\/media\/vunder-logo.png","width":127,"height":55,"caption":"Vunder AS"},"image":{"@id":"https:\/\/hobstop.ee\/lt\/#\/schema\/logo\/image\/"},"sameAs":["http:\/\/www.facebook.com\/VunderSkizze"]}]}},"_links":{"self":[{"href":"https:\/\/hobstop.ee\/lt\/wp-json\/wp\/v2\/product\/61359","targetHints":{"allow":["GET"]}}],"collection":[{"href":"https:\/\/hobstop.ee\/lt\/wp-json\/wp\/v2\/product"}],"about":[{"href":"https:\/\/hobstop.ee\/lt\/wp-json\/wp\/v2\/types\/product"}],"replies":[{"embeddable":true,"href":"https:\/\/hobstop.ee\/lt\/wp-json\/wp\/v2\/comments?post=61359"}],"wp:featuredmedia":[{"embeddable":true,"href":"https:\/\/hobstop.ee\/lt\/wp-json\/wp\/v2\/media\/104795"}],"wp:attachment":[{"href":"https:\/\/hobstop.ee\/lt\/wp-json\/wp\/v2\/media?parent=61359"}],"wp:term":[{"taxonomy":"product_cat","embeddable":true,"href":"https:\/\/hobstop.ee\/lt\/wp-json\/wp\/v2\/product_cat?post=61359"},{"taxonomy":"product_tag","embeddable":true,"href":"https:\/\/hobstop.ee\/lt\/wp-json\/wp\/v2\/product_tag?post=61359"}],"curies":[{"name":"wp","href":"https:\/\/api.w.org\/{rel}","templated":true}]}}