{"id":61368,"date":"2014-12-09T12:59:29","date_gmt":"2014-12-09T10:59:29","guid":{"rendered":"https:\/\/sharks.ee\/vunder_2019.klient.veebimajutus.ee\/?post_type=product&#038;p=61368"},"modified":"2014-12-09T12:59:29","modified_gmt":"2014-12-09T10:59:29","slug":"eskizinis-piestukas-conte-a-paris-pierre-noire","status":"publish","type":"product","link":"https:\/\/hobstop.ee\/lt\/produktas\/eskizinis-piestukas-conte-a-paris-pierre-noire\/","title":{"rendered":"Eskizinis pie\u0161tukas Conte a Paris Pierre Noire"},"content":{"rendered":"<p>Mink\u0161tas, gilios ir patvarios juodos matin\u0117s spalvos pie\u0161tukas \u201eConte a Paris Pierre Noire\u201c. Itin vertinamas u\u017e nekintan\u010dias savybes pie\u0161iant ant \u012fvairi\u0173 pavir\u0161i\u0173: eskizinio bloknoto lap\u0173, vyniojamojo popieriaus, linin\u0117s drob\u0117s por\u0117mio ir t.t. A\u0161triai nusmailintu pie\u0161tuku nupie\u0161ite gyv\u0105 ir tiksl\u0173 pie\u0161in\u012f, \u0161iek tiek atbukusiu \u2013 spontani\u0161k\u0105 ir laisv\u0105 paveiksl\u0105. Rekomenduojamas aktams, peiza\u017eams ir eskizams pie\u0161ti.<\/p>\n","protected":false},"excerpt":{"rendered":"<p>Mink\u0161tas, gilios ir patvarios juodos matin\u0117s spalvos pie\u0161tukas \u201eConte a Paris Pierre Noire\u201c. Itin vertinamas u\u017e nekintan\u010dias savybes pie\u0161iant ant \u012fvairi\u0173 pavir\u0161i\u0173: eskizinio bloknoto lap\u0173, vyniojamojo popieriaus, linin\u0117s drob\u0117s por\u0117mio ir t.t. A\u0161triai nusmailintu pie\u0161tuku nupie\u0161ite gyv\u0105 ir tiksl\u0173 pie\u0161in\u012f, \u0161iek tiek atbukusiu \u2013 spontani\u0161k\u0105 ir laisv\u0105 paveiksl\u0105. Rekomenduojamas aktams, peiza\u017eams ir eskizams pie\u0161ti.<\/p>\n","protected":false},"featured_media":104807,"comment_status":"closed","ping_status":"closed","template":"","meta":{"_acf_changed":false,"ep_exclude_from_search":false},"product_cat":[16124,18992,18932],"product_tag":[],"class_list":{"0":"post-61368","1":"product","2":"type-product","3":"status-publish","4":"has-post-thumbnail","6":"product_cat-dailes-prekes","7":"product_cat-eskiziniai-piestukai","8":"product_cat-piesimo-reikmenys-3","10":"first","11":"instock","12":"taxable","13":"shipping-taxable","14":"purchasable","15":"product-type-variable"},"acf":[],"yoast_head":"<!-- This site is optimized with the Yoast SEO plugin v24.1 - https:\/\/yoast.com\/wordpress\/plugins\/seo\/ -->\n<title>Eskizinis pie\u0161tukas Conte a Paris Pierre Noire &#8211; Skizze<\/title>\n<meta name=\"robots\" content=\"noindex, follow, max-snippet:-1, max-image-preview:large, max-video-preview:-1\" \/>\n<meta property=\"og:locale\" content=\"lt_LT\" \/>\n<meta property=\"og:type\" content=\"article\" \/>\n<meta property=\"og:title\" content=\"Eskizinis pie\u0161tukas Conte a Paris Pierre Noire &#8211; Skizze\" \/>\n<meta property=\"og:description\" content=\"Mink\u0161tas, gilios ir patvarios juodos matin\u0117s spalvos pie\u0161tukas \u201eConte a Paris Pierre Noire\u201c. Itin vertinamas u\u017e nekintan\u010dias savybes pie\u0161iant ant \u012fvairi\u0173 pavir\u0161i\u0173: eskizinio bloknoto lap\u0173, vyniojamojo popieriaus, linin\u0117s drob\u0117s por\u0117mio ir t.t. A\u0161triai nusmailintu pie\u0161tuku nupie\u0161ite gyv\u0105 ir tiksl\u0173 pie\u0161in\u012f, \u0161iek tiek atbukusiu \u2013 spontani\u0161k\u0105 ir laisv\u0105 paveiksl\u0105. Rekomenduojamas aktams, peiza\u017eams ir eskizams pie\u0161ti.\" \/>\n<meta property=\"og:url\" content=\"https:\/\/hobstop.ee\/lt\/produktas\/eskizinis-piestukas-conte-a-paris-pierre-noire\/\" \/>\n<meta property=\"og:site_name\" content=\"Skizze\" \/>\n<meta property=\"article:publisher\" content=\"http:\/\/www.facebook.com\/VunderSkizze\" \/>\n<meta property=\"og:image\" content=\"https:\/\/hobstop.ee\/media\/2467.jpg\" \/>\n\t<meta property=\"og:image:width\" content=\"1024\" \/>\n\t<meta property=\"og:image:height\" content=\"768\" \/>\n\t<meta property=\"og:image:type\" content=\"image\/jpeg\" \/>\n<meta name=\"twitter:card\" content=\"summary_large_image\" \/>\n<script type=\"application\/ld+json\" class=\"yoast-schema-graph\">{\"@context\":\"https:\/\/schema.org\",\"@graph\":[{\"@type\":\"WebPage\",\"@id\":\"https:\/\/hobstop.ee\/lt\/produktas\/eskizinis-piestukas-conte-a-paris-pierre-noire\/\",\"url\":\"https:\/\/hobstop.ee\/lt\/produktas\/eskizinis-piestukas-conte-a-paris-pierre-noire\/\",\"name\":\"Eskizinis pie\u0161tukas Conte a Paris Pierre Noire &#8211; Skizze\",\"isPartOf\":{\"@id\":\"https:\/\/hobstop.ee\/lt\/#website\"},\"primaryImageOfPage\":{\"@id\":\"https:\/\/hobstop.ee\/lt\/produktas\/eskizinis-piestukas-conte-a-paris-pierre-noire\/#primaryimage\"},\"image\":{\"@id\":\"https:\/\/hobstop.ee\/lt\/produktas\/eskizinis-piestukas-conte-a-paris-pierre-noire\/#primaryimage\"},\"thumbnailUrl\":\"https:\/\/hobstop.ee\/media\/2467.jpg\",\"datePublished\":\"2014-12-09T10:59:29+00:00\",\"dateModified\":\"2014-12-09T10:59:29+00:00\",\"breadcrumb\":{\"@id\":\"https:\/\/hobstop.ee\/lt\/produktas\/eskizinis-piestukas-conte-a-paris-pierre-noire\/#breadcrumb\"},\"inLanguage\":\"lt\",\"potentialAction\":[{\"@type\":\"ReadAction\",\"target\":[\"https:\/\/hobstop.ee\/lt\/produktas\/eskizinis-piestukas-conte-a-paris-pierre-noire\/\"]}]},{\"@type\":\"ImageObject\",\"inLanguage\":\"lt\",\"@id\":\"https:\/\/hobstop.ee\/lt\/produktas\/eskizinis-piestukas-conte-a-paris-pierre-noire\/#primaryimage\",\"url\":\"https:\/\/hobstop.ee\/media\/2467.jpg\",\"contentUrl\":\"https:\/\/hobstop.ee\/media\/2467.jpg\",\"width\":1024,\"height\":768},{\"@type\":\"BreadcrumbList\",\"@id\":\"https:\/\/hobstop.ee\/lt\/produktas\/eskizinis-piestukas-conte-a-paris-pierre-noire\/#breadcrumb\",\"itemListElement\":[{\"@type\":\"ListItem\",\"position\":1,\"name\":\"Avaleht\",\"item\":\"https:\/\/hobstop.ee\/lt\/\"},{\"@type\":\"ListItem\",\"position\":2,\"name\":\"Parduotuv\u0117\",\"item\":\"https:\/\/hobstop.ee\/lt\/parduotuve\/\"},{\"@type\":\"ListItem\",\"position\":3,\"name\":\"Eskizinis pie\u0161tukas Conte a Paris Pierre Noire\"}]},{\"@type\":\"WebSite\",\"@id\":\"https:\/\/hobstop.ee\/lt\/#website\",\"url\":\"https:\/\/hobstop.ee\/lt\/\",\"name\":\"Skizze\",\"description\":\"Dail\u0117s, pom\u0117gi\u0173 ir mokykliniai reikm\u0117nys\",\"publisher\":{\"@id\":\"https:\/\/hobstop.ee\/lt\/#organization\"},\"potentialAction\":[{\"@type\":\"SearchAction\",\"target\":{\"@type\":\"EntryPoint\",\"urlTemplate\":\"https:\/\/hobstop.ee\/lt\/?s={search_term_string}\"},\"query-input\":{\"@type\":\"PropertyValueSpecification\",\"valueRequired\":true,\"valueName\":\"search_term_string\"}}],\"inLanguage\":\"lt\"},{\"@type\":\"Organization\",\"@id\":\"https:\/\/hobstop.ee\/lt\/#organization\",\"name\":\"Vunder AS\",\"url\":\"https:\/\/hobstop.ee\/lt\/\",\"logo\":{\"@type\":\"ImageObject\",\"inLanguage\":\"lt\",\"@id\":\"https:\/\/hobstop.ee\/lt\/#\/schema\/logo\/image\/\",\"url\":\"https:\/\/hobstop.ee\/media\/vunder-logo.png\",\"contentUrl\":\"https:\/\/hobstop.ee\/media\/vunder-logo.png\",\"width\":127,\"height\":55,\"caption\":\"Vunder AS\"},\"image\":{\"@id\":\"https:\/\/hobstop.ee\/lt\/#\/schema\/logo\/image\/\"},\"sameAs\":[\"http:\/\/www.facebook.com\/VunderSkizze\"]}]}<\/script>\n<!-- \/ Yoast SEO plugin. -->","yoast_head_json":{"title":"Eskizinis pie\u0161tukas Conte a Paris Pierre Noire &#8211; Skizze","robots":{"index":"noindex","follow":"follow","max-snippet":"max-snippet:-1","max-image-preview":"max-image-preview:large","max-video-preview":"max-video-preview:-1"},"og_locale":"lt_LT","og_type":"article","og_title":"Eskizinis pie\u0161tukas Conte a Paris Pierre Noire &#8211; Skizze","og_description":"Mink\u0161tas, gilios ir patvarios juodos matin\u0117s spalvos pie\u0161tukas \u201eConte a Paris Pierre Noire\u201c. Itin vertinamas u\u017e nekintan\u010dias savybes pie\u0161iant ant \u012fvairi\u0173 pavir\u0161i\u0173: eskizinio bloknoto lap\u0173, vyniojamojo popieriaus, linin\u0117s drob\u0117s por\u0117mio ir t.t. A\u0161triai nusmailintu pie\u0161tuku nupie\u0161ite gyv\u0105 ir tiksl\u0173 pie\u0161in\u012f, \u0161iek tiek atbukusiu \u2013 spontani\u0161k\u0105 ir laisv\u0105 paveiksl\u0105. Rekomenduojamas aktams, peiza\u017eams ir eskizams pie\u0161ti.","og_url":"https:\/\/hobstop.ee\/lt\/produktas\/eskizinis-piestukas-conte-a-paris-pierre-noire\/","og_site_name":"Skizze","article_publisher":"http:\/\/www.facebook.com\/VunderSkizze","og_image":[{"width":1024,"height":768,"url":"https:\/\/hobstop.ee\/media\/2467.jpg","type":"image\/jpeg"}],"twitter_card":"summary_large_image","schema":{"@context":"https:\/\/schema.org","@graph":[{"@type":"WebPage","@id":"https:\/\/hobstop.ee\/lt\/produktas\/eskizinis-piestukas-conte-a-paris-pierre-noire\/","url":"https:\/\/hobstop.ee\/lt\/produktas\/eskizinis-piestukas-conte-a-paris-pierre-noire\/","name":"Eskizinis pie\u0161tukas Conte a Paris Pierre Noire &#8211; Skizze","isPartOf":{"@id":"https:\/\/hobstop.ee\/lt\/#website"},"primaryImageOfPage":{"@id":"https:\/\/hobstop.ee\/lt\/produktas\/eskizinis-piestukas-conte-a-paris-pierre-noire\/#primaryimage"},"image":{"@id":"https:\/\/hobstop.ee\/lt\/produktas\/eskizinis-piestukas-conte-a-paris-pierre-noire\/#primaryimage"},"thumbnailUrl":"https:\/\/hobstop.ee\/media\/2467.jpg","datePublished":"2014-12-09T10:59:29+00:00","dateModified":"2014-12-09T10:59:29+00:00","breadcrumb":{"@id":"https:\/\/hobstop.ee\/lt\/produktas\/eskizinis-piestukas-conte-a-paris-pierre-noire\/#breadcrumb"},"inLanguage":"lt","potentialAction":[{"@type":"ReadAction","target":["https:\/\/hobstop.ee\/lt\/produktas\/eskizinis-piestukas-conte-a-paris-pierre-noire\/"]}]},{"@type":"ImageObject","inLanguage":"lt","@id":"https:\/\/hobstop.ee\/lt\/produktas\/eskizinis-piestukas-conte-a-paris-pierre-noire\/#primaryimage","url":"https:\/\/hobstop.ee\/media\/2467.jpg","contentUrl":"https:\/\/hobstop.ee\/media\/2467.jpg","width":1024,"height":768},{"@type":"BreadcrumbList","@id":"https:\/\/hobstop.ee\/lt\/produktas\/eskizinis-piestukas-conte-a-paris-pierre-noire\/#breadcrumb","itemListElement":[{"@type":"ListItem","position":1,"name":"Avaleht","item":"https:\/\/hobstop.ee\/lt\/"},{"@type":"ListItem","position":2,"name":"Parduotuv\u0117","item":"https:\/\/hobstop.ee\/lt\/parduotuve\/"},{"@type":"ListItem","position":3,"name":"Eskizinis pie\u0161tukas Conte a Paris Pierre Noire"}]},{"@type":"WebSite","@id":"https:\/\/hobstop.ee\/lt\/#website","url":"https:\/\/hobstop.ee\/lt\/","name":"Skizze","description":"Dail\u0117s, pom\u0117gi\u0173 ir mokykliniai reikm\u0117nys","publisher":{"@id":"https:\/\/hobstop.ee\/lt\/#organization"},"potentialAction":[{"@type":"SearchAction","target":{"@type":"EntryPoint","urlTemplate":"https:\/\/hobstop.ee\/lt\/?s={search_term_string}"},"query-input":{"@type":"PropertyValueSpecification","valueRequired":true,"valueName":"search_term_string"}}],"inLanguage":"lt"},{"@type":"Organization","@id":"https:\/\/hobstop.ee\/lt\/#organization","name":"Vunder AS","url":"https:\/\/hobstop.ee\/lt\/","logo":{"@type":"ImageObject","inLanguage":"lt","@id":"https:\/\/hobstop.ee\/lt\/#\/schema\/logo\/image\/","url":"https:\/\/hobstop.ee\/media\/vunder-logo.png","contentUrl":"https:\/\/hobstop.ee\/media\/vunder-logo.png","width":127,"height":55,"caption":"Vunder AS"},"image":{"@id":"https:\/\/hobstop.ee\/lt\/#\/schema\/logo\/image\/"},"sameAs":["http:\/\/www.facebook.com\/VunderSkizze"]}]}},"_links":{"self":[{"href":"https:\/\/hobstop.ee\/lt\/wp-json\/wp\/v2\/product\/61368","targetHints":{"allow":["GET"]}}],"collection":[{"href":"https:\/\/hobstop.ee\/lt\/wp-json\/wp\/v2\/product"}],"about":[{"href":"https:\/\/hobstop.ee\/lt\/wp-json\/wp\/v2\/types\/product"}],"replies":[{"embeddable":true,"href":"https:\/\/hobstop.ee\/lt\/wp-json\/wp\/v2\/comments?post=61368"}],"wp:featuredmedia":[{"embeddable":true,"href":"https:\/\/hobstop.ee\/lt\/wp-json\/wp\/v2\/media\/104807"}],"wp:attachment":[{"href":"https:\/\/hobstop.ee\/lt\/wp-json\/wp\/v2\/media?parent=61368"}],"wp:term":[{"taxonomy":"product_cat","embeddable":true,"href":"https:\/\/hobstop.ee\/lt\/wp-json\/wp\/v2\/product_cat?post=61368"},{"taxonomy":"product_tag","embeddable":true,"href":"https:\/\/hobstop.ee\/lt\/wp-json\/wp\/v2\/product_tag?post=61368"}],"curies":[{"name":"wp","href":"https:\/\/api.w.org\/{rel}","templated":true}]}}