{"id":61389,"date":"2014-12-09T12:59:41","date_gmt":"2014-12-09T10:59:41","guid":{"rendered":"https:\/\/sharks.ee\/vunder_2019.klient.veebimajutus.ee\/?post_type=product&#038;p=61389"},"modified":"2014-12-09T12:59:41","modified_gmt":"2014-12-09T10:59:41","slug":"grafito-pasta-liberon-250ml","status":"publish","type":"product","link":"https:\/\/hobstop.ee\/lt\/produktas\/grafito-pasta-liberon-250ml\/","title":{"rendered":"Grafito pasta Liberon 250ml"},"content":{"rendered":"<p>Grafito pasta yra skirta kalt\u0173 ir liet\u0173 metalo dirbini\u0173, pavyzd\u017eiui, senovini\u0173 daikt\u0173, \u017eidini\u0173, senovi\u0161k\u0173 \u017eidini\u0173 ir krosni\u0173 dureli\u0173, senovini\u0173 lygintuv\u0173 ir kepsnini\u0173 apdailai.<br \/>\nGrafito pasta saugo metalinius pavir\u0161ius nuo pelen\u0173, r\u016bd\u017ei\u0173 ir ne\u0161varum\u0173. Suteikia pilkai juod\u0105 senovin\u0119 spalv\u0105. Atspari auk\u0161tai temperat\u016brai (iki 700\u00b0C).<br \/>\nDengiamumas: 20m\u00b2\/L<br \/>\nD\u017eiuvimo laikas: 2 val.<br \/>\nDarbo priemon\u0117: teptukas<br \/>\nDarbo priemoni\u0173 valymas: spiritas<\/p>\n","protected":false},"excerpt":{"rendered":"<p>Grafito pasta yra skirta kalt\u0173 ir liet\u0173 metalo dirbini\u0173, pavyzd\u017eiui, senovini\u0173 daikt\u0173, \u017eidini\u0173, senovi\u0161k\u0173 \u017eidini\u0173 ir krosni\u0173 dureli\u0173, senovini\u0173 lygintuv\u0173 ir kepsnini\u0173 apdailai. Grafito pasta saugo metalinius pavir\u0161ius nuo pelen\u0173, r\u016bd\u017ei\u0173 ir ne\u0161varum\u0173. Suteikia pilkai juod\u0105 senovin\u0119 spalv\u0105. Atspari auk\u0161tai temperat\u016brai (iki 700\u00b0C). Dengiamumas: 20m\u00b2\/L D\u017eiuvimo laikas: 2 val. Darbo priemon\u0117: teptukas Darbo priemoni\u0173 valymas: spiritas<\/p>\n","protected":false},"featured_media":147006,"comment_status":"closed","ping_status":"closed","template":"","meta":{"_acf_changed":false,"ep_exclude_from_search":false},"product_cat":[15052,14971,18559],"product_tag":[],"class_list":{"0":"post-61389","1":"product","2":"type-product","3":"status-publish","4":"has-post-thumbnail","6":"product_cat-siseviimistlus","7":"product_cat-seemnehelmed","8":"product_cat-restauravimas-ir-apdaila","10":"first","11":"instock","12":"taxable","13":"shipping-taxable","14":"purchasable","15":"product-type-variable"},"acf":[],"yoast_head":"<!-- This site is optimized with the Yoast SEO plugin v24.1 - https:\/\/yoast.com\/wordpress\/plugins\/seo\/ -->\n<title>Grafito pasta Liberon 250ml &#8211; Skizze<\/title>\n<meta name=\"robots\" content=\"noindex, follow, max-snippet:-1, max-image-preview:large, max-video-preview:-1\" \/>\n<meta property=\"og:locale\" content=\"lt_LT\" \/>\n<meta property=\"og:type\" content=\"article\" \/>\n<meta property=\"og:title\" content=\"Grafito pasta Liberon 250ml &#8211; Skizze\" \/>\n<meta property=\"og:description\" content=\"Grafito pasta yra skirta kalt\u0173 ir liet\u0173 metalo dirbini\u0173, pavyzd\u017eiui, senovini\u0173 daikt\u0173, \u017eidini\u0173, senovi\u0161k\u0173 \u017eidini\u0173 ir krosni\u0173 dureli\u0173, senovini\u0173 lygintuv\u0173 ir kepsnini\u0173 apdailai. Grafito pasta saugo metalinius pavir\u0161ius nuo pelen\u0173, r\u016bd\u017ei\u0173 ir ne\u0161varum\u0173. Suteikia pilkai juod\u0105 senovin\u0119 spalv\u0105. Atspari auk\u0161tai temperat\u016brai (iki 700\u00b0C). Dengiamumas: 20m\u00b2\/L D\u017eiuvimo laikas: 2 val. Darbo priemon\u0117: teptukas Darbo priemoni\u0173 valymas: spiritas\" \/>\n<meta property=\"og:url\" content=\"https:\/\/hobstop.ee\/lt\/produktas\/grafito-pasta-liberon-250ml\/\" \/>\n<meta property=\"og:site_name\" content=\"Skizze\" \/>\n<meta property=\"article:publisher\" content=\"http:\/\/www.facebook.com\/VunderSkizze\" \/>\n<meta property=\"og:image\" content=\"https:\/\/hobstop.ee\/media\/2483.jpg\" \/>\n\t<meta property=\"og:image:width\" content=\"1024\" \/>\n\t<meta property=\"og:image:height\" content=\"768\" \/>\n\t<meta property=\"og:image:type\" content=\"image\/jpeg\" \/>\n<meta name=\"twitter:card\" content=\"summary_large_image\" \/>\n<script type=\"application\/ld+json\" class=\"yoast-schema-graph\">{\"@context\":\"https:\/\/schema.org\",\"@graph\":[{\"@type\":\"WebPage\",\"@id\":\"https:\/\/hobstop.ee\/lt\/produktas\/grafito-pasta-liberon-250ml\/\",\"url\":\"https:\/\/hobstop.ee\/lt\/produktas\/grafito-pasta-liberon-250ml\/\",\"name\":\"Grafito pasta Liberon 250ml &#8211; Skizze\",\"isPartOf\":{\"@id\":\"https:\/\/hobstop.ee\/lt\/#website\"},\"primaryImageOfPage\":{\"@id\":\"https:\/\/hobstop.ee\/lt\/produktas\/grafito-pasta-liberon-250ml\/#primaryimage\"},\"image\":{\"@id\":\"https:\/\/hobstop.ee\/lt\/produktas\/grafito-pasta-liberon-250ml\/#primaryimage\"},\"thumbnailUrl\":\"https:\/\/hobstop.ee\/media\/2483.jpg\",\"datePublished\":\"2014-12-09T10:59:41+00:00\",\"dateModified\":\"2014-12-09T10:59:41+00:00\",\"breadcrumb\":{\"@id\":\"https:\/\/hobstop.ee\/lt\/produktas\/grafito-pasta-liberon-250ml\/#breadcrumb\"},\"inLanguage\":\"lt\",\"potentialAction\":[{\"@type\":\"ReadAction\",\"target\":[\"https:\/\/hobstop.ee\/lt\/produktas\/grafito-pasta-liberon-250ml\/\"]}]},{\"@type\":\"ImageObject\",\"inLanguage\":\"lt\",\"@id\":\"https:\/\/hobstop.ee\/lt\/produktas\/grafito-pasta-liberon-250ml\/#primaryimage\",\"url\":\"https:\/\/hobstop.ee\/media\/2483.jpg\",\"contentUrl\":\"https:\/\/hobstop.ee\/media\/2483.jpg\",\"width\":1024,\"height\":768},{\"@type\":\"BreadcrumbList\",\"@id\":\"https:\/\/hobstop.ee\/lt\/produktas\/grafito-pasta-liberon-250ml\/#breadcrumb\",\"itemListElement\":[{\"@type\":\"ListItem\",\"position\":1,\"name\":\"Avaleht\",\"item\":\"https:\/\/hobstop.ee\/lt\/\"},{\"@type\":\"ListItem\",\"position\":2,\"name\":\"Parduotuv\u0117\",\"item\":\"https:\/\/hobstop.ee\/lt\/parduotuve\/\"},{\"@type\":\"ListItem\",\"position\":3,\"name\":\"Grafito pasta Liberon 250ml\"}]},{\"@type\":\"WebSite\",\"@id\":\"https:\/\/hobstop.ee\/lt\/#website\",\"url\":\"https:\/\/hobstop.ee\/lt\/\",\"name\":\"Skizze\",\"description\":\"Dail\u0117s, pom\u0117gi\u0173 ir mokykliniai reikm\u0117nys\",\"publisher\":{\"@id\":\"https:\/\/hobstop.ee\/lt\/#organization\"},\"potentialAction\":[{\"@type\":\"SearchAction\",\"target\":{\"@type\":\"EntryPoint\",\"urlTemplate\":\"https:\/\/hobstop.ee\/lt\/?s={search_term_string}\"},\"query-input\":{\"@type\":\"PropertyValueSpecification\",\"valueRequired\":true,\"valueName\":\"search_term_string\"}}],\"inLanguage\":\"lt\"},{\"@type\":\"Organization\",\"@id\":\"https:\/\/hobstop.ee\/lt\/#organization\",\"name\":\"Vunder AS\",\"url\":\"https:\/\/hobstop.ee\/lt\/\",\"logo\":{\"@type\":\"ImageObject\",\"inLanguage\":\"lt\",\"@id\":\"https:\/\/hobstop.ee\/lt\/#\/schema\/logo\/image\/\",\"url\":\"https:\/\/hobstop.ee\/media\/vunder-logo.png\",\"contentUrl\":\"https:\/\/hobstop.ee\/media\/vunder-logo.png\",\"width\":127,\"height\":55,\"caption\":\"Vunder AS\"},\"image\":{\"@id\":\"https:\/\/hobstop.ee\/lt\/#\/schema\/logo\/image\/\"},\"sameAs\":[\"http:\/\/www.facebook.com\/VunderSkizze\"]}]}<\/script>\n<!-- \/ Yoast SEO plugin. -->","yoast_head_json":{"title":"Grafito pasta Liberon 250ml &#8211; Skizze","robots":{"index":"noindex","follow":"follow","max-snippet":"max-snippet:-1","max-image-preview":"max-image-preview:large","max-video-preview":"max-video-preview:-1"},"og_locale":"lt_LT","og_type":"article","og_title":"Grafito pasta Liberon 250ml &#8211; Skizze","og_description":"Grafito pasta yra skirta kalt\u0173 ir liet\u0173 metalo dirbini\u0173, pavyzd\u017eiui, senovini\u0173 daikt\u0173, \u017eidini\u0173, senovi\u0161k\u0173 \u017eidini\u0173 ir krosni\u0173 dureli\u0173, senovini\u0173 lygintuv\u0173 ir kepsnini\u0173 apdailai. Grafito pasta saugo metalinius pavir\u0161ius nuo pelen\u0173, r\u016bd\u017ei\u0173 ir ne\u0161varum\u0173. Suteikia pilkai juod\u0105 senovin\u0119 spalv\u0105. Atspari auk\u0161tai temperat\u016brai (iki 700\u00b0C). Dengiamumas: 20m\u00b2\/L D\u017eiuvimo laikas: 2 val. Darbo priemon\u0117: teptukas Darbo priemoni\u0173 valymas: spiritas","og_url":"https:\/\/hobstop.ee\/lt\/produktas\/grafito-pasta-liberon-250ml\/","og_site_name":"Skizze","article_publisher":"http:\/\/www.facebook.com\/VunderSkizze","og_image":[{"width":1024,"height":768,"url":"https:\/\/hobstop.ee\/media\/2483.jpg","type":"image\/jpeg"}],"twitter_card":"summary_large_image","schema":{"@context":"https:\/\/schema.org","@graph":[{"@type":"WebPage","@id":"https:\/\/hobstop.ee\/lt\/produktas\/grafito-pasta-liberon-250ml\/","url":"https:\/\/hobstop.ee\/lt\/produktas\/grafito-pasta-liberon-250ml\/","name":"Grafito pasta Liberon 250ml &#8211; Skizze","isPartOf":{"@id":"https:\/\/hobstop.ee\/lt\/#website"},"primaryImageOfPage":{"@id":"https:\/\/hobstop.ee\/lt\/produktas\/grafito-pasta-liberon-250ml\/#primaryimage"},"image":{"@id":"https:\/\/hobstop.ee\/lt\/produktas\/grafito-pasta-liberon-250ml\/#primaryimage"},"thumbnailUrl":"https:\/\/hobstop.ee\/media\/2483.jpg","datePublished":"2014-12-09T10:59:41+00:00","dateModified":"2014-12-09T10:59:41+00:00","breadcrumb":{"@id":"https:\/\/hobstop.ee\/lt\/produktas\/grafito-pasta-liberon-250ml\/#breadcrumb"},"inLanguage":"lt","potentialAction":[{"@type":"ReadAction","target":["https:\/\/hobstop.ee\/lt\/produktas\/grafito-pasta-liberon-250ml\/"]}]},{"@type":"ImageObject","inLanguage":"lt","@id":"https:\/\/hobstop.ee\/lt\/produktas\/grafito-pasta-liberon-250ml\/#primaryimage","url":"https:\/\/hobstop.ee\/media\/2483.jpg","contentUrl":"https:\/\/hobstop.ee\/media\/2483.jpg","width":1024,"height":768},{"@type":"BreadcrumbList","@id":"https:\/\/hobstop.ee\/lt\/produktas\/grafito-pasta-liberon-250ml\/#breadcrumb","itemListElement":[{"@type":"ListItem","position":1,"name":"Avaleht","item":"https:\/\/hobstop.ee\/lt\/"},{"@type":"ListItem","position":2,"name":"Parduotuv\u0117","item":"https:\/\/hobstop.ee\/lt\/parduotuve\/"},{"@type":"ListItem","position":3,"name":"Grafito pasta Liberon 250ml"}]},{"@type":"WebSite","@id":"https:\/\/hobstop.ee\/lt\/#website","url":"https:\/\/hobstop.ee\/lt\/","name":"Skizze","description":"Dail\u0117s, pom\u0117gi\u0173 ir mokykliniai reikm\u0117nys","publisher":{"@id":"https:\/\/hobstop.ee\/lt\/#organization"},"potentialAction":[{"@type":"SearchAction","target":{"@type":"EntryPoint","urlTemplate":"https:\/\/hobstop.ee\/lt\/?s={search_term_string}"},"query-input":{"@type":"PropertyValueSpecification","valueRequired":true,"valueName":"search_term_string"}}],"inLanguage":"lt"},{"@type":"Organization","@id":"https:\/\/hobstop.ee\/lt\/#organization","name":"Vunder AS","url":"https:\/\/hobstop.ee\/lt\/","logo":{"@type":"ImageObject","inLanguage":"lt","@id":"https:\/\/hobstop.ee\/lt\/#\/schema\/logo\/image\/","url":"https:\/\/hobstop.ee\/media\/vunder-logo.png","contentUrl":"https:\/\/hobstop.ee\/media\/vunder-logo.png","width":127,"height":55,"caption":"Vunder AS"},"image":{"@id":"https:\/\/hobstop.ee\/lt\/#\/schema\/logo\/image\/"},"sameAs":["http:\/\/www.facebook.com\/VunderSkizze"]}]}},"_links":{"self":[{"href":"https:\/\/hobstop.ee\/lt\/wp-json\/wp\/v2\/product\/61389","targetHints":{"allow":["GET"]}}],"collection":[{"href":"https:\/\/hobstop.ee\/lt\/wp-json\/wp\/v2\/product"}],"about":[{"href":"https:\/\/hobstop.ee\/lt\/wp-json\/wp\/v2\/types\/product"}],"replies":[{"embeddable":true,"href":"https:\/\/hobstop.ee\/lt\/wp-json\/wp\/v2\/comments?post=61389"}],"wp:featuredmedia":[{"embeddable":true,"href":"https:\/\/hobstop.ee\/lt\/wp-json\/wp\/v2\/media\/147006"}],"wp:attachment":[{"href":"https:\/\/hobstop.ee\/lt\/wp-json\/wp\/v2\/media?parent=61389"}],"wp:term":[{"taxonomy":"product_cat","embeddable":true,"href":"https:\/\/hobstop.ee\/lt\/wp-json\/wp\/v2\/product_cat?post=61389"},{"taxonomy":"product_tag","embeddable":true,"href":"https:\/\/hobstop.ee\/lt\/wp-json\/wp\/v2\/product_tag?post=61389"}],"curies":[{"name":"wp","href":"https:\/\/api.w.org\/{rel}","templated":true}]}}