{"id":61392,"date":"2014-12-09T13:03:07","date_gmt":"2014-12-09T11:03:07","guid":{"rendered":"https:\/\/sharks.ee\/vunder_2019.klient.veebimajutus.ee\/?post_type=product&#038;p=61392"},"modified":"2014-12-09T13:03:07","modified_gmt":"2014-12-09T11:03:07","slug":"lakas-marabu-gloss","status":"publish","type":"product","link":"https:\/\/hobstop.ee\/lt\/produktas\/lakas-marabu-gloss\/","title":{"rendered":"Lakas Marabu Gloss"},"content":{"rendered":"<p>Kokybi\u0161kas skaidrus sintetin\u0117s dervos lakas pagamintas organini\u0173 tirpikli\u0173 pagrindu ir yra skirtas m\u0117g\u0117jams ir profesionalams. Tinka dengti apsauginiu skaidriu sluoksniu visus \u201eMarabu\u201c da\u017eus, taip pat karton\u0105, medien\u0105, stikl\u0105, metal\u0105, akmen\u012f, medienos plau\u0161\u0173 plok\u0161tes, modeliavimo mol\u012f ir kitas pana\u0161ias med\u017eiagas. Gerai dengia, yra atsparus ne\u0161varumams ir vandeniui, tod\u0117l tinka naudoti lauko s\u0105lygomis. Lakas tampa atsparus lietimui po ma\u017edaug 30 minu\u010di\u0173.<\/p>\n","protected":false},"excerpt":{"rendered":"<p>Kokybi\u0161kas skaidrus sintetin\u0117s dervos lakas pagamintas organini\u0173 tirpikli\u0173 pagrindu ir yra skirtas m\u0117g\u0117jams ir profesionalams. Tinka dengti apsauginiu skaidriu sluoksniu visus \u201eMarabu\u201c da\u017eus, taip pat karton\u0105, medien\u0105, stikl\u0105, metal\u0105, akmen\u012f, medienos plau\u0161\u0173 plok\u0161tes, modeliavimo mol\u012f ir kitas pana\u0161ias med\u017eiagas. Gerai dengia, yra atsparus ne\u0161varumams ir vandeniui, tod\u0117l tinka naudoti lauko s\u0105lygomis. Lakas tampa atsparus lietimui po ma\u017edaug 30 minu\u010di\u0173.<\/p>\n","protected":false},"featured_media":352732,"comment_status":"closed","ping_status":"closed","template":"","meta":{"_acf_changed":false,"ep_exclude_from_search":false},"product_cat":[239,19881,17919],"product_tag":[],"class_list":{"0":"post-61392","1":"product","2":"type-product","3":"status-publish","4":"has-post-thumbnail","6":"product_cat-aerosoolvarvid","7":"product_cat-lakai","8":"product_cat-pomegiu-prekes","10":"first","11":"outofstock","12":"taxable","13":"shipping-taxable","14":"purchasable","15":"product-type-variable"},"acf":[],"yoast_head":"<!-- This site is optimized with the Yoast SEO plugin v24.1 - https:\/\/yoast.com\/wordpress\/plugins\/seo\/ -->\n<title>Lakas Marabu Gloss &#8211; Skizze<\/title>\n<meta name=\"robots\" content=\"noindex, follow, max-snippet:-1, max-image-preview:large, max-video-preview:-1\" \/>\n<meta property=\"og:locale\" content=\"lt_LT\" \/>\n<meta property=\"og:type\" content=\"article\" \/>\n<meta property=\"og:title\" content=\"Lakas Marabu Gloss &#8211; Skizze\" \/>\n<meta property=\"og:description\" content=\"Kokybi\u0161kas skaidrus sintetin\u0117s dervos lakas pagamintas organini\u0173 tirpikli\u0173 pagrindu ir yra skirtas m\u0117g\u0117jams ir profesionalams. Tinka dengti apsauginiu skaidriu sluoksniu visus \u201eMarabu\u201c da\u017eus, taip pat karton\u0105, medien\u0105, stikl\u0105, metal\u0105, akmen\u012f, medienos plau\u0161\u0173 plok\u0161tes, modeliavimo mol\u012f ir kitas pana\u0161ias med\u017eiagas. Gerai dengia, yra atsparus ne\u0161varumams ir vandeniui, tod\u0117l tinka naudoti lauko s\u0105lygomis. Lakas tampa atsparus lietimui po ma\u017edaug 30 minu\u010di\u0173.\" \/>\n<meta property=\"og:url\" content=\"https:\/\/hobstop.ee\/lt\/produktas\/lakas-marabu-gloss\/\" \/>\n<meta property=\"og:site_name\" content=\"Skizze\" \/>\n<meta property=\"article:publisher\" content=\"http:\/\/www.facebook.com\/VunderSkizze\" \/>\n<meta property=\"og:image\" content=\"https:\/\/hobstop.ee\/media\/3139.jpg\" \/>\n\t<meta property=\"og:image:width\" content=\"1024\" \/>\n\t<meta property=\"og:image:height\" content=\"768\" \/>\n\t<meta property=\"og:image:type\" content=\"image\/jpeg\" \/>\n<meta name=\"twitter:card\" content=\"summary_large_image\" \/>\n<script type=\"application\/ld+json\" class=\"yoast-schema-graph\">{\"@context\":\"https:\/\/schema.org\",\"@graph\":[{\"@type\":\"WebPage\",\"@id\":\"https:\/\/hobstop.ee\/lt\/produktas\/lakas-marabu-gloss\/\",\"url\":\"https:\/\/hobstop.ee\/lt\/produktas\/lakas-marabu-gloss\/\",\"name\":\"Lakas Marabu Gloss &#8211; Skizze\",\"isPartOf\":{\"@id\":\"https:\/\/hobstop.ee\/lt\/#website\"},\"primaryImageOfPage\":{\"@id\":\"https:\/\/hobstop.ee\/lt\/produktas\/lakas-marabu-gloss\/#primaryimage\"},\"image\":{\"@id\":\"https:\/\/hobstop.ee\/lt\/produktas\/lakas-marabu-gloss\/#primaryimage\"},\"thumbnailUrl\":\"https:\/\/hobstop.ee\/media\/3139.jpg\",\"datePublished\":\"2014-12-09T11:03:07+00:00\",\"dateModified\":\"2014-12-09T11:03:07+00:00\",\"breadcrumb\":{\"@id\":\"https:\/\/hobstop.ee\/lt\/produktas\/lakas-marabu-gloss\/#breadcrumb\"},\"inLanguage\":\"lt\",\"potentialAction\":[{\"@type\":\"ReadAction\",\"target\":[\"https:\/\/hobstop.ee\/lt\/produktas\/lakas-marabu-gloss\/\"]}]},{\"@type\":\"ImageObject\",\"inLanguage\":\"lt\",\"@id\":\"https:\/\/hobstop.ee\/lt\/produktas\/lakas-marabu-gloss\/#primaryimage\",\"url\":\"https:\/\/hobstop.ee\/media\/3139.jpg\",\"contentUrl\":\"https:\/\/hobstop.ee\/media\/3139.jpg\",\"width\":1024,\"height\":768},{\"@type\":\"BreadcrumbList\",\"@id\":\"https:\/\/hobstop.ee\/lt\/produktas\/lakas-marabu-gloss\/#breadcrumb\",\"itemListElement\":[{\"@type\":\"ListItem\",\"position\":1,\"name\":\"Avaleht\",\"item\":\"https:\/\/hobstop.ee\/lt\/\"},{\"@type\":\"ListItem\",\"position\":2,\"name\":\"Parduotuv\u0117\",\"item\":\"https:\/\/hobstop.ee\/lt\/parduotuve\/\"},{\"@type\":\"ListItem\",\"position\":3,\"name\":\"Lakas Marabu Gloss\"}]},{\"@type\":\"WebSite\",\"@id\":\"https:\/\/hobstop.ee\/lt\/#website\",\"url\":\"https:\/\/hobstop.ee\/lt\/\",\"name\":\"Skizze\",\"description\":\"Dail\u0117s, pom\u0117gi\u0173 ir mokykliniai reikm\u0117nys\",\"publisher\":{\"@id\":\"https:\/\/hobstop.ee\/lt\/#organization\"},\"potentialAction\":[{\"@type\":\"SearchAction\",\"target\":{\"@type\":\"EntryPoint\",\"urlTemplate\":\"https:\/\/hobstop.ee\/lt\/?s={search_term_string}\"},\"query-input\":{\"@type\":\"PropertyValueSpecification\",\"valueRequired\":true,\"valueName\":\"search_term_string\"}}],\"inLanguage\":\"lt\"},{\"@type\":\"Organization\",\"@id\":\"https:\/\/hobstop.ee\/lt\/#organization\",\"name\":\"Vunder AS\",\"url\":\"https:\/\/hobstop.ee\/lt\/\",\"logo\":{\"@type\":\"ImageObject\",\"inLanguage\":\"lt\",\"@id\":\"https:\/\/hobstop.ee\/lt\/#\/schema\/logo\/image\/\",\"url\":\"https:\/\/hobstop.ee\/media\/vunder-logo.png\",\"contentUrl\":\"https:\/\/hobstop.ee\/media\/vunder-logo.png\",\"width\":127,\"height\":55,\"caption\":\"Vunder AS\"},\"image\":{\"@id\":\"https:\/\/hobstop.ee\/lt\/#\/schema\/logo\/image\/\"},\"sameAs\":[\"http:\/\/www.facebook.com\/VunderSkizze\"]}]}<\/script>\n<!-- \/ Yoast SEO plugin. -->","yoast_head_json":{"title":"Lakas Marabu Gloss &#8211; Skizze","robots":{"index":"noindex","follow":"follow","max-snippet":"max-snippet:-1","max-image-preview":"max-image-preview:large","max-video-preview":"max-video-preview:-1"},"og_locale":"lt_LT","og_type":"article","og_title":"Lakas Marabu Gloss &#8211; Skizze","og_description":"Kokybi\u0161kas skaidrus sintetin\u0117s dervos lakas pagamintas organini\u0173 tirpikli\u0173 pagrindu ir yra skirtas m\u0117g\u0117jams ir profesionalams. Tinka dengti apsauginiu skaidriu sluoksniu visus \u201eMarabu\u201c da\u017eus, taip pat karton\u0105, medien\u0105, stikl\u0105, metal\u0105, akmen\u012f, medienos plau\u0161\u0173 plok\u0161tes, modeliavimo mol\u012f ir kitas pana\u0161ias med\u017eiagas. Gerai dengia, yra atsparus ne\u0161varumams ir vandeniui, tod\u0117l tinka naudoti lauko s\u0105lygomis. Lakas tampa atsparus lietimui po ma\u017edaug 30 minu\u010di\u0173.","og_url":"https:\/\/hobstop.ee\/lt\/produktas\/lakas-marabu-gloss\/","og_site_name":"Skizze","article_publisher":"http:\/\/www.facebook.com\/VunderSkizze","og_image":[{"width":1024,"height":768,"url":"https:\/\/hobstop.ee\/media\/3139.jpg","type":"image\/jpeg"}],"twitter_card":"summary_large_image","schema":{"@context":"https:\/\/schema.org","@graph":[{"@type":"WebPage","@id":"https:\/\/hobstop.ee\/lt\/produktas\/lakas-marabu-gloss\/","url":"https:\/\/hobstop.ee\/lt\/produktas\/lakas-marabu-gloss\/","name":"Lakas Marabu Gloss &#8211; Skizze","isPartOf":{"@id":"https:\/\/hobstop.ee\/lt\/#website"},"primaryImageOfPage":{"@id":"https:\/\/hobstop.ee\/lt\/produktas\/lakas-marabu-gloss\/#primaryimage"},"image":{"@id":"https:\/\/hobstop.ee\/lt\/produktas\/lakas-marabu-gloss\/#primaryimage"},"thumbnailUrl":"https:\/\/hobstop.ee\/media\/3139.jpg","datePublished":"2014-12-09T11:03:07+00:00","dateModified":"2014-12-09T11:03:07+00:00","breadcrumb":{"@id":"https:\/\/hobstop.ee\/lt\/produktas\/lakas-marabu-gloss\/#breadcrumb"},"inLanguage":"lt","potentialAction":[{"@type":"ReadAction","target":["https:\/\/hobstop.ee\/lt\/produktas\/lakas-marabu-gloss\/"]}]},{"@type":"ImageObject","inLanguage":"lt","@id":"https:\/\/hobstop.ee\/lt\/produktas\/lakas-marabu-gloss\/#primaryimage","url":"https:\/\/hobstop.ee\/media\/3139.jpg","contentUrl":"https:\/\/hobstop.ee\/media\/3139.jpg","width":1024,"height":768},{"@type":"BreadcrumbList","@id":"https:\/\/hobstop.ee\/lt\/produktas\/lakas-marabu-gloss\/#breadcrumb","itemListElement":[{"@type":"ListItem","position":1,"name":"Avaleht","item":"https:\/\/hobstop.ee\/lt\/"},{"@type":"ListItem","position":2,"name":"Parduotuv\u0117","item":"https:\/\/hobstop.ee\/lt\/parduotuve\/"},{"@type":"ListItem","position":3,"name":"Lakas Marabu Gloss"}]},{"@type":"WebSite","@id":"https:\/\/hobstop.ee\/lt\/#website","url":"https:\/\/hobstop.ee\/lt\/","name":"Skizze","description":"Dail\u0117s, pom\u0117gi\u0173 ir mokykliniai reikm\u0117nys","publisher":{"@id":"https:\/\/hobstop.ee\/lt\/#organization"},"potentialAction":[{"@type":"SearchAction","target":{"@type":"EntryPoint","urlTemplate":"https:\/\/hobstop.ee\/lt\/?s={search_term_string}"},"query-input":{"@type":"PropertyValueSpecification","valueRequired":true,"valueName":"search_term_string"}}],"inLanguage":"lt"},{"@type":"Organization","@id":"https:\/\/hobstop.ee\/lt\/#organization","name":"Vunder AS","url":"https:\/\/hobstop.ee\/lt\/","logo":{"@type":"ImageObject","inLanguage":"lt","@id":"https:\/\/hobstop.ee\/lt\/#\/schema\/logo\/image\/","url":"https:\/\/hobstop.ee\/media\/vunder-logo.png","contentUrl":"https:\/\/hobstop.ee\/media\/vunder-logo.png","width":127,"height":55,"caption":"Vunder AS"},"image":{"@id":"https:\/\/hobstop.ee\/lt\/#\/schema\/logo\/image\/"},"sameAs":["http:\/\/www.facebook.com\/VunderSkizze"]}]}},"_links":{"self":[{"href":"https:\/\/hobstop.ee\/lt\/wp-json\/wp\/v2\/product\/61392","targetHints":{"allow":["GET"]}}],"collection":[{"href":"https:\/\/hobstop.ee\/lt\/wp-json\/wp\/v2\/product"}],"about":[{"href":"https:\/\/hobstop.ee\/lt\/wp-json\/wp\/v2\/types\/product"}],"replies":[{"embeddable":true,"href":"https:\/\/hobstop.ee\/lt\/wp-json\/wp\/v2\/comments?post=61392"}],"wp:featuredmedia":[{"embeddable":true,"href":"https:\/\/hobstop.ee\/lt\/wp-json\/wp\/v2\/media\/352732"}],"wp:attachment":[{"href":"https:\/\/hobstop.ee\/lt\/wp-json\/wp\/v2\/media?parent=61392"}],"wp:term":[{"taxonomy":"product_cat","embeddable":true,"href":"https:\/\/hobstop.ee\/lt\/wp-json\/wp\/v2\/product_cat?post=61392"},{"taxonomy":"product_tag","embeddable":true,"href":"https:\/\/hobstop.ee\/lt\/wp-json\/wp\/v2\/product_tag?post=61392"}],"curies":[{"name":"wp","href":"https:\/\/api.w.org\/{rel}","templated":true}]}}