{"id":61671,"date":"2014-12-09T13:00:28","date_gmt":"2014-12-09T11:00:28","guid":{"rendered":"https:\/\/sharks.ee\/vunder_2019.klient.veebimajutus.ee\/?post_type=product&p=61671"},"modified":"2014-12-09T13:00:28","modified_gmt":"2014-12-09T10:00:28","slug":"auksavimo-lapas-voke-nazionale-variegated","status":"publish","type":"product","link":"https:\/\/hobstop.ee\/lt\/produktas\/auksavimo-lapas-voke-nazionale-variegated\/","title":{"rendered":"Auksavimo lapas voke Nazionale Variegated"},"content":{"rendered":"<p>Vario lydiniai su laiku oksiduojasi. Kontroliuojant temperat\u016br\u0105, dr\u0117gm\u0119 ir deguonies kiek\u012f, oksidacijos proces\u0105 galima i\u0161naudoti savo reikm\u0117ms ir i\u0161gauti \u012fvairiausias tekst\u016bras bei spalv\u0173 efektus. Kiekvienas lapas yra pagamintas rankomis, taigi, esant vienodai tekst\u016brai ir oksidacijos laipsniui galima gauti nepakartojam\u0105 rezultat\u0105. Lapai be i\u0161 brangi\u0173j\u0173 metal\u0173 yra jautr\u016bs ultravioletiniams spinduliams, dr\u0117gmei ir temperat\u016brai, tod\u0117l lapus yra rekomenduojama laikyti originalioje pakuot\u0117je, kambario temperat\u016broje (tinkamiausia 18\u201323C\u00b0). Tinka naudoti ant \u012fvairi\u0173 pavir\u0161i\u0173, pavyzd\u017eiui, medienos, stiklo, keramikos, plastiko, kartono ir pan. Naudojant reikia atsi\u017evelgti \u012f tai, kad su laiku veikiant aplinkos s\u0105lygoms rezultatas gali pakisti.<\/p>\n","protected":false},"excerpt":{"rendered":"<p>Vario lydiniai su laiku oksiduojasi. Kontroliuojant temperat\u016br\u0105, dr\u0117gm\u0119 ir deguonies kiek\u012f, oksidacijos proces\u0105 galima i\u0161naudoti savo reikm\u0117ms ir i\u0161gauti \u012fvairiausias tekst\u016bras bei spalv\u0173 efektus. Kiekvienas lapas yra pagamintas rankomis, taigi, esant vienodai tekst\u016brai ir oksidacijos laipsniui galima gauti nepakartojam\u0105 rezultat\u0105. Lapai be i\u0161 brangi\u0173j\u0173 metal\u0173 yra jautr\u016bs ultravioletiniams spinduliams, dr\u0117gmei ir temperat\u016brai, tod\u0117l lapus yra rekomenduojama laikyti originalioje pakuot\u0117je, kambario temperat\u016broje (tinkamiausia 18\u201323C\u00b0). Tinka naudoti ant \u012fvairi\u0173 pavir\u0161i\u0173, pavyzd\u017eiui, medienos, stiklo, keramikos, plastiko, kartono ir pan. Naudojant reikia atsi\u017evelgti \u012f tai, kad su laiku veikiant aplinkos s\u0105lygoms rezultatas gali pakisti.<\/p>\n","protected":false},"featured_media":105083,"comment_status":"closed","ping_status":"closed","template":"","meta":{"_acf_changed":false,"ep_exclude_from_search":false},"product_cat":[18623,18589,16124],"product_tag":[],"class_list":{"0":"post-61671","1":"product","2":"type-product","3":"status-publish","4":"has-post-thumbnail","6":"product_cat-auksavimo-lapai","7":"product_cat-auksavimo-priemones","8":"product_cat-dailes-prekes","10":"first","11":"instock","12":"sale","13":"taxable","14":"shipping-taxable","15":"purchasable","16":"product-type-variable"},"acf":[],"yoast_head":"<!-- This site is optimized with the Yoast SEO plugin v24.1 - https:\/\/yoast.com\/wordpress\/plugins\/seo\/ -->\n<title>Auksavimo lapas voke Nazionale Variegated &#8211; Skizze<\/title>\n<meta name=\"robots\" content=\"noindex, follow, max-snippet:-1, max-image-preview:large, max-video-preview:-1\" \/>\n<meta property=\"og:locale\" content=\"lt_LT\" \/>\n<meta property=\"og:type\" content=\"article\" \/>\n<meta property=\"og:title\" content=\"Auksavimo lapas voke Nazionale Variegated &#8211; Skizze\" \/>\n<meta property=\"og:description\" content=\"Vario lydiniai su laiku oksiduojasi. Kontroliuojant temperat\u016br\u0105, dr\u0117gm\u0119 ir deguonies kiek\u012f, oksidacijos proces\u0105 galima i\u0161naudoti savo reikm\u0117ms ir i\u0161gauti \u012fvairiausias tekst\u016bras bei spalv\u0173 efektus. Kiekvienas lapas yra pagamintas rankomis, taigi, esant vienodai tekst\u016brai ir oksidacijos laipsniui galima gauti nepakartojam\u0105 rezultat\u0105. Lapai be i\u0161 brangi\u0173j\u0173 metal\u0173 yra jautr\u016bs ultravioletiniams spinduliams, dr\u0117gmei ir temperat\u016brai, tod\u0117l lapus yra rekomenduojama laikyti originalioje pakuot\u0117je, kambario temperat\u016broje (tinkamiausia 18\u201323C\u00b0). Tinka naudoti ant \u012fvairi\u0173 pavir\u0161i\u0173, pavyzd\u017eiui, medienos, stiklo, keramikos, plastiko, kartono ir pan. Naudojant reikia atsi\u017evelgti \u012f tai, kad su laiku veikiant aplinkos s\u0105lygoms rezultatas gali pakisti.\" \/>\n<meta property=\"og:url\" content=\"https:\/\/hobstop.ee\/lt\/produktas\/auksavimo-lapas-voke-nazionale-variegated\/\" \/>\n<meta property=\"og:site_name\" content=\"Skizze\" \/>\n<meta property=\"article:publisher\" content=\"http:\/\/www.facebook.com\/VunderSkizze\" \/>\n<meta property=\"article:modified_time\" content=\"-0001-11-30T00:00:00+00:00\" \/>\n<meta property=\"og:image\" content=\"https:\/\/hobstop.ee\/media\/2631.jpg\" \/>\n\t<meta property=\"og:image:width\" content=\"600\" \/>\n\t<meta property=\"og:image:height\" content=\"501\" \/>\n\t<meta property=\"og:image:type\" content=\"image\/jpeg\" \/>\n<meta name=\"twitter:card\" content=\"summary_large_image\" \/>\n<meta name=\"twitter:label1\" content=\"Est. reading time\" \/>\n\t<meta name=\"twitter:data1\" content=\"1 minute\" \/>\n<script type=\"application\/ld+json\" class=\"yoast-schema-graph\">{\"@context\":\"https:\/\/schema.org\",\"@graph\":[{\"@type\":\"WebPage\",\"@id\":\"https:\/\/hobstop.ee\/lt\/produktas\/auksavimo-lapas-voke-nazionale-variegated\/\",\"url\":\"https:\/\/hobstop.ee\/lt\/produktas\/auksavimo-lapas-voke-nazionale-variegated\/\",\"name\":\"Auksavimo lapas voke Nazionale Variegated &#8211; Skizze\",\"isPartOf\":{\"@id\":\"https:\/\/hobstop.ee\/lt\/#website\"},\"primaryImageOfPage\":{\"@id\":\"https:\/\/hobstop.ee\/lt\/produktas\/auksavimo-lapas-voke-nazionale-variegated\/#primaryimage\"},\"image\":{\"@id\":\"https:\/\/hobstop.ee\/lt\/produktas\/auksavimo-lapas-voke-nazionale-variegated\/#primaryimage\"},\"thumbnailUrl\":\"https:\/\/hobstop.ee\/media\/2631.jpg\",\"datePublished\":\"2014-12-09T11:00:28+00:00\",\"dateModified\":\"-0001-11-30T00:00:00+00:00\",\"breadcrumb\":{\"@id\":\"https:\/\/hobstop.ee\/lt\/produktas\/auksavimo-lapas-voke-nazionale-variegated\/#breadcrumb\"},\"inLanguage\":\"lt\",\"potentialAction\":[{\"@type\":\"ReadAction\",\"target\":[\"https:\/\/hobstop.ee\/lt\/produktas\/auksavimo-lapas-voke-nazionale-variegated\/\"]}]},{\"@type\":\"ImageObject\",\"inLanguage\":\"lt\",\"@id\":\"https:\/\/hobstop.ee\/lt\/produktas\/auksavimo-lapas-voke-nazionale-variegated\/#primaryimage\",\"url\":\"https:\/\/hobstop.ee\/media\/2631.jpg\",\"contentUrl\":\"https:\/\/hobstop.ee\/media\/2631.jpg\",\"width\":600,\"height\":501},{\"@type\":\"BreadcrumbList\",\"@id\":\"https:\/\/hobstop.ee\/lt\/produktas\/auksavimo-lapas-voke-nazionale-variegated\/#breadcrumb\",\"itemListElement\":[{\"@type\":\"ListItem\",\"position\":1,\"name\":\"Avaleht\",\"item\":\"https:\/\/hobstop.ee\/lt\/\"},{\"@type\":\"ListItem\",\"position\":2,\"name\":\"Parduotuv\u0117\",\"item\":\"https:\/\/hobstop.ee\/lt\/parduotuve\/\"},{\"@type\":\"ListItem\",\"position\":3,\"name\":\"Auksavimo lapas voke Nazionale Variegated\"}]},{\"@type\":\"WebSite\",\"@id\":\"https:\/\/hobstop.ee\/lt\/#website\",\"url\":\"https:\/\/hobstop.ee\/lt\/\",\"name\":\"Skizze\",\"description\":\"Dail\u0117s, pom\u0117gi\u0173 ir mokykliniai reikm\u0117nys\",\"publisher\":{\"@id\":\"https:\/\/hobstop.ee\/lt\/#organization\"},\"potentialAction\":[{\"@type\":\"SearchAction\",\"target\":{\"@type\":\"EntryPoint\",\"urlTemplate\":\"https:\/\/hobstop.ee\/lt\/?s={search_term_string}\"},\"query-input\":{\"@type\":\"PropertyValueSpecification\",\"valueRequired\":true,\"valueName\":\"search_term_string\"}}],\"inLanguage\":\"lt\"},{\"@type\":\"Organization\",\"@id\":\"https:\/\/hobstop.ee\/lt\/#organization\",\"name\":\"Vunder AS\",\"url\":\"https:\/\/hobstop.ee\/lt\/\",\"logo\":{\"@type\":\"ImageObject\",\"inLanguage\":\"lt\",\"@id\":\"https:\/\/hobstop.ee\/lt\/#\/schema\/logo\/image\/\",\"url\":\"https:\/\/hobstop.ee\/media\/vunder-logo.png\",\"contentUrl\":\"https:\/\/hobstop.ee\/media\/vunder-logo.png\",\"width\":127,\"height\":55,\"caption\":\"Vunder AS\"},\"image\":{\"@id\":\"https:\/\/hobstop.ee\/lt\/#\/schema\/logo\/image\/\"},\"sameAs\":[\"http:\/\/www.facebook.com\/VunderSkizze\"]}]}<\/script>\n<!-- \/ Yoast SEO plugin. -->","yoast_head_json":{"title":"Auksavimo lapas voke Nazionale Variegated &#8211; Skizze","robots":{"index":"noindex","follow":"follow","max-snippet":"max-snippet:-1","max-image-preview":"max-image-preview:large","max-video-preview":"max-video-preview:-1"},"og_locale":"lt_LT","og_type":"article","og_title":"Auksavimo lapas voke Nazionale Variegated &#8211; Skizze","og_description":"Vario lydiniai su laiku oksiduojasi. Kontroliuojant temperat\u016br\u0105, dr\u0117gm\u0119 ir deguonies kiek\u012f, oksidacijos proces\u0105 galima i\u0161naudoti savo reikm\u0117ms ir i\u0161gauti \u012fvairiausias tekst\u016bras bei spalv\u0173 efektus. Kiekvienas lapas yra pagamintas rankomis, taigi, esant vienodai tekst\u016brai ir oksidacijos laipsniui galima gauti nepakartojam\u0105 rezultat\u0105. Lapai be i\u0161 brangi\u0173j\u0173 metal\u0173 yra jautr\u016bs ultravioletiniams spinduliams, dr\u0117gmei ir temperat\u016brai, tod\u0117l lapus yra rekomenduojama laikyti originalioje pakuot\u0117je, kambario temperat\u016broje (tinkamiausia 18\u201323C\u00b0). Tinka naudoti ant \u012fvairi\u0173 pavir\u0161i\u0173, pavyzd\u017eiui, medienos, stiklo, keramikos, plastiko, kartono ir pan. Naudojant reikia atsi\u017evelgti \u012f tai, kad su laiku veikiant aplinkos s\u0105lygoms rezultatas gali pakisti.","og_url":"https:\/\/hobstop.ee\/lt\/produktas\/auksavimo-lapas-voke-nazionale-variegated\/","og_site_name":"Skizze","article_publisher":"http:\/\/www.facebook.com\/VunderSkizze","article_modified_time":"-0001-11-30T00:00:00+00:00","og_image":[{"width":600,"height":501,"url":"https:\/\/hobstop.ee\/media\/2631.jpg","type":"image\/jpeg"}],"twitter_card":"summary_large_image","twitter_misc":{"Est. reading time":"1 minute"},"schema":{"@context":"https:\/\/schema.org","@graph":[{"@type":"WebPage","@id":"https:\/\/hobstop.ee\/lt\/produktas\/auksavimo-lapas-voke-nazionale-variegated\/","url":"https:\/\/hobstop.ee\/lt\/produktas\/auksavimo-lapas-voke-nazionale-variegated\/","name":"Auksavimo lapas voke Nazionale Variegated &#8211; Skizze","isPartOf":{"@id":"https:\/\/hobstop.ee\/lt\/#website"},"primaryImageOfPage":{"@id":"https:\/\/hobstop.ee\/lt\/produktas\/auksavimo-lapas-voke-nazionale-variegated\/#primaryimage"},"image":{"@id":"https:\/\/hobstop.ee\/lt\/produktas\/auksavimo-lapas-voke-nazionale-variegated\/#primaryimage"},"thumbnailUrl":"https:\/\/hobstop.ee\/media\/2631.jpg","datePublished":"2014-12-09T11:00:28+00:00","dateModified":"-0001-11-30T00:00:00+00:00","breadcrumb":{"@id":"https:\/\/hobstop.ee\/lt\/produktas\/auksavimo-lapas-voke-nazionale-variegated\/#breadcrumb"},"inLanguage":"lt","potentialAction":[{"@type":"ReadAction","target":["https:\/\/hobstop.ee\/lt\/produktas\/auksavimo-lapas-voke-nazionale-variegated\/"]}]},{"@type":"ImageObject","inLanguage":"lt","@id":"https:\/\/hobstop.ee\/lt\/produktas\/auksavimo-lapas-voke-nazionale-variegated\/#primaryimage","url":"https:\/\/hobstop.ee\/media\/2631.jpg","contentUrl":"https:\/\/hobstop.ee\/media\/2631.jpg","width":600,"height":501},{"@type":"BreadcrumbList","@id":"https:\/\/hobstop.ee\/lt\/produktas\/auksavimo-lapas-voke-nazionale-variegated\/#breadcrumb","itemListElement":[{"@type":"ListItem","position":1,"name":"Avaleht","item":"https:\/\/hobstop.ee\/lt\/"},{"@type":"ListItem","position":2,"name":"Parduotuv\u0117","item":"https:\/\/hobstop.ee\/lt\/parduotuve\/"},{"@type":"ListItem","position":3,"name":"Auksavimo lapas voke Nazionale Variegated"}]},{"@type":"WebSite","@id":"https:\/\/hobstop.ee\/lt\/#website","url":"https:\/\/hobstop.ee\/lt\/","name":"Skizze","description":"Dail\u0117s, pom\u0117gi\u0173 ir mokykliniai reikm\u0117nys","publisher":{"@id":"https:\/\/hobstop.ee\/lt\/#organization"},"potentialAction":[{"@type":"SearchAction","target":{"@type":"EntryPoint","urlTemplate":"https:\/\/hobstop.ee\/lt\/?s={search_term_string}"},"query-input":{"@type":"PropertyValueSpecification","valueRequired":true,"valueName":"search_term_string"}}],"inLanguage":"lt"},{"@type":"Organization","@id":"https:\/\/hobstop.ee\/lt\/#organization","name":"Vunder AS","url":"https:\/\/hobstop.ee\/lt\/","logo":{"@type":"ImageObject","inLanguage":"lt","@id":"https:\/\/hobstop.ee\/lt\/#\/schema\/logo\/image\/","url":"https:\/\/hobstop.ee\/media\/vunder-logo.png","contentUrl":"https:\/\/hobstop.ee\/media\/vunder-logo.png","width":127,"height":55,"caption":"Vunder AS"},"image":{"@id":"https:\/\/hobstop.ee\/lt\/#\/schema\/logo\/image\/"},"sameAs":["http:\/\/www.facebook.com\/VunderSkizze"]}]}},"_links":{"self":[{"href":"https:\/\/hobstop.ee\/lt\/wp-json\/wp\/v2\/product\/61671","targetHints":{"allow":["GET"]}}],"collection":[{"href":"https:\/\/hobstop.ee\/lt\/wp-json\/wp\/v2\/product"}],"about":[{"href":"https:\/\/hobstop.ee\/lt\/wp-json\/wp\/v2\/types\/product"}],"replies":[{"embeddable":true,"href":"https:\/\/hobstop.ee\/lt\/wp-json\/wp\/v2\/comments?post=61671"}],"wp:featuredmedia":[{"embeddable":true,"href":"https:\/\/hobstop.ee\/lt\/wp-json\/wp\/v2\/media\/105083"}],"wp:attachment":[{"href":"https:\/\/hobstop.ee\/lt\/wp-json\/wp\/v2\/media?parent=61671"}],"wp:term":[{"taxonomy":"product_cat","embeddable":true,"href":"https:\/\/hobstop.ee\/lt\/wp-json\/wp\/v2\/product_cat?post=61671"},{"taxonomy":"product_tag","embeddable":true,"href":"https:\/\/hobstop.ee\/lt\/wp-json\/wp\/v2\/product_tag?post=61671"}],"curies":[{"name":"wp","href":"https:\/\/api.w.org\/{rel}","templated":true}]}}