{"id":61689,"date":"2014-12-09T13:00:31","date_gmt":"2014-12-09T11:00:31","guid":{"rendered":"https:\/\/sharks.ee\/vunder_2019.klient.veebimajutus.ee\/?post_type=product&p=61689"},"modified":"2014-12-09T13:00:31","modified_gmt":"2014-12-09T10:00:31","slug":"auksavimo-zvyneliai-nazionale-tamise","status":"publish","type":"product","link":"https:\/\/hobstop.ee\/lt\/produktas\/auksavimo-zvyneliai-nazionale-tamise\/","title":{"rendered":"Auksavimo \u017evyneliai Nazionale Tamise"},"content":{"rendered":"<p>\u201eTamise\u201c i\u0161vertus rei\u0161kia nulau\u017et\u0105 lap\u0105. Auksavimo \u017evyneliai \u201eNazionale Tamise\u201c yra gaminami i\u0161 \u012fvairi\u0173 metal\u0173 ir yra skirtingos formos \u2013 ma\u017ei, vidutiniai, dideli ar norimo dyd\u017eio. Idealiai tinka daugelio med\u017eiag\u0173 dekoravimui, padengus suteikia \u012fdom\u0173 spindin\u010dios spalvos efekt\u0105. Naudojant reikia atsi\u017evelgti \u012f tai, kad su laiku veikiant aplinkos s\u0105lygoms rezultatas gali pakisti.<\/p>\n","protected":false},"excerpt":{"rendered":"<p>\u201eTamise\u201c i\u0161vertus rei\u0161kia nulau\u017et\u0105 lap\u0105. Auksavimo \u017evyneliai \u201eNazionale Tamise\u201c yra gaminami i\u0161 \u012fvairi\u0173 metal\u0173 ir yra skirtingos formos \u2013 ma\u017ei, vidutiniai, dideli ar norimo dyd\u017eio. Idealiai tinka daugelio med\u017eiag\u0173 dekoravimui, padengus suteikia \u012fdom\u0173 spindin\u010dios spalvos efekt\u0105. Naudojant reikia atsi\u017evelgti \u012f tai, kad su laiku veikiant aplinkos s\u0105lygoms rezultatas gali pakisti.<\/p>\n","protected":false},"featured_media":115286,"comment_status":"closed","ping_status":"closed","template":"","meta":{"_acf_changed":false,"ep_exclude_from_search":false},"product_cat":[20019,18589,16124],"product_tag":[],"class_list":{"0":"post-61689","1":"product","2":"type-product","3":"status-publish","4":"has-post-thumbnail","6":"product_cat-auksavimo-dulkes-ir-zvyneliai","7":"product_cat-auksavimo-priemones","8":"product_cat-dailes-prekes","10":"first","11":"instock","12":"taxable","13":"shipping-taxable","14":"purchasable","15":"product-type-variable"},"acf":[],"yoast_head":"<!-- This site is optimized with the Yoast SEO plugin v24.1 - https:\/\/yoast.com\/wordpress\/plugins\/seo\/ -->\n<title>Auksavimo \u017evyneliai Nazionale Tamise &#8211; Skizze<\/title>\n<meta name=\"robots\" content=\"noindex, follow, max-snippet:-1, max-image-preview:large, max-video-preview:-1\" \/>\n<meta property=\"og:locale\" content=\"lt_LT\" \/>\n<meta property=\"og:type\" content=\"article\" \/>\n<meta property=\"og:title\" content=\"Auksavimo \u017evyneliai Nazionale Tamise &#8211; Skizze\" \/>\n<meta property=\"og:description\" content=\"\u201eTamise\u201c i\u0161vertus rei\u0161kia nulau\u017et\u0105 lap\u0105. Auksavimo \u017evyneliai \u201eNazionale Tamise\u201c yra gaminami i\u0161 \u012fvairi\u0173 metal\u0173 ir yra skirtingos formos \u2013 ma\u017ei, vidutiniai, dideli ar norimo dyd\u017eio. Idealiai tinka daugelio med\u017eiag\u0173 dekoravimui, padengus suteikia \u012fdom\u0173 spindin\u010dios spalvos efekt\u0105. Naudojant reikia atsi\u017evelgti \u012f tai, kad su laiku veikiant aplinkos s\u0105lygoms rezultatas gali pakisti.\" \/>\n<meta property=\"og:url\" content=\"https:\/\/hobstop.ee\/lt\/produktas\/auksavimo-zvyneliai-nazionale-tamise\/\" \/>\n<meta property=\"og:site_name\" content=\"Skizze\" \/>\n<meta property=\"article:publisher\" content=\"http:\/\/www.facebook.com\/VunderSkizze\" \/>\n<meta property=\"article:modified_time\" content=\"-0001-11-30T00:00:00+00:00\" \/>\n<meta property=\"og:image\" content=\"https:\/\/hobstop.ee\/media\/2637.jpg\" \/>\n\t<meta property=\"og:image:width\" content=\"1024\" \/>\n\t<meta property=\"og:image:height\" content=\"768\" \/>\n\t<meta property=\"og:image:type\" content=\"image\/jpeg\" \/>\n<meta name=\"twitter:card\" content=\"summary_large_image\" \/>\n<script type=\"application\/ld+json\" class=\"yoast-schema-graph\">{\"@context\":\"https:\/\/schema.org\",\"@graph\":[{\"@type\":\"WebPage\",\"@id\":\"https:\/\/hobstop.ee\/lt\/produktas\/auksavimo-zvyneliai-nazionale-tamise\/\",\"url\":\"https:\/\/hobstop.ee\/lt\/produktas\/auksavimo-zvyneliai-nazionale-tamise\/\",\"name\":\"Auksavimo \u017evyneliai Nazionale Tamise &#8211; Skizze\",\"isPartOf\":{\"@id\":\"https:\/\/hobstop.ee\/lt\/#website\"},\"primaryImageOfPage\":{\"@id\":\"https:\/\/hobstop.ee\/lt\/produktas\/auksavimo-zvyneliai-nazionale-tamise\/#primaryimage\"},\"image\":{\"@id\":\"https:\/\/hobstop.ee\/lt\/produktas\/auksavimo-zvyneliai-nazionale-tamise\/#primaryimage\"},\"thumbnailUrl\":\"https:\/\/hobstop.ee\/media\/2637.jpg\",\"datePublished\":\"2014-12-09T11:00:31+00:00\",\"dateModified\":\"-0001-11-30T00:00:00+00:00\",\"breadcrumb\":{\"@id\":\"https:\/\/hobstop.ee\/lt\/produktas\/auksavimo-zvyneliai-nazionale-tamise\/#breadcrumb\"},\"inLanguage\":\"lt\",\"potentialAction\":[{\"@type\":\"ReadAction\",\"target\":[\"https:\/\/hobstop.ee\/lt\/produktas\/auksavimo-zvyneliai-nazionale-tamise\/\"]}]},{\"@type\":\"ImageObject\",\"inLanguage\":\"lt\",\"@id\":\"https:\/\/hobstop.ee\/lt\/produktas\/auksavimo-zvyneliai-nazionale-tamise\/#primaryimage\",\"url\":\"https:\/\/hobstop.ee\/media\/2637.jpg\",\"contentUrl\":\"https:\/\/hobstop.ee\/media\/2637.jpg\",\"width\":1024,\"height\":768},{\"@type\":\"BreadcrumbList\",\"@id\":\"https:\/\/hobstop.ee\/lt\/produktas\/auksavimo-zvyneliai-nazionale-tamise\/#breadcrumb\",\"itemListElement\":[{\"@type\":\"ListItem\",\"position\":1,\"name\":\"Avaleht\",\"item\":\"https:\/\/hobstop.ee\/lt\/\"},{\"@type\":\"ListItem\",\"position\":2,\"name\":\"Parduotuv\u0117\",\"item\":\"https:\/\/hobstop.ee\/lt\/parduotuve\/\"},{\"@type\":\"ListItem\",\"position\":3,\"name\":\"Auksavimo \u017evyneliai Nazionale Tamise\"}]},{\"@type\":\"WebSite\",\"@id\":\"https:\/\/hobstop.ee\/lt\/#website\",\"url\":\"https:\/\/hobstop.ee\/lt\/\",\"name\":\"Skizze\",\"description\":\"Dail\u0117s, pom\u0117gi\u0173 ir mokykliniai reikm\u0117nys\",\"publisher\":{\"@id\":\"https:\/\/hobstop.ee\/lt\/#organization\"},\"potentialAction\":[{\"@type\":\"SearchAction\",\"target\":{\"@type\":\"EntryPoint\",\"urlTemplate\":\"https:\/\/hobstop.ee\/lt\/?s={search_term_string}\"},\"query-input\":{\"@type\":\"PropertyValueSpecification\",\"valueRequired\":true,\"valueName\":\"search_term_string\"}}],\"inLanguage\":\"lt\"},{\"@type\":\"Organization\",\"@id\":\"https:\/\/hobstop.ee\/lt\/#organization\",\"name\":\"Vunder AS\",\"url\":\"https:\/\/hobstop.ee\/lt\/\",\"logo\":{\"@type\":\"ImageObject\",\"inLanguage\":\"lt\",\"@id\":\"https:\/\/hobstop.ee\/lt\/#\/schema\/logo\/image\/\",\"url\":\"https:\/\/hobstop.ee\/media\/vunder-logo.png\",\"contentUrl\":\"https:\/\/hobstop.ee\/media\/vunder-logo.png\",\"width\":127,\"height\":55,\"caption\":\"Vunder AS\"},\"image\":{\"@id\":\"https:\/\/hobstop.ee\/lt\/#\/schema\/logo\/image\/\"},\"sameAs\":[\"http:\/\/www.facebook.com\/VunderSkizze\"]}]}<\/script>\n<!-- \/ Yoast SEO plugin. -->","yoast_head_json":{"title":"Auksavimo \u017evyneliai Nazionale Tamise &#8211; Skizze","robots":{"index":"noindex","follow":"follow","max-snippet":"max-snippet:-1","max-image-preview":"max-image-preview:large","max-video-preview":"max-video-preview:-1"},"og_locale":"lt_LT","og_type":"article","og_title":"Auksavimo \u017evyneliai Nazionale Tamise &#8211; Skizze","og_description":"\u201eTamise\u201c i\u0161vertus rei\u0161kia nulau\u017et\u0105 lap\u0105. Auksavimo \u017evyneliai \u201eNazionale Tamise\u201c yra gaminami i\u0161 \u012fvairi\u0173 metal\u0173 ir yra skirtingos formos \u2013 ma\u017ei, vidutiniai, dideli ar norimo dyd\u017eio. Idealiai tinka daugelio med\u017eiag\u0173 dekoravimui, padengus suteikia \u012fdom\u0173 spindin\u010dios spalvos efekt\u0105. Naudojant reikia atsi\u017evelgti \u012f tai, kad su laiku veikiant aplinkos s\u0105lygoms rezultatas gali pakisti.","og_url":"https:\/\/hobstop.ee\/lt\/produktas\/auksavimo-zvyneliai-nazionale-tamise\/","og_site_name":"Skizze","article_publisher":"http:\/\/www.facebook.com\/VunderSkizze","article_modified_time":"-0001-11-30T00:00:00+00:00","og_image":[{"width":1024,"height":768,"url":"https:\/\/hobstop.ee\/media\/2637.jpg","type":"image\/jpeg"}],"twitter_card":"summary_large_image","schema":{"@context":"https:\/\/schema.org","@graph":[{"@type":"WebPage","@id":"https:\/\/hobstop.ee\/lt\/produktas\/auksavimo-zvyneliai-nazionale-tamise\/","url":"https:\/\/hobstop.ee\/lt\/produktas\/auksavimo-zvyneliai-nazionale-tamise\/","name":"Auksavimo \u017evyneliai Nazionale Tamise &#8211; Skizze","isPartOf":{"@id":"https:\/\/hobstop.ee\/lt\/#website"},"primaryImageOfPage":{"@id":"https:\/\/hobstop.ee\/lt\/produktas\/auksavimo-zvyneliai-nazionale-tamise\/#primaryimage"},"image":{"@id":"https:\/\/hobstop.ee\/lt\/produktas\/auksavimo-zvyneliai-nazionale-tamise\/#primaryimage"},"thumbnailUrl":"https:\/\/hobstop.ee\/media\/2637.jpg","datePublished":"2014-12-09T11:00:31+00:00","dateModified":"-0001-11-30T00:00:00+00:00","breadcrumb":{"@id":"https:\/\/hobstop.ee\/lt\/produktas\/auksavimo-zvyneliai-nazionale-tamise\/#breadcrumb"},"inLanguage":"lt","potentialAction":[{"@type":"ReadAction","target":["https:\/\/hobstop.ee\/lt\/produktas\/auksavimo-zvyneliai-nazionale-tamise\/"]}]},{"@type":"ImageObject","inLanguage":"lt","@id":"https:\/\/hobstop.ee\/lt\/produktas\/auksavimo-zvyneliai-nazionale-tamise\/#primaryimage","url":"https:\/\/hobstop.ee\/media\/2637.jpg","contentUrl":"https:\/\/hobstop.ee\/media\/2637.jpg","width":1024,"height":768},{"@type":"BreadcrumbList","@id":"https:\/\/hobstop.ee\/lt\/produktas\/auksavimo-zvyneliai-nazionale-tamise\/#breadcrumb","itemListElement":[{"@type":"ListItem","position":1,"name":"Avaleht","item":"https:\/\/hobstop.ee\/lt\/"},{"@type":"ListItem","position":2,"name":"Parduotuv\u0117","item":"https:\/\/hobstop.ee\/lt\/parduotuve\/"},{"@type":"ListItem","position":3,"name":"Auksavimo \u017evyneliai Nazionale Tamise"}]},{"@type":"WebSite","@id":"https:\/\/hobstop.ee\/lt\/#website","url":"https:\/\/hobstop.ee\/lt\/","name":"Skizze","description":"Dail\u0117s, pom\u0117gi\u0173 ir mokykliniai reikm\u0117nys","publisher":{"@id":"https:\/\/hobstop.ee\/lt\/#organization"},"potentialAction":[{"@type":"SearchAction","target":{"@type":"EntryPoint","urlTemplate":"https:\/\/hobstop.ee\/lt\/?s={search_term_string}"},"query-input":{"@type":"PropertyValueSpecification","valueRequired":true,"valueName":"search_term_string"}}],"inLanguage":"lt"},{"@type":"Organization","@id":"https:\/\/hobstop.ee\/lt\/#organization","name":"Vunder AS","url":"https:\/\/hobstop.ee\/lt\/","logo":{"@type":"ImageObject","inLanguage":"lt","@id":"https:\/\/hobstop.ee\/lt\/#\/schema\/logo\/image\/","url":"https:\/\/hobstop.ee\/media\/vunder-logo.png","contentUrl":"https:\/\/hobstop.ee\/media\/vunder-logo.png","width":127,"height":55,"caption":"Vunder AS"},"image":{"@id":"https:\/\/hobstop.ee\/lt\/#\/schema\/logo\/image\/"},"sameAs":["http:\/\/www.facebook.com\/VunderSkizze"]}]}},"_links":{"self":[{"href":"https:\/\/hobstop.ee\/lt\/wp-json\/wp\/v2\/product\/61689","targetHints":{"allow":["GET"]}}],"collection":[{"href":"https:\/\/hobstop.ee\/lt\/wp-json\/wp\/v2\/product"}],"about":[{"href":"https:\/\/hobstop.ee\/lt\/wp-json\/wp\/v2\/types\/product"}],"replies":[{"embeddable":true,"href":"https:\/\/hobstop.ee\/lt\/wp-json\/wp\/v2\/comments?post=61689"}],"wp:featuredmedia":[{"embeddable":true,"href":"https:\/\/hobstop.ee\/lt\/wp-json\/wp\/v2\/media\/115286"}],"wp:attachment":[{"href":"https:\/\/hobstop.ee\/lt\/wp-json\/wp\/v2\/media?parent=61689"}],"wp:term":[{"taxonomy":"product_cat","embeddable":true,"href":"https:\/\/hobstop.ee\/lt\/wp-json\/wp\/v2\/product_cat?post=61689"},{"taxonomy":"product_tag","embeddable":true,"href":"https:\/\/hobstop.ee\/lt\/wp-json\/wp\/v2\/product_tag?post=61689"}],"curies":[{"name":"wp","href":"https:\/\/api.w.org\/{rel}","templated":true}]}}