{"id":61709,"date":"2014-12-09T13:00:41","date_gmt":"2014-12-09T11:00:41","guid":{"rendered":"https:\/\/sharks.ee\/vunder_2019.klient.veebimajutus.ee\/?post_type=product&p=61709"},"modified":"2014-12-09T13:00:41","modified_gmt":"2014-12-09T10:00:41","slug":"spalvotas-piestukas-lyra-groove-slim","status":"publish","type":"product","link":"https:\/\/hobstop.ee\/lt\/produktas\/spalvotas-piestukas-lyra-groove-slim\/","title":{"rendered":"Spalvotas pie\u0161tukas Lyra Groove Slim"},"content":{"rendered":"<p>Ergonomi\u0161kas trikampis pie\u0161tukas, skersmuo 7mm. Nat\u016bralios apvalios \u012fdubos \u0161onuose garantuoja optimali\u0105 ir patogi\u0105 pie\u0161imo pad\u0117t\u012f. Ypatinga netrupanti, intensyvi\u0173 spalv\u0173 \u0161erdel\u0117, skersmuo 3.3 mm. Tinka ir de\u0161iniarankiams taip pat ir kairiarankiams. Su vardo langeliu.<\/p>\n","protected":false},"excerpt":{"rendered":"<p>Ergonomi\u0161kas trikampis pie\u0161tukas, skersmuo 7mm. Nat\u016bralios apvalios \u012fdubos \u0161onuose garantuoja optimali\u0105 ir patogi\u0105 pie\u0161imo pad\u0117t\u012f. Ypatinga netrupanti, intensyvi\u0173 spalv\u0173 \u0161erdel\u0117, skersmuo 3.3 mm. Tinka ir de\u0161iniarankiams taip pat ir kairiarankiams. Su vardo langeliu.<\/p>\n","protected":false},"featured_media":105155,"comment_status":"closed","ping_status":"closed","template":"","meta":{"_acf_changed":false,"ep_exclude_from_search":false},"product_cat":[235,18634,18695],"product_tag":[],"class_list":{"0":"post-61709","1":"product","2":"type-product","3":"status-publish","4":"has-post-thumbnail","6":"product_cat-mokyklines-prekes","7":"product_cat-piesimo-reikmenys-2","8":"product_cat-spalvoti-piestukai","10":"first","11":"instock","12":"sale","13":"taxable","14":"shipping-taxable","15":"purchasable","16":"product-type-variable"},"acf":[],"yoast_head":"<!-- This site is optimized with the Yoast SEO plugin v24.1 - https:\/\/yoast.com\/wordpress\/plugins\/seo\/ -->\n<title>Spalvotas pie\u0161tukas Lyra Groove Slim &#8211; Skizze<\/title>\n<meta name=\"robots\" content=\"noindex, follow, max-snippet:-1, max-image-preview:large, max-video-preview:-1\" \/>\n<meta property=\"og:locale\" content=\"lt_LT\" \/>\n<meta property=\"og:type\" content=\"article\" \/>\n<meta property=\"og:title\" content=\"Spalvotas pie\u0161tukas Lyra Groove Slim &#8211; Skizze\" \/>\n<meta property=\"og:description\" content=\"Ergonomi\u0161kas trikampis pie\u0161tukas, skersmuo 7mm. Nat\u016bralios apvalios \u012fdubos \u0161onuose garantuoja optimali\u0105 ir patogi\u0105 pie\u0161imo pad\u0117t\u012f. Ypatinga netrupanti, intensyvi\u0173 spalv\u0173 \u0161erdel\u0117, skersmuo 3.3 mm. Tinka ir de\u0161iniarankiams taip pat ir kairiarankiams. Su vardo langeliu.\" \/>\n<meta property=\"og:url\" content=\"https:\/\/hobstop.ee\/lt\/produktas\/spalvotas-piestukas-lyra-groove-slim\/\" \/>\n<meta property=\"og:site_name\" content=\"Skizze\" \/>\n<meta property=\"article:publisher\" content=\"http:\/\/www.facebook.com\/VunderSkizze\" \/>\n<meta property=\"article:modified_time\" content=\"-0001-11-30T00:00:00+00:00\" \/>\n<meta property=\"og:image\" content=\"https:\/\/hobstop.ee\/media\/2652.jpg\" \/>\n\t<meta property=\"og:image:width\" content=\"1024\" \/>\n\t<meta property=\"og:image:height\" content=\"768\" \/>\n\t<meta property=\"og:image:type\" content=\"image\/jpeg\" \/>\n<meta name=\"twitter:card\" content=\"summary_large_image\" \/>\n<script type=\"application\/ld+json\" class=\"yoast-schema-graph\">{\"@context\":\"https:\/\/schema.org\",\"@graph\":[{\"@type\":\"WebPage\",\"@id\":\"https:\/\/hobstop.ee\/lt\/produktas\/spalvotas-piestukas-lyra-groove-slim\/\",\"url\":\"https:\/\/hobstop.ee\/lt\/produktas\/spalvotas-piestukas-lyra-groove-slim\/\",\"name\":\"Spalvotas pie\u0161tukas Lyra Groove Slim &#8211; Skizze\",\"isPartOf\":{\"@id\":\"https:\/\/hobstop.ee\/lt\/#website\"},\"primaryImageOfPage\":{\"@id\":\"https:\/\/hobstop.ee\/lt\/produktas\/spalvotas-piestukas-lyra-groove-slim\/#primaryimage\"},\"image\":{\"@id\":\"https:\/\/hobstop.ee\/lt\/produktas\/spalvotas-piestukas-lyra-groove-slim\/#primaryimage\"},\"thumbnailUrl\":\"https:\/\/hobstop.ee\/media\/2652.jpg\",\"datePublished\":\"2014-12-09T11:00:41+00:00\",\"dateModified\":\"-0001-11-30T00:00:00+00:00\",\"breadcrumb\":{\"@id\":\"https:\/\/hobstop.ee\/lt\/produktas\/spalvotas-piestukas-lyra-groove-slim\/#breadcrumb\"},\"inLanguage\":\"lt\",\"potentialAction\":[{\"@type\":\"ReadAction\",\"target\":[\"https:\/\/hobstop.ee\/lt\/produktas\/spalvotas-piestukas-lyra-groove-slim\/\"]}]},{\"@type\":\"ImageObject\",\"inLanguage\":\"lt\",\"@id\":\"https:\/\/hobstop.ee\/lt\/produktas\/spalvotas-piestukas-lyra-groove-slim\/#primaryimage\",\"url\":\"https:\/\/hobstop.ee\/media\/2652.jpg\",\"contentUrl\":\"https:\/\/hobstop.ee\/media\/2652.jpg\",\"width\":1024,\"height\":768},{\"@type\":\"BreadcrumbList\",\"@id\":\"https:\/\/hobstop.ee\/lt\/produktas\/spalvotas-piestukas-lyra-groove-slim\/#breadcrumb\",\"itemListElement\":[{\"@type\":\"ListItem\",\"position\":1,\"name\":\"Avaleht\",\"item\":\"https:\/\/hobstop.ee\/lt\/\"},{\"@type\":\"ListItem\",\"position\":2,\"name\":\"Parduotuv\u0117\",\"item\":\"https:\/\/hobstop.ee\/lt\/parduotuve\/\"},{\"@type\":\"ListItem\",\"position\":3,\"name\":\"Spalvotas pie\u0161tukas Lyra Groove Slim\"}]},{\"@type\":\"WebSite\",\"@id\":\"https:\/\/hobstop.ee\/lt\/#website\",\"url\":\"https:\/\/hobstop.ee\/lt\/\",\"name\":\"Skizze\",\"description\":\"Dail\u0117s, pom\u0117gi\u0173 ir mokykliniai reikm\u0117nys\",\"publisher\":{\"@id\":\"https:\/\/hobstop.ee\/lt\/#organization\"},\"potentialAction\":[{\"@type\":\"SearchAction\",\"target\":{\"@type\":\"EntryPoint\",\"urlTemplate\":\"https:\/\/hobstop.ee\/lt\/?s={search_term_string}\"},\"query-input\":{\"@type\":\"PropertyValueSpecification\",\"valueRequired\":true,\"valueName\":\"search_term_string\"}}],\"inLanguage\":\"lt\"},{\"@type\":\"Organization\",\"@id\":\"https:\/\/hobstop.ee\/lt\/#organization\",\"name\":\"Vunder AS\",\"url\":\"https:\/\/hobstop.ee\/lt\/\",\"logo\":{\"@type\":\"ImageObject\",\"inLanguage\":\"lt\",\"@id\":\"https:\/\/hobstop.ee\/lt\/#\/schema\/logo\/image\/\",\"url\":\"https:\/\/hobstop.ee\/media\/vunder-logo.png\",\"contentUrl\":\"https:\/\/hobstop.ee\/media\/vunder-logo.png\",\"width\":127,\"height\":55,\"caption\":\"Vunder AS\"},\"image\":{\"@id\":\"https:\/\/hobstop.ee\/lt\/#\/schema\/logo\/image\/\"},\"sameAs\":[\"http:\/\/www.facebook.com\/VunderSkizze\"]}]}<\/script>\n<!-- \/ Yoast SEO plugin. -->","yoast_head_json":{"title":"Spalvotas pie\u0161tukas Lyra Groove Slim &#8211; Skizze","robots":{"index":"noindex","follow":"follow","max-snippet":"max-snippet:-1","max-image-preview":"max-image-preview:large","max-video-preview":"max-video-preview:-1"},"og_locale":"lt_LT","og_type":"article","og_title":"Spalvotas pie\u0161tukas Lyra Groove Slim &#8211; Skizze","og_description":"Ergonomi\u0161kas trikampis pie\u0161tukas, skersmuo 7mm. Nat\u016bralios apvalios \u012fdubos \u0161onuose garantuoja optimali\u0105 ir patogi\u0105 pie\u0161imo pad\u0117t\u012f. Ypatinga netrupanti, intensyvi\u0173 spalv\u0173 \u0161erdel\u0117, skersmuo 3.3 mm. Tinka ir de\u0161iniarankiams taip pat ir kairiarankiams. Su vardo langeliu.","og_url":"https:\/\/hobstop.ee\/lt\/produktas\/spalvotas-piestukas-lyra-groove-slim\/","og_site_name":"Skizze","article_publisher":"http:\/\/www.facebook.com\/VunderSkizze","article_modified_time":"-0001-11-30T00:00:00+00:00","og_image":[{"width":1024,"height":768,"url":"https:\/\/hobstop.ee\/media\/2652.jpg","type":"image\/jpeg"}],"twitter_card":"summary_large_image","schema":{"@context":"https:\/\/schema.org","@graph":[{"@type":"WebPage","@id":"https:\/\/hobstop.ee\/lt\/produktas\/spalvotas-piestukas-lyra-groove-slim\/","url":"https:\/\/hobstop.ee\/lt\/produktas\/spalvotas-piestukas-lyra-groove-slim\/","name":"Spalvotas pie\u0161tukas Lyra Groove Slim &#8211; Skizze","isPartOf":{"@id":"https:\/\/hobstop.ee\/lt\/#website"},"primaryImageOfPage":{"@id":"https:\/\/hobstop.ee\/lt\/produktas\/spalvotas-piestukas-lyra-groove-slim\/#primaryimage"},"image":{"@id":"https:\/\/hobstop.ee\/lt\/produktas\/spalvotas-piestukas-lyra-groove-slim\/#primaryimage"},"thumbnailUrl":"https:\/\/hobstop.ee\/media\/2652.jpg","datePublished":"2014-12-09T11:00:41+00:00","dateModified":"-0001-11-30T00:00:00+00:00","breadcrumb":{"@id":"https:\/\/hobstop.ee\/lt\/produktas\/spalvotas-piestukas-lyra-groove-slim\/#breadcrumb"},"inLanguage":"lt","potentialAction":[{"@type":"ReadAction","target":["https:\/\/hobstop.ee\/lt\/produktas\/spalvotas-piestukas-lyra-groove-slim\/"]}]},{"@type":"ImageObject","inLanguage":"lt","@id":"https:\/\/hobstop.ee\/lt\/produktas\/spalvotas-piestukas-lyra-groove-slim\/#primaryimage","url":"https:\/\/hobstop.ee\/media\/2652.jpg","contentUrl":"https:\/\/hobstop.ee\/media\/2652.jpg","width":1024,"height":768},{"@type":"BreadcrumbList","@id":"https:\/\/hobstop.ee\/lt\/produktas\/spalvotas-piestukas-lyra-groove-slim\/#breadcrumb","itemListElement":[{"@type":"ListItem","position":1,"name":"Avaleht","item":"https:\/\/hobstop.ee\/lt\/"},{"@type":"ListItem","position":2,"name":"Parduotuv\u0117","item":"https:\/\/hobstop.ee\/lt\/parduotuve\/"},{"@type":"ListItem","position":3,"name":"Spalvotas pie\u0161tukas Lyra Groove Slim"}]},{"@type":"WebSite","@id":"https:\/\/hobstop.ee\/lt\/#website","url":"https:\/\/hobstop.ee\/lt\/","name":"Skizze","description":"Dail\u0117s, pom\u0117gi\u0173 ir mokykliniai reikm\u0117nys","publisher":{"@id":"https:\/\/hobstop.ee\/lt\/#organization"},"potentialAction":[{"@type":"SearchAction","target":{"@type":"EntryPoint","urlTemplate":"https:\/\/hobstop.ee\/lt\/?s={search_term_string}"},"query-input":{"@type":"PropertyValueSpecification","valueRequired":true,"valueName":"search_term_string"}}],"inLanguage":"lt"},{"@type":"Organization","@id":"https:\/\/hobstop.ee\/lt\/#organization","name":"Vunder AS","url":"https:\/\/hobstop.ee\/lt\/","logo":{"@type":"ImageObject","inLanguage":"lt","@id":"https:\/\/hobstop.ee\/lt\/#\/schema\/logo\/image\/","url":"https:\/\/hobstop.ee\/media\/vunder-logo.png","contentUrl":"https:\/\/hobstop.ee\/media\/vunder-logo.png","width":127,"height":55,"caption":"Vunder AS"},"image":{"@id":"https:\/\/hobstop.ee\/lt\/#\/schema\/logo\/image\/"},"sameAs":["http:\/\/www.facebook.com\/VunderSkizze"]}]}},"_links":{"self":[{"href":"https:\/\/hobstop.ee\/lt\/wp-json\/wp\/v2\/product\/61709","targetHints":{"allow":["GET"]}}],"collection":[{"href":"https:\/\/hobstop.ee\/lt\/wp-json\/wp\/v2\/product"}],"about":[{"href":"https:\/\/hobstop.ee\/lt\/wp-json\/wp\/v2\/types\/product"}],"replies":[{"embeddable":true,"href":"https:\/\/hobstop.ee\/lt\/wp-json\/wp\/v2\/comments?post=61709"}],"wp:featuredmedia":[{"embeddable":true,"href":"https:\/\/hobstop.ee\/lt\/wp-json\/wp\/v2\/media\/105155"}],"wp:attachment":[{"href":"https:\/\/hobstop.ee\/lt\/wp-json\/wp\/v2\/media?parent=61709"}],"wp:term":[{"taxonomy":"product_cat","embeddable":true,"href":"https:\/\/hobstop.ee\/lt\/wp-json\/wp\/v2\/product_cat?post=61709"},{"taxonomy":"product_tag","embeddable":true,"href":"https:\/\/hobstop.ee\/lt\/wp-json\/wp\/v2\/product_tag?post=61709"}],"curies":[{"name":"wp","href":"https:\/\/api.w.org\/{rel}","templated":true}]}}