{"id":61782,"date":"2014-12-09T13:01:02","date_gmt":"2014-12-09T11:01:02","guid":{"rendered":"https:\/\/sharks.ee\/vunder_2019.klient.veebimajutus.ee\/?post_type=product&p=61782"},"modified":"2014-12-09T13:01:02","modified_gmt":"2014-12-09T10:01:02","slug":"spalvotas-piestukas-maped-colorpeps-duo","status":"publish","type":"product","link":"https:\/\/hobstop.ee\/lt\/produktas\/spalvotas-piestukas-maped-colorpeps-duo\/","title":{"rendered":"Spalvotas pie\u0161tukas Maped Color&#8217;Peps Duo"},"content":{"rendered":"<p>Prakti\u0161ko ir sumanaus du viename stiliaus auk\u0161tos kokyb\u0117s \u201eMaped Color&#8217;Peps Duo\u201c spalvinimo pie\u0161tukai: dabar penale tur\u0117site du kartus daugiau spalv\u0173, kurios u\u017eims per pus\u0119 ma\u017eiau vietos! Lengvai suimamas ergonomi\u0161kas, trikamp\u0117s formos kotelis. Mink\u0161ti ir patvar\u016bs \u201eColor\u2019Peps\u201c spalvoti pie\u0161tukai (2,9mm skersmens) yra lengvai dro\u017eiami ir neskylantys.<\/p>\n","protected":false},"excerpt":{"rendered":"<p>Prakti\u0161ko ir sumanaus du viename stiliaus auk\u0161tos kokyb\u0117s \u201eMaped Color&#8217;Peps Duo\u201c spalvinimo pie\u0161tukai: dabar penale tur\u0117site du kartus daugiau spalv\u0173, kurios u\u017eims per pus\u0119 ma\u017eiau vietos! Lengvai suimamas ergonomi\u0161kas, trikamp\u0117s formos kotelis. Mink\u0161ti ir patvar\u016bs \u201eColor\u2019Peps\u201c spalvoti pie\u0161tukai (2,9mm skersmens) yra lengvai dro\u017eiami ir neskylantys.<\/p>\n","protected":false},"featured_media":353696,"comment_status":"closed","ping_status":"closed","template":"","meta":{"_acf_changed":false,"ep_exclude_from_search":false},"product_cat":[235,18634,18695],"product_tag":[],"class_list":{"0":"post-61782","1":"product","2":"type-product","3":"status-publish","4":"has-post-thumbnail","6":"product_cat-mokyklines-prekes","7":"product_cat-piesimo-reikmenys-2","8":"product_cat-spalvoti-piestukai","10":"first","11":"instock","12":"taxable","13":"shipping-taxable","14":"purchasable","15":"product-type-variable"},"acf":[],"yoast_head":"<!-- This site is optimized with the Yoast SEO plugin v24.1 - https:\/\/yoast.com\/wordpress\/plugins\/seo\/ -->\n<title>Spalvotas pie\u0161tukas Maped Color&#039;Peps Duo &#8211; Skizze<\/title>\n<meta name=\"robots\" content=\"noindex, follow, max-snippet:-1, max-image-preview:large, max-video-preview:-1\" \/>\n<meta property=\"og:locale\" content=\"lt_LT\" \/>\n<meta property=\"og:type\" content=\"article\" \/>\n<meta property=\"og:title\" content=\"Spalvotas pie\u0161tukas Maped Color&#039;Peps Duo &#8211; Skizze\" \/>\n<meta property=\"og:description\" content=\"Prakti\u0161ko ir sumanaus du viename stiliaus auk\u0161tos kokyb\u0117s \u201eMaped Color&#8217;Peps Duo\u201c spalvinimo pie\u0161tukai: dabar penale tur\u0117site du kartus daugiau spalv\u0173, kurios u\u017eims per pus\u0119 ma\u017eiau vietos! Lengvai suimamas ergonomi\u0161kas, trikamp\u0117s formos kotelis. Mink\u0161ti ir patvar\u016bs \u201eColor\u2019Peps\u201c spalvoti pie\u0161tukai (2,9mm skersmens) yra lengvai dro\u017eiami ir neskylantys.\" \/>\n<meta property=\"og:url\" content=\"https:\/\/hobstop.ee\/lt\/produktas\/spalvotas-piestukas-maped-colorpeps-duo\/\" \/>\n<meta property=\"og:site_name\" content=\"Skizze\" \/>\n<meta property=\"article:publisher\" content=\"http:\/\/www.facebook.com\/VunderSkizze\" \/>\n<meta property=\"article:modified_time\" content=\"-0001-11-30T00:00:00+00:00\" \/>\n<meta property=\"og:image\" content=\"https:\/\/hobstop.ee\/media\/2720.jpg\" \/>\n\t<meta property=\"og:image:width\" content=\"1024\" \/>\n\t<meta property=\"og:image:height\" content=\"768\" \/>\n\t<meta property=\"og:image:type\" content=\"image\/jpeg\" \/>\n<meta name=\"twitter:card\" content=\"summary_large_image\" \/>\n<script type=\"application\/ld+json\" class=\"yoast-schema-graph\">{\"@context\":\"https:\/\/schema.org\",\"@graph\":[{\"@type\":\"WebPage\",\"@id\":\"https:\/\/hobstop.ee\/lt\/produktas\/spalvotas-piestukas-maped-colorpeps-duo\/\",\"url\":\"https:\/\/hobstop.ee\/lt\/produktas\/spalvotas-piestukas-maped-colorpeps-duo\/\",\"name\":\"Spalvotas pie\u0161tukas Maped Color'Peps Duo &#8211; Skizze\",\"isPartOf\":{\"@id\":\"https:\/\/hobstop.ee\/lt\/#website\"},\"primaryImageOfPage\":{\"@id\":\"https:\/\/hobstop.ee\/lt\/produktas\/spalvotas-piestukas-maped-colorpeps-duo\/#primaryimage\"},\"image\":{\"@id\":\"https:\/\/hobstop.ee\/lt\/produktas\/spalvotas-piestukas-maped-colorpeps-duo\/#primaryimage\"},\"thumbnailUrl\":\"https:\/\/hobstop.ee\/media\/2720.jpg\",\"datePublished\":\"2014-12-09T11:01:02+00:00\",\"dateModified\":\"-0001-11-30T00:00:00+00:00\",\"breadcrumb\":{\"@id\":\"https:\/\/hobstop.ee\/lt\/produktas\/spalvotas-piestukas-maped-colorpeps-duo\/#breadcrumb\"},\"inLanguage\":\"lt\",\"potentialAction\":[{\"@type\":\"ReadAction\",\"target\":[\"https:\/\/hobstop.ee\/lt\/produktas\/spalvotas-piestukas-maped-colorpeps-duo\/\"]}]},{\"@type\":\"ImageObject\",\"inLanguage\":\"lt\",\"@id\":\"https:\/\/hobstop.ee\/lt\/produktas\/spalvotas-piestukas-maped-colorpeps-duo\/#primaryimage\",\"url\":\"https:\/\/hobstop.ee\/media\/2720.jpg\",\"contentUrl\":\"https:\/\/hobstop.ee\/media\/2720.jpg\",\"width\":1024,\"height\":768},{\"@type\":\"BreadcrumbList\",\"@id\":\"https:\/\/hobstop.ee\/lt\/produktas\/spalvotas-piestukas-maped-colorpeps-duo\/#breadcrumb\",\"itemListElement\":[{\"@type\":\"ListItem\",\"position\":1,\"name\":\"Avaleht\",\"item\":\"https:\/\/hobstop.ee\/lt\/\"},{\"@type\":\"ListItem\",\"position\":2,\"name\":\"Parduotuv\u0117\",\"item\":\"https:\/\/hobstop.ee\/lt\/parduotuve\/\"},{\"@type\":\"ListItem\",\"position\":3,\"name\":\"Spalvotas pie\u0161tukas Maped Color&#8217;Peps Duo\"}]},{\"@type\":\"WebSite\",\"@id\":\"https:\/\/hobstop.ee\/lt\/#website\",\"url\":\"https:\/\/hobstop.ee\/lt\/\",\"name\":\"Skizze\",\"description\":\"Dail\u0117s, pom\u0117gi\u0173 ir mokykliniai reikm\u0117nys\",\"publisher\":{\"@id\":\"https:\/\/hobstop.ee\/lt\/#organization\"},\"potentialAction\":[{\"@type\":\"SearchAction\",\"target\":{\"@type\":\"EntryPoint\",\"urlTemplate\":\"https:\/\/hobstop.ee\/lt\/?s={search_term_string}\"},\"query-input\":{\"@type\":\"PropertyValueSpecification\",\"valueRequired\":true,\"valueName\":\"search_term_string\"}}],\"inLanguage\":\"lt\"},{\"@type\":\"Organization\",\"@id\":\"https:\/\/hobstop.ee\/lt\/#organization\",\"name\":\"Vunder AS\",\"url\":\"https:\/\/hobstop.ee\/lt\/\",\"logo\":{\"@type\":\"ImageObject\",\"inLanguage\":\"lt\",\"@id\":\"https:\/\/hobstop.ee\/lt\/#\/schema\/logo\/image\/\",\"url\":\"https:\/\/hobstop.ee\/media\/vunder-logo.png\",\"contentUrl\":\"https:\/\/hobstop.ee\/media\/vunder-logo.png\",\"width\":127,\"height\":55,\"caption\":\"Vunder AS\"},\"image\":{\"@id\":\"https:\/\/hobstop.ee\/lt\/#\/schema\/logo\/image\/\"},\"sameAs\":[\"http:\/\/www.facebook.com\/VunderSkizze\"]}]}<\/script>\n<!-- \/ Yoast SEO plugin. -->","yoast_head_json":{"title":"Spalvotas pie\u0161tukas Maped Color'Peps Duo &#8211; Skizze","robots":{"index":"noindex","follow":"follow","max-snippet":"max-snippet:-1","max-image-preview":"max-image-preview:large","max-video-preview":"max-video-preview:-1"},"og_locale":"lt_LT","og_type":"article","og_title":"Spalvotas pie\u0161tukas Maped Color'Peps Duo &#8211; Skizze","og_description":"Prakti\u0161ko ir sumanaus du viename stiliaus auk\u0161tos kokyb\u0117s \u201eMaped Color&#8217;Peps Duo\u201c spalvinimo pie\u0161tukai: dabar penale tur\u0117site du kartus daugiau spalv\u0173, kurios u\u017eims per pus\u0119 ma\u017eiau vietos! Lengvai suimamas ergonomi\u0161kas, trikamp\u0117s formos kotelis. Mink\u0161ti ir patvar\u016bs \u201eColor\u2019Peps\u201c spalvoti pie\u0161tukai (2,9mm skersmens) yra lengvai dro\u017eiami ir neskylantys.","og_url":"https:\/\/hobstop.ee\/lt\/produktas\/spalvotas-piestukas-maped-colorpeps-duo\/","og_site_name":"Skizze","article_publisher":"http:\/\/www.facebook.com\/VunderSkizze","article_modified_time":"-0001-11-30T00:00:00+00:00","og_image":[{"width":1024,"height":768,"url":"https:\/\/hobstop.ee\/media\/2720.jpg","type":"image\/jpeg"}],"twitter_card":"summary_large_image","schema":{"@context":"https:\/\/schema.org","@graph":[{"@type":"WebPage","@id":"https:\/\/hobstop.ee\/lt\/produktas\/spalvotas-piestukas-maped-colorpeps-duo\/","url":"https:\/\/hobstop.ee\/lt\/produktas\/spalvotas-piestukas-maped-colorpeps-duo\/","name":"Spalvotas pie\u0161tukas Maped Color'Peps Duo &#8211; Skizze","isPartOf":{"@id":"https:\/\/hobstop.ee\/lt\/#website"},"primaryImageOfPage":{"@id":"https:\/\/hobstop.ee\/lt\/produktas\/spalvotas-piestukas-maped-colorpeps-duo\/#primaryimage"},"image":{"@id":"https:\/\/hobstop.ee\/lt\/produktas\/spalvotas-piestukas-maped-colorpeps-duo\/#primaryimage"},"thumbnailUrl":"https:\/\/hobstop.ee\/media\/2720.jpg","datePublished":"2014-12-09T11:01:02+00:00","dateModified":"-0001-11-30T00:00:00+00:00","breadcrumb":{"@id":"https:\/\/hobstop.ee\/lt\/produktas\/spalvotas-piestukas-maped-colorpeps-duo\/#breadcrumb"},"inLanguage":"lt","potentialAction":[{"@type":"ReadAction","target":["https:\/\/hobstop.ee\/lt\/produktas\/spalvotas-piestukas-maped-colorpeps-duo\/"]}]},{"@type":"ImageObject","inLanguage":"lt","@id":"https:\/\/hobstop.ee\/lt\/produktas\/spalvotas-piestukas-maped-colorpeps-duo\/#primaryimage","url":"https:\/\/hobstop.ee\/media\/2720.jpg","contentUrl":"https:\/\/hobstop.ee\/media\/2720.jpg","width":1024,"height":768},{"@type":"BreadcrumbList","@id":"https:\/\/hobstop.ee\/lt\/produktas\/spalvotas-piestukas-maped-colorpeps-duo\/#breadcrumb","itemListElement":[{"@type":"ListItem","position":1,"name":"Avaleht","item":"https:\/\/hobstop.ee\/lt\/"},{"@type":"ListItem","position":2,"name":"Parduotuv\u0117","item":"https:\/\/hobstop.ee\/lt\/parduotuve\/"},{"@type":"ListItem","position":3,"name":"Spalvotas pie\u0161tukas Maped Color&#8217;Peps Duo"}]},{"@type":"WebSite","@id":"https:\/\/hobstop.ee\/lt\/#website","url":"https:\/\/hobstop.ee\/lt\/","name":"Skizze","description":"Dail\u0117s, pom\u0117gi\u0173 ir mokykliniai reikm\u0117nys","publisher":{"@id":"https:\/\/hobstop.ee\/lt\/#organization"},"potentialAction":[{"@type":"SearchAction","target":{"@type":"EntryPoint","urlTemplate":"https:\/\/hobstop.ee\/lt\/?s={search_term_string}"},"query-input":{"@type":"PropertyValueSpecification","valueRequired":true,"valueName":"search_term_string"}}],"inLanguage":"lt"},{"@type":"Organization","@id":"https:\/\/hobstop.ee\/lt\/#organization","name":"Vunder AS","url":"https:\/\/hobstop.ee\/lt\/","logo":{"@type":"ImageObject","inLanguage":"lt","@id":"https:\/\/hobstop.ee\/lt\/#\/schema\/logo\/image\/","url":"https:\/\/hobstop.ee\/media\/vunder-logo.png","contentUrl":"https:\/\/hobstop.ee\/media\/vunder-logo.png","width":127,"height":55,"caption":"Vunder AS"},"image":{"@id":"https:\/\/hobstop.ee\/lt\/#\/schema\/logo\/image\/"},"sameAs":["http:\/\/www.facebook.com\/VunderSkizze"]}]}},"_links":{"self":[{"href":"https:\/\/hobstop.ee\/lt\/wp-json\/wp\/v2\/product\/61782","targetHints":{"allow":["GET"]}}],"collection":[{"href":"https:\/\/hobstop.ee\/lt\/wp-json\/wp\/v2\/product"}],"about":[{"href":"https:\/\/hobstop.ee\/lt\/wp-json\/wp\/v2\/types\/product"}],"replies":[{"embeddable":true,"href":"https:\/\/hobstop.ee\/lt\/wp-json\/wp\/v2\/comments?post=61782"}],"wp:featuredmedia":[{"embeddable":true,"href":"https:\/\/hobstop.ee\/lt\/wp-json\/wp\/v2\/media\/353696"}],"wp:attachment":[{"href":"https:\/\/hobstop.ee\/lt\/wp-json\/wp\/v2\/media?parent=61782"}],"wp:term":[{"taxonomy":"product_cat","embeddable":true,"href":"https:\/\/hobstop.ee\/lt\/wp-json\/wp\/v2\/product_cat?post=61782"},{"taxonomy":"product_tag","embeddable":true,"href":"https:\/\/hobstop.ee\/lt\/wp-json\/wp\/v2\/product_tag?post=61782"}],"curies":[{"name":"wp","href":"https:\/\/api.w.org\/{rel}","templated":true}]}}