{"id":61805,"date":"2014-12-09T13:01:08","date_gmt":"2014-12-09T11:01:08","guid":{"rendered":"https:\/\/sharks.ee\/vunder_2019.klient.veebimajutus.ee\/?post_type=product&p=61805"},"modified":"2014-12-09T13:01:08","modified_gmt":"2014-12-09T10:01:08","slug":"giliaspaudes-spaudos-popierius-canson-edition-250g","status":"publish","type":"product","link":"https:\/\/hobstop.ee\/lt\/produktas\/giliaspaudes-spaudos-popierius-canson-edition-250g\/","title":{"rendered":"Giliaspaud\u0117s spaudos popierius Canson Edition 250g"},"content":{"rendered":"<p>Popierius \u201eCanson Edition\u201c yra pagamintas i\u0161 grynos medviln\u0117s ir atitinka standarto ISO 9706 patvarumui keliamus reikalavimus, tod\u0117l yra itin tvirtas. Popieriaus privalumas \u2013 skirtingos tekst\u016bros lapo pavir\u0161iai: viena lapo pus\u0117 yra lygi, kitoje \u2013 smulki tekst\u016bra. \u0160is dail\u0117s popierius yra universalios paskirties ir puikiai tinka pie\u0161imui bei \u012fprastos grafikos spaudos technologijoms.<br \/>\nPuikiai tinka pie\u0161imui, litografijai, ofsetui, giliaspaudei spaudai ir tipografijai.<br \/>\nTinka i\u0161 \u0161ilkografijai.<\/p>\n","protected":false},"excerpt":{"rendered":"<p>Popierius \u201eCanson Edition\u201c yra pagamintas i\u0161 grynos medviln\u0117s ir atitinka standarto ISO 9706 patvarumui keliamus reikalavimus, tod\u0117l yra itin tvirtas. Popieriaus privalumas \u2013 skirtingos tekst\u016bros lapo pavir\u0161iai: viena lapo pus\u0117 yra lygi, kitoje \u2013 smulki tekst\u016bra. \u0160is dail\u0117s popierius yra universalios paskirties ir puikiai tinka pie\u0161imui bei \u012fprastos grafikos spaudos technologijoms. Puikiai tinka pie\u0161imui, litografijai, ofsetui, giliaspaudei spaudai ir tipografijai. Tinka i\u0161 \u0161ilkografijai.<\/p>\n","protected":false},"featured_media":105343,"comment_status":"closed","ping_status":"closed","template":"","meta":{"_acf_changed":false,"ep_exclude_from_search":false},"product_cat":[17922,17993,18944],"product_tag":[],"class_list":{"0":"post-61805","1":"product","2":"type-product","3":"status-publish","4":"has-post-thumbnail","6":"product_cat-popieriaus-prekes","7":"product_cat-spausdinimo-popierius","8":"product_cat-specialus-popierius-ir-kartonas","10":"first","11":"instock","12":"taxable","13":"shipping-taxable","14":"purchasable","15":"product-type-variable"},"acf":[],"yoast_head":"<!-- This site is optimized with the Yoast SEO plugin v24.1 - https:\/\/yoast.com\/wordpress\/plugins\/seo\/ -->\n<title>Giliaspaud\u0117s spaudos popierius Canson Edition 250g &#8211; Skizze<\/title>\n<meta name=\"robots\" content=\"noindex, follow, max-snippet:-1, max-image-preview:large, max-video-preview:-1\" \/>\n<meta property=\"og:locale\" content=\"lt_LT\" \/>\n<meta property=\"og:type\" content=\"article\" \/>\n<meta property=\"og:title\" content=\"Giliaspaud\u0117s spaudos popierius Canson Edition 250g &#8211; Skizze\" \/>\n<meta property=\"og:description\" content=\"Popierius \u201eCanson Edition\u201c yra pagamintas i\u0161 grynos medviln\u0117s ir atitinka standarto ISO 9706 patvarumui keliamus reikalavimus, tod\u0117l yra itin tvirtas. Popieriaus privalumas \u2013 skirtingos tekst\u016bros lapo pavir\u0161iai: viena lapo pus\u0117 yra lygi, kitoje \u2013 smulki tekst\u016bra. \u0160is dail\u0117s popierius yra universalios paskirties ir puikiai tinka pie\u0161imui bei \u012fprastos grafikos spaudos technologijoms. Puikiai tinka pie\u0161imui, litografijai, ofsetui, giliaspaudei spaudai ir tipografijai. Tinka i\u0161 \u0161ilkografijai.\" \/>\n<meta property=\"og:url\" content=\"https:\/\/hobstop.ee\/lt\/produktas\/giliaspaudes-spaudos-popierius-canson-edition-250g\/\" \/>\n<meta property=\"og:site_name\" content=\"Skizze\" \/>\n<meta property=\"article:publisher\" content=\"http:\/\/www.facebook.com\/VunderSkizze\" \/>\n<meta property=\"article:modified_time\" content=\"-0001-11-30T00:00:00+00:00\" \/>\n<meta property=\"og:image\" content=\"https:\/\/hobstop.ee\/media\/2760.jpg\" \/>\n\t<meta property=\"og:image:width\" content=\"1024\" \/>\n\t<meta property=\"og:image:height\" content=\"768\" \/>\n\t<meta property=\"og:image:type\" content=\"image\/jpeg\" \/>\n<meta name=\"twitter:card\" content=\"summary_large_image\" \/>\n<script type=\"application\/ld+json\" class=\"yoast-schema-graph\">{\"@context\":\"https:\/\/schema.org\",\"@graph\":[{\"@type\":\"WebPage\",\"@id\":\"https:\/\/hobstop.ee\/lt\/produktas\/giliaspaudes-spaudos-popierius-canson-edition-250g\/\",\"url\":\"https:\/\/hobstop.ee\/lt\/produktas\/giliaspaudes-spaudos-popierius-canson-edition-250g\/\",\"name\":\"Giliaspaud\u0117s spaudos popierius Canson Edition 250g &#8211; Skizze\",\"isPartOf\":{\"@id\":\"https:\/\/hobstop.ee\/lt\/#website\"},\"primaryImageOfPage\":{\"@id\":\"https:\/\/hobstop.ee\/lt\/produktas\/giliaspaudes-spaudos-popierius-canson-edition-250g\/#primaryimage\"},\"image\":{\"@id\":\"https:\/\/hobstop.ee\/lt\/produktas\/giliaspaudes-spaudos-popierius-canson-edition-250g\/#primaryimage\"},\"thumbnailUrl\":\"https:\/\/hobstop.ee\/media\/2760.jpg\",\"datePublished\":\"2014-12-09T11:01:08+00:00\",\"dateModified\":\"-0001-11-30T00:00:00+00:00\",\"breadcrumb\":{\"@id\":\"https:\/\/hobstop.ee\/lt\/produktas\/giliaspaudes-spaudos-popierius-canson-edition-250g\/#breadcrumb\"},\"inLanguage\":\"lt\",\"potentialAction\":[{\"@type\":\"ReadAction\",\"target\":[\"https:\/\/hobstop.ee\/lt\/produktas\/giliaspaudes-spaudos-popierius-canson-edition-250g\/\"]}]},{\"@type\":\"ImageObject\",\"inLanguage\":\"lt\",\"@id\":\"https:\/\/hobstop.ee\/lt\/produktas\/giliaspaudes-spaudos-popierius-canson-edition-250g\/#primaryimage\",\"url\":\"https:\/\/hobstop.ee\/media\/2760.jpg\",\"contentUrl\":\"https:\/\/hobstop.ee\/media\/2760.jpg\",\"width\":1024,\"height\":768},{\"@type\":\"BreadcrumbList\",\"@id\":\"https:\/\/hobstop.ee\/lt\/produktas\/giliaspaudes-spaudos-popierius-canson-edition-250g\/#breadcrumb\",\"itemListElement\":[{\"@type\":\"ListItem\",\"position\":1,\"name\":\"Avaleht\",\"item\":\"https:\/\/hobstop.ee\/lt\/\"},{\"@type\":\"ListItem\",\"position\":2,\"name\":\"Parduotuv\u0117\",\"item\":\"https:\/\/hobstop.ee\/lt\/parduotuve\/\"},{\"@type\":\"ListItem\",\"position\":3,\"name\":\"Giliaspaud\u0117s spaudos popierius Canson Edition 250g\"}]},{\"@type\":\"WebSite\",\"@id\":\"https:\/\/hobstop.ee\/lt\/#website\",\"url\":\"https:\/\/hobstop.ee\/lt\/\",\"name\":\"Skizze\",\"description\":\"Dail\u0117s, pom\u0117gi\u0173 ir mokykliniai reikm\u0117nys\",\"publisher\":{\"@id\":\"https:\/\/hobstop.ee\/lt\/#organization\"},\"potentialAction\":[{\"@type\":\"SearchAction\",\"target\":{\"@type\":\"EntryPoint\",\"urlTemplate\":\"https:\/\/hobstop.ee\/lt\/?s={search_term_string}\"},\"query-input\":{\"@type\":\"PropertyValueSpecification\",\"valueRequired\":true,\"valueName\":\"search_term_string\"}}],\"inLanguage\":\"lt\"},{\"@type\":\"Organization\",\"@id\":\"https:\/\/hobstop.ee\/lt\/#organization\",\"name\":\"Vunder AS\",\"url\":\"https:\/\/hobstop.ee\/lt\/\",\"logo\":{\"@type\":\"ImageObject\",\"inLanguage\":\"lt\",\"@id\":\"https:\/\/hobstop.ee\/lt\/#\/schema\/logo\/image\/\",\"url\":\"https:\/\/hobstop.ee\/media\/vunder-logo.png\",\"contentUrl\":\"https:\/\/hobstop.ee\/media\/vunder-logo.png\",\"width\":127,\"height\":55,\"caption\":\"Vunder AS\"},\"image\":{\"@id\":\"https:\/\/hobstop.ee\/lt\/#\/schema\/logo\/image\/\"},\"sameAs\":[\"http:\/\/www.facebook.com\/VunderSkizze\"]}]}<\/script>\n<!-- \/ Yoast SEO plugin. -->","yoast_head_json":{"title":"Giliaspaud\u0117s spaudos popierius Canson Edition 250g &#8211; Skizze","robots":{"index":"noindex","follow":"follow","max-snippet":"max-snippet:-1","max-image-preview":"max-image-preview:large","max-video-preview":"max-video-preview:-1"},"og_locale":"lt_LT","og_type":"article","og_title":"Giliaspaud\u0117s spaudos popierius Canson Edition 250g &#8211; Skizze","og_description":"Popierius \u201eCanson Edition\u201c yra pagamintas i\u0161 grynos medviln\u0117s ir atitinka standarto ISO 9706 patvarumui keliamus reikalavimus, tod\u0117l yra itin tvirtas. Popieriaus privalumas \u2013 skirtingos tekst\u016bros lapo pavir\u0161iai: viena lapo pus\u0117 yra lygi, kitoje \u2013 smulki tekst\u016bra. \u0160is dail\u0117s popierius yra universalios paskirties ir puikiai tinka pie\u0161imui bei \u012fprastos grafikos spaudos technologijoms. Puikiai tinka pie\u0161imui, litografijai, ofsetui, giliaspaudei spaudai ir tipografijai. Tinka i\u0161 \u0161ilkografijai.","og_url":"https:\/\/hobstop.ee\/lt\/produktas\/giliaspaudes-spaudos-popierius-canson-edition-250g\/","og_site_name":"Skizze","article_publisher":"http:\/\/www.facebook.com\/VunderSkizze","article_modified_time":"-0001-11-30T00:00:00+00:00","og_image":[{"width":1024,"height":768,"url":"https:\/\/hobstop.ee\/media\/2760.jpg","type":"image\/jpeg"}],"twitter_card":"summary_large_image","schema":{"@context":"https:\/\/schema.org","@graph":[{"@type":"WebPage","@id":"https:\/\/hobstop.ee\/lt\/produktas\/giliaspaudes-spaudos-popierius-canson-edition-250g\/","url":"https:\/\/hobstop.ee\/lt\/produktas\/giliaspaudes-spaudos-popierius-canson-edition-250g\/","name":"Giliaspaud\u0117s spaudos popierius Canson Edition 250g &#8211; Skizze","isPartOf":{"@id":"https:\/\/hobstop.ee\/lt\/#website"},"primaryImageOfPage":{"@id":"https:\/\/hobstop.ee\/lt\/produktas\/giliaspaudes-spaudos-popierius-canson-edition-250g\/#primaryimage"},"image":{"@id":"https:\/\/hobstop.ee\/lt\/produktas\/giliaspaudes-spaudos-popierius-canson-edition-250g\/#primaryimage"},"thumbnailUrl":"https:\/\/hobstop.ee\/media\/2760.jpg","datePublished":"2014-12-09T11:01:08+00:00","dateModified":"-0001-11-30T00:00:00+00:00","breadcrumb":{"@id":"https:\/\/hobstop.ee\/lt\/produktas\/giliaspaudes-spaudos-popierius-canson-edition-250g\/#breadcrumb"},"inLanguage":"lt","potentialAction":[{"@type":"ReadAction","target":["https:\/\/hobstop.ee\/lt\/produktas\/giliaspaudes-spaudos-popierius-canson-edition-250g\/"]}]},{"@type":"ImageObject","inLanguage":"lt","@id":"https:\/\/hobstop.ee\/lt\/produktas\/giliaspaudes-spaudos-popierius-canson-edition-250g\/#primaryimage","url":"https:\/\/hobstop.ee\/media\/2760.jpg","contentUrl":"https:\/\/hobstop.ee\/media\/2760.jpg","width":1024,"height":768},{"@type":"BreadcrumbList","@id":"https:\/\/hobstop.ee\/lt\/produktas\/giliaspaudes-spaudos-popierius-canson-edition-250g\/#breadcrumb","itemListElement":[{"@type":"ListItem","position":1,"name":"Avaleht","item":"https:\/\/hobstop.ee\/lt\/"},{"@type":"ListItem","position":2,"name":"Parduotuv\u0117","item":"https:\/\/hobstop.ee\/lt\/parduotuve\/"},{"@type":"ListItem","position":3,"name":"Giliaspaud\u0117s spaudos popierius Canson Edition 250g"}]},{"@type":"WebSite","@id":"https:\/\/hobstop.ee\/lt\/#website","url":"https:\/\/hobstop.ee\/lt\/","name":"Skizze","description":"Dail\u0117s, pom\u0117gi\u0173 ir mokykliniai reikm\u0117nys","publisher":{"@id":"https:\/\/hobstop.ee\/lt\/#organization"},"potentialAction":[{"@type":"SearchAction","target":{"@type":"EntryPoint","urlTemplate":"https:\/\/hobstop.ee\/lt\/?s={search_term_string}"},"query-input":{"@type":"PropertyValueSpecification","valueRequired":true,"valueName":"search_term_string"}}],"inLanguage":"lt"},{"@type":"Organization","@id":"https:\/\/hobstop.ee\/lt\/#organization","name":"Vunder AS","url":"https:\/\/hobstop.ee\/lt\/","logo":{"@type":"ImageObject","inLanguage":"lt","@id":"https:\/\/hobstop.ee\/lt\/#\/schema\/logo\/image\/","url":"https:\/\/hobstop.ee\/media\/vunder-logo.png","contentUrl":"https:\/\/hobstop.ee\/media\/vunder-logo.png","width":127,"height":55,"caption":"Vunder AS"},"image":{"@id":"https:\/\/hobstop.ee\/lt\/#\/schema\/logo\/image\/"},"sameAs":["http:\/\/www.facebook.com\/VunderSkizze"]}]}},"_links":{"self":[{"href":"https:\/\/hobstop.ee\/lt\/wp-json\/wp\/v2\/product\/61805","targetHints":{"allow":["GET"]}}],"collection":[{"href":"https:\/\/hobstop.ee\/lt\/wp-json\/wp\/v2\/product"}],"about":[{"href":"https:\/\/hobstop.ee\/lt\/wp-json\/wp\/v2\/types\/product"}],"replies":[{"embeddable":true,"href":"https:\/\/hobstop.ee\/lt\/wp-json\/wp\/v2\/comments?post=61805"}],"wp:featuredmedia":[{"embeddable":true,"href":"https:\/\/hobstop.ee\/lt\/wp-json\/wp\/v2\/media\/105343"}],"wp:attachment":[{"href":"https:\/\/hobstop.ee\/lt\/wp-json\/wp\/v2\/media?parent=61805"}],"wp:term":[{"taxonomy":"product_cat","embeddable":true,"href":"https:\/\/hobstop.ee\/lt\/wp-json\/wp\/v2\/product_cat?post=61805"},{"taxonomy":"product_tag","embeddable":true,"href":"https:\/\/hobstop.ee\/lt\/wp-json\/wp\/v2\/product_tag?post=61805"}],"curies":[{"name":"wp","href":"https:\/\/api.w.org\/{rel}","templated":true}]}}