{"id":61817,"date":"2014-12-09T13:01:12","date_gmt":"2014-12-09T11:01:12","guid":{"rendered":"https:\/\/sharks.ee\/vunder_2019.klient.veebimajutus.ee\/?post_type=product&p=61817"},"modified":"2014-12-09T13:01:12","modified_gmt":"2014-12-09T10:01:12","slug":"aplankas-canson-studio","status":"publish","type":"product","link":"https:\/\/hobstop.ee\/lt\/produktas\/aplankas-canson-studio\/","title":{"rendered":"Aplankas Canson Studio"},"content":{"rendered":"<p>Itin tinka vaizduojamojo meno studentams. Popierinis aplankas \u201eAnnonay\u201c, kurio vidin\u0117 pus\u0117 yra i\u0161 balto popieriaus, kurio sud\u0117tyje n\u0117ra r\u016bg\u0161\u010di\u0173, yra puiki meno k\u016brini\u0173 apsauga. Aplanko nugar\u0117l\u0117 yra pagaminta i\u0161 juodo lininio audinio, u\u017edaromas dvejomis gumin\u0117mis juostel\u0117mis.<\/p>\n","protected":false},"excerpt":{"rendered":"<p>Itin tinka vaizduojamojo meno studentams. Popierinis aplankas \u201eAnnonay\u201c, kurio vidin\u0117 pus\u0117 yra i\u0161 balto popieriaus, kurio sud\u0117tyje n\u0117ra r\u016bg\u0161\u010di\u0173, yra puiki meno k\u016brini\u0173 apsauga. Aplanko nugar\u0117l\u0117 yra pagaminta i\u0161 juodo lininio audinio, u\u017edaromas dvejomis gumin\u0117mis juostel\u0117mis.<\/p>\n","protected":false},"featured_media":105363,"comment_status":"closed","ping_status":"closed","template":"","meta":{"_acf_changed":false,"ep_exclude_from_search":false},"product_cat":[18034,18917,17914],"product_tag":[],"class_list":{"0":"post-61817","1":"product","2":"type-product","3":"status-publish","4":"has-post-thumbnail","6":"product_cat-aplankai","7":"product_cat-aplankai-ir-dokumentu-archyvavimo-prekes","8":"product_cat-rastines-prekes","10":"first","11":"outofstock","12":"taxable","13":"shipping-taxable","14":"purchasable","15":"product-type-variable"},"acf":[],"yoast_head":"<!-- This site is optimized with the Yoast SEO plugin v24.1 - https:\/\/yoast.com\/wordpress\/plugins\/seo\/ -->\n<title>Aplankas Canson Studio &#8211; Skizze<\/title>\n<meta name=\"robots\" content=\"noindex, follow, max-snippet:-1, max-image-preview:large, max-video-preview:-1\" \/>\n<meta property=\"og:locale\" content=\"lt_LT\" \/>\n<meta property=\"og:type\" content=\"article\" \/>\n<meta property=\"og:title\" content=\"Aplankas Canson Studio &#8211; Skizze\" \/>\n<meta property=\"og:description\" content=\"Itin tinka vaizduojamojo meno studentams. Popierinis aplankas \u201eAnnonay\u201c, kurio vidin\u0117 pus\u0117 yra i\u0161 balto popieriaus, kurio sud\u0117tyje n\u0117ra r\u016bg\u0161\u010di\u0173, yra puiki meno k\u016brini\u0173 apsauga. Aplanko nugar\u0117l\u0117 yra pagaminta i\u0161 juodo lininio audinio, u\u017edaromas dvejomis gumin\u0117mis juostel\u0117mis.\" \/>\n<meta property=\"og:url\" content=\"https:\/\/hobstop.ee\/lt\/produktas\/aplankas-canson-studio\/\" \/>\n<meta property=\"og:site_name\" content=\"Skizze\" \/>\n<meta property=\"article:publisher\" content=\"http:\/\/www.facebook.com\/VunderSkizze\" \/>\n<meta property=\"article:modified_time\" content=\"-0001-11-30T00:00:00+00:00\" \/>\n<meta property=\"og:image\" content=\"https:\/\/hobstop.ee\/media\/2774.jpg\" \/>\n\t<meta property=\"og:image:width\" content=\"1024\" \/>\n\t<meta property=\"og:image:height\" content=\"768\" \/>\n\t<meta property=\"og:image:type\" content=\"image\/jpeg\" \/>\n<meta name=\"twitter:card\" content=\"summary_large_image\" \/>\n<script type=\"application\/ld+json\" class=\"yoast-schema-graph\">{\"@context\":\"https:\/\/schema.org\",\"@graph\":[{\"@type\":\"WebPage\",\"@id\":\"https:\/\/hobstop.ee\/lt\/produktas\/aplankas-canson-studio\/\",\"url\":\"https:\/\/hobstop.ee\/lt\/produktas\/aplankas-canson-studio\/\",\"name\":\"Aplankas Canson Studio &#8211; Skizze\",\"isPartOf\":{\"@id\":\"https:\/\/hobstop.ee\/lt\/#website\"},\"primaryImageOfPage\":{\"@id\":\"https:\/\/hobstop.ee\/lt\/produktas\/aplankas-canson-studio\/#primaryimage\"},\"image\":{\"@id\":\"https:\/\/hobstop.ee\/lt\/produktas\/aplankas-canson-studio\/#primaryimage\"},\"thumbnailUrl\":\"https:\/\/hobstop.ee\/media\/2774.jpg\",\"datePublished\":\"2014-12-09T11:01:12+00:00\",\"dateModified\":\"-0001-11-30T00:00:00+00:00\",\"breadcrumb\":{\"@id\":\"https:\/\/hobstop.ee\/lt\/produktas\/aplankas-canson-studio\/#breadcrumb\"},\"inLanguage\":\"lt\",\"potentialAction\":[{\"@type\":\"ReadAction\",\"target\":[\"https:\/\/hobstop.ee\/lt\/produktas\/aplankas-canson-studio\/\"]}]},{\"@type\":\"ImageObject\",\"inLanguage\":\"lt\",\"@id\":\"https:\/\/hobstop.ee\/lt\/produktas\/aplankas-canson-studio\/#primaryimage\",\"url\":\"https:\/\/hobstop.ee\/media\/2774.jpg\",\"contentUrl\":\"https:\/\/hobstop.ee\/media\/2774.jpg\",\"width\":1024,\"height\":768},{\"@type\":\"BreadcrumbList\",\"@id\":\"https:\/\/hobstop.ee\/lt\/produktas\/aplankas-canson-studio\/#breadcrumb\",\"itemListElement\":[{\"@type\":\"ListItem\",\"position\":1,\"name\":\"Avaleht\",\"item\":\"https:\/\/hobstop.ee\/lt\/\"},{\"@type\":\"ListItem\",\"position\":2,\"name\":\"Parduotuv\u0117\",\"item\":\"https:\/\/hobstop.ee\/lt\/parduotuve\/\"},{\"@type\":\"ListItem\",\"position\":3,\"name\":\"Aplankas Canson Studio\"}]},{\"@type\":\"WebSite\",\"@id\":\"https:\/\/hobstop.ee\/lt\/#website\",\"url\":\"https:\/\/hobstop.ee\/lt\/\",\"name\":\"Skizze\",\"description\":\"Dail\u0117s, pom\u0117gi\u0173 ir mokykliniai reikm\u0117nys\",\"publisher\":{\"@id\":\"https:\/\/hobstop.ee\/lt\/#organization\"},\"potentialAction\":[{\"@type\":\"SearchAction\",\"target\":{\"@type\":\"EntryPoint\",\"urlTemplate\":\"https:\/\/hobstop.ee\/lt\/?s={search_term_string}\"},\"query-input\":{\"@type\":\"PropertyValueSpecification\",\"valueRequired\":true,\"valueName\":\"search_term_string\"}}],\"inLanguage\":\"lt\"},{\"@type\":\"Organization\",\"@id\":\"https:\/\/hobstop.ee\/lt\/#organization\",\"name\":\"Vunder AS\",\"url\":\"https:\/\/hobstop.ee\/lt\/\",\"logo\":{\"@type\":\"ImageObject\",\"inLanguage\":\"lt\",\"@id\":\"https:\/\/hobstop.ee\/lt\/#\/schema\/logo\/image\/\",\"url\":\"https:\/\/hobstop.ee\/media\/vunder-logo.png\",\"contentUrl\":\"https:\/\/hobstop.ee\/media\/vunder-logo.png\",\"width\":127,\"height\":55,\"caption\":\"Vunder AS\"},\"image\":{\"@id\":\"https:\/\/hobstop.ee\/lt\/#\/schema\/logo\/image\/\"},\"sameAs\":[\"http:\/\/www.facebook.com\/VunderSkizze\"]}]}<\/script>\n<!-- \/ Yoast SEO plugin. -->","yoast_head_json":{"title":"Aplankas Canson Studio &#8211; Skizze","robots":{"index":"noindex","follow":"follow","max-snippet":"max-snippet:-1","max-image-preview":"max-image-preview:large","max-video-preview":"max-video-preview:-1"},"og_locale":"lt_LT","og_type":"article","og_title":"Aplankas Canson Studio &#8211; Skizze","og_description":"Itin tinka vaizduojamojo meno studentams. Popierinis aplankas \u201eAnnonay\u201c, kurio vidin\u0117 pus\u0117 yra i\u0161 balto popieriaus, kurio sud\u0117tyje n\u0117ra r\u016bg\u0161\u010di\u0173, yra puiki meno k\u016brini\u0173 apsauga. Aplanko nugar\u0117l\u0117 yra pagaminta i\u0161 juodo lininio audinio, u\u017edaromas dvejomis gumin\u0117mis juostel\u0117mis.","og_url":"https:\/\/hobstop.ee\/lt\/produktas\/aplankas-canson-studio\/","og_site_name":"Skizze","article_publisher":"http:\/\/www.facebook.com\/VunderSkizze","article_modified_time":"-0001-11-30T00:00:00+00:00","og_image":[{"width":1024,"height":768,"url":"https:\/\/hobstop.ee\/media\/2774.jpg","type":"image\/jpeg"}],"twitter_card":"summary_large_image","schema":{"@context":"https:\/\/schema.org","@graph":[{"@type":"WebPage","@id":"https:\/\/hobstop.ee\/lt\/produktas\/aplankas-canson-studio\/","url":"https:\/\/hobstop.ee\/lt\/produktas\/aplankas-canson-studio\/","name":"Aplankas Canson Studio &#8211; Skizze","isPartOf":{"@id":"https:\/\/hobstop.ee\/lt\/#website"},"primaryImageOfPage":{"@id":"https:\/\/hobstop.ee\/lt\/produktas\/aplankas-canson-studio\/#primaryimage"},"image":{"@id":"https:\/\/hobstop.ee\/lt\/produktas\/aplankas-canson-studio\/#primaryimage"},"thumbnailUrl":"https:\/\/hobstop.ee\/media\/2774.jpg","datePublished":"2014-12-09T11:01:12+00:00","dateModified":"-0001-11-30T00:00:00+00:00","breadcrumb":{"@id":"https:\/\/hobstop.ee\/lt\/produktas\/aplankas-canson-studio\/#breadcrumb"},"inLanguage":"lt","potentialAction":[{"@type":"ReadAction","target":["https:\/\/hobstop.ee\/lt\/produktas\/aplankas-canson-studio\/"]}]},{"@type":"ImageObject","inLanguage":"lt","@id":"https:\/\/hobstop.ee\/lt\/produktas\/aplankas-canson-studio\/#primaryimage","url":"https:\/\/hobstop.ee\/media\/2774.jpg","contentUrl":"https:\/\/hobstop.ee\/media\/2774.jpg","width":1024,"height":768},{"@type":"BreadcrumbList","@id":"https:\/\/hobstop.ee\/lt\/produktas\/aplankas-canson-studio\/#breadcrumb","itemListElement":[{"@type":"ListItem","position":1,"name":"Avaleht","item":"https:\/\/hobstop.ee\/lt\/"},{"@type":"ListItem","position":2,"name":"Parduotuv\u0117","item":"https:\/\/hobstop.ee\/lt\/parduotuve\/"},{"@type":"ListItem","position":3,"name":"Aplankas Canson Studio"}]},{"@type":"WebSite","@id":"https:\/\/hobstop.ee\/lt\/#website","url":"https:\/\/hobstop.ee\/lt\/","name":"Skizze","description":"Dail\u0117s, pom\u0117gi\u0173 ir mokykliniai reikm\u0117nys","publisher":{"@id":"https:\/\/hobstop.ee\/lt\/#organization"},"potentialAction":[{"@type":"SearchAction","target":{"@type":"EntryPoint","urlTemplate":"https:\/\/hobstop.ee\/lt\/?s={search_term_string}"},"query-input":{"@type":"PropertyValueSpecification","valueRequired":true,"valueName":"search_term_string"}}],"inLanguage":"lt"},{"@type":"Organization","@id":"https:\/\/hobstop.ee\/lt\/#organization","name":"Vunder AS","url":"https:\/\/hobstop.ee\/lt\/","logo":{"@type":"ImageObject","inLanguage":"lt","@id":"https:\/\/hobstop.ee\/lt\/#\/schema\/logo\/image\/","url":"https:\/\/hobstop.ee\/media\/vunder-logo.png","contentUrl":"https:\/\/hobstop.ee\/media\/vunder-logo.png","width":127,"height":55,"caption":"Vunder AS"},"image":{"@id":"https:\/\/hobstop.ee\/lt\/#\/schema\/logo\/image\/"},"sameAs":["http:\/\/www.facebook.com\/VunderSkizze"]}]}},"_links":{"self":[{"href":"https:\/\/hobstop.ee\/lt\/wp-json\/wp\/v2\/product\/61817","targetHints":{"allow":["GET"]}}],"collection":[{"href":"https:\/\/hobstop.ee\/lt\/wp-json\/wp\/v2\/product"}],"about":[{"href":"https:\/\/hobstop.ee\/lt\/wp-json\/wp\/v2\/types\/product"}],"replies":[{"embeddable":true,"href":"https:\/\/hobstop.ee\/lt\/wp-json\/wp\/v2\/comments?post=61817"}],"wp:featuredmedia":[{"embeddable":true,"href":"https:\/\/hobstop.ee\/lt\/wp-json\/wp\/v2\/media\/105363"}],"wp:attachment":[{"href":"https:\/\/hobstop.ee\/lt\/wp-json\/wp\/v2\/media?parent=61817"}],"wp:term":[{"taxonomy":"product_cat","embeddable":true,"href":"https:\/\/hobstop.ee\/lt\/wp-json\/wp\/v2\/product_cat?post=61817"},{"taxonomy":"product_tag","embeddable":true,"href":"https:\/\/hobstop.ee\/lt\/wp-json\/wp\/v2\/product_tag?post=61817"}],"curies":[{"name":"wp","href":"https:\/\/api.w.org\/{rel}","templated":true}]}}