{"id":61832,"date":"2014-12-09T13:01:16","date_gmt":"2014-12-09T11:01:16","guid":{"rendered":"https:\/\/sharks.ee\/vunder_2019.klient.veebimajutus.ee\/?post_type=product&p=61832"},"modified":"2014-12-09T13:01:16","modified_gmt":"2014-12-09T10:01:16","slug":"sablonas-marabu-3d-15x20cm","status":"publish","type":"product","link":"https:\/\/hobstop.ee\/lt\/produktas\/sablonas-marabu-3d-15x20cm\/","title":{"rendered":"\u0160ablonas Marabu 3D 15x20cm"},"content":{"rendered":"<p>0,5 mm storio \u201eMarabu\u201c trafaret\u0173 sud\u0117tyje n\u0117ra PVC. Jie puikiai tinka eleganti\u0161kam sien\u0173, bald\u0173 ir drobi\u0173 dekoravimui. Trafaretai yra pagaminti i\u0161 skaidraus poliesterio, tod\u0117l dekoruojamas pavir\u0161ius yra gerai matyti. Trafaretai yra patvar\u016bs ir ilgalaikiai. Trafaret\u0173 ornamentai sukurti \u201eMarabu\u201c studijoje. Jais galima dekoruoti bordi\u016brus ar daiktus veidrodiniu vaizdu.<\/p>\n","protected":false},"excerpt":{"rendered":"<p>0,5 mm storio \u201eMarabu\u201c trafaret\u0173 sud\u0117tyje n\u0117ra PVC. Jie puikiai tinka eleganti\u0161kam sien\u0173, bald\u0173 ir drobi\u0173 dekoravimui. Trafaretai yra pagaminti i\u0161 skaidraus poliesterio, tod\u0117l dekoruojamas pavir\u0161ius yra gerai matyti. Trafaretai yra patvar\u016bs ir ilgalaikiai. Trafaret\u0173 ornamentai sukurti \u201eMarabu\u201c studijoje. Jais galima dekoruoti bordi\u016brus ar daiktus veidrodiniu vaizdu.<\/p>\n","protected":false},"featured_media":0,"comment_status":"closed","ping_status":"closed","template":"","meta":{"_acf_changed":false,"ep_exclude_from_search":false},"product_cat":[239,17919,20022],"product_tag":[],"class_list":{"0":"post-61832","1":"product","2":"type-product","3":"status-publish","5":"product_cat-aerosoolvarvid","6":"product_cat-pomegiu-prekes","7":"product_cat-sablonai-ir-antspaudai","9":"first","10":"instock","11":"sale","12":"taxable","13":"shipping-taxable","14":"purchasable","15":"product-type-variable"},"acf":[],"yoast_head":"<!-- This site is optimized with the Yoast SEO plugin v24.1 - https:\/\/yoast.com\/wordpress\/plugins\/seo\/ -->\n<title>\u0160ablonas Marabu 3D 15x20cm &#8211; Skizze<\/title>\n<meta name=\"robots\" content=\"noindex, follow, max-snippet:-1, max-image-preview:large, max-video-preview:-1\" \/>\n<meta property=\"og:locale\" content=\"lt_LT\" \/>\n<meta property=\"og:type\" content=\"article\" \/>\n<meta property=\"og:title\" content=\"\u0160ablonas Marabu 3D 15x20cm &#8211; Skizze\" \/>\n<meta property=\"og:description\" content=\"0,5 mm storio \u201eMarabu\u201c trafaret\u0173 sud\u0117tyje n\u0117ra PVC. Jie puikiai tinka eleganti\u0161kam sien\u0173, bald\u0173 ir drobi\u0173 dekoravimui. Trafaretai yra pagaminti i\u0161 skaidraus poliesterio, tod\u0117l dekoruojamas pavir\u0161ius yra gerai matyti. Trafaretai yra patvar\u016bs ir ilgalaikiai. Trafaret\u0173 ornamentai sukurti \u201eMarabu\u201c studijoje. Jais galima dekoruoti bordi\u016brus ar daiktus veidrodiniu vaizdu.\" \/>\n<meta property=\"og:url\" content=\"https:\/\/hobstop.ee\/lt\/produktas\/sablonas-marabu-3d-15x20cm\/\" \/>\n<meta property=\"og:site_name\" content=\"Skizze\" \/>\n<meta property=\"article:publisher\" content=\"http:\/\/www.facebook.com\/VunderSkizze\" \/>\n<meta property=\"article:modified_time\" content=\"-0001-11-30T00:00:00+00:00\" \/>\n<meta name=\"twitter:card\" content=\"summary_large_image\" \/>\n<script type=\"application\/ld+json\" class=\"yoast-schema-graph\">{\"@context\":\"https:\/\/schema.org\",\"@graph\":[{\"@type\":\"WebPage\",\"@id\":\"https:\/\/hobstop.ee\/lt\/produktas\/sablonas-marabu-3d-15x20cm\/\",\"url\":\"https:\/\/hobstop.ee\/lt\/produktas\/sablonas-marabu-3d-15x20cm\/\",\"name\":\"\u0160ablonas Marabu 3D 15x20cm &#8211; Skizze\",\"isPartOf\":{\"@id\":\"https:\/\/hobstop.ee\/lt\/#website\"},\"datePublished\":\"2014-12-09T11:01:16+00:00\",\"dateModified\":\"-0001-11-30T00:00:00+00:00\",\"breadcrumb\":{\"@id\":\"https:\/\/hobstop.ee\/lt\/produktas\/sablonas-marabu-3d-15x20cm\/#breadcrumb\"},\"inLanguage\":\"lt\",\"potentialAction\":[{\"@type\":\"ReadAction\",\"target\":[\"https:\/\/hobstop.ee\/lt\/produktas\/sablonas-marabu-3d-15x20cm\/\"]}]},{\"@type\":\"BreadcrumbList\",\"@id\":\"https:\/\/hobstop.ee\/lt\/produktas\/sablonas-marabu-3d-15x20cm\/#breadcrumb\",\"itemListElement\":[{\"@type\":\"ListItem\",\"position\":1,\"name\":\"Avaleht\",\"item\":\"https:\/\/hobstop.ee\/lt\/\"},{\"@type\":\"ListItem\",\"position\":2,\"name\":\"Parduotuv\u0117\",\"item\":\"https:\/\/hobstop.ee\/lt\/parduotuve\/\"},{\"@type\":\"ListItem\",\"position\":3,\"name\":\"\u0160ablonas Marabu 3D 15x20cm\"}]},{\"@type\":\"WebSite\",\"@id\":\"https:\/\/hobstop.ee\/lt\/#website\",\"url\":\"https:\/\/hobstop.ee\/lt\/\",\"name\":\"Skizze\",\"description\":\"Dail\u0117s, pom\u0117gi\u0173 ir mokykliniai reikm\u0117nys\",\"publisher\":{\"@id\":\"https:\/\/hobstop.ee\/lt\/#organization\"},\"potentialAction\":[{\"@type\":\"SearchAction\",\"target\":{\"@type\":\"EntryPoint\",\"urlTemplate\":\"https:\/\/hobstop.ee\/lt\/?s={search_term_string}\"},\"query-input\":{\"@type\":\"PropertyValueSpecification\",\"valueRequired\":true,\"valueName\":\"search_term_string\"}}],\"inLanguage\":\"lt\"},{\"@type\":\"Organization\",\"@id\":\"https:\/\/hobstop.ee\/lt\/#organization\",\"name\":\"Vunder AS\",\"url\":\"https:\/\/hobstop.ee\/lt\/\",\"logo\":{\"@type\":\"ImageObject\",\"inLanguage\":\"lt\",\"@id\":\"https:\/\/hobstop.ee\/lt\/#\/schema\/logo\/image\/\",\"url\":\"https:\/\/hobstop.ee\/media\/vunder-logo.png\",\"contentUrl\":\"https:\/\/hobstop.ee\/media\/vunder-logo.png\",\"width\":127,\"height\":55,\"caption\":\"Vunder AS\"},\"image\":{\"@id\":\"https:\/\/hobstop.ee\/lt\/#\/schema\/logo\/image\/\"},\"sameAs\":[\"http:\/\/www.facebook.com\/VunderSkizze\"]}]}<\/script>\n<!-- \/ Yoast SEO plugin. -->","yoast_head_json":{"title":"\u0160ablonas Marabu 3D 15x20cm &#8211; Skizze","robots":{"index":"noindex","follow":"follow","max-snippet":"max-snippet:-1","max-image-preview":"max-image-preview:large","max-video-preview":"max-video-preview:-1"},"og_locale":"lt_LT","og_type":"article","og_title":"\u0160ablonas Marabu 3D 15x20cm &#8211; Skizze","og_description":"0,5 mm storio \u201eMarabu\u201c trafaret\u0173 sud\u0117tyje n\u0117ra PVC. Jie puikiai tinka eleganti\u0161kam sien\u0173, bald\u0173 ir drobi\u0173 dekoravimui. Trafaretai yra pagaminti i\u0161 skaidraus poliesterio, tod\u0117l dekoruojamas pavir\u0161ius yra gerai matyti. Trafaretai yra patvar\u016bs ir ilgalaikiai. Trafaret\u0173 ornamentai sukurti \u201eMarabu\u201c studijoje. Jais galima dekoruoti bordi\u016brus ar daiktus veidrodiniu vaizdu.","og_url":"https:\/\/hobstop.ee\/lt\/produktas\/sablonas-marabu-3d-15x20cm\/","og_site_name":"Skizze","article_publisher":"http:\/\/www.facebook.com\/VunderSkizze","article_modified_time":"-0001-11-30T00:00:00+00:00","twitter_card":"summary_large_image","schema":{"@context":"https:\/\/schema.org","@graph":[{"@type":"WebPage","@id":"https:\/\/hobstop.ee\/lt\/produktas\/sablonas-marabu-3d-15x20cm\/","url":"https:\/\/hobstop.ee\/lt\/produktas\/sablonas-marabu-3d-15x20cm\/","name":"\u0160ablonas Marabu 3D 15x20cm &#8211; Skizze","isPartOf":{"@id":"https:\/\/hobstop.ee\/lt\/#website"},"datePublished":"2014-12-09T11:01:16+00:00","dateModified":"-0001-11-30T00:00:00+00:00","breadcrumb":{"@id":"https:\/\/hobstop.ee\/lt\/produktas\/sablonas-marabu-3d-15x20cm\/#breadcrumb"},"inLanguage":"lt","potentialAction":[{"@type":"ReadAction","target":["https:\/\/hobstop.ee\/lt\/produktas\/sablonas-marabu-3d-15x20cm\/"]}]},{"@type":"BreadcrumbList","@id":"https:\/\/hobstop.ee\/lt\/produktas\/sablonas-marabu-3d-15x20cm\/#breadcrumb","itemListElement":[{"@type":"ListItem","position":1,"name":"Avaleht","item":"https:\/\/hobstop.ee\/lt\/"},{"@type":"ListItem","position":2,"name":"Parduotuv\u0117","item":"https:\/\/hobstop.ee\/lt\/parduotuve\/"},{"@type":"ListItem","position":3,"name":"\u0160ablonas Marabu 3D 15x20cm"}]},{"@type":"WebSite","@id":"https:\/\/hobstop.ee\/lt\/#website","url":"https:\/\/hobstop.ee\/lt\/","name":"Skizze","description":"Dail\u0117s, pom\u0117gi\u0173 ir mokykliniai reikm\u0117nys","publisher":{"@id":"https:\/\/hobstop.ee\/lt\/#organization"},"potentialAction":[{"@type":"SearchAction","target":{"@type":"EntryPoint","urlTemplate":"https:\/\/hobstop.ee\/lt\/?s={search_term_string}"},"query-input":{"@type":"PropertyValueSpecification","valueRequired":true,"valueName":"search_term_string"}}],"inLanguage":"lt"},{"@type":"Organization","@id":"https:\/\/hobstop.ee\/lt\/#organization","name":"Vunder AS","url":"https:\/\/hobstop.ee\/lt\/","logo":{"@type":"ImageObject","inLanguage":"lt","@id":"https:\/\/hobstop.ee\/lt\/#\/schema\/logo\/image\/","url":"https:\/\/hobstop.ee\/media\/vunder-logo.png","contentUrl":"https:\/\/hobstop.ee\/media\/vunder-logo.png","width":127,"height":55,"caption":"Vunder AS"},"image":{"@id":"https:\/\/hobstop.ee\/lt\/#\/schema\/logo\/image\/"},"sameAs":["http:\/\/www.facebook.com\/VunderSkizze"]}]}},"_links":{"self":[{"href":"https:\/\/hobstop.ee\/lt\/wp-json\/wp\/v2\/product\/61832","targetHints":{"allow":["GET"]}}],"collection":[{"href":"https:\/\/hobstop.ee\/lt\/wp-json\/wp\/v2\/product"}],"about":[{"href":"https:\/\/hobstop.ee\/lt\/wp-json\/wp\/v2\/types\/product"}],"replies":[{"embeddable":true,"href":"https:\/\/hobstop.ee\/lt\/wp-json\/wp\/v2\/comments?post=61832"}],"wp:attachment":[{"href":"https:\/\/hobstop.ee\/lt\/wp-json\/wp\/v2\/media?parent=61832"}],"wp:term":[{"taxonomy":"product_cat","embeddable":true,"href":"https:\/\/hobstop.ee\/lt\/wp-json\/wp\/v2\/product_cat?post=61832"},{"taxonomy":"product_tag","embeddable":true,"href":"https:\/\/hobstop.ee\/lt\/wp-json\/wp\/v2\/product_tag?post=61832"}],"curies":[{"name":"wp","href":"https:\/\/api.w.org\/{rel}","templated":true}]}}