{"id":61843,"date":"2014-12-09T13:01:19","date_gmt":"2014-12-09T11:01:19","guid":{"rendered":"https:\/\/sharks.ee\/vunder_2019.klient.veebimajutus.ee\/?post_type=product&p=61843"},"modified":"2014-12-09T13:01:19","modified_gmt":"2014-12-09T10:01:19","slug":"teptukas-marabu-universal-184-apvalus","status":"publish","type":"product","link":"https:\/\/hobstop.ee\/lt\/produktas\/teptukas-marabu-universal-184-apvalus\/","title":{"rendered":"Teptukas Marabu Universal 184 apvalus"},"content":{"rendered":"<p>Universalus sintetinis teptukas \u201eMarabu Universal\u201c tinka liejimui akvarele, tapybai tekstiliniais, akriliniais, rankdarbi\u0173 da\u017eais ir dekupa\u017eo technikai, taip pat tapybai ant \u0161ilko, stiklo ir porceliano. Apvalus galas puikiai tinka smulkioms detal\u0117ms ir tiksliam tapymui.<\/p>\n","protected":false},"excerpt":{"rendered":"<p>Universalus sintetinis teptukas \u201eMarabu Universal\u201c tinka liejimui akvarele, tapybai tekstiliniais, akriliniais, rankdarbi\u0173 da\u017eais ir dekupa\u017eo technikai, taip pat tapybai ant \u0161ilko, stiklo ir porceliano. Apvalus galas puikiai tinka smulkioms detal\u0117ms ir tiksliam tapymui.<\/p>\n","protected":false},"featured_media":147458,"comment_status":"closed","ping_status":"closed","template":"","meta":{"_acf_changed":false,"ep_exclude_from_search":false},"product_cat":[17919,14962,16177],"product_tag":[],"class_list":{"0":"post-61843","1":"product","2":"type-product","3":"status-publish","4":"has-post-thumbnail","6":"product_cat-pomegiu-prekes","7":"product_cat-harilikud-pliiatsid","8":"product_cat-teptukai","10":"first","11":"instock","12":"taxable","13":"shipping-taxable","14":"purchasable","15":"product-type-variable"},"acf":[],"yoast_head":"<!-- This site is optimized with the Yoast SEO plugin v24.1 - https:\/\/yoast.com\/wordpress\/plugins\/seo\/ -->\n<title>Teptukas Marabu Universal 184 apvalus &#8211; Skizze<\/title>\n<meta name=\"robots\" content=\"noindex, follow, max-snippet:-1, max-image-preview:large, max-video-preview:-1\" \/>\n<meta property=\"og:locale\" content=\"lt_LT\" \/>\n<meta property=\"og:type\" content=\"article\" \/>\n<meta property=\"og:title\" content=\"Teptukas Marabu Universal 184 apvalus &#8211; Skizze\" \/>\n<meta property=\"og:description\" content=\"Universalus sintetinis teptukas \u201eMarabu Universal\u201c tinka liejimui akvarele, tapybai tekstiliniais, akriliniais, rankdarbi\u0173 da\u017eais ir dekupa\u017eo technikai, taip pat tapybai ant \u0161ilko, stiklo ir porceliano. Apvalus galas puikiai tinka smulkioms detal\u0117ms ir tiksliam tapymui.\" \/>\n<meta property=\"og:url\" content=\"https:\/\/hobstop.ee\/lt\/produktas\/teptukas-marabu-universal-184-apvalus\/\" \/>\n<meta property=\"og:site_name\" content=\"Skizze\" \/>\n<meta property=\"article:publisher\" content=\"http:\/\/www.facebook.com\/VunderSkizze\" \/>\n<meta property=\"article:modified_time\" content=\"-0001-11-30T00:00:00+00:00\" \/>\n<meta property=\"og:image\" content=\"https:\/\/www.hobstop.ee\/media\/2790.jpg\" \/>\n\t<meta property=\"og:image:width\" content=\"1024\" \/>\n\t<meta property=\"og:image:height\" content=\"768\" \/>\n\t<meta property=\"og:image:type\" content=\"image\/jpeg\" \/>\n<meta name=\"twitter:card\" content=\"summary_large_image\" \/>\n<script type=\"application\/ld+json\" class=\"yoast-schema-graph\">{\"@context\":\"https:\/\/schema.org\",\"@graph\":[{\"@type\":\"WebPage\",\"@id\":\"https:\/\/hobstop.ee\/lt\/produktas\/teptukas-marabu-universal-184-apvalus\/\",\"url\":\"https:\/\/hobstop.ee\/lt\/produktas\/teptukas-marabu-universal-184-apvalus\/\",\"name\":\"Teptukas Marabu Universal 184 apvalus &#8211; Skizze\",\"isPartOf\":{\"@id\":\"https:\/\/hobstop.ee\/lt\/#website\"},\"primaryImageOfPage\":{\"@id\":\"https:\/\/hobstop.ee\/lt\/produktas\/teptukas-marabu-universal-184-apvalus\/#primaryimage\"},\"image\":{\"@id\":\"https:\/\/hobstop.ee\/lt\/produktas\/teptukas-marabu-universal-184-apvalus\/#primaryimage\"},\"thumbnailUrl\":\"https:\/\/hobstop.ee\/media\/2790.jpg\",\"datePublished\":\"2014-12-09T11:01:19+00:00\",\"dateModified\":\"-0001-11-30T00:00:00+00:00\",\"breadcrumb\":{\"@id\":\"https:\/\/hobstop.ee\/lt\/produktas\/teptukas-marabu-universal-184-apvalus\/#breadcrumb\"},\"inLanguage\":\"lt\",\"potentialAction\":[{\"@type\":\"ReadAction\",\"target\":[\"https:\/\/hobstop.ee\/lt\/produktas\/teptukas-marabu-universal-184-apvalus\/\"]}]},{\"@type\":\"ImageObject\",\"inLanguage\":\"lt\",\"@id\":\"https:\/\/hobstop.ee\/lt\/produktas\/teptukas-marabu-universal-184-apvalus\/#primaryimage\",\"url\":\"https:\/\/hobstop.ee\/media\/2790.jpg\",\"contentUrl\":\"https:\/\/hobstop.ee\/media\/2790.jpg\",\"width\":1024,\"height\":768},{\"@type\":\"BreadcrumbList\",\"@id\":\"https:\/\/hobstop.ee\/lt\/produktas\/teptukas-marabu-universal-184-apvalus\/#breadcrumb\",\"itemListElement\":[{\"@type\":\"ListItem\",\"position\":1,\"name\":\"Avaleht\",\"item\":\"https:\/\/hobstop.ee\/lt\/\"},{\"@type\":\"ListItem\",\"position\":2,\"name\":\"Parduotuv\u0117\",\"item\":\"https:\/\/hobstop.ee\/lt\/parduotuve\/\"},{\"@type\":\"ListItem\",\"position\":3,\"name\":\"Teptukas Marabu Universal 184 apvalus\"}]},{\"@type\":\"WebSite\",\"@id\":\"https:\/\/hobstop.ee\/lt\/#website\",\"url\":\"https:\/\/hobstop.ee\/lt\/\",\"name\":\"Skizze\",\"description\":\"Dail\u0117s, pom\u0117gi\u0173 ir mokykliniai reikm\u0117nys\",\"publisher\":{\"@id\":\"https:\/\/hobstop.ee\/lt\/#organization\"},\"potentialAction\":[{\"@type\":\"SearchAction\",\"target\":{\"@type\":\"EntryPoint\",\"urlTemplate\":\"https:\/\/hobstop.ee\/lt\/?s={search_term_string}\"},\"query-input\":{\"@type\":\"PropertyValueSpecification\",\"valueRequired\":true,\"valueName\":\"search_term_string\"}}],\"inLanguage\":\"lt\"},{\"@type\":\"Organization\",\"@id\":\"https:\/\/hobstop.ee\/lt\/#organization\",\"name\":\"Vunder AS\",\"url\":\"https:\/\/hobstop.ee\/lt\/\",\"logo\":{\"@type\":\"ImageObject\",\"inLanguage\":\"lt\",\"@id\":\"https:\/\/hobstop.ee\/lt\/#\/schema\/logo\/image\/\",\"url\":\"https:\/\/hobstop.ee\/media\/vunder-logo.png\",\"contentUrl\":\"https:\/\/hobstop.ee\/media\/vunder-logo.png\",\"width\":127,\"height\":55,\"caption\":\"Vunder AS\"},\"image\":{\"@id\":\"https:\/\/hobstop.ee\/lt\/#\/schema\/logo\/image\/\"},\"sameAs\":[\"http:\/\/www.facebook.com\/VunderSkizze\"]}]}<\/script>\n<!-- \/ Yoast SEO plugin. -->","yoast_head_json":{"title":"Teptukas Marabu Universal 184 apvalus &#8211; Skizze","robots":{"index":"noindex","follow":"follow","max-snippet":"max-snippet:-1","max-image-preview":"max-image-preview:large","max-video-preview":"max-video-preview:-1"},"og_locale":"lt_LT","og_type":"article","og_title":"Teptukas Marabu Universal 184 apvalus &#8211; Skizze","og_description":"Universalus sintetinis teptukas \u201eMarabu Universal\u201c tinka liejimui akvarele, tapybai tekstiliniais, akriliniais, rankdarbi\u0173 da\u017eais ir dekupa\u017eo technikai, taip pat tapybai ant \u0161ilko, stiklo ir porceliano. Apvalus galas puikiai tinka smulkioms detal\u0117ms ir tiksliam tapymui.","og_url":"https:\/\/hobstop.ee\/lt\/produktas\/teptukas-marabu-universal-184-apvalus\/","og_site_name":"Skizze","article_publisher":"http:\/\/www.facebook.com\/VunderSkizze","article_modified_time":"-0001-11-30T00:00:00+00:00","og_image":[{"width":1024,"height":768,"url":"https:\/\/www.hobstop.ee\/media\/2790.jpg","type":"image\/jpeg"}],"twitter_card":"summary_large_image","schema":{"@context":"https:\/\/schema.org","@graph":[{"@type":"WebPage","@id":"https:\/\/hobstop.ee\/lt\/produktas\/teptukas-marabu-universal-184-apvalus\/","url":"https:\/\/hobstop.ee\/lt\/produktas\/teptukas-marabu-universal-184-apvalus\/","name":"Teptukas Marabu Universal 184 apvalus &#8211; Skizze","isPartOf":{"@id":"https:\/\/hobstop.ee\/lt\/#website"},"primaryImageOfPage":{"@id":"https:\/\/hobstop.ee\/lt\/produktas\/teptukas-marabu-universal-184-apvalus\/#primaryimage"},"image":{"@id":"https:\/\/hobstop.ee\/lt\/produktas\/teptukas-marabu-universal-184-apvalus\/#primaryimage"},"thumbnailUrl":"https:\/\/hobstop.ee\/media\/2790.jpg","datePublished":"2014-12-09T11:01:19+00:00","dateModified":"-0001-11-30T00:00:00+00:00","breadcrumb":{"@id":"https:\/\/hobstop.ee\/lt\/produktas\/teptukas-marabu-universal-184-apvalus\/#breadcrumb"},"inLanguage":"lt","potentialAction":[{"@type":"ReadAction","target":["https:\/\/hobstop.ee\/lt\/produktas\/teptukas-marabu-universal-184-apvalus\/"]}]},{"@type":"ImageObject","inLanguage":"lt","@id":"https:\/\/hobstop.ee\/lt\/produktas\/teptukas-marabu-universal-184-apvalus\/#primaryimage","url":"https:\/\/hobstop.ee\/media\/2790.jpg","contentUrl":"https:\/\/hobstop.ee\/media\/2790.jpg","width":1024,"height":768},{"@type":"BreadcrumbList","@id":"https:\/\/hobstop.ee\/lt\/produktas\/teptukas-marabu-universal-184-apvalus\/#breadcrumb","itemListElement":[{"@type":"ListItem","position":1,"name":"Avaleht","item":"https:\/\/hobstop.ee\/lt\/"},{"@type":"ListItem","position":2,"name":"Parduotuv\u0117","item":"https:\/\/hobstop.ee\/lt\/parduotuve\/"},{"@type":"ListItem","position":3,"name":"Teptukas Marabu Universal 184 apvalus"}]},{"@type":"WebSite","@id":"https:\/\/hobstop.ee\/lt\/#website","url":"https:\/\/hobstop.ee\/lt\/","name":"Skizze","description":"Dail\u0117s, pom\u0117gi\u0173 ir mokykliniai reikm\u0117nys","publisher":{"@id":"https:\/\/hobstop.ee\/lt\/#organization"},"potentialAction":[{"@type":"SearchAction","target":{"@type":"EntryPoint","urlTemplate":"https:\/\/hobstop.ee\/lt\/?s={search_term_string}"},"query-input":{"@type":"PropertyValueSpecification","valueRequired":true,"valueName":"search_term_string"}}],"inLanguage":"lt"},{"@type":"Organization","@id":"https:\/\/hobstop.ee\/lt\/#organization","name":"Vunder AS","url":"https:\/\/hobstop.ee\/lt\/","logo":{"@type":"ImageObject","inLanguage":"lt","@id":"https:\/\/hobstop.ee\/lt\/#\/schema\/logo\/image\/","url":"https:\/\/hobstop.ee\/media\/vunder-logo.png","contentUrl":"https:\/\/hobstop.ee\/media\/vunder-logo.png","width":127,"height":55,"caption":"Vunder AS"},"image":{"@id":"https:\/\/hobstop.ee\/lt\/#\/schema\/logo\/image\/"},"sameAs":["http:\/\/www.facebook.com\/VunderSkizze"]}]}},"_links":{"self":[{"href":"https:\/\/hobstop.ee\/lt\/wp-json\/wp\/v2\/product\/61843","targetHints":{"allow":["GET"]}}],"collection":[{"href":"https:\/\/hobstop.ee\/lt\/wp-json\/wp\/v2\/product"}],"about":[{"href":"https:\/\/hobstop.ee\/lt\/wp-json\/wp\/v2\/types\/product"}],"replies":[{"embeddable":true,"href":"https:\/\/hobstop.ee\/lt\/wp-json\/wp\/v2\/comments?post=61843"}],"wp:featuredmedia":[{"embeddable":true,"href":"https:\/\/hobstop.ee\/lt\/wp-json\/wp\/v2\/media\/147458"}],"wp:attachment":[{"href":"https:\/\/hobstop.ee\/lt\/wp-json\/wp\/v2\/media?parent=61843"}],"wp:term":[{"taxonomy":"product_cat","embeddable":true,"href":"https:\/\/hobstop.ee\/lt\/wp-json\/wp\/v2\/product_cat?post=61843"},{"taxonomy":"product_tag","embeddable":true,"href":"https:\/\/hobstop.ee\/lt\/wp-json\/wp\/v2\/product_tag?post=61843"}],"curies":[{"name":"wp","href":"https:\/\/api.w.org\/{rel}","templated":true}]}}