{"id":61846,"date":"2014-12-09T13:01:20","date_gmt":"2014-12-09T11:01:20","guid":{"rendered":"https:\/\/sharks.ee\/vunder_2019.klient.veebimajutus.ee\/?post_type=product&p=61846"},"modified":"2014-12-09T13:01:20","modified_gmt":"2014-12-09T10:01:20","slug":"teptukas-marabu-decorationhobby-195-plokscias","status":"publish","type":"product","link":"https:\/\/hobstop.ee\/lt\/produktas\/teptukas-marabu-decorationhobby-195-plokscias\/","title":{"rendered":"Teptukas Marabu Decoration&#038;Hobby 195 plok\u0161\u010dias"},"content":{"rendered":"<p>Sintetinis teptukas \u201eMarabu Decoration&#038;Hobby\u201c visada u\u017etikrina itin vientis\u0105 ir glotn\u0173 pot\u0117p\u012f. Puikiai tinka dideli\u0173 pavir\u0161i\u0173 da\u017eymui, gruntavimui ir lakavimui. Universalios paskirties \u0161epet\u0117lis tinka tapybai skystais ir pastos tekst\u016bros da\u017eais, glaz\u016bravimui, tapybai akriliniais ir tekstiliniais da\u017eais, dekupa\u017eo technikai ir pan. Plok\u0161\u010dias galas itin tinka br\u0117\u017eti tikslias linijas ir da\u017eais dengti didelius plotus.<\/p>\n","protected":false},"excerpt":{"rendered":"<p>Sintetinis teptukas \u201eMarabu Decoration&#038;Hobby\u201c visada u\u017etikrina itin vientis\u0105 ir glotn\u0173 pot\u0117p\u012f. Puikiai tinka dideli\u0173 pavir\u0161i\u0173 da\u017eymui, gruntavimui ir lakavimui. Universalios paskirties \u0161epet\u0117lis tinka tapybai skystais ir pastos tekst\u016bros da\u017eais, glaz\u016bravimui, tapybai akriliniais ir tekstiliniais da\u017eais, dekupa\u017eo technikai ir pan. Plok\u0161\u010dias galas itin tinka br\u0117\u017eti tikslias linijas ir da\u017eais dengti didelius plotus.<\/p>\n","protected":false},"featured_media":147462,"comment_status":"closed","ping_status":"closed","template":"","meta":{"_acf_changed":false,"ep_exclude_from_search":false},"product_cat":[17919,14962,16177],"product_tag":[],"class_list":{"0":"post-61846","1":"product","2":"type-product","3":"status-publish","4":"has-post-thumbnail","6":"product_cat-pomegiu-prekes","7":"product_cat-harilikud-pliiatsid","8":"product_cat-teptukai-ir-irankiai-tapymui-2","10":"first","11":"instock","12":"taxable","13":"shipping-taxable","14":"purchasable","15":"product-type-variable"},"acf":[],"yoast_head":"<!-- This site is optimized with the Yoast SEO plugin v24.1 - https:\/\/yoast.com\/wordpress\/plugins\/seo\/ -->\n<title>Teptukas Marabu Decoration&amp;Hobby 195 plok\u0161\u010dias &#8211; Skizze<\/title>\n<meta name=\"robots\" content=\"noindex, follow, max-snippet:-1, max-image-preview:large, max-video-preview:-1\" \/>\n<meta property=\"og:locale\" content=\"lt_LT\" \/>\n<meta property=\"og:type\" content=\"article\" \/>\n<meta property=\"og:title\" content=\"Teptukas Marabu Decoration&amp;Hobby 195 plok\u0161\u010dias &#8211; Skizze\" \/>\n<meta property=\"og:description\" content=\"Sintetinis teptukas \u201eMarabu Decoration&#038;Hobby\u201c visada u\u017etikrina itin vientis\u0105 ir glotn\u0173 pot\u0117p\u012f. Puikiai tinka dideli\u0173 pavir\u0161i\u0173 da\u017eymui, gruntavimui ir lakavimui. Universalios paskirties \u0161epet\u0117lis tinka tapybai skystais ir pastos tekst\u016bros da\u017eais, glaz\u016bravimui, tapybai akriliniais ir tekstiliniais da\u017eais, dekupa\u017eo technikai ir pan. Plok\u0161\u010dias galas itin tinka br\u0117\u017eti tikslias linijas ir da\u017eais dengti didelius plotus.\" \/>\n<meta property=\"og:url\" content=\"https:\/\/hobstop.ee\/lt\/produktas\/teptukas-marabu-decorationhobby-195-plokscias\/\" \/>\n<meta property=\"og:site_name\" content=\"Skizze\" \/>\n<meta property=\"article:publisher\" content=\"http:\/\/www.facebook.com\/VunderSkizze\" \/>\n<meta property=\"article:modified_time\" content=\"-0001-11-30T00:00:00+00:00\" \/>\n<meta property=\"og:image\" content=\"https:\/\/hobstop.ee\/media\/2791.jpg\" \/>\n\t<meta property=\"og:image:width\" content=\"1024\" \/>\n\t<meta property=\"og:image:height\" content=\"768\" \/>\n\t<meta property=\"og:image:type\" content=\"image\/jpeg\" \/>\n<meta name=\"twitter:card\" content=\"summary_large_image\" \/>\n<script type=\"application\/ld+json\" class=\"yoast-schema-graph\">{\"@context\":\"https:\/\/schema.org\",\"@graph\":[{\"@type\":\"WebPage\",\"@id\":\"https:\/\/hobstop.ee\/lt\/produktas\/teptukas-marabu-decorationhobby-195-plokscias\/\",\"url\":\"https:\/\/hobstop.ee\/lt\/produktas\/teptukas-marabu-decorationhobby-195-plokscias\/\",\"name\":\"Teptukas Marabu Decoration&Hobby 195 plok\u0161\u010dias &#8211; Skizze\",\"isPartOf\":{\"@id\":\"https:\/\/hobstop.ee\/lt\/#website\"},\"primaryImageOfPage\":{\"@id\":\"https:\/\/hobstop.ee\/lt\/produktas\/teptukas-marabu-decorationhobby-195-plokscias\/#primaryimage\"},\"image\":{\"@id\":\"https:\/\/hobstop.ee\/lt\/produktas\/teptukas-marabu-decorationhobby-195-plokscias\/#primaryimage\"},\"thumbnailUrl\":\"https:\/\/hobstop.ee\/media\/2791.jpg\",\"datePublished\":\"2014-12-09T11:01:20+00:00\",\"dateModified\":\"-0001-11-30T00:00:00+00:00\",\"breadcrumb\":{\"@id\":\"https:\/\/hobstop.ee\/lt\/produktas\/teptukas-marabu-decorationhobby-195-plokscias\/#breadcrumb\"},\"inLanguage\":\"lt\",\"potentialAction\":[{\"@type\":\"ReadAction\",\"target\":[\"https:\/\/hobstop.ee\/lt\/produktas\/teptukas-marabu-decorationhobby-195-plokscias\/\"]}]},{\"@type\":\"ImageObject\",\"inLanguage\":\"lt\",\"@id\":\"https:\/\/hobstop.ee\/lt\/produktas\/teptukas-marabu-decorationhobby-195-plokscias\/#primaryimage\",\"url\":\"https:\/\/hobstop.ee\/media\/2791.jpg\",\"contentUrl\":\"https:\/\/hobstop.ee\/media\/2791.jpg\",\"width\":1024,\"height\":768},{\"@type\":\"BreadcrumbList\",\"@id\":\"https:\/\/hobstop.ee\/lt\/produktas\/teptukas-marabu-decorationhobby-195-plokscias\/#breadcrumb\",\"itemListElement\":[{\"@type\":\"ListItem\",\"position\":1,\"name\":\"Avaleht\",\"item\":\"https:\/\/hobstop.ee\/lt\/\"},{\"@type\":\"ListItem\",\"position\":2,\"name\":\"Parduotuv\u0117\",\"item\":\"https:\/\/hobstop.ee\/lt\/parduotuve\/\"},{\"@type\":\"ListItem\",\"position\":3,\"name\":\"Teptukas Marabu Decoration&#038;Hobby 195 plok\u0161\u010dias\"}]},{\"@type\":\"WebSite\",\"@id\":\"https:\/\/hobstop.ee\/lt\/#website\",\"url\":\"https:\/\/hobstop.ee\/lt\/\",\"name\":\"Skizze\",\"description\":\"Dail\u0117s, pom\u0117gi\u0173 ir mokykliniai reikm\u0117nys\",\"publisher\":{\"@id\":\"https:\/\/hobstop.ee\/lt\/#organization\"},\"potentialAction\":[{\"@type\":\"SearchAction\",\"target\":{\"@type\":\"EntryPoint\",\"urlTemplate\":\"https:\/\/hobstop.ee\/lt\/?s={search_term_string}\"},\"query-input\":{\"@type\":\"PropertyValueSpecification\",\"valueRequired\":true,\"valueName\":\"search_term_string\"}}],\"inLanguage\":\"lt\"},{\"@type\":\"Organization\",\"@id\":\"https:\/\/hobstop.ee\/lt\/#organization\",\"name\":\"Vunder AS\",\"url\":\"https:\/\/hobstop.ee\/lt\/\",\"logo\":{\"@type\":\"ImageObject\",\"inLanguage\":\"lt\",\"@id\":\"https:\/\/hobstop.ee\/lt\/#\/schema\/logo\/image\/\",\"url\":\"https:\/\/hobstop.ee\/media\/vunder-logo.png\",\"contentUrl\":\"https:\/\/hobstop.ee\/media\/vunder-logo.png\",\"width\":127,\"height\":55,\"caption\":\"Vunder AS\"},\"image\":{\"@id\":\"https:\/\/hobstop.ee\/lt\/#\/schema\/logo\/image\/\"},\"sameAs\":[\"http:\/\/www.facebook.com\/VunderSkizze\"]}]}<\/script>\n<!-- \/ Yoast SEO plugin. -->","yoast_head_json":{"title":"Teptukas Marabu Decoration&Hobby 195 plok\u0161\u010dias &#8211; Skizze","robots":{"index":"noindex","follow":"follow","max-snippet":"max-snippet:-1","max-image-preview":"max-image-preview:large","max-video-preview":"max-video-preview:-1"},"og_locale":"lt_LT","og_type":"article","og_title":"Teptukas Marabu Decoration&Hobby 195 plok\u0161\u010dias &#8211; Skizze","og_description":"Sintetinis teptukas \u201eMarabu Decoration&#038;Hobby\u201c visada u\u017etikrina itin vientis\u0105 ir glotn\u0173 pot\u0117p\u012f. Puikiai tinka dideli\u0173 pavir\u0161i\u0173 da\u017eymui, gruntavimui ir lakavimui. Universalios paskirties \u0161epet\u0117lis tinka tapybai skystais ir pastos tekst\u016bros da\u017eais, glaz\u016bravimui, tapybai akriliniais ir tekstiliniais da\u017eais, dekupa\u017eo technikai ir pan. Plok\u0161\u010dias galas itin tinka br\u0117\u017eti tikslias linijas ir da\u017eais dengti didelius plotus.","og_url":"https:\/\/hobstop.ee\/lt\/produktas\/teptukas-marabu-decorationhobby-195-plokscias\/","og_site_name":"Skizze","article_publisher":"http:\/\/www.facebook.com\/VunderSkizze","article_modified_time":"-0001-11-30T00:00:00+00:00","og_image":[{"width":1024,"height":768,"url":"https:\/\/hobstop.ee\/media\/2791.jpg","type":"image\/jpeg"}],"twitter_card":"summary_large_image","schema":{"@context":"https:\/\/schema.org","@graph":[{"@type":"WebPage","@id":"https:\/\/hobstop.ee\/lt\/produktas\/teptukas-marabu-decorationhobby-195-plokscias\/","url":"https:\/\/hobstop.ee\/lt\/produktas\/teptukas-marabu-decorationhobby-195-plokscias\/","name":"Teptukas Marabu Decoration&Hobby 195 plok\u0161\u010dias &#8211; Skizze","isPartOf":{"@id":"https:\/\/hobstop.ee\/lt\/#website"},"primaryImageOfPage":{"@id":"https:\/\/hobstop.ee\/lt\/produktas\/teptukas-marabu-decorationhobby-195-plokscias\/#primaryimage"},"image":{"@id":"https:\/\/hobstop.ee\/lt\/produktas\/teptukas-marabu-decorationhobby-195-plokscias\/#primaryimage"},"thumbnailUrl":"https:\/\/hobstop.ee\/media\/2791.jpg","datePublished":"2014-12-09T11:01:20+00:00","dateModified":"-0001-11-30T00:00:00+00:00","breadcrumb":{"@id":"https:\/\/hobstop.ee\/lt\/produktas\/teptukas-marabu-decorationhobby-195-plokscias\/#breadcrumb"},"inLanguage":"lt","potentialAction":[{"@type":"ReadAction","target":["https:\/\/hobstop.ee\/lt\/produktas\/teptukas-marabu-decorationhobby-195-plokscias\/"]}]},{"@type":"ImageObject","inLanguage":"lt","@id":"https:\/\/hobstop.ee\/lt\/produktas\/teptukas-marabu-decorationhobby-195-plokscias\/#primaryimage","url":"https:\/\/hobstop.ee\/media\/2791.jpg","contentUrl":"https:\/\/hobstop.ee\/media\/2791.jpg","width":1024,"height":768},{"@type":"BreadcrumbList","@id":"https:\/\/hobstop.ee\/lt\/produktas\/teptukas-marabu-decorationhobby-195-plokscias\/#breadcrumb","itemListElement":[{"@type":"ListItem","position":1,"name":"Avaleht","item":"https:\/\/hobstop.ee\/lt\/"},{"@type":"ListItem","position":2,"name":"Parduotuv\u0117","item":"https:\/\/hobstop.ee\/lt\/parduotuve\/"},{"@type":"ListItem","position":3,"name":"Teptukas Marabu Decoration&#038;Hobby 195 plok\u0161\u010dias"}]},{"@type":"WebSite","@id":"https:\/\/hobstop.ee\/lt\/#website","url":"https:\/\/hobstop.ee\/lt\/","name":"Skizze","description":"Dail\u0117s, pom\u0117gi\u0173 ir mokykliniai reikm\u0117nys","publisher":{"@id":"https:\/\/hobstop.ee\/lt\/#organization"},"potentialAction":[{"@type":"SearchAction","target":{"@type":"EntryPoint","urlTemplate":"https:\/\/hobstop.ee\/lt\/?s={search_term_string}"},"query-input":{"@type":"PropertyValueSpecification","valueRequired":true,"valueName":"search_term_string"}}],"inLanguage":"lt"},{"@type":"Organization","@id":"https:\/\/hobstop.ee\/lt\/#organization","name":"Vunder AS","url":"https:\/\/hobstop.ee\/lt\/","logo":{"@type":"ImageObject","inLanguage":"lt","@id":"https:\/\/hobstop.ee\/lt\/#\/schema\/logo\/image\/","url":"https:\/\/hobstop.ee\/media\/vunder-logo.png","contentUrl":"https:\/\/hobstop.ee\/media\/vunder-logo.png","width":127,"height":55,"caption":"Vunder AS"},"image":{"@id":"https:\/\/hobstop.ee\/lt\/#\/schema\/logo\/image\/"},"sameAs":["http:\/\/www.facebook.com\/VunderSkizze"]}]}},"_links":{"self":[{"href":"https:\/\/hobstop.ee\/lt\/wp-json\/wp\/v2\/product\/61846","targetHints":{"allow":["GET"]}}],"collection":[{"href":"https:\/\/hobstop.ee\/lt\/wp-json\/wp\/v2\/product"}],"about":[{"href":"https:\/\/hobstop.ee\/lt\/wp-json\/wp\/v2\/types\/product"}],"replies":[{"embeddable":true,"href":"https:\/\/hobstop.ee\/lt\/wp-json\/wp\/v2\/comments?post=61846"}],"wp:featuredmedia":[{"embeddable":true,"href":"https:\/\/hobstop.ee\/lt\/wp-json\/wp\/v2\/media\/147462"}],"wp:attachment":[{"href":"https:\/\/hobstop.ee\/lt\/wp-json\/wp\/v2\/media?parent=61846"}],"wp:term":[{"taxonomy":"product_cat","embeddable":true,"href":"https:\/\/hobstop.ee\/lt\/wp-json\/wp\/v2\/product_cat?post=61846"},{"taxonomy":"product_tag","embeddable":true,"href":"https:\/\/hobstop.ee\/lt\/wp-json\/wp\/v2\/product_tag?post=61846"}],"curies":[{"name":"wp","href":"https:\/\/api.w.org\/{rel}","templated":true}]}}