{"id":61859,"date":"2014-12-09T13:01:23","date_gmt":"2014-12-09T11:01:23","guid":{"rendered":"https:\/\/sharks.ee\/vunder_2019.klient.veebimajutus.ee\/?post_type=product&p=61859"},"modified":"2014-12-09T13:01:23","modified_gmt":"2014-12-09T10:01:23","slug":"irenginys-lipdymo-masei-formuoti-cernit","status":"publish","type":"product","link":"https:\/\/hobstop.ee\/lt\/produktas\/irenginys-lipdymo-masei-formuoti-cernit\/","title":{"rendered":"\u012erenginys lipdymo masei formuoti Cernit"},"content":{"rendered":"<p>Lak\u0161t\u0173 ko\u010diojimo ma\u0161in\u0117le \u201eCernit\u201c galima i\u0161ko\u010dioti vienodo storio lak\u0161tus (9 skirting\u0173 stori\u0173 nuo 0,3 mm iki 2,5 mm), mai\u0161yti \u012fvairias spalvas ir i\u0161gauti ra\u0161tus. Lengva dirbti \u012fvairiomis technikomis \u2013 i\u0161gauti marmurin\u012f ra\u0161t\u0105, dirbti su lak\u0161tais, lazdel\u0117mis, millefiori. Lak\u0161t\u0173 ko\u010diojimo ma\u0161in\u0117l\u0117 \u201eCernit\u201c yra labai patvari, pagaminta i\u0161 ner\u016bdijan\u010dio plieno, dirbant su ja polimerinis molis nesulimpa.<\/p>\n","protected":false},"excerpt":{"rendered":"<p>Lak\u0161t\u0173 ko\u010diojimo ma\u0161in\u0117le \u201eCernit\u201c galima i\u0161ko\u010dioti vienodo storio lak\u0161tus (9 skirting\u0173 stori\u0173 nuo 0,3 mm iki 2,5 mm), mai\u0161yti \u012fvairias spalvas ir i\u0161gauti ra\u0161tus. Lengva dirbti \u012fvairiomis technikomis \u2013 i\u0161gauti marmurin\u012f ra\u0161t\u0105, dirbti su lak\u0161tais, lazdel\u0117mis, millefiori. Lak\u0161t\u0173 ko\u010diojimo ma\u0161in\u0117l\u0117 \u201eCernit\u201c yra labai patvari, pagaminta i\u0161 ner\u016bdijan\u010dio plieno, dirbant su ja polimerinis molis nesulimpa.<\/p>\n","protected":false},"featured_media":147478,"comment_status":"closed","ping_status":"closed","template":"","meta":{"_acf_changed":false,"ep_exclude_from_search":false},"product_cat":[20093,20087,17919],"product_tag":[],"class_list":{"0":"post-61859","1":"product","2":"type-product","3":"status-publish","4":"has-post-thumbnail","6":"product_cat-darbo-irankiai-4","7":"product_cat-medziagos-ir-priemones-lipdymui","8":"product_cat-pomegiu-prekes","10":"first","11":"outofstock","12":"taxable","13":"shipping-taxable","14":"purchasable","15":"product-type-variable"},"acf":[],"yoast_head":"<!-- This site is optimized with the Yoast SEO plugin v24.1 - https:\/\/yoast.com\/wordpress\/plugins\/seo\/ -->\n<title>\u012erenginys lipdymo masei formuoti Cernit &#8211; Skizze<\/title>\n<meta name=\"robots\" content=\"noindex, follow, max-snippet:-1, max-image-preview:large, max-video-preview:-1\" \/>\n<meta property=\"og:locale\" content=\"lt_LT\" \/>\n<meta property=\"og:type\" content=\"article\" \/>\n<meta property=\"og:title\" content=\"\u012erenginys lipdymo masei formuoti Cernit &#8211; Skizze\" \/>\n<meta property=\"og:description\" content=\"Lak\u0161t\u0173 ko\u010diojimo ma\u0161in\u0117le \u201eCernit\u201c galima i\u0161ko\u010dioti vienodo storio lak\u0161tus (9 skirting\u0173 stori\u0173 nuo 0,3 mm iki 2,5 mm), mai\u0161yti \u012fvairias spalvas ir i\u0161gauti ra\u0161tus. Lengva dirbti \u012fvairiomis technikomis \u2013 i\u0161gauti marmurin\u012f ra\u0161t\u0105, dirbti su lak\u0161tais, lazdel\u0117mis, millefiori. Lak\u0161t\u0173 ko\u010diojimo ma\u0161in\u0117l\u0117 \u201eCernit\u201c yra labai patvari, pagaminta i\u0161 ner\u016bdijan\u010dio plieno, dirbant su ja polimerinis molis nesulimpa.\" \/>\n<meta property=\"og:url\" content=\"https:\/\/hobstop.ee\/lt\/produktas\/irenginys-lipdymo-masei-formuoti-cernit\/\" \/>\n<meta property=\"og:site_name\" content=\"Skizze\" \/>\n<meta property=\"article:publisher\" content=\"http:\/\/www.facebook.com\/VunderSkizze\" \/>\n<meta property=\"article:modified_time\" content=\"-0001-11-30T00:00:00+00:00\" \/>\n<meta property=\"og:image\" content=\"https:\/\/hobstop.ee\/media\/2818.jpg\" \/>\n\t<meta property=\"og:image:width\" content=\"1024\" \/>\n\t<meta property=\"og:image:height\" content=\"768\" \/>\n\t<meta property=\"og:image:type\" content=\"image\/jpeg\" \/>\n<meta name=\"twitter:card\" content=\"summary_large_image\" \/>\n<script type=\"application\/ld+json\" class=\"yoast-schema-graph\">{\"@context\":\"https:\/\/schema.org\",\"@graph\":[{\"@type\":\"WebPage\",\"@id\":\"https:\/\/hobstop.ee\/lt\/produktas\/irenginys-lipdymo-masei-formuoti-cernit\/\",\"url\":\"https:\/\/hobstop.ee\/lt\/produktas\/irenginys-lipdymo-masei-formuoti-cernit\/\",\"name\":\"\u012erenginys lipdymo masei formuoti Cernit &#8211; Skizze\",\"isPartOf\":{\"@id\":\"https:\/\/www.hobstop.ee\/lt\/#website\"},\"primaryImageOfPage\":{\"@id\":\"https:\/\/hobstop.ee\/lt\/produktas\/irenginys-lipdymo-masei-formuoti-cernit\/#primaryimage\"},\"image\":{\"@id\":\"https:\/\/hobstop.ee\/lt\/produktas\/irenginys-lipdymo-masei-formuoti-cernit\/#primaryimage\"},\"thumbnailUrl\":\"https:\/\/hobstop.ee\/media\/2818.jpg\",\"datePublished\":\"2014-12-09T11:01:23+00:00\",\"dateModified\":\"-0001-11-30T00:00:00+00:00\",\"breadcrumb\":{\"@id\":\"https:\/\/hobstop.ee\/lt\/produktas\/irenginys-lipdymo-masei-formuoti-cernit\/#breadcrumb\"},\"inLanguage\":\"lt\",\"potentialAction\":[{\"@type\":\"ReadAction\",\"target\":[\"https:\/\/hobstop.ee\/lt\/produktas\/irenginys-lipdymo-masei-formuoti-cernit\/\"]}]},{\"@type\":\"ImageObject\",\"inLanguage\":\"lt\",\"@id\":\"https:\/\/hobstop.ee\/lt\/produktas\/irenginys-lipdymo-masei-formuoti-cernit\/#primaryimage\",\"url\":\"https:\/\/hobstop.ee\/media\/2818.jpg\",\"contentUrl\":\"https:\/\/hobstop.ee\/media\/2818.jpg\",\"width\":1024,\"height\":768},{\"@type\":\"BreadcrumbList\",\"@id\":\"https:\/\/hobstop.ee\/lt\/produktas\/irenginys-lipdymo-masei-formuoti-cernit\/#breadcrumb\",\"itemListElement\":[{\"@type\":\"ListItem\",\"position\":1,\"name\":\"Avaleht\",\"item\":\"https:\/\/hobstop.ee\/lt\/\"},{\"@type\":\"ListItem\",\"position\":2,\"name\":\"Parduotuv\u0117\",\"item\":\"https:\/\/www.hobstop.ee\/lt\/parduotuve\/\"},{\"@type\":\"ListItem\",\"position\":3,\"name\":\"\u012erenginys lipdymo masei formuoti Cernit\"}]},{\"@type\":\"WebSite\",\"@id\":\"https:\/\/www.hobstop.ee\/lt\/#website\",\"url\":\"https:\/\/www.hobstop.ee\/lt\/\",\"name\":\"Skizze\",\"description\":\"Dail\u0117s, pom\u0117gi\u0173 ir mokykliniai reikm\u0117nys\",\"publisher\":{\"@id\":\"https:\/\/www.hobstop.ee\/lt\/#organization\"},\"potentialAction\":[{\"@type\":\"SearchAction\",\"target\":{\"@type\":\"EntryPoint\",\"urlTemplate\":\"https:\/\/www.hobstop.ee\/lt\/?s={search_term_string}\"},\"query-input\":{\"@type\":\"PropertyValueSpecification\",\"valueRequired\":true,\"valueName\":\"search_term_string\"}}],\"inLanguage\":\"lt\"},{\"@type\":\"Organization\",\"@id\":\"https:\/\/www.hobstop.ee\/lt\/#organization\",\"name\":\"Vunder AS\",\"url\":\"https:\/\/www.hobstop.ee\/lt\/\",\"logo\":{\"@type\":\"ImageObject\",\"inLanguage\":\"lt\",\"@id\":\"https:\/\/www.hobstop.ee\/lt\/#\/schema\/logo\/image\/\",\"url\":\"https:\/\/hobstop.ee\/media\/vunder-logo.png\",\"contentUrl\":\"https:\/\/hobstop.ee\/media\/vunder-logo.png\",\"width\":127,\"height\":55,\"caption\":\"Vunder AS\"},\"image\":{\"@id\":\"https:\/\/www.hobstop.ee\/lt\/#\/schema\/logo\/image\/\"},\"sameAs\":[\"http:\/\/www.facebook.com\/VunderSkizze\"]}]}<\/script>\n<!-- \/ Yoast SEO plugin. -->","yoast_head_json":{"title":"\u012erenginys lipdymo masei formuoti Cernit &#8211; Skizze","robots":{"index":"noindex","follow":"follow","max-snippet":"max-snippet:-1","max-image-preview":"max-image-preview:large","max-video-preview":"max-video-preview:-1"},"og_locale":"lt_LT","og_type":"article","og_title":"\u012erenginys lipdymo masei formuoti Cernit &#8211; Skizze","og_description":"Lak\u0161t\u0173 ko\u010diojimo ma\u0161in\u0117le \u201eCernit\u201c galima i\u0161ko\u010dioti vienodo storio lak\u0161tus (9 skirting\u0173 stori\u0173 nuo 0,3 mm iki 2,5 mm), mai\u0161yti \u012fvairias spalvas ir i\u0161gauti ra\u0161tus. Lengva dirbti \u012fvairiomis technikomis \u2013 i\u0161gauti marmurin\u012f ra\u0161t\u0105, dirbti su lak\u0161tais, lazdel\u0117mis, millefiori. Lak\u0161t\u0173 ko\u010diojimo ma\u0161in\u0117l\u0117 \u201eCernit\u201c yra labai patvari, pagaminta i\u0161 ner\u016bdijan\u010dio plieno, dirbant su ja polimerinis molis nesulimpa.","og_url":"https:\/\/hobstop.ee\/lt\/produktas\/irenginys-lipdymo-masei-formuoti-cernit\/","og_site_name":"Skizze","article_publisher":"http:\/\/www.facebook.com\/VunderSkizze","article_modified_time":"-0001-11-30T00:00:00+00:00","og_image":[{"width":1024,"height":768,"url":"https:\/\/hobstop.ee\/media\/2818.jpg","type":"image\/jpeg"}],"twitter_card":"summary_large_image","schema":{"@context":"https:\/\/schema.org","@graph":[{"@type":"WebPage","@id":"https:\/\/hobstop.ee\/lt\/produktas\/irenginys-lipdymo-masei-formuoti-cernit\/","url":"https:\/\/hobstop.ee\/lt\/produktas\/irenginys-lipdymo-masei-formuoti-cernit\/","name":"\u012erenginys lipdymo masei formuoti Cernit &#8211; Skizze","isPartOf":{"@id":"https:\/\/www.hobstop.ee\/lt\/#website"},"primaryImageOfPage":{"@id":"https:\/\/hobstop.ee\/lt\/produktas\/irenginys-lipdymo-masei-formuoti-cernit\/#primaryimage"},"image":{"@id":"https:\/\/hobstop.ee\/lt\/produktas\/irenginys-lipdymo-masei-formuoti-cernit\/#primaryimage"},"thumbnailUrl":"https:\/\/hobstop.ee\/media\/2818.jpg","datePublished":"2014-12-09T11:01:23+00:00","dateModified":"-0001-11-30T00:00:00+00:00","breadcrumb":{"@id":"https:\/\/hobstop.ee\/lt\/produktas\/irenginys-lipdymo-masei-formuoti-cernit\/#breadcrumb"},"inLanguage":"lt","potentialAction":[{"@type":"ReadAction","target":["https:\/\/hobstop.ee\/lt\/produktas\/irenginys-lipdymo-masei-formuoti-cernit\/"]}]},{"@type":"ImageObject","inLanguage":"lt","@id":"https:\/\/hobstop.ee\/lt\/produktas\/irenginys-lipdymo-masei-formuoti-cernit\/#primaryimage","url":"https:\/\/hobstop.ee\/media\/2818.jpg","contentUrl":"https:\/\/hobstop.ee\/media\/2818.jpg","width":1024,"height":768},{"@type":"BreadcrumbList","@id":"https:\/\/hobstop.ee\/lt\/produktas\/irenginys-lipdymo-masei-formuoti-cernit\/#breadcrumb","itemListElement":[{"@type":"ListItem","position":1,"name":"Avaleht","item":"https:\/\/hobstop.ee\/lt\/"},{"@type":"ListItem","position":2,"name":"Parduotuv\u0117","item":"https:\/\/www.hobstop.ee\/lt\/parduotuve\/"},{"@type":"ListItem","position":3,"name":"\u012erenginys lipdymo masei formuoti Cernit"}]},{"@type":"WebSite","@id":"https:\/\/www.hobstop.ee\/lt\/#website","url":"https:\/\/www.hobstop.ee\/lt\/","name":"Skizze","description":"Dail\u0117s, pom\u0117gi\u0173 ir mokykliniai reikm\u0117nys","publisher":{"@id":"https:\/\/www.hobstop.ee\/lt\/#organization"},"potentialAction":[{"@type":"SearchAction","target":{"@type":"EntryPoint","urlTemplate":"https:\/\/www.hobstop.ee\/lt\/?s={search_term_string}"},"query-input":{"@type":"PropertyValueSpecification","valueRequired":true,"valueName":"search_term_string"}}],"inLanguage":"lt"},{"@type":"Organization","@id":"https:\/\/www.hobstop.ee\/lt\/#organization","name":"Vunder AS","url":"https:\/\/www.hobstop.ee\/lt\/","logo":{"@type":"ImageObject","inLanguage":"lt","@id":"https:\/\/www.hobstop.ee\/lt\/#\/schema\/logo\/image\/","url":"https:\/\/hobstop.ee\/media\/vunder-logo.png","contentUrl":"https:\/\/hobstop.ee\/media\/vunder-logo.png","width":127,"height":55,"caption":"Vunder AS"},"image":{"@id":"https:\/\/www.hobstop.ee\/lt\/#\/schema\/logo\/image\/"},"sameAs":["http:\/\/www.facebook.com\/VunderSkizze"]}]}},"_links":{"self":[{"href":"https:\/\/hobstop.ee\/lt\/wp-json\/wp\/v2\/product\/61859","targetHints":{"allow":["GET"]}}],"collection":[{"href":"https:\/\/hobstop.ee\/lt\/wp-json\/wp\/v2\/product"}],"about":[{"href":"https:\/\/hobstop.ee\/lt\/wp-json\/wp\/v2\/types\/product"}],"replies":[{"embeddable":true,"href":"https:\/\/hobstop.ee\/lt\/wp-json\/wp\/v2\/comments?post=61859"}],"wp:featuredmedia":[{"embeddable":true,"href":"https:\/\/hobstop.ee\/lt\/wp-json\/wp\/v2\/media\/147478"}],"wp:attachment":[{"href":"https:\/\/hobstop.ee\/lt\/wp-json\/wp\/v2\/media?parent=61859"}],"wp:term":[{"taxonomy":"product_cat","embeddable":true,"href":"https:\/\/hobstop.ee\/lt\/wp-json\/wp\/v2\/product_cat?post=61859"},{"taxonomy":"product_tag","embeddable":true,"href":"https:\/\/hobstop.ee\/lt\/wp-json\/wp\/v2\/product_tag?post=61859"}],"curies":[{"name":"wp","href":"https:\/\/api.w.org\/{rel}","templated":true}]}}