{"id":61884,"date":"2014-12-09T13:01:30","date_gmt":"2014-12-09T11:01:30","guid":{"rendered":"https:\/\/sharks.ee\/vunder_2019.klient.veebimajutus.ee\/?post_type=product&p=61884"},"modified":"2014-12-09T13:01:30","modified_gmt":"2014-12-09T10:01:30","slug":"terpentinas-distiliuotas-lb","status":"publish","type":"product","link":"https:\/\/hobstop.ee\/lt\/produktas\/terpentinas-distiliuotas-lb\/","title":{"rendered":"Terpentinas distiliuotas L&#038;B"},"content":{"rendered":"<p>Terpentinas yra gaunamas distiliuojant pu\u0161\u0173 sakus. V\u0117liau jis yra rafinuojamas, tod\u0117l tampa bespalvis ir tekesnis. Da\u017eniausiai jis yra naudojamas aliejiniams da\u017eams skiesti \u2013 praskiestus da\u017eus lengviau naudoti eskizams tapyti, terpentinu praskiesti da\u017eai nepakei\u010dia savo spalvos. Jis yra ma\u017eiau lakus nei benzinas \u201eQuick Drying Petroleum\u201c, juo praskiestais da\u017eais nutapyti paveikslai netampa matiniai.<\/p>\n","protected":false},"excerpt":{"rendered":"<p>Terpentinas yra gaunamas distiliuojant pu\u0161\u0173 sakus. V\u0117liau jis yra rafinuojamas, tod\u0117l tampa bespalvis ir tekesnis. Da\u017eniausiai jis yra naudojamas aliejiniams da\u017eams skiesti \u2013 praskiestus da\u017eus lengviau naudoti eskizams tapyti, terpentinu praskiesti da\u017eai nepakei\u010dia savo spalvos. Jis yra ma\u017eiau lakus nei benzinas \u201eQuick Drying Petroleum\u201c, juo praskiestais da\u017eais nutapyti paveikslai netampa matiniai.<\/p>\n","protected":false},"featured_media":297967,"comment_status":"closed","ping_status":"closed","template":"","meta":{"_acf_changed":false,"ep_exclude_from_search":false},"product_cat":[17351,16124,17981],"product_tag":[],"class_list":{"0":"post-61884","1":"product","2":"type-product","3":"status-publish","4":"has-post-thumbnail","6":"product_cat-aliejiniu-dazu-priedai","7":"product_cat-dailes-prekes","8":"product_cat-dazai-ir-priedai-tapybai","10":"first","11":"instock","12":"taxable","13":"shipping-taxable","14":"purchasable","15":"product-type-variable"},"acf":[],"yoast_head":"<!-- This site is optimized with the Yoast SEO plugin v24.1 - https:\/\/yoast.com\/wordpress\/plugins\/seo\/ -->\n<title>Terpentinas distiliuotas L&amp;B &#8211; Skizze<\/title>\n<meta name=\"robots\" content=\"noindex, follow, max-snippet:-1, max-image-preview:large, max-video-preview:-1\" \/>\n<meta property=\"og:locale\" content=\"lt_LT\" \/>\n<meta property=\"og:type\" content=\"article\" \/>\n<meta property=\"og:title\" content=\"Terpentinas distiliuotas L&amp;B &#8211; Skizze\" \/>\n<meta property=\"og:description\" content=\"Terpentinas yra gaunamas distiliuojant pu\u0161\u0173 sakus. V\u0117liau jis yra rafinuojamas, tod\u0117l tampa bespalvis ir tekesnis. Da\u017eniausiai jis yra naudojamas aliejiniams da\u017eams skiesti \u2013 praskiestus da\u017eus lengviau naudoti eskizams tapyti, terpentinu praskiesti da\u017eai nepakei\u010dia savo spalvos. Jis yra ma\u017eiau lakus nei benzinas \u201eQuick Drying Petroleum\u201c, juo praskiestais da\u017eais nutapyti paveikslai netampa matiniai.\" \/>\n<meta property=\"og:url\" content=\"https:\/\/hobstop.ee\/lt\/produktas\/terpentinas-distiliuotas-lb\/\" \/>\n<meta property=\"og:site_name\" content=\"Skizze\" \/>\n<meta property=\"article:publisher\" content=\"http:\/\/www.facebook.com\/VunderSkizze\" \/>\n<meta property=\"article:modified_time\" content=\"-0001-11-30T00:00:00+00:00\" \/>\n<meta property=\"og:image\" content=\"https:\/\/hobstop.ee\/media\/2838.jpg\" \/>\n\t<meta property=\"og:image:width\" content=\"1024\" \/>\n\t<meta property=\"og:image:height\" content=\"768\" \/>\n\t<meta property=\"og:image:type\" content=\"image\/jpeg\" \/>\n<meta name=\"twitter:card\" content=\"summary_large_image\" \/>\n<script type=\"application\/ld+json\" class=\"yoast-schema-graph\">{\"@context\":\"https:\/\/schema.org\",\"@graph\":[{\"@type\":\"WebPage\",\"@id\":\"https:\/\/hobstop.ee\/lt\/produktas\/terpentinas-distiliuotas-lb\/\",\"url\":\"https:\/\/hobstop.ee\/lt\/produktas\/terpentinas-distiliuotas-lb\/\",\"name\":\"Terpentinas distiliuotas L&B &#8211; Skizze\",\"isPartOf\":{\"@id\":\"https:\/\/hobstop.ee\/lt\/#website\"},\"primaryImageOfPage\":{\"@id\":\"https:\/\/hobstop.ee\/lt\/produktas\/terpentinas-distiliuotas-lb\/#primaryimage\"},\"image\":{\"@id\":\"https:\/\/hobstop.ee\/lt\/produktas\/terpentinas-distiliuotas-lb\/#primaryimage\"},\"thumbnailUrl\":\"https:\/\/hobstop.ee\/media\/2838.jpg\",\"datePublished\":\"2014-12-09T11:01:30+00:00\",\"dateModified\":\"-0001-11-30T00:00:00+00:00\",\"breadcrumb\":{\"@id\":\"https:\/\/hobstop.ee\/lt\/produktas\/terpentinas-distiliuotas-lb\/#breadcrumb\"},\"inLanguage\":\"lt\",\"potentialAction\":[{\"@type\":\"ReadAction\",\"target\":[\"https:\/\/hobstop.ee\/lt\/produktas\/terpentinas-distiliuotas-lb\/\"]}]},{\"@type\":\"ImageObject\",\"inLanguage\":\"lt\",\"@id\":\"https:\/\/hobstop.ee\/lt\/produktas\/terpentinas-distiliuotas-lb\/#primaryimage\",\"url\":\"https:\/\/hobstop.ee\/media\/2838.jpg\",\"contentUrl\":\"https:\/\/hobstop.ee\/media\/2838.jpg\",\"width\":1024,\"height\":768},{\"@type\":\"BreadcrumbList\",\"@id\":\"https:\/\/hobstop.ee\/lt\/produktas\/terpentinas-distiliuotas-lb\/#breadcrumb\",\"itemListElement\":[{\"@type\":\"ListItem\",\"position\":1,\"name\":\"Avaleht\",\"item\":\"https:\/\/hobstop.ee\/lt\/\"},{\"@type\":\"ListItem\",\"position\":2,\"name\":\"Parduotuv\u0117\",\"item\":\"https:\/\/hobstop.ee\/lt\/parduotuve\/\"},{\"@type\":\"ListItem\",\"position\":3,\"name\":\"Terpentinas distiliuotas L&#038;B\"}]},{\"@type\":\"WebSite\",\"@id\":\"https:\/\/hobstop.ee\/lt\/#website\",\"url\":\"https:\/\/hobstop.ee\/lt\/\",\"name\":\"Skizze\",\"description\":\"Dail\u0117s, pom\u0117gi\u0173 ir mokykliniai reikm\u0117nys\",\"publisher\":{\"@id\":\"https:\/\/hobstop.ee\/lt\/#organization\"},\"potentialAction\":[{\"@type\":\"SearchAction\",\"target\":{\"@type\":\"EntryPoint\",\"urlTemplate\":\"https:\/\/hobstop.ee\/lt\/?s={search_term_string}\"},\"query-input\":{\"@type\":\"PropertyValueSpecification\",\"valueRequired\":true,\"valueName\":\"search_term_string\"}}],\"inLanguage\":\"lt\"},{\"@type\":\"Organization\",\"@id\":\"https:\/\/hobstop.ee\/lt\/#organization\",\"name\":\"Vunder AS\",\"url\":\"https:\/\/hobstop.ee\/lt\/\",\"logo\":{\"@type\":\"ImageObject\",\"inLanguage\":\"lt\",\"@id\":\"https:\/\/hobstop.ee\/lt\/#\/schema\/logo\/image\/\",\"url\":\"https:\/\/hobstop.ee\/media\/vunder-logo.png\",\"contentUrl\":\"https:\/\/hobstop.ee\/media\/vunder-logo.png\",\"width\":127,\"height\":55,\"caption\":\"Vunder AS\"},\"image\":{\"@id\":\"https:\/\/hobstop.ee\/lt\/#\/schema\/logo\/image\/\"},\"sameAs\":[\"http:\/\/www.facebook.com\/VunderSkizze\"]}]}<\/script>\n<!-- \/ Yoast SEO plugin. -->","yoast_head_json":{"title":"Terpentinas distiliuotas L&B &#8211; Skizze","robots":{"index":"noindex","follow":"follow","max-snippet":"max-snippet:-1","max-image-preview":"max-image-preview:large","max-video-preview":"max-video-preview:-1"},"og_locale":"lt_LT","og_type":"article","og_title":"Terpentinas distiliuotas L&B &#8211; Skizze","og_description":"Terpentinas yra gaunamas distiliuojant pu\u0161\u0173 sakus. V\u0117liau jis yra rafinuojamas, tod\u0117l tampa bespalvis ir tekesnis. Da\u017eniausiai jis yra naudojamas aliejiniams da\u017eams skiesti \u2013 praskiestus da\u017eus lengviau naudoti eskizams tapyti, terpentinu praskiesti da\u017eai nepakei\u010dia savo spalvos. Jis yra ma\u017eiau lakus nei benzinas \u201eQuick Drying Petroleum\u201c, juo praskiestais da\u017eais nutapyti paveikslai netampa matiniai.","og_url":"https:\/\/hobstop.ee\/lt\/produktas\/terpentinas-distiliuotas-lb\/","og_site_name":"Skizze","article_publisher":"http:\/\/www.facebook.com\/VunderSkizze","article_modified_time":"-0001-11-30T00:00:00+00:00","og_image":[{"width":1024,"height":768,"url":"https:\/\/hobstop.ee\/media\/2838.jpg","type":"image\/jpeg"}],"twitter_card":"summary_large_image","schema":{"@context":"https:\/\/schema.org","@graph":[{"@type":"WebPage","@id":"https:\/\/hobstop.ee\/lt\/produktas\/terpentinas-distiliuotas-lb\/","url":"https:\/\/hobstop.ee\/lt\/produktas\/terpentinas-distiliuotas-lb\/","name":"Terpentinas distiliuotas L&B &#8211; Skizze","isPartOf":{"@id":"https:\/\/hobstop.ee\/lt\/#website"},"primaryImageOfPage":{"@id":"https:\/\/hobstop.ee\/lt\/produktas\/terpentinas-distiliuotas-lb\/#primaryimage"},"image":{"@id":"https:\/\/hobstop.ee\/lt\/produktas\/terpentinas-distiliuotas-lb\/#primaryimage"},"thumbnailUrl":"https:\/\/hobstop.ee\/media\/2838.jpg","datePublished":"2014-12-09T11:01:30+00:00","dateModified":"-0001-11-30T00:00:00+00:00","breadcrumb":{"@id":"https:\/\/hobstop.ee\/lt\/produktas\/terpentinas-distiliuotas-lb\/#breadcrumb"},"inLanguage":"lt","potentialAction":[{"@type":"ReadAction","target":["https:\/\/hobstop.ee\/lt\/produktas\/terpentinas-distiliuotas-lb\/"]}]},{"@type":"ImageObject","inLanguage":"lt","@id":"https:\/\/hobstop.ee\/lt\/produktas\/terpentinas-distiliuotas-lb\/#primaryimage","url":"https:\/\/hobstop.ee\/media\/2838.jpg","contentUrl":"https:\/\/hobstop.ee\/media\/2838.jpg","width":1024,"height":768},{"@type":"BreadcrumbList","@id":"https:\/\/hobstop.ee\/lt\/produktas\/terpentinas-distiliuotas-lb\/#breadcrumb","itemListElement":[{"@type":"ListItem","position":1,"name":"Avaleht","item":"https:\/\/hobstop.ee\/lt\/"},{"@type":"ListItem","position":2,"name":"Parduotuv\u0117","item":"https:\/\/hobstop.ee\/lt\/parduotuve\/"},{"@type":"ListItem","position":3,"name":"Terpentinas distiliuotas L&#038;B"}]},{"@type":"WebSite","@id":"https:\/\/hobstop.ee\/lt\/#website","url":"https:\/\/hobstop.ee\/lt\/","name":"Skizze","description":"Dail\u0117s, pom\u0117gi\u0173 ir mokykliniai reikm\u0117nys","publisher":{"@id":"https:\/\/hobstop.ee\/lt\/#organization"},"potentialAction":[{"@type":"SearchAction","target":{"@type":"EntryPoint","urlTemplate":"https:\/\/hobstop.ee\/lt\/?s={search_term_string}"},"query-input":{"@type":"PropertyValueSpecification","valueRequired":true,"valueName":"search_term_string"}}],"inLanguage":"lt"},{"@type":"Organization","@id":"https:\/\/hobstop.ee\/lt\/#organization","name":"Vunder AS","url":"https:\/\/hobstop.ee\/lt\/","logo":{"@type":"ImageObject","inLanguage":"lt","@id":"https:\/\/hobstop.ee\/lt\/#\/schema\/logo\/image\/","url":"https:\/\/hobstop.ee\/media\/vunder-logo.png","contentUrl":"https:\/\/hobstop.ee\/media\/vunder-logo.png","width":127,"height":55,"caption":"Vunder AS"},"image":{"@id":"https:\/\/hobstop.ee\/lt\/#\/schema\/logo\/image\/"},"sameAs":["http:\/\/www.facebook.com\/VunderSkizze"]}]}},"_links":{"self":[{"href":"https:\/\/hobstop.ee\/lt\/wp-json\/wp\/v2\/product\/61884","targetHints":{"allow":["GET"]}}],"collection":[{"href":"https:\/\/hobstop.ee\/lt\/wp-json\/wp\/v2\/product"}],"about":[{"href":"https:\/\/hobstop.ee\/lt\/wp-json\/wp\/v2\/types\/product"}],"replies":[{"embeddable":true,"href":"https:\/\/hobstop.ee\/lt\/wp-json\/wp\/v2\/comments?post=61884"}],"wp:featuredmedia":[{"embeddable":true,"href":"https:\/\/hobstop.ee\/lt\/wp-json\/wp\/v2\/media\/297967"}],"wp:attachment":[{"href":"https:\/\/hobstop.ee\/lt\/wp-json\/wp\/v2\/media?parent=61884"}],"wp:term":[{"taxonomy":"product_cat","embeddable":true,"href":"https:\/\/hobstop.ee\/lt\/wp-json\/wp\/v2\/product_cat?post=61884"},{"taxonomy":"product_tag","embeddable":true,"href":"https:\/\/hobstop.ee\/lt\/wp-json\/wp\/v2\/product_tag?post=61884"}],"curies":[{"name":"wp","href":"https:\/\/api.w.org\/{rel}","templated":true}]}}