{"id":61915,"date":"2014-12-09T13:01:41","date_gmt":"2014-12-09T11:01:41","guid":{"rendered":"https:\/\/sharks.ee\/vunder_2019.klient.veebimajutus.ee\/?post_type=product&p=61915"},"modified":"2014-12-09T13:01:41","modified_gmt":"2014-12-09T10:01:41","slug":"molbertas-lb-modigliani","status":"publish","type":"product","link":"https:\/\/hobstop.ee\/lt\/produktas\/molbertas-lb-modigliani\/","title":{"rendered":"Molbertas L&#038;B Modigliani"},"content":{"rendered":"<p>I\u0161 nat\u016bralios buko medienos pagamintas lengvas  ir patogiai perve\u017eamas molbertas \u201eLefranc&#038;Bourgeois Modigliani\u201c. Molberte yra drobei prilaikyti skirtos briaunos, be to jis yra labai prakti\u0161kas ir lengvai perne\u0161amas odin\u0117mis \u0161onuose pritaisytomis rankenomis. Darbin\u0117 pad\u0117tis patogiai nustatoma reguliuojamomis i\u0161traukiamomis kojel\u0117mis. Maksimalus drob\u0117s auk\u0161tis yra 110cm.<\/p>\n","protected":false},"excerpt":{"rendered":"<p>I\u0161 nat\u016bralios buko medienos pagamintas lengvas ir patogiai perve\u017eamas molbertas \u201eLefranc&#038;Bourgeois Modigliani\u201c. Molberte yra drobei prilaikyti skirtos briaunos, be to jis yra labai prakti\u0161kas ir lengvai perne\u0161amas odin\u0117mis \u0161onuose pritaisytomis rankenomis. Darbin\u0117 pad\u0117tis patogiai nustatoma reguliuojamomis i\u0161traukiamomis kojel\u0117mis. Maksimalus drob\u0117s auk\u0161tis yra 110cm.<\/p>\n","protected":false},"featured_media":0,"comment_status":"closed","ping_status":"closed","template":"","meta":{"_acf_changed":false,"ep_exclude_from_search":false},"product_cat":[16124,18935,14937],"product_tag":[],"class_list":{"0":"post-61915","1":"product","2":"type-product","3":"status-publish","5":"product_cat-dailes-prekes","6":"product_cat-molbertai","7":"product_cat-glitter-geelid","9":"first","10":"instock","11":"sale","12":"taxable","13":"shipping-taxable","14":"purchasable","15":"product-type-variable"},"acf":[],"yoast_head":"<!-- This site is optimized with the Yoast SEO plugin v24.1 - https:\/\/yoast.com\/wordpress\/plugins\/seo\/ -->\n<title>Molbertas L&amp;B Modigliani &#8211; Skizze<\/title>\n<meta name=\"robots\" content=\"noindex, follow, max-snippet:-1, max-image-preview:large, max-video-preview:-1\" \/>\n<meta property=\"og:locale\" content=\"lt_LT\" \/>\n<meta property=\"og:type\" content=\"article\" \/>\n<meta property=\"og:title\" content=\"Molbertas L&amp;B Modigliani &#8211; Skizze\" \/>\n<meta property=\"og:description\" content=\"I\u0161 nat\u016bralios buko medienos pagamintas lengvas ir patogiai perve\u017eamas molbertas \u201eLefranc&#038;Bourgeois Modigliani\u201c. Molberte yra drobei prilaikyti skirtos briaunos, be to jis yra labai prakti\u0161kas ir lengvai perne\u0161amas odin\u0117mis \u0161onuose pritaisytomis rankenomis. Darbin\u0117 pad\u0117tis patogiai nustatoma reguliuojamomis i\u0161traukiamomis kojel\u0117mis. Maksimalus drob\u0117s auk\u0161tis yra 110cm.\" \/>\n<meta property=\"og:url\" content=\"https:\/\/hobstop.ee\/lt\/produktas\/molbertas-lb-modigliani\/\" \/>\n<meta property=\"og:site_name\" content=\"Skizze\" \/>\n<meta property=\"article:publisher\" content=\"http:\/\/www.facebook.com\/VunderSkizze\" \/>\n<meta property=\"article:modified_time\" content=\"-0001-11-30T00:00:00+00:00\" \/>\n<meta name=\"twitter:card\" content=\"summary_large_image\" \/>\n<script type=\"application\/ld+json\" class=\"yoast-schema-graph\">{\"@context\":\"https:\/\/schema.org\",\"@graph\":[{\"@type\":\"WebPage\",\"@id\":\"https:\/\/hobstop.ee\/lt\/produktas\/molbertas-lb-modigliani\/\",\"url\":\"https:\/\/hobstop.ee\/lt\/produktas\/molbertas-lb-modigliani\/\",\"name\":\"Molbertas L&B Modigliani &#8211; Skizze\",\"isPartOf\":{\"@id\":\"https:\/\/hobstop.ee\/lt\/#website\"},\"datePublished\":\"2014-12-09T11:01:41+00:00\",\"dateModified\":\"-0001-11-30T00:00:00+00:00\",\"breadcrumb\":{\"@id\":\"https:\/\/hobstop.ee\/lt\/produktas\/molbertas-lb-modigliani\/#breadcrumb\"},\"inLanguage\":\"lt\",\"potentialAction\":[{\"@type\":\"ReadAction\",\"target\":[\"https:\/\/hobstop.ee\/lt\/produktas\/molbertas-lb-modigliani\/\"]}]},{\"@type\":\"BreadcrumbList\",\"@id\":\"https:\/\/hobstop.ee\/lt\/produktas\/molbertas-lb-modigliani\/#breadcrumb\",\"itemListElement\":[{\"@type\":\"ListItem\",\"position\":1,\"name\":\"Avaleht\",\"item\":\"https:\/\/hobstop.ee\/lt\/\"},{\"@type\":\"ListItem\",\"position\":2,\"name\":\"Parduotuv\u0117\",\"item\":\"https:\/\/hobstop.ee\/lt\/parduotuve\/\"},{\"@type\":\"ListItem\",\"position\":3,\"name\":\"Molbertas L&#038;B Modigliani\"}]},{\"@type\":\"WebSite\",\"@id\":\"https:\/\/hobstop.ee\/lt\/#website\",\"url\":\"https:\/\/hobstop.ee\/lt\/\",\"name\":\"Skizze\",\"description\":\"Dail\u0117s, pom\u0117gi\u0173 ir mokykliniai reikm\u0117nys\",\"publisher\":{\"@id\":\"https:\/\/hobstop.ee\/lt\/#organization\"},\"potentialAction\":[{\"@type\":\"SearchAction\",\"target\":{\"@type\":\"EntryPoint\",\"urlTemplate\":\"https:\/\/hobstop.ee\/lt\/?s={search_term_string}\"},\"query-input\":{\"@type\":\"PropertyValueSpecification\",\"valueRequired\":true,\"valueName\":\"search_term_string\"}}],\"inLanguage\":\"lt\"},{\"@type\":\"Organization\",\"@id\":\"https:\/\/hobstop.ee\/lt\/#organization\",\"name\":\"Vunder AS\",\"url\":\"https:\/\/hobstop.ee\/lt\/\",\"logo\":{\"@type\":\"ImageObject\",\"inLanguage\":\"lt\",\"@id\":\"https:\/\/hobstop.ee\/lt\/#\/schema\/logo\/image\/\",\"url\":\"https:\/\/hobstop.ee\/media\/vunder-logo.png\",\"contentUrl\":\"https:\/\/hobstop.ee\/media\/vunder-logo.png\",\"width\":127,\"height\":55,\"caption\":\"Vunder AS\"},\"image\":{\"@id\":\"https:\/\/hobstop.ee\/lt\/#\/schema\/logo\/image\/\"},\"sameAs\":[\"http:\/\/www.facebook.com\/VunderSkizze\"]}]}<\/script>\n<!-- \/ Yoast SEO plugin. -->","yoast_head_json":{"title":"Molbertas L&B Modigliani &#8211; Skizze","robots":{"index":"noindex","follow":"follow","max-snippet":"max-snippet:-1","max-image-preview":"max-image-preview:large","max-video-preview":"max-video-preview:-1"},"og_locale":"lt_LT","og_type":"article","og_title":"Molbertas L&B Modigliani &#8211; Skizze","og_description":"I\u0161 nat\u016bralios buko medienos pagamintas lengvas ir patogiai perve\u017eamas molbertas \u201eLefranc&#038;Bourgeois Modigliani\u201c. Molberte yra drobei prilaikyti skirtos briaunos, be to jis yra labai prakti\u0161kas ir lengvai perne\u0161amas odin\u0117mis \u0161onuose pritaisytomis rankenomis. Darbin\u0117 pad\u0117tis patogiai nustatoma reguliuojamomis i\u0161traukiamomis kojel\u0117mis. Maksimalus drob\u0117s auk\u0161tis yra 110cm.","og_url":"https:\/\/hobstop.ee\/lt\/produktas\/molbertas-lb-modigliani\/","og_site_name":"Skizze","article_publisher":"http:\/\/www.facebook.com\/VunderSkizze","article_modified_time":"-0001-11-30T00:00:00+00:00","twitter_card":"summary_large_image","schema":{"@context":"https:\/\/schema.org","@graph":[{"@type":"WebPage","@id":"https:\/\/hobstop.ee\/lt\/produktas\/molbertas-lb-modigliani\/","url":"https:\/\/hobstop.ee\/lt\/produktas\/molbertas-lb-modigliani\/","name":"Molbertas L&B Modigliani &#8211; Skizze","isPartOf":{"@id":"https:\/\/hobstop.ee\/lt\/#website"},"datePublished":"2014-12-09T11:01:41+00:00","dateModified":"-0001-11-30T00:00:00+00:00","breadcrumb":{"@id":"https:\/\/hobstop.ee\/lt\/produktas\/molbertas-lb-modigliani\/#breadcrumb"},"inLanguage":"lt","potentialAction":[{"@type":"ReadAction","target":["https:\/\/hobstop.ee\/lt\/produktas\/molbertas-lb-modigliani\/"]}]},{"@type":"BreadcrumbList","@id":"https:\/\/hobstop.ee\/lt\/produktas\/molbertas-lb-modigliani\/#breadcrumb","itemListElement":[{"@type":"ListItem","position":1,"name":"Avaleht","item":"https:\/\/hobstop.ee\/lt\/"},{"@type":"ListItem","position":2,"name":"Parduotuv\u0117","item":"https:\/\/hobstop.ee\/lt\/parduotuve\/"},{"@type":"ListItem","position":3,"name":"Molbertas L&#038;B Modigliani"}]},{"@type":"WebSite","@id":"https:\/\/hobstop.ee\/lt\/#website","url":"https:\/\/hobstop.ee\/lt\/","name":"Skizze","description":"Dail\u0117s, pom\u0117gi\u0173 ir mokykliniai reikm\u0117nys","publisher":{"@id":"https:\/\/hobstop.ee\/lt\/#organization"},"potentialAction":[{"@type":"SearchAction","target":{"@type":"EntryPoint","urlTemplate":"https:\/\/hobstop.ee\/lt\/?s={search_term_string}"},"query-input":{"@type":"PropertyValueSpecification","valueRequired":true,"valueName":"search_term_string"}}],"inLanguage":"lt"},{"@type":"Organization","@id":"https:\/\/hobstop.ee\/lt\/#organization","name":"Vunder AS","url":"https:\/\/hobstop.ee\/lt\/","logo":{"@type":"ImageObject","inLanguage":"lt","@id":"https:\/\/hobstop.ee\/lt\/#\/schema\/logo\/image\/","url":"https:\/\/hobstop.ee\/media\/vunder-logo.png","contentUrl":"https:\/\/hobstop.ee\/media\/vunder-logo.png","width":127,"height":55,"caption":"Vunder AS"},"image":{"@id":"https:\/\/hobstop.ee\/lt\/#\/schema\/logo\/image\/"},"sameAs":["http:\/\/www.facebook.com\/VunderSkizze"]}]}},"_links":{"self":[{"href":"https:\/\/hobstop.ee\/lt\/wp-json\/wp\/v2\/product\/61915","targetHints":{"allow":["GET"]}}],"collection":[{"href":"https:\/\/hobstop.ee\/lt\/wp-json\/wp\/v2\/product"}],"about":[{"href":"https:\/\/hobstop.ee\/lt\/wp-json\/wp\/v2\/types\/product"}],"replies":[{"embeddable":true,"href":"https:\/\/hobstop.ee\/lt\/wp-json\/wp\/v2\/comments?post=61915"}],"wp:attachment":[{"href":"https:\/\/hobstop.ee\/lt\/wp-json\/wp\/v2\/media?parent=61915"}],"wp:term":[{"taxonomy":"product_cat","embeddable":true,"href":"https:\/\/hobstop.ee\/lt\/wp-json\/wp\/v2\/product_cat?post=61915"},{"taxonomy":"product_tag","embeddable":true,"href":"https:\/\/hobstop.ee\/lt\/wp-json\/wp\/v2\/product_tag?post=61915"}],"curies":[{"name":"wp","href":"https:\/\/api.w.org\/{rel}","templated":true}]}}