{"id":61932,"date":"2014-12-09T13:02:01","date_gmt":"2014-12-09T11:02:01","guid":{"rendered":"https:\/\/sharks.ee\/vunder_2019.klient.veebimajutus.ee\/?post_type=product&p=61932"},"modified":"2014-12-09T13:02:01","modified_gmt":"2014-12-09T10:02:01","slug":"piesimo-piestukas-derwent-metaline-dezute","status":"publish","type":"product","link":"https:\/\/hobstop.ee\/lt\/produktas\/piesimo-piestukas-derwent-metaline-dezute\/","title":{"rendered":"Pie\u0161imo pie\u0161tukas Derwent metalin\u0117 d\u0117\u017eut\u0117"},"content":{"rendered":"<p>\u0160varus pie\u0161inys \u2013 stulbinan\u010dios spalvos ir nei\u0161senkantis k\u016brybinis potencialas. Pie\u0161tuko \u0161erdel\u0117 yra itin stora ir mink\u0161tos tekst\u016bros, pie\u0161ia gra\u017ei\u0105 ir mink\u0161t\u0105, tarsi aksomin\u0119 linij\u0105. Tai \u2013 tobula priemon\u0117 pie\u0161ti gamtos vaizdams ir gyv\u016bnams, daugelio dailinink\u0173 laikoma geriausiu pie\u0161tuku gyv\u016bn\u0173 plunksnoms ir kailiui pie\u0161ti. Jis idealiai tinka subtiliems gamtovaizd\u017eiams ir rai\u0161kiems portretams pie\u0161ti.<br \/>\nApvalus 8mm kotelis, \u0161erdel\u0117s skersmuo \u2013 5mm.<\/p>\n","protected":false},"excerpt":{"rendered":"<p>\u0160varus pie\u0161inys \u2013 stulbinan\u010dios spalvos ir nei\u0161senkantis k\u016brybinis potencialas. Pie\u0161tuko \u0161erdel\u0117 yra itin stora ir mink\u0161tos tekst\u016bros, pie\u0161ia gra\u017ei\u0105 ir mink\u0161t\u0105, tarsi aksomin\u0119 linij\u0105. Tai \u2013 tobula priemon\u0117 pie\u0161ti gamtos vaizdams ir gyv\u016bnams, daugelio dailinink\u0173 laikoma geriausiu pie\u0161tuku gyv\u016bn\u0173 plunksnoms ir kailiui pie\u0161ti. Jis idealiai tinka subtiliems gamtovaizd\u017eiams ir rai\u0161kiems portretams pie\u0161ti. Apvalus 8mm kotelis, \u0161erdel\u0117s skersmuo \u2013 5mm.<\/p>\n","protected":false},"featured_media":354784,"comment_status":"closed","ping_status":"closed","template":"","meta":{"_acf_changed":false,"ep_exclude_from_search":false},"product_cat":[16124,18992,18932],"product_tag":[],"class_list":{"0":"post-61932","1":"product","2":"type-product","3":"status-publish","4":"has-post-thumbnail","6":"product_cat-dailes-prekes","7":"product_cat-eskiziniai-piestukai","8":"product_cat-piesimo-reikmenys-3","10":"first","11":"outofstock","12":"taxable","13":"shipping-taxable","14":"purchasable","15":"product-type-variable"},"acf":[],"yoast_head":"<!-- This site is optimized with the Yoast SEO plugin v24.1 - https:\/\/yoast.com\/wordpress\/plugins\/seo\/ -->\n<title>Pie\u0161imo pie\u0161tukas Derwent metalin\u0117 d\u0117\u017eut\u0117 &#8211; Skizze<\/title>\n<meta name=\"robots\" content=\"noindex, follow, max-snippet:-1, max-image-preview:large, max-video-preview:-1\" \/>\n<meta property=\"og:locale\" content=\"lt_LT\" \/>\n<meta property=\"og:type\" content=\"article\" \/>\n<meta property=\"og:title\" content=\"Pie\u0161imo pie\u0161tukas Derwent metalin\u0117 d\u0117\u017eut\u0117 &#8211; Skizze\" \/>\n<meta property=\"og:description\" content=\"\u0160varus pie\u0161inys \u2013 stulbinan\u010dios spalvos ir nei\u0161senkantis k\u016brybinis potencialas. Pie\u0161tuko \u0161erdel\u0117 yra itin stora ir mink\u0161tos tekst\u016bros, pie\u0161ia gra\u017ei\u0105 ir mink\u0161t\u0105, tarsi aksomin\u0119 linij\u0105. Tai \u2013 tobula priemon\u0117 pie\u0161ti gamtos vaizdams ir gyv\u016bnams, daugelio dailinink\u0173 laikoma geriausiu pie\u0161tuku gyv\u016bn\u0173 plunksnoms ir kailiui pie\u0161ti. Jis idealiai tinka subtiliems gamtovaizd\u017eiams ir rai\u0161kiems portretams pie\u0161ti. Apvalus 8mm kotelis, \u0161erdel\u0117s skersmuo \u2013 5mm.\" \/>\n<meta property=\"og:url\" content=\"https:\/\/hobstop.ee\/lt\/produktas\/piesimo-piestukas-derwent-metaline-dezute\/\" \/>\n<meta property=\"og:site_name\" content=\"Skizze\" \/>\n<meta property=\"article:publisher\" content=\"http:\/\/www.facebook.com\/VunderSkizze\" \/>\n<meta property=\"article:modified_time\" content=\"-0001-11-30T00:00:00+00:00\" \/>\n<meta property=\"og:image\" content=\"https:\/\/hobstop.ee\/media\/2883.jpg\" \/>\n\t<meta property=\"og:image:width\" content=\"1024\" \/>\n\t<meta property=\"og:image:height\" content=\"768\" \/>\n\t<meta property=\"og:image:type\" content=\"image\/jpeg\" \/>\n<meta name=\"twitter:card\" content=\"summary_large_image\" \/>\n<script type=\"application\/ld+json\" class=\"yoast-schema-graph\">{\"@context\":\"https:\/\/schema.org\",\"@graph\":[{\"@type\":\"WebPage\",\"@id\":\"https:\/\/hobstop.ee\/lt\/produktas\/piesimo-piestukas-derwent-metaline-dezute\/\",\"url\":\"https:\/\/hobstop.ee\/lt\/produktas\/piesimo-piestukas-derwent-metaline-dezute\/\",\"name\":\"Pie\u0161imo pie\u0161tukas Derwent metalin\u0117 d\u0117\u017eut\u0117 &#8211; Skizze\",\"isPartOf\":{\"@id\":\"https:\/\/hobstop.ee\/lt\/#website\"},\"primaryImageOfPage\":{\"@id\":\"https:\/\/hobstop.ee\/lt\/produktas\/piesimo-piestukas-derwent-metaline-dezute\/#primaryimage\"},\"image\":{\"@id\":\"https:\/\/hobstop.ee\/lt\/produktas\/piesimo-piestukas-derwent-metaline-dezute\/#primaryimage\"},\"thumbnailUrl\":\"https:\/\/hobstop.ee\/media\/2883.jpg\",\"datePublished\":\"2014-12-09T11:02:01+00:00\",\"dateModified\":\"-0001-11-30T00:00:00+00:00\",\"breadcrumb\":{\"@id\":\"https:\/\/hobstop.ee\/lt\/produktas\/piesimo-piestukas-derwent-metaline-dezute\/#breadcrumb\"},\"inLanguage\":\"lt\",\"potentialAction\":[{\"@type\":\"ReadAction\",\"target\":[\"https:\/\/hobstop.ee\/lt\/produktas\/piesimo-piestukas-derwent-metaline-dezute\/\"]}]},{\"@type\":\"ImageObject\",\"inLanguage\":\"lt\",\"@id\":\"https:\/\/hobstop.ee\/lt\/produktas\/piesimo-piestukas-derwent-metaline-dezute\/#primaryimage\",\"url\":\"https:\/\/hobstop.ee\/media\/2883.jpg\",\"contentUrl\":\"https:\/\/hobstop.ee\/media\/2883.jpg\",\"width\":1024,\"height\":768},{\"@type\":\"BreadcrumbList\",\"@id\":\"https:\/\/hobstop.ee\/lt\/produktas\/piesimo-piestukas-derwent-metaline-dezute\/#breadcrumb\",\"itemListElement\":[{\"@type\":\"ListItem\",\"position\":1,\"name\":\"Avaleht\",\"item\":\"https:\/\/hobstop.ee\/lt\/\"},{\"@type\":\"ListItem\",\"position\":2,\"name\":\"Parduotuv\u0117\",\"item\":\"https:\/\/hobstop.ee\/lt\/parduotuve\/\"},{\"@type\":\"ListItem\",\"position\":3,\"name\":\"Pie\u0161imo pie\u0161tukas Derwent metalin\u0117 d\u0117\u017eut\u0117\"}]},{\"@type\":\"WebSite\",\"@id\":\"https:\/\/hobstop.ee\/lt\/#website\",\"url\":\"https:\/\/hobstop.ee\/lt\/\",\"name\":\"Skizze\",\"description\":\"Dail\u0117s, pom\u0117gi\u0173 ir mokykliniai reikm\u0117nys\",\"publisher\":{\"@id\":\"https:\/\/hobstop.ee\/lt\/#organization\"},\"potentialAction\":[{\"@type\":\"SearchAction\",\"target\":{\"@type\":\"EntryPoint\",\"urlTemplate\":\"https:\/\/hobstop.ee\/lt\/?s={search_term_string}\"},\"query-input\":{\"@type\":\"PropertyValueSpecification\",\"valueRequired\":true,\"valueName\":\"search_term_string\"}}],\"inLanguage\":\"lt\"},{\"@type\":\"Organization\",\"@id\":\"https:\/\/hobstop.ee\/lt\/#organization\",\"name\":\"Vunder AS\",\"url\":\"https:\/\/hobstop.ee\/lt\/\",\"logo\":{\"@type\":\"ImageObject\",\"inLanguage\":\"lt\",\"@id\":\"https:\/\/hobstop.ee\/lt\/#\/schema\/logo\/image\/\",\"url\":\"https:\/\/hobstop.ee\/media\/vunder-logo.png\",\"contentUrl\":\"https:\/\/hobstop.ee\/media\/vunder-logo.png\",\"width\":127,\"height\":55,\"caption\":\"Vunder AS\"},\"image\":{\"@id\":\"https:\/\/hobstop.ee\/lt\/#\/schema\/logo\/image\/\"},\"sameAs\":[\"http:\/\/www.facebook.com\/VunderSkizze\"]}]}<\/script>\n<!-- \/ Yoast SEO plugin. -->","yoast_head_json":{"title":"Pie\u0161imo pie\u0161tukas Derwent metalin\u0117 d\u0117\u017eut\u0117 &#8211; Skizze","robots":{"index":"noindex","follow":"follow","max-snippet":"max-snippet:-1","max-image-preview":"max-image-preview:large","max-video-preview":"max-video-preview:-1"},"og_locale":"lt_LT","og_type":"article","og_title":"Pie\u0161imo pie\u0161tukas Derwent metalin\u0117 d\u0117\u017eut\u0117 &#8211; Skizze","og_description":"\u0160varus pie\u0161inys \u2013 stulbinan\u010dios spalvos ir nei\u0161senkantis k\u016brybinis potencialas. Pie\u0161tuko \u0161erdel\u0117 yra itin stora ir mink\u0161tos tekst\u016bros, pie\u0161ia gra\u017ei\u0105 ir mink\u0161t\u0105, tarsi aksomin\u0119 linij\u0105. Tai \u2013 tobula priemon\u0117 pie\u0161ti gamtos vaizdams ir gyv\u016bnams, daugelio dailinink\u0173 laikoma geriausiu pie\u0161tuku gyv\u016bn\u0173 plunksnoms ir kailiui pie\u0161ti. Jis idealiai tinka subtiliems gamtovaizd\u017eiams ir rai\u0161kiems portretams pie\u0161ti. Apvalus 8mm kotelis, \u0161erdel\u0117s skersmuo \u2013 5mm.","og_url":"https:\/\/hobstop.ee\/lt\/produktas\/piesimo-piestukas-derwent-metaline-dezute\/","og_site_name":"Skizze","article_publisher":"http:\/\/www.facebook.com\/VunderSkizze","article_modified_time":"-0001-11-30T00:00:00+00:00","og_image":[{"width":1024,"height":768,"url":"https:\/\/hobstop.ee\/media\/2883.jpg","type":"image\/jpeg"}],"twitter_card":"summary_large_image","schema":{"@context":"https:\/\/schema.org","@graph":[{"@type":"WebPage","@id":"https:\/\/hobstop.ee\/lt\/produktas\/piesimo-piestukas-derwent-metaline-dezute\/","url":"https:\/\/hobstop.ee\/lt\/produktas\/piesimo-piestukas-derwent-metaline-dezute\/","name":"Pie\u0161imo pie\u0161tukas Derwent metalin\u0117 d\u0117\u017eut\u0117 &#8211; Skizze","isPartOf":{"@id":"https:\/\/hobstop.ee\/lt\/#website"},"primaryImageOfPage":{"@id":"https:\/\/hobstop.ee\/lt\/produktas\/piesimo-piestukas-derwent-metaline-dezute\/#primaryimage"},"image":{"@id":"https:\/\/hobstop.ee\/lt\/produktas\/piesimo-piestukas-derwent-metaline-dezute\/#primaryimage"},"thumbnailUrl":"https:\/\/hobstop.ee\/media\/2883.jpg","datePublished":"2014-12-09T11:02:01+00:00","dateModified":"-0001-11-30T00:00:00+00:00","breadcrumb":{"@id":"https:\/\/hobstop.ee\/lt\/produktas\/piesimo-piestukas-derwent-metaline-dezute\/#breadcrumb"},"inLanguage":"lt","potentialAction":[{"@type":"ReadAction","target":["https:\/\/hobstop.ee\/lt\/produktas\/piesimo-piestukas-derwent-metaline-dezute\/"]}]},{"@type":"ImageObject","inLanguage":"lt","@id":"https:\/\/hobstop.ee\/lt\/produktas\/piesimo-piestukas-derwent-metaline-dezute\/#primaryimage","url":"https:\/\/hobstop.ee\/media\/2883.jpg","contentUrl":"https:\/\/hobstop.ee\/media\/2883.jpg","width":1024,"height":768},{"@type":"BreadcrumbList","@id":"https:\/\/hobstop.ee\/lt\/produktas\/piesimo-piestukas-derwent-metaline-dezute\/#breadcrumb","itemListElement":[{"@type":"ListItem","position":1,"name":"Avaleht","item":"https:\/\/hobstop.ee\/lt\/"},{"@type":"ListItem","position":2,"name":"Parduotuv\u0117","item":"https:\/\/hobstop.ee\/lt\/parduotuve\/"},{"@type":"ListItem","position":3,"name":"Pie\u0161imo pie\u0161tukas Derwent metalin\u0117 d\u0117\u017eut\u0117"}]},{"@type":"WebSite","@id":"https:\/\/hobstop.ee\/lt\/#website","url":"https:\/\/hobstop.ee\/lt\/","name":"Skizze","description":"Dail\u0117s, pom\u0117gi\u0173 ir mokykliniai reikm\u0117nys","publisher":{"@id":"https:\/\/hobstop.ee\/lt\/#organization"},"potentialAction":[{"@type":"SearchAction","target":{"@type":"EntryPoint","urlTemplate":"https:\/\/hobstop.ee\/lt\/?s={search_term_string}"},"query-input":{"@type":"PropertyValueSpecification","valueRequired":true,"valueName":"search_term_string"}}],"inLanguage":"lt"},{"@type":"Organization","@id":"https:\/\/hobstop.ee\/lt\/#organization","name":"Vunder AS","url":"https:\/\/hobstop.ee\/lt\/","logo":{"@type":"ImageObject","inLanguage":"lt","@id":"https:\/\/hobstop.ee\/lt\/#\/schema\/logo\/image\/","url":"https:\/\/hobstop.ee\/media\/vunder-logo.png","contentUrl":"https:\/\/hobstop.ee\/media\/vunder-logo.png","width":127,"height":55,"caption":"Vunder AS"},"image":{"@id":"https:\/\/hobstop.ee\/lt\/#\/schema\/logo\/image\/"},"sameAs":["http:\/\/www.facebook.com\/VunderSkizze"]}]}},"_links":{"self":[{"href":"https:\/\/hobstop.ee\/lt\/wp-json\/wp\/v2\/product\/61932","targetHints":{"allow":["GET"]}}],"collection":[{"href":"https:\/\/hobstop.ee\/lt\/wp-json\/wp\/v2\/product"}],"about":[{"href":"https:\/\/hobstop.ee\/lt\/wp-json\/wp\/v2\/types\/product"}],"replies":[{"embeddable":true,"href":"https:\/\/hobstop.ee\/lt\/wp-json\/wp\/v2\/comments?post=61932"}],"wp:featuredmedia":[{"embeddable":true,"href":"https:\/\/hobstop.ee\/lt\/wp-json\/wp\/v2\/media\/354784"}],"wp:attachment":[{"href":"https:\/\/hobstop.ee\/lt\/wp-json\/wp\/v2\/media?parent=61932"}],"wp:term":[{"taxonomy":"product_cat","embeddable":true,"href":"https:\/\/hobstop.ee\/lt\/wp-json\/wp\/v2\/product_cat?post=61932"},{"taxonomy":"product_tag","embeddable":true,"href":"https:\/\/hobstop.ee\/lt\/wp-json\/wp\/v2\/product_tag?post=61932"}],"curies":[{"name":"wp","href":"https:\/\/api.w.org\/{rel}","templated":true}]}}