{"id":61950,"date":"2014-12-09T13:02:04","date_gmt":"2014-12-09T11:02:04","guid":{"rendered":"https:\/\/sharks.ee\/vunder_2019.klient.veebimajutus.ee\/?post_type=product&p=61950"},"modified":"2014-12-09T13:02:04","modified_gmt":"2014-12-09T10:02:04","slug":"spaudos-dazai-charbonnel-aqua-wash-60ml","status":"publish","type":"product","link":"https:\/\/hobstop.ee\/lt\/produktas\/spaudos-dazai-charbonnel-aqua-wash-60ml\/","title":{"rendered":"Spaudos da\u017eai Charbonnel Aqua Wash 60ml"},"content":{"rendered":"<p>\u201eCharbonnel Aqua Wash\u201c yra \u201eLefranc&#038;Bourgeois\u201c laboratorijoje sukurti special\u016bs spaudos da\u017eai, kuri\u0173 ri\u0161amojoje med\u017eiagoje yra emulsini\u0173 aliej\u0173. Jie skiriasi nuo kit\u0173 spaudos da\u017e\u0173 tuo, kad juos galima skiesti&#8230; vandeniu! Per ilgus metus buvo u\u017etikrintas da\u017e\u0173 kokyb\u0117s stabilumas, tod\u0117l \u0161ie da\u017eai yra identi\u0161ki tradiciniams skiediklio pagrindu pagamintiems da\u017eams. Da\u017eus tinka naudoti dirbant \u012fvairia technika: giliaspaude ir reljefine spauda, darant ofortus, monotipijas ir linorai\u017eius.<\/p>\n","protected":false},"excerpt":{"rendered":"<p>\u201eCharbonnel Aqua Wash\u201c yra \u201eLefranc&#038;Bourgeois\u201c laboratorijoje sukurti special\u016bs spaudos da\u017eai, kuri\u0173 ri\u0161amojoje med\u017eiagoje yra emulsini\u0173 aliej\u0173. Jie skiriasi nuo kit\u0173 spaudos da\u017e\u0173 tuo, kad juos galima skiesti&#8230; vandeniu! Per ilgus metus buvo u\u017etikrintas da\u017e\u0173 kokyb\u0117s stabilumas, tod\u0117l \u0161ie da\u017eai yra identi\u0161ki tradiciniams skiediklio pagrindu pagamintiems da\u017eams. Da\u017eus tinka naudoti dirbant \u012fvairia technika: giliaspaude ir reljefine spauda, darant ofortus, monotipijas ir linorai\u017eius.<\/p>\n","protected":false},"featured_media":105647,"comment_status":"closed","ping_status":"closed","template":"","meta":{"_acf_changed":false,"ep_exclude_from_search":false},"product_cat":[16124,15005,10102],"product_tag":[],"class_list":{"0":"post-61950","1":"product","2":"type-product","3":"status-publish","4":"has-post-thumbnail","6":"product_cat-dailes-prekes","7":"product_cat-kunsti-ja-kasitoo-valgustid","8":"product_cat-grafika-2","10":"first","11":"instock","12":"taxable","13":"shipping-taxable","14":"purchasable","15":"product-type-variable"},"acf":[],"yoast_head":"<!-- This site is optimized with the Yoast SEO plugin v24.1 - https:\/\/yoast.com\/wordpress\/plugins\/seo\/ -->\n<title>Spaudos da\u017eai Charbonnel Aqua Wash 60ml &#8211; Skizze<\/title>\n<meta name=\"robots\" content=\"noindex, follow, max-snippet:-1, max-image-preview:large, max-video-preview:-1\" \/>\n<meta property=\"og:locale\" content=\"lt_LT\" \/>\n<meta property=\"og:type\" content=\"article\" \/>\n<meta property=\"og:title\" content=\"Spaudos da\u017eai Charbonnel Aqua Wash 60ml &#8211; Skizze\" \/>\n<meta property=\"og:description\" content=\"\u201eCharbonnel Aqua Wash\u201c yra \u201eLefranc&#038;Bourgeois\u201c laboratorijoje sukurti special\u016bs spaudos da\u017eai, kuri\u0173 ri\u0161amojoje med\u017eiagoje yra emulsini\u0173 aliej\u0173. Jie skiriasi nuo kit\u0173 spaudos da\u017e\u0173 tuo, kad juos galima skiesti&#8230; vandeniu! Per ilgus metus buvo u\u017etikrintas da\u017e\u0173 kokyb\u0117s stabilumas, tod\u0117l \u0161ie da\u017eai yra identi\u0161ki tradiciniams skiediklio pagrindu pagamintiems da\u017eams. Da\u017eus tinka naudoti dirbant \u012fvairia technika: giliaspaude ir reljefine spauda, darant ofortus, monotipijas ir linorai\u017eius.\" \/>\n<meta property=\"og:url\" content=\"https:\/\/hobstop.ee\/lt\/produktas\/spaudos-dazai-charbonnel-aqua-wash-60ml\/\" \/>\n<meta property=\"og:site_name\" content=\"Skizze\" \/>\n<meta property=\"article:publisher\" content=\"http:\/\/www.facebook.com\/VunderSkizze\" \/>\n<meta property=\"article:modified_time\" content=\"-0001-11-30T00:00:00+00:00\" \/>\n<meta property=\"og:image\" content=\"https:\/\/www.hobstop.ee\/media\/2894.jpg\" \/>\n\t<meta property=\"og:image:width\" content=\"1024\" \/>\n\t<meta property=\"og:image:height\" content=\"768\" \/>\n\t<meta property=\"og:image:type\" content=\"image\/jpeg\" \/>\n<meta name=\"twitter:card\" content=\"summary_large_image\" \/>\n<script type=\"application\/ld+json\" class=\"yoast-schema-graph\">{\"@context\":\"https:\/\/schema.org\",\"@graph\":[{\"@type\":\"WebPage\",\"@id\":\"https:\/\/hobstop.ee\/lt\/produktas\/spaudos-dazai-charbonnel-aqua-wash-60ml\/\",\"url\":\"https:\/\/hobstop.ee\/lt\/produktas\/spaudos-dazai-charbonnel-aqua-wash-60ml\/\",\"name\":\"Spaudos da\u017eai Charbonnel Aqua Wash 60ml &#8211; Skizze\",\"isPartOf\":{\"@id\":\"https:\/\/hobstop.ee\/lt\/#website\"},\"primaryImageOfPage\":{\"@id\":\"https:\/\/hobstop.ee\/lt\/produktas\/spaudos-dazai-charbonnel-aqua-wash-60ml\/#primaryimage\"},\"image\":{\"@id\":\"https:\/\/hobstop.ee\/lt\/produktas\/spaudos-dazai-charbonnel-aqua-wash-60ml\/#primaryimage\"},\"thumbnailUrl\":\"https:\/\/hobstop.ee\/media\/2894.jpg\",\"datePublished\":\"2014-12-09T11:02:04+00:00\",\"dateModified\":\"-0001-11-30T00:00:00+00:00\",\"breadcrumb\":{\"@id\":\"https:\/\/hobstop.ee\/lt\/produktas\/spaudos-dazai-charbonnel-aqua-wash-60ml\/#breadcrumb\"},\"inLanguage\":\"lt\",\"potentialAction\":[{\"@type\":\"ReadAction\",\"target\":[\"https:\/\/hobstop.ee\/lt\/produktas\/spaudos-dazai-charbonnel-aqua-wash-60ml\/\"]}]},{\"@type\":\"ImageObject\",\"inLanguage\":\"lt\",\"@id\":\"https:\/\/hobstop.ee\/lt\/produktas\/spaudos-dazai-charbonnel-aqua-wash-60ml\/#primaryimage\",\"url\":\"https:\/\/hobstop.ee\/media\/2894.jpg\",\"contentUrl\":\"https:\/\/hobstop.ee\/media\/2894.jpg\",\"width\":1024,\"height\":768},{\"@type\":\"BreadcrumbList\",\"@id\":\"https:\/\/hobstop.ee\/lt\/produktas\/spaudos-dazai-charbonnel-aqua-wash-60ml\/#breadcrumb\",\"itemListElement\":[{\"@type\":\"ListItem\",\"position\":1,\"name\":\"Avaleht\",\"item\":\"https:\/\/hobstop.ee\/lt\/\"},{\"@type\":\"ListItem\",\"position\":2,\"name\":\"Parduotuv\u0117\",\"item\":\"https:\/\/hobstop.ee\/lt\/parduotuve\/\"},{\"@type\":\"ListItem\",\"position\":3,\"name\":\"Spaudos da\u017eai Charbonnel Aqua Wash 60ml\"}]},{\"@type\":\"WebSite\",\"@id\":\"https:\/\/hobstop.ee\/lt\/#website\",\"url\":\"https:\/\/hobstop.ee\/lt\/\",\"name\":\"Skizze\",\"description\":\"Dail\u0117s, pom\u0117gi\u0173 ir mokykliniai reikm\u0117nys\",\"publisher\":{\"@id\":\"https:\/\/hobstop.ee\/lt\/#organization\"},\"potentialAction\":[{\"@type\":\"SearchAction\",\"target\":{\"@type\":\"EntryPoint\",\"urlTemplate\":\"https:\/\/hobstop.ee\/lt\/?s={search_term_string}\"},\"query-input\":{\"@type\":\"PropertyValueSpecification\",\"valueRequired\":true,\"valueName\":\"search_term_string\"}}],\"inLanguage\":\"lt\"},{\"@type\":\"Organization\",\"@id\":\"https:\/\/hobstop.ee\/lt\/#organization\",\"name\":\"Vunder AS\",\"url\":\"https:\/\/hobstop.ee\/lt\/\",\"logo\":{\"@type\":\"ImageObject\",\"inLanguage\":\"lt\",\"@id\":\"https:\/\/hobstop.ee\/lt\/#\/schema\/logo\/image\/\",\"url\":\"https:\/\/hobstop.ee\/media\/vunder-logo.png\",\"contentUrl\":\"https:\/\/hobstop.ee\/media\/vunder-logo.png\",\"width\":127,\"height\":55,\"caption\":\"Vunder AS\"},\"image\":{\"@id\":\"https:\/\/hobstop.ee\/lt\/#\/schema\/logo\/image\/\"},\"sameAs\":[\"http:\/\/www.facebook.com\/VunderSkizze\"]}]}<\/script>\n<!-- \/ Yoast SEO plugin. -->","yoast_head_json":{"title":"Spaudos da\u017eai Charbonnel Aqua Wash 60ml &#8211; Skizze","robots":{"index":"noindex","follow":"follow","max-snippet":"max-snippet:-1","max-image-preview":"max-image-preview:large","max-video-preview":"max-video-preview:-1"},"og_locale":"lt_LT","og_type":"article","og_title":"Spaudos da\u017eai Charbonnel Aqua Wash 60ml &#8211; Skizze","og_description":"\u201eCharbonnel Aqua Wash\u201c yra \u201eLefranc&#038;Bourgeois\u201c laboratorijoje sukurti special\u016bs spaudos da\u017eai, kuri\u0173 ri\u0161amojoje med\u017eiagoje yra emulsini\u0173 aliej\u0173. Jie skiriasi nuo kit\u0173 spaudos da\u017e\u0173 tuo, kad juos galima skiesti&#8230; vandeniu! Per ilgus metus buvo u\u017etikrintas da\u017e\u0173 kokyb\u0117s stabilumas, tod\u0117l \u0161ie da\u017eai yra identi\u0161ki tradiciniams skiediklio pagrindu pagamintiems da\u017eams. Da\u017eus tinka naudoti dirbant \u012fvairia technika: giliaspaude ir reljefine spauda, darant ofortus, monotipijas ir linorai\u017eius.","og_url":"https:\/\/hobstop.ee\/lt\/produktas\/spaudos-dazai-charbonnel-aqua-wash-60ml\/","og_site_name":"Skizze","article_publisher":"http:\/\/www.facebook.com\/VunderSkizze","article_modified_time":"-0001-11-30T00:00:00+00:00","og_image":[{"width":1024,"height":768,"url":"https:\/\/www.hobstop.ee\/media\/2894.jpg","type":"image\/jpeg"}],"twitter_card":"summary_large_image","schema":{"@context":"https:\/\/schema.org","@graph":[{"@type":"WebPage","@id":"https:\/\/hobstop.ee\/lt\/produktas\/spaudos-dazai-charbonnel-aqua-wash-60ml\/","url":"https:\/\/hobstop.ee\/lt\/produktas\/spaudos-dazai-charbonnel-aqua-wash-60ml\/","name":"Spaudos da\u017eai Charbonnel Aqua Wash 60ml &#8211; Skizze","isPartOf":{"@id":"https:\/\/hobstop.ee\/lt\/#website"},"primaryImageOfPage":{"@id":"https:\/\/hobstop.ee\/lt\/produktas\/spaudos-dazai-charbonnel-aqua-wash-60ml\/#primaryimage"},"image":{"@id":"https:\/\/hobstop.ee\/lt\/produktas\/spaudos-dazai-charbonnel-aqua-wash-60ml\/#primaryimage"},"thumbnailUrl":"https:\/\/hobstop.ee\/media\/2894.jpg","datePublished":"2014-12-09T11:02:04+00:00","dateModified":"-0001-11-30T00:00:00+00:00","breadcrumb":{"@id":"https:\/\/hobstop.ee\/lt\/produktas\/spaudos-dazai-charbonnel-aqua-wash-60ml\/#breadcrumb"},"inLanguage":"lt","potentialAction":[{"@type":"ReadAction","target":["https:\/\/hobstop.ee\/lt\/produktas\/spaudos-dazai-charbonnel-aqua-wash-60ml\/"]}]},{"@type":"ImageObject","inLanguage":"lt","@id":"https:\/\/hobstop.ee\/lt\/produktas\/spaudos-dazai-charbonnel-aqua-wash-60ml\/#primaryimage","url":"https:\/\/hobstop.ee\/media\/2894.jpg","contentUrl":"https:\/\/hobstop.ee\/media\/2894.jpg","width":1024,"height":768},{"@type":"BreadcrumbList","@id":"https:\/\/hobstop.ee\/lt\/produktas\/spaudos-dazai-charbonnel-aqua-wash-60ml\/#breadcrumb","itemListElement":[{"@type":"ListItem","position":1,"name":"Avaleht","item":"https:\/\/hobstop.ee\/lt\/"},{"@type":"ListItem","position":2,"name":"Parduotuv\u0117","item":"https:\/\/hobstop.ee\/lt\/parduotuve\/"},{"@type":"ListItem","position":3,"name":"Spaudos da\u017eai Charbonnel Aqua Wash 60ml"}]},{"@type":"WebSite","@id":"https:\/\/hobstop.ee\/lt\/#website","url":"https:\/\/hobstop.ee\/lt\/","name":"Skizze","description":"Dail\u0117s, pom\u0117gi\u0173 ir mokykliniai reikm\u0117nys","publisher":{"@id":"https:\/\/hobstop.ee\/lt\/#organization"},"potentialAction":[{"@type":"SearchAction","target":{"@type":"EntryPoint","urlTemplate":"https:\/\/hobstop.ee\/lt\/?s={search_term_string}"},"query-input":{"@type":"PropertyValueSpecification","valueRequired":true,"valueName":"search_term_string"}}],"inLanguage":"lt"},{"@type":"Organization","@id":"https:\/\/hobstop.ee\/lt\/#organization","name":"Vunder AS","url":"https:\/\/hobstop.ee\/lt\/","logo":{"@type":"ImageObject","inLanguage":"lt","@id":"https:\/\/hobstop.ee\/lt\/#\/schema\/logo\/image\/","url":"https:\/\/hobstop.ee\/media\/vunder-logo.png","contentUrl":"https:\/\/hobstop.ee\/media\/vunder-logo.png","width":127,"height":55,"caption":"Vunder AS"},"image":{"@id":"https:\/\/hobstop.ee\/lt\/#\/schema\/logo\/image\/"},"sameAs":["http:\/\/www.facebook.com\/VunderSkizze"]}]}},"_links":{"self":[{"href":"https:\/\/hobstop.ee\/lt\/wp-json\/wp\/v2\/product\/61950","targetHints":{"allow":["GET"]}}],"collection":[{"href":"https:\/\/hobstop.ee\/lt\/wp-json\/wp\/v2\/product"}],"about":[{"href":"https:\/\/hobstop.ee\/lt\/wp-json\/wp\/v2\/types\/product"}],"replies":[{"embeddable":true,"href":"https:\/\/hobstop.ee\/lt\/wp-json\/wp\/v2\/comments?post=61950"}],"wp:featuredmedia":[{"embeddable":true,"href":"https:\/\/hobstop.ee\/lt\/wp-json\/wp\/v2\/media\/105647"}],"wp:attachment":[{"href":"https:\/\/hobstop.ee\/lt\/wp-json\/wp\/v2\/media?parent=61950"}],"wp:term":[{"taxonomy":"product_cat","embeddable":true,"href":"https:\/\/hobstop.ee\/lt\/wp-json\/wp\/v2\/product_cat?post=61950"},{"taxonomy":"product_tag","embeddable":true,"href":"https:\/\/hobstop.ee\/lt\/wp-json\/wp\/v2\/product_tag?post=61950"}],"curies":[{"name":"wp","href":"https:\/\/api.w.org\/{rel}","templated":true}]}}