{"id":61996,"date":"2014-12-09T13:02:15","date_gmt":"2014-12-09T11:02:15","guid":{"rendered":"https:\/\/sharks.ee\/vunder_2019.klient.veebimajutus.ee\/?post_type=product&p=61996"},"modified":"2014-12-09T13:02:15","modified_gmt":"2014-12-09T10:02:15","slug":"zuvies-klijai-sennelier","status":"publish","type":"product","link":"https:\/\/hobstop.ee\/lt\/produktas\/zuvies-klijai-sennelier\/","title":{"rendered":"\u017duvies klijai Sennelier"},"content":{"rendered":"<p>\u017duv\u0173 klijai, gaminami i\u0161 \u017euv\u0173 p\u016bsli\u0173 vidin\u0117s dalies ir kremzli\u0173 (50 proc. sauso ekstrakto) yra naudojami nuo seniausi\u0173 laik\u0173 ir yra daugelio tradicini\u0173 med\u017eiag\u0173 sudedam\u0105ja dalimi. Iki dvide\u0161imtojo am\u017eiaus vidurio jie buvo naudojami kaip universalios paskirties klijai \u2013 jais buvo klijuojamas popierius, kartonas ir audiniai. 30\u201350 proc. koncentracijos \u017euv\u0173 klijai yra naudojami temperos ir audini\u0173 klij\u0173 gamybai bei restauravimo darbams. \u0160i\u0173 tirpi\u0173 klij\u0173 sud\u0117tyje yra konservant\u0173. \u017duv\u0173 klijai turi puikias klijavimo savybes, l\u0117tai d\u017ei\u016bsta. Parduodami skysto b\u016bvio. Galima naudoti \u0161altus.<\/p>\n","protected":false},"excerpt":{"rendered":"<p>\u017duv\u0173 klijai, gaminami i\u0161 \u017euv\u0173 p\u016bsli\u0173 vidin\u0117s dalies ir kremzli\u0173 (50 proc. sauso ekstrakto) yra naudojami nuo seniausi\u0173 laik\u0173 ir yra daugelio tradicini\u0173 med\u017eiag\u0173 sudedam\u0105ja dalimi. Iki dvide\u0161imtojo am\u017eiaus vidurio jie buvo naudojami kaip universalios paskirties klijai \u2013 jais buvo klijuojamas popierius, kartonas ir audiniai. 30\u201350 proc. koncentracijos \u017euv\u0173 klijai yra naudojami temperos ir audini\u0173 klij\u0173 gamybai bei restauravimo darbams. \u0160i\u0173 tirpi\u0173 klij\u0173 sud\u0117tyje yra konservant\u0173. \u017duv\u0173 klijai turi puikias klijavimo savybes, l\u0117tai d\u017ei\u016bsta. Parduodami skysto b\u016bvio. Galima naudoti \u0161altus.<\/p>\n","protected":false},"featured_media":105715,"comment_status":"closed","ping_status":"closed","template":"","meta":{"_acf_changed":false,"ep_exclude_from_search":false},"product_cat":[16124,17981,18762],"product_tag":[],"class_list":{"0":"post-61996","1":"product","2":"type-product","3":"status-publish","4":"has-post-thumbnail","6":"product_cat-dailes-prekes","7":"product_cat-dazai-ir-priedai-tapybai","8":"product_cat-ivairus-24","10":"first","11":"outofstock","12":"taxable","13":"shipping-taxable","14":"purchasable","15":"product-type-variable"},"acf":[],"yoast_head":"<!-- This site is optimized with the Yoast SEO plugin v24.1 - https:\/\/yoast.com\/wordpress\/plugins\/seo\/ -->\n<title>\u017duvies klijai Sennelier &#8211; Skizze<\/title>\n<meta name=\"robots\" content=\"noindex, follow, max-snippet:-1, max-image-preview:large, max-video-preview:-1\" \/>\n<meta property=\"og:locale\" content=\"lt_LT\" \/>\n<meta property=\"og:type\" content=\"article\" \/>\n<meta property=\"og:title\" content=\"\u017duvies klijai Sennelier &#8211; Skizze\" \/>\n<meta property=\"og:description\" content=\"\u017duv\u0173 klijai, gaminami i\u0161 \u017euv\u0173 p\u016bsli\u0173 vidin\u0117s dalies ir kremzli\u0173 (50 proc. sauso ekstrakto) yra naudojami nuo seniausi\u0173 laik\u0173 ir yra daugelio tradicini\u0173 med\u017eiag\u0173 sudedam\u0105ja dalimi. Iki dvide\u0161imtojo am\u017eiaus vidurio jie buvo naudojami kaip universalios paskirties klijai \u2013 jais buvo klijuojamas popierius, kartonas ir audiniai. 30\u201350 proc. koncentracijos \u017euv\u0173 klijai yra naudojami temperos ir audini\u0173 klij\u0173 gamybai bei restauravimo darbams. \u0160i\u0173 tirpi\u0173 klij\u0173 sud\u0117tyje yra konservant\u0173. \u017duv\u0173 klijai turi puikias klijavimo savybes, l\u0117tai d\u017ei\u016bsta. Parduodami skysto b\u016bvio. Galima naudoti \u0161altus.\" \/>\n<meta property=\"og:url\" content=\"https:\/\/hobstop.ee\/lt\/produktas\/zuvies-klijai-sennelier\/\" \/>\n<meta property=\"og:site_name\" content=\"Skizze\" \/>\n<meta property=\"article:publisher\" content=\"http:\/\/www.facebook.com\/VunderSkizze\" \/>\n<meta property=\"article:modified_time\" content=\"-0001-11-30T00:00:00+00:00\" \/>\n<meta property=\"og:image\" content=\"https:\/\/hobstop.ee\/media\/2951.jpg\" \/>\n\t<meta property=\"og:image:width\" content=\"1024\" \/>\n\t<meta property=\"og:image:height\" content=\"768\" \/>\n\t<meta property=\"og:image:type\" content=\"image\/jpeg\" \/>\n<meta name=\"twitter:card\" content=\"summary_large_image\" \/>\n<script type=\"application\/ld+json\" class=\"yoast-schema-graph\">{\"@context\":\"https:\/\/schema.org\",\"@graph\":[{\"@type\":\"WebPage\",\"@id\":\"https:\/\/hobstop.ee\/lt\/produktas\/zuvies-klijai-sennelier\/\",\"url\":\"https:\/\/hobstop.ee\/lt\/produktas\/zuvies-klijai-sennelier\/\",\"name\":\"\u017duvies klijai Sennelier &#8211; Skizze\",\"isPartOf\":{\"@id\":\"https:\/\/hobstop.ee\/lt\/#website\"},\"primaryImageOfPage\":{\"@id\":\"https:\/\/hobstop.ee\/lt\/produktas\/zuvies-klijai-sennelier\/#primaryimage\"},\"image\":{\"@id\":\"https:\/\/hobstop.ee\/lt\/produktas\/zuvies-klijai-sennelier\/#primaryimage\"},\"thumbnailUrl\":\"https:\/\/hobstop.ee\/media\/2951.jpg\",\"datePublished\":\"2014-12-09T11:02:15+00:00\",\"dateModified\":\"-0001-11-30T00:00:00+00:00\",\"breadcrumb\":{\"@id\":\"https:\/\/hobstop.ee\/lt\/produktas\/zuvies-klijai-sennelier\/#breadcrumb\"},\"inLanguage\":\"lt\",\"potentialAction\":[{\"@type\":\"ReadAction\",\"target\":[\"https:\/\/hobstop.ee\/lt\/produktas\/zuvies-klijai-sennelier\/\"]}]},{\"@type\":\"ImageObject\",\"inLanguage\":\"lt\",\"@id\":\"https:\/\/hobstop.ee\/lt\/produktas\/zuvies-klijai-sennelier\/#primaryimage\",\"url\":\"https:\/\/hobstop.ee\/media\/2951.jpg\",\"contentUrl\":\"https:\/\/hobstop.ee\/media\/2951.jpg\",\"width\":1024,\"height\":768},{\"@type\":\"BreadcrumbList\",\"@id\":\"https:\/\/hobstop.ee\/lt\/produktas\/zuvies-klijai-sennelier\/#breadcrumb\",\"itemListElement\":[{\"@type\":\"ListItem\",\"position\":1,\"name\":\"Avaleht\",\"item\":\"https:\/\/hobstop.ee\/lt\/\"},{\"@type\":\"ListItem\",\"position\":2,\"name\":\"Parduotuv\u0117\",\"item\":\"https:\/\/hobstop.ee\/lt\/parduotuve\/\"},{\"@type\":\"ListItem\",\"position\":3,\"name\":\"\u017duvies klijai Sennelier\"}]},{\"@type\":\"WebSite\",\"@id\":\"https:\/\/hobstop.ee\/lt\/#website\",\"url\":\"https:\/\/hobstop.ee\/lt\/\",\"name\":\"Skizze\",\"description\":\"Dail\u0117s, pom\u0117gi\u0173 ir mokykliniai reikm\u0117nys\",\"publisher\":{\"@id\":\"https:\/\/hobstop.ee\/lt\/#organization\"},\"potentialAction\":[{\"@type\":\"SearchAction\",\"target\":{\"@type\":\"EntryPoint\",\"urlTemplate\":\"https:\/\/hobstop.ee\/lt\/?s={search_term_string}\"},\"query-input\":{\"@type\":\"PropertyValueSpecification\",\"valueRequired\":true,\"valueName\":\"search_term_string\"}}],\"inLanguage\":\"lt\"},{\"@type\":\"Organization\",\"@id\":\"https:\/\/hobstop.ee\/lt\/#organization\",\"name\":\"Vunder AS\",\"url\":\"https:\/\/hobstop.ee\/lt\/\",\"logo\":{\"@type\":\"ImageObject\",\"inLanguage\":\"lt\",\"@id\":\"https:\/\/hobstop.ee\/lt\/#\/schema\/logo\/image\/\",\"url\":\"https:\/\/hobstop.ee\/media\/vunder-logo.png\",\"contentUrl\":\"https:\/\/hobstop.ee\/media\/vunder-logo.png\",\"width\":127,\"height\":55,\"caption\":\"Vunder AS\"},\"image\":{\"@id\":\"https:\/\/hobstop.ee\/lt\/#\/schema\/logo\/image\/\"},\"sameAs\":[\"http:\/\/www.facebook.com\/VunderSkizze\"]}]}<\/script>\n<!-- \/ Yoast SEO plugin. -->","yoast_head_json":{"title":"\u017duvies klijai Sennelier &#8211; Skizze","robots":{"index":"noindex","follow":"follow","max-snippet":"max-snippet:-1","max-image-preview":"max-image-preview:large","max-video-preview":"max-video-preview:-1"},"og_locale":"lt_LT","og_type":"article","og_title":"\u017duvies klijai Sennelier &#8211; Skizze","og_description":"\u017duv\u0173 klijai, gaminami i\u0161 \u017euv\u0173 p\u016bsli\u0173 vidin\u0117s dalies ir kremzli\u0173 (50 proc. sauso ekstrakto) yra naudojami nuo seniausi\u0173 laik\u0173 ir yra daugelio tradicini\u0173 med\u017eiag\u0173 sudedam\u0105ja dalimi. Iki dvide\u0161imtojo am\u017eiaus vidurio jie buvo naudojami kaip universalios paskirties klijai \u2013 jais buvo klijuojamas popierius, kartonas ir audiniai. 30\u201350 proc. koncentracijos \u017euv\u0173 klijai yra naudojami temperos ir audini\u0173 klij\u0173 gamybai bei restauravimo darbams. \u0160i\u0173 tirpi\u0173 klij\u0173 sud\u0117tyje yra konservant\u0173. \u017duv\u0173 klijai turi puikias klijavimo savybes, l\u0117tai d\u017ei\u016bsta. Parduodami skysto b\u016bvio. Galima naudoti \u0161altus.","og_url":"https:\/\/hobstop.ee\/lt\/produktas\/zuvies-klijai-sennelier\/","og_site_name":"Skizze","article_publisher":"http:\/\/www.facebook.com\/VunderSkizze","article_modified_time":"-0001-11-30T00:00:00+00:00","og_image":[{"width":1024,"height":768,"url":"https:\/\/hobstop.ee\/media\/2951.jpg","type":"image\/jpeg"}],"twitter_card":"summary_large_image","schema":{"@context":"https:\/\/schema.org","@graph":[{"@type":"WebPage","@id":"https:\/\/hobstop.ee\/lt\/produktas\/zuvies-klijai-sennelier\/","url":"https:\/\/hobstop.ee\/lt\/produktas\/zuvies-klijai-sennelier\/","name":"\u017duvies klijai Sennelier &#8211; Skizze","isPartOf":{"@id":"https:\/\/hobstop.ee\/lt\/#website"},"primaryImageOfPage":{"@id":"https:\/\/hobstop.ee\/lt\/produktas\/zuvies-klijai-sennelier\/#primaryimage"},"image":{"@id":"https:\/\/hobstop.ee\/lt\/produktas\/zuvies-klijai-sennelier\/#primaryimage"},"thumbnailUrl":"https:\/\/hobstop.ee\/media\/2951.jpg","datePublished":"2014-12-09T11:02:15+00:00","dateModified":"-0001-11-30T00:00:00+00:00","breadcrumb":{"@id":"https:\/\/hobstop.ee\/lt\/produktas\/zuvies-klijai-sennelier\/#breadcrumb"},"inLanguage":"lt","potentialAction":[{"@type":"ReadAction","target":["https:\/\/hobstop.ee\/lt\/produktas\/zuvies-klijai-sennelier\/"]}]},{"@type":"ImageObject","inLanguage":"lt","@id":"https:\/\/hobstop.ee\/lt\/produktas\/zuvies-klijai-sennelier\/#primaryimage","url":"https:\/\/hobstop.ee\/media\/2951.jpg","contentUrl":"https:\/\/hobstop.ee\/media\/2951.jpg","width":1024,"height":768},{"@type":"BreadcrumbList","@id":"https:\/\/hobstop.ee\/lt\/produktas\/zuvies-klijai-sennelier\/#breadcrumb","itemListElement":[{"@type":"ListItem","position":1,"name":"Avaleht","item":"https:\/\/hobstop.ee\/lt\/"},{"@type":"ListItem","position":2,"name":"Parduotuv\u0117","item":"https:\/\/hobstop.ee\/lt\/parduotuve\/"},{"@type":"ListItem","position":3,"name":"\u017duvies klijai Sennelier"}]},{"@type":"WebSite","@id":"https:\/\/hobstop.ee\/lt\/#website","url":"https:\/\/hobstop.ee\/lt\/","name":"Skizze","description":"Dail\u0117s, pom\u0117gi\u0173 ir mokykliniai reikm\u0117nys","publisher":{"@id":"https:\/\/hobstop.ee\/lt\/#organization"},"potentialAction":[{"@type":"SearchAction","target":{"@type":"EntryPoint","urlTemplate":"https:\/\/hobstop.ee\/lt\/?s={search_term_string}"},"query-input":{"@type":"PropertyValueSpecification","valueRequired":true,"valueName":"search_term_string"}}],"inLanguage":"lt"},{"@type":"Organization","@id":"https:\/\/hobstop.ee\/lt\/#organization","name":"Vunder AS","url":"https:\/\/hobstop.ee\/lt\/","logo":{"@type":"ImageObject","inLanguage":"lt","@id":"https:\/\/hobstop.ee\/lt\/#\/schema\/logo\/image\/","url":"https:\/\/hobstop.ee\/media\/vunder-logo.png","contentUrl":"https:\/\/hobstop.ee\/media\/vunder-logo.png","width":127,"height":55,"caption":"Vunder AS"},"image":{"@id":"https:\/\/hobstop.ee\/lt\/#\/schema\/logo\/image\/"},"sameAs":["http:\/\/www.facebook.com\/VunderSkizze"]}]}},"_links":{"self":[{"href":"https:\/\/hobstop.ee\/lt\/wp-json\/wp\/v2\/product\/61996","targetHints":{"allow":["GET"]}}],"collection":[{"href":"https:\/\/hobstop.ee\/lt\/wp-json\/wp\/v2\/product"}],"about":[{"href":"https:\/\/hobstop.ee\/lt\/wp-json\/wp\/v2\/types\/product"}],"replies":[{"embeddable":true,"href":"https:\/\/hobstop.ee\/lt\/wp-json\/wp\/v2\/comments?post=61996"}],"wp:featuredmedia":[{"embeddable":true,"href":"https:\/\/hobstop.ee\/lt\/wp-json\/wp\/v2\/media\/105715"}],"wp:attachment":[{"href":"https:\/\/hobstop.ee\/lt\/wp-json\/wp\/v2\/media?parent=61996"}],"wp:term":[{"taxonomy":"product_cat","embeddable":true,"href":"https:\/\/hobstop.ee\/lt\/wp-json\/wp\/v2\/product_cat?post=61996"},{"taxonomy":"product_tag","embeddable":true,"href":"https:\/\/hobstop.ee\/lt\/wp-json\/wp\/v2\/product_tag?post=61996"}],"curies":[{"name":"wp","href":"https:\/\/api.w.org\/{rel}","templated":true}]}}