{"id":62017,"date":"2014-12-09T13:02:18","date_gmt":"2014-12-09T11:02:18","guid":{"rendered":"https:\/\/sharks.ee\/vunder_2019.klient.veebimajutus.ee\/?post_type=product&p=62017"},"modified":"2014-12-09T13:02:18","modified_gmt":"2014-12-09T10:02:18","slug":"piestuko-ilgiklis-derwent-2vnt","status":"publish","type":"product","link":"https:\/\/hobstop.ee\/lt\/produktas\/piestuko-ilgiklis-derwent-2vnt\/","title":{"rendered":"Pie\u0161tuko ilgiklis Derwent 2vnt."},"content":{"rendered":"<p>Naudodami \u0161\u012f kotel\u012f, pie\u0161tuk\u0105 gal\u0117site sunaudoti iki galo. Juo patogu tvirtai suimti ir trumpesnius pie\u0161tukus, geriau jau\u010diamos pie\u0161iamos linijos. Pie\u0161tuk\u0173 kotelis \u201eDerwent\u201c yra dviej\u0173 ilgi\u0173 \u2013 sidabrin\u0117s spalvos tinka didesniems, iki 8mm skersmens pie\u0161tukams, taip pat ir \u201eDerwent\u201c pasteliniams, \u201eColoursoft\u201c ir \u201eArtist\u201c serij\u0173 pie\u0161tukams. Juodas kotelis yra skirtas standartinio, iki 7mm skersmens pie\u0161tukams, taip pat ir \u201eDerwent Graphic\u201c, akvareliniams bei \u201eStudio\u201c linijos pie\u0161tukams. Abejuose koteliuose yra tvirtas srieginis fiksatorius, tvirtai laikantis pie\u0161tukus vietoje, kotel\u012f yra patogu suimti u\u017e pamink\u0161tinimo. Koteliai supakuoti dviguboje \u201eBlister\u201c tipo pakuot\u0117je, kurioje yra abiej\u0173 dyd\u017ei\u0173 koteliai.<\/p>\n","protected":false},"excerpt":{"rendered":"<p>Naudodami \u0161\u012f kotel\u012f, pie\u0161tuk\u0105 gal\u0117site sunaudoti iki galo. Juo patogu tvirtai suimti ir trumpesnius pie\u0161tukus, geriau jau\u010diamos pie\u0161iamos linijos. Pie\u0161tuk\u0173 kotelis \u201eDerwent\u201c yra dviej\u0173 ilgi\u0173 \u2013 sidabrin\u0117s spalvos tinka didesniems, iki 8mm skersmens pie\u0161tukams, taip pat ir \u201eDerwent\u201c pasteliniams, \u201eColoursoft\u201c ir \u201eArtist\u201c serij\u0173 pie\u0161tukams. Juodas kotelis yra skirtas standartinio, iki 7mm skersmens pie\u0161tukams, taip pat ir \u201eDerwent Graphic\u201c, akvareliniams bei \u201eStudio\u201c linijos pie\u0161tukams. Abejuose koteliuose yra tvirtas srieginis fiksatorius, tvirtai laikantis pie\u0161tukus vietoje, kotel\u012f yra patogu suimti u\u017e pamink\u0161tinimo. Koteliai supakuoti dviguboje \u201eBlister\u201c tipo pakuot\u0117je, kurioje yra abiej\u0173 dyd\u017ei\u0173 koteliai.<\/p>\n","protected":false},"featured_media":105743,"comment_status":"closed","ping_status":"closed","template":"","meta":{"_acf_changed":false,"ep_exclude_from_search":false},"product_cat":[16124,18755,18932],"product_tag":[],"class_list":{"0":"post-62017","1":"product","2":"type-product","3":"status-publish","4":"has-post-thumbnail","6":"product_cat-dailes-prekes","7":"product_cat-ivairus-22","8":"product_cat-piesimo-reikmenys-3","10":"first","11":"outofstock","12":"taxable","13":"shipping-taxable","14":"purchasable","15":"product-type-variable"},"acf":[],"yoast_head":"<!-- This site is optimized with the Yoast SEO plugin v24.1 - https:\/\/yoast.com\/wordpress\/plugins\/seo\/ -->\n<title>Pie\u0161tuko ilgiklis Derwent 2vnt. &#8211; Skizze<\/title>\n<meta name=\"robots\" content=\"noindex, follow, max-snippet:-1, max-image-preview:large, max-video-preview:-1\" \/>\n<meta property=\"og:locale\" content=\"lt_LT\" \/>\n<meta property=\"og:type\" content=\"article\" \/>\n<meta property=\"og:title\" content=\"Pie\u0161tuko ilgiklis Derwent 2vnt. &#8211; Skizze\" \/>\n<meta property=\"og:description\" content=\"Naudodami \u0161\u012f kotel\u012f, pie\u0161tuk\u0105 gal\u0117site sunaudoti iki galo. Juo patogu tvirtai suimti ir trumpesnius pie\u0161tukus, geriau jau\u010diamos pie\u0161iamos linijos. Pie\u0161tuk\u0173 kotelis \u201eDerwent\u201c yra dviej\u0173 ilgi\u0173 \u2013 sidabrin\u0117s spalvos tinka didesniems, iki 8mm skersmens pie\u0161tukams, taip pat ir \u201eDerwent\u201c pasteliniams, \u201eColoursoft\u201c ir \u201eArtist\u201c serij\u0173 pie\u0161tukams. Juodas kotelis yra skirtas standartinio, iki 7mm skersmens pie\u0161tukams, taip pat ir \u201eDerwent Graphic\u201c, akvareliniams bei \u201eStudio\u201c linijos pie\u0161tukams. Abejuose koteliuose yra tvirtas srieginis fiksatorius, tvirtai laikantis pie\u0161tukus vietoje, kotel\u012f yra patogu suimti u\u017e pamink\u0161tinimo. Koteliai supakuoti dviguboje \u201eBlister\u201c tipo pakuot\u0117je, kurioje yra abiej\u0173 dyd\u017ei\u0173 koteliai.\" \/>\n<meta property=\"og:url\" content=\"https:\/\/hobstop.ee\/lt\/produktas\/piestuko-ilgiklis-derwent-2vnt\/\" \/>\n<meta property=\"og:site_name\" content=\"Skizze\" \/>\n<meta property=\"article:publisher\" content=\"http:\/\/www.facebook.com\/VunderSkizze\" \/>\n<meta property=\"article:modified_time\" content=\"-0001-11-30T00:00:00+00:00\" \/>\n<meta property=\"og:image\" content=\"https:\/\/hobstop.ee\/media\/2971.jpg\" \/>\n\t<meta property=\"og:image:width\" content=\"1024\" \/>\n\t<meta property=\"og:image:height\" content=\"768\" \/>\n\t<meta property=\"og:image:type\" content=\"image\/jpeg\" \/>\n<meta name=\"twitter:card\" content=\"summary_large_image\" \/>\n<meta name=\"twitter:label1\" content=\"Est. reading time\" \/>\n\t<meta name=\"twitter:data1\" content=\"1 minute\" \/>\n<script type=\"application\/ld+json\" class=\"yoast-schema-graph\">{\"@context\":\"https:\/\/schema.org\",\"@graph\":[{\"@type\":\"WebPage\",\"@id\":\"https:\/\/hobstop.ee\/lt\/produktas\/piestuko-ilgiklis-derwent-2vnt\/\",\"url\":\"https:\/\/hobstop.ee\/lt\/produktas\/piestuko-ilgiklis-derwent-2vnt\/\",\"name\":\"Pie\u0161tuko ilgiklis Derwent 2vnt. &#8211; Skizze\",\"isPartOf\":{\"@id\":\"https:\/\/hobstop.ee\/lt\/#website\"},\"primaryImageOfPage\":{\"@id\":\"https:\/\/hobstop.ee\/lt\/produktas\/piestuko-ilgiklis-derwent-2vnt\/#primaryimage\"},\"image\":{\"@id\":\"https:\/\/hobstop.ee\/lt\/produktas\/piestuko-ilgiklis-derwent-2vnt\/#primaryimage\"},\"thumbnailUrl\":\"https:\/\/hobstop.ee\/media\/2971.jpg\",\"datePublished\":\"2014-12-09T11:02:18+00:00\",\"dateModified\":\"-0001-11-30T00:00:00+00:00\",\"breadcrumb\":{\"@id\":\"https:\/\/hobstop.ee\/lt\/produktas\/piestuko-ilgiklis-derwent-2vnt\/#breadcrumb\"},\"inLanguage\":\"lt\",\"potentialAction\":[{\"@type\":\"ReadAction\",\"target\":[\"https:\/\/hobstop.ee\/lt\/produktas\/piestuko-ilgiklis-derwent-2vnt\/\"]}]},{\"@type\":\"ImageObject\",\"inLanguage\":\"lt\",\"@id\":\"https:\/\/hobstop.ee\/lt\/produktas\/piestuko-ilgiklis-derwent-2vnt\/#primaryimage\",\"url\":\"https:\/\/hobstop.ee\/media\/2971.jpg\",\"contentUrl\":\"https:\/\/hobstop.ee\/media\/2971.jpg\",\"width\":1024,\"height\":768},{\"@type\":\"BreadcrumbList\",\"@id\":\"https:\/\/hobstop.ee\/lt\/produktas\/piestuko-ilgiklis-derwent-2vnt\/#breadcrumb\",\"itemListElement\":[{\"@type\":\"ListItem\",\"position\":1,\"name\":\"Avaleht\",\"item\":\"https:\/\/hobstop.ee\/lt\/\"},{\"@type\":\"ListItem\",\"position\":2,\"name\":\"Parduotuv\u0117\",\"item\":\"https:\/\/hobstop.ee\/lt\/parduotuve\/\"},{\"@type\":\"ListItem\",\"position\":3,\"name\":\"Pie\u0161tuko ilgiklis Derwent 2vnt.\"}]},{\"@type\":\"WebSite\",\"@id\":\"https:\/\/hobstop.ee\/lt\/#website\",\"url\":\"https:\/\/hobstop.ee\/lt\/\",\"name\":\"Skizze\",\"description\":\"Dail\u0117s, pom\u0117gi\u0173 ir mokykliniai reikm\u0117nys\",\"publisher\":{\"@id\":\"https:\/\/hobstop.ee\/lt\/#organization\"},\"potentialAction\":[{\"@type\":\"SearchAction\",\"target\":{\"@type\":\"EntryPoint\",\"urlTemplate\":\"https:\/\/hobstop.ee\/lt\/?s={search_term_string}\"},\"query-input\":{\"@type\":\"PropertyValueSpecification\",\"valueRequired\":true,\"valueName\":\"search_term_string\"}}],\"inLanguage\":\"lt\"},{\"@type\":\"Organization\",\"@id\":\"https:\/\/hobstop.ee\/lt\/#organization\",\"name\":\"Vunder AS\",\"url\":\"https:\/\/hobstop.ee\/lt\/\",\"logo\":{\"@type\":\"ImageObject\",\"inLanguage\":\"lt\",\"@id\":\"https:\/\/hobstop.ee\/lt\/#\/schema\/logo\/image\/\",\"url\":\"https:\/\/hobstop.ee\/media\/vunder-logo.png\",\"contentUrl\":\"https:\/\/hobstop.ee\/media\/vunder-logo.png\",\"width\":127,\"height\":55,\"caption\":\"Vunder AS\"},\"image\":{\"@id\":\"https:\/\/hobstop.ee\/lt\/#\/schema\/logo\/image\/\"},\"sameAs\":[\"http:\/\/www.facebook.com\/VunderSkizze\"]}]}<\/script>\n<!-- \/ Yoast SEO plugin. -->","yoast_head_json":{"title":"Pie\u0161tuko ilgiklis Derwent 2vnt. &#8211; Skizze","robots":{"index":"noindex","follow":"follow","max-snippet":"max-snippet:-1","max-image-preview":"max-image-preview:large","max-video-preview":"max-video-preview:-1"},"og_locale":"lt_LT","og_type":"article","og_title":"Pie\u0161tuko ilgiklis Derwent 2vnt. &#8211; Skizze","og_description":"Naudodami \u0161\u012f kotel\u012f, pie\u0161tuk\u0105 gal\u0117site sunaudoti iki galo. Juo patogu tvirtai suimti ir trumpesnius pie\u0161tukus, geriau jau\u010diamos pie\u0161iamos linijos. Pie\u0161tuk\u0173 kotelis \u201eDerwent\u201c yra dviej\u0173 ilgi\u0173 \u2013 sidabrin\u0117s spalvos tinka didesniems, iki 8mm skersmens pie\u0161tukams, taip pat ir \u201eDerwent\u201c pasteliniams, \u201eColoursoft\u201c ir \u201eArtist\u201c serij\u0173 pie\u0161tukams. Juodas kotelis yra skirtas standartinio, iki 7mm skersmens pie\u0161tukams, taip pat ir \u201eDerwent Graphic\u201c, akvareliniams bei \u201eStudio\u201c linijos pie\u0161tukams. Abejuose koteliuose yra tvirtas srieginis fiksatorius, tvirtai laikantis pie\u0161tukus vietoje, kotel\u012f yra patogu suimti u\u017e pamink\u0161tinimo. Koteliai supakuoti dviguboje \u201eBlister\u201c tipo pakuot\u0117je, kurioje yra abiej\u0173 dyd\u017ei\u0173 koteliai.","og_url":"https:\/\/hobstop.ee\/lt\/produktas\/piestuko-ilgiklis-derwent-2vnt\/","og_site_name":"Skizze","article_publisher":"http:\/\/www.facebook.com\/VunderSkizze","article_modified_time":"-0001-11-30T00:00:00+00:00","og_image":[{"width":1024,"height":768,"url":"https:\/\/hobstop.ee\/media\/2971.jpg","type":"image\/jpeg"}],"twitter_card":"summary_large_image","twitter_misc":{"Est. reading time":"1 minute"},"schema":{"@context":"https:\/\/schema.org","@graph":[{"@type":"WebPage","@id":"https:\/\/hobstop.ee\/lt\/produktas\/piestuko-ilgiklis-derwent-2vnt\/","url":"https:\/\/hobstop.ee\/lt\/produktas\/piestuko-ilgiklis-derwent-2vnt\/","name":"Pie\u0161tuko ilgiklis Derwent 2vnt. &#8211; Skizze","isPartOf":{"@id":"https:\/\/hobstop.ee\/lt\/#website"},"primaryImageOfPage":{"@id":"https:\/\/hobstop.ee\/lt\/produktas\/piestuko-ilgiklis-derwent-2vnt\/#primaryimage"},"image":{"@id":"https:\/\/hobstop.ee\/lt\/produktas\/piestuko-ilgiklis-derwent-2vnt\/#primaryimage"},"thumbnailUrl":"https:\/\/hobstop.ee\/media\/2971.jpg","datePublished":"2014-12-09T11:02:18+00:00","dateModified":"-0001-11-30T00:00:00+00:00","breadcrumb":{"@id":"https:\/\/hobstop.ee\/lt\/produktas\/piestuko-ilgiklis-derwent-2vnt\/#breadcrumb"},"inLanguage":"lt","potentialAction":[{"@type":"ReadAction","target":["https:\/\/hobstop.ee\/lt\/produktas\/piestuko-ilgiklis-derwent-2vnt\/"]}]},{"@type":"ImageObject","inLanguage":"lt","@id":"https:\/\/hobstop.ee\/lt\/produktas\/piestuko-ilgiklis-derwent-2vnt\/#primaryimage","url":"https:\/\/hobstop.ee\/media\/2971.jpg","contentUrl":"https:\/\/hobstop.ee\/media\/2971.jpg","width":1024,"height":768},{"@type":"BreadcrumbList","@id":"https:\/\/hobstop.ee\/lt\/produktas\/piestuko-ilgiklis-derwent-2vnt\/#breadcrumb","itemListElement":[{"@type":"ListItem","position":1,"name":"Avaleht","item":"https:\/\/hobstop.ee\/lt\/"},{"@type":"ListItem","position":2,"name":"Parduotuv\u0117","item":"https:\/\/hobstop.ee\/lt\/parduotuve\/"},{"@type":"ListItem","position":3,"name":"Pie\u0161tuko ilgiklis Derwent 2vnt."}]},{"@type":"WebSite","@id":"https:\/\/hobstop.ee\/lt\/#website","url":"https:\/\/hobstop.ee\/lt\/","name":"Skizze","description":"Dail\u0117s, pom\u0117gi\u0173 ir mokykliniai reikm\u0117nys","publisher":{"@id":"https:\/\/hobstop.ee\/lt\/#organization"},"potentialAction":[{"@type":"SearchAction","target":{"@type":"EntryPoint","urlTemplate":"https:\/\/hobstop.ee\/lt\/?s={search_term_string}"},"query-input":{"@type":"PropertyValueSpecification","valueRequired":true,"valueName":"search_term_string"}}],"inLanguage":"lt"},{"@type":"Organization","@id":"https:\/\/hobstop.ee\/lt\/#organization","name":"Vunder AS","url":"https:\/\/hobstop.ee\/lt\/","logo":{"@type":"ImageObject","inLanguage":"lt","@id":"https:\/\/hobstop.ee\/lt\/#\/schema\/logo\/image\/","url":"https:\/\/hobstop.ee\/media\/vunder-logo.png","contentUrl":"https:\/\/hobstop.ee\/media\/vunder-logo.png","width":127,"height":55,"caption":"Vunder AS"},"image":{"@id":"https:\/\/hobstop.ee\/lt\/#\/schema\/logo\/image\/"},"sameAs":["http:\/\/www.facebook.com\/VunderSkizze"]}]}},"_links":{"self":[{"href":"https:\/\/hobstop.ee\/lt\/wp-json\/wp\/v2\/product\/62017","targetHints":{"allow":["GET"]}}],"collection":[{"href":"https:\/\/hobstop.ee\/lt\/wp-json\/wp\/v2\/product"}],"about":[{"href":"https:\/\/hobstop.ee\/lt\/wp-json\/wp\/v2\/types\/product"}],"replies":[{"embeddable":true,"href":"https:\/\/hobstop.ee\/lt\/wp-json\/wp\/v2\/comments?post=62017"}],"wp:featuredmedia":[{"embeddable":true,"href":"https:\/\/hobstop.ee\/lt\/wp-json\/wp\/v2\/media\/105743"}],"wp:attachment":[{"href":"https:\/\/hobstop.ee\/lt\/wp-json\/wp\/v2\/media?parent=62017"}],"wp:term":[{"taxonomy":"product_cat","embeddable":true,"href":"https:\/\/hobstop.ee\/lt\/wp-json\/wp\/v2\/product_cat?post=62017"},{"taxonomy":"product_tag","embeddable":true,"href":"https:\/\/hobstop.ee\/lt\/wp-json\/wp\/v2\/product_tag?post=62017"}],"curies":[{"name":"wp","href":"https:\/\/api.w.org\/{rel}","templated":true}]}}