{"id":62047,"date":"2014-12-09T13:02:25","date_gmt":"2014-12-09T11:02:25","guid":{"rendered":"https:\/\/sharks.ee\/vunder_2019.klient.veebimajutus.ee\/?post_type=product&p=62047"},"modified":"2014-12-09T13:02:25","modified_gmt":"2014-12-09T10:02:25","slug":"poliravimo-piestukas-derwent","status":"publish","type":"product","link":"https:\/\/hobstop.ee\/lt\/produktas\/poliravimo-piestukas-derwent\/","title":{"rendered":"Poliravimo pie\u0161tukas Derwent"},"content":{"rendered":"<p>Poliravimo pie\u0161tukas \u201eDerwent\u201c yra kietas, bespalvis pie\u0161tukas, kuris ant da\u017e\u0173 sluoksnio sukuria i\u0161vaizd\u017eius \u0161viesos atspind\u017eius. Poliravimo metu pigmentas giliai \u012fsiskverbia \u012f popieri\u0173 ir suteikia \u012f fotografij\u0105 pana\u0161i\u0105 apdail\u0105. Va\u0161ku padengtas pie\u0161inio pavir\u0161ius atrodo tarsi nupoliruotas, atspindi \u0161vies\u0105, o spalvos atrodo dar ry\u0161kesn\u0117s. Poliravimo pie\u0161tuk\u0105 galima naudoti ir technikai su va\u0161ku \u2013 nupie\u0161kite norim\u0105 paveiksl\u0117l\u012f, padenkite va\u0161ko sluoksniu, tada nuspalvokite da\u017eais. Va\u0161ko sluoksnis apsaugo popieri\u0173 nuo spalvot\u0173 pie\u0161tuk\u0173, tod\u0117l dalis pie\u0161inio i\u0161lieka balta.<\/p>\n","protected":false},"excerpt":{"rendered":"<p>Poliravimo pie\u0161tukas \u201eDerwent\u201c yra kietas, bespalvis pie\u0161tukas, kuris ant da\u017e\u0173 sluoksnio sukuria i\u0161vaizd\u017eius \u0161viesos atspind\u017eius. Poliravimo metu pigmentas giliai \u012fsiskverbia \u012f popieri\u0173 ir suteikia \u012f fotografij\u0105 pana\u0161i\u0105 apdail\u0105. Va\u0161ku padengtas pie\u0161inio pavir\u0161ius atrodo tarsi nupoliruotas, atspindi \u0161vies\u0105, o spalvos atrodo dar ry\u0161kesn\u0117s. Poliravimo pie\u0161tuk\u0105 galima naudoti ir technikai su va\u0161ku \u2013 nupie\u0161kite norim\u0105 paveiksl\u0117l\u012f, padenkite va\u0161ko sluoksniu, tada nuspalvokite da\u017eais. Va\u0161ko sluoksnis apsaugo popieri\u0173 nuo spalvot\u0173 pie\u0161tuk\u0173, tod\u0117l dalis pie\u0161inio i\u0161lieka balta.<\/p>\n","protected":false},"featured_media":100804,"comment_status":"closed","ping_status":"closed","template":"","meta":{"_acf_changed":false,"ep_exclude_from_search":false},"product_cat":[18755,16124,18932],"product_tag":[],"class_list":{"0":"post-62047","1":"product","2":"type-product","3":"status-publish","4":"has-post-thumbnail","6":"product_cat-aksesuarai","7":"product_cat-dailes-prekes","8":"product_cat-piesimo-reikmenys-3","10":"first","11":"outofstock","12":"taxable","13":"shipping-taxable","14":"purchasable","15":"product-type-variable"},"acf":[],"yoast_head":"<!-- This site is optimized with the Yoast SEO plugin v24.1 - https:\/\/yoast.com\/wordpress\/plugins\/seo\/ -->\n<title>Poliravimo pie\u0161tukas Derwent &#8211; Skizze<\/title>\n<meta name=\"robots\" content=\"noindex, follow, max-snippet:-1, max-image-preview:large, max-video-preview:-1\" \/>\n<meta property=\"og:locale\" content=\"lt_LT\" \/>\n<meta property=\"og:type\" content=\"article\" \/>\n<meta property=\"og:title\" content=\"Poliravimo pie\u0161tukas Derwent &#8211; Skizze\" \/>\n<meta property=\"og:description\" content=\"Poliravimo pie\u0161tukas \u201eDerwent\u201c yra kietas, bespalvis pie\u0161tukas, kuris ant da\u017e\u0173 sluoksnio sukuria i\u0161vaizd\u017eius \u0161viesos atspind\u017eius. Poliravimo metu pigmentas giliai \u012fsiskverbia \u012f popieri\u0173 ir suteikia \u012f fotografij\u0105 pana\u0161i\u0105 apdail\u0105. Va\u0161ku padengtas pie\u0161inio pavir\u0161ius atrodo tarsi nupoliruotas, atspindi \u0161vies\u0105, o spalvos atrodo dar ry\u0161kesn\u0117s. Poliravimo pie\u0161tuk\u0105 galima naudoti ir technikai su va\u0161ku \u2013 nupie\u0161kite norim\u0105 paveiksl\u0117l\u012f, padenkite va\u0161ko sluoksniu, tada nuspalvokite da\u017eais. Va\u0161ko sluoksnis apsaugo popieri\u0173 nuo spalvot\u0173 pie\u0161tuk\u0173, tod\u0117l dalis pie\u0161inio i\u0161lieka balta.\" \/>\n<meta property=\"og:url\" content=\"https:\/\/hobstop.ee\/lt\/produktas\/poliravimo-piestukas-derwent\/\" \/>\n<meta property=\"og:site_name\" content=\"Skizze\" \/>\n<meta property=\"article:publisher\" content=\"http:\/\/www.facebook.com\/VunderSkizze\" \/>\n<meta property=\"article:modified_time\" content=\"-0001-11-30T00:00:00+00:00\" \/>\n<meta property=\"og:image\" content=\"https:\/\/hobstop.ee\/media\/2988.jpg\" \/>\n\t<meta property=\"og:image:width\" content=\"1024\" \/>\n\t<meta property=\"og:image:height\" content=\"768\" \/>\n\t<meta property=\"og:image:type\" content=\"image\/jpeg\" \/>\n<meta name=\"twitter:card\" content=\"summary_large_image\" \/>\n<script type=\"application\/ld+json\" class=\"yoast-schema-graph\">{\"@context\":\"https:\/\/schema.org\",\"@graph\":[{\"@type\":\"WebPage\",\"@id\":\"https:\/\/hobstop.ee\/lt\/produktas\/poliravimo-piestukas-derwent\/\",\"url\":\"https:\/\/hobstop.ee\/lt\/produktas\/poliravimo-piestukas-derwent\/\",\"name\":\"Poliravimo pie\u0161tukas Derwent &#8211; Skizze\",\"isPartOf\":{\"@id\":\"https:\/\/hobstop.ee\/lt\/#website\"},\"primaryImageOfPage\":{\"@id\":\"https:\/\/hobstop.ee\/lt\/produktas\/poliravimo-piestukas-derwent\/#primaryimage\"},\"image\":{\"@id\":\"https:\/\/hobstop.ee\/lt\/produktas\/poliravimo-piestukas-derwent\/#primaryimage\"},\"thumbnailUrl\":\"https:\/\/hobstop.ee\/media\/2988.jpg\",\"datePublished\":\"2014-12-09T11:02:25+00:00\",\"dateModified\":\"-0001-11-30T00:00:00+00:00\",\"breadcrumb\":{\"@id\":\"https:\/\/hobstop.ee\/lt\/produktas\/poliravimo-piestukas-derwent\/#breadcrumb\"},\"inLanguage\":\"lt\",\"potentialAction\":[{\"@type\":\"ReadAction\",\"target\":[\"https:\/\/hobstop.ee\/lt\/produktas\/poliravimo-piestukas-derwent\/\"]}]},{\"@type\":\"ImageObject\",\"inLanguage\":\"lt\",\"@id\":\"https:\/\/hobstop.ee\/lt\/produktas\/poliravimo-piestukas-derwent\/#primaryimage\",\"url\":\"https:\/\/hobstop.ee\/media\/2988.jpg\",\"contentUrl\":\"https:\/\/hobstop.ee\/media\/2988.jpg\",\"width\":1024,\"height\":768},{\"@type\":\"BreadcrumbList\",\"@id\":\"https:\/\/hobstop.ee\/lt\/produktas\/poliravimo-piestukas-derwent\/#breadcrumb\",\"itemListElement\":[{\"@type\":\"ListItem\",\"position\":1,\"name\":\"Avaleht\",\"item\":\"https:\/\/hobstop.ee\/lt\/\"},{\"@type\":\"ListItem\",\"position\":2,\"name\":\"Parduotuv\u0117\",\"item\":\"https:\/\/hobstop.ee\/lt\/parduotuve\/\"},{\"@type\":\"ListItem\",\"position\":3,\"name\":\"Poliravimo pie\u0161tukas Derwent\"}]},{\"@type\":\"WebSite\",\"@id\":\"https:\/\/hobstop.ee\/lt\/#website\",\"url\":\"https:\/\/hobstop.ee\/lt\/\",\"name\":\"Skizze\",\"description\":\"Dail\u0117s, pom\u0117gi\u0173 ir mokykliniai reikm\u0117nys\",\"publisher\":{\"@id\":\"https:\/\/hobstop.ee\/lt\/#organization\"},\"potentialAction\":[{\"@type\":\"SearchAction\",\"target\":{\"@type\":\"EntryPoint\",\"urlTemplate\":\"https:\/\/hobstop.ee\/lt\/?s={search_term_string}\"},\"query-input\":{\"@type\":\"PropertyValueSpecification\",\"valueRequired\":true,\"valueName\":\"search_term_string\"}}],\"inLanguage\":\"lt\"},{\"@type\":\"Organization\",\"@id\":\"https:\/\/hobstop.ee\/lt\/#organization\",\"name\":\"Vunder AS\",\"url\":\"https:\/\/hobstop.ee\/lt\/\",\"logo\":{\"@type\":\"ImageObject\",\"inLanguage\":\"lt\",\"@id\":\"https:\/\/hobstop.ee\/lt\/#\/schema\/logo\/image\/\",\"url\":\"https:\/\/hobstop.ee\/media\/vunder-logo.png\",\"contentUrl\":\"https:\/\/hobstop.ee\/media\/vunder-logo.png\",\"width\":127,\"height\":55,\"caption\":\"Vunder AS\"},\"image\":{\"@id\":\"https:\/\/hobstop.ee\/lt\/#\/schema\/logo\/image\/\"},\"sameAs\":[\"http:\/\/www.facebook.com\/VunderSkizze\"]}]}<\/script>\n<!-- \/ Yoast SEO plugin. -->","yoast_head_json":{"title":"Poliravimo pie\u0161tukas Derwent &#8211; Skizze","robots":{"index":"noindex","follow":"follow","max-snippet":"max-snippet:-1","max-image-preview":"max-image-preview:large","max-video-preview":"max-video-preview:-1"},"og_locale":"lt_LT","og_type":"article","og_title":"Poliravimo pie\u0161tukas Derwent &#8211; Skizze","og_description":"Poliravimo pie\u0161tukas \u201eDerwent\u201c yra kietas, bespalvis pie\u0161tukas, kuris ant da\u017e\u0173 sluoksnio sukuria i\u0161vaizd\u017eius \u0161viesos atspind\u017eius. Poliravimo metu pigmentas giliai \u012fsiskverbia \u012f popieri\u0173 ir suteikia \u012f fotografij\u0105 pana\u0161i\u0105 apdail\u0105. Va\u0161ku padengtas pie\u0161inio pavir\u0161ius atrodo tarsi nupoliruotas, atspindi \u0161vies\u0105, o spalvos atrodo dar ry\u0161kesn\u0117s. Poliravimo pie\u0161tuk\u0105 galima naudoti ir technikai su va\u0161ku \u2013 nupie\u0161kite norim\u0105 paveiksl\u0117l\u012f, padenkite va\u0161ko sluoksniu, tada nuspalvokite da\u017eais. Va\u0161ko sluoksnis apsaugo popieri\u0173 nuo spalvot\u0173 pie\u0161tuk\u0173, tod\u0117l dalis pie\u0161inio i\u0161lieka balta.","og_url":"https:\/\/hobstop.ee\/lt\/produktas\/poliravimo-piestukas-derwent\/","og_site_name":"Skizze","article_publisher":"http:\/\/www.facebook.com\/VunderSkizze","article_modified_time":"-0001-11-30T00:00:00+00:00","og_image":[{"width":1024,"height":768,"url":"https:\/\/hobstop.ee\/media\/2988.jpg","type":"image\/jpeg"}],"twitter_card":"summary_large_image","schema":{"@context":"https:\/\/schema.org","@graph":[{"@type":"WebPage","@id":"https:\/\/hobstop.ee\/lt\/produktas\/poliravimo-piestukas-derwent\/","url":"https:\/\/hobstop.ee\/lt\/produktas\/poliravimo-piestukas-derwent\/","name":"Poliravimo pie\u0161tukas Derwent &#8211; Skizze","isPartOf":{"@id":"https:\/\/hobstop.ee\/lt\/#website"},"primaryImageOfPage":{"@id":"https:\/\/hobstop.ee\/lt\/produktas\/poliravimo-piestukas-derwent\/#primaryimage"},"image":{"@id":"https:\/\/hobstop.ee\/lt\/produktas\/poliravimo-piestukas-derwent\/#primaryimage"},"thumbnailUrl":"https:\/\/hobstop.ee\/media\/2988.jpg","datePublished":"2014-12-09T11:02:25+00:00","dateModified":"-0001-11-30T00:00:00+00:00","breadcrumb":{"@id":"https:\/\/hobstop.ee\/lt\/produktas\/poliravimo-piestukas-derwent\/#breadcrumb"},"inLanguage":"lt","potentialAction":[{"@type":"ReadAction","target":["https:\/\/hobstop.ee\/lt\/produktas\/poliravimo-piestukas-derwent\/"]}]},{"@type":"ImageObject","inLanguage":"lt","@id":"https:\/\/hobstop.ee\/lt\/produktas\/poliravimo-piestukas-derwent\/#primaryimage","url":"https:\/\/hobstop.ee\/media\/2988.jpg","contentUrl":"https:\/\/hobstop.ee\/media\/2988.jpg","width":1024,"height":768},{"@type":"BreadcrumbList","@id":"https:\/\/hobstop.ee\/lt\/produktas\/poliravimo-piestukas-derwent\/#breadcrumb","itemListElement":[{"@type":"ListItem","position":1,"name":"Avaleht","item":"https:\/\/hobstop.ee\/lt\/"},{"@type":"ListItem","position":2,"name":"Parduotuv\u0117","item":"https:\/\/hobstop.ee\/lt\/parduotuve\/"},{"@type":"ListItem","position":3,"name":"Poliravimo pie\u0161tukas Derwent"}]},{"@type":"WebSite","@id":"https:\/\/hobstop.ee\/lt\/#website","url":"https:\/\/hobstop.ee\/lt\/","name":"Skizze","description":"Dail\u0117s, pom\u0117gi\u0173 ir mokykliniai reikm\u0117nys","publisher":{"@id":"https:\/\/hobstop.ee\/lt\/#organization"},"potentialAction":[{"@type":"SearchAction","target":{"@type":"EntryPoint","urlTemplate":"https:\/\/hobstop.ee\/lt\/?s={search_term_string}"},"query-input":{"@type":"PropertyValueSpecification","valueRequired":true,"valueName":"search_term_string"}}],"inLanguage":"lt"},{"@type":"Organization","@id":"https:\/\/hobstop.ee\/lt\/#organization","name":"Vunder AS","url":"https:\/\/hobstop.ee\/lt\/","logo":{"@type":"ImageObject","inLanguage":"lt","@id":"https:\/\/hobstop.ee\/lt\/#\/schema\/logo\/image\/","url":"https:\/\/hobstop.ee\/media\/vunder-logo.png","contentUrl":"https:\/\/hobstop.ee\/media\/vunder-logo.png","width":127,"height":55,"caption":"Vunder AS"},"image":{"@id":"https:\/\/hobstop.ee\/lt\/#\/schema\/logo\/image\/"},"sameAs":["http:\/\/www.facebook.com\/VunderSkizze"]}]}},"_links":{"self":[{"href":"https:\/\/hobstop.ee\/lt\/wp-json\/wp\/v2\/product\/62047","targetHints":{"allow":["GET"]}}],"collection":[{"href":"https:\/\/hobstop.ee\/lt\/wp-json\/wp\/v2\/product"}],"about":[{"href":"https:\/\/hobstop.ee\/lt\/wp-json\/wp\/v2\/types\/product"}],"replies":[{"embeddable":true,"href":"https:\/\/hobstop.ee\/lt\/wp-json\/wp\/v2\/comments?post=62047"}],"wp:featuredmedia":[{"embeddable":true,"href":"https:\/\/hobstop.ee\/lt\/wp-json\/wp\/v2\/media\/100804"}],"wp:attachment":[{"href":"https:\/\/hobstop.ee\/lt\/wp-json\/wp\/v2\/media?parent=62047"}],"wp:term":[{"taxonomy":"product_cat","embeddable":true,"href":"https:\/\/hobstop.ee\/lt\/wp-json\/wp\/v2\/product_cat?post=62047"},{"taxonomy":"product_tag","embeddable":true,"href":"https:\/\/hobstop.ee\/lt\/wp-json\/wp\/v2\/product_tag?post=62047"}],"curies":[{"name":"wp","href":"https:\/\/api.w.org\/{rel}","templated":true}]}}