{"id":62050,"date":"2014-12-09T13:02:26","date_gmt":"2014-12-09T11:02:26","guid":{"rendered":"https:\/\/sharks.ee\/vunder_2019.klient.veebimajutus.ee\/?post_type=product&p=62050"},"modified":"2014-12-09T13:02:26","modified_gmt":"2014-12-09T10:02:26","slug":"akvarelines-kreideles-derwent-inktense","status":"publish","type":"product","link":"https:\/\/hobstop.ee\/lt\/produktas\/akvarelines-kreideles-derwent-inktense\/","title":{"rendered":"Akvarelin\u0117s kreidel\u0117s Derwent Inktense"},"content":{"rendered":"<p>\u0160ios akvarelin\u0117s kreidel\u0117s Jums suteiks k\u016brybin\u0117s laisv\u0117s, o pie\u0161iniams \u2013 nauj\u0173 spalv\u0173! Sausos \u201eDerwent Inktense\u201c kreidel\u0117s yra ry\u0161ki\u0173 spalv\u0173, ta\u010diau susilietusios su vandeniu spalvos tampa skaidriomis, pana\u0161iomis \u012f tu\u0161\u0105. Ant i\u0161d\u017eiuvusio pie\u0161inio galima pie\u0161ti. Kreidel\u0117s turi begal\u0119 panaudojimo galimybi\u0173, jomis galima i\u0161gauti \u012fvairi\u0173 i\u0161rading\u0173 efekt\u0173. Jas taip pat galima panaudoti kaip spalv\u0173 pagrind\u0105. Sudr\u0117kintomis galima pie\u0161ti ant popieriaus, o sausomis, ilguoju pavir\u0161iumi, saus\u0105 ar dr\u0117gn\u0105 popieri\u0173 padengti fonu ir i\u0161gauti intensyvias spalvas. \u0160ios kreidel\u0117s papildo \u201eInktense\u201c produkt\u0173 asortiment\u0105 ir atveria begalini\u0173 galimybi\u0173 pasaul\u012f. Jomis galima pie\u0161ti ant audinio, kurti nuostabius paveikslus ant \u0161ilko ir dekoruoti skiautinius.<br \/>\nKeturkamp\u0117 8mm kreidel\u0117, ilgis: 75mm.<\/p>\n","protected":false},"excerpt":{"rendered":"<p>\u0160ios akvarelin\u0117s kreidel\u0117s Jums suteiks k\u016brybin\u0117s laisv\u0117s, o pie\u0161iniams \u2013 nauj\u0173 spalv\u0173! Sausos \u201eDerwent Inktense\u201c kreidel\u0117s yra ry\u0161ki\u0173 spalv\u0173, ta\u010diau susilietusios su vandeniu spalvos tampa skaidriomis, pana\u0161iomis \u012f tu\u0161\u0105. Ant i\u0161d\u017eiuvusio pie\u0161inio galima pie\u0161ti. Kreidel\u0117s turi begal\u0119 panaudojimo galimybi\u0173, jomis galima i\u0161gauti \u012fvairi\u0173 i\u0161rading\u0173 efekt\u0173. Jas taip pat galima panaudoti kaip spalv\u0173 pagrind\u0105. Sudr\u0117kintomis galima pie\u0161ti ant popieriaus, o sausomis, ilguoju pavir\u0161iumi, saus\u0105 ar dr\u0117gn\u0105 popieri\u0173 padengti fonu ir i\u0161gauti intensyvias spalvas. \u0160ios kreidel\u0117s papildo \u201eInktense\u201c produkt\u0173 asortiment\u0105 ir atveria begalini\u0173 galimybi\u0173 pasaul\u012f. Jomis galima pie\u0161ti ant audinio, kurti nuostabius paveikslus ant \u0161ilko ir dekoruoti skiautinius. Keturkamp\u0117 8mm kreidel\u0117, ilgis: 75mm.<\/p>\n","protected":false},"featured_media":105791,"comment_status":"closed","ping_status":"closed","template":"","meta":{"_acf_changed":false,"ep_exclude_from_search":false},"product_cat":[16124,14994,18932],"product_tag":[],"class_list":{"0":"post-62050","1":"product","2":"type-product","3":"status-publish","4":"has-post-thumbnail","6":"product_cat-dailes-prekes","7":"product_cat-kreideles-2","8":"product_cat-piesimo-reikmenys-3","10":"first","11":"instock","12":"sale","13":"taxable","14":"shipping-taxable","15":"purchasable","16":"product-type-variable"},"acf":[],"yoast_head":"<!-- This site is optimized with the Yoast SEO plugin v24.1 - https:\/\/yoast.com\/wordpress\/plugins\/seo\/ -->\n<title>Akvarelin\u0117s kreidel\u0117s Derwent Inktense &#8211; Skizze<\/title>\n<meta name=\"robots\" content=\"noindex, follow, max-snippet:-1, max-image-preview:large, max-video-preview:-1\" \/>\n<meta property=\"og:locale\" content=\"lt_LT\" \/>\n<meta property=\"og:type\" content=\"article\" \/>\n<meta property=\"og:title\" content=\"Akvarelin\u0117s kreidel\u0117s Derwent Inktense &#8211; Skizze\" \/>\n<meta property=\"og:description\" content=\"\u0160ios akvarelin\u0117s kreidel\u0117s Jums suteiks k\u016brybin\u0117s laisv\u0117s, o pie\u0161iniams \u2013 nauj\u0173 spalv\u0173! Sausos \u201eDerwent Inktense\u201c kreidel\u0117s yra ry\u0161ki\u0173 spalv\u0173, ta\u010diau susilietusios su vandeniu spalvos tampa skaidriomis, pana\u0161iomis \u012f tu\u0161\u0105. Ant i\u0161d\u017eiuvusio pie\u0161inio galima pie\u0161ti. Kreidel\u0117s turi begal\u0119 panaudojimo galimybi\u0173, jomis galima i\u0161gauti \u012fvairi\u0173 i\u0161rading\u0173 efekt\u0173. Jas taip pat galima panaudoti kaip spalv\u0173 pagrind\u0105. Sudr\u0117kintomis galima pie\u0161ti ant popieriaus, o sausomis, ilguoju pavir\u0161iumi, saus\u0105 ar dr\u0117gn\u0105 popieri\u0173 padengti fonu ir i\u0161gauti intensyvias spalvas. \u0160ios kreidel\u0117s papildo \u201eInktense\u201c produkt\u0173 asortiment\u0105 ir atveria begalini\u0173 galimybi\u0173 pasaul\u012f. Jomis galima pie\u0161ti ant audinio, kurti nuostabius paveikslus ant \u0161ilko ir dekoruoti skiautinius. Keturkamp\u0117 8mm kreidel\u0117, ilgis: 75mm.\" \/>\n<meta property=\"og:url\" content=\"https:\/\/hobstop.ee\/lt\/produktas\/akvarelines-kreideles-derwent-inktense\/\" \/>\n<meta property=\"og:site_name\" content=\"Skizze\" \/>\n<meta property=\"article:publisher\" content=\"http:\/\/www.facebook.com\/VunderSkizze\" \/>\n<meta property=\"article:modified_time\" content=\"-0001-11-30T00:00:00+00:00\" \/>\n<meta property=\"og:image\" content=\"https:\/\/hobstop.ee\/media\/2990.jpg\" \/>\n\t<meta property=\"og:image:width\" content=\"1024\" \/>\n\t<meta property=\"og:image:height\" content=\"768\" \/>\n\t<meta property=\"og:image:type\" content=\"image\/jpeg\" \/>\n<meta name=\"twitter:card\" content=\"summary_large_image\" \/>\n<meta name=\"twitter:label1\" content=\"Est. reading time\" \/>\n\t<meta name=\"twitter:data1\" content=\"1 minute\" \/>\n<script type=\"application\/ld+json\" class=\"yoast-schema-graph\">{\"@context\":\"https:\/\/schema.org\",\"@graph\":[{\"@type\":\"WebPage\",\"@id\":\"https:\/\/hobstop.ee\/lt\/produktas\/akvarelines-kreideles-derwent-inktense\/\",\"url\":\"https:\/\/hobstop.ee\/lt\/produktas\/akvarelines-kreideles-derwent-inktense\/\",\"name\":\"Akvarelin\u0117s kreidel\u0117s Derwent Inktense &#8211; Skizze\",\"isPartOf\":{\"@id\":\"https:\/\/hobstop.ee\/lt\/#website\"},\"primaryImageOfPage\":{\"@id\":\"https:\/\/hobstop.ee\/lt\/produktas\/akvarelines-kreideles-derwent-inktense\/#primaryimage\"},\"image\":{\"@id\":\"https:\/\/hobstop.ee\/lt\/produktas\/akvarelines-kreideles-derwent-inktense\/#primaryimage\"},\"thumbnailUrl\":\"https:\/\/hobstop.ee\/media\/2990.jpg\",\"datePublished\":\"2014-12-09T11:02:26+00:00\",\"dateModified\":\"-0001-11-30T00:00:00+00:00\",\"breadcrumb\":{\"@id\":\"https:\/\/hobstop.ee\/lt\/produktas\/akvarelines-kreideles-derwent-inktense\/#breadcrumb\"},\"inLanguage\":\"lt\",\"potentialAction\":[{\"@type\":\"ReadAction\",\"target\":[\"https:\/\/hobstop.ee\/lt\/produktas\/akvarelines-kreideles-derwent-inktense\/\"]}]},{\"@type\":\"ImageObject\",\"inLanguage\":\"lt\",\"@id\":\"https:\/\/hobstop.ee\/lt\/produktas\/akvarelines-kreideles-derwent-inktense\/#primaryimage\",\"url\":\"https:\/\/hobstop.ee\/media\/2990.jpg\",\"contentUrl\":\"https:\/\/hobstop.ee\/media\/2990.jpg\",\"width\":1024,\"height\":768},{\"@type\":\"BreadcrumbList\",\"@id\":\"https:\/\/hobstop.ee\/lt\/produktas\/akvarelines-kreideles-derwent-inktense\/#breadcrumb\",\"itemListElement\":[{\"@type\":\"ListItem\",\"position\":1,\"name\":\"Avaleht\",\"item\":\"https:\/\/hobstop.ee\/lt\/\"},{\"@type\":\"ListItem\",\"position\":2,\"name\":\"Parduotuv\u0117\",\"item\":\"https:\/\/hobstop.ee\/lt\/parduotuve\/\"},{\"@type\":\"ListItem\",\"position\":3,\"name\":\"Akvarelin\u0117s kreidel\u0117s Derwent Inktense\"}]},{\"@type\":\"WebSite\",\"@id\":\"https:\/\/hobstop.ee\/lt\/#website\",\"url\":\"https:\/\/hobstop.ee\/lt\/\",\"name\":\"Skizze\",\"description\":\"Dail\u0117s, pom\u0117gi\u0173 ir mokykliniai reikm\u0117nys\",\"publisher\":{\"@id\":\"https:\/\/hobstop.ee\/lt\/#organization\"},\"potentialAction\":[{\"@type\":\"SearchAction\",\"target\":{\"@type\":\"EntryPoint\",\"urlTemplate\":\"https:\/\/hobstop.ee\/lt\/?s={search_term_string}\"},\"query-input\":{\"@type\":\"PropertyValueSpecification\",\"valueRequired\":true,\"valueName\":\"search_term_string\"}}],\"inLanguage\":\"lt\"},{\"@type\":\"Organization\",\"@id\":\"https:\/\/hobstop.ee\/lt\/#organization\",\"name\":\"Vunder AS\",\"url\":\"https:\/\/hobstop.ee\/lt\/\",\"logo\":{\"@type\":\"ImageObject\",\"inLanguage\":\"lt\",\"@id\":\"https:\/\/hobstop.ee\/lt\/#\/schema\/logo\/image\/\",\"url\":\"https:\/\/hobstop.ee\/media\/vunder-logo.png\",\"contentUrl\":\"https:\/\/hobstop.ee\/media\/vunder-logo.png\",\"width\":127,\"height\":55,\"caption\":\"Vunder AS\"},\"image\":{\"@id\":\"https:\/\/hobstop.ee\/lt\/#\/schema\/logo\/image\/\"},\"sameAs\":[\"http:\/\/www.facebook.com\/VunderSkizze\"]}]}<\/script>\n<!-- \/ Yoast SEO plugin. -->","yoast_head_json":{"title":"Akvarelin\u0117s kreidel\u0117s Derwent Inktense &#8211; Skizze","robots":{"index":"noindex","follow":"follow","max-snippet":"max-snippet:-1","max-image-preview":"max-image-preview:large","max-video-preview":"max-video-preview:-1"},"og_locale":"lt_LT","og_type":"article","og_title":"Akvarelin\u0117s kreidel\u0117s Derwent Inktense &#8211; Skizze","og_description":"\u0160ios akvarelin\u0117s kreidel\u0117s Jums suteiks k\u016brybin\u0117s laisv\u0117s, o pie\u0161iniams \u2013 nauj\u0173 spalv\u0173! Sausos \u201eDerwent Inktense\u201c kreidel\u0117s yra ry\u0161ki\u0173 spalv\u0173, ta\u010diau susilietusios su vandeniu spalvos tampa skaidriomis, pana\u0161iomis \u012f tu\u0161\u0105. Ant i\u0161d\u017eiuvusio pie\u0161inio galima pie\u0161ti. Kreidel\u0117s turi begal\u0119 panaudojimo galimybi\u0173, jomis galima i\u0161gauti \u012fvairi\u0173 i\u0161rading\u0173 efekt\u0173. Jas taip pat galima panaudoti kaip spalv\u0173 pagrind\u0105. Sudr\u0117kintomis galima pie\u0161ti ant popieriaus, o sausomis, ilguoju pavir\u0161iumi, saus\u0105 ar dr\u0117gn\u0105 popieri\u0173 padengti fonu ir i\u0161gauti intensyvias spalvas. \u0160ios kreidel\u0117s papildo \u201eInktense\u201c produkt\u0173 asortiment\u0105 ir atveria begalini\u0173 galimybi\u0173 pasaul\u012f. Jomis galima pie\u0161ti ant audinio, kurti nuostabius paveikslus ant \u0161ilko ir dekoruoti skiautinius. Keturkamp\u0117 8mm kreidel\u0117, ilgis: 75mm.","og_url":"https:\/\/hobstop.ee\/lt\/produktas\/akvarelines-kreideles-derwent-inktense\/","og_site_name":"Skizze","article_publisher":"http:\/\/www.facebook.com\/VunderSkizze","article_modified_time":"-0001-11-30T00:00:00+00:00","og_image":[{"width":1024,"height":768,"url":"https:\/\/hobstop.ee\/media\/2990.jpg","type":"image\/jpeg"}],"twitter_card":"summary_large_image","twitter_misc":{"Est. reading time":"1 minute"},"schema":{"@context":"https:\/\/schema.org","@graph":[{"@type":"WebPage","@id":"https:\/\/hobstop.ee\/lt\/produktas\/akvarelines-kreideles-derwent-inktense\/","url":"https:\/\/hobstop.ee\/lt\/produktas\/akvarelines-kreideles-derwent-inktense\/","name":"Akvarelin\u0117s kreidel\u0117s Derwent Inktense &#8211; Skizze","isPartOf":{"@id":"https:\/\/hobstop.ee\/lt\/#website"},"primaryImageOfPage":{"@id":"https:\/\/hobstop.ee\/lt\/produktas\/akvarelines-kreideles-derwent-inktense\/#primaryimage"},"image":{"@id":"https:\/\/hobstop.ee\/lt\/produktas\/akvarelines-kreideles-derwent-inktense\/#primaryimage"},"thumbnailUrl":"https:\/\/hobstop.ee\/media\/2990.jpg","datePublished":"2014-12-09T11:02:26+00:00","dateModified":"-0001-11-30T00:00:00+00:00","breadcrumb":{"@id":"https:\/\/hobstop.ee\/lt\/produktas\/akvarelines-kreideles-derwent-inktense\/#breadcrumb"},"inLanguage":"lt","potentialAction":[{"@type":"ReadAction","target":["https:\/\/hobstop.ee\/lt\/produktas\/akvarelines-kreideles-derwent-inktense\/"]}]},{"@type":"ImageObject","inLanguage":"lt","@id":"https:\/\/hobstop.ee\/lt\/produktas\/akvarelines-kreideles-derwent-inktense\/#primaryimage","url":"https:\/\/hobstop.ee\/media\/2990.jpg","contentUrl":"https:\/\/hobstop.ee\/media\/2990.jpg","width":1024,"height":768},{"@type":"BreadcrumbList","@id":"https:\/\/hobstop.ee\/lt\/produktas\/akvarelines-kreideles-derwent-inktense\/#breadcrumb","itemListElement":[{"@type":"ListItem","position":1,"name":"Avaleht","item":"https:\/\/hobstop.ee\/lt\/"},{"@type":"ListItem","position":2,"name":"Parduotuv\u0117","item":"https:\/\/hobstop.ee\/lt\/parduotuve\/"},{"@type":"ListItem","position":3,"name":"Akvarelin\u0117s kreidel\u0117s Derwent Inktense"}]},{"@type":"WebSite","@id":"https:\/\/hobstop.ee\/lt\/#website","url":"https:\/\/hobstop.ee\/lt\/","name":"Skizze","description":"Dail\u0117s, pom\u0117gi\u0173 ir mokykliniai reikm\u0117nys","publisher":{"@id":"https:\/\/hobstop.ee\/lt\/#organization"},"potentialAction":[{"@type":"SearchAction","target":{"@type":"EntryPoint","urlTemplate":"https:\/\/hobstop.ee\/lt\/?s={search_term_string}"},"query-input":{"@type":"PropertyValueSpecification","valueRequired":true,"valueName":"search_term_string"}}],"inLanguage":"lt"},{"@type":"Organization","@id":"https:\/\/hobstop.ee\/lt\/#organization","name":"Vunder AS","url":"https:\/\/hobstop.ee\/lt\/","logo":{"@type":"ImageObject","inLanguage":"lt","@id":"https:\/\/hobstop.ee\/lt\/#\/schema\/logo\/image\/","url":"https:\/\/hobstop.ee\/media\/vunder-logo.png","contentUrl":"https:\/\/hobstop.ee\/media\/vunder-logo.png","width":127,"height":55,"caption":"Vunder AS"},"image":{"@id":"https:\/\/hobstop.ee\/lt\/#\/schema\/logo\/image\/"},"sameAs":["http:\/\/www.facebook.com\/VunderSkizze"]}]}},"_links":{"self":[{"href":"https:\/\/hobstop.ee\/lt\/wp-json\/wp\/v2\/product\/62050","targetHints":{"allow":["GET"]}}],"collection":[{"href":"https:\/\/hobstop.ee\/lt\/wp-json\/wp\/v2\/product"}],"about":[{"href":"https:\/\/hobstop.ee\/lt\/wp-json\/wp\/v2\/types\/product"}],"replies":[{"embeddable":true,"href":"https:\/\/hobstop.ee\/lt\/wp-json\/wp\/v2\/comments?post=62050"}],"wp:featuredmedia":[{"embeddable":true,"href":"https:\/\/hobstop.ee\/lt\/wp-json\/wp\/v2\/media\/105791"}],"wp:attachment":[{"href":"https:\/\/hobstop.ee\/lt\/wp-json\/wp\/v2\/media?parent=62050"}],"wp:term":[{"taxonomy":"product_cat","embeddable":true,"href":"https:\/\/hobstop.ee\/lt\/wp-json\/wp\/v2\/product_cat?post=62050"},{"taxonomy":"product_tag","embeddable":true,"href":"https:\/\/hobstop.ee\/lt\/wp-json\/wp\/v2\/product_tag?post=62050"}],"curies":[{"name":"wp","href":"https:\/\/api.w.org\/{rel}","templated":true}]}}