{"id":62083,"date":"2014-12-09T13:02:33","date_gmt":"2014-12-09T11:02:33","guid":{"rendered":"https:\/\/sharks.ee\/vunder_2019.klient.veebimajutus.ee\/?post_type=product&p=62083"},"modified":"2014-12-09T13:02:33","modified_gmt":"2014-12-09T10:02:33","slug":"konturiniai-dazai-stiklui-marabu-20ml","status":"publish","type":"product","link":"https:\/\/hobstop.ee\/lt\/produktas\/konturiniai-dazai-stiklui-marabu-20ml\/","title":{"rendered":"Kont\u016briniai da\u017eai stiklui Marabu 20ml"},"content":{"rendered":"<p>Kont\u016briniais da\u017eais \u201eMarabu Relief Paste\u201c galima pie\u0161ti linijas tiesiai i\u0161 t\u016bbel\u0117s. Ai\u0161k\u016bs kont\u016brai, puikus efektas. Tiesiog dekoruokite, palikite trims dienoms, ir paruo\u0161ta! Dekoruotus daiktus galima plauti indaplov\u0117je (maks. 50 \u00b0C), nereikia i\u0161degti. Universal\u016bs: tinka tapyti ir pie\u0161ti ornamentus ant stiklo ir porceliano. Pagaminti vandens pagrindu, bekvapiai, neblunkantys.<\/p>\n","protected":false},"excerpt":{"rendered":"<p>Kont\u016briniais da\u017eais \u201eMarabu Relief Paste\u201c galima pie\u0161ti linijas tiesiai i\u0161 t\u016bbel\u0117s. Ai\u0161k\u016bs kont\u016brai, puikus efektas. Tiesiog dekoruokite, palikite trims dienoms, ir paruo\u0161ta! Dekoruotus daiktus galima plauti indaplov\u0117je (maks. 50 \u00b0C), nereikia i\u0161degti. Universal\u016bs: tinka tapyti ir pie\u0161ti ornamentus ant stiklo ir porceliano. Pagaminti vandens pagrindu, bekvapiai, neblunkantys.<\/p>\n","protected":false},"featured_media":105839,"comment_status":"closed","ping_status":"closed","template":"","meta":{"_acf_changed":false,"ep_exclude_from_search":false},"product_cat":[17919,18645,18237],"product_tag":[],"class_list":{"0":"post-62083","1":"product","2":"type-product","3":"status-publish","4":"has-post-thumbnail","6":"product_cat-pomegiu-prekes","7":"product_cat-porcelianui-ir-stiklui","8":"product_cat-vandens-pagrindu-pagaminti-dazai","10":"first","11":"instock","12":"sale","13":"taxable","14":"shipping-taxable","15":"purchasable","16":"product-type-variable"},"acf":[],"yoast_head":"<!-- This site is optimized with the Yoast SEO plugin v24.1 - https:\/\/yoast.com\/wordpress\/plugins\/seo\/ -->\n<title>Kont\u016briniai da\u017eai stiklui Marabu 20ml &#8211; Skizze<\/title>\n<meta name=\"robots\" content=\"noindex, follow, max-snippet:-1, max-image-preview:large, max-video-preview:-1\" \/>\n<meta property=\"og:locale\" content=\"lt_LT\" \/>\n<meta property=\"og:type\" content=\"article\" \/>\n<meta property=\"og:title\" content=\"Kont\u016briniai da\u017eai stiklui Marabu 20ml &#8211; Skizze\" \/>\n<meta property=\"og:description\" content=\"Kont\u016briniais da\u017eais \u201eMarabu Relief Paste\u201c galima pie\u0161ti linijas tiesiai i\u0161 t\u016bbel\u0117s. Ai\u0161k\u016bs kont\u016brai, puikus efektas. Tiesiog dekoruokite, palikite trims dienoms, ir paruo\u0161ta! Dekoruotus daiktus galima plauti indaplov\u0117je (maks. 50 \u00b0C), nereikia i\u0161degti. Universal\u016bs: tinka tapyti ir pie\u0161ti ornamentus ant stiklo ir porceliano. Pagaminti vandens pagrindu, bekvapiai, neblunkantys.\" \/>\n<meta property=\"og:url\" content=\"https:\/\/hobstop.ee\/lt\/produktas\/konturiniai-dazai-stiklui-marabu-20ml\/\" \/>\n<meta property=\"og:site_name\" content=\"Skizze\" \/>\n<meta property=\"article:publisher\" content=\"http:\/\/www.facebook.com\/VunderSkizze\" \/>\n<meta property=\"article:modified_time\" content=\"-0001-11-30T00:00:00+00:00\" \/>\n<meta property=\"og:image\" content=\"https:\/\/hobstop.ee\/media\/3020.jpg\" \/>\n\t<meta property=\"og:image:width\" content=\"1024\" \/>\n\t<meta property=\"og:image:height\" content=\"768\" \/>\n\t<meta property=\"og:image:type\" content=\"image\/jpeg\" \/>\n<meta name=\"twitter:card\" content=\"summary_large_image\" \/>\n<script type=\"application\/ld+json\" class=\"yoast-schema-graph\">{\"@context\":\"https:\/\/schema.org\",\"@graph\":[{\"@type\":\"WebPage\",\"@id\":\"https:\/\/hobstop.ee\/lt\/produktas\/konturiniai-dazai-stiklui-marabu-20ml\/\",\"url\":\"https:\/\/hobstop.ee\/lt\/produktas\/konturiniai-dazai-stiklui-marabu-20ml\/\",\"name\":\"Kont\u016briniai da\u017eai stiklui Marabu 20ml &#8211; Skizze\",\"isPartOf\":{\"@id\":\"https:\/\/hobstop.ee\/lt\/#website\"},\"primaryImageOfPage\":{\"@id\":\"https:\/\/hobstop.ee\/lt\/produktas\/konturiniai-dazai-stiklui-marabu-20ml\/#primaryimage\"},\"image\":{\"@id\":\"https:\/\/hobstop.ee\/lt\/produktas\/konturiniai-dazai-stiklui-marabu-20ml\/#primaryimage\"},\"thumbnailUrl\":\"https:\/\/hobstop.ee\/media\/3020.jpg\",\"datePublished\":\"2014-12-09T11:02:33+00:00\",\"dateModified\":\"-0001-11-30T00:00:00+00:00\",\"breadcrumb\":{\"@id\":\"https:\/\/hobstop.ee\/lt\/produktas\/konturiniai-dazai-stiklui-marabu-20ml\/#breadcrumb\"},\"inLanguage\":\"lt\",\"potentialAction\":[{\"@type\":\"ReadAction\",\"target\":[\"https:\/\/hobstop.ee\/lt\/produktas\/konturiniai-dazai-stiklui-marabu-20ml\/\"]}]},{\"@type\":\"ImageObject\",\"inLanguage\":\"lt\",\"@id\":\"https:\/\/hobstop.ee\/lt\/produktas\/konturiniai-dazai-stiklui-marabu-20ml\/#primaryimage\",\"url\":\"https:\/\/hobstop.ee\/media\/3020.jpg\",\"contentUrl\":\"https:\/\/hobstop.ee\/media\/3020.jpg\",\"width\":1024,\"height\":768},{\"@type\":\"BreadcrumbList\",\"@id\":\"https:\/\/hobstop.ee\/lt\/produktas\/konturiniai-dazai-stiklui-marabu-20ml\/#breadcrumb\",\"itemListElement\":[{\"@type\":\"ListItem\",\"position\":1,\"name\":\"Avaleht\",\"item\":\"https:\/\/hobstop.ee\/lt\/\"},{\"@type\":\"ListItem\",\"position\":2,\"name\":\"Parduotuv\u0117\",\"item\":\"https:\/\/hobstop.ee\/lt\/parduotuve\/\"},{\"@type\":\"ListItem\",\"position\":3,\"name\":\"Kont\u016briniai da\u017eai stiklui Marabu 20ml\"}]},{\"@type\":\"WebSite\",\"@id\":\"https:\/\/hobstop.ee\/lt\/#website\",\"url\":\"https:\/\/hobstop.ee\/lt\/\",\"name\":\"Skizze\",\"description\":\"Dail\u0117s, pom\u0117gi\u0173 ir mokykliniai reikm\u0117nys\",\"publisher\":{\"@id\":\"https:\/\/hobstop.ee\/lt\/#organization\"},\"potentialAction\":[{\"@type\":\"SearchAction\",\"target\":{\"@type\":\"EntryPoint\",\"urlTemplate\":\"https:\/\/hobstop.ee\/lt\/?s={search_term_string}\"},\"query-input\":{\"@type\":\"PropertyValueSpecification\",\"valueRequired\":true,\"valueName\":\"search_term_string\"}}],\"inLanguage\":\"lt\"},{\"@type\":\"Organization\",\"@id\":\"https:\/\/hobstop.ee\/lt\/#organization\",\"name\":\"Vunder AS\",\"url\":\"https:\/\/hobstop.ee\/lt\/\",\"logo\":{\"@type\":\"ImageObject\",\"inLanguage\":\"lt\",\"@id\":\"https:\/\/hobstop.ee\/lt\/#\/schema\/logo\/image\/\",\"url\":\"https:\/\/hobstop.ee\/media\/vunder-logo.png\",\"contentUrl\":\"https:\/\/hobstop.ee\/media\/vunder-logo.png\",\"width\":127,\"height\":55,\"caption\":\"Vunder AS\"},\"image\":{\"@id\":\"https:\/\/hobstop.ee\/lt\/#\/schema\/logo\/image\/\"},\"sameAs\":[\"http:\/\/www.facebook.com\/VunderSkizze\"]}]}<\/script>\n<!-- \/ Yoast SEO plugin. -->","yoast_head_json":{"title":"Kont\u016briniai da\u017eai stiklui Marabu 20ml &#8211; Skizze","robots":{"index":"noindex","follow":"follow","max-snippet":"max-snippet:-1","max-image-preview":"max-image-preview:large","max-video-preview":"max-video-preview:-1"},"og_locale":"lt_LT","og_type":"article","og_title":"Kont\u016briniai da\u017eai stiklui Marabu 20ml &#8211; Skizze","og_description":"Kont\u016briniais da\u017eais \u201eMarabu Relief Paste\u201c galima pie\u0161ti linijas tiesiai i\u0161 t\u016bbel\u0117s. Ai\u0161k\u016bs kont\u016brai, puikus efektas. Tiesiog dekoruokite, palikite trims dienoms, ir paruo\u0161ta! Dekoruotus daiktus galima plauti indaplov\u0117je (maks. 50 \u00b0C), nereikia i\u0161degti. Universal\u016bs: tinka tapyti ir pie\u0161ti ornamentus ant stiklo ir porceliano. Pagaminti vandens pagrindu, bekvapiai, neblunkantys.","og_url":"https:\/\/hobstop.ee\/lt\/produktas\/konturiniai-dazai-stiklui-marabu-20ml\/","og_site_name":"Skizze","article_publisher":"http:\/\/www.facebook.com\/VunderSkizze","article_modified_time":"-0001-11-30T00:00:00+00:00","og_image":[{"width":1024,"height":768,"url":"https:\/\/hobstop.ee\/media\/3020.jpg","type":"image\/jpeg"}],"twitter_card":"summary_large_image","schema":{"@context":"https:\/\/schema.org","@graph":[{"@type":"WebPage","@id":"https:\/\/hobstop.ee\/lt\/produktas\/konturiniai-dazai-stiklui-marabu-20ml\/","url":"https:\/\/hobstop.ee\/lt\/produktas\/konturiniai-dazai-stiklui-marabu-20ml\/","name":"Kont\u016briniai da\u017eai stiklui Marabu 20ml &#8211; Skizze","isPartOf":{"@id":"https:\/\/hobstop.ee\/lt\/#website"},"primaryImageOfPage":{"@id":"https:\/\/hobstop.ee\/lt\/produktas\/konturiniai-dazai-stiklui-marabu-20ml\/#primaryimage"},"image":{"@id":"https:\/\/hobstop.ee\/lt\/produktas\/konturiniai-dazai-stiklui-marabu-20ml\/#primaryimage"},"thumbnailUrl":"https:\/\/hobstop.ee\/media\/3020.jpg","datePublished":"2014-12-09T11:02:33+00:00","dateModified":"-0001-11-30T00:00:00+00:00","breadcrumb":{"@id":"https:\/\/hobstop.ee\/lt\/produktas\/konturiniai-dazai-stiklui-marabu-20ml\/#breadcrumb"},"inLanguage":"lt","potentialAction":[{"@type":"ReadAction","target":["https:\/\/hobstop.ee\/lt\/produktas\/konturiniai-dazai-stiklui-marabu-20ml\/"]}]},{"@type":"ImageObject","inLanguage":"lt","@id":"https:\/\/hobstop.ee\/lt\/produktas\/konturiniai-dazai-stiklui-marabu-20ml\/#primaryimage","url":"https:\/\/hobstop.ee\/media\/3020.jpg","contentUrl":"https:\/\/hobstop.ee\/media\/3020.jpg","width":1024,"height":768},{"@type":"BreadcrumbList","@id":"https:\/\/hobstop.ee\/lt\/produktas\/konturiniai-dazai-stiklui-marabu-20ml\/#breadcrumb","itemListElement":[{"@type":"ListItem","position":1,"name":"Avaleht","item":"https:\/\/hobstop.ee\/lt\/"},{"@type":"ListItem","position":2,"name":"Parduotuv\u0117","item":"https:\/\/hobstop.ee\/lt\/parduotuve\/"},{"@type":"ListItem","position":3,"name":"Kont\u016briniai da\u017eai stiklui Marabu 20ml"}]},{"@type":"WebSite","@id":"https:\/\/hobstop.ee\/lt\/#website","url":"https:\/\/hobstop.ee\/lt\/","name":"Skizze","description":"Dail\u0117s, pom\u0117gi\u0173 ir mokykliniai reikm\u0117nys","publisher":{"@id":"https:\/\/hobstop.ee\/lt\/#organization"},"potentialAction":[{"@type":"SearchAction","target":{"@type":"EntryPoint","urlTemplate":"https:\/\/hobstop.ee\/lt\/?s={search_term_string}"},"query-input":{"@type":"PropertyValueSpecification","valueRequired":true,"valueName":"search_term_string"}}],"inLanguage":"lt"},{"@type":"Organization","@id":"https:\/\/hobstop.ee\/lt\/#organization","name":"Vunder AS","url":"https:\/\/hobstop.ee\/lt\/","logo":{"@type":"ImageObject","inLanguage":"lt","@id":"https:\/\/hobstop.ee\/lt\/#\/schema\/logo\/image\/","url":"https:\/\/hobstop.ee\/media\/vunder-logo.png","contentUrl":"https:\/\/hobstop.ee\/media\/vunder-logo.png","width":127,"height":55,"caption":"Vunder AS"},"image":{"@id":"https:\/\/hobstop.ee\/lt\/#\/schema\/logo\/image\/"},"sameAs":["http:\/\/www.facebook.com\/VunderSkizze"]}]}},"_links":{"self":[{"href":"https:\/\/hobstop.ee\/lt\/wp-json\/wp\/v2\/product\/62083","targetHints":{"allow":["GET"]}}],"collection":[{"href":"https:\/\/hobstop.ee\/lt\/wp-json\/wp\/v2\/product"}],"about":[{"href":"https:\/\/hobstop.ee\/lt\/wp-json\/wp\/v2\/types\/product"}],"replies":[{"embeddable":true,"href":"https:\/\/hobstop.ee\/lt\/wp-json\/wp\/v2\/comments?post=62083"}],"wp:featuredmedia":[{"embeddable":true,"href":"https:\/\/hobstop.ee\/lt\/wp-json\/wp\/v2\/media\/105839"}],"wp:attachment":[{"href":"https:\/\/hobstop.ee\/lt\/wp-json\/wp\/v2\/media?parent=62083"}],"wp:term":[{"taxonomy":"product_cat","embeddable":true,"href":"https:\/\/hobstop.ee\/lt\/wp-json\/wp\/v2\/product_cat?post=62083"},{"taxonomy":"product_tag","embeddable":true,"href":"https:\/\/hobstop.ee\/lt\/wp-json\/wp\/v2\/product_tag?post=62083"}],"curies":[{"name":"wp","href":"https:\/\/api.w.org\/{rel}","templated":true}]}}