{"id":62089,"date":"2014-12-09T13:02:34","date_gmt":"2014-12-09T11:02:34","guid":{"rendered":"https:\/\/sharks.ee\/vunder_2019.klient.veebimajutus.ee\/?post_type=product&p=62089"},"modified":"2014-12-09T13:02:34","modified_gmt":"2014-12-09T10:02:34","slug":"porceliano-dazu-rinkinys-marabu-starter","status":"publish","type":"product","link":"https:\/\/hobstop.ee\/lt\/produktas\/porceliano-dazu-rinkinys-marabu-starter\/","title":{"rendered":"Porceliano da\u017e\u0173 rinkinys Marabu Starter"},"content":{"rendered":"<p>Blizg\u016bs \u201eMarabu Porcelain paint\u201c da\u017eai tinka moliniams, porcelianiniams ir net stikliniams indams dekoruoti. Lengvai naudojami, taupomas laikas, nes dekoruot\u0173 daikt\u0173 nereikia i\u0161degti. Tiesiog dekoruokite, palikite trims dienoms, ir gatava! Dekoruotus daiktus galima plauti indaplov\u0117je (maks. 50 \u00b0C) . Pagaminti vandens pagrindu, bekvapiai, neblunkantys. \u012evairios paskirties: tapymui, antspaudams, trafaretams.<\/p>\n<p>Rinkinyje yra:<br \/>\nDa\u017eai \u201eMarabu Porcelain\u201c 15ml (6 vnt.)<br \/>\nTeptukas \u201eMarabu Universal\u201c<\/p>\n","protected":false},"excerpt":{"rendered":"<p>Blizg\u016bs \u201eMarabu Porcelain paint\u201c da\u017eai tinka moliniams, porcelianiniams ir net stikliniams indams dekoruoti. Lengvai naudojami, taupomas laikas, nes dekoruot\u0173 daikt\u0173 nereikia i\u0161degti. Tiesiog dekoruokite, palikite trims dienoms, ir gatava! Dekoruotus daiktus galima plauti indaplov\u0117je (maks. 50 \u00b0C) . Pagaminti vandens pagrindu, bekvapiai, neblunkantys. \u012evairios paskirties: tapymui, antspaudams, trafaretams. Rinkinyje yra: Da\u017eai \u201eMarabu Porcelain\u201c 15ml (6 vnt.) Teptukas \u201eMarabu Universal\u201c<\/p>\n","protected":false},"featured_media":105847,"comment_status":"closed","ping_status":"closed","template":"","meta":{"_acf_changed":false,"ep_exclude_from_search":false},"product_cat":[239,18202,17919],"product_tag":[],"class_list":{"0":"post-62089","1":"product","2":"type-product","3":"status-publish","4":"has-post-thumbnail","6":"product_cat-dekoratyviniai-dazai-2","7":"product_cat-dekoratyviniai-dazai","8":"product_cat-pomegiu-prekes","10":"first","11":"instock","12":"taxable","13":"shipping-taxable","14":"purchasable","15":"product-type-variable"},"acf":[],"yoast_head":"<!-- This site is optimized with the Yoast SEO plugin v24.1 - https:\/\/yoast.com\/wordpress\/plugins\/seo\/ -->\n<title>Porceliano da\u017e\u0173 rinkinys Marabu Starter &#8211; Skizze<\/title>\n<meta name=\"robots\" content=\"noindex, follow, max-snippet:-1, max-image-preview:large, max-video-preview:-1\" \/>\n<meta property=\"og:locale\" content=\"lt_LT\" \/>\n<meta property=\"og:type\" content=\"article\" \/>\n<meta property=\"og:title\" content=\"Porceliano da\u017e\u0173 rinkinys Marabu Starter &#8211; Skizze\" \/>\n<meta property=\"og:description\" content=\"Blizg\u016bs \u201eMarabu Porcelain paint\u201c da\u017eai tinka moliniams, porcelianiniams ir net stikliniams indams dekoruoti. Lengvai naudojami, taupomas laikas, nes dekoruot\u0173 daikt\u0173 nereikia i\u0161degti. Tiesiog dekoruokite, palikite trims dienoms, ir gatava! Dekoruotus daiktus galima plauti indaplov\u0117je (maks. 50 \u00b0C) . Pagaminti vandens pagrindu, bekvapiai, neblunkantys. \u012evairios paskirties: tapymui, antspaudams, trafaretams. Rinkinyje yra: Da\u017eai \u201eMarabu Porcelain\u201c 15ml (6 vnt.) Teptukas \u201eMarabu Universal\u201c\" \/>\n<meta property=\"og:url\" content=\"https:\/\/hobstop.ee\/lt\/produktas\/porceliano-dazu-rinkinys-marabu-starter\/\" \/>\n<meta property=\"og:site_name\" content=\"Skizze\" \/>\n<meta property=\"article:publisher\" content=\"http:\/\/www.facebook.com\/VunderSkizze\" \/>\n<meta property=\"article:modified_time\" content=\"-0001-11-30T00:00:00+00:00\" \/>\n<meta property=\"og:image\" content=\"https:\/\/www.hobstop.ee\/media\/3022.jpg\" \/>\n\t<meta property=\"og:image:width\" content=\"1024\" \/>\n\t<meta property=\"og:image:height\" content=\"768\" \/>\n\t<meta property=\"og:image:type\" content=\"image\/jpeg\" \/>\n<meta name=\"twitter:card\" content=\"summary_large_image\" \/>\n<script type=\"application\/ld+json\" class=\"yoast-schema-graph\">{\"@context\":\"https:\/\/schema.org\",\"@graph\":[{\"@type\":\"WebPage\",\"@id\":\"https:\/\/hobstop.ee\/lt\/produktas\/porceliano-dazu-rinkinys-marabu-starter\/\",\"url\":\"https:\/\/hobstop.ee\/lt\/produktas\/porceliano-dazu-rinkinys-marabu-starter\/\",\"name\":\"Porceliano da\u017e\u0173 rinkinys Marabu Starter &#8211; Skizze\",\"isPartOf\":{\"@id\":\"https:\/\/hobstop.ee\/lt\/#website\"},\"primaryImageOfPage\":{\"@id\":\"https:\/\/hobstop.ee\/lt\/produktas\/porceliano-dazu-rinkinys-marabu-starter\/#primaryimage\"},\"image\":{\"@id\":\"https:\/\/hobstop.ee\/lt\/produktas\/porceliano-dazu-rinkinys-marabu-starter\/#primaryimage\"},\"thumbnailUrl\":\"https:\/\/hobstop.ee\/media\/3022.jpg\",\"datePublished\":\"2014-12-09T11:02:34+00:00\",\"dateModified\":\"-0001-11-30T00:00:00+00:00\",\"breadcrumb\":{\"@id\":\"https:\/\/hobstop.ee\/lt\/produktas\/porceliano-dazu-rinkinys-marabu-starter\/#breadcrumb\"},\"inLanguage\":\"lt\",\"potentialAction\":[{\"@type\":\"ReadAction\",\"target\":[\"https:\/\/hobstop.ee\/lt\/produktas\/porceliano-dazu-rinkinys-marabu-starter\/\"]}]},{\"@type\":\"ImageObject\",\"inLanguage\":\"lt\",\"@id\":\"https:\/\/hobstop.ee\/lt\/produktas\/porceliano-dazu-rinkinys-marabu-starter\/#primaryimage\",\"url\":\"https:\/\/hobstop.ee\/media\/3022.jpg\",\"contentUrl\":\"https:\/\/hobstop.ee\/media\/3022.jpg\",\"width\":1024,\"height\":768},{\"@type\":\"BreadcrumbList\",\"@id\":\"https:\/\/hobstop.ee\/lt\/produktas\/porceliano-dazu-rinkinys-marabu-starter\/#breadcrumb\",\"itemListElement\":[{\"@type\":\"ListItem\",\"position\":1,\"name\":\"Avaleht\",\"item\":\"https:\/\/hobstop.ee\/lt\/\"},{\"@type\":\"ListItem\",\"position\":2,\"name\":\"Parduotuv\u0117\",\"item\":\"https:\/\/hobstop.ee\/lt\/parduotuve\/\"},{\"@type\":\"ListItem\",\"position\":3,\"name\":\"Porceliano da\u017e\u0173 rinkinys Marabu Starter\"}]},{\"@type\":\"WebSite\",\"@id\":\"https:\/\/hobstop.ee\/lt\/#website\",\"url\":\"https:\/\/hobstop.ee\/lt\/\",\"name\":\"Skizze\",\"description\":\"Dail\u0117s, pom\u0117gi\u0173 ir mokykliniai reikm\u0117nys\",\"publisher\":{\"@id\":\"https:\/\/hobstop.ee\/lt\/#organization\"},\"potentialAction\":[{\"@type\":\"SearchAction\",\"target\":{\"@type\":\"EntryPoint\",\"urlTemplate\":\"https:\/\/hobstop.ee\/lt\/?s={search_term_string}\"},\"query-input\":{\"@type\":\"PropertyValueSpecification\",\"valueRequired\":true,\"valueName\":\"search_term_string\"}}],\"inLanguage\":\"lt\"},{\"@type\":\"Organization\",\"@id\":\"https:\/\/hobstop.ee\/lt\/#organization\",\"name\":\"Vunder AS\",\"url\":\"https:\/\/hobstop.ee\/lt\/\",\"logo\":{\"@type\":\"ImageObject\",\"inLanguage\":\"lt\",\"@id\":\"https:\/\/hobstop.ee\/lt\/#\/schema\/logo\/image\/\",\"url\":\"https:\/\/hobstop.ee\/media\/vunder-logo.png\",\"contentUrl\":\"https:\/\/hobstop.ee\/media\/vunder-logo.png\",\"width\":127,\"height\":55,\"caption\":\"Vunder AS\"},\"image\":{\"@id\":\"https:\/\/hobstop.ee\/lt\/#\/schema\/logo\/image\/\"},\"sameAs\":[\"http:\/\/www.facebook.com\/VunderSkizze\"]}]}<\/script>\n<!-- \/ Yoast SEO plugin. -->","yoast_head_json":{"title":"Porceliano da\u017e\u0173 rinkinys Marabu Starter &#8211; Skizze","robots":{"index":"noindex","follow":"follow","max-snippet":"max-snippet:-1","max-image-preview":"max-image-preview:large","max-video-preview":"max-video-preview:-1"},"og_locale":"lt_LT","og_type":"article","og_title":"Porceliano da\u017e\u0173 rinkinys Marabu Starter &#8211; Skizze","og_description":"Blizg\u016bs \u201eMarabu Porcelain paint\u201c da\u017eai tinka moliniams, porcelianiniams ir net stikliniams indams dekoruoti. Lengvai naudojami, taupomas laikas, nes dekoruot\u0173 daikt\u0173 nereikia i\u0161degti. Tiesiog dekoruokite, palikite trims dienoms, ir gatava! Dekoruotus daiktus galima plauti indaplov\u0117je (maks. 50 \u00b0C) . Pagaminti vandens pagrindu, bekvapiai, neblunkantys. \u012evairios paskirties: tapymui, antspaudams, trafaretams. Rinkinyje yra: Da\u017eai \u201eMarabu Porcelain\u201c 15ml (6 vnt.) Teptukas \u201eMarabu Universal\u201c","og_url":"https:\/\/hobstop.ee\/lt\/produktas\/porceliano-dazu-rinkinys-marabu-starter\/","og_site_name":"Skizze","article_publisher":"http:\/\/www.facebook.com\/VunderSkizze","article_modified_time":"-0001-11-30T00:00:00+00:00","og_image":[{"width":1024,"height":768,"url":"https:\/\/www.hobstop.ee\/media\/3022.jpg","type":"image\/jpeg"}],"twitter_card":"summary_large_image","schema":{"@context":"https:\/\/schema.org","@graph":[{"@type":"WebPage","@id":"https:\/\/hobstop.ee\/lt\/produktas\/porceliano-dazu-rinkinys-marabu-starter\/","url":"https:\/\/hobstop.ee\/lt\/produktas\/porceliano-dazu-rinkinys-marabu-starter\/","name":"Porceliano da\u017e\u0173 rinkinys Marabu Starter &#8211; Skizze","isPartOf":{"@id":"https:\/\/hobstop.ee\/lt\/#website"},"primaryImageOfPage":{"@id":"https:\/\/hobstop.ee\/lt\/produktas\/porceliano-dazu-rinkinys-marabu-starter\/#primaryimage"},"image":{"@id":"https:\/\/hobstop.ee\/lt\/produktas\/porceliano-dazu-rinkinys-marabu-starter\/#primaryimage"},"thumbnailUrl":"https:\/\/hobstop.ee\/media\/3022.jpg","datePublished":"2014-12-09T11:02:34+00:00","dateModified":"-0001-11-30T00:00:00+00:00","breadcrumb":{"@id":"https:\/\/hobstop.ee\/lt\/produktas\/porceliano-dazu-rinkinys-marabu-starter\/#breadcrumb"},"inLanguage":"lt","potentialAction":[{"@type":"ReadAction","target":["https:\/\/hobstop.ee\/lt\/produktas\/porceliano-dazu-rinkinys-marabu-starter\/"]}]},{"@type":"ImageObject","inLanguage":"lt","@id":"https:\/\/hobstop.ee\/lt\/produktas\/porceliano-dazu-rinkinys-marabu-starter\/#primaryimage","url":"https:\/\/hobstop.ee\/media\/3022.jpg","contentUrl":"https:\/\/hobstop.ee\/media\/3022.jpg","width":1024,"height":768},{"@type":"BreadcrumbList","@id":"https:\/\/hobstop.ee\/lt\/produktas\/porceliano-dazu-rinkinys-marabu-starter\/#breadcrumb","itemListElement":[{"@type":"ListItem","position":1,"name":"Avaleht","item":"https:\/\/hobstop.ee\/lt\/"},{"@type":"ListItem","position":2,"name":"Parduotuv\u0117","item":"https:\/\/hobstop.ee\/lt\/parduotuve\/"},{"@type":"ListItem","position":3,"name":"Porceliano da\u017e\u0173 rinkinys Marabu Starter"}]},{"@type":"WebSite","@id":"https:\/\/hobstop.ee\/lt\/#website","url":"https:\/\/hobstop.ee\/lt\/","name":"Skizze","description":"Dail\u0117s, pom\u0117gi\u0173 ir mokykliniai reikm\u0117nys","publisher":{"@id":"https:\/\/hobstop.ee\/lt\/#organization"},"potentialAction":[{"@type":"SearchAction","target":{"@type":"EntryPoint","urlTemplate":"https:\/\/hobstop.ee\/lt\/?s={search_term_string}"},"query-input":{"@type":"PropertyValueSpecification","valueRequired":true,"valueName":"search_term_string"}}],"inLanguage":"lt"},{"@type":"Organization","@id":"https:\/\/hobstop.ee\/lt\/#organization","name":"Vunder AS","url":"https:\/\/hobstop.ee\/lt\/","logo":{"@type":"ImageObject","inLanguage":"lt","@id":"https:\/\/hobstop.ee\/lt\/#\/schema\/logo\/image\/","url":"https:\/\/hobstop.ee\/media\/vunder-logo.png","contentUrl":"https:\/\/hobstop.ee\/media\/vunder-logo.png","width":127,"height":55,"caption":"Vunder AS"},"image":{"@id":"https:\/\/hobstop.ee\/lt\/#\/schema\/logo\/image\/"},"sameAs":["http:\/\/www.facebook.com\/VunderSkizze"]}]}},"_links":{"self":[{"href":"https:\/\/hobstop.ee\/lt\/wp-json\/wp\/v2\/product\/62089","targetHints":{"allow":["GET"]}}],"collection":[{"href":"https:\/\/hobstop.ee\/lt\/wp-json\/wp\/v2\/product"}],"about":[{"href":"https:\/\/hobstop.ee\/lt\/wp-json\/wp\/v2\/types\/product"}],"replies":[{"embeddable":true,"href":"https:\/\/hobstop.ee\/lt\/wp-json\/wp\/v2\/comments?post=62089"}],"wp:featuredmedia":[{"embeddable":true,"href":"https:\/\/hobstop.ee\/lt\/wp-json\/wp\/v2\/media\/105847"}],"wp:attachment":[{"href":"https:\/\/hobstop.ee\/lt\/wp-json\/wp\/v2\/media?parent=62089"}],"wp:term":[{"taxonomy":"product_cat","embeddable":true,"href":"https:\/\/hobstop.ee\/lt\/wp-json\/wp\/v2\/product_cat?post=62089"},{"taxonomy":"product_tag","embeddable":true,"href":"https:\/\/hobstop.ee\/lt\/wp-json\/wp\/v2\/product_tag?post=62089"}],"curies":[{"name":"wp","href":"https:\/\/api.w.org\/{rel}","templated":true}]}}