{"id":62139,"date":"2014-12-09T13:02:47","date_gmt":"2014-12-09T11:02:47","guid":{"rendered":"https:\/\/sharks.ee\/vunder_2019.klient.veebimajutus.ee\/?post_type=product&p=62139"},"modified":"2014-12-09T13:02:47","modified_gmt":"2014-12-09T10:02:47","slug":"auksavimo-klijai-charbonnel","status":"publish","type":"product","link":"https:\/\/hobstop.ee\/lt\/produktas\/auksavimo-klijai-charbonnel\/","title":{"rendered":"Auksavimo klijai Charbonnel"},"content":{"rendered":"<p>Auksavimo klijai \u201eCharbonnel\u201c yra pagaminti alyvos pagrindu ir tinka naudoti tiek pramon\u0117je, tiek ir didel\u0117s apimties restauravimo darbuose. Norint i\u0161gauti unikalias savybes, jie yra kaitinami u\u017edaroje talpoje, kelis kartus filtruojami ir dekantuojami. Tokiu b\u016bdu yra gaunamas auk\u0161tos kokyb\u0117s produktas, u\u017etikrinantis patikim\u0105 ir patvar\u0173 auksavim\u0105. Dvylikos valand\u0173 variantas yra patvaresnis nei trij\u0173 valand\u0173, o apdorotas pavir\u0161ius yra blizgesnis.<\/p>\n","protected":false},"excerpt":{"rendered":"<p>Auksavimo klijai \u201eCharbonnel\u201c yra pagaminti alyvos pagrindu ir tinka naudoti tiek pramon\u0117je, tiek ir didel\u0117s apimties restauravimo darbuose. Norint i\u0161gauti unikalias savybes, jie yra kaitinami u\u017edaroje talpoje, kelis kartus filtruojami ir dekantuojami. Tokiu b\u016bdu yra gaunamas auk\u0161tos kokyb\u0117s produktas, u\u017etikrinantis patikim\u0105 ir patvar\u0173 auksavim\u0105. Dvylikos valand\u0173 variantas yra patvaresnis nei trij\u0173 valand\u0173, o apdorotas pavir\u0161ius yra blizgesnis.<\/p>\n","protected":false},"featured_media":105947,"comment_status":"closed","ping_status":"closed","template":"","meta":{"_acf_changed":false,"ep_exclude_from_search":false},"product_cat":[18314,18589,16124],"product_tag":[],"class_list":{"0":"post-62139","1":"product","2":"type-product","3":"status-publish","4":"has-post-thumbnail","6":"product_cat-auksavimo-klijai-ir-gruntai","7":"product_cat-auksavimo-priemones","8":"product_cat-dailes-prekes","10":"first","11":"instock","12":"sale","13":"taxable","14":"shipping-taxable","15":"purchasable","16":"product-type-variable"},"acf":[],"yoast_head":"<!-- This site is optimized with the Yoast SEO plugin v24.1 - https:\/\/yoast.com\/wordpress\/plugins\/seo\/ -->\n<title>Auksavimo klijai Charbonnel &#8211; Skizze<\/title>\n<meta name=\"robots\" content=\"noindex, follow, max-snippet:-1, max-image-preview:large, max-video-preview:-1\" \/>\n<meta property=\"og:locale\" content=\"lt_LT\" \/>\n<meta property=\"og:type\" content=\"article\" \/>\n<meta property=\"og:title\" content=\"Auksavimo klijai Charbonnel &#8211; Skizze\" \/>\n<meta property=\"og:description\" content=\"Auksavimo klijai \u201eCharbonnel\u201c yra pagaminti alyvos pagrindu ir tinka naudoti tiek pramon\u0117je, tiek ir didel\u0117s apimties restauravimo darbuose. Norint i\u0161gauti unikalias savybes, jie yra kaitinami u\u017edaroje talpoje, kelis kartus filtruojami ir dekantuojami. Tokiu b\u016bdu yra gaunamas auk\u0161tos kokyb\u0117s produktas, u\u017etikrinantis patikim\u0105 ir patvar\u0173 auksavim\u0105. Dvylikos valand\u0173 variantas yra patvaresnis nei trij\u0173 valand\u0173, o apdorotas pavir\u0161ius yra blizgesnis.\" \/>\n<meta property=\"og:url\" content=\"https:\/\/hobstop.ee\/lt\/produktas\/auksavimo-klijai-charbonnel\/\" \/>\n<meta property=\"og:site_name\" content=\"Skizze\" \/>\n<meta property=\"article:publisher\" content=\"http:\/\/www.facebook.com\/VunderSkizze\" \/>\n<meta property=\"article:modified_time\" content=\"-0001-11-30T00:00:00+00:00\" \/>\n<meta property=\"og:image\" content=\"https:\/\/hobstop.ee\/media\/3075.jpg\" \/>\n\t<meta property=\"og:image:width\" content=\"1024\" \/>\n\t<meta property=\"og:image:height\" content=\"768\" \/>\n\t<meta property=\"og:image:type\" content=\"image\/jpeg\" \/>\n<meta name=\"twitter:card\" content=\"summary_large_image\" \/>\n<script type=\"application\/ld+json\" class=\"yoast-schema-graph\">{\"@context\":\"https:\/\/schema.org\",\"@graph\":[{\"@type\":\"WebPage\",\"@id\":\"https:\/\/hobstop.ee\/lt\/produktas\/auksavimo-klijai-charbonnel\/\",\"url\":\"https:\/\/hobstop.ee\/lt\/produktas\/auksavimo-klijai-charbonnel\/\",\"name\":\"Auksavimo klijai Charbonnel &#8211; Skizze\",\"isPartOf\":{\"@id\":\"https:\/\/hobstop.ee\/lt\/#website\"},\"primaryImageOfPage\":{\"@id\":\"https:\/\/hobstop.ee\/lt\/produktas\/auksavimo-klijai-charbonnel\/#primaryimage\"},\"image\":{\"@id\":\"https:\/\/hobstop.ee\/lt\/produktas\/auksavimo-klijai-charbonnel\/#primaryimage\"},\"thumbnailUrl\":\"https:\/\/hobstop.ee\/media\/3075.jpg\",\"datePublished\":\"2014-12-09T11:02:47+00:00\",\"dateModified\":\"-0001-11-30T00:00:00+00:00\",\"breadcrumb\":{\"@id\":\"https:\/\/hobstop.ee\/lt\/produktas\/auksavimo-klijai-charbonnel\/#breadcrumb\"},\"inLanguage\":\"lt\",\"potentialAction\":[{\"@type\":\"ReadAction\",\"target\":[\"https:\/\/hobstop.ee\/lt\/produktas\/auksavimo-klijai-charbonnel\/\"]}]},{\"@type\":\"ImageObject\",\"inLanguage\":\"lt\",\"@id\":\"https:\/\/hobstop.ee\/lt\/produktas\/auksavimo-klijai-charbonnel\/#primaryimage\",\"url\":\"https:\/\/hobstop.ee\/media\/3075.jpg\",\"contentUrl\":\"https:\/\/hobstop.ee\/media\/3075.jpg\",\"width\":1024,\"height\":768},{\"@type\":\"BreadcrumbList\",\"@id\":\"https:\/\/hobstop.ee\/lt\/produktas\/auksavimo-klijai-charbonnel\/#breadcrumb\",\"itemListElement\":[{\"@type\":\"ListItem\",\"position\":1,\"name\":\"Avaleht\",\"item\":\"https:\/\/hobstop.ee\/lt\/\"},{\"@type\":\"ListItem\",\"position\":2,\"name\":\"Parduotuv\u0117\",\"item\":\"https:\/\/hobstop.ee\/lt\/parduotuve\/\"},{\"@type\":\"ListItem\",\"position\":3,\"name\":\"Auksavimo klijai Charbonnel\"}]},{\"@type\":\"WebSite\",\"@id\":\"https:\/\/hobstop.ee\/lt\/#website\",\"url\":\"https:\/\/hobstop.ee\/lt\/\",\"name\":\"Skizze\",\"description\":\"Dail\u0117s, pom\u0117gi\u0173 ir mokykliniai reikm\u0117nys\",\"publisher\":{\"@id\":\"https:\/\/hobstop.ee\/lt\/#organization\"},\"potentialAction\":[{\"@type\":\"SearchAction\",\"target\":{\"@type\":\"EntryPoint\",\"urlTemplate\":\"https:\/\/hobstop.ee\/lt\/?s={search_term_string}\"},\"query-input\":{\"@type\":\"PropertyValueSpecification\",\"valueRequired\":true,\"valueName\":\"search_term_string\"}}],\"inLanguage\":\"lt\"},{\"@type\":\"Organization\",\"@id\":\"https:\/\/hobstop.ee\/lt\/#organization\",\"name\":\"Vunder AS\",\"url\":\"https:\/\/hobstop.ee\/lt\/\",\"logo\":{\"@type\":\"ImageObject\",\"inLanguage\":\"lt\",\"@id\":\"https:\/\/hobstop.ee\/lt\/#\/schema\/logo\/image\/\",\"url\":\"https:\/\/hobstop.ee\/media\/vunder-logo.png\",\"contentUrl\":\"https:\/\/hobstop.ee\/media\/vunder-logo.png\",\"width\":127,\"height\":55,\"caption\":\"Vunder AS\"},\"image\":{\"@id\":\"https:\/\/hobstop.ee\/lt\/#\/schema\/logo\/image\/\"},\"sameAs\":[\"http:\/\/www.facebook.com\/VunderSkizze\"]}]}<\/script>\n<!-- \/ Yoast SEO plugin. -->","yoast_head_json":{"title":"Auksavimo klijai Charbonnel &#8211; Skizze","robots":{"index":"noindex","follow":"follow","max-snippet":"max-snippet:-1","max-image-preview":"max-image-preview:large","max-video-preview":"max-video-preview:-1"},"og_locale":"lt_LT","og_type":"article","og_title":"Auksavimo klijai Charbonnel &#8211; Skizze","og_description":"Auksavimo klijai \u201eCharbonnel\u201c yra pagaminti alyvos pagrindu ir tinka naudoti tiek pramon\u0117je, tiek ir didel\u0117s apimties restauravimo darbuose. Norint i\u0161gauti unikalias savybes, jie yra kaitinami u\u017edaroje talpoje, kelis kartus filtruojami ir dekantuojami. Tokiu b\u016bdu yra gaunamas auk\u0161tos kokyb\u0117s produktas, u\u017etikrinantis patikim\u0105 ir patvar\u0173 auksavim\u0105. Dvylikos valand\u0173 variantas yra patvaresnis nei trij\u0173 valand\u0173, o apdorotas pavir\u0161ius yra blizgesnis.","og_url":"https:\/\/hobstop.ee\/lt\/produktas\/auksavimo-klijai-charbonnel\/","og_site_name":"Skizze","article_publisher":"http:\/\/www.facebook.com\/VunderSkizze","article_modified_time":"-0001-11-30T00:00:00+00:00","og_image":[{"width":1024,"height":768,"url":"https:\/\/hobstop.ee\/media\/3075.jpg","type":"image\/jpeg"}],"twitter_card":"summary_large_image","schema":{"@context":"https:\/\/schema.org","@graph":[{"@type":"WebPage","@id":"https:\/\/hobstop.ee\/lt\/produktas\/auksavimo-klijai-charbonnel\/","url":"https:\/\/hobstop.ee\/lt\/produktas\/auksavimo-klijai-charbonnel\/","name":"Auksavimo klijai Charbonnel &#8211; Skizze","isPartOf":{"@id":"https:\/\/hobstop.ee\/lt\/#website"},"primaryImageOfPage":{"@id":"https:\/\/hobstop.ee\/lt\/produktas\/auksavimo-klijai-charbonnel\/#primaryimage"},"image":{"@id":"https:\/\/hobstop.ee\/lt\/produktas\/auksavimo-klijai-charbonnel\/#primaryimage"},"thumbnailUrl":"https:\/\/hobstop.ee\/media\/3075.jpg","datePublished":"2014-12-09T11:02:47+00:00","dateModified":"-0001-11-30T00:00:00+00:00","breadcrumb":{"@id":"https:\/\/hobstop.ee\/lt\/produktas\/auksavimo-klijai-charbonnel\/#breadcrumb"},"inLanguage":"lt","potentialAction":[{"@type":"ReadAction","target":["https:\/\/hobstop.ee\/lt\/produktas\/auksavimo-klijai-charbonnel\/"]}]},{"@type":"ImageObject","inLanguage":"lt","@id":"https:\/\/hobstop.ee\/lt\/produktas\/auksavimo-klijai-charbonnel\/#primaryimage","url":"https:\/\/hobstop.ee\/media\/3075.jpg","contentUrl":"https:\/\/hobstop.ee\/media\/3075.jpg","width":1024,"height":768},{"@type":"BreadcrumbList","@id":"https:\/\/hobstop.ee\/lt\/produktas\/auksavimo-klijai-charbonnel\/#breadcrumb","itemListElement":[{"@type":"ListItem","position":1,"name":"Avaleht","item":"https:\/\/hobstop.ee\/lt\/"},{"@type":"ListItem","position":2,"name":"Parduotuv\u0117","item":"https:\/\/hobstop.ee\/lt\/parduotuve\/"},{"@type":"ListItem","position":3,"name":"Auksavimo klijai Charbonnel"}]},{"@type":"WebSite","@id":"https:\/\/hobstop.ee\/lt\/#website","url":"https:\/\/hobstop.ee\/lt\/","name":"Skizze","description":"Dail\u0117s, pom\u0117gi\u0173 ir mokykliniai reikm\u0117nys","publisher":{"@id":"https:\/\/hobstop.ee\/lt\/#organization"},"potentialAction":[{"@type":"SearchAction","target":{"@type":"EntryPoint","urlTemplate":"https:\/\/hobstop.ee\/lt\/?s={search_term_string}"},"query-input":{"@type":"PropertyValueSpecification","valueRequired":true,"valueName":"search_term_string"}}],"inLanguage":"lt"},{"@type":"Organization","@id":"https:\/\/hobstop.ee\/lt\/#organization","name":"Vunder AS","url":"https:\/\/hobstop.ee\/lt\/","logo":{"@type":"ImageObject","inLanguage":"lt","@id":"https:\/\/hobstop.ee\/lt\/#\/schema\/logo\/image\/","url":"https:\/\/hobstop.ee\/media\/vunder-logo.png","contentUrl":"https:\/\/hobstop.ee\/media\/vunder-logo.png","width":127,"height":55,"caption":"Vunder AS"},"image":{"@id":"https:\/\/hobstop.ee\/lt\/#\/schema\/logo\/image\/"},"sameAs":["http:\/\/www.facebook.com\/VunderSkizze"]}]}},"_links":{"self":[{"href":"https:\/\/hobstop.ee\/lt\/wp-json\/wp\/v2\/product\/62139","targetHints":{"allow":["GET"]}}],"collection":[{"href":"https:\/\/hobstop.ee\/lt\/wp-json\/wp\/v2\/product"}],"about":[{"href":"https:\/\/hobstop.ee\/lt\/wp-json\/wp\/v2\/types\/product"}],"replies":[{"embeddable":true,"href":"https:\/\/hobstop.ee\/lt\/wp-json\/wp\/v2\/comments?post=62139"}],"wp:featuredmedia":[{"embeddable":true,"href":"https:\/\/hobstop.ee\/lt\/wp-json\/wp\/v2\/media\/105947"}],"wp:attachment":[{"href":"https:\/\/hobstop.ee\/lt\/wp-json\/wp\/v2\/media?parent=62139"}],"wp:term":[{"taxonomy":"product_cat","embeddable":true,"href":"https:\/\/hobstop.ee\/lt\/wp-json\/wp\/v2\/product_cat?post=62139"},{"taxonomy":"product_tag","embeddable":true,"href":"https:\/\/hobstop.ee\/lt\/wp-json\/wp\/v2\/product_tag?post=62139"}],"curies":[{"name":"wp","href":"https:\/\/api.w.org\/{rel}","templated":true}]}}