{"id":62146,"date":"2014-12-09T13:02:49","date_gmt":"2014-12-09T11:02:49","guid":{"rendered":"https:\/\/sharks.ee\/vunder_2019.klient.veebimajutus.ee\/?post_type=product&p=62146"},"modified":"2014-12-09T13:02:49","modified_gmt":"2014-12-09T10:02:49","slug":"teptukas-raphael-hobbyloisirs-8101-apvalus","status":"publish","type":"product","link":"https:\/\/hobstop.ee\/lt\/produktas\/teptukas-raphael-hobbyloisirs-8101-apvalus\/","title":{"rendered":"Teptukas Raphael Hobby&#038;Loisirs 8101 apvalus"},"content":{"rendered":"<p>Dekoratyviniai teptukai \u201eHobby&#038;Loisirs\u201c 4&#215;4 \u2013 tinka visoms technikoms ir yra itin universal\u016bs. Sukurti \u201eRaphael\u201c laboratorijoje, su tikslu suteikti malonum\u0105 pradedantiesiems ir m\u0117g\u0117jams dailininkams. Juodi, pusiau stand\u016bs plaukeliai, aliuminio mova ir trumpu purpuriniu koteliu.<br \/>\nTapymo technika: universali (akrilas, akvarel\u0117, tekstil\u0117, \u0161ilkas ir t.t.)<br \/>\nNaudojimas: bendrojo pob\u016bd\u017eio<\/p>\n","protected":false},"excerpt":{"rendered":"<p>Dekoratyviniai teptukai \u201eHobby&#038;Loisirs\u201c 4&#215;4 \u2013 tinka visoms technikoms ir yra itin universal\u016bs. Sukurti \u201eRaphael\u201c laboratorijoje, su tikslu suteikti malonum\u0105 pradedantiesiems ir m\u0117g\u0117jams dailininkams. Juodi, pusiau stand\u016bs plaukeliai, aliuminio mova ir trumpu purpuriniu koteliu. Tapymo technika: universali (akrilas, akvarel\u0117, tekstil\u0117, \u0161ilkas ir t.t.) Naudojimas: bendrojo pob\u016bd\u017eio<\/p>\n","protected":false},"featured_media":105963,"comment_status":"closed","ping_status":"closed","template":"","meta":{"_acf_changed":false,"ep_exclude_from_search":false},"product_cat":[17919,14962,16177],"product_tag":[],"class_list":{"0":"post-62146","1":"product","2":"type-product","3":"status-publish","4":"has-post-thumbnail","6":"product_cat-pomegiu-prekes","7":"product_cat-harilikud-pliiatsid","8":"product_cat-teptukai","10":"first","11":"instock","12":"taxable","13":"shipping-taxable","14":"purchasable","15":"product-type-variable"},"acf":[],"yoast_head":"<!-- This site is optimized with the Yoast SEO plugin v24.1 - https:\/\/yoast.com\/wordpress\/plugins\/seo\/ -->\n<title>Teptukas Raphael Hobby&amp;Loisirs 8101 apvalus &#8211; Skizze<\/title>\n<meta name=\"robots\" content=\"noindex, follow, max-snippet:-1, max-image-preview:large, max-video-preview:-1\" \/>\n<meta property=\"og:locale\" content=\"lt_LT\" \/>\n<meta property=\"og:type\" content=\"article\" \/>\n<meta property=\"og:title\" content=\"Teptukas Raphael Hobby&amp;Loisirs 8101 apvalus &#8211; Skizze\" \/>\n<meta property=\"og:description\" content=\"Dekoratyviniai teptukai \u201eHobby&#038;Loisirs\u201c 4&#215;4 \u2013 tinka visoms technikoms ir yra itin universal\u016bs. Sukurti \u201eRaphael\u201c laboratorijoje, su tikslu suteikti malonum\u0105 pradedantiesiems ir m\u0117g\u0117jams dailininkams. Juodi, pusiau stand\u016bs plaukeliai, aliuminio mova ir trumpu purpuriniu koteliu. Tapymo technika: universali (akrilas, akvarel\u0117, tekstil\u0117, \u0161ilkas ir t.t.) Naudojimas: bendrojo pob\u016bd\u017eio\" \/>\n<meta property=\"og:url\" content=\"https:\/\/hobstop.ee\/lt\/produktas\/teptukas-raphael-hobbyloisirs-8101-apvalus\/\" \/>\n<meta property=\"og:site_name\" content=\"Skizze\" \/>\n<meta property=\"article:publisher\" content=\"http:\/\/www.facebook.com\/VunderSkizze\" \/>\n<meta property=\"article:modified_time\" content=\"-0001-11-30T00:00:00+00:00\" \/>\n<meta property=\"og:image\" content=\"https:\/\/hobstop.ee\/media\/3093.jpg\" \/>\n\t<meta property=\"og:image:width\" content=\"1024\" \/>\n\t<meta property=\"og:image:height\" content=\"768\" \/>\n\t<meta property=\"og:image:type\" content=\"image\/jpeg\" \/>\n<meta name=\"twitter:card\" content=\"summary_large_image\" \/>\n<script type=\"application\/ld+json\" class=\"yoast-schema-graph\">{\"@context\":\"https:\/\/schema.org\",\"@graph\":[{\"@type\":\"WebPage\",\"@id\":\"https:\/\/hobstop.ee\/lt\/produktas\/teptukas-raphael-hobbyloisirs-8101-apvalus\/\",\"url\":\"https:\/\/hobstop.ee\/lt\/produktas\/teptukas-raphael-hobbyloisirs-8101-apvalus\/\",\"name\":\"Teptukas Raphael Hobby&Loisirs 8101 apvalus &#8211; Skizze\",\"isPartOf\":{\"@id\":\"https:\/\/hobstop.ee\/lt\/#website\"},\"primaryImageOfPage\":{\"@id\":\"https:\/\/hobstop.ee\/lt\/produktas\/teptukas-raphael-hobbyloisirs-8101-apvalus\/#primaryimage\"},\"image\":{\"@id\":\"https:\/\/hobstop.ee\/lt\/produktas\/teptukas-raphael-hobbyloisirs-8101-apvalus\/#primaryimage\"},\"thumbnailUrl\":\"https:\/\/hobstop.ee\/media\/3093.jpg\",\"datePublished\":\"2014-12-09T11:02:49+00:00\",\"dateModified\":\"-0001-11-30T00:00:00+00:00\",\"breadcrumb\":{\"@id\":\"https:\/\/hobstop.ee\/lt\/produktas\/teptukas-raphael-hobbyloisirs-8101-apvalus\/#breadcrumb\"},\"inLanguage\":\"lt\",\"potentialAction\":[{\"@type\":\"ReadAction\",\"target\":[\"https:\/\/hobstop.ee\/lt\/produktas\/teptukas-raphael-hobbyloisirs-8101-apvalus\/\"]}]},{\"@type\":\"ImageObject\",\"inLanguage\":\"lt\",\"@id\":\"https:\/\/hobstop.ee\/lt\/produktas\/teptukas-raphael-hobbyloisirs-8101-apvalus\/#primaryimage\",\"url\":\"https:\/\/hobstop.ee\/media\/3093.jpg\",\"contentUrl\":\"https:\/\/hobstop.ee\/media\/3093.jpg\",\"width\":1024,\"height\":768},{\"@type\":\"BreadcrumbList\",\"@id\":\"https:\/\/hobstop.ee\/lt\/produktas\/teptukas-raphael-hobbyloisirs-8101-apvalus\/#breadcrumb\",\"itemListElement\":[{\"@type\":\"ListItem\",\"position\":1,\"name\":\"Avaleht\",\"item\":\"https:\/\/hobstop.ee\/lt\/\"},{\"@type\":\"ListItem\",\"position\":2,\"name\":\"Parduotuv\u0117\",\"item\":\"https:\/\/hobstop.ee\/lt\/parduotuve\/\"},{\"@type\":\"ListItem\",\"position\":3,\"name\":\"Teptukas Raphael Hobby&#038;Loisirs 8101 apvalus\"}]},{\"@type\":\"WebSite\",\"@id\":\"https:\/\/hobstop.ee\/lt\/#website\",\"url\":\"https:\/\/hobstop.ee\/lt\/\",\"name\":\"Skizze\",\"description\":\"Dail\u0117s, pom\u0117gi\u0173 ir mokykliniai reikm\u0117nys\",\"publisher\":{\"@id\":\"https:\/\/hobstop.ee\/lt\/#organization\"},\"potentialAction\":[{\"@type\":\"SearchAction\",\"target\":{\"@type\":\"EntryPoint\",\"urlTemplate\":\"https:\/\/hobstop.ee\/lt\/?s={search_term_string}\"},\"query-input\":{\"@type\":\"PropertyValueSpecification\",\"valueRequired\":true,\"valueName\":\"search_term_string\"}}],\"inLanguage\":\"lt\"},{\"@type\":\"Organization\",\"@id\":\"https:\/\/hobstop.ee\/lt\/#organization\",\"name\":\"Vunder AS\",\"url\":\"https:\/\/hobstop.ee\/lt\/\",\"logo\":{\"@type\":\"ImageObject\",\"inLanguage\":\"lt\",\"@id\":\"https:\/\/hobstop.ee\/lt\/#\/schema\/logo\/image\/\",\"url\":\"https:\/\/hobstop.ee\/media\/vunder-logo.png\",\"contentUrl\":\"https:\/\/hobstop.ee\/media\/vunder-logo.png\",\"width\":127,\"height\":55,\"caption\":\"Vunder AS\"},\"image\":{\"@id\":\"https:\/\/hobstop.ee\/lt\/#\/schema\/logo\/image\/\"},\"sameAs\":[\"http:\/\/www.facebook.com\/VunderSkizze\"]}]}<\/script>\n<!-- \/ Yoast SEO plugin. -->","yoast_head_json":{"title":"Teptukas Raphael Hobby&Loisirs 8101 apvalus &#8211; Skizze","robots":{"index":"noindex","follow":"follow","max-snippet":"max-snippet:-1","max-image-preview":"max-image-preview:large","max-video-preview":"max-video-preview:-1"},"og_locale":"lt_LT","og_type":"article","og_title":"Teptukas Raphael Hobby&Loisirs 8101 apvalus &#8211; Skizze","og_description":"Dekoratyviniai teptukai \u201eHobby&#038;Loisirs\u201c 4&#215;4 \u2013 tinka visoms technikoms ir yra itin universal\u016bs. Sukurti \u201eRaphael\u201c laboratorijoje, su tikslu suteikti malonum\u0105 pradedantiesiems ir m\u0117g\u0117jams dailininkams. Juodi, pusiau stand\u016bs plaukeliai, aliuminio mova ir trumpu purpuriniu koteliu. Tapymo technika: universali (akrilas, akvarel\u0117, tekstil\u0117, \u0161ilkas ir t.t.) Naudojimas: bendrojo pob\u016bd\u017eio","og_url":"https:\/\/hobstop.ee\/lt\/produktas\/teptukas-raphael-hobbyloisirs-8101-apvalus\/","og_site_name":"Skizze","article_publisher":"http:\/\/www.facebook.com\/VunderSkizze","article_modified_time":"-0001-11-30T00:00:00+00:00","og_image":[{"width":1024,"height":768,"url":"https:\/\/hobstop.ee\/media\/3093.jpg","type":"image\/jpeg"}],"twitter_card":"summary_large_image","schema":{"@context":"https:\/\/schema.org","@graph":[{"@type":"WebPage","@id":"https:\/\/hobstop.ee\/lt\/produktas\/teptukas-raphael-hobbyloisirs-8101-apvalus\/","url":"https:\/\/hobstop.ee\/lt\/produktas\/teptukas-raphael-hobbyloisirs-8101-apvalus\/","name":"Teptukas Raphael Hobby&Loisirs 8101 apvalus &#8211; Skizze","isPartOf":{"@id":"https:\/\/hobstop.ee\/lt\/#website"},"primaryImageOfPage":{"@id":"https:\/\/hobstop.ee\/lt\/produktas\/teptukas-raphael-hobbyloisirs-8101-apvalus\/#primaryimage"},"image":{"@id":"https:\/\/hobstop.ee\/lt\/produktas\/teptukas-raphael-hobbyloisirs-8101-apvalus\/#primaryimage"},"thumbnailUrl":"https:\/\/hobstop.ee\/media\/3093.jpg","datePublished":"2014-12-09T11:02:49+00:00","dateModified":"-0001-11-30T00:00:00+00:00","breadcrumb":{"@id":"https:\/\/hobstop.ee\/lt\/produktas\/teptukas-raphael-hobbyloisirs-8101-apvalus\/#breadcrumb"},"inLanguage":"lt","potentialAction":[{"@type":"ReadAction","target":["https:\/\/hobstop.ee\/lt\/produktas\/teptukas-raphael-hobbyloisirs-8101-apvalus\/"]}]},{"@type":"ImageObject","inLanguage":"lt","@id":"https:\/\/hobstop.ee\/lt\/produktas\/teptukas-raphael-hobbyloisirs-8101-apvalus\/#primaryimage","url":"https:\/\/hobstop.ee\/media\/3093.jpg","contentUrl":"https:\/\/hobstop.ee\/media\/3093.jpg","width":1024,"height":768},{"@type":"BreadcrumbList","@id":"https:\/\/hobstop.ee\/lt\/produktas\/teptukas-raphael-hobbyloisirs-8101-apvalus\/#breadcrumb","itemListElement":[{"@type":"ListItem","position":1,"name":"Avaleht","item":"https:\/\/hobstop.ee\/lt\/"},{"@type":"ListItem","position":2,"name":"Parduotuv\u0117","item":"https:\/\/hobstop.ee\/lt\/parduotuve\/"},{"@type":"ListItem","position":3,"name":"Teptukas Raphael Hobby&#038;Loisirs 8101 apvalus"}]},{"@type":"WebSite","@id":"https:\/\/hobstop.ee\/lt\/#website","url":"https:\/\/hobstop.ee\/lt\/","name":"Skizze","description":"Dail\u0117s, pom\u0117gi\u0173 ir mokykliniai reikm\u0117nys","publisher":{"@id":"https:\/\/hobstop.ee\/lt\/#organization"},"potentialAction":[{"@type":"SearchAction","target":{"@type":"EntryPoint","urlTemplate":"https:\/\/hobstop.ee\/lt\/?s={search_term_string}"},"query-input":{"@type":"PropertyValueSpecification","valueRequired":true,"valueName":"search_term_string"}}],"inLanguage":"lt"},{"@type":"Organization","@id":"https:\/\/hobstop.ee\/lt\/#organization","name":"Vunder AS","url":"https:\/\/hobstop.ee\/lt\/","logo":{"@type":"ImageObject","inLanguage":"lt","@id":"https:\/\/hobstop.ee\/lt\/#\/schema\/logo\/image\/","url":"https:\/\/hobstop.ee\/media\/vunder-logo.png","contentUrl":"https:\/\/hobstop.ee\/media\/vunder-logo.png","width":127,"height":55,"caption":"Vunder AS"},"image":{"@id":"https:\/\/hobstop.ee\/lt\/#\/schema\/logo\/image\/"},"sameAs":["http:\/\/www.facebook.com\/VunderSkizze"]}]}},"_links":{"self":[{"href":"https:\/\/hobstop.ee\/lt\/wp-json\/wp\/v2\/product\/62146","targetHints":{"allow":["GET"]}}],"collection":[{"href":"https:\/\/hobstop.ee\/lt\/wp-json\/wp\/v2\/product"}],"about":[{"href":"https:\/\/hobstop.ee\/lt\/wp-json\/wp\/v2\/types\/product"}],"replies":[{"embeddable":true,"href":"https:\/\/hobstop.ee\/lt\/wp-json\/wp\/v2\/comments?post=62146"}],"wp:featuredmedia":[{"embeddable":true,"href":"https:\/\/hobstop.ee\/lt\/wp-json\/wp\/v2\/media\/105963"}],"wp:attachment":[{"href":"https:\/\/hobstop.ee\/lt\/wp-json\/wp\/v2\/media?parent=62146"}],"wp:term":[{"taxonomy":"product_cat","embeddable":true,"href":"https:\/\/hobstop.ee\/lt\/wp-json\/wp\/v2\/product_cat?post=62146"},{"taxonomy":"product_tag","embeddable":true,"href":"https:\/\/hobstop.ee\/lt\/wp-json\/wp\/v2\/product_tag?post=62146"}],"curies":[{"name":"wp","href":"https:\/\/api.w.org\/{rel}","templated":true}]}}