{"id":62155,"date":"2014-12-09T13:02:51","date_gmt":"2014-12-09T11:02:51","guid":{"rendered":"https:\/\/sharks.ee\/vunder_2019.klient.veebimajutus.ee\/?post_type=product&p=62155"},"modified":"2014-12-09T13:02:51","modified_gmt":"2014-12-09T10:02:51","slug":"konturinis-lipdukas-lotte","status":"publish","type":"product","link":"https:\/\/hobstop.ee\/lt\/produktas\/konturinis-lipdukas-lotte\/","title":{"rendered":"Kont\u016brinis lipdukas Lotte"},"content":{"rendered":"<p>\u201ePeel-Off&#8217;s\u201c kont\u016briniai lipdukai su linksma ir smalsia kalyte Lotte, kurie tinka \u012fvairioms med\u017eiagoms \u2013 popieriui, stiklui, tekstilei ir plastikui. Jais galima dekoruoti veidrod\u017eius, \u017evakes, indus, atvirukus ir kitus daiktus. Lipdukais dekoruotus indus galima naudoti mikrobangin\u0117je krosnel\u0117je ir plauti indaplov\u0117je.<\/p>\n","protected":false},"excerpt":{"rendered":"<p>\u201ePeel-Off&#8217;s\u201c kont\u016briniai lipdukai su linksma ir smalsia kalyte Lotte, kurie tinka \u012fvairioms med\u017eiagoms \u2013 popieriui, stiklui, tekstilei ir plastikui. Jais galima dekoruoti veidrod\u017eius, \u017evakes, indus, atvirukus ir kitus daiktus. Lipdukais dekoruotus indus galima naudoti mikrobangin\u0117je krosnel\u0117je ir plauti indaplov\u0117je.<\/p>\n","protected":false},"featured_media":147886,"comment_status":"closed","ping_status":"closed","template":"","meta":{"_acf_changed":false,"ep_exclude_from_search":false},"product_cat":[17969,14890,17919],"product_tag":[],"class_list":{"0":"post-62155","1":"product","2":"type-product","3":"status-publish","4":"has-post-thumbnail","6":"product_cat-kitos-prekes","7":"product_cat-kangavarvid","8":"product_cat-pomegiu-prekes","9":"pa_kma-7316","11":"first","12":"instock","13":"taxable","14":"shipping-taxable","15":"purchasable","16":"product-type-variable"},"acf":[],"yoast_head":"<!-- This site is optimized with the Yoast SEO plugin v24.1 - https:\/\/yoast.com\/wordpress\/plugins\/seo\/ -->\n<title>Kont\u016brinis lipdukas Lotte &#8211; Skizze<\/title>\n<meta name=\"robots\" content=\"noindex, follow, max-snippet:-1, max-image-preview:large, max-video-preview:-1\" \/>\n<meta property=\"og:locale\" content=\"lt_LT\" \/>\n<meta property=\"og:type\" content=\"article\" \/>\n<meta property=\"og:title\" content=\"Kont\u016brinis lipdukas Lotte &#8211; Skizze\" \/>\n<meta property=\"og:description\" content=\"\u201ePeel-Off&#8217;s\u201c kont\u016briniai lipdukai su linksma ir smalsia kalyte Lotte, kurie tinka \u012fvairioms med\u017eiagoms \u2013 popieriui, stiklui, tekstilei ir plastikui. Jais galima dekoruoti veidrod\u017eius, \u017evakes, indus, atvirukus ir kitus daiktus. Lipdukais dekoruotus indus galima naudoti mikrobangin\u0117je krosnel\u0117je ir plauti indaplov\u0117je.\" \/>\n<meta property=\"og:url\" content=\"https:\/\/hobstop.ee\/lt\/produktas\/konturinis-lipdukas-lotte\/\" \/>\n<meta property=\"og:site_name\" content=\"Skizze\" \/>\n<meta property=\"article:publisher\" content=\"http:\/\/www.facebook.com\/VunderSkizze\" \/>\n<meta property=\"og:image\" content=\"https:\/\/www.hobstop.ee\/media\/3099.jpg\" \/>\n\t<meta property=\"og:image:width\" content=\"900\" \/>\n\t<meta property=\"og:image:height\" content=\"600\" \/>\n\t<meta property=\"og:image:type\" content=\"image\/jpeg\" \/>\n<meta name=\"twitter:card\" content=\"summary_large_image\" \/>\n<script type=\"application\/ld+json\" class=\"yoast-schema-graph\">{\"@context\":\"https:\/\/schema.org\",\"@graph\":[{\"@type\":\"WebPage\",\"@id\":\"https:\/\/hobstop.ee\/lt\/produktas\/konturinis-lipdukas-lotte\/\",\"url\":\"https:\/\/hobstop.ee\/lt\/produktas\/konturinis-lipdukas-lotte\/\",\"name\":\"Kont\u016brinis lipdukas Lotte &#8211; Skizze\",\"isPartOf\":{\"@id\":\"https:\/\/hobstop.ee\/lt\/#website\"},\"primaryImageOfPage\":{\"@id\":\"https:\/\/hobstop.ee\/lt\/produktas\/konturinis-lipdukas-lotte\/#primaryimage\"},\"image\":{\"@id\":\"https:\/\/hobstop.ee\/lt\/produktas\/konturinis-lipdukas-lotte\/#primaryimage\"},\"thumbnailUrl\":\"https:\/\/hobstop.ee\/media\/3099.jpg\",\"datePublished\":\"-0001-11-30T00:00:00+00:00\",\"dateModified\":\"-0001-11-30T00:00:00+00:00\",\"breadcrumb\":{\"@id\":\"https:\/\/hobstop.ee\/lt\/produktas\/konturinis-lipdukas-lotte\/#breadcrumb\"},\"inLanguage\":\"lt\",\"potentialAction\":[{\"@type\":\"ReadAction\",\"target\":[\"https:\/\/hobstop.ee\/lt\/produktas\/konturinis-lipdukas-lotte\/\"]}]},{\"@type\":\"ImageObject\",\"inLanguage\":\"lt\",\"@id\":\"https:\/\/hobstop.ee\/lt\/produktas\/konturinis-lipdukas-lotte\/#primaryimage\",\"url\":\"https:\/\/hobstop.ee\/media\/3099.jpg\",\"contentUrl\":\"https:\/\/hobstop.ee\/media\/3099.jpg\",\"width\":900,\"height\":600},{\"@type\":\"BreadcrumbList\",\"@id\":\"https:\/\/hobstop.ee\/lt\/produktas\/konturinis-lipdukas-lotte\/#breadcrumb\",\"itemListElement\":[{\"@type\":\"ListItem\",\"position\":1,\"name\":\"Avaleht\",\"item\":\"https:\/\/hobstop.ee\/lt\/\"},{\"@type\":\"ListItem\",\"position\":2,\"name\":\"Parduotuv\u0117\",\"item\":\"https:\/\/hobstop.ee\/lt\/parduotuve\/\"},{\"@type\":\"ListItem\",\"position\":3,\"name\":\"Kont\u016brinis lipdukas Lotte\"}]},{\"@type\":\"WebSite\",\"@id\":\"https:\/\/hobstop.ee\/lt\/#website\",\"url\":\"https:\/\/hobstop.ee\/lt\/\",\"name\":\"Skizze\",\"description\":\"Dail\u0117s, pom\u0117gi\u0173 ir mokykliniai reikm\u0117nys\",\"publisher\":{\"@id\":\"https:\/\/hobstop.ee\/lt\/#organization\"},\"potentialAction\":[{\"@type\":\"SearchAction\",\"target\":{\"@type\":\"EntryPoint\",\"urlTemplate\":\"https:\/\/hobstop.ee\/lt\/?s={search_term_string}\"},\"query-input\":{\"@type\":\"PropertyValueSpecification\",\"valueRequired\":true,\"valueName\":\"search_term_string\"}}],\"inLanguage\":\"lt\"},{\"@type\":\"Organization\",\"@id\":\"https:\/\/hobstop.ee\/lt\/#organization\",\"name\":\"Vunder AS\",\"url\":\"https:\/\/hobstop.ee\/lt\/\",\"logo\":{\"@type\":\"ImageObject\",\"inLanguage\":\"lt\",\"@id\":\"https:\/\/hobstop.ee\/lt\/#\/schema\/logo\/image\/\",\"url\":\"https:\/\/hobstop.ee\/media\/vunder-logo.png\",\"contentUrl\":\"https:\/\/hobstop.ee\/media\/vunder-logo.png\",\"width\":127,\"height\":55,\"caption\":\"Vunder AS\"},\"image\":{\"@id\":\"https:\/\/hobstop.ee\/lt\/#\/schema\/logo\/image\/\"},\"sameAs\":[\"http:\/\/www.facebook.com\/VunderSkizze\"]}]}<\/script>\n<!-- \/ Yoast SEO plugin. -->","yoast_head_json":{"title":"Kont\u016brinis lipdukas Lotte &#8211; Skizze","robots":{"index":"noindex","follow":"follow","max-snippet":"max-snippet:-1","max-image-preview":"max-image-preview:large","max-video-preview":"max-video-preview:-1"},"og_locale":"lt_LT","og_type":"article","og_title":"Kont\u016brinis lipdukas Lotte &#8211; Skizze","og_description":"\u201ePeel-Off&#8217;s\u201c kont\u016briniai lipdukai su linksma ir smalsia kalyte Lotte, kurie tinka \u012fvairioms med\u017eiagoms \u2013 popieriui, stiklui, tekstilei ir plastikui. Jais galima dekoruoti veidrod\u017eius, \u017evakes, indus, atvirukus ir kitus daiktus. Lipdukais dekoruotus indus galima naudoti mikrobangin\u0117je krosnel\u0117je ir plauti indaplov\u0117je.","og_url":"https:\/\/hobstop.ee\/lt\/produktas\/konturinis-lipdukas-lotte\/","og_site_name":"Skizze","article_publisher":"http:\/\/www.facebook.com\/VunderSkizze","og_image":[{"width":900,"height":600,"url":"https:\/\/www.hobstop.ee\/media\/3099.jpg","type":"image\/jpeg"}],"twitter_card":"summary_large_image","schema":{"@context":"https:\/\/schema.org","@graph":[{"@type":"WebPage","@id":"https:\/\/hobstop.ee\/lt\/produktas\/konturinis-lipdukas-lotte\/","url":"https:\/\/hobstop.ee\/lt\/produktas\/konturinis-lipdukas-lotte\/","name":"Kont\u016brinis lipdukas Lotte &#8211; Skizze","isPartOf":{"@id":"https:\/\/hobstop.ee\/lt\/#website"},"primaryImageOfPage":{"@id":"https:\/\/hobstop.ee\/lt\/produktas\/konturinis-lipdukas-lotte\/#primaryimage"},"image":{"@id":"https:\/\/hobstop.ee\/lt\/produktas\/konturinis-lipdukas-lotte\/#primaryimage"},"thumbnailUrl":"https:\/\/hobstop.ee\/media\/3099.jpg","datePublished":"-0001-11-30T00:00:00+00:00","dateModified":"-0001-11-30T00:00:00+00:00","breadcrumb":{"@id":"https:\/\/hobstop.ee\/lt\/produktas\/konturinis-lipdukas-lotte\/#breadcrumb"},"inLanguage":"lt","potentialAction":[{"@type":"ReadAction","target":["https:\/\/hobstop.ee\/lt\/produktas\/konturinis-lipdukas-lotte\/"]}]},{"@type":"ImageObject","inLanguage":"lt","@id":"https:\/\/hobstop.ee\/lt\/produktas\/konturinis-lipdukas-lotte\/#primaryimage","url":"https:\/\/hobstop.ee\/media\/3099.jpg","contentUrl":"https:\/\/hobstop.ee\/media\/3099.jpg","width":900,"height":600},{"@type":"BreadcrumbList","@id":"https:\/\/hobstop.ee\/lt\/produktas\/konturinis-lipdukas-lotte\/#breadcrumb","itemListElement":[{"@type":"ListItem","position":1,"name":"Avaleht","item":"https:\/\/hobstop.ee\/lt\/"},{"@type":"ListItem","position":2,"name":"Parduotuv\u0117","item":"https:\/\/hobstop.ee\/lt\/parduotuve\/"},{"@type":"ListItem","position":3,"name":"Kont\u016brinis lipdukas Lotte"}]},{"@type":"WebSite","@id":"https:\/\/hobstop.ee\/lt\/#website","url":"https:\/\/hobstop.ee\/lt\/","name":"Skizze","description":"Dail\u0117s, pom\u0117gi\u0173 ir mokykliniai reikm\u0117nys","publisher":{"@id":"https:\/\/hobstop.ee\/lt\/#organization"},"potentialAction":[{"@type":"SearchAction","target":{"@type":"EntryPoint","urlTemplate":"https:\/\/hobstop.ee\/lt\/?s={search_term_string}"},"query-input":{"@type":"PropertyValueSpecification","valueRequired":true,"valueName":"search_term_string"}}],"inLanguage":"lt"},{"@type":"Organization","@id":"https:\/\/hobstop.ee\/lt\/#organization","name":"Vunder AS","url":"https:\/\/hobstop.ee\/lt\/","logo":{"@type":"ImageObject","inLanguage":"lt","@id":"https:\/\/hobstop.ee\/lt\/#\/schema\/logo\/image\/","url":"https:\/\/hobstop.ee\/media\/vunder-logo.png","contentUrl":"https:\/\/hobstop.ee\/media\/vunder-logo.png","width":127,"height":55,"caption":"Vunder AS"},"image":{"@id":"https:\/\/hobstop.ee\/lt\/#\/schema\/logo\/image\/"},"sameAs":["http:\/\/www.facebook.com\/VunderSkizze"]}]}},"_links":{"self":[{"href":"https:\/\/hobstop.ee\/lt\/wp-json\/wp\/v2\/product\/62155","targetHints":{"allow":["GET"]}}],"collection":[{"href":"https:\/\/hobstop.ee\/lt\/wp-json\/wp\/v2\/product"}],"about":[{"href":"https:\/\/hobstop.ee\/lt\/wp-json\/wp\/v2\/types\/product"}],"replies":[{"embeddable":true,"href":"https:\/\/hobstop.ee\/lt\/wp-json\/wp\/v2\/comments?post=62155"}],"wp:featuredmedia":[{"embeddable":true,"href":"https:\/\/hobstop.ee\/lt\/wp-json\/wp\/v2\/media\/147886"}],"wp:attachment":[{"href":"https:\/\/hobstop.ee\/lt\/wp-json\/wp\/v2\/media?parent=62155"}],"wp:term":[{"taxonomy":"product_cat","embeddable":true,"href":"https:\/\/hobstop.ee\/lt\/wp-json\/wp\/v2\/product_cat?post=62155"},{"taxonomy":"product_tag","embeddable":true,"href":"https:\/\/hobstop.ee\/lt\/wp-json\/wp\/v2\/product_tag?post=62155"}],"curies":[{"name":"wp","href":"https:\/\/api.w.org\/{rel}","templated":true}]}}