{"id":62225,"date":"2014-12-09T13:03:11","date_gmt":"2014-12-09T11:03:11","guid":{"rendered":"https:\/\/sharks.ee\/vunder_2019.klient.veebimajutus.ee\/?post_type=product&p=62225"},"modified":"2014-12-09T13:03:11","modified_gmt":"2014-12-09T10:03:11","slug":"akvarelinis-piestukas-maped-colorpeps-aqua","status":"publish","type":"product","link":"https:\/\/hobstop.ee\/lt\/produktas\/akvarelinis-piestukas-maped-colorpeps-aqua\/","title":{"rendered":"Akvarelinis pie\u0161tukas Maped Color&#8217;Peps Aqua"},"content":{"rendered":"<p>Liejami spalvoti pie\u0161tukai labai pagyvins J\u016bs\u0173 pie\u0161inius. Tiesiog u\u017etepkite, sudr\u0117kinkite ir pie\u0161kite! Lengvai suimamas ergonomi\u0161kas, trikamp\u0117s formos kotelis. Mink\u0161tas ir patvarus i\u0161 medienos pagamintas akvarelinis prie\u0161tukas (2.9mm skersmens), lengvai dro\u017eiamas ir neskylantis.<\/p>\n","protected":false},"excerpt":{"rendered":"<p>Liejami spalvoti pie\u0161tukai labai pagyvins J\u016bs\u0173 pie\u0161inius. Tiesiog u\u017etepkite, sudr\u0117kinkite ir pie\u0161kite! Lengvai suimamas ergonomi\u0161kas, trikamp\u0117s formos kotelis. Mink\u0161tas ir patvarus i\u0161 medienos pagamintas akvarelinis prie\u0161tukas (2.9mm skersmens), lengvai dro\u017eiamas ir neskylantis.<\/p>\n","protected":false},"featured_media":106115,"comment_status":"closed","ping_status":"closed","template":"","meta":{"_acf_changed":false,"ep_exclude_from_search":false},"product_cat":[18126,235,18634],"product_tag":[],"class_list":{"0":"post-62225","1":"product","2":"type-product","3":"status-publish","4":"has-post-thumbnail","6":"product_cat-akvareliai-piestukai","7":"product_cat-mokyklines-prekes","8":"product_cat-piesimo-reikmenys-2","10":"first","11":"instock","12":"taxable","13":"shipping-taxable","14":"purchasable","15":"product-type-variable"},"acf":[],"yoast_head":"<!-- This site is optimized with the Yoast SEO plugin v24.1 - https:\/\/yoast.com\/wordpress\/plugins\/seo\/ -->\n<title>Akvarelinis pie\u0161tukas Maped Color&#039;Peps Aqua &#8211; Skizze<\/title>\n<meta name=\"robots\" content=\"noindex, follow, max-snippet:-1, max-image-preview:large, max-video-preview:-1\" \/>\n<meta property=\"og:locale\" content=\"lt_LT\" \/>\n<meta property=\"og:type\" content=\"article\" \/>\n<meta property=\"og:title\" content=\"Akvarelinis pie\u0161tukas Maped Color&#039;Peps Aqua &#8211; Skizze\" \/>\n<meta property=\"og:description\" content=\"Liejami spalvoti pie\u0161tukai labai pagyvins J\u016bs\u0173 pie\u0161inius. Tiesiog u\u017etepkite, sudr\u0117kinkite ir pie\u0161kite! Lengvai suimamas ergonomi\u0161kas, trikamp\u0117s formos kotelis. Mink\u0161tas ir patvarus i\u0161 medienos pagamintas akvarelinis prie\u0161tukas (2.9mm skersmens), lengvai dro\u017eiamas ir neskylantis.\" \/>\n<meta property=\"og:url\" content=\"https:\/\/hobstop.ee\/lt\/produktas\/akvarelinis-piestukas-maped-colorpeps-aqua\/\" \/>\n<meta property=\"og:site_name\" content=\"Skizze\" \/>\n<meta property=\"article:publisher\" content=\"http:\/\/www.facebook.com\/VunderSkizze\" \/>\n<meta property=\"article:modified_time\" content=\"-0001-11-30T00:00:00+00:00\" \/>\n<meta property=\"og:image\" content=\"https:\/\/hobstop.ee\/media\/3148.jpg\" \/>\n\t<meta property=\"og:image:width\" content=\"1024\" \/>\n\t<meta property=\"og:image:height\" content=\"768\" \/>\n\t<meta property=\"og:image:type\" content=\"image\/jpeg\" \/>\n<meta name=\"twitter:card\" content=\"summary_large_image\" \/>\n<script type=\"application\/ld+json\" class=\"yoast-schema-graph\">{\"@context\":\"https:\/\/schema.org\",\"@graph\":[{\"@type\":\"WebPage\",\"@id\":\"https:\/\/hobstop.ee\/lt\/produktas\/akvarelinis-piestukas-maped-colorpeps-aqua\/\",\"url\":\"https:\/\/hobstop.ee\/lt\/produktas\/akvarelinis-piestukas-maped-colorpeps-aqua\/\",\"name\":\"Akvarelinis pie\u0161tukas Maped Color'Peps Aqua &#8211; Skizze\",\"isPartOf\":{\"@id\":\"https:\/\/hobstop.ee\/lt\/#website\"},\"primaryImageOfPage\":{\"@id\":\"https:\/\/hobstop.ee\/lt\/produktas\/akvarelinis-piestukas-maped-colorpeps-aqua\/#primaryimage\"},\"image\":{\"@id\":\"https:\/\/hobstop.ee\/lt\/produktas\/akvarelinis-piestukas-maped-colorpeps-aqua\/#primaryimage\"},\"thumbnailUrl\":\"https:\/\/hobstop.ee\/media\/3148.jpg\",\"datePublished\":\"2014-12-09T11:03:11+00:00\",\"dateModified\":\"-0001-11-30T00:00:00+00:00\",\"breadcrumb\":{\"@id\":\"https:\/\/hobstop.ee\/lt\/produktas\/akvarelinis-piestukas-maped-colorpeps-aqua\/#breadcrumb\"},\"inLanguage\":\"lt\",\"potentialAction\":[{\"@type\":\"ReadAction\",\"target\":[\"https:\/\/hobstop.ee\/lt\/produktas\/akvarelinis-piestukas-maped-colorpeps-aqua\/\"]}]},{\"@type\":\"ImageObject\",\"inLanguage\":\"lt\",\"@id\":\"https:\/\/hobstop.ee\/lt\/produktas\/akvarelinis-piestukas-maped-colorpeps-aqua\/#primaryimage\",\"url\":\"https:\/\/hobstop.ee\/media\/3148.jpg\",\"contentUrl\":\"https:\/\/hobstop.ee\/media\/3148.jpg\",\"width\":1024,\"height\":768},{\"@type\":\"BreadcrumbList\",\"@id\":\"https:\/\/hobstop.ee\/lt\/produktas\/akvarelinis-piestukas-maped-colorpeps-aqua\/#breadcrumb\",\"itemListElement\":[{\"@type\":\"ListItem\",\"position\":1,\"name\":\"Avaleht\",\"item\":\"https:\/\/hobstop.ee\/lt\/\"},{\"@type\":\"ListItem\",\"position\":2,\"name\":\"Parduotuv\u0117\",\"item\":\"https:\/\/hobstop.ee\/lt\/parduotuve\/\"},{\"@type\":\"ListItem\",\"position\":3,\"name\":\"Akvarelinis pie\u0161tukas Maped Color&#8217;Peps Aqua\"}]},{\"@type\":\"WebSite\",\"@id\":\"https:\/\/hobstop.ee\/lt\/#website\",\"url\":\"https:\/\/hobstop.ee\/lt\/\",\"name\":\"Skizze\",\"description\":\"Dail\u0117s, pom\u0117gi\u0173 ir mokykliniai reikm\u0117nys\",\"publisher\":{\"@id\":\"https:\/\/hobstop.ee\/lt\/#organization\"},\"potentialAction\":[{\"@type\":\"SearchAction\",\"target\":{\"@type\":\"EntryPoint\",\"urlTemplate\":\"https:\/\/hobstop.ee\/lt\/?s={search_term_string}\"},\"query-input\":{\"@type\":\"PropertyValueSpecification\",\"valueRequired\":true,\"valueName\":\"search_term_string\"}}],\"inLanguage\":\"lt\"},{\"@type\":\"Organization\",\"@id\":\"https:\/\/hobstop.ee\/lt\/#organization\",\"name\":\"Vunder AS\",\"url\":\"https:\/\/hobstop.ee\/lt\/\",\"logo\":{\"@type\":\"ImageObject\",\"inLanguage\":\"lt\",\"@id\":\"https:\/\/hobstop.ee\/lt\/#\/schema\/logo\/image\/\",\"url\":\"https:\/\/hobstop.ee\/media\/vunder-logo.png\",\"contentUrl\":\"https:\/\/hobstop.ee\/media\/vunder-logo.png\",\"width\":127,\"height\":55,\"caption\":\"Vunder AS\"},\"image\":{\"@id\":\"https:\/\/hobstop.ee\/lt\/#\/schema\/logo\/image\/\"},\"sameAs\":[\"http:\/\/www.facebook.com\/VunderSkizze\"]}]}<\/script>\n<!-- \/ Yoast SEO plugin. -->","yoast_head_json":{"title":"Akvarelinis pie\u0161tukas Maped Color'Peps Aqua &#8211; Skizze","robots":{"index":"noindex","follow":"follow","max-snippet":"max-snippet:-1","max-image-preview":"max-image-preview:large","max-video-preview":"max-video-preview:-1"},"og_locale":"lt_LT","og_type":"article","og_title":"Akvarelinis pie\u0161tukas Maped Color'Peps Aqua &#8211; Skizze","og_description":"Liejami spalvoti pie\u0161tukai labai pagyvins J\u016bs\u0173 pie\u0161inius. Tiesiog u\u017etepkite, sudr\u0117kinkite ir pie\u0161kite! Lengvai suimamas ergonomi\u0161kas, trikamp\u0117s formos kotelis. Mink\u0161tas ir patvarus i\u0161 medienos pagamintas akvarelinis prie\u0161tukas (2.9mm skersmens), lengvai dro\u017eiamas ir neskylantis.","og_url":"https:\/\/hobstop.ee\/lt\/produktas\/akvarelinis-piestukas-maped-colorpeps-aqua\/","og_site_name":"Skizze","article_publisher":"http:\/\/www.facebook.com\/VunderSkizze","article_modified_time":"-0001-11-30T00:00:00+00:00","og_image":[{"width":1024,"height":768,"url":"https:\/\/hobstop.ee\/media\/3148.jpg","type":"image\/jpeg"}],"twitter_card":"summary_large_image","schema":{"@context":"https:\/\/schema.org","@graph":[{"@type":"WebPage","@id":"https:\/\/hobstop.ee\/lt\/produktas\/akvarelinis-piestukas-maped-colorpeps-aqua\/","url":"https:\/\/hobstop.ee\/lt\/produktas\/akvarelinis-piestukas-maped-colorpeps-aqua\/","name":"Akvarelinis pie\u0161tukas Maped Color'Peps Aqua &#8211; Skizze","isPartOf":{"@id":"https:\/\/hobstop.ee\/lt\/#website"},"primaryImageOfPage":{"@id":"https:\/\/hobstop.ee\/lt\/produktas\/akvarelinis-piestukas-maped-colorpeps-aqua\/#primaryimage"},"image":{"@id":"https:\/\/hobstop.ee\/lt\/produktas\/akvarelinis-piestukas-maped-colorpeps-aqua\/#primaryimage"},"thumbnailUrl":"https:\/\/hobstop.ee\/media\/3148.jpg","datePublished":"2014-12-09T11:03:11+00:00","dateModified":"-0001-11-30T00:00:00+00:00","breadcrumb":{"@id":"https:\/\/hobstop.ee\/lt\/produktas\/akvarelinis-piestukas-maped-colorpeps-aqua\/#breadcrumb"},"inLanguage":"lt","potentialAction":[{"@type":"ReadAction","target":["https:\/\/hobstop.ee\/lt\/produktas\/akvarelinis-piestukas-maped-colorpeps-aqua\/"]}]},{"@type":"ImageObject","inLanguage":"lt","@id":"https:\/\/hobstop.ee\/lt\/produktas\/akvarelinis-piestukas-maped-colorpeps-aqua\/#primaryimage","url":"https:\/\/hobstop.ee\/media\/3148.jpg","contentUrl":"https:\/\/hobstop.ee\/media\/3148.jpg","width":1024,"height":768},{"@type":"BreadcrumbList","@id":"https:\/\/hobstop.ee\/lt\/produktas\/akvarelinis-piestukas-maped-colorpeps-aqua\/#breadcrumb","itemListElement":[{"@type":"ListItem","position":1,"name":"Avaleht","item":"https:\/\/hobstop.ee\/lt\/"},{"@type":"ListItem","position":2,"name":"Parduotuv\u0117","item":"https:\/\/hobstop.ee\/lt\/parduotuve\/"},{"@type":"ListItem","position":3,"name":"Akvarelinis pie\u0161tukas Maped Color&#8217;Peps Aqua"}]},{"@type":"WebSite","@id":"https:\/\/hobstop.ee\/lt\/#website","url":"https:\/\/hobstop.ee\/lt\/","name":"Skizze","description":"Dail\u0117s, pom\u0117gi\u0173 ir mokykliniai reikm\u0117nys","publisher":{"@id":"https:\/\/hobstop.ee\/lt\/#organization"},"potentialAction":[{"@type":"SearchAction","target":{"@type":"EntryPoint","urlTemplate":"https:\/\/hobstop.ee\/lt\/?s={search_term_string}"},"query-input":{"@type":"PropertyValueSpecification","valueRequired":true,"valueName":"search_term_string"}}],"inLanguage":"lt"},{"@type":"Organization","@id":"https:\/\/hobstop.ee\/lt\/#organization","name":"Vunder AS","url":"https:\/\/hobstop.ee\/lt\/","logo":{"@type":"ImageObject","inLanguage":"lt","@id":"https:\/\/hobstop.ee\/lt\/#\/schema\/logo\/image\/","url":"https:\/\/hobstop.ee\/media\/vunder-logo.png","contentUrl":"https:\/\/hobstop.ee\/media\/vunder-logo.png","width":127,"height":55,"caption":"Vunder AS"},"image":{"@id":"https:\/\/hobstop.ee\/lt\/#\/schema\/logo\/image\/"},"sameAs":["http:\/\/www.facebook.com\/VunderSkizze"]}]}},"_links":{"self":[{"href":"https:\/\/hobstop.ee\/lt\/wp-json\/wp\/v2\/product\/62225","targetHints":{"allow":["GET"]}}],"collection":[{"href":"https:\/\/hobstop.ee\/lt\/wp-json\/wp\/v2\/product"}],"about":[{"href":"https:\/\/hobstop.ee\/lt\/wp-json\/wp\/v2\/types\/product"}],"replies":[{"embeddable":true,"href":"https:\/\/hobstop.ee\/lt\/wp-json\/wp\/v2\/comments?post=62225"}],"wp:featuredmedia":[{"embeddable":true,"href":"https:\/\/hobstop.ee\/lt\/wp-json\/wp\/v2\/media\/106115"}],"wp:attachment":[{"href":"https:\/\/hobstop.ee\/lt\/wp-json\/wp\/v2\/media?parent=62225"}],"wp:term":[{"taxonomy":"product_cat","embeddable":true,"href":"https:\/\/hobstop.ee\/lt\/wp-json\/wp\/v2\/product_cat?post=62225"},{"taxonomy":"product_tag","embeddable":true,"href":"https:\/\/hobstop.ee\/lt\/wp-json\/wp\/v2\/product_tag?post=62225"}],"curies":[{"name":"wp","href":"https:\/\/api.w.org\/{rel}","templated":true}]}}