{"id":62285,"date":"2014-12-09T13:03:22","date_gmt":"2014-12-09T11:03:22","guid":{"rendered":"https:\/\/sharks.ee\/vunder_2019.klient.veebimajutus.ee\/?post_type=product&p=62285"},"modified":"2014-12-09T13:03:22","modified_gmt":"2014-12-09T10:03:22","slug":"zirkles-maped-sensoft-kairiarankiams","status":"publish","type":"product","link":"https:\/\/hobstop.ee\/lt\/produktas\/zirkles-maped-sensoft-kairiarankiams\/","title":{"rendered":"\u017dirkl\u0117s Maped SenSoft kairiarankiams"},"content":{"rendered":"<p>\u017dirkl\u0117s \u201eSensoft\u201c turi visk\u0105, ko tik reikia, kad jas pasteb\u0117tum\u0117te, net ir mink\u0161tas rankenas! Lengvai suimamos su lanks\u010diomis rankenomis \u201eSensoft\u201c \u017eirkl\u0117s prisiderins prie vis\u0173 J\u016bs\u0173  poreiki\u0173 ir stili\u0173! Kairiarankiams skirtos \u017eirkl\u0117s su pakei\u010diamais a\u0161menimis.<\/p>\n","protected":false},"excerpt":{"rendered":"<p>\u017dirkl\u0117s \u201eSensoft\u201c turi visk\u0105, ko tik reikia, kad jas pasteb\u0117tum\u0117te, net ir mink\u0161tas rankenas! Lengvai suimamos su lanks\u010diomis rankenomis \u201eSensoft\u201c \u017eirkl\u0117s prisiderins prie vis\u0173 J\u016bs\u0173 poreiki\u0173 ir stili\u0173! Kairiarankiams skirtos \u017eirkl\u0117s su pakei\u010diamais a\u0161menimis.<\/p>\n","protected":false},"featured_media":106195,"comment_status":"closed","ping_status":"closed","template":"","meta":{"_acf_changed":false,"ep_exclude_from_search":false},"product_cat":[18642,235,18720],"product_tag":[],"class_list":{"0":"post-62285","1":"product","2":"type-product","3":"status-publish","4":"has-post-thumbnail","6":"product_cat-ivairus-3","7":"product_cat-mokyklines-prekes","8":"product_cat-zirkles-2","10":"first","11":"instock","12":"taxable","13":"shipping-taxable","14":"purchasable","15":"product-type-variable"},"acf":[],"yoast_head":"<!-- This site is optimized with the Yoast SEO plugin v24.1 - https:\/\/yoast.com\/wordpress\/plugins\/seo\/ -->\n<title>\u017dirkl\u0117s Maped SenSoft kairiarankiams &#8211; Skizze<\/title>\n<meta name=\"robots\" content=\"noindex, follow, max-snippet:-1, max-image-preview:large, max-video-preview:-1\" \/>\n<meta property=\"og:locale\" content=\"lt_LT\" \/>\n<meta property=\"og:type\" content=\"article\" \/>\n<meta property=\"og:title\" content=\"\u017dirkl\u0117s Maped SenSoft kairiarankiams &#8211; Skizze\" \/>\n<meta property=\"og:description\" content=\"\u017dirkl\u0117s \u201eSensoft\u201c turi visk\u0105, ko tik reikia, kad jas pasteb\u0117tum\u0117te, net ir mink\u0161tas rankenas! Lengvai suimamos su lanks\u010diomis rankenomis \u201eSensoft\u201c \u017eirkl\u0117s prisiderins prie vis\u0173 J\u016bs\u0173 poreiki\u0173 ir stili\u0173! Kairiarankiams skirtos \u017eirkl\u0117s su pakei\u010diamais a\u0161menimis.\" \/>\n<meta property=\"og:url\" content=\"https:\/\/hobstop.ee\/lt\/produktas\/zirkles-maped-sensoft-kairiarankiams\/\" \/>\n<meta property=\"og:site_name\" content=\"Skizze\" \/>\n<meta property=\"article:publisher\" content=\"http:\/\/www.facebook.com\/VunderSkizze\" \/>\n<meta property=\"article:modified_time\" content=\"-0001-11-30T00:00:00+00:00\" \/>\n<meta property=\"og:image\" content=\"https:\/\/hobstop.ee\/media\/3168.jpg\" \/>\n\t<meta property=\"og:image:width\" content=\"1024\" \/>\n\t<meta property=\"og:image:height\" content=\"768\" \/>\n\t<meta property=\"og:image:type\" content=\"image\/jpeg\" \/>\n<meta name=\"twitter:card\" content=\"summary_large_image\" \/>\n<script type=\"application\/ld+json\" class=\"yoast-schema-graph\">{\"@context\":\"https:\/\/schema.org\",\"@graph\":[{\"@type\":\"WebPage\",\"@id\":\"https:\/\/hobstop.ee\/lt\/produktas\/zirkles-maped-sensoft-kairiarankiams\/\",\"url\":\"https:\/\/hobstop.ee\/lt\/produktas\/zirkles-maped-sensoft-kairiarankiams\/\",\"name\":\"\u017dirkl\u0117s Maped SenSoft kairiarankiams &#8211; Skizze\",\"isPartOf\":{\"@id\":\"https:\/\/hobstop.ee\/lt\/#website\"},\"primaryImageOfPage\":{\"@id\":\"https:\/\/hobstop.ee\/lt\/produktas\/zirkles-maped-sensoft-kairiarankiams\/#primaryimage\"},\"image\":{\"@id\":\"https:\/\/hobstop.ee\/lt\/produktas\/zirkles-maped-sensoft-kairiarankiams\/#primaryimage\"},\"thumbnailUrl\":\"https:\/\/hobstop.ee\/media\/3168.jpg\",\"datePublished\":\"2014-12-09T11:03:22+00:00\",\"dateModified\":\"-0001-11-30T00:00:00+00:00\",\"breadcrumb\":{\"@id\":\"https:\/\/hobstop.ee\/lt\/produktas\/zirkles-maped-sensoft-kairiarankiams\/#breadcrumb\"},\"inLanguage\":\"lt\",\"potentialAction\":[{\"@type\":\"ReadAction\",\"target\":[\"https:\/\/hobstop.ee\/lt\/produktas\/zirkles-maped-sensoft-kairiarankiams\/\"]}]},{\"@type\":\"ImageObject\",\"inLanguage\":\"lt\",\"@id\":\"https:\/\/hobstop.ee\/lt\/produktas\/zirkles-maped-sensoft-kairiarankiams\/#primaryimage\",\"url\":\"https:\/\/hobstop.ee\/media\/3168.jpg\",\"contentUrl\":\"https:\/\/hobstop.ee\/media\/3168.jpg\",\"width\":1024,\"height\":768},{\"@type\":\"BreadcrumbList\",\"@id\":\"https:\/\/hobstop.ee\/lt\/produktas\/zirkles-maped-sensoft-kairiarankiams\/#breadcrumb\",\"itemListElement\":[{\"@type\":\"ListItem\",\"position\":1,\"name\":\"Avaleht\",\"item\":\"https:\/\/hobstop.ee\/lt\/\"},{\"@type\":\"ListItem\",\"position\":2,\"name\":\"Parduotuv\u0117\",\"item\":\"https:\/\/hobstop.ee\/lt\/parduotuve\/\"},{\"@type\":\"ListItem\",\"position\":3,\"name\":\"\u017dirkl\u0117s Maped SenSoft kairiarankiams\"}]},{\"@type\":\"WebSite\",\"@id\":\"https:\/\/hobstop.ee\/lt\/#website\",\"url\":\"https:\/\/hobstop.ee\/lt\/\",\"name\":\"Skizze\",\"description\":\"Dail\u0117s, pom\u0117gi\u0173 ir mokykliniai reikm\u0117nys\",\"publisher\":{\"@id\":\"https:\/\/hobstop.ee\/lt\/#organization\"},\"potentialAction\":[{\"@type\":\"SearchAction\",\"target\":{\"@type\":\"EntryPoint\",\"urlTemplate\":\"https:\/\/hobstop.ee\/lt\/?s={search_term_string}\"},\"query-input\":{\"@type\":\"PropertyValueSpecification\",\"valueRequired\":true,\"valueName\":\"search_term_string\"}}],\"inLanguage\":\"lt\"},{\"@type\":\"Organization\",\"@id\":\"https:\/\/hobstop.ee\/lt\/#organization\",\"name\":\"Vunder AS\",\"url\":\"https:\/\/hobstop.ee\/lt\/\",\"logo\":{\"@type\":\"ImageObject\",\"inLanguage\":\"lt\",\"@id\":\"https:\/\/hobstop.ee\/lt\/#\/schema\/logo\/image\/\",\"url\":\"https:\/\/hobstop.ee\/media\/vunder-logo.png\",\"contentUrl\":\"https:\/\/hobstop.ee\/media\/vunder-logo.png\",\"width\":127,\"height\":55,\"caption\":\"Vunder AS\"},\"image\":{\"@id\":\"https:\/\/hobstop.ee\/lt\/#\/schema\/logo\/image\/\"},\"sameAs\":[\"http:\/\/www.facebook.com\/VunderSkizze\"]}]}<\/script>\n<!-- \/ Yoast SEO plugin. -->","yoast_head_json":{"title":"\u017dirkl\u0117s Maped SenSoft kairiarankiams &#8211; Skizze","robots":{"index":"noindex","follow":"follow","max-snippet":"max-snippet:-1","max-image-preview":"max-image-preview:large","max-video-preview":"max-video-preview:-1"},"og_locale":"lt_LT","og_type":"article","og_title":"\u017dirkl\u0117s Maped SenSoft kairiarankiams &#8211; Skizze","og_description":"\u017dirkl\u0117s \u201eSensoft\u201c turi visk\u0105, ko tik reikia, kad jas pasteb\u0117tum\u0117te, net ir mink\u0161tas rankenas! Lengvai suimamos su lanks\u010diomis rankenomis \u201eSensoft\u201c \u017eirkl\u0117s prisiderins prie vis\u0173 J\u016bs\u0173 poreiki\u0173 ir stili\u0173! Kairiarankiams skirtos \u017eirkl\u0117s su pakei\u010diamais a\u0161menimis.","og_url":"https:\/\/hobstop.ee\/lt\/produktas\/zirkles-maped-sensoft-kairiarankiams\/","og_site_name":"Skizze","article_publisher":"http:\/\/www.facebook.com\/VunderSkizze","article_modified_time":"-0001-11-30T00:00:00+00:00","og_image":[{"width":1024,"height":768,"url":"https:\/\/hobstop.ee\/media\/3168.jpg","type":"image\/jpeg"}],"twitter_card":"summary_large_image","schema":{"@context":"https:\/\/schema.org","@graph":[{"@type":"WebPage","@id":"https:\/\/hobstop.ee\/lt\/produktas\/zirkles-maped-sensoft-kairiarankiams\/","url":"https:\/\/hobstop.ee\/lt\/produktas\/zirkles-maped-sensoft-kairiarankiams\/","name":"\u017dirkl\u0117s Maped SenSoft kairiarankiams &#8211; Skizze","isPartOf":{"@id":"https:\/\/hobstop.ee\/lt\/#website"},"primaryImageOfPage":{"@id":"https:\/\/hobstop.ee\/lt\/produktas\/zirkles-maped-sensoft-kairiarankiams\/#primaryimage"},"image":{"@id":"https:\/\/hobstop.ee\/lt\/produktas\/zirkles-maped-sensoft-kairiarankiams\/#primaryimage"},"thumbnailUrl":"https:\/\/hobstop.ee\/media\/3168.jpg","datePublished":"2014-12-09T11:03:22+00:00","dateModified":"-0001-11-30T00:00:00+00:00","breadcrumb":{"@id":"https:\/\/hobstop.ee\/lt\/produktas\/zirkles-maped-sensoft-kairiarankiams\/#breadcrumb"},"inLanguage":"lt","potentialAction":[{"@type":"ReadAction","target":["https:\/\/hobstop.ee\/lt\/produktas\/zirkles-maped-sensoft-kairiarankiams\/"]}]},{"@type":"ImageObject","inLanguage":"lt","@id":"https:\/\/hobstop.ee\/lt\/produktas\/zirkles-maped-sensoft-kairiarankiams\/#primaryimage","url":"https:\/\/hobstop.ee\/media\/3168.jpg","contentUrl":"https:\/\/hobstop.ee\/media\/3168.jpg","width":1024,"height":768},{"@type":"BreadcrumbList","@id":"https:\/\/hobstop.ee\/lt\/produktas\/zirkles-maped-sensoft-kairiarankiams\/#breadcrumb","itemListElement":[{"@type":"ListItem","position":1,"name":"Avaleht","item":"https:\/\/hobstop.ee\/lt\/"},{"@type":"ListItem","position":2,"name":"Parduotuv\u0117","item":"https:\/\/hobstop.ee\/lt\/parduotuve\/"},{"@type":"ListItem","position":3,"name":"\u017dirkl\u0117s Maped SenSoft kairiarankiams"}]},{"@type":"WebSite","@id":"https:\/\/hobstop.ee\/lt\/#website","url":"https:\/\/hobstop.ee\/lt\/","name":"Skizze","description":"Dail\u0117s, pom\u0117gi\u0173 ir mokykliniai reikm\u0117nys","publisher":{"@id":"https:\/\/hobstop.ee\/lt\/#organization"},"potentialAction":[{"@type":"SearchAction","target":{"@type":"EntryPoint","urlTemplate":"https:\/\/hobstop.ee\/lt\/?s={search_term_string}"},"query-input":{"@type":"PropertyValueSpecification","valueRequired":true,"valueName":"search_term_string"}}],"inLanguage":"lt"},{"@type":"Organization","@id":"https:\/\/hobstop.ee\/lt\/#organization","name":"Vunder AS","url":"https:\/\/hobstop.ee\/lt\/","logo":{"@type":"ImageObject","inLanguage":"lt","@id":"https:\/\/hobstop.ee\/lt\/#\/schema\/logo\/image\/","url":"https:\/\/hobstop.ee\/media\/vunder-logo.png","contentUrl":"https:\/\/hobstop.ee\/media\/vunder-logo.png","width":127,"height":55,"caption":"Vunder AS"},"image":{"@id":"https:\/\/hobstop.ee\/lt\/#\/schema\/logo\/image\/"},"sameAs":["http:\/\/www.facebook.com\/VunderSkizze"]}]}},"_links":{"self":[{"href":"https:\/\/hobstop.ee\/lt\/wp-json\/wp\/v2\/product\/62285","targetHints":{"allow":["GET"]}}],"collection":[{"href":"https:\/\/hobstop.ee\/lt\/wp-json\/wp\/v2\/product"}],"about":[{"href":"https:\/\/hobstop.ee\/lt\/wp-json\/wp\/v2\/types\/product"}],"replies":[{"embeddable":true,"href":"https:\/\/hobstop.ee\/lt\/wp-json\/wp\/v2\/comments?post=62285"}],"wp:featuredmedia":[{"embeddable":true,"href":"https:\/\/hobstop.ee\/lt\/wp-json\/wp\/v2\/media\/106195"}],"wp:attachment":[{"href":"https:\/\/hobstop.ee\/lt\/wp-json\/wp\/v2\/media?parent=62285"}],"wp:term":[{"taxonomy":"product_cat","embeddable":true,"href":"https:\/\/hobstop.ee\/lt\/wp-json\/wp\/v2\/product_cat?post=62285"},{"taxonomy":"product_tag","embeddable":true,"href":"https:\/\/hobstop.ee\/lt\/wp-json\/wp\/v2\/product_tag?post=62285"}],"curies":[{"name":"wp","href":"https:\/\/api.w.org\/{rel}","templated":true}]}}