{"id":62330,"date":"2014-12-09T13:03:31","date_gmt":"2014-12-09T11:03:31","guid":{"rendered":"https:\/\/sharks.ee\/vunder_2019.klient.veebimajutus.ee\/?post_type=product&p=62330"},"modified":"2014-12-09T13:03:31","modified_gmt":"2014-12-09T10:03:31","slug":"veido-dazu-rinkinys-snazaroo","status":"publish","type":"product","link":"https:\/\/hobstop.ee\/lt\/produktas\/veido-dazu-rinkinys-snazaroo\/","title":{"rendered":"Veido da\u017e\u0173 rinkinys Snazaroo"},"content":{"rendered":"<p>\u201eSnazaroo\u201c teminiai grimo da\u017eai leis pasireik\u0161ti J\u016bs\u0173 fantazijai ir pasilinksinti \u012fvairiomis progomis.  Grimo da\u017eai \u201eSnazaroo\u201c leis Jums i\u0161siskirti i\u0161 minios, yra saug\u016bs ir lengvai naudojami. Dengia iki 50 veid\u0173.<\/p>\n<p>Komplekte yra:<br \/>\nGrimo da\u017eai 2ml (8vnt.)<br \/>\nTeptukas<br \/>\nKempin\u0117l\u0117<br \/>\nI\u0161sami grimavimo instrukcija (angl\u0173 kalba)<\/p>\n","protected":false},"excerpt":{"rendered":"<p>\u201eSnazaroo\u201c teminiai grimo da\u017eai leis pasireik\u0161ti J\u016bs\u0173 fantazijai ir pasilinksinti \u012fvairiomis progomis. Grimo da\u017eai \u201eSnazaroo\u201c leis Jums i\u0161siskirti i\u0161 minios, yra saug\u016bs ir lengvai naudojami. Dengia iki 50 veid\u0173. Komplekte yra: Grimo da\u017eai 2ml (8vnt.) Teptukas Kempin\u0117l\u0117 I\u0161sami grimavimo instrukcija (angl\u0173 kalba)<\/p>\n","protected":false},"featured_media":355100,"comment_status":"closed","ping_status":"closed","template":"","meta":{"_acf_changed":false,"ep_exclude_from_search":false},"product_cat":[18929,17919,14942],"product_tag":[],"class_list":{"0":"post-62330","1":"product","2":"type-product","3":"status-publish","4":"has-post-thumbnail","6":"product_cat-dazai-kunui-dazyti","7":"product_cat-pomegiu-prekes","8":"product_cat-tussid-ja-tindid","10":"first","11":"instock","12":"taxable","13":"shipping-taxable","14":"purchasable","15":"product-type-variable"},"acf":[],"yoast_head":"<!-- This site is optimized with the Yoast SEO plugin v24.1 - https:\/\/yoast.com\/wordpress\/plugins\/seo\/ -->\n<title>Veido da\u017e\u0173 rinkinys Snazaroo &#8211; Skizze<\/title>\n<meta name=\"robots\" content=\"noindex, follow, max-snippet:-1, max-image-preview:large, max-video-preview:-1\" \/>\n<meta property=\"og:locale\" content=\"lt_LT\" \/>\n<meta property=\"og:type\" content=\"article\" \/>\n<meta property=\"og:title\" content=\"Veido da\u017e\u0173 rinkinys Snazaroo &#8211; Skizze\" \/>\n<meta property=\"og:description\" content=\"\u201eSnazaroo\u201c teminiai grimo da\u017eai leis pasireik\u0161ti J\u016bs\u0173 fantazijai ir pasilinksinti \u012fvairiomis progomis. Grimo da\u017eai \u201eSnazaroo\u201c leis Jums i\u0161siskirti i\u0161 minios, yra saug\u016bs ir lengvai naudojami. Dengia iki 50 veid\u0173. Komplekte yra: Grimo da\u017eai 2ml (8vnt.) Teptukas Kempin\u0117l\u0117 I\u0161sami grimavimo instrukcija (angl\u0173 kalba)\" \/>\n<meta property=\"og:url\" content=\"https:\/\/hobstop.ee\/lt\/produktas\/veido-dazu-rinkinys-snazaroo\/\" \/>\n<meta property=\"og:site_name\" content=\"Skizze\" \/>\n<meta property=\"article:publisher\" content=\"http:\/\/www.facebook.com\/VunderSkizze\" \/>\n<meta property=\"article:modified_time\" content=\"-0001-11-30T00:00:00+00:00\" \/>\n<meta property=\"og:image\" content=\"https:\/\/hobstop.ee\/media\/3185.jpg\" \/>\n\t<meta property=\"og:image:width\" content=\"1024\" \/>\n\t<meta property=\"og:image:height\" content=\"768\" \/>\n\t<meta property=\"og:image:type\" content=\"image\/jpeg\" \/>\n<meta name=\"twitter:card\" content=\"summary_large_image\" \/>\n<script type=\"application\/ld+json\" class=\"yoast-schema-graph\">{\"@context\":\"https:\/\/schema.org\",\"@graph\":[{\"@type\":\"WebPage\",\"@id\":\"https:\/\/hobstop.ee\/lt\/produktas\/veido-dazu-rinkinys-snazaroo\/\",\"url\":\"https:\/\/hobstop.ee\/lt\/produktas\/veido-dazu-rinkinys-snazaroo\/\",\"name\":\"Veido da\u017e\u0173 rinkinys Snazaroo &#8211; Skizze\",\"isPartOf\":{\"@id\":\"https:\/\/hobstop.ee\/lt\/#website\"},\"primaryImageOfPage\":{\"@id\":\"https:\/\/hobstop.ee\/lt\/produktas\/veido-dazu-rinkinys-snazaroo\/#primaryimage\"},\"image\":{\"@id\":\"https:\/\/hobstop.ee\/lt\/produktas\/veido-dazu-rinkinys-snazaroo\/#primaryimage\"},\"thumbnailUrl\":\"https:\/\/hobstop.ee\/media\/3185.jpg\",\"datePublished\":\"2014-12-09T11:03:31+00:00\",\"dateModified\":\"-0001-11-30T00:00:00+00:00\",\"breadcrumb\":{\"@id\":\"https:\/\/hobstop.ee\/lt\/produktas\/veido-dazu-rinkinys-snazaroo\/#breadcrumb\"},\"inLanguage\":\"lt\",\"potentialAction\":[{\"@type\":\"ReadAction\",\"target\":[\"https:\/\/hobstop.ee\/lt\/produktas\/veido-dazu-rinkinys-snazaroo\/\"]}]},{\"@type\":\"ImageObject\",\"inLanguage\":\"lt\",\"@id\":\"https:\/\/hobstop.ee\/lt\/produktas\/veido-dazu-rinkinys-snazaroo\/#primaryimage\",\"url\":\"https:\/\/hobstop.ee\/media\/3185.jpg\",\"contentUrl\":\"https:\/\/hobstop.ee\/media\/3185.jpg\",\"width\":1024,\"height\":768},{\"@type\":\"BreadcrumbList\",\"@id\":\"https:\/\/hobstop.ee\/lt\/produktas\/veido-dazu-rinkinys-snazaroo\/#breadcrumb\",\"itemListElement\":[{\"@type\":\"ListItem\",\"position\":1,\"name\":\"Avaleht\",\"item\":\"https:\/\/hobstop.ee\/lt\/\"},{\"@type\":\"ListItem\",\"position\":2,\"name\":\"Parduotuv\u0117\",\"item\":\"https:\/\/hobstop.ee\/lt\/parduotuve\/\"},{\"@type\":\"ListItem\",\"position\":3,\"name\":\"Veido da\u017e\u0173 rinkinys Snazaroo\"}]},{\"@type\":\"WebSite\",\"@id\":\"https:\/\/hobstop.ee\/lt\/#website\",\"url\":\"https:\/\/hobstop.ee\/lt\/\",\"name\":\"Skizze\",\"description\":\"Dail\u0117s, pom\u0117gi\u0173 ir mokykliniai reikm\u0117nys\",\"publisher\":{\"@id\":\"https:\/\/hobstop.ee\/lt\/#organization\"},\"potentialAction\":[{\"@type\":\"SearchAction\",\"target\":{\"@type\":\"EntryPoint\",\"urlTemplate\":\"https:\/\/hobstop.ee\/lt\/?s={search_term_string}\"},\"query-input\":{\"@type\":\"PropertyValueSpecification\",\"valueRequired\":true,\"valueName\":\"search_term_string\"}}],\"inLanguage\":\"lt\"},{\"@type\":\"Organization\",\"@id\":\"https:\/\/hobstop.ee\/lt\/#organization\",\"name\":\"Vunder AS\",\"url\":\"https:\/\/hobstop.ee\/lt\/\",\"logo\":{\"@type\":\"ImageObject\",\"inLanguage\":\"lt\",\"@id\":\"https:\/\/hobstop.ee\/lt\/#\/schema\/logo\/image\/\",\"url\":\"https:\/\/hobstop.ee\/media\/vunder-logo.png\",\"contentUrl\":\"https:\/\/hobstop.ee\/media\/vunder-logo.png\",\"width\":127,\"height\":55,\"caption\":\"Vunder AS\"},\"image\":{\"@id\":\"https:\/\/hobstop.ee\/lt\/#\/schema\/logo\/image\/\"},\"sameAs\":[\"http:\/\/www.facebook.com\/VunderSkizze\"]}]}<\/script>\n<!-- \/ Yoast SEO plugin. -->","yoast_head_json":{"title":"Veido da\u017e\u0173 rinkinys Snazaroo &#8211; Skizze","robots":{"index":"noindex","follow":"follow","max-snippet":"max-snippet:-1","max-image-preview":"max-image-preview:large","max-video-preview":"max-video-preview:-1"},"og_locale":"lt_LT","og_type":"article","og_title":"Veido da\u017e\u0173 rinkinys Snazaroo &#8211; Skizze","og_description":"\u201eSnazaroo\u201c teminiai grimo da\u017eai leis pasireik\u0161ti J\u016bs\u0173 fantazijai ir pasilinksinti \u012fvairiomis progomis. Grimo da\u017eai \u201eSnazaroo\u201c leis Jums i\u0161siskirti i\u0161 minios, yra saug\u016bs ir lengvai naudojami. Dengia iki 50 veid\u0173. Komplekte yra: Grimo da\u017eai 2ml (8vnt.) Teptukas Kempin\u0117l\u0117 I\u0161sami grimavimo instrukcija (angl\u0173 kalba)","og_url":"https:\/\/hobstop.ee\/lt\/produktas\/veido-dazu-rinkinys-snazaroo\/","og_site_name":"Skizze","article_publisher":"http:\/\/www.facebook.com\/VunderSkizze","article_modified_time":"-0001-11-30T00:00:00+00:00","og_image":[{"width":1024,"height":768,"url":"https:\/\/hobstop.ee\/media\/3185.jpg","type":"image\/jpeg"}],"twitter_card":"summary_large_image","schema":{"@context":"https:\/\/schema.org","@graph":[{"@type":"WebPage","@id":"https:\/\/hobstop.ee\/lt\/produktas\/veido-dazu-rinkinys-snazaroo\/","url":"https:\/\/hobstop.ee\/lt\/produktas\/veido-dazu-rinkinys-snazaroo\/","name":"Veido da\u017e\u0173 rinkinys Snazaroo &#8211; Skizze","isPartOf":{"@id":"https:\/\/hobstop.ee\/lt\/#website"},"primaryImageOfPage":{"@id":"https:\/\/hobstop.ee\/lt\/produktas\/veido-dazu-rinkinys-snazaroo\/#primaryimage"},"image":{"@id":"https:\/\/hobstop.ee\/lt\/produktas\/veido-dazu-rinkinys-snazaroo\/#primaryimage"},"thumbnailUrl":"https:\/\/hobstop.ee\/media\/3185.jpg","datePublished":"2014-12-09T11:03:31+00:00","dateModified":"-0001-11-30T00:00:00+00:00","breadcrumb":{"@id":"https:\/\/hobstop.ee\/lt\/produktas\/veido-dazu-rinkinys-snazaroo\/#breadcrumb"},"inLanguage":"lt","potentialAction":[{"@type":"ReadAction","target":["https:\/\/hobstop.ee\/lt\/produktas\/veido-dazu-rinkinys-snazaroo\/"]}]},{"@type":"ImageObject","inLanguage":"lt","@id":"https:\/\/hobstop.ee\/lt\/produktas\/veido-dazu-rinkinys-snazaroo\/#primaryimage","url":"https:\/\/hobstop.ee\/media\/3185.jpg","contentUrl":"https:\/\/hobstop.ee\/media\/3185.jpg","width":1024,"height":768},{"@type":"BreadcrumbList","@id":"https:\/\/hobstop.ee\/lt\/produktas\/veido-dazu-rinkinys-snazaroo\/#breadcrumb","itemListElement":[{"@type":"ListItem","position":1,"name":"Avaleht","item":"https:\/\/hobstop.ee\/lt\/"},{"@type":"ListItem","position":2,"name":"Parduotuv\u0117","item":"https:\/\/hobstop.ee\/lt\/parduotuve\/"},{"@type":"ListItem","position":3,"name":"Veido da\u017e\u0173 rinkinys Snazaroo"}]},{"@type":"WebSite","@id":"https:\/\/hobstop.ee\/lt\/#website","url":"https:\/\/hobstop.ee\/lt\/","name":"Skizze","description":"Dail\u0117s, pom\u0117gi\u0173 ir mokykliniai reikm\u0117nys","publisher":{"@id":"https:\/\/hobstop.ee\/lt\/#organization"},"potentialAction":[{"@type":"SearchAction","target":{"@type":"EntryPoint","urlTemplate":"https:\/\/hobstop.ee\/lt\/?s={search_term_string}"},"query-input":{"@type":"PropertyValueSpecification","valueRequired":true,"valueName":"search_term_string"}}],"inLanguage":"lt"},{"@type":"Organization","@id":"https:\/\/hobstop.ee\/lt\/#organization","name":"Vunder AS","url":"https:\/\/hobstop.ee\/lt\/","logo":{"@type":"ImageObject","inLanguage":"lt","@id":"https:\/\/hobstop.ee\/lt\/#\/schema\/logo\/image\/","url":"https:\/\/hobstop.ee\/media\/vunder-logo.png","contentUrl":"https:\/\/hobstop.ee\/media\/vunder-logo.png","width":127,"height":55,"caption":"Vunder AS"},"image":{"@id":"https:\/\/hobstop.ee\/lt\/#\/schema\/logo\/image\/"},"sameAs":["http:\/\/www.facebook.com\/VunderSkizze"]}]}},"_links":{"self":[{"href":"https:\/\/hobstop.ee\/lt\/wp-json\/wp\/v2\/product\/62330","targetHints":{"allow":["GET"]}}],"collection":[{"href":"https:\/\/hobstop.ee\/lt\/wp-json\/wp\/v2\/product"}],"about":[{"href":"https:\/\/hobstop.ee\/lt\/wp-json\/wp\/v2\/types\/product"}],"replies":[{"embeddable":true,"href":"https:\/\/hobstop.ee\/lt\/wp-json\/wp\/v2\/comments?post=62330"}],"wp:featuredmedia":[{"embeddable":true,"href":"https:\/\/hobstop.ee\/lt\/wp-json\/wp\/v2\/media\/355100"}],"wp:attachment":[{"href":"https:\/\/hobstop.ee\/lt\/wp-json\/wp\/v2\/media?parent=62330"}],"wp:term":[{"taxonomy":"product_cat","embeddable":true,"href":"https:\/\/hobstop.ee\/lt\/wp-json\/wp\/v2\/product_cat?post=62330"},{"taxonomy":"product_tag","embeddable":true,"href":"https:\/\/hobstop.ee\/lt\/wp-json\/wp\/v2\/product_tag?post=62330"}],"curies":[{"name":"wp","href":"https:\/\/api.w.org\/{rel}","templated":true}]}}