{"id":62408,"date":"2014-12-09T13:34:34","date_gmt":"2014-12-09T11:34:34","guid":{"rendered":"https:\/\/sharks.ee\/vunder_2019.klient.veebimajutus.ee\/?post_type=product&p=62408"},"modified":"2014-12-09T13:34:34","modified_gmt":"2014-12-09T10:34:34","slug":"sablonas-marabu-17x66cm","status":"publish","type":"product","link":"https:\/\/hobstop.ee\/lt\/produktas\/sablonas-marabu-17x66cm\/","title":{"rendered":"\u0160ablonas Marabu 17x66cm"},"content":{"rendered":"<p>Suteikite sienoms, baldams ir tekstil\u0117s dirbiniams nauj\u0105 i\u0161vaizd\u0105 \u2013 aplink\u0105 lengvai atnaujinsite naudodami \u201eMarabu\u201c trafaretus. \u201eMarabu\u201c studijos trafaret\u0173 dizainas leid\u017eia sukurti individual\u0173 stili\u0173 panaudojant juos apverstus, veidrodiniu b\u016bdu ar eile. \u201eMarabu\u201c si\u016blo \u012fvairioms progoms tinkant\u012f plat\u0173 trafaret\u0173 asortiment\u0105. Sunkus lazeriu i\u0161pjautas poliesteris ir itin plona med\u017eiaga u\u017etikrina puikius rezultatus su ry\u0161kiai i\u0161siskiriamomis linijomis. Patvarius trafaretus galima naudoti \u012fvairioms reikm\u0117ms, juos lengva valyti. Sud\u0117tyje n\u0117ra PVC.<\/p>\n","protected":false},"excerpt":{"rendered":"<p>Suteikite sienoms, baldams ir tekstil\u0117s dirbiniams nauj\u0105 i\u0161vaizd\u0105 \u2013 aplink\u0105 lengvai atnaujinsite naudodami \u201eMarabu\u201c trafaretus. \u201eMarabu\u201c studijos trafaret\u0173 dizainas leid\u017eia sukurti individual\u0173 stili\u0173 panaudojant juos apverstus, veidrodiniu b\u016bdu ar eile. \u201eMarabu\u201c si\u016blo \u012fvairioms progoms tinkant\u012f plat\u0173 trafaret\u0173 asortiment\u0105. Sunkus lazeriu i\u0161pjautas poliesteris ir itin plona med\u017eiaga u\u017etikrina puikius rezultatus su ry\u0161kiai i\u0161siskiriamomis linijomis. Patvarius trafaretus galima naudoti \u012fvairioms reikm\u0117ms, juos lengva valyti. Sud\u0117tyje n\u0117ra PVC.<\/p>\n","protected":false},"featured_media":106383,"comment_status":"closed","ping_status":"closed","template":"","meta":{"_acf_changed":false,"ep_exclude_from_search":false},"product_cat":[239,17919,20022],"product_tag":[],"class_list":{"0":"post-62408","1":"product","2":"type-product","3":"status-publish","4":"has-post-thumbnail","6":"product_cat-aerosoolvarvid","7":"product_cat-pomegiu-prekes","8":"product_cat-sablonai-ir-antspaudai","10":"first","11":"instock","12":"sale","13":"taxable","14":"shipping-taxable","15":"purchasable","16":"product-type-variable"},"acf":[],"yoast_head":"<!-- This site is optimized with the Yoast SEO plugin v24.1 - https:\/\/yoast.com\/wordpress\/plugins\/seo\/ -->\n<title>\u0160ablonas Marabu 17x66cm &#8211; Skizze<\/title>\n<meta name=\"robots\" content=\"noindex, follow, max-snippet:-1, max-image-preview:large, max-video-preview:-1\" \/>\n<meta property=\"og:locale\" content=\"lt_LT\" \/>\n<meta property=\"og:type\" content=\"article\" \/>\n<meta property=\"og:title\" content=\"\u0160ablonas Marabu 17x66cm &#8211; Skizze\" \/>\n<meta property=\"og:description\" content=\"Suteikite sienoms, baldams ir tekstil\u0117s dirbiniams nauj\u0105 i\u0161vaizd\u0105 \u2013 aplink\u0105 lengvai atnaujinsite naudodami \u201eMarabu\u201c trafaretus. \u201eMarabu\u201c studijos trafaret\u0173 dizainas leid\u017eia sukurti individual\u0173 stili\u0173 panaudojant juos apverstus, veidrodiniu b\u016bdu ar eile. \u201eMarabu\u201c si\u016blo \u012fvairioms progoms tinkant\u012f plat\u0173 trafaret\u0173 asortiment\u0105. Sunkus lazeriu i\u0161pjautas poliesteris ir itin plona med\u017eiaga u\u017etikrina puikius rezultatus su ry\u0161kiai i\u0161siskiriamomis linijomis. Patvarius trafaretus galima naudoti \u012fvairioms reikm\u0117ms, juos lengva valyti. Sud\u0117tyje n\u0117ra PVC.\" \/>\n<meta property=\"og:url\" content=\"https:\/\/hobstop.ee\/lt\/produktas\/sablonas-marabu-17x66cm\/\" \/>\n<meta property=\"og:site_name\" content=\"Skizze\" \/>\n<meta property=\"article:publisher\" content=\"http:\/\/www.facebook.com\/VunderSkizze\" \/>\n<meta property=\"article:modified_time\" content=\"-0001-11-30T00:00:00+00:00\" \/>\n<meta property=\"og:image\" content=\"https:\/\/hobstop.ee\/media\/3224.jpg\" \/>\n\t<meta property=\"og:image:width\" content=\"1024\" \/>\n\t<meta property=\"og:image:height\" content=\"768\" \/>\n\t<meta property=\"og:image:type\" content=\"image\/jpeg\" \/>\n<meta name=\"twitter:card\" content=\"summary_large_image\" \/>\n<script type=\"application\/ld+json\" class=\"yoast-schema-graph\">{\"@context\":\"https:\/\/schema.org\",\"@graph\":[{\"@type\":\"WebPage\",\"@id\":\"https:\/\/hobstop.ee\/lt\/produktas\/sablonas-marabu-17x66cm\/\",\"url\":\"https:\/\/hobstop.ee\/lt\/produktas\/sablonas-marabu-17x66cm\/\",\"name\":\"\u0160ablonas Marabu 17x66cm &#8211; Skizze\",\"isPartOf\":{\"@id\":\"https:\/\/hobstop.ee\/lt\/#website\"},\"primaryImageOfPage\":{\"@id\":\"https:\/\/hobstop.ee\/lt\/produktas\/sablonas-marabu-17x66cm\/#primaryimage\"},\"image\":{\"@id\":\"https:\/\/hobstop.ee\/lt\/produktas\/sablonas-marabu-17x66cm\/#primaryimage\"},\"thumbnailUrl\":\"https:\/\/hobstop.ee\/media\/3224.jpg\",\"datePublished\":\"2014-12-09T11:34:34+00:00\",\"dateModified\":\"-0001-11-30T00:00:00+00:00\",\"breadcrumb\":{\"@id\":\"https:\/\/hobstop.ee\/lt\/produktas\/sablonas-marabu-17x66cm\/#breadcrumb\"},\"inLanguage\":\"lt\",\"potentialAction\":[{\"@type\":\"ReadAction\",\"target\":[\"https:\/\/hobstop.ee\/lt\/produktas\/sablonas-marabu-17x66cm\/\"]}]},{\"@type\":\"ImageObject\",\"inLanguage\":\"lt\",\"@id\":\"https:\/\/hobstop.ee\/lt\/produktas\/sablonas-marabu-17x66cm\/#primaryimage\",\"url\":\"https:\/\/hobstop.ee\/media\/3224.jpg\",\"contentUrl\":\"https:\/\/hobstop.ee\/media\/3224.jpg\",\"width\":1024,\"height\":768},{\"@type\":\"BreadcrumbList\",\"@id\":\"https:\/\/hobstop.ee\/lt\/produktas\/sablonas-marabu-17x66cm\/#breadcrumb\",\"itemListElement\":[{\"@type\":\"ListItem\",\"position\":1,\"name\":\"Avaleht\",\"item\":\"https:\/\/hobstop.ee\/lt\/\"},{\"@type\":\"ListItem\",\"position\":2,\"name\":\"Parduotuv\u0117\",\"item\":\"https:\/\/hobstop.ee\/lt\/parduotuve\/\"},{\"@type\":\"ListItem\",\"position\":3,\"name\":\"\u0160ablonas Marabu 17x66cm\"}]},{\"@type\":\"WebSite\",\"@id\":\"https:\/\/hobstop.ee\/lt\/#website\",\"url\":\"https:\/\/hobstop.ee\/lt\/\",\"name\":\"Skizze\",\"description\":\"Dail\u0117s, pom\u0117gi\u0173 ir mokykliniai reikm\u0117nys\",\"publisher\":{\"@id\":\"https:\/\/hobstop.ee\/lt\/#organization\"},\"potentialAction\":[{\"@type\":\"SearchAction\",\"target\":{\"@type\":\"EntryPoint\",\"urlTemplate\":\"https:\/\/hobstop.ee\/lt\/?s={search_term_string}\"},\"query-input\":{\"@type\":\"PropertyValueSpecification\",\"valueRequired\":true,\"valueName\":\"search_term_string\"}}],\"inLanguage\":\"lt\"},{\"@type\":\"Organization\",\"@id\":\"https:\/\/hobstop.ee\/lt\/#organization\",\"name\":\"Vunder AS\",\"url\":\"https:\/\/hobstop.ee\/lt\/\",\"logo\":{\"@type\":\"ImageObject\",\"inLanguage\":\"lt\",\"@id\":\"https:\/\/hobstop.ee\/lt\/#\/schema\/logo\/image\/\",\"url\":\"https:\/\/hobstop.ee\/media\/vunder-logo.png\",\"contentUrl\":\"https:\/\/hobstop.ee\/media\/vunder-logo.png\",\"width\":127,\"height\":55,\"caption\":\"Vunder AS\"},\"image\":{\"@id\":\"https:\/\/hobstop.ee\/lt\/#\/schema\/logo\/image\/\"},\"sameAs\":[\"http:\/\/www.facebook.com\/VunderSkizze\"]}]}<\/script>\n<!-- \/ Yoast SEO plugin. -->","yoast_head_json":{"title":"\u0160ablonas Marabu 17x66cm &#8211; Skizze","robots":{"index":"noindex","follow":"follow","max-snippet":"max-snippet:-1","max-image-preview":"max-image-preview:large","max-video-preview":"max-video-preview:-1"},"og_locale":"lt_LT","og_type":"article","og_title":"\u0160ablonas Marabu 17x66cm &#8211; Skizze","og_description":"Suteikite sienoms, baldams ir tekstil\u0117s dirbiniams nauj\u0105 i\u0161vaizd\u0105 \u2013 aplink\u0105 lengvai atnaujinsite naudodami \u201eMarabu\u201c trafaretus. \u201eMarabu\u201c studijos trafaret\u0173 dizainas leid\u017eia sukurti individual\u0173 stili\u0173 panaudojant juos apverstus, veidrodiniu b\u016bdu ar eile. \u201eMarabu\u201c si\u016blo \u012fvairioms progoms tinkant\u012f plat\u0173 trafaret\u0173 asortiment\u0105. Sunkus lazeriu i\u0161pjautas poliesteris ir itin plona med\u017eiaga u\u017etikrina puikius rezultatus su ry\u0161kiai i\u0161siskiriamomis linijomis. Patvarius trafaretus galima naudoti \u012fvairioms reikm\u0117ms, juos lengva valyti. Sud\u0117tyje n\u0117ra PVC.","og_url":"https:\/\/hobstop.ee\/lt\/produktas\/sablonas-marabu-17x66cm\/","og_site_name":"Skizze","article_publisher":"http:\/\/www.facebook.com\/VunderSkizze","article_modified_time":"-0001-11-30T00:00:00+00:00","og_image":[{"width":1024,"height":768,"url":"https:\/\/hobstop.ee\/media\/3224.jpg","type":"image\/jpeg"}],"twitter_card":"summary_large_image","schema":{"@context":"https:\/\/schema.org","@graph":[{"@type":"WebPage","@id":"https:\/\/hobstop.ee\/lt\/produktas\/sablonas-marabu-17x66cm\/","url":"https:\/\/hobstop.ee\/lt\/produktas\/sablonas-marabu-17x66cm\/","name":"\u0160ablonas Marabu 17x66cm &#8211; Skizze","isPartOf":{"@id":"https:\/\/hobstop.ee\/lt\/#website"},"primaryImageOfPage":{"@id":"https:\/\/hobstop.ee\/lt\/produktas\/sablonas-marabu-17x66cm\/#primaryimage"},"image":{"@id":"https:\/\/hobstop.ee\/lt\/produktas\/sablonas-marabu-17x66cm\/#primaryimage"},"thumbnailUrl":"https:\/\/hobstop.ee\/media\/3224.jpg","datePublished":"2014-12-09T11:34:34+00:00","dateModified":"-0001-11-30T00:00:00+00:00","breadcrumb":{"@id":"https:\/\/hobstop.ee\/lt\/produktas\/sablonas-marabu-17x66cm\/#breadcrumb"},"inLanguage":"lt","potentialAction":[{"@type":"ReadAction","target":["https:\/\/hobstop.ee\/lt\/produktas\/sablonas-marabu-17x66cm\/"]}]},{"@type":"ImageObject","inLanguage":"lt","@id":"https:\/\/hobstop.ee\/lt\/produktas\/sablonas-marabu-17x66cm\/#primaryimage","url":"https:\/\/hobstop.ee\/media\/3224.jpg","contentUrl":"https:\/\/hobstop.ee\/media\/3224.jpg","width":1024,"height":768},{"@type":"BreadcrumbList","@id":"https:\/\/hobstop.ee\/lt\/produktas\/sablonas-marabu-17x66cm\/#breadcrumb","itemListElement":[{"@type":"ListItem","position":1,"name":"Avaleht","item":"https:\/\/hobstop.ee\/lt\/"},{"@type":"ListItem","position":2,"name":"Parduotuv\u0117","item":"https:\/\/hobstop.ee\/lt\/parduotuve\/"},{"@type":"ListItem","position":3,"name":"\u0160ablonas Marabu 17x66cm"}]},{"@type":"WebSite","@id":"https:\/\/hobstop.ee\/lt\/#website","url":"https:\/\/hobstop.ee\/lt\/","name":"Skizze","description":"Dail\u0117s, pom\u0117gi\u0173 ir mokykliniai reikm\u0117nys","publisher":{"@id":"https:\/\/hobstop.ee\/lt\/#organization"},"potentialAction":[{"@type":"SearchAction","target":{"@type":"EntryPoint","urlTemplate":"https:\/\/hobstop.ee\/lt\/?s={search_term_string}"},"query-input":{"@type":"PropertyValueSpecification","valueRequired":true,"valueName":"search_term_string"}}],"inLanguage":"lt"},{"@type":"Organization","@id":"https:\/\/hobstop.ee\/lt\/#organization","name":"Vunder AS","url":"https:\/\/hobstop.ee\/lt\/","logo":{"@type":"ImageObject","inLanguage":"lt","@id":"https:\/\/hobstop.ee\/lt\/#\/schema\/logo\/image\/","url":"https:\/\/hobstop.ee\/media\/vunder-logo.png","contentUrl":"https:\/\/hobstop.ee\/media\/vunder-logo.png","width":127,"height":55,"caption":"Vunder AS"},"image":{"@id":"https:\/\/hobstop.ee\/lt\/#\/schema\/logo\/image\/"},"sameAs":["http:\/\/www.facebook.com\/VunderSkizze"]}]}},"_links":{"self":[{"href":"https:\/\/hobstop.ee\/lt\/wp-json\/wp\/v2\/product\/62408","targetHints":{"allow":["GET"]}}],"collection":[{"href":"https:\/\/hobstop.ee\/lt\/wp-json\/wp\/v2\/product"}],"about":[{"href":"https:\/\/hobstop.ee\/lt\/wp-json\/wp\/v2\/types\/product"}],"replies":[{"embeddable":true,"href":"https:\/\/hobstop.ee\/lt\/wp-json\/wp\/v2\/comments?post=62408"}],"wp:featuredmedia":[{"embeddable":true,"href":"https:\/\/hobstop.ee\/lt\/wp-json\/wp\/v2\/media\/106383"}],"wp:attachment":[{"href":"https:\/\/hobstop.ee\/lt\/wp-json\/wp\/v2\/media?parent=62408"}],"wp:term":[{"taxonomy":"product_cat","embeddable":true,"href":"https:\/\/hobstop.ee\/lt\/wp-json\/wp\/v2\/product_cat?post=62408"},{"taxonomy":"product_tag","embeddable":true,"href":"https:\/\/hobstop.ee\/lt\/wp-json\/wp\/v2\/product_tag?post=62408"}],"curies":[{"name":"wp","href":"https:\/\/api.w.org\/{rel}","templated":true}]}}