{"id":62418,"date":"2014-12-09T13:34:37","date_gmt":"2014-12-09T11:34:37","guid":{"rendered":"https:\/\/sharks.ee\/vunder_2019.klient.veebimajutus.ee\/?post_type=product&p=62418"},"modified":"2014-12-09T13:34:37","modified_gmt":"2014-12-09T10:34:37","slug":"silko-dazai-h-dupont-classique-250ml","status":"publish","type":"product","link":"https:\/\/hobstop.ee\/lt\/produktas\/silko-dazai-h-dupont-classique-250ml\/","title":{"rendered":"\u0160ilko da\u017eai H.Dupont Classique 250ml"},"content":{"rendered":"<p>Itin ry\u0161ki\u0173 ir intensyvi\u0173 spalv\u0173 garinimu u\u017etvirtinami \u0161ilko da\u017eai \u201eH Dupont Classique\u201c, labai atspar\u016bs oro s\u0105lygoms, \u0161viesos poveikiui ir plovimui. Labai koncentruoti, tod\u0117l galima skiesti, tinka visoms darbo su \u0161ilku technikoms. Puikiai tinka \u0161ilkui ir vilnai da\u017eyti. Da\u017eymo metu \u012f vanden\u012f \u012fpilti 1\u20135 % acto ir 0,5\u201315 % da\u017e\u0173, pried\u0173 \u2013 priklausomai nuo norimos spalvos intensyvumo ir audinio kiekio.<\/p>\n","protected":false},"excerpt":{"rendered":"<p>Itin ry\u0161ki\u0173 ir intensyvi\u0173 spalv\u0173 garinimu u\u017etvirtinami \u0161ilko da\u017eai \u201eH Dupont Classique\u201c, labai atspar\u016bs oro s\u0105lygoms, \u0161viesos poveikiui ir plovimui. Labai koncentruoti, tod\u0117l galima skiesti, tinka visoms darbo su \u0161ilku technikoms. Puikiai tinka \u0161ilkui ir vilnai da\u017eyti. Da\u017eymo metu \u012f vanden\u012f \u012fpilti 1\u20135 % acto ir 0,5\u201315 % da\u017e\u0173, pried\u0173 \u2013 priklausomai nuo norimos spalvos intensyvumo ir audinio kiekio.<\/p>\n","protected":false},"featured_media":106403,"comment_status":"closed","ping_status":"closed","template":"","meta":{"_acf_changed":false,"ep_exclude_from_search":false},"product_cat":[14990,17919,14893],"product_tag":[],"class_list":{"0":"post-62418","1":"product","2":"type-product","3":"status-publish","4":"has-post-thumbnail","6":"product_cat-loikenoad","7":"product_cat-pomegiu-prekes","8":"product_cat-tekstilei","10":"first","11":"instock","12":"taxable","13":"shipping-taxable","14":"purchasable","15":"product-type-variable"},"acf":[],"yoast_head":"<!-- This site is optimized with the Yoast SEO plugin v24.1 - https:\/\/yoast.com\/wordpress\/plugins\/seo\/ -->\n<title>\u0160ilko da\u017eai H.Dupont Classique 250ml &#8211; Skizze<\/title>\n<meta name=\"robots\" content=\"noindex, follow, max-snippet:-1, max-image-preview:large, max-video-preview:-1\" \/>\n<meta property=\"og:locale\" content=\"lt_LT\" \/>\n<meta property=\"og:type\" content=\"article\" \/>\n<meta property=\"og:title\" content=\"\u0160ilko da\u017eai H.Dupont Classique 250ml &#8211; Skizze\" \/>\n<meta property=\"og:description\" content=\"Itin ry\u0161ki\u0173 ir intensyvi\u0173 spalv\u0173 garinimu u\u017etvirtinami \u0161ilko da\u017eai \u201eH Dupont Classique\u201c, labai atspar\u016bs oro s\u0105lygoms, \u0161viesos poveikiui ir plovimui. Labai koncentruoti, tod\u0117l galima skiesti, tinka visoms darbo su \u0161ilku technikoms. Puikiai tinka \u0161ilkui ir vilnai da\u017eyti. Da\u017eymo metu \u012f vanden\u012f \u012fpilti 1\u20135 % acto ir 0,5\u201315 % da\u017e\u0173, pried\u0173 \u2013 priklausomai nuo norimos spalvos intensyvumo ir audinio kiekio.\" \/>\n<meta property=\"og:url\" content=\"https:\/\/hobstop.ee\/lt\/produktas\/silko-dazai-h-dupont-classique-250ml\/\" \/>\n<meta property=\"og:site_name\" content=\"Skizze\" \/>\n<meta property=\"article:publisher\" content=\"http:\/\/www.facebook.com\/VunderSkizze\" \/>\n<meta property=\"article:modified_time\" content=\"-0001-11-30T00:00:00+00:00\" \/>\n<meta property=\"og:image\" content=\"https:\/\/www.hobstop.ee\/media\/3229.jpg\" \/>\n\t<meta property=\"og:image:width\" content=\"1024\" \/>\n\t<meta property=\"og:image:height\" content=\"768\" \/>\n\t<meta property=\"og:image:type\" content=\"image\/jpeg\" \/>\n<meta name=\"twitter:card\" content=\"summary_large_image\" \/>\n<script type=\"application\/ld+json\" class=\"yoast-schema-graph\">{\"@context\":\"https:\/\/schema.org\",\"@graph\":[{\"@type\":\"WebPage\",\"@id\":\"https:\/\/hobstop.ee\/lt\/produktas\/silko-dazai-h-dupont-classique-250ml\/\",\"url\":\"https:\/\/hobstop.ee\/lt\/produktas\/silko-dazai-h-dupont-classique-250ml\/\",\"name\":\"\u0160ilko da\u017eai H.Dupont Classique 250ml &#8211; Skizze\",\"isPartOf\":{\"@id\":\"https:\/\/hobstop.ee\/lt\/#website\"},\"primaryImageOfPage\":{\"@id\":\"https:\/\/hobstop.ee\/lt\/produktas\/silko-dazai-h-dupont-classique-250ml\/#primaryimage\"},\"image\":{\"@id\":\"https:\/\/hobstop.ee\/lt\/produktas\/silko-dazai-h-dupont-classique-250ml\/#primaryimage\"},\"thumbnailUrl\":\"https:\/\/hobstop.ee\/media\/3229.jpg\",\"datePublished\":\"2014-12-09T11:34:37+00:00\",\"dateModified\":\"-0001-11-30T00:00:00+00:00\",\"breadcrumb\":{\"@id\":\"https:\/\/hobstop.ee\/lt\/produktas\/silko-dazai-h-dupont-classique-250ml\/#breadcrumb\"},\"inLanguage\":\"lt\",\"potentialAction\":[{\"@type\":\"ReadAction\",\"target\":[\"https:\/\/hobstop.ee\/lt\/produktas\/silko-dazai-h-dupont-classique-250ml\/\"]}]},{\"@type\":\"ImageObject\",\"inLanguage\":\"lt\",\"@id\":\"https:\/\/hobstop.ee\/lt\/produktas\/silko-dazai-h-dupont-classique-250ml\/#primaryimage\",\"url\":\"https:\/\/hobstop.ee\/media\/3229.jpg\",\"contentUrl\":\"https:\/\/hobstop.ee\/media\/3229.jpg\",\"width\":1024,\"height\":768},{\"@type\":\"BreadcrumbList\",\"@id\":\"https:\/\/hobstop.ee\/lt\/produktas\/silko-dazai-h-dupont-classique-250ml\/#breadcrumb\",\"itemListElement\":[{\"@type\":\"ListItem\",\"position\":1,\"name\":\"Avaleht\",\"item\":\"https:\/\/hobstop.ee\/lt\/\"},{\"@type\":\"ListItem\",\"position\":2,\"name\":\"Parduotuv\u0117\",\"item\":\"https:\/\/hobstop.ee\/lt\/parduotuve\/\"},{\"@type\":\"ListItem\",\"position\":3,\"name\":\"\u0160ilko da\u017eai H.Dupont Classique 250ml\"}]},{\"@type\":\"WebSite\",\"@id\":\"https:\/\/hobstop.ee\/lt\/#website\",\"url\":\"https:\/\/hobstop.ee\/lt\/\",\"name\":\"Skizze\",\"description\":\"Dail\u0117s, pom\u0117gi\u0173 ir mokykliniai reikm\u0117nys\",\"publisher\":{\"@id\":\"https:\/\/hobstop.ee\/lt\/#organization\"},\"potentialAction\":[{\"@type\":\"SearchAction\",\"target\":{\"@type\":\"EntryPoint\",\"urlTemplate\":\"https:\/\/hobstop.ee\/lt\/?s={search_term_string}\"},\"query-input\":{\"@type\":\"PropertyValueSpecification\",\"valueRequired\":true,\"valueName\":\"search_term_string\"}}],\"inLanguage\":\"lt\"},{\"@type\":\"Organization\",\"@id\":\"https:\/\/hobstop.ee\/lt\/#organization\",\"name\":\"Vunder AS\",\"url\":\"https:\/\/hobstop.ee\/lt\/\",\"logo\":{\"@type\":\"ImageObject\",\"inLanguage\":\"lt\",\"@id\":\"https:\/\/hobstop.ee\/lt\/#\/schema\/logo\/image\/\",\"url\":\"https:\/\/hobstop.ee\/media\/vunder-logo.png\",\"contentUrl\":\"https:\/\/hobstop.ee\/media\/vunder-logo.png\",\"width\":127,\"height\":55,\"caption\":\"Vunder AS\"},\"image\":{\"@id\":\"https:\/\/hobstop.ee\/lt\/#\/schema\/logo\/image\/\"},\"sameAs\":[\"http:\/\/www.facebook.com\/VunderSkizze\"]}]}<\/script>\n<!-- \/ Yoast SEO plugin. -->","yoast_head_json":{"title":"\u0160ilko da\u017eai H.Dupont Classique 250ml &#8211; Skizze","robots":{"index":"noindex","follow":"follow","max-snippet":"max-snippet:-1","max-image-preview":"max-image-preview:large","max-video-preview":"max-video-preview:-1"},"og_locale":"lt_LT","og_type":"article","og_title":"\u0160ilko da\u017eai H.Dupont Classique 250ml &#8211; Skizze","og_description":"Itin ry\u0161ki\u0173 ir intensyvi\u0173 spalv\u0173 garinimu u\u017etvirtinami \u0161ilko da\u017eai \u201eH Dupont Classique\u201c, labai atspar\u016bs oro s\u0105lygoms, \u0161viesos poveikiui ir plovimui. Labai koncentruoti, tod\u0117l galima skiesti, tinka visoms darbo su \u0161ilku technikoms. Puikiai tinka \u0161ilkui ir vilnai da\u017eyti. Da\u017eymo metu \u012f vanden\u012f \u012fpilti 1\u20135 % acto ir 0,5\u201315 % da\u017e\u0173, pried\u0173 \u2013 priklausomai nuo norimos spalvos intensyvumo ir audinio kiekio.","og_url":"https:\/\/hobstop.ee\/lt\/produktas\/silko-dazai-h-dupont-classique-250ml\/","og_site_name":"Skizze","article_publisher":"http:\/\/www.facebook.com\/VunderSkizze","article_modified_time":"-0001-11-30T00:00:00+00:00","og_image":[{"width":1024,"height":768,"url":"https:\/\/www.hobstop.ee\/media\/3229.jpg","type":"image\/jpeg"}],"twitter_card":"summary_large_image","schema":{"@context":"https:\/\/schema.org","@graph":[{"@type":"WebPage","@id":"https:\/\/hobstop.ee\/lt\/produktas\/silko-dazai-h-dupont-classique-250ml\/","url":"https:\/\/hobstop.ee\/lt\/produktas\/silko-dazai-h-dupont-classique-250ml\/","name":"\u0160ilko da\u017eai H.Dupont Classique 250ml &#8211; Skizze","isPartOf":{"@id":"https:\/\/hobstop.ee\/lt\/#website"},"primaryImageOfPage":{"@id":"https:\/\/hobstop.ee\/lt\/produktas\/silko-dazai-h-dupont-classique-250ml\/#primaryimage"},"image":{"@id":"https:\/\/hobstop.ee\/lt\/produktas\/silko-dazai-h-dupont-classique-250ml\/#primaryimage"},"thumbnailUrl":"https:\/\/hobstop.ee\/media\/3229.jpg","datePublished":"2014-12-09T11:34:37+00:00","dateModified":"-0001-11-30T00:00:00+00:00","breadcrumb":{"@id":"https:\/\/hobstop.ee\/lt\/produktas\/silko-dazai-h-dupont-classique-250ml\/#breadcrumb"},"inLanguage":"lt","potentialAction":[{"@type":"ReadAction","target":["https:\/\/hobstop.ee\/lt\/produktas\/silko-dazai-h-dupont-classique-250ml\/"]}]},{"@type":"ImageObject","inLanguage":"lt","@id":"https:\/\/hobstop.ee\/lt\/produktas\/silko-dazai-h-dupont-classique-250ml\/#primaryimage","url":"https:\/\/hobstop.ee\/media\/3229.jpg","contentUrl":"https:\/\/hobstop.ee\/media\/3229.jpg","width":1024,"height":768},{"@type":"BreadcrumbList","@id":"https:\/\/hobstop.ee\/lt\/produktas\/silko-dazai-h-dupont-classique-250ml\/#breadcrumb","itemListElement":[{"@type":"ListItem","position":1,"name":"Avaleht","item":"https:\/\/hobstop.ee\/lt\/"},{"@type":"ListItem","position":2,"name":"Parduotuv\u0117","item":"https:\/\/hobstop.ee\/lt\/parduotuve\/"},{"@type":"ListItem","position":3,"name":"\u0160ilko da\u017eai H.Dupont Classique 250ml"}]},{"@type":"WebSite","@id":"https:\/\/hobstop.ee\/lt\/#website","url":"https:\/\/hobstop.ee\/lt\/","name":"Skizze","description":"Dail\u0117s, pom\u0117gi\u0173 ir mokykliniai reikm\u0117nys","publisher":{"@id":"https:\/\/hobstop.ee\/lt\/#organization"},"potentialAction":[{"@type":"SearchAction","target":{"@type":"EntryPoint","urlTemplate":"https:\/\/hobstop.ee\/lt\/?s={search_term_string}"},"query-input":{"@type":"PropertyValueSpecification","valueRequired":true,"valueName":"search_term_string"}}],"inLanguage":"lt"},{"@type":"Organization","@id":"https:\/\/hobstop.ee\/lt\/#organization","name":"Vunder AS","url":"https:\/\/hobstop.ee\/lt\/","logo":{"@type":"ImageObject","inLanguage":"lt","@id":"https:\/\/hobstop.ee\/lt\/#\/schema\/logo\/image\/","url":"https:\/\/hobstop.ee\/media\/vunder-logo.png","contentUrl":"https:\/\/hobstop.ee\/media\/vunder-logo.png","width":127,"height":55,"caption":"Vunder AS"},"image":{"@id":"https:\/\/hobstop.ee\/lt\/#\/schema\/logo\/image\/"},"sameAs":["http:\/\/www.facebook.com\/VunderSkizze"]}]}},"_links":{"self":[{"href":"https:\/\/hobstop.ee\/lt\/wp-json\/wp\/v2\/product\/62418","targetHints":{"allow":["GET"]}}],"collection":[{"href":"https:\/\/hobstop.ee\/lt\/wp-json\/wp\/v2\/product"}],"about":[{"href":"https:\/\/hobstop.ee\/lt\/wp-json\/wp\/v2\/types\/product"}],"replies":[{"embeddable":true,"href":"https:\/\/hobstop.ee\/lt\/wp-json\/wp\/v2\/comments?post=62418"}],"wp:featuredmedia":[{"embeddable":true,"href":"https:\/\/hobstop.ee\/lt\/wp-json\/wp\/v2\/media\/106403"}],"wp:attachment":[{"href":"https:\/\/hobstop.ee\/lt\/wp-json\/wp\/v2\/media?parent=62418"}],"wp:term":[{"taxonomy":"product_cat","embeddable":true,"href":"https:\/\/hobstop.ee\/lt\/wp-json\/wp\/v2\/product_cat?post=62418"},{"taxonomy":"product_tag","embeddable":true,"href":"https:\/\/hobstop.ee\/lt\/wp-json\/wp\/v2\/product_tag?post=62418"}],"curies":[{"name":"wp","href":"https:\/\/api.w.org\/{rel}","templated":true}]}}