{"id":62484,"date":"2014-12-09T13:34:47","date_gmt":"2014-12-09T11:34:47","guid":{"rendered":"https:\/\/sharks.ee\/vunder_2019.klient.veebimajutus.ee\/?post_type=product&p=62484"},"modified":"2014-12-09T13:34:47","modified_gmt":"2014-12-09T10:34:47","slug":"aerozoliniai-dazai-liquitex-balionelio-antgaliai","status":"publish","type":"product","link":"https:\/\/hobstop.ee\/lt\/produktas\/aerozoliniai-dazai-liquitex-balionelio-antgaliai\/","title":{"rendered":"Aerozoliniai da\u017eai Liquitex balion\u0117lio antgaliai"},"content":{"rendered":"<p>Pur\u0161kiam\u0173 da\u017e\u0173 indo antgaliai tinka naudoti su \u201eLiquitex\u201c pur\u0161kiam\u0173 da\u017e\u0173 indeliais. Tinka u\u017esikim\u0161usiems antgaliams pakeisti, kad da\u017eus b\u016bt\u0173 galima naudoti kiek galima ilgiau. Antgaliai yra gaminami su \u012fvairaus dyd\u017eio pur\u0161kimo angomis, kad b\u016bt\u0173 pasiektas kuo \u012fvairesnis rezultatas.<\/p>\n","protected":false},"excerpt":{"rendered":"<p>Pur\u0161kiam\u0173 da\u017e\u0173 indo antgaliai tinka naudoti su \u201eLiquitex\u201c pur\u0161kiam\u0173 da\u017e\u0173 indeliais. Tinka u\u017esikim\u0161usiems antgaliams pakeisti, kad da\u017eus b\u016bt\u0173 galima naudoti kiek galima ilgiau. Antgaliai yra gaminami su \u012fvairaus dyd\u017eio pur\u0161kimo angomis, kad b\u016bt\u0173 pasiektas kuo \u012fvairesnis rezultatas.<\/p>\n","protected":false},"featured_media":148330,"comment_status":"closed","ping_status":"closed","template":"","meta":{"_acf_changed":false,"ep_exclude_from_search":false},"product_cat":[16124,17981,18762],"product_tag":[],"class_list":{"0":"post-62484","1":"product","2":"type-product","3":"status-publish","4":"has-post-thumbnail","6":"product_cat-dailes-prekes","7":"product_cat-dazai-ir-priedai-tapybai","8":"product_cat-ivairus-24","10":"first","11":"instock","12":"taxable","13":"shipping-taxable","14":"purchasable","15":"product-type-variable"},"acf":[],"yoast_head":"<!-- This site is optimized with the Yoast SEO plugin v24.1 - https:\/\/yoast.com\/wordpress\/plugins\/seo\/ -->\n<title>Aerozoliniai da\u017eai Liquitex balion\u0117lio antgaliai &#8211; Skizze<\/title>\n<meta name=\"robots\" content=\"noindex, follow, max-snippet:-1, max-image-preview:large, max-video-preview:-1\" \/>\n<meta property=\"og:locale\" content=\"lt_LT\" \/>\n<meta property=\"og:type\" content=\"article\" \/>\n<meta property=\"og:title\" content=\"Aerozoliniai da\u017eai Liquitex balion\u0117lio antgaliai &#8211; Skizze\" \/>\n<meta property=\"og:description\" content=\"Pur\u0161kiam\u0173 da\u017e\u0173 indo antgaliai tinka naudoti su \u201eLiquitex\u201c pur\u0161kiam\u0173 da\u017e\u0173 indeliais. Tinka u\u017esikim\u0161usiems antgaliams pakeisti, kad da\u017eus b\u016bt\u0173 galima naudoti kiek galima ilgiau. Antgaliai yra gaminami su \u012fvairaus dyd\u017eio pur\u0161kimo angomis, kad b\u016bt\u0173 pasiektas kuo \u012fvairesnis rezultatas.\" \/>\n<meta property=\"og:url\" content=\"https:\/\/hobstop.ee\/lt\/produktas\/aerozoliniai-dazai-liquitex-balionelio-antgaliai\/\" \/>\n<meta property=\"og:site_name\" content=\"Skizze\" \/>\n<meta property=\"article:publisher\" content=\"http:\/\/www.facebook.com\/VunderSkizze\" \/>\n<meta property=\"article:modified_time\" content=\"-0001-11-30T00:00:00+00:00\" \/>\n<meta property=\"og:image\" content=\"https:\/\/hobstop.ee\/media\/3260.jpg\" \/>\n\t<meta property=\"og:image:width\" content=\"1024\" \/>\n\t<meta property=\"og:image:height\" content=\"768\" \/>\n\t<meta property=\"og:image:type\" content=\"image\/jpeg\" \/>\n<meta name=\"twitter:card\" content=\"summary_large_image\" \/>\n<script type=\"application\/ld+json\" class=\"yoast-schema-graph\">{\"@context\":\"https:\/\/schema.org\",\"@graph\":[{\"@type\":\"WebPage\",\"@id\":\"https:\/\/hobstop.ee\/lt\/produktas\/aerozoliniai-dazai-liquitex-balionelio-antgaliai\/\",\"url\":\"https:\/\/hobstop.ee\/lt\/produktas\/aerozoliniai-dazai-liquitex-balionelio-antgaliai\/\",\"name\":\"Aerozoliniai da\u017eai Liquitex balion\u0117lio antgaliai &#8211; Skizze\",\"isPartOf\":{\"@id\":\"https:\/\/www.hobstop.ee\/lt\/#website\"},\"primaryImageOfPage\":{\"@id\":\"https:\/\/hobstop.ee\/lt\/produktas\/aerozoliniai-dazai-liquitex-balionelio-antgaliai\/#primaryimage\"},\"image\":{\"@id\":\"https:\/\/hobstop.ee\/lt\/produktas\/aerozoliniai-dazai-liquitex-balionelio-antgaliai\/#primaryimage\"},\"thumbnailUrl\":\"https:\/\/hobstop.ee\/media\/3260.jpg\",\"datePublished\":\"2014-12-09T11:34:47+00:00\",\"dateModified\":\"-0001-11-30T00:00:00+00:00\",\"breadcrumb\":{\"@id\":\"https:\/\/hobstop.ee\/lt\/produktas\/aerozoliniai-dazai-liquitex-balionelio-antgaliai\/#breadcrumb\"},\"inLanguage\":\"lt\",\"potentialAction\":[{\"@type\":\"ReadAction\",\"target\":[\"https:\/\/hobstop.ee\/lt\/produktas\/aerozoliniai-dazai-liquitex-balionelio-antgaliai\/\"]}]},{\"@type\":\"ImageObject\",\"inLanguage\":\"lt\",\"@id\":\"https:\/\/hobstop.ee\/lt\/produktas\/aerozoliniai-dazai-liquitex-balionelio-antgaliai\/#primaryimage\",\"url\":\"https:\/\/hobstop.ee\/media\/3260.jpg\",\"contentUrl\":\"https:\/\/hobstop.ee\/media\/3260.jpg\",\"width\":1024,\"height\":768},{\"@type\":\"BreadcrumbList\",\"@id\":\"https:\/\/hobstop.ee\/lt\/produktas\/aerozoliniai-dazai-liquitex-balionelio-antgaliai\/#breadcrumb\",\"itemListElement\":[{\"@type\":\"ListItem\",\"position\":1,\"name\":\"Avaleht\",\"item\":\"https:\/\/www.hobstop.ee\/lt\/\"},{\"@type\":\"ListItem\",\"position\":2,\"name\":\"Parduotuv\u0117\",\"item\":\"https:\/\/www.hobstop.ee\/lt\/parduotuve\/\"},{\"@type\":\"ListItem\",\"position\":3,\"name\":\"Aerozoliniai da\u017eai Liquitex balion\u0117lio antgaliai\"}]},{\"@type\":\"WebSite\",\"@id\":\"https:\/\/www.hobstop.ee\/lt\/#website\",\"url\":\"https:\/\/www.hobstop.ee\/lt\/\",\"name\":\"Skizze\",\"description\":\"Dail\u0117s, pom\u0117gi\u0173 ir mokykliniai reikm\u0117nys\",\"publisher\":{\"@id\":\"https:\/\/www.hobstop.ee\/lt\/#organization\"},\"potentialAction\":[{\"@type\":\"SearchAction\",\"target\":{\"@type\":\"EntryPoint\",\"urlTemplate\":\"https:\/\/www.hobstop.ee\/lt\/?s={search_term_string}\"},\"query-input\":{\"@type\":\"PropertyValueSpecification\",\"valueRequired\":true,\"valueName\":\"search_term_string\"}}],\"inLanguage\":\"lt\"},{\"@type\":\"Organization\",\"@id\":\"https:\/\/www.hobstop.ee\/lt\/#organization\",\"name\":\"Vunder AS\",\"url\":\"https:\/\/www.hobstop.ee\/lt\/\",\"logo\":{\"@type\":\"ImageObject\",\"inLanguage\":\"lt\",\"@id\":\"https:\/\/www.hobstop.ee\/lt\/#\/schema\/logo\/image\/\",\"url\":\"https:\/\/hobstop.ee\/media\/vunder-logo.png\",\"contentUrl\":\"https:\/\/hobstop.ee\/media\/vunder-logo.png\",\"width\":127,\"height\":55,\"caption\":\"Vunder AS\"},\"image\":{\"@id\":\"https:\/\/www.hobstop.ee\/lt\/#\/schema\/logo\/image\/\"},\"sameAs\":[\"http:\/\/www.facebook.com\/VunderSkizze\"]}]}<\/script>\n<!-- \/ Yoast SEO plugin. -->","yoast_head_json":{"title":"Aerozoliniai da\u017eai Liquitex balion\u0117lio antgaliai &#8211; Skizze","robots":{"index":"noindex","follow":"follow","max-snippet":"max-snippet:-1","max-image-preview":"max-image-preview:large","max-video-preview":"max-video-preview:-1"},"og_locale":"lt_LT","og_type":"article","og_title":"Aerozoliniai da\u017eai Liquitex balion\u0117lio antgaliai &#8211; Skizze","og_description":"Pur\u0161kiam\u0173 da\u017e\u0173 indo antgaliai tinka naudoti su \u201eLiquitex\u201c pur\u0161kiam\u0173 da\u017e\u0173 indeliais. Tinka u\u017esikim\u0161usiems antgaliams pakeisti, kad da\u017eus b\u016bt\u0173 galima naudoti kiek galima ilgiau. Antgaliai yra gaminami su \u012fvairaus dyd\u017eio pur\u0161kimo angomis, kad b\u016bt\u0173 pasiektas kuo \u012fvairesnis rezultatas.","og_url":"https:\/\/hobstop.ee\/lt\/produktas\/aerozoliniai-dazai-liquitex-balionelio-antgaliai\/","og_site_name":"Skizze","article_publisher":"http:\/\/www.facebook.com\/VunderSkizze","article_modified_time":"-0001-11-30T00:00:00+00:00","og_image":[{"width":1024,"height":768,"url":"https:\/\/hobstop.ee\/media\/3260.jpg","type":"image\/jpeg"}],"twitter_card":"summary_large_image","schema":{"@context":"https:\/\/schema.org","@graph":[{"@type":"WebPage","@id":"https:\/\/hobstop.ee\/lt\/produktas\/aerozoliniai-dazai-liquitex-balionelio-antgaliai\/","url":"https:\/\/hobstop.ee\/lt\/produktas\/aerozoliniai-dazai-liquitex-balionelio-antgaliai\/","name":"Aerozoliniai da\u017eai Liquitex balion\u0117lio antgaliai &#8211; Skizze","isPartOf":{"@id":"https:\/\/www.hobstop.ee\/lt\/#website"},"primaryImageOfPage":{"@id":"https:\/\/hobstop.ee\/lt\/produktas\/aerozoliniai-dazai-liquitex-balionelio-antgaliai\/#primaryimage"},"image":{"@id":"https:\/\/hobstop.ee\/lt\/produktas\/aerozoliniai-dazai-liquitex-balionelio-antgaliai\/#primaryimage"},"thumbnailUrl":"https:\/\/hobstop.ee\/media\/3260.jpg","datePublished":"2014-12-09T11:34:47+00:00","dateModified":"-0001-11-30T00:00:00+00:00","breadcrumb":{"@id":"https:\/\/hobstop.ee\/lt\/produktas\/aerozoliniai-dazai-liquitex-balionelio-antgaliai\/#breadcrumb"},"inLanguage":"lt","potentialAction":[{"@type":"ReadAction","target":["https:\/\/hobstop.ee\/lt\/produktas\/aerozoliniai-dazai-liquitex-balionelio-antgaliai\/"]}]},{"@type":"ImageObject","inLanguage":"lt","@id":"https:\/\/hobstop.ee\/lt\/produktas\/aerozoliniai-dazai-liquitex-balionelio-antgaliai\/#primaryimage","url":"https:\/\/hobstop.ee\/media\/3260.jpg","contentUrl":"https:\/\/hobstop.ee\/media\/3260.jpg","width":1024,"height":768},{"@type":"BreadcrumbList","@id":"https:\/\/hobstop.ee\/lt\/produktas\/aerozoliniai-dazai-liquitex-balionelio-antgaliai\/#breadcrumb","itemListElement":[{"@type":"ListItem","position":1,"name":"Avaleht","item":"https:\/\/www.hobstop.ee\/lt\/"},{"@type":"ListItem","position":2,"name":"Parduotuv\u0117","item":"https:\/\/www.hobstop.ee\/lt\/parduotuve\/"},{"@type":"ListItem","position":3,"name":"Aerozoliniai da\u017eai Liquitex balion\u0117lio antgaliai"}]},{"@type":"WebSite","@id":"https:\/\/www.hobstop.ee\/lt\/#website","url":"https:\/\/www.hobstop.ee\/lt\/","name":"Skizze","description":"Dail\u0117s, pom\u0117gi\u0173 ir mokykliniai reikm\u0117nys","publisher":{"@id":"https:\/\/www.hobstop.ee\/lt\/#organization"},"potentialAction":[{"@type":"SearchAction","target":{"@type":"EntryPoint","urlTemplate":"https:\/\/www.hobstop.ee\/lt\/?s={search_term_string}"},"query-input":{"@type":"PropertyValueSpecification","valueRequired":true,"valueName":"search_term_string"}}],"inLanguage":"lt"},{"@type":"Organization","@id":"https:\/\/www.hobstop.ee\/lt\/#organization","name":"Vunder AS","url":"https:\/\/www.hobstop.ee\/lt\/","logo":{"@type":"ImageObject","inLanguage":"lt","@id":"https:\/\/www.hobstop.ee\/lt\/#\/schema\/logo\/image\/","url":"https:\/\/hobstop.ee\/media\/vunder-logo.png","contentUrl":"https:\/\/hobstop.ee\/media\/vunder-logo.png","width":127,"height":55,"caption":"Vunder AS"},"image":{"@id":"https:\/\/www.hobstop.ee\/lt\/#\/schema\/logo\/image\/"},"sameAs":["http:\/\/www.facebook.com\/VunderSkizze"]}]}},"_links":{"self":[{"href":"https:\/\/hobstop.ee\/lt\/wp-json\/wp\/v2\/product\/62484","targetHints":{"allow":["GET"]}}],"collection":[{"href":"https:\/\/hobstop.ee\/lt\/wp-json\/wp\/v2\/product"}],"about":[{"href":"https:\/\/hobstop.ee\/lt\/wp-json\/wp\/v2\/types\/product"}],"replies":[{"embeddable":true,"href":"https:\/\/hobstop.ee\/lt\/wp-json\/wp\/v2\/comments?post=62484"}],"wp:featuredmedia":[{"embeddable":true,"href":"https:\/\/hobstop.ee\/lt\/wp-json\/wp\/v2\/media\/148330"}],"wp:attachment":[{"href":"https:\/\/hobstop.ee\/lt\/wp-json\/wp\/v2\/media?parent=62484"}],"wp:term":[{"taxonomy":"product_cat","embeddable":true,"href":"https:\/\/hobstop.ee\/lt\/wp-json\/wp\/v2\/product_cat?post=62484"},{"taxonomy":"product_tag","embeddable":true,"href":"https:\/\/hobstop.ee\/lt\/wp-json\/wp\/v2\/product_tag?post=62484"}],"curies":[{"name":"wp","href":"https:\/\/api.w.org\/{rel}","templated":true}]}}