{"id":62512,"date":"2014-12-09T13:34:53","date_gmt":"2014-12-09T11:34:53","guid":{"rendered":"https:\/\/sharks.ee\/vunder_2019.klient.veebimajutus.ee\/?post_type=product&p=62512"},"modified":"2014-12-09T13:34:53","modified_gmt":"2014-12-09T10:34:53","slug":"vaskine-kreidele-artbar-metaline-dezute","status":"publish","type":"product","link":"https:\/\/hobstop.ee\/lt\/produktas\/vaskine-kreidele-artbar-metaline-dezute\/","title":{"rendered":"Va\u0161kin\u0117 kreidel\u0117 Artbar metalin\u0117 d\u0117\u017eut\u0117"},"content":{"rendered":"<p>\u0160iose dailiose kremin\u0117s konsistencijos trikamp\u0117se kreidel\u0117se yra itin gausu pigmento, tod\u0117l dirbdami su jomis patirsite dar daugiau k\u016brybin\u0117s laisv\u0117s. Kreidel\u0117s yra sodriai mink\u0161tos, o gamybai naudojamas ry\u0161ki\u0173 spalv\u0173 ir tir\u0161tas pigmentas. Va\u0161kin\u0117s kreidel\u0117s visi\u0161kai tirpsta vandenyje, sausos d\u0117m\u0117s tarsi liejasi po J\u016bs\u0173 teptuku. Kreideles \u201eArtbar\u201c galima naudoti tiek sausas, tiek ir sudr\u0117kintas vandeniu, \u0161i ekspresyvi med\u017eiaga atveria turting\u0105 ir ry\u0161k\u0173 spalv\u0173 pasaul\u012f.<br \/>\nTrikamp\u0117, kra\u0161tai: 10mm, ilgis 95mm.<\/p>\n","protected":false},"excerpt":{"rendered":"<p>\u0160iose dailiose kremin\u0117s konsistencijos trikamp\u0117se kreidel\u0117se yra itin gausu pigmento, tod\u0117l dirbdami su jomis patirsite dar daugiau k\u016brybin\u0117s laisv\u0117s. Kreidel\u0117s yra sodriai mink\u0161tos, o gamybai naudojamas ry\u0161ki\u0173 spalv\u0173 ir tir\u0161tas pigmentas. Va\u0161kin\u0117s kreidel\u0117s visi\u0161kai tirpsta vandenyje, sausos d\u0117m\u0117s tarsi liejasi po J\u016bs\u0173 teptuku. Kreideles \u201eArtbar\u201c galima naudoti tiek sausas, tiek ir sudr\u0117kintas vandeniu, \u0161i ekspresyvi med\u017eiaga atveria turting\u0105 ir ry\u0161k\u0173 spalv\u0173 pasaul\u012f. Trikamp\u0117, kra\u0161tai: 10mm, ilgis 95mm.<\/p>\n","protected":false},"featured_media":142929,"comment_status":"closed","ping_status":"closed","template":"","meta":{"_acf_changed":false,"ep_exclude_from_search":false},"product_cat":[16124,14994,18932],"product_tag":[],"class_list":{"0":"post-62512","1":"product","2":"type-product","3":"status-publish","4":"has-post-thumbnail","6":"product_cat-dailes-prekes","7":"product_cat-kreideles-2","8":"product_cat-piesimo-reikmenys-3","10":"first","11":"instock","12":"sale","13":"taxable","14":"shipping-taxable","15":"purchasable","16":"product-type-variable"},"acf":[],"yoast_head":"<!-- This site is optimized with the Yoast SEO plugin v24.1 - https:\/\/yoast.com\/wordpress\/plugins\/seo\/ -->\n<title>Va\u0161kin\u0117 kreidel\u0117 Artbar metalin\u0117 d\u0117\u017eut\u0117 &#8211; Skizze<\/title>\n<meta name=\"robots\" content=\"noindex, follow, max-snippet:-1, max-image-preview:large, max-video-preview:-1\" \/>\n<meta property=\"og:locale\" content=\"lt_LT\" \/>\n<meta property=\"og:type\" content=\"article\" \/>\n<meta property=\"og:title\" content=\"Va\u0161kin\u0117 kreidel\u0117 Artbar metalin\u0117 d\u0117\u017eut\u0117 &#8211; Skizze\" \/>\n<meta property=\"og:description\" content=\"\u0160iose dailiose kremin\u0117s konsistencijos trikamp\u0117se kreidel\u0117se yra itin gausu pigmento, tod\u0117l dirbdami su jomis patirsite dar daugiau k\u016brybin\u0117s laisv\u0117s. Kreidel\u0117s yra sodriai mink\u0161tos, o gamybai naudojamas ry\u0161ki\u0173 spalv\u0173 ir tir\u0161tas pigmentas. Va\u0161kin\u0117s kreidel\u0117s visi\u0161kai tirpsta vandenyje, sausos d\u0117m\u0117s tarsi liejasi po J\u016bs\u0173 teptuku. Kreideles \u201eArtbar\u201c galima naudoti tiek sausas, tiek ir sudr\u0117kintas vandeniu, \u0161i ekspresyvi med\u017eiaga atveria turting\u0105 ir ry\u0161k\u0173 spalv\u0173 pasaul\u012f. Trikamp\u0117, kra\u0161tai: 10mm, ilgis 95mm.\" \/>\n<meta property=\"og:url\" content=\"https:\/\/hobstop.ee\/lt\/produktas\/vaskine-kreidele-artbar-metaline-dezute\/\" \/>\n<meta property=\"og:site_name\" content=\"Skizze\" \/>\n<meta property=\"article:publisher\" content=\"http:\/\/www.facebook.com\/VunderSkizze\" \/>\n<meta property=\"article:modified_time\" content=\"-0001-11-30T00:00:00+00:00\" \/>\n<meta property=\"og:image\" content=\"https:\/\/hobstop.ee\/media\/3299.jpg\" \/>\n\t<meta property=\"og:image:width\" content=\"1024\" \/>\n\t<meta property=\"og:image:height\" content=\"768\" \/>\n\t<meta property=\"og:image:type\" content=\"image\/jpeg\" \/>\n<meta name=\"twitter:card\" content=\"summary_large_image\" \/>\n<script type=\"application\/ld+json\" class=\"yoast-schema-graph\">{\"@context\":\"https:\/\/schema.org\",\"@graph\":[{\"@type\":\"WebPage\",\"@id\":\"https:\/\/hobstop.ee\/lt\/produktas\/vaskine-kreidele-artbar-metaline-dezute\/\",\"url\":\"https:\/\/hobstop.ee\/lt\/produktas\/vaskine-kreidele-artbar-metaline-dezute\/\",\"name\":\"Va\u0161kin\u0117 kreidel\u0117 Artbar metalin\u0117 d\u0117\u017eut\u0117 &#8211; Skizze\",\"isPartOf\":{\"@id\":\"https:\/\/hobstop.ee\/lt\/#website\"},\"primaryImageOfPage\":{\"@id\":\"https:\/\/hobstop.ee\/lt\/produktas\/vaskine-kreidele-artbar-metaline-dezute\/#primaryimage\"},\"image\":{\"@id\":\"https:\/\/hobstop.ee\/lt\/produktas\/vaskine-kreidele-artbar-metaline-dezute\/#primaryimage\"},\"thumbnailUrl\":\"https:\/\/hobstop.ee\/media\/3299.jpg\",\"datePublished\":\"2014-12-09T11:34:53+00:00\",\"dateModified\":\"-0001-11-30T00:00:00+00:00\",\"breadcrumb\":{\"@id\":\"https:\/\/hobstop.ee\/lt\/produktas\/vaskine-kreidele-artbar-metaline-dezute\/#breadcrumb\"},\"inLanguage\":\"lt\",\"potentialAction\":[{\"@type\":\"ReadAction\",\"target\":[\"https:\/\/hobstop.ee\/lt\/produktas\/vaskine-kreidele-artbar-metaline-dezute\/\"]}]},{\"@type\":\"ImageObject\",\"inLanguage\":\"lt\",\"@id\":\"https:\/\/hobstop.ee\/lt\/produktas\/vaskine-kreidele-artbar-metaline-dezute\/#primaryimage\",\"url\":\"https:\/\/hobstop.ee\/media\/3299.jpg\",\"contentUrl\":\"https:\/\/hobstop.ee\/media\/3299.jpg\",\"width\":1024,\"height\":768},{\"@type\":\"BreadcrumbList\",\"@id\":\"https:\/\/hobstop.ee\/lt\/produktas\/vaskine-kreidele-artbar-metaline-dezute\/#breadcrumb\",\"itemListElement\":[{\"@type\":\"ListItem\",\"position\":1,\"name\":\"Avaleht\",\"item\":\"https:\/\/hobstop.ee\/lt\/\"},{\"@type\":\"ListItem\",\"position\":2,\"name\":\"Parduotuv\u0117\",\"item\":\"https:\/\/hobstop.ee\/lt\/parduotuve\/\"},{\"@type\":\"ListItem\",\"position\":3,\"name\":\"Va\u0161kin\u0117 kreidel\u0117 Artbar metalin\u0117 d\u0117\u017eut\u0117\"}]},{\"@type\":\"WebSite\",\"@id\":\"https:\/\/hobstop.ee\/lt\/#website\",\"url\":\"https:\/\/hobstop.ee\/lt\/\",\"name\":\"Skizze\",\"description\":\"Dail\u0117s, pom\u0117gi\u0173 ir mokykliniai reikm\u0117nys\",\"publisher\":{\"@id\":\"https:\/\/hobstop.ee\/lt\/#organization\"},\"potentialAction\":[{\"@type\":\"SearchAction\",\"target\":{\"@type\":\"EntryPoint\",\"urlTemplate\":\"https:\/\/hobstop.ee\/lt\/?s={search_term_string}\"},\"query-input\":{\"@type\":\"PropertyValueSpecification\",\"valueRequired\":true,\"valueName\":\"search_term_string\"}}],\"inLanguage\":\"lt\"},{\"@type\":\"Organization\",\"@id\":\"https:\/\/hobstop.ee\/lt\/#organization\",\"name\":\"Vunder AS\",\"url\":\"https:\/\/hobstop.ee\/lt\/\",\"logo\":{\"@type\":\"ImageObject\",\"inLanguage\":\"lt\",\"@id\":\"https:\/\/hobstop.ee\/lt\/#\/schema\/logo\/image\/\",\"url\":\"https:\/\/hobstop.ee\/media\/vunder-logo.png\",\"contentUrl\":\"https:\/\/hobstop.ee\/media\/vunder-logo.png\",\"width\":127,\"height\":55,\"caption\":\"Vunder AS\"},\"image\":{\"@id\":\"https:\/\/hobstop.ee\/lt\/#\/schema\/logo\/image\/\"},\"sameAs\":[\"http:\/\/www.facebook.com\/VunderSkizze\"]}]}<\/script>\n<!-- \/ Yoast SEO plugin. -->","yoast_head_json":{"title":"Va\u0161kin\u0117 kreidel\u0117 Artbar metalin\u0117 d\u0117\u017eut\u0117 &#8211; Skizze","robots":{"index":"noindex","follow":"follow","max-snippet":"max-snippet:-1","max-image-preview":"max-image-preview:large","max-video-preview":"max-video-preview:-1"},"og_locale":"lt_LT","og_type":"article","og_title":"Va\u0161kin\u0117 kreidel\u0117 Artbar metalin\u0117 d\u0117\u017eut\u0117 &#8211; Skizze","og_description":"\u0160iose dailiose kremin\u0117s konsistencijos trikamp\u0117se kreidel\u0117se yra itin gausu pigmento, tod\u0117l dirbdami su jomis patirsite dar daugiau k\u016brybin\u0117s laisv\u0117s. Kreidel\u0117s yra sodriai mink\u0161tos, o gamybai naudojamas ry\u0161ki\u0173 spalv\u0173 ir tir\u0161tas pigmentas. Va\u0161kin\u0117s kreidel\u0117s visi\u0161kai tirpsta vandenyje, sausos d\u0117m\u0117s tarsi liejasi po J\u016bs\u0173 teptuku. Kreideles \u201eArtbar\u201c galima naudoti tiek sausas, tiek ir sudr\u0117kintas vandeniu, \u0161i ekspresyvi med\u017eiaga atveria turting\u0105 ir ry\u0161k\u0173 spalv\u0173 pasaul\u012f. Trikamp\u0117, kra\u0161tai: 10mm, ilgis 95mm.","og_url":"https:\/\/hobstop.ee\/lt\/produktas\/vaskine-kreidele-artbar-metaline-dezute\/","og_site_name":"Skizze","article_publisher":"http:\/\/www.facebook.com\/VunderSkizze","article_modified_time":"-0001-11-30T00:00:00+00:00","og_image":[{"width":1024,"height":768,"url":"https:\/\/hobstop.ee\/media\/3299.jpg","type":"image\/jpeg"}],"twitter_card":"summary_large_image","schema":{"@context":"https:\/\/schema.org","@graph":[{"@type":"WebPage","@id":"https:\/\/hobstop.ee\/lt\/produktas\/vaskine-kreidele-artbar-metaline-dezute\/","url":"https:\/\/hobstop.ee\/lt\/produktas\/vaskine-kreidele-artbar-metaline-dezute\/","name":"Va\u0161kin\u0117 kreidel\u0117 Artbar metalin\u0117 d\u0117\u017eut\u0117 &#8211; Skizze","isPartOf":{"@id":"https:\/\/hobstop.ee\/lt\/#website"},"primaryImageOfPage":{"@id":"https:\/\/hobstop.ee\/lt\/produktas\/vaskine-kreidele-artbar-metaline-dezute\/#primaryimage"},"image":{"@id":"https:\/\/hobstop.ee\/lt\/produktas\/vaskine-kreidele-artbar-metaline-dezute\/#primaryimage"},"thumbnailUrl":"https:\/\/hobstop.ee\/media\/3299.jpg","datePublished":"2014-12-09T11:34:53+00:00","dateModified":"-0001-11-30T00:00:00+00:00","breadcrumb":{"@id":"https:\/\/hobstop.ee\/lt\/produktas\/vaskine-kreidele-artbar-metaline-dezute\/#breadcrumb"},"inLanguage":"lt","potentialAction":[{"@type":"ReadAction","target":["https:\/\/hobstop.ee\/lt\/produktas\/vaskine-kreidele-artbar-metaline-dezute\/"]}]},{"@type":"ImageObject","inLanguage":"lt","@id":"https:\/\/hobstop.ee\/lt\/produktas\/vaskine-kreidele-artbar-metaline-dezute\/#primaryimage","url":"https:\/\/hobstop.ee\/media\/3299.jpg","contentUrl":"https:\/\/hobstop.ee\/media\/3299.jpg","width":1024,"height":768},{"@type":"BreadcrumbList","@id":"https:\/\/hobstop.ee\/lt\/produktas\/vaskine-kreidele-artbar-metaline-dezute\/#breadcrumb","itemListElement":[{"@type":"ListItem","position":1,"name":"Avaleht","item":"https:\/\/hobstop.ee\/lt\/"},{"@type":"ListItem","position":2,"name":"Parduotuv\u0117","item":"https:\/\/hobstop.ee\/lt\/parduotuve\/"},{"@type":"ListItem","position":3,"name":"Va\u0161kin\u0117 kreidel\u0117 Artbar metalin\u0117 d\u0117\u017eut\u0117"}]},{"@type":"WebSite","@id":"https:\/\/hobstop.ee\/lt\/#website","url":"https:\/\/hobstop.ee\/lt\/","name":"Skizze","description":"Dail\u0117s, pom\u0117gi\u0173 ir mokykliniai reikm\u0117nys","publisher":{"@id":"https:\/\/hobstop.ee\/lt\/#organization"},"potentialAction":[{"@type":"SearchAction","target":{"@type":"EntryPoint","urlTemplate":"https:\/\/hobstop.ee\/lt\/?s={search_term_string}"},"query-input":{"@type":"PropertyValueSpecification","valueRequired":true,"valueName":"search_term_string"}}],"inLanguage":"lt"},{"@type":"Organization","@id":"https:\/\/hobstop.ee\/lt\/#organization","name":"Vunder AS","url":"https:\/\/hobstop.ee\/lt\/","logo":{"@type":"ImageObject","inLanguage":"lt","@id":"https:\/\/hobstop.ee\/lt\/#\/schema\/logo\/image\/","url":"https:\/\/hobstop.ee\/media\/vunder-logo.png","contentUrl":"https:\/\/hobstop.ee\/media\/vunder-logo.png","width":127,"height":55,"caption":"Vunder AS"},"image":{"@id":"https:\/\/hobstop.ee\/lt\/#\/schema\/logo\/image\/"},"sameAs":["http:\/\/www.facebook.com\/VunderSkizze"]}]}},"_links":{"self":[{"href":"https:\/\/hobstop.ee\/lt\/wp-json\/wp\/v2\/product\/62512","targetHints":{"allow":["GET"]}}],"collection":[{"href":"https:\/\/hobstop.ee\/lt\/wp-json\/wp\/v2\/product"}],"about":[{"href":"https:\/\/hobstop.ee\/lt\/wp-json\/wp\/v2\/types\/product"}],"replies":[{"embeddable":true,"href":"https:\/\/hobstop.ee\/lt\/wp-json\/wp\/v2\/comments?post=62512"}],"wp:featuredmedia":[{"embeddable":true,"href":"https:\/\/hobstop.ee\/lt\/wp-json\/wp\/v2\/media\/142929"}],"wp:attachment":[{"href":"https:\/\/hobstop.ee\/lt\/wp-json\/wp\/v2\/media?parent=62512"}],"wp:term":[{"taxonomy":"product_cat","embeddable":true,"href":"https:\/\/hobstop.ee\/lt\/wp-json\/wp\/v2\/product_cat?post=62512"},{"taxonomy":"product_tag","embeddable":true,"href":"https:\/\/hobstop.ee\/lt\/wp-json\/wp\/v2\/product_tag?post=62512"}],"curies":[{"name":"wp","href":"https:\/\/api.w.org\/{rel}","templated":true}]}}