{"id":62515,"date":"2014-12-09T13:34:53","date_gmt":"2014-12-09T11:34:53","guid":{"rendered":"https:\/\/sharks.ee\/vunder_2019.klient.veebimajutus.ee\/?post_type=product&p=62515"},"modified":"2019-06-17T17:07:19","modified_gmt":"2019-06-17T14:07:19","slug":"metaline-dezute-derwent","status":"publish","type":"product","link":"https:\/\/hobstop.ee\/lt\/produktas\/metaline-dezute-derwent\/","title":{"rendered":"Metalin\u0117 d\u0117\u017eut\u0117 Derwent"},"content":{"rendered":"<p>Paprasta, ta\u010diau paranki pie\u0161tukus apsauganti dvisluoksn\u0117 pie\u0161tuk\u0173 d\u0117\u017eut\u0117, \u012f kuri\u0105 telpa 42 J\u016bs\u0173 m\u0117gstami pie\u0161tukai. Patvari ir kompakti\u0161ka d\u0117\u017eut\u0117 yra pagaminta i\u0161 \u0161veistinio metalo, dangtelyje \u012fspaustas \u201eDerwent\u201c logotipas. \u012e j\u0105 telpa 42 vnt. 8 mm pie\u0161tukai arba 33 vnt. 9 mm pie\u0161tukai.<\/p>\n","protected":false},"excerpt":{"rendered":"<p>Paprasta, ta\u010diau paranki pie\u0161tukus apsauganti dvisluoksn\u0117 pie\u0161tuk\u0173 d\u0117\u017eut\u0117, \u012f kuri\u0105 telpa 42 J\u016bs\u0173 m\u0117gstami pie\u0161tukai. Patvari ir kompakti\u0161ka d\u0117\u017eut\u0117 yra pagaminta i\u0161 \u0161veistinio metalo, dangtelyje \u012fspaustas \u201eDerwent\u201c logotipas. \u012e j\u0105 telpa 42 vnt. 8 mm pie\u0161tukai arba 33 vnt. 9 mm pie\u0161tukai.<\/p>\n","protected":false},"featured_media":100788,"comment_status":"closed","ping_status":"closed","template":"","meta":{"_acf_changed":false,"ep_exclude_from_search":false},"product_cat":[235,14955,18073],"product_tag":[],"class_list":{"0":"post-62515","1":"product","2":"type-product","3":"status-publish","4":"has-post-thumbnail","6":"product_cat-mokyklines-prekes","7":"product_cat-seaharjas","8":"product_cat-piestukines","10":"first","11":"instock","12":"taxable","13":"shipping-taxable","14":"purchasable","15":"product-type-variable"},"acf":[],"yoast_head":"<!-- This site is optimized with the Yoast SEO plugin v24.1 - https:\/\/yoast.com\/wordpress\/plugins\/seo\/ -->\n<title>Metalin\u0117 d\u0117\u017eut\u0117 Derwent &#8211; Skizze<\/title>\n<meta name=\"robots\" content=\"noindex, follow, max-snippet:-1, max-image-preview:large, max-video-preview:-1\" \/>\n<meta property=\"og:locale\" content=\"lt_LT\" \/>\n<meta property=\"og:type\" content=\"article\" \/>\n<meta property=\"og:title\" content=\"Metalin\u0117 d\u0117\u017eut\u0117 Derwent &#8211; Skizze\" \/>\n<meta property=\"og:description\" content=\"Paprasta, ta\u010diau paranki pie\u0161tukus apsauganti dvisluoksn\u0117 pie\u0161tuk\u0173 d\u0117\u017eut\u0117, \u012f kuri\u0105 telpa 42 J\u016bs\u0173 m\u0117gstami pie\u0161tukai. Patvari ir kompakti\u0161ka d\u0117\u017eut\u0117 yra pagaminta i\u0161 \u0161veistinio metalo, dangtelyje \u012fspaustas \u201eDerwent\u201c logotipas. \u012e j\u0105 telpa 42 vnt. 8 mm pie\u0161tukai arba 33 vnt. 9 mm pie\u0161tukai.\" \/>\n<meta property=\"og:url\" content=\"https:\/\/hobstop.ee\/lt\/produktas\/metaline-dezute-derwent\/\" \/>\n<meta property=\"og:site_name\" content=\"Skizze\" \/>\n<meta property=\"article:publisher\" content=\"http:\/\/www.facebook.com\/VunderSkizze\" \/>\n<meta property=\"article:modified_time\" content=\"2019-06-17T14:07:19+00:00\" \/>\n<meta property=\"og:image\" content=\"https:\/\/hobstop.ee\/media\/3300.jpg\" \/>\n\t<meta property=\"og:image:width\" content=\"1024\" \/>\n\t<meta property=\"og:image:height\" content=\"768\" \/>\n\t<meta property=\"og:image:type\" content=\"image\/jpeg\" \/>\n<meta name=\"twitter:card\" content=\"summary_large_image\" \/>\n<script type=\"application\/ld+json\" class=\"yoast-schema-graph\">{\"@context\":\"https:\/\/schema.org\",\"@graph\":[{\"@type\":\"WebPage\",\"@id\":\"https:\/\/hobstop.ee\/lt\/produktas\/metaline-dezute-derwent\/\",\"url\":\"https:\/\/hobstop.ee\/lt\/produktas\/metaline-dezute-derwent\/\",\"name\":\"Metalin\u0117 d\u0117\u017eut\u0117 Derwent &#8211; Skizze\",\"isPartOf\":{\"@id\":\"https:\/\/hobstop.ee\/lt\/#website\"},\"primaryImageOfPage\":{\"@id\":\"https:\/\/hobstop.ee\/lt\/produktas\/metaline-dezute-derwent\/#primaryimage\"},\"image\":{\"@id\":\"https:\/\/hobstop.ee\/lt\/produktas\/metaline-dezute-derwent\/#primaryimage\"},\"thumbnailUrl\":\"https:\/\/hobstop.ee\/media\/3300.jpg\",\"datePublished\":\"2014-12-09T11:34:53+00:00\",\"dateModified\":\"2019-06-17T14:07:19+00:00\",\"breadcrumb\":{\"@id\":\"https:\/\/hobstop.ee\/lt\/produktas\/metaline-dezute-derwent\/#breadcrumb\"},\"inLanguage\":\"lt\",\"potentialAction\":[{\"@type\":\"ReadAction\",\"target\":[\"https:\/\/hobstop.ee\/lt\/produktas\/metaline-dezute-derwent\/\"]}]},{\"@type\":\"ImageObject\",\"inLanguage\":\"lt\",\"@id\":\"https:\/\/hobstop.ee\/lt\/produktas\/metaline-dezute-derwent\/#primaryimage\",\"url\":\"https:\/\/hobstop.ee\/media\/3300.jpg\",\"contentUrl\":\"https:\/\/hobstop.ee\/media\/3300.jpg\",\"width\":1024,\"height\":768},{\"@type\":\"BreadcrumbList\",\"@id\":\"https:\/\/hobstop.ee\/lt\/produktas\/metaline-dezute-derwent\/#breadcrumb\",\"itemListElement\":[{\"@type\":\"ListItem\",\"position\":1,\"name\":\"Avaleht\",\"item\":\"https:\/\/hobstop.ee\/lt\/\"},{\"@type\":\"ListItem\",\"position\":2,\"name\":\"Parduotuv\u0117\",\"item\":\"https:\/\/hobstop.ee\/lt\/parduotuve\/\"},{\"@type\":\"ListItem\",\"position\":3,\"name\":\"Metalin\u0117 d\u0117\u017eut\u0117 Derwent\"}]},{\"@type\":\"WebSite\",\"@id\":\"https:\/\/hobstop.ee\/lt\/#website\",\"url\":\"https:\/\/hobstop.ee\/lt\/\",\"name\":\"Skizze\",\"description\":\"Dail\u0117s, pom\u0117gi\u0173 ir mokykliniai reikm\u0117nys\",\"publisher\":{\"@id\":\"https:\/\/hobstop.ee\/lt\/#organization\"},\"potentialAction\":[{\"@type\":\"SearchAction\",\"target\":{\"@type\":\"EntryPoint\",\"urlTemplate\":\"https:\/\/hobstop.ee\/lt\/?s={search_term_string}\"},\"query-input\":{\"@type\":\"PropertyValueSpecification\",\"valueRequired\":true,\"valueName\":\"search_term_string\"}}],\"inLanguage\":\"lt\"},{\"@type\":\"Organization\",\"@id\":\"https:\/\/hobstop.ee\/lt\/#organization\",\"name\":\"Vunder AS\",\"url\":\"https:\/\/hobstop.ee\/lt\/\",\"logo\":{\"@type\":\"ImageObject\",\"inLanguage\":\"lt\",\"@id\":\"https:\/\/hobstop.ee\/lt\/#\/schema\/logo\/image\/\",\"url\":\"https:\/\/hobstop.ee\/media\/vunder-logo.png\",\"contentUrl\":\"https:\/\/hobstop.ee\/media\/vunder-logo.png\",\"width\":127,\"height\":55,\"caption\":\"Vunder AS\"},\"image\":{\"@id\":\"https:\/\/hobstop.ee\/lt\/#\/schema\/logo\/image\/\"},\"sameAs\":[\"http:\/\/www.facebook.com\/VunderSkizze\"]}]}<\/script>\n<!-- \/ Yoast SEO plugin. -->","yoast_head_json":{"title":"Metalin\u0117 d\u0117\u017eut\u0117 Derwent &#8211; Skizze","robots":{"index":"noindex","follow":"follow","max-snippet":"max-snippet:-1","max-image-preview":"max-image-preview:large","max-video-preview":"max-video-preview:-1"},"og_locale":"lt_LT","og_type":"article","og_title":"Metalin\u0117 d\u0117\u017eut\u0117 Derwent &#8211; Skizze","og_description":"Paprasta, ta\u010diau paranki pie\u0161tukus apsauganti dvisluoksn\u0117 pie\u0161tuk\u0173 d\u0117\u017eut\u0117, \u012f kuri\u0105 telpa 42 J\u016bs\u0173 m\u0117gstami pie\u0161tukai. Patvari ir kompakti\u0161ka d\u0117\u017eut\u0117 yra pagaminta i\u0161 \u0161veistinio metalo, dangtelyje \u012fspaustas \u201eDerwent\u201c logotipas. \u012e j\u0105 telpa 42 vnt. 8 mm pie\u0161tukai arba 33 vnt. 9 mm pie\u0161tukai.","og_url":"https:\/\/hobstop.ee\/lt\/produktas\/metaline-dezute-derwent\/","og_site_name":"Skizze","article_publisher":"http:\/\/www.facebook.com\/VunderSkizze","article_modified_time":"2019-06-17T14:07:19+00:00","og_image":[{"width":1024,"height":768,"url":"https:\/\/hobstop.ee\/media\/3300.jpg","type":"image\/jpeg"}],"twitter_card":"summary_large_image","schema":{"@context":"https:\/\/schema.org","@graph":[{"@type":"WebPage","@id":"https:\/\/hobstop.ee\/lt\/produktas\/metaline-dezute-derwent\/","url":"https:\/\/hobstop.ee\/lt\/produktas\/metaline-dezute-derwent\/","name":"Metalin\u0117 d\u0117\u017eut\u0117 Derwent &#8211; Skizze","isPartOf":{"@id":"https:\/\/hobstop.ee\/lt\/#website"},"primaryImageOfPage":{"@id":"https:\/\/hobstop.ee\/lt\/produktas\/metaline-dezute-derwent\/#primaryimage"},"image":{"@id":"https:\/\/hobstop.ee\/lt\/produktas\/metaline-dezute-derwent\/#primaryimage"},"thumbnailUrl":"https:\/\/hobstop.ee\/media\/3300.jpg","datePublished":"2014-12-09T11:34:53+00:00","dateModified":"2019-06-17T14:07:19+00:00","breadcrumb":{"@id":"https:\/\/hobstop.ee\/lt\/produktas\/metaline-dezute-derwent\/#breadcrumb"},"inLanguage":"lt","potentialAction":[{"@type":"ReadAction","target":["https:\/\/hobstop.ee\/lt\/produktas\/metaline-dezute-derwent\/"]}]},{"@type":"ImageObject","inLanguage":"lt","@id":"https:\/\/hobstop.ee\/lt\/produktas\/metaline-dezute-derwent\/#primaryimage","url":"https:\/\/hobstop.ee\/media\/3300.jpg","contentUrl":"https:\/\/hobstop.ee\/media\/3300.jpg","width":1024,"height":768},{"@type":"BreadcrumbList","@id":"https:\/\/hobstop.ee\/lt\/produktas\/metaline-dezute-derwent\/#breadcrumb","itemListElement":[{"@type":"ListItem","position":1,"name":"Avaleht","item":"https:\/\/hobstop.ee\/lt\/"},{"@type":"ListItem","position":2,"name":"Parduotuv\u0117","item":"https:\/\/hobstop.ee\/lt\/parduotuve\/"},{"@type":"ListItem","position":3,"name":"Metalin\u0117 d\u0117\u017eut\u0117 Derwent"}]},{"@type":"WebSite","@id":"https:\/\/hobstop.ee\/lt\/#website","url":"https:\/\/hobstop.ee\/lt\/","name":"Skizze","description":"Dail\u0117s, pom\u0117gi\u0173 ir mokykliniai reikm\u0117nys","publisher":{"@id":"https:\/\/hobstop.ee\/lt\/#organization"},"potentialAction":[{"@type":"SearchAction","target":{"@type":"EntryPoint","urlTemplate":"https:\/\/hobstop.ee\/lt\/?s={search_term_string}"},"query-input":{"@type":"PropertyValueSpecification","valueRequired":true,"valueName":"search_term_string"}}],"inLanguage":"lt"},{"@type":"Organization","@id":"https:\/\/hobstop.ee\/lt\/#organization","name":"Vunder AS","url":"https:\/\/hobstop.ee\/lt\/","logo":{"@type":"ImageObject","inLanguage":"lt","@id":"https:\/\/hobstop.ee\/lt\/#\/schema\/logo\/image\/","url":"https:\/\/hobstop.ee\/media\/vunder-logo.png","contentUrl":"https:\/\/hobstop.ee\/media\/vunder-logo.png","width":127,"height":55,"caption":"Vunder AS"},"image":{"@id":"https:\/\/hobstop.ee\/lt\/#\/schema\/logo\/image\/"},"sameAs":["http:\/\/www.facebook.com\/VunderSkizze"]}]}},"_links":{"self":[{"href":"https:\/\/hobstop.ee\/lt\/wp-json\/wp\/v2\/product\/62515","targetHints":{"allow":["GET"]}}],"collection":[{"href":"https:\/\/hobstop.ee\/lt\/wp-json\/wp\/v2\/product"}],"about":[{"href":"https:\/\/hobstop.ee\/lt\/wp-json\/wp\/v2\/types\/product"}],"replies":[{"embeddable":true,"href":"https:\/\/hobstop.ee\/lt\/wp-json\/wp\/v2\/comments?post=62515"}],"wp:featuredmedia":[{"embeddable":true,"href":"https:\/\/hobstop.ee\/lt\/wp-json\/wp\/v2\/media\/100788"}],"wp:attachment":[{"href":"https:\/\/hobstop.ee\/lt\/wp-json\/wp\/v2\/media?parent=62515"}],"wp:term":[{"taxonomy":"product_cat","embeddable":true,"href":"https:\/\/hobstop.ee\/lt\/wp-json\/wp\/v2\/product_cat?post=62515"},{"taxonomy":"product_tag","embeddable":true,"href":"https:\/\/hobstop.ee\/lt\/wp-json\/wp\/v2\/product_tag?post=62515"}],"curies":[{"name":"wp","href":"https:\/\/api.w.org\/{rel}","templated":true}]}}