{"id":62518,"date":"2014-12-09T13:34:54","date_gmt":"2014-12-09T11:34:54","guid":{"rendered":"https:\/\/sharks.ee\/vunder_2019.klient.veebimajutus.ee\/?post_type=product&p=62518"},"modified":"2014-12-09T13:34:54","modified_gmt":"2014-12-09T10:34:54","slug":"grandiklis-derwent-artbar","status":"publish","type":"product","link":"https:\/\/hobstop.ee\/lt\/produktas\/grandiklis-derwent-artbar\/","title":{"rendered":"Grandiklis Derwent Artbar"},"content":{"rendered":"<p>Sgrafitas \u2013 tai senovin\u0117 dail\u0117s technika, kai plonas vir\u0161utinis sluoksnis pagal tam tikr\u0105 pie\u0161in\u012f nukrap\u0161tomas iki apatinio skirtingos spalvos sluoksnio. \u0160ia technika sukuriamas \u012fdomus ir netik\u0117tas efektas. \u0160iame grem\u017etuke yra skirtingi grem\u017eimo pavir\u0161iai, kuriais galima sukurti \u012fvairius p\u0117dsakus. Puikiai tinka naudoti su \u201eDerwent Artbar\u201c kreidel\u0117mis ar kitomis va\u0161ko pagrindu pagamintomis priemon\u0117mis arba pastel\u0117mis, taip pat ir dr\u0117gnais, pavyzd\u017eiui, aliejiniai ar akriliniais da\u017eais.<\/p>\n","protected":false},"excerpt":{"rendered":"<p>Sgrafitas \u2013 tai senovin\u0117 dail\u0117s technika, kai plonas vir\u0161utinis sluoksnis pagal tam tikr\u0105 pie\u0161in\u012f nukrap\u0161tomas iki apatinio skirtingos spalvos sluoksnio. \u0160ia technika sukuriamas \u012fdomus ir netik\u0117tas efektas. \u0160iame grem\u017etuke yra skirtingi grem\u017eimo pavir\u0161iai, kuriais galima sukurti \u012fvairius p\u0117dsakus. Puikiai tinka naudoti su \u201eDerwent Artbar\u201c kreidel\u0117mis ar kitomis va\u0161ko pagrindu pagamintomis priemon\u0117mis arba pastel\u0117mis, taip pat ir dr\u0117gnais, pavyzd\u017eiui, aliejiniai ar akriliniais da\u017eais.<\/p>\n","protected":false},"featured_media":148346,"comment_status":"closed","ping_status":"closed","template":"","meta":{"_acf_changed":false,"ep_exclude_from_search":false},"product_cat":[16124,18755,18932],"product_tag":[],"class_list":{"0":"post-62518","1":"product","2":"type-product","3":"status-publish","4":"has-post-thumbnail","6":"product_cat-dailes-prekes","7":"product_cat-ivairus-22","8":"product_cat-piesimo-reikmenys-3","10":"first","11":"instock","12":"taxable","13":"shipping-taxable","14":"purchasable","15":"product-type-variable"},"acf":[],"yoast_head":"<!-- This site is optimized with the Yoast SEO plugin v24.1 - https:\/\/yoast.com\/wordpress\/plugins\/seo\/ -->\n<title>Grandiklis Derwent Artbar &#8211; Skizze<\/title>\n<meta name=\"robots\" content=\"noindex, follow, max-snippet:-1, max-image-preview:large, max-video-preview:-1\" \/>\n<meta property=\"og:locale\" content=\"lt_LT\" \/>\n<meta property=\"og:type\" content=\"article\" \/>\n<meta property=\"og:title\" content=\"Grandiklis Derwent Artbar &#8211; Skizze\" \/>\n<meta property=\"og:description\" content=\"Sgrafitas \u2013 tai senovin\u0117 dail\u0117s technika, kai plonas vir\u0161utinis sluoksnis pagal tam tikr\u0105 pie\u0161in\u012f nukrap\u0161tomas iki apatinio skirtingos spalvos sluoksnio. \u0160ia technika sukuriamas \u012fdomus ir netik\u0117tas efektas. \u0160iame grem\u017etuke yra skirtingi grem\u017eimo pavir\u0161iai, kuriais galima sukurti \u012fvairius p\u0117dsakus. Puikiai tinka naudoti su \u201eDerwent Artbar\u201c kreidel\u0117mis ar kitomis va\u0161ko pagrindu pagamintomis priemon\u0117mis arba pastel\u0117mis, taip pat ir dr\u0117gnais, pavyzd\u017eiui, aliejiniai ar akriliniais da\u017eais.\" \/>\n<meta property=\"og:url\" content=\"https:\/\/hobstop.ee\/lt\/produktas\/grandiklis-derwent-artbar\/\" \/>\n<meta property=\"og:site_name\" content=\"Skizze\" \/>\n<meta property=\"article:publisher\" content=\"http:\/\/www.facebook.com\/VunderSkizze\" \/>\n<meta property=\"article:modified_time\" content=\"-0001-11-30T00:00:00+00:00\" \/>\n<meta property=\"og:image\" content=\"https:\/\/hobstop.ee\/media\/3301.jpg\" \/>\n\t<meta property=\"og:image:width\" content=\"1024\" \/>\n\t<meta property=\"og:image:height\" content=\"768\" \/>\n\t<meta property=\"og:image:type\" content=\"image\/jpeg\" \/>\n<meta name=\"twitter:card\" content=\"summary_large_image\" \/>\n<script type=\"application\/ld+json\" class=\"yoast-schema-graph\">{\"@context\":\"https:\/\/schema.org\",\"@graph\":[{\"@type\":\"WebPage\",\"@id\":\"https:\/\/hobstop.ee\/lt\/produktas\/grandiklis-derwent-artbar\/\",\"url\":\"https:\/\/hobstop.ee\/lt\/produktas\/grandiklis-derwent-artbar\/\",\"name\":\"Grandiklis Derwent Artbar &#8211; Skizze\",\"isPartOf\":{\"@id\":\"https:\/\/hobstop.ee\/lt\/#website\"},\"primaryImageOfPage\":{\"@id\":\"https:\/\/hobstop.ee\/lt\/produktas\/grandiklis-derwent-artbar\/#primaryimage\"},\"image\":{\"@id\":\"https:\/\/hobstop.ee\/lt\/produktas\/grandiklis-derwent-artbar\/#primaryimage\"},\"thumbnailUrl\":\"https:\/\/hobstop.ee\/media\/3301.jpg\",\"datePublished\":\"2014-12-09T11:34:54+00:00\",\"dateModified\":\"-0001-11-30T00:00:00+00:00\",\"breadcrumb\":{\"@id\":\"https:\/\/hobstop.ee\/lt\/produktas\/grandiklis-derwent-artbar\/#breadcrumb\"},\"inLanguage\":\"lt\",\"potentialAction\":[{\"@type\":\"ReadAction\",\"target\":[\"https:\/\/hobstop.ee\/lt\/produktas\/grandiklis-derwent-artbar\/\"]}]},{\"@type\":\"ImageObject\",\"inLanguage\":\"lt\",\"@id\":\"https:\/\/hobstop.ee\/lt\/produktas\/grandiklis-derwent-artbar\/#primaryimage\",\"url\":\"https:\/\/hobstop.ee\/media\/3301.jpg\",\"contentUrl\":\"https:\/\/hobstop.ee\/media\/3301.jpg\",\"width\":1024,\"height\":768},{\"@type\":\"BreadcrumbList\",\"@id\":\"https:\/\/hobstop.ee\/lt\/produktas\/grandiklis-derwent-artbar\/#breadcrumb\",\"itemListElement\":[{\"@type\":\"ListItem\",\"position\":1,\"name\":\"Avaleht\",\"item\":\"https:\/\/hobstop.ee\/lt\/\"},{\"@type\":\"ListItem\",\"position\":2,\"name\":\"Parduotuv\u0117\",\"item\":\"https:\/\/hobstop.ee\/lt\/parduotuve\/\"},{\"@type\":\"ListItem\",\"position\":3,\"name\":\"Grandiklis Derwent Artbar\"}]},{\"@type\":\"WebSite\",\"@id\":\"https:\/\/hobstop.ee\/lt\/#website\",\"url\":\"https:\/\/hobstop.ee\/lt\/\",\"name\":\"Skizze\",\"description\":\"Dail\u0117s, pom\u0117gi\u0173 ir mokykliniai reikm\u0117nys\",\"publisher\":{\"@id\":\"https:\/\/hobstop.ee\/lt\/#organization\"},\"potentialAction\":[{\"@type\":\"SearchAction\",\"target\":{\"@type\":\"EntryPoint\",\"urlTemplate\":\"https:\/\/hobstop.ee\/lt\/?s={search_term_string}\"},\"query-input\":{\"@type\":\"PropertyValueSpecification\",\"valueRequired\":true,\"valueName\":\"search_term_string\"}}],\"inLanguage\":\"lt\"},{\"@type\":\"Organization\",\"@id\":\"https:\/\/hobstop.ee\/lt\/#organization\",\"name\":\"Vunder AS\",\"url\":\"https:\/\/hobstop.ee\/lt\/\",\"logo\":{\"@type\":\"ImageObject\",\"inLanguage\":\"lt\",\"@id\":\"https:\/\/hobstop.ee\/lt\/#\/schema\/logo\/image\/\",\"url\":\"https:\/\/hobstop.ee\/media\/vunder-logo.png\",\"contentUrl\":\"https:\/\/hobstop.ee\/media\/vunder-logo.png\",\"width\":127,\"height\":55,\"caption\":\"Vunder AS\"},\"image\":{\"@id\":\"https:\/\/hobstop.ee\/lt\/#\/schema\/logo\/image\/\"},\"sameAs\":[\"http:\/\/www.facebook.com\/VunderSkizze\"]}]}<\/script>\n<!-- \/ Yoast SEO plugin. -->","yoast_head_json":{"title":"Grandiklis Derwent Artbar &#8211; Skizze","robots":{"index":"noindex","follow":"follow","max-snippet":"max-snippet:-1","max-image-preview":"max-image-preview:large","max-video-preview":"max-video-preview:-1"},"og_locale":"lt_LT","og_type":"article","og_title":"Grandiklis Derwent Artbar &#8211; Skizze","og_description":"Sgrafitas \u2013 tai senovin\u0117 dail\u0117s technika, kai plonas vir\u0161utinis sluoksnis pagal tam tikr\u0105 pie\u0161in\u012f nukrap\u0161tomas iki apatinio skirtingos spalvos sluoksnio. \u0160ia technika sukuriamas \u012fdomus ir netik\u0117tas efektas. \u0160iame grem\u017etuke yra skirtingi grem\u017eimo pavir\u0161iai, kuriais galima sukurti \u012fvairius p\u0117dsakus. Puikiai tinka naudoti su \u201eDerwent Artbar\u201c kreidel\u0117mis ar kitomis va\u0161ko pagrindu pagamintomis priemon\u0117mis arba pastel\u0117mis, taip pat ir dr\u0117gnais, pavyzd\u017eiui, aliejiniai ar akriliniais da\u017eais.","og_url":"https:\/\/hobstop.ee\/lt\/produktas\/grandiklis-derwent-artbar\/","og_site_name":"Skizze","article_publisher":"http:\/\/www.facebook.com\/VunderSkizze","article_modified_time":"-0001-11-30T00:00:00+00:00","og_image":[{"width":1024,"height":768,"url":"https:\/\/hobstop.ee\/media\/3301.jpg","type":"image\/jpeg"}],"twitter_card":"summary_large_image","schema":{"@context":"https:\/\/schema.org","@graph":[{"@type":"WebPage","@id":"https:\/\/hobstop.ee\/lt\/produktas\/grandiklis-derwent-artbar\/","url":"https:\/\/hobstop.ee\/lt\/produktas\/grandiklis-derwent-artbar\/","name":"Grandiklis Derwent Artbar &#8211; Skizze","isPartOf":{"@id":"https:\/\/hobstop.ee\/lt\/#website"},"primaryImageOfPage":{"@id":"https:\/\/hobstop.ee\/lt\/produktas\/grandiklis-derwent-artbar\/#primaryimage"},"image":{"@id":"https:\/\/hobstop.ee\/lt\/produktas\/grandiklis-derwent-artbar\/#primaryimage"},"thumbnailUrl":"https:\/\/hobstop.ee\/media\/3301.jpg","datePublished":"2014-12-09T11:34:54+00:00","dateModified":"-0001-11-30T00:00:00+00:00","breadcrumb":{"@id":"https:\/\/hobstop.ee\/lt\/produktas\/grandiklis-derwent-artbar\/#breadcrumb"},"inLanguage":"lt","potentialAction":[{"@type":"ReadAction","target":["https:\/\/hobstop.ee\/lt\/produktas\/grandiklis-derwent-artbar\/"]}]},{"@type":"ImageObject","inLanguage":"lt","@id":"https:\/\/hobstop.ee\/lt\/produktas\/grandiklis-derwent-artbar\/#primaryimage","url":"https:\/\/hobstop.ee\/media\/3301.jpg","contentUrl":"https:\/\/hobstop.ee\/media\/3301.jpg","width":1024,"height":768},{"@type":"BreadcrumbList","@id":"https:\/\/hobstop.ee\/lt\/produktas\/grandiklis-derwent-artbar\/#breadcrumb","itemListElement":[{"@type":"ListItem","position":1,"name":"Avaleht","item":"https:\/\/hobstop.ee\/lt\/"},{"@type":"ListItem","position":2,"name":"Parduotuv\u0117","item":"https:\/\/hobstop.ee\/lt\/parduotuve\/"},{"@type":"ListItem","position":3,"name":"Grandiklis Derwent Artbar"}]},{"@type":"WebSite","@id":"https:\/\/hobstop.ee\/lt\/#website","url":"https:\/\/hobstop.ee\/lt\/","name":"Skizze","description":"Dail\u0117s, pom\u0117gi\u0173 ir mokykliniai reikm\u0117nys","publisher":{"@id":"https:\/\/hobstop.ee\/lt\/#organization"},"potentialAction":[{"@type":"SearchAction","target":{"@type":"EntryPoint","urlTemplate":"https:\/\/hobstop.ee\/lt\/?s={search_term_string}"},"query-input":{"@type":"PropertyValueSpecification","valueRequired":true,"valueName":"search_term_string"}}],"inLanguage":"lt"},{"@type":"Organization","@id":"https:\/\/hobstop.ee\/lt\/#organization","name":"Vunder AS","url":"https:\/\/hobstop.ee\/lt\/","logo":{"@type":"ImageObject","inLanguage":"lt","@id":"https:\/\/hobstop.ee\/lt\/#\/schema\/logo\/image\/","url":"https:\/\/hobstop.ee\/media\/vunder-logo.png","contentUrl":"https:\/\/hobstop.ee\/media\/vunder-logo.png","width":127,"height":55,"caption":"Vunder AS"},"image":{"@id":"https:\/\/hobstop.ee\/lt\/#\/schema\/logo\/image\/"},"sameAs":["http:\/\/www.facebook.com\/VunderSkizze"]}]}},"_links":{"self":[{"href":"https:\/\/hobstop.ee\/lt\/wp-json\/wp\/v2\/product\/62518","targetHints":{"allow":["GET"]}}],"collection":[{"href":"https:\/\/hobstop.ee\/lt\/wp-json\/wp\/v2\/product"}],"about":[{"href":"https:\/\/hobstop.ee\/lt\/wp-json\/wp\/v2\/types\/product"}],"replies":[{"embeddable":true,"href":"https:\/\/hobstop.ee\/lt\/wp-json\/wp\/v2\/comments?post=62518"}],"wp:featuredmedia":[{"embeddable":true,"href":"https:\/\/hobstop.ee\/lt\/wp-json\/wp\/v2\/media\/148346"}],"wp:attachment":[{"href":"https:\/\/hobstop.ee\/lt\/wp-json\/wp\/v2\/media?parent=62518"}],"wp:term":[{"taxonomy":"product_cat","embeddable":true,"href":"https:\/\/hobstop.ee\/lt\/wp-json\/wp\/v2\/product_cat?post=62518"},{"taxonomy":"product_tag","embeddable":true,"href":"https:\/\/hobstop.ee\/lt\/wp-json\/wp\/v2\/product_tag?post=62518"}],"curies":[{"name":"wp","href":"https:\/\/api.w.org\/{rel}","templated":true}]}}