{"id":62524,"date":"2014-12-09T13:34:57","date_gmt":"2014-12-09T11:34:57","guid":{"rendered":"https:\/\/sharks.ee\/vunder_2019.klient.veebimajutus.ee\/?post_type=product&p=62524"},"modified":"2014-12-09T13:34:57","modified_gmt":"2014-12-09T10:34:57","slug":"angliuku-rinkinys-derwent-charcoal","status":"publish","type":"product","link":"https:\/\/hobstop.ee\/lt\/produktas\/angliuku-rinkinys-derwent-charcoal\/","title":{"rendered":"Angliuk\u0173 rinkinys Derwent Charcoal"},"content":{"rendered":"<p>\u0160is anglini\u0173 blokeli\u0173 komplektas puikiai tinka eskizams ir ekspresyviems darbams. Komplekte yra itin daug \u012fvairi\u0173 pie\u0161imui su anglimi skirt\u0173 priemoni\u0173.<\/p>\n<p>Komplekte yra:<br \/>\nTamsus anglinis pie\u0161tukas<br \/>\nSpalvoti angliniai pie\u0161tukai (tonuotos \u201eglowing embers\u201c anglies ir baltas pie\u0161tukas)<br \/>\nPresuotos anglies blokeliai (\u0161viesus, vidutinis ir tamsus)<br \/>\nPie\u0161imo angliukai (2vnt.)<br \/>\nStambus pie\u0161imo anglies blokelis<br \/>\nTu\u0161avimo lazdel\u0117<\/p>\n","protected":false},"excerpt":{"rendered":"<p>\u0160is anglini\u0173 blokeli\u0173 komplektas puikiai tinka eskizams ir ekspresyviems darbams. Komplekte yra itin daug \u012fvairi\u0173 pie\u0161imui su anglimi skirt\u0173 priemoni\u0173. Komplekte yra: Tamsus anglinis pie\u0161tukas Spalvoti angliniai pie\u0161tukai (tonuotos \u201eglowing embers\u201c anglies ir baltas pie\u0161tukas) Presuotos anglies blokeliai (\u0161viesus, vidutinis ir tamsus) Pie\u0161imo angliukai (2vnt.) Stambus pie\u0161imo anglies blokelis Tu\u0161avimo lazdel\u0117<\/p>\n","protected":false},"featured_media":142921,"comment_status":"closed","ping_status":"closed","template":"","meta":{"_acf_changed":false,"ep_exclude_from_search":false},"product_cat":[14969,16124,18932],"product_tag":[],"class_list":{"0":"post-62524","1":"product","2":"type-product","3":"status-publish","4":"has-post-thumbnail","6":"product_cat-tooriistad-ja-tarvikud","7":"product_cat-dailes-prekes","8":"product_cat-piesimo-reikmenys-3","10":"first","11":"outofstock","12":"taxable","13":"shipping-taxable","14":"purchasable","15":"product-type-variable"},"acf":[],"yoast_head":"<!-- This site is optimized with the Yoast SEO plugin v24.1 - https:\/\/yoast.com\/wordpress\/plugins\/seo\/ -->\n<title>Angliuk\u0173 rinkinys Derwent Charcoal &#8211; Skizze<\/title>\n<meta name=\"robots\" content=\"noindex, follow, max-snippet:-1, max-image-preview:large, max-video-preview:-1\" \/>\n<meta property=\"og:locale\" content=\"lt_LT\" \/>\n<meta property=\"og:type\" content=\"article\" \/>\n<meta property=\"og:title\" content=\"Angliuk\u0173 rinkinys Derwent Charcoal &#8211; Skizze\" \/>\n<meta property=\"og:description\" content=\"\u0160is anglini\u0173 blokeli\u0173 komplektas puikiai tinka eskizams ir ekspresyviems darbams. Komplekte yra itin daug \u012fvairi\u0173 pie\u0161imui su anglimi skirt\u0173 priemoni\u0173. Komplekte yra: Tamsus anglinis pie\u0161tukas Spalvoti angliniai pie\u0161tukai (tonuotos \u201eglowing embers\u201c anglies ir baltas pie\u0161tukas) Presuotos anglies blokeliai (\u0161viesus, vidutinis ir tamsus) Pie\u0161imo angliukai (2vnt.) Stambus pie\u0161imo anglies blokelis Tu\u0161avimo lazdel\u0117\" \/>\n<meta property=\"og:url\" content=\"https:\/\/hobstop.ee\/lt\/produktas\/angliuku-rinkinys-derwent-charcoal\/\" \/>\n<meta property=\"og:site_name\" content=\"Skizze\" \/>\n<meta property=\"article:publisher\" content=\"http:\/\/www.facebook.com\/VunderSkizze\" \/>\n<meta property=\"article:modified_time\" content=\"-0001-11-30T00:00:00+00:00\" \/>\n<meta property=\"og:image\" content=\"https:\/\/www.hobstop.ee\/media\/3305.jpg\" \/>\n\t<meta property=\"og:image:width\" content=\"1024\" \/>\n\t<meta property=\"og:image:height\" content=\"768\" \/>\n\t<meta property=\"og:image:type\" content=\"image\/jpeg\" \/>\n<meta name=\"twitter:card\" content=\"summary_large_image\" \/>\n<script type=\"application\/ld+json\" class=\"yoast-schema-graph\">{\"@context\":\"https:\/\/schema.org\",\"@graph\":[{\"@type\":\"WebPage\",\"@id\":\"https:\/\/hobstop.ee\/lt\/produktas\/angliuku-rinkinys-derwent-charcoal\/\",\"url\":\"https:\/\/hobstop.ee\/lt\/produktas\/angliuku-rinkinys-derwent-charcoal\/\",\"name\":\"Angliuk\u0173 rinkinys Derwent Charcoal &#8211; Skizze\",\"isPartOf\":{\"@id\":\"https:\/\/hobstop.ee\/lt\/#website\"},\"primaryImageOfPage\":{\"@id\":\"https:\/\/hobstop.ee\/lt\/produktas\/angliuku-rinkinys-derwent-charcoal\/#primaryimage\"},\"image\":{\"@id\":\"https:\/\/hobstop.ee\/lt\/produktas\/angliuku-rinkinys-derwent-charcoal\/#primaryimage\"},\"thumbnailUrl\":\"https:\/\/hobstop.ee\/media\/3305.jpg\",\"datePublished\":\"2014-12-09T11:34:57+00:00\",\"dateModified\":\"-0001-11-30T00:00:00+00:00\",\"breadcrumb\":{\"@id\":\"https:\/\/hobstop.ee\/lt\/produktas\/angliuku-rinkinys-derwent-charcoal\/#breadcrumb\"},\"inLanguage\":\"lt\",\"potentialAction\":[{\"@type\":\"ReadAction\",\"target\":[\"https:\/\/hobstop.ee\/lt\/produktas\/angliuku-rinkinys-derwent-charcoal\/\"]}]},{\"@type\":\"ImageObject\",\"inLanguage\":\"lt\",\"@id\":\"https:\/\/hobstop.ee\/lt\/produktas\/angliuku-rinkinys-derwent-charcoal\/#primaryimage\",\"url\":\"https:\/\/hobstop.ee\/media\/3305.jpg\",\"contentUrl\":\"https:\/\/hobstop.ee\/media\/3305.jpg\",\"width\":1024,\"height\":768},{\"@type\":\"BreadcrumbList\",\"@id\":\"https:\/\/hobstop.ee\/lt\/produktas\/angliuku-rinkinys-derwent-charcoal\/#breadcrumb\",\"itemListElement\":[{\"@type\":\"ListItem\",\"position\":1,\"name\":\"Avaleht\",\"item\":\"https:\/\/hobstop.ee\/lt\/\"},{\"@type\":\"ListItem\",\"position\":2,\"name\":\"Parduotuv\u0117\",\"item\":\"https:\/\/hobstop.ee\/lt\/parduotuve\/\"},{\"@type\":\"ListItem\",\"position\":3,\"name\":\"Angliuk\u0173 rinkinys Derwent Charcoal\"}]},{\"@type\":\"WebSite\",\"@id\":\"https:\/\/hobstop.ee\/lt\/#website\",\"url\":\"https:\/\/hobstop.ee\/lt\/\",\"name\":\"Skizze\",\"description\":\"Dail\u0117s, pom\u0117gi\u0173 ir mokykliniai reikm\u0117nys\",\"publisher\":{\"@id\":\"https:\/\/hobstop.ee\/lt\/#organization\"},\"potentialAction\":[{\"@type\":\"SearchAction\",\"target\":{\"@type\":\"EntryPoint\",\"urlTemplate\":\"https:\/\/hobstop.ee\/lt\/?s={search_term_string}\"},\"query-input\":{\"@type\":\"PropertyValueSpecification\",\"valueRequired\":true,\"valueName\":\"search_term_string\"}}],\"inLanguage\":\"lt\"},{\"@type\":\"Organization\",\"@id\":\"https:\/\/hobstop.ee\/lt\/#organization\",\"name\":\"Vunder AS\",\"url\":\"https:\/\/hobstop.ee\/lt\/\",\"logo\":{\"@type\":\"ImageObject\",\"inLanguage\":\"lt\",\"@id\":\"https:\/\/hobstop.ee\/lt\/#\/schema\/logo\/image\/\",\"url\":\"https:\/\/hobstop.ee\/media\/vunder-logo.png\",\"contentUrl\":\"https:\/\/hobstop.ee\/media\/vunder-logo.png\",\"width\":127,\"height\":55,\"caption\":\"Vunder AS\"},\"image\":{\"@id\":\"https:\/\/hobstop.ee\/lt\/#\/schema\/logo\/image\/\"},\"sameAs\":[\"http:\/\/www.facebook.com\/VunderSkizze\"]}]}<\/script>\n<!-- \/ Yoast SEO plugin. -->","yoast_head_json":{"title":"Angliuk\u0173 rinkinys Derwent Charcoal &#8211; Skizze","robots":{"index":"noindex","follow":"follow","max-snippet":"max-snippet:-1","max-image-preview":"max-image-preview:large","max-video-preview":"max-video-preview:-1"},"og_locale":"lt_LT","og_type":"article","og_title":"Angliuk\u0173 rinkinys Derwent Charcoal &#8211; Skizze","og_description":"\u0160is anglini\u0173 blokeli\u0173 komplektas puikiai tinka eskizams ir ekspresyviems darbams. Komplekte yra itin daug \u012fvairi\u0173 pie\u0161imui su anglimi skirt\u0173 priemoni\u0173. Komplekte yra: Tamsus anglinis pie\u0161tukas Spalvoti angliniai pie\u0161tukai (tonuotos \u201eglowing embers\u201c anglies ir baltas pie\u0161tukas) Presuotos anglies blokeliai (\u0161viesus, vidutinis ir tamsus) Pie\u0161imo angliukai (2vnt.) Stambus pie\u0161imo anglies blokelis Tu\u0161avimo lazdel\u0117","og_url":"https:\/\/hobstop.ee\/lt\/produktas\/angliuku-rinkinys-derwent-charcoal\/","og_site_name":"Skizze","article_publisher":"http:\/\/www.facebook.com\/VunderSkizze","article_modified_time":"-0001-11-30T00:00:00+00:00","og_image":[{"width":1024,"height":768,"url":"https:\/\/www.hobstop.ee\/media\/3305.jpg","type":"image\/jpeg"}],"twitter_card":"summary_large_image","schema":{"@context":"https:\/\/schema.org","@graph":[{"@type":"WebPage","@id":"https:\/\/hobstop.ee\/lt\/produktas\/angliuku-rinkinys-derwent-charcoal\/","url":"https:\/\/hobstop.ee\/lt\/produktas\/angliuku-rinkinys-derwent-charcoal\/","name":"Angliuk\u0173 rinkinys Derwent Charcoal &#8211; Skizze","isPartOf":{"@id":"https:\/\/hobstop.ee\/lt\/#website"},"primaryImageOfPage":{"@id":"https:\/\/hobstop.ee\/lt\/produktas\/angliuku-rinkinys-derwent-charcoal\/#primaryimage"},"image":{"@id":"https:\/\/hobstop.ee\/lt\/produktas\/angliuku-rinkinys-derwent-charcoal\/#primaryimage"},"thumbnailUrl":"https:\/\/hobstop.ee\/media\/3305.jpg","datePublished":"2014-12-09T11:34:57+00:00","dateModified":"-0001-11-30T00:00:00+00:00","breadcrumb":{"@id":"https:\/\/hobstop.ee\/lt\/produktas\/angliuku-rinkinys-derwent-charcoal\/#breadcrumb"},"inLanguage":"lt","potentialAction":[{"@type":"ReadAction","target":["https:\/\/hobstop.ee\/lt\/produktas\/angliuku-rinkinys-derwent-charcoal\/"]}]},{"@type":"ImageObject","inLanguage":"lt","@id":"https:\/\/hobstop.ee\/lt\/produktas\/angliuku-rinkinys-derwent-charcoal\/#primaryimage","url":"https:\/\/hobstop.ee\/media\/3305.jpg","contentUrl":"https:\/\/hobstop.ee\/media\/3305.jpg","width":1024,"height":768},{"@type":"BreadcrumbList","@id":"https:\/\/hobstop.ee\/lt\/produktas\/angliuku-rinkinys-derwent-charcoal\/#breadcrumb","itemListElement":[{"@type":"ListItem","position":1,"name":"Avaleht","item":"https:\/\/hobstop.ee\/lt\/"},{"@type":"ListItem","position":2,"name":"Parduotuv\u0117","item":"https:\/\/hobstop.ee\/lt\/parduotuve\/"},{"@type":"ListItem","position":3,"name":"Angliuk\u0173 rinkinys Derwent Charcoal"}]},{"@type":"WebSite","@id":"https:\/\/hobstop.ee\/lt\/#website","url":"https:\/\/hobstop.ee\/lt\/","name":"Skizze","description":"Dail\u0117s, pom\u0117gi\u0173 ir mokykliniai reikm\u0117nys","publisher":{"@id":"https:\/\/hobstop.ee\/lt\/#organization"},"potentialAction":[{"@type":"SearchAction","target":{"@type":"EntryPoint","urlTemplate":"https:\/\/hobstop.ee\/lt\/?s={search_term_string}"},"query-input":{"@type":"PropertyValueSpecification","valueRequired":true,"valueName":"search_term_string"}}],"inLanguage":"lt"},{"@type":"Organization","@id":"https:\/\/hobstop.ee\/lt\/#organization","name":"Vunder AS","url":"https:\/\/hobstop.ee\/lt\/","logo":{"@type":"ImageObject","inLanguage":"lt","@id":"https:\/\/hobstop.ee\/lt\/#\/schema\/logo\/image\/","url":"https:\/\/hobstop.ee\/media\/vunder-logo.png","contentUrl":"https:\/\/hobstop.ee\/media\/vunder-logo.png","width":127,"height":55,"caption":"Vunder AS"},"image":{"@id":"https:\/\/hobstop.ee\/lt\/#\/schema\/logo\/image\/"},"sameAs":["http:\/\/www.facebook.com\/VunderSkizze"]}]}},"_links":{"self":[{"href":"https:\/\/hobstop.ee\/lt\/wp-json\/wp\/v2\/product\/62524","targetHints":{"allow":["GET"]}}],"collection":[{"href":"https:\/\/hobstop.ee\/lt\/wp-json\/wp\/v2\/product"}],"about":[{"href":"https:\/\/hobstop.ee\/lt\/wp-json\/wp\/v2\/types\/product"}],"replies":[{"embeddable":true,"href":"https:\/\/hobstop.ee\/lt\/wp-json\/wp\/v2\/comments?post=62524"}],"wp:featuredmedia":[{"embeddable":true,"href":"https:\/\/hobstop.ee\/lt\/wp-json\/wp\/v2\/media\/142921"}],"wp:attachment":[{"href":"https:\/\/hobstop.ee\/lt\/wp-json\/wp\/v2\/media?parent=62524"}],"wp:term":[{"taxonomy":"product_cat","embeddable":true,"href":"https:\/\/hobstop.ee\/lt\/wp-json\/wp\/v2\/product_cat?post=62524"},{"taxonomy":"product_tag","embeddable":true,"href":"https:\/\/hobstop.ee\/lt\/wp-json\/wp\/v2\/product_tag?post=62524"}],"curies":[{"name":"wp","href":"https:\/\/api.w.org\/{rel}","templated":true}]}}