{"id":62563,"date":"2014-12-09T13:35:04","date_gmt":"2014-12-09T11:35:04","guid":{"rendered":"https:\/\/sharks.ee\/vunder_2019.klient.veebimajutus.ee\/?post_type=product&p=62563"},"modified":"2014-12-09T13:35:04","modified_gmt":"2014-12-09T10:35:04","slug":"aliejiniai-dazai-artisain-37ml","status":"publish","type":"product","link":"https:\/\/hobstop.ee\/lt\/produktas\/aliejiniai-dazai-artisain-37ml\/","title":{"rendered":"Aliejiniai da\u017eai Artisain 37ml"},"content":{"rendered":"<p>\u0160i\u0173 nuostabi\u0173 da\u017e\u0173 savyb\u0117s yra tokios pa\u010dios, kaip ir alyvini\u0173 da\u017e\u0173, jie ir atrodo, kaip tradiciniai alyviniai da\u017eai, ta\u010diau i\u0161 ties\u0173 jie yra ypatingi. Da\u017eus galima naudoti be nuoding\u0173 skiedikli\u0173 \u2013 juos galima skiesti ir valyti vandeniu. Jie ypatingai tinka dailininkams, kurie dalinasi viena dirbtuve, ir tiems, kurie nenori naudoti skiedikli\u0173 darbe ar namuose. Ry\u0161ki\u0173 spalv\u0173, tir\u0161tos, tarsi sviestas tekst\u016bros su vandeniu mai\u0161omus alyvinius da\u017eus \u201eArtisan\u201c galima naudoti keliais b\u016bdais. \u201eArtisan\u201c produkt\u0173 linijoje rasite speciali\u0173 skiedikli\u0173, aliej\u0173 ir pagalbini\u0173 priemoni\u0173.<\/p>\n","protected":false},"excerpt":{"rendered":"<p>\u0160i\u0173 nuostabi\u0173 da\u017e\u0173 savyb\u0117s yra tokios pa\u010dios, kaip ir alyvini\u0173 da\u017e\u0173, jie ir atrodo, kaip tradiciniai alyviniai da\u017eai, ta\u010diau i\u0161 ties\u0173 jie yra ypatingi. Da\u017eus galima naudoti be nuoding\u0173 skiedikli\u0173 \u2013 juos galima skiesti ir valyti vandeniu. Jie ypatingai tinka dailininkams, kurie dalinasi viena dirbtuve, ir tiems, kurie nenori naudoti skiedikli\u0173 darbe ar namuose. Ry\u0161ki\u0173 spalv\u0173, tir\u0161tos, tarsi sviestas tekst\u016bros su vandeniu mai\u0161omus alyvinius da\u017eus \u201eArtisan\u201c galima naudoti keliais b\u016bdais. \u201eArtisan\u201c produkt\u0173 linijoje rasite speciali\u0173 skiedikli\u0173, aliej\u0173 ir pagalbini\u0173 priemoni\u0173.<\/p>\n","protected":false},"featured_media":106691,"comment_status":"closed","ping_status":"closed","template":"","meta":{"_acf_changed":false,"ep_exclude_from_search":false},"product_cat":[18166,16124,17981],"product_tag":[],"class_list":{"0":"post-62563","1":"product","2":"type-product","3":"status-publish","4":"has-post-thumbnail","6":"product_cat-aliejiniai-dazai","7":"product_cat-dailes-prekes","8":"product_cat-dazai-ir-priedai-tapybai","10":"first","11":"instock","12":"taxable","13":"shipping-taxable","14":"purchasable","15":"product-type-variable"},"acf":[],"yoast_head":"<!-- This site is optimized with the Yoast SEO plugin v24.1 - https:\/\/yoast.com\/wordpress\/plugins\/seo\/ -->\n<title>Aliejiniai da\u017eai Artisain 37ml &#8211; Skizze<\/title>\n<meta name=\"robots\" content=\"noindex, follow, max-snippet:-1, max-image-preview:large, max-video-preview:-1\" \/>\n<meta property=\"og:locale\" content=\"lt_LT\" \/>\n<meta property=\"og:type\" content=\"article\" \/>\n<meta property=\"og:title\" content=\"Aliejiniai da\u017eai Artisain 37ml &#8211; Skizze\" \/>\n<meta property=\"og:description\" content=\"\u0160i\u0173 nuostabi\u0173 da\u017e\u0173 savyb\u0117s yra tokios pa\u010dios, kaip ir alyvini\u0173 da\u017e\u0173, jie ir atrodo, kaip tradiciniai alyviniai da\u017eai, ta\u010diau i\u0161 ties\u0173 jie yra ypatingi. Da\u017eus galima naudoti be nuoding\u0173 skiedikli\u0173 \u2013 juos galima skiesti ir valyti vandeniu. Jie ypatingai tinka dailininkams, kurie dalinasi viena dirbtuve, ir tiems, kurie nenori naudoti skiedikli\u0173 darbe ar namuose. Ry\u0161ki\u0173 spalv\u0173, tir\u0161tos, tarsi sviestas tekst\u016bros su vandeniu mai\u0161omus alyvinius da\u017eus \u201eArtisan\u201c galima naudoti keliais b\u016bdais. \u201eArtisan\u201c produkt\u0173 linijoje rasite speciali\u0173 skiedikli\u0173, aliej\u0173 ir pagalbini\u0173 priemoni\u0173.\" \/>\n<meta property=\"og:url\" content=\"https:\/\/hobstop.ee\/lt\/produktas\/aliejiniai-dazai-artisain-37ml\/\" \/>\n<meta property=\"og:site_name\" content=\"Skizze\" \/>\n<meta property=\"article:publisher\" content=\"http:\/\/www.facebook.com\/VunderSkizze\" \/>\n<meta property=\"article:modified_time\" content=\"-0001-11-30T00:00:00+00:00\" \/>\n<meta property=\"og:image\" content=\"https:\/\/hobstop.ee\/media\/3329.jpg\" \/>\n\t<meta property=\"og:image:width\" content=\"1024\" \/>\n\t<meta property=\"og:image:height\" content=\"768\" \/>\n\t<meta property=\"og:image:type\" content=\"image\/jpeg\" \/>\n<meta name=\"twitter:card\" content=\"summary_large_image\" \/>\n<script type=\"application\/ld+json\" class=\"yoast-schema-graph\">{\"@context\":\"https:\/\/schema.org\",\"@graph\":[{\"@type\":\"WebPage\",\"@id\":\"https:\/\/hobstop.ee\/lt\/produktas\/aliejiniai-dazai-artisain-37ml\/\",\"url\":\"https:\/\/hobstop.ee\/lt\/produktas\/aliejiniai-dazai-artisain-37ml\/\",\"name\":\"Aliejiniai da\u017eai Artisain 37ml &#8211; Skizze\",\"isPartOf\":{\"@id\":\"https:\/\/hobstop.ee\/lt\/#website\"},\"primaryImageOfPage\":{\"@id\":\"https:\/\/hobstop.ee\/lt\/produktas\/aliejiniai-dazai-artisain-37ml\/#primaryimage\"},\"image\":{\"@id\":\"https:\/\/hobstop.ee\/lt\/produktas\/aliejiniai-dazai-artisain-37ml\/#primaryimage\"},\"thumbnailUrl\":\"https:\/\/hobstop.ee\/media\/3329.jpg\",\"datePublished\":\"2014-12-09T11:35:04+00:00\",\"dateModified\":\"-0001-11-30T00:00:00+00:00\",\"breadcrumb\":{\"@id\":\"https:\/\/hobstop.ee\/lt\/produktas\/aliejiniai-dazai-artisain-37ml\/#breadcrumb\"},\"inLanguage\":\"lt\",\"potentialAction\":[{\"@type\":\"ReadAction\",\"target\":[\"https:\/\/hobstop.ee\/lt\/produktas\/aliejiniai-dazai-artisain-37ml\/\"]}]},{\"@type\":\"ImageObject\",\"inLanguage\":\"lt\",\"@id\":\"https:\/\/hobstop.ee\/lt\/produktas\/aliejiniai-dazai-artisain-37ml\/#primaryimage\",\"url\":\"https:\/\/hobstop.ee\/media\/3329.jpg\",\"contentUrl\":\"https:\/\/hobstop.ee\/media\/3329.jpg\",\"width\":1024,\"height\":768},{\"@type\":\"BreadcrumbList\",\"@id\":\"https:\/\/hobstop.ee\/lt\/produktas\/aliejiniai-dazai-artisain-37ml\/#breadcrumb\",\"itemListElement\":[{\"@type\":\"ListItem\",\"position\":1,\"name\":\"Avaleht\",\"item\":\"https:\/\/hobstop.ee\/lt\/\"},{\"@type\":\"ListItem\",\"position\":2,\"name\":\"Parduotuv\u0117\",\"item\":\"https:\/\/hobstop.ee\/lt\/parduotuve\/\"},{\"@type\":\"ListItem\",\"position\":3,\"name\":\"Aliejiniai da\u017eai Artisain 37ml\"}]},{\"@type\":\"WebSite\",\"@id\":\"https:\/\/hobstop.ee\/lt\/#website\",\"url\":\"https:\/\/hobstop.ee\/lt\/\",\"name\":\"Skizze\",\"description\":\"Dail\u0117s, pom\u0117gi\u0173 ir mokykliniai reikm\u0117nys\",\"publisher\":{\"@id\":\"https:\/\/hobstop.ee\/lt\/#organization\"},\"potentialAction\":[{\"@type\":\"SearchAction\",\"target\":{\"@type\":\"EntryPoint\",\"urlTemplate\":\"https:\/\/hobstop.ee\/lt\/?s={search_term_string}\"},\"query-input\":{\"@type\":\"PropertyValueSpecification\",\"valueRequired\":true,\"valueName\":\"search_term_string\"}}],\"inLanguage\":\"lt\"},{\"@type\":\"Organization\",\"@id\":\"https:\/\/hobstop.ee\/lt\/#organization\",\"name\":\"Vunder AS\",\"url\":\"https:\/\/hobstop.ee\/lt\/\",\"logo\":{\"@type\":\"ImageObject\",\"inLanguage\":\"lt\",\"@id\":\"https:\/\/hobstop.ee\/lt\/#\/schema\/logo\/image\/\",\"url\":\"https:\/\/hobstop.ee\/media\/vunder-logo.png\",\"contentUrl\":\"https:\/\/hobstop.ee\/media\/vunder-logo.png\",\"width\":127,\"height\":55,\"caption\":\"Vunder AS\"},\"image\":{\"@id\":\"https:\/\/hobstop.ee\/lt\/#\/schema\/logo\/image\/\"},\"sameAs\":[\"http:\/\/www.facebook.com\/VunderSkizze\"]}]}<\/script>\n<!-- \/ Yoast SEO plugin. -->","yoast_head_json":{"title":"Aliejiniai da\u017eai Artisain 37ml &#8211; Skizze","robots":{"index":"noindex","follow":"follow","max-snippet":"max-snippet:-1","max-image-preview":"max-image-preview:large","max-video-preview":"max-video-preview:-1"},"og_locale":"lt_LT","og_type":"article","og_title":"Aliejiniai da\u017eai Artisain 37ml &#8211; Skizze","og_description":"\u0160i\u0173 nuostabi\u0173 da\u017e\u0173 savyb\u0117s yra tokios pa\u010dios, kaip ir alyvini\u0173 da\u017e\u0173, jie ir atrodo, kaip tradiciniai alyviniai da\u017eai, ta\u010diau i\u0161 ties\u0173 jie yra ypatingi. Da\u017eus galima naudoti be nuoding\u0173 skiedikli\u0173 \u2013 juos galima skiesti ir valyti vandeniu. Jie ypatingai tinka dailininkams, kurie dalinasi viena dirbtuve, ir tiems, kurie nenori naudoti skiedikli\u0173 darbe ar namuose. Ry\u0161ki\u0173 spalv\u0173, tir\u0161tos, tarsi sviestas tekst\u016bros su vandeniu mai\u0161omus alyvinius da\u017eus \u201eArtisan\u201c galima naudoti keliais b\u016bdais. \u201eArtisan\u201c produkt\u0173 linijoje rasite speciali\u0173 skiedikli\u0173, aliej\u0173 ir pagalbini\u0173 priemoni\u0173.","og_url":"https:\/\/hobstop.ee\/lt\/produktas\/aliejiniai-dazai-artisain-37ml\/","og_site_name":"Skizze","article_publisher":"http:\/\/www.facebook.com\/VunderSkizze","article_modified_time":"-0001-11-30T00:00:00+00:00","og_image":[{"width":1024,"height":768,"url":"https:\/\/hobstop.ee\/media\/3329.jpg","type":"image\/jpeg"}],"twitter_card":"summary_large_image","schema":{"@context":"https:\/\/schema.org","@graph":[{"@type":"WebPage","@id":"https:\/\/hobstop.ee\/lt\/produktas\/aliejiniai-dazai-artisain-37ml\/","url":"https:\/\/hobstop.ee\/lt\/produktas\/aliejiniai-dazai-artisain-37ml\/","name":"Aliejiniai da\u017eai Artisain 37ml &#8211; Skizze","isPartOf":{"@id":"https:\/\/hobstop.ee\/lt\/#website"},"primaryImageOfPage":{"@id":"https:\/\/hobstop.ee\/lt\/produktas\/aliejiniai-dazai-artisain-37ml\/#primaryimage"},"image":{"@id":"https:\/\/hobstop.ee\/lt\/produktas\/aliejiniai-dazai-artisain-37ml\/#primaryimage"},"thumbnailUrl":"https:\/\/hobstop.ee\/media\/3329.jpg","datePublished":"2014-12-09T11:35:04+00:00","dateModified":"-0001-11-30T00:00:00+00:00","breadcrumb":{"@id":"https:\/\/hobstop.ee\/lt\/produktas\/aliejiniai-dazai-artisain-37ml\/#breadcrumb"},"inLanguage":"lt","potentialAction":[{"@type":"ReadAction","target":["https:\/\/hobstop.ee\/lt\/produktas\/aliejiniai-dazai-artisain-37ml\/"]}]},{"@type":"ImageObject","inLanguage":"lt","@id":"https:\/\/hobstop.ee\/lt\/produktas\/aliejiniai-dazai-artisain-37ml\/#primaryimage","url":"https:\/\/hobstop.ee\/media\/3329.jpg","contentUrl":"https:\/\/hobstop.ee\/media\/3329.jpg","width":1024,"height":768},{"@type":"BreadcrumbList","@id":"https:\/\/hobstop.ee\/lt\/produktas\/aliejiniai-dazai-artisain-37ml\/#breadcrumb","itemListElement":[{"@type":"ListItem","position":1,"name":"Avaleht","item":"https:\/\/hobstop.ee\/lt\/"},{"@type":"ListItem","position":2,"name":"Parduotuv\u0117","item":"https:\/\/hobstop.ee\/lt\/parduotuve\/"},{"@type":"ListItem","position":3,"name":"Aliejiniai da\u017eai Artisain 37ml"}]},{"@type":"WebSite","@id":"https:\/\/hobstop.ee\/lt\/#website","url":"https:\/\/hobstop.ee\/lt\/","name":"Skizze","description":"Dail\u0117s, pom\u0117gi\u0173 ir mokykliniai reikm\u0117nys","publisher":{"@id":"https:\/\/hobstop.ee\/lt\/#organization"},"potentialAction":[{"@type":"SearchAction","target":{"@type":"EntryPoint","urlTemplate":"https:\/\/hobstop.ee\/lt\/?s={search_term_string}"},"query-input":{"@type":"PropertyValueSpecification","valueRequired":true,"valueName":"search_term_string"}}],"inLanguage":"lt"},{"@type":"Organization","@id":"https:\/\/hobstop.ee\/lt\/#organization","name":"Vunder AS","url":"https:\/\/hobstop.ee\/lt\/","logo":{"@type":"ImageObject","inLanguage":"lt","@id":"https:\/\/hobstop.ee\/lt\/#\/schema\/logo\/image\/","url":"https:\/\/hobstop.ee\/media\/vunder-logo.png","contentUrl":"https:\/\/hobstop.ee\/media\/vunder-logo.png","width":127,"height":55,"caption":"Vunder AS"},"image":{"@id":"https:\/\/hobstop.ee\/lt\/#\/schema\/logo\/image\/"},"sameAs":["http:\/\/www.facebook.com\/VunderSkizze"]}]}},"_links":{"self":[{"href":"https:\/\/hobstop.ee\/lt\/wp-json\/wp\/v2\/product\/62563","targetHints":{"allow":["GET"]}}],"collection":[{"href":"https:\/\/hobstop.ee\/lt\/wp-json\/wp\/v2\/product"}],"about":[{"href":"https:\/\/hobstop.ee\/lt\/wp-json\/wp\/v2\/types\/product"}],"replies":[{"embeddable":true,"href":"https:\/\/hobstop.ee\/lt\/wp-json\/wp\/v2\/comments?post=62563"}],"wp:featuredmedia":[{"embeddable":true,"href":"https:\/\/hobstop.ee\/lt\/wp-json\/wp\/v2\/media\/106691"}],"wp:attachment":[{"href":"https:\/\/hobstop.ee\/lt\/wp-json\/wp\/v2\/media?parent=62563"}],"wp:term":[{"taxonomy":"product_cat","embeddable":true,"href":"https:\/\/hobstop.ee\/lt\/wp-json\/wp\/v2\/product_cat?post=62563"},{"taxonomy":"product_tag","embeddable":true,"href":"https:\/\/hobstop.ee\/lt\/wp-json\/wp\/v2\/product_tag?post=62563"}],"curies":[{"name":"wp","href":"https:\/\/api.w.org\/{rel}","templated":true}]}}