{"id":62566,"date":"2014-12-09T13:35:05","date_gmt":"2014-12-09T11:35:05","guid":{"rendered":"https:\/\/sharks.ee\/vunder_2019.klient.veebimajutus.ee\/?post_type=product&p=62566"},"modified":"2014-12-09T13:35:05","modified_gmt":"2014-12-09T10:35:05","slug":"antspaudas-vaskas-manuscript","status":"publish","type":"product","link":"https:\/\/hobstop.ee\/lt\/produktas\/antspaudas-vaskas-manuscript\/","title":{"rendered":"Antspaudas + va\u0161kas Manuscript"},"content":{"rendered":"<p>Atspaudavimas yra senovin\u0117 meno forma, kuri paprastai yra susijusi su asmeniniu para\u0161u. Dabar \u0161\u012f men\u0105 galite puosel\u0117ti naudodami nedidel\u012f antspaud\u0105 su inicialais. Puikus b\u016bdas pa\u017eym\u0117ti savo lai\u0161kus. Komplekte yra va\u0161kin\u0117 lazdel\u0117 su dagtimi ir naudojimo instrukcija.<\/p>\n<p>Komplekte yra:<br \/>\nNedidel\u0117 raudona keramin\u0117 ranken\u0117l\u0117<br \/>\nAntspaudas su inicialais<br \/>\nRaudona va\u0161kin\u0117 lazdel\u0117 su dagtimi<\/p>\n","protected":false},"excerpt":{"rendered":"<p>Atspaudavimas yra senovin\u0117 meno forma, kuri paprastai yra susijusi su asmeniniu para\u0161u. Dabar \u0161\u012f men\u0105 galite puosel\u0117ti naudodami nedidel\u012f antspaud\u0105 su inicialais. Puikus b\u016bdas pa\u017eym\u0117ti savo lai\u0161kus. Komplekte yra va\u0161kin\u0117 lazdel\u0117 su dagtimi ir naudojimo instrukcija. Komplekte yra: Nedidel\u0117 raudona keramin\u0117 ranken\u0117l\u0117 Antspaudas su inicialais Raudona va\u0161kin\u0117 lazdel\u0117 su dagtimi<\/p>\n","protected":false},"featured_media":295070,"comment_status":"closed","ping_status":"closed","template":"","meta":{"_acf_changed":false,"ep_exclude_from_search":false},"product_cat":[14963,17919,19876],"product_tag":[],"class_list":{"0":"post-62566","1":"product","2":"type-product","3":"status-publish","4":"has-post-thumbnail","6":"product_cat-antspaudai-ir-vaskai-2","7":"product_cat-pomegiu-prekes","8":"product_cat-popieriaus-menas","10":"first","11":"instock","12":"sale","13":"taxable","14":"shipping-taxable","15":"purchasable","16":"product-type-variable"},"acf":[],"yoast_head":"<!-- This site is optimized with the Yoast SEO plugin v24.1 - https:\/\/yoast.com\/wordpress\/plugins\/seo\/ -->\n<title>Antspaudas + va\u0161kas Manuscript &#8211; Skizze<\/title>\n<meta name=\"robots\" content=\"noindex, follow, max-snippet:-1, max-image-preview:large, max-video-preview:-1\" \/>\n<meta property=\"og:locale\" content=\"lt_LT\" \/>\n<meta property=\"og:type\" content=\"article\" \/>\n<meta property=\"og:title\" content=\"Antspaudas + va\u0161kas Manuscript &#8211; Skizze\" \/>\n<meta property=\"og:description\" content=\"Atspaudavimas yra senovin\u0117 meno forma, kuri paprastai yra susijusi su asmeniniu para\u0161u. Dabar \u0161\u012f men\u0105 galite puosel\u0117ti naudodami nedidel\u012f antspaud\u0105 su inicialais. Puikus b\u016bdas pa\u017eym\u0117ti savo lai\u0161kus. Komplekte yra va\u0161kin\u0117 lazdel\u0117 su dagtimi ir naudojimo instrukcija. Komplekte yra: Nedidel\u0117 raudona keramin\u0117 ranken\u0117l\u0117 Antspaudas su inicialais Raudona va\u0161kin\u0117 lazdel\u0117 su dagtimi\" \/>\n<meta property=\"og:url\" content=\"https:\/\/hobstop.ee\/lt\/produktas\/antspaudas-vaskas-manuscript\/\" \/>\n<meta property=\"og:site_name\" content=\"Skizze\" \/>\n<meta property=\"article:publisher\" content=\"http:\/\/www.facebook.com\/VunderSkizze\" \/>\n<meta property=\"article:modified_time\" content=\"-0001-11-30T00:00:00+00:00\" \/>\n<meta property=\"og:image\" content=\"https:\/\/hobstop.ee\/media\/3331.jpg\" \/>\n\t<meta property=\"og:image:width\" content=\"1024\" \/>\n\t<meta property=\"og:image:height\" content=\"768\" \/>\n\t<meta property=\"og:image:type\" content=\"image\/jpeg\" \/>\n<meta name=\"twitter:card\" content=\"summary_large_image\" \/>\n<script type=\"application\/ld+json\" class=\"yoast-schema-graph\">{\"@context\":\"https:\/\/schema.org\",\"@graph\":[{\"@type\":\"WebPage\",\"@id\":\"https:\/\/hobstop.ee\/lt\/produktas\/antspaudas-vaskas-manuscript\/\",\"url\":\"https:\/\/hobstop.ee\/lt\/produktas\/antspaudas-vaskas-manuscript\/\",\"name\":\"Antspaudas + va\u0161kas Manuscript &#8211; Skizze\",\"isPartOf\":{\"@id\":\"https:\/\/hobstop.ee\/lt\/#website\"},\"primaryImageOfPage\":{\"@id\":\"https:\/\/hobstop.ee\/lt\/produktas\/antspaudas-vaskas-manuscript\/#primaryimage\"},\"image\":{\"@id\":\"https:\/\/hobstop.ee\/lt\/produktas\/antspaudas-vaskas-manuscript\/#primaryimage\"},\"thumbnailUrl\":\"https:\/\/hobstop.ee\/media\/3331.jpg\",\"datePublished\":\"2014-12-09T11:35:05+00:00\",\"dateModified\":\"-0001-11-30T00:00:00+00:00\",\"breadcrumb\":{\"@id\":\"https:\/\/hobstop.ee\/lt\/produktas\/antspaudas-vaskas-manuscript\/#breadcrumb\"},\"inLanguage\":\"lt\",\"potentialAction\":[{\"@type\":\"ReadAction\",\"target\":[\"https:\/\/hobstop.ee\/lt\/produktas\/antspaudas-vaskas-manuscript\/\"]}]},{\"@type\":\"ImageObject\",\"inLanguage\":\"lt\",\"@id\":\"https:\/\/hobstop.ee\/lt\/produktas\/antspaudas-vaskas-manuscript\/#primaryimage\",\"url\":\"https:\/\/hobstop.ee\/media\/3331.jpg\",\"contentUrl\":\"https:\/\/hobstop.ee\/media\/3331.jpg\",\"width\":1024,\"height\":768},{\"@type\":\"BreadcrumbList\",\"@id\":\"https:\/\/hobstop.ee\/lt\/produktas\/antspaudas-vaskas-manuscript\/#breadcrumb\",\"itemListElement\":[{\"@type\":\"ListItem\",\"position\":1,\"name\":\"Avaleht\",\"item\":\"https:\/\/hobstop.ee\/lt\/\"},{\"@type\":\"ListItem\",\"position\":2,\"name\":\"Parduotuv\u0117\",\"item\":\"https:\/\/hobstop.ee\/lt\/parduotuve\/\"},{\"@type\":\"ListItem\",\"position\":3,\"name\":\"Antspaudas + va\u0161kas Manuscript\"}]},{\"@type\":\"WebSite\",\"@id\":\"https:\/\/hobstop.ee\/lt\/#website\",\"url\":\"https:\/\/hobstop.ee\/lt\/\",\"name\":\"Skizze\",\"description\":\"Dail\u0117s, pom\u0117gi\u0173 ir mokykliniai reikm\u0117nys\",\"publisher\":{\"@id\":\"https:\/\/hobstop.ee\/lt\/#organization\"},\"potentialAction\":[{\"@type\":\"SearchAction\",\"target\":{\"@type\":\"EntryPoint\",\"urlTemplate\":\"https:\/\/hobstop.ee\/lt\/?s={search_term_string}\"},\"query-input\":{\"@type\":\"PropertyValueSpecification\",\"valueRequired\":true,\"valueName\":\"search_term_string\"}}],\"inLanguage\":\"lt\"},{\"@type\":\"Organization\",\"@id\":\"https:\/\/hobstop.ee\/lt\/#organization\",\"name\":\"Vunder AS\",\"url\":\"https:\/\/hobstop.ee\/lt\/\",\"logo\":{\"@type\":\"ImageObject\",\"inLanguage\":\"lt\",\"@id\":\"https:\/\/hobstop.ee\/lt\/#\/schema\/logo\/image\/\",\"url\":\"https:\/\/hobstop.ee\/media\/vunder-logo.png\",\"contentUrl\":\"https:\/\/hobstop.ee\/media\/vunder-logo.png\",\"width\":127,\"height\":55,\"caption\":\"Vunder AS\"},\"image\":{\"@id\":\"https:\/\/hobstop.ee\/lt\/#\/schema\/logo\/image\/\"},\"sameAs\":[\"http:\/\/www.facebook.com\/VunderSkizze\"]}]}<\/script>\n<!-- \/ Yoast SEO plugin. -->","yoast_head_json":{"title":"Antspaudas + va\u0161kas Manuscript &#8211; Skizze","robots":{"index":"noindex","follow":"follow","max-snippet":"max-snippet:-1","max-image-preview":"max-image-preview:large","max-video-preview":"max-video-preview:-1"},"og_locale":"lt_LT","og_type":"article","og_title":"Antspaudas + va\u0161kas Manuscript &#8211; Skizze","og_description":"Atspaudavimas yra senovin\u0117 meno forma, kuri paprastai yra susijusi su asmeniniu para\u0161u. Dabar \u0161\u012f men\u0105 galite puosel\u0117ti naudodami nedidel\u012f antspaud\u0105 su inicialais. Puikus b\u016bdas pa\u017eym\u0117ti savo lai\u0161kus. Komplekte yra va\u0161kin\u0117 lazdel\u0117 su dagtimi ir naudojimo instrukcija. Komplekte yra: Nedidel\u0117 raudona keramin\u0117 ranken\u0117l\u0117 Antspaudas su inicialais Raudona va\u0161kin\u0117 lazdel\u0117 su dagtimi","og_url":"https:\/\/hobstop.ee\/lt\/produktas\/antspaudas-vaskas-manuscript\/","og_site_name":"Skizze","article_publisher":"http:\/\/www.facebook.com\/VunderSkizze","article_modified_time":"-0001-11-30T00:00:00+00:00","og_image":[{"width":1024,"height":768,"url":"https:\/\/hobstop.ee\/media\/3331.jpg","type":"image\/jpeg"}],"twitter_card":"summary_large_image","schema":{"@context":"https:\/\/schema.org","@graph":[{"@type":"WebPage","@id":"https:\/\/hobstop.ee\/lt\/produktas\/antspaudas-vaskas-manuscript\/","url":"https:\/\/hobstop.ee\/lt\/produktas\/antspaudas-vaskas-manuscript\/","name":"Antspaudas + va\u0161kas Manuscript &#8211; Skizze","isPartOf":{"@id":"https:\/\/hobstop.ee\/lt\/#website"},"primaryImageOfPage":{"@id":"https:\/\/hobstop.ee\/lt\/produktas\/antspaudas-vaskas-manuscript\/#primaryimage"},"image":{"@id":"https:\/\/hobstop.ee\/lt\/produktas\/antspaudas-vaskas-manuscript\/#primaryimage"},"thumbnailUrl":"https:\/\/hobstop.ee\/media\/3331.jpg","datePublished":"2014-12-09T11:35:05+00:00","dateModified":"-0001-11-30T00:00:00+00:00","breadcrumb":{"@id":"https:\/\/hobstop.ee\/lt\/produktas\/antspaudas-vaskas-manuscript\/#breadcrumb"},"inLanguage":"lt","potentialAction":[{"@type":"ReadAction","target":["https:\/\/hobstop.ee\/lt\/produktas\/antspaudas-vaskas-manuscript\/"]}]},{"@type":"ImageObject","inLanguage":"lt","@id":"https:\/\/hobstop.ee\/lt\/produktas\/antspaudas-vaskas-manuscript\/#primaryimage","url":"https:\/\/hobstop.ee\/media\/3331.jpg","contentUrl":"https:\/\/hobstop.ee\/media\/3331.jpg","width":1024,"height":768},{"@type":"BreadcrumbList","@id":"https:\/\/hobstop.ee\/lt\/produktas\/antspaudas-vaskas-manuscript\/#breadcrumb","itemListElement":[{"@type":"ListItem","position":1,"name":"Avaleht","item":"https:\/\/hobstop.ee\/lt\/"},{"@type":"ListItem","position":2,"name":"Parduotuv\u0117","item":"https:\/\/hobstop.ee\/lt\/parduotuve\/"},{"@type":"ListItem","position":3,"name":"Antspaudas + va\u0161kas Manuscript"}]},{"@type":"WebSite","@id":"https:\/\/hobstop.ee\/lt\/#website","url":"https:\/\/hobstop.ee\/lt\/","name":"Skizze","description":"Dail\u0117s, pom\u0117gi\u0173 ir mokykliniai reikm\u0117nys","publisher":{"@id":"https:\/\/hobstop.ee\/lt\/#organization"},"potentialAction":[{"@type":"SearchAction","target":{"@type":"EntryPoint","urlTemplate":"https:\/\/hobstop.ee\/lt\/?s={search_term_string}"},"query-input":{"@type":"PropertyValueSpecification","valueRequired":true,"valueName":"search_term_string"}}],"inLanguage":"lt"},{"@type":"Organization","@id":"https:\/\/hobstop.ee\/lt\/#organization","name":"Vunder AS","url":"https:\/\/hobstop.ee\/lt\/","logo":{"@type":"ImageObject","inLanguage":"lt","@id":"https:\/\/hobstop.ee\/lt\/#\/schema\/logo\/image\/","url":"https:\/\/hobstop.ee\/media\/vunder-logo.png","contentUrl":"https:\/\/hobstop.ee\/media\/vunder-logo.png","width":127,"height":55,"caption":"Vunder AS"},"image":{"@id":"https:\/\/hobstop.ee\/lt\/#\/schema\/logo\/image\/"},"sameAs":["http:\/\/www.facebook.com\/VunderSkizze"]}]}},"_links":{"self":[{"href":"https:\/\/hobstop.ee\/lt\/wp-json\/wp\/v2\/product\/62566","targetHints":{"allow":["GET"]}}],"collection":[{"href":"https:\/\/hobstop.ee\/lt\/wp-json\/wp\/v2\/product"}],"about":[{"href":"https:\/\/hobstop.ee\/lt\/wp-json\/wp\/v2\/types\/product"}],"replies":[{"embeddable":true,"href":"https:\/\/hobstop.ee\/lt\/wp-json\/wp\/v2\/comments?post=62566"}],"wp:featuredmedia":[{"embeddable":true,"href":"https:\/\/hobstop.ee\/lt\/wp-json\/wp\/v2\/media\/295070"}],"wp:attachment":[{"href":"https:\/\/hobstop.ee\/lt\/wp-json\/wp\/v2\/media?parent=62566"}],"wp:term":[{"taxonomy":"product_cat","embeddable":true,"href":"https:\/\/hobstop.ee\/lt\/wp-json\/wp\/v2\/product_cat?post=62566"},{"taxonomy":"product_tag","embeddable":true,"href":"https:\/\/hobstop.ee\/lt\/wp-json\/wp\/v2\/product_tag?post=62566"}],"curies":[{"name":"wp","href":"https:\/\/api.w.org\/{rel}","templated":true}]}}