{"id":62646,"date":"2014-12-09T13:35:23","date_gmt":"2014-12-09T11:35:23","guid":{"rendered":"https:\/\/sharks.ee\/vunder_2019.klient.veebimajutus.ee\/?post_type=product&p=62646"},"modified":"2014-12-09T13:35:23","modified_gmt":"2014-12-09T10:35:23","slug":"speciali-priemone-aliejiniams-dazams-artisan-thinner","status":"publish","type":"product","link":"https:\/\/hobstop.ee\/lt\/produktas\/speciali-priemone-aliejiniams-dazams-artisan-thinner\/","title":{"rendered":"Speciali priemon\u0117 aliejiniams da\u017eams Artisan Thinner"},"content":{"rendered":"<p>Su vandeniu mai\u0161omiems aliejiniams da\u017eams \u201eArtisan\u201c skirtas specialus skiediklis. Da\u017euose \u201eArtisan\u201c nenaudojami pavojingi skiedikliai. Da\u017eams skiesti galima naudoti vanden\u012f, ta\u010diau jis greitai garuoja, tod\u0117l da\u017eai ant palet\u0117s sutir\u0161t\u0117ja grei\u010diau, nei terpentinu praskiesti tradiciniai aliejiniai da\u017eai. Min\u0117tiems nepatogumams i\u0161vengti, buvo sukurtas specialus aliejin\u0117s b\u016bsenos skiediklis, kuris pagerina baigto darbo kokyb\u0119, da\u017eai tir\u0161t\u0117ja l\u0117\u010diau, nei skiesti vandeniu.<\/p>\n","protected":false},"excerpt":{"rendered":"<p>Su vandeniu mai\u0161omiems aliejiniams da\u017eams \u201eArtisan\u201c skirtas specialus skiediklis. Da\u017euose \u201eArtisan\u201c nenaudojami pavojingi skiedikliai. Da\u017eams skiesti galima naudoti vanden\u012f, ta\u010diau jis greitai garuoja, tod\u0117l da\u017eai ant palet\u0117s sutir\u0161t\u0117ja grei\u010diau, nei terpentinu praskiesti tradiciniai aliejiniai da\u017eai. Min\u0117tiems nepatogumams i\u0161vengti, buvo sukurtas specialus aliejin\u0117s b\u016bsenos skiediklis, kuris pagerina baigto darbo kokyb\u0119, da\u017eai tir\u0161t\u0117ja l\u0117\u010diau, nei skiesti vandeniu.<\/p>\n","protected":false},"featured_media":106827,"comment_status":"closed","ping_status":"closed","template":"","meta":{"_acf_changed":false,"ep_exclude_from_search":false},"product_cat":[17351,16124,17981],"product_tag":[],"class_list":{"0":"post-62646","1":"product","2":"type-product","3":"status-publish","4":"has-post-thumbnail","6":"product_cat-aliejiniu-dazu-priedai","7":"product_cat-dailes-prekes","8":"product_cat-dazai-ir-priedai-tapybai","10":"first","11":"instock","12":"taxable","13":"shipping-taxable","14":"purchasable","15":"product-type-variable"},"acf":[],"yoast_head":"<!-- This site is optimized with the Yoast SEO plugin v24.1 - https:\/\/yoast.com\/wordpress\/plugins\/seo\/ -->\n<title>Speciali priemon\u0117 aliejiniams da\u017eams Artisan Thinner &#8211; Skizze<\/title>\n<meta name=\"robots\" content=\"noindex, follow, max-snippet:-1, max-image-preview:large, max-video-preview:-1\" \/>\n<meta property=\"og:locale\" content=\"lt_LT\" \/>\n<meta property=\"og:type\" content=\"article\" \/>\n<meta property=\"og:title\" content=\"Speciali priemon\u0117 aliejiniams da\u017eams Artisan Thinner &#8211; Skizze\" \/>\n<meta property=\"og:description\" content=\"Su vandeniu mai\u0161omiems aliejiniams da\u017eams \u201eArtisan\u201c skirtas specialus skiediklis. Da\u017euose \u201eArtisan\u201c nenaudojami pavojingi skiedikliai. Da\u017eams skiesti galima naudoti vanden\u012f, ta\u010diau jis greitai garuoja, tod\u0117l da\u017eai ant palet\u0117s sutir\u0161t\u0117ja grei\u010diau, nei terpentinu praskiesti tradiciniai aliejiniai da\u017eai. Min\u0117tiems nepatogumams i\u0161vengti, buvo sukurtas specialus aliejin\u0117s b\u016bsenos skiediklis, kuris pagerina baigto darbo kokyb\u0119, da\u017eai tir\u0161t\u0117ja l\u0117\u010diau, nei skiesti vandeniu.\" \/>\n<meta property=\"og:url\" content=\"https:\/\/hobstop.ee\/lt\/produktas\/speciali-priemone-aliejiniams-dazams-artisan-thinner\/\" \/>\n<meta property=\"og:site_name\" content=\"Skizze\" \/>\n<meta property=\"article:publisher\" content=\"http:\/\/www.facebook.com\/VunderSkizze\" \/>\n<meta property=\"article:modified_time\" content=\"-0001-11-30T00:00:00+00:00\" \/>\n<meta property=\"og:image\" content=\"https:\/\/hobstop.ee\/media\/3373.jpg\" \/>\n\t<meta property=\"og:image:width\" content=\"1024\" \/>\n\t<meta property=\"og:image:height\" content=\"768\" \/>\n\t<meta property=\"og:image:type\" content=\"image\/jpeg\" \/>\n<meta name=\"twitter:card\" content=\"summary_large_image\" \/>\n<script type=\"application\/ld+json\" class=\"yoast-schema-graph\">{\"@context\":\"https:\/\/schema.org\",\"@graph\":[{\"@type\":\"WebPage\",\"@id\":\"https:\/\/hobstop.ee\/lt\/produktas\/speciali-priemone-aliejiniams-dazams-artisan-thinner\/\",\"url\":\"https:\/\/hobstop.ee\/lt\/produktas\/speciali-priemone-aliejiniams-dazams-artisan-thinner\/\",\"name\":\"Speciali priemon\u0117 aliejiniams da\u017eams Artisan Thinner &#8211; Skizze\",\"isPartOf\":{\"@id\":\"https:\/\/hobstop.ee\/lt\/#website\"},\"primaryImageOfPage\":{\"@id\":\"https:\/\/hobstop.ee\/lt\/produktas\/speciali-priemone-aliejiniams-dazams-artisan-thinner\/#primaryimage\"},\"image\":{\"@id\":\"https:\/\/hobstop.ee\/lt\/produktas\/speciali-priemone-aliejiniams-dazams-artisan-thinner\/#primaryimage\"},\"thumbnailUrl\":\"https:\/\/hobstop.ee\/media\/3373.jpg\",\"datePublished\":\"2014-12-09T11:35:23+00:00\",\"dateModified\":\"-0001-11-30T00:00:00+00:00\",\"breadcrumb\":{\"@id\":\"https:\/\/hobstop.ee\/lt\/produktas\/speciali-priemone-aliejiniams-dazams-artisan-thinner\/#breadcrumb\"},\"inLanguage\":\"lt\",\"potentialAction\":[{\"@type\":\"ReadAction\",\"target\":[\"https:\/\/hobstop.ee\/lt\/produktas\/speciali-priemone-aliejiniams-dazams-artisan-thinner\/\"]}]},{\"@type\":\"ImageObject\",\"inLanguage\":\"lt\",\"@id\":\"https:\/\/hobstop.ee\/lt\/produktas\/speciali-priemone-aliejiniams-dazams-artisan-thinner\/#primaryimage\",\"url\":\"https:\/\/hobstop.ee\/media\/3373.jpg\",\"contentUrl\":\"https:\/\/hobstop.ee\/media\/3373.jpg\",\"width\":1024,\"height\":768},{\"@type\":\"BreadcrumbList\",\"@id\":\"https:\/\/hobstop.ee\/lt\/produktas\/speciali-priemone-aliejiniams-dazams-artisan-thinner\/#breadcrumb\",\"itemListElement\":[{\"@type\":\"ListItem\",\"position\":1,\"name\":\"Avaleht\",\"item\":\"https:\/\/hobstop.ee\/lt\/\"},{\"@type\":\"ListItem\",\"position\":2,\"name\":\"Parduotuv\u0117\",\"item\":\"https:\/\/hobstop.ee\/lt\/parduotuve\/\"},{\"@type\":\"ListItem\",\"position\":3,\"name\":\"Speciali priemon\u0117 aliejiniams da\u017eams Artisan Thinner\"}]},{\"@type\":\"WebSite\",\"@id\":\"https:\/\/hobstop.ee\/lt\/#website\",\"url\":\"https:\/\/hobstop.ee\/lt\/\",\"name\":\"Skizze\",\"description\":\"Dail\u0117s, pom\u0117gi\u0173 ir mokykliniai reikm\u0117nys\",\"publisher\":{\"@id\":\"https:\/\/hobstop.ee\/lt\/#organization\"},\"potentialAction\":[{\"@type\":\"SearchAction\",\"target\":{\"@type\":\"EntryPoint\",\"urlTemplate\":\"https:\/\/hobstop.ee\/lt\/?s={search_term_string}\"},\"query-input\":{\"@type\":\"PropertyValueSpecification\",\"valueRequired\":true,\"valueName\":\"search_term_string\"}}],\"inLanguage\":\"lt\"},{\"@type\":\"Organization\",\"@id\":\"https:\/\/hobstop.ee\/lt\/#organization\",\"name\":\"Vunder AS\",\"url\":\"https:\/\/hobstop.ee\/lt\/\",\"logo\":{\"@type\":\"ImageObject\",\"inLanguage\":\"lt\",\"@id\":\"https:\/\/hobstop.ee\/lt\/#\/schema\/logo\/image\/\",\"url\":\"https:\/\/hobstop.ee\/media\/vunder-logo.png\",\"contentUrl\":\"https:\/\/hobstop.ee\/media\/vunder-logo.png\",\"width\":127,\"height\":55,\"caption\":\"Vunder AS\"},\"image\":{\"@id\":\"https:\/\/hobstop.ee\/lt\/#\/schema\/logo\/image\/\"},\"sameAs\":[\"http:\/\/www.facebook.com\/VunderSkizze\"]}]}<\/script>\n<!-- \/ Yoast SEO plugin. -->","yoast_head_json":{"title":"Speciali priemon\u0117 aliejiniams da\u017eams Artisan Thinner &#8211; Skizze","robots":{"index":"noindex","follow":"follow","max-snippet":"max-snippet:-1","max-image-preview":"max-image-preview:large","max-video-preview":"max-video-preview:-1"},"og_locale":"lt_LT","og_type":"article","og_title":"Speciali priemon\u0117 aliejiniams da\u017eams Artisan Thinner &#8211; Skizze","og_description":"Su vandeniu mai\u0161omiems aliejiniams da\u017eams \u201eArtisan\u201c skirtas specialus skiediklis. Da\u017euose \u201eArtisan\u201c nenaudojami pavojingi skiedikliai. Da\u017eams skiesti galima naudoti vanden\u012f, ta\u010diau jis greitai garuoja, tod\u0117l da\u017eai ant palet\u0117s sutir\u0161t\u0117ja grei\u010diau, nei terpentinu praskiesti tradiciniai aliejiniai da\u017eai. Min\u0117tiems nepatogumams i\u0161vengti, buvo sukurtas specialus aliejin\u0117s b\u016bsenos skiediklis, kuris pagerina baigto darbo kokyb\u0119, da\u017eai tir\u0161t\u0117ja l\u0117\u010diau, nei skiesti vandeniu.","og_url":"https:\/\/hobstop.ee\/lt\/produktas\/speciali-priemone-aliejiniams-dazams-artisan-thinner\/","og_site_name":"Skizze","article_publisher":"http:\/\/www.facebook.com\/VunderSkizze","article_modified_time":"-0001-11-30T00:00:00+00:00","og_image":[{"width":1024,"height":768,"url":"https:\/\/hobstop.ee\/media\/3373.jpg","type":"image\/jpeg"}],"twitter_card":"summary_large_image","schema":{"@context":"https:\/\/schema.org","@graph":[{"@type":"WebPage","@id":"https:\/\/hobstop.ee\/lt\/produktas\/speciali-priemone-aliejiniams-dazams-artisan-thinner\/","url":"https:\/\/hobstop.ee\/lt\/produktas\/speciali-priemone-aliejiniams-dazams-artisan-thinner\/","name":"Speciali priemon\u0117 aliejiniams da\u017eams Artisan Thinner &#8211; Skizze","isPartOf":{"@id":"https:\/\/hobstop.ee\/lt\/#website"},"primaryImageOfPage":{"@id":"https:\/\/hobstop.ee\/lt\/produktas\/speciali-priemone-aliejiniams-dazams-artisan-thinner\/#primaryimage"},"image":{"@id":"https:\/\/hobstop.ee\/lt\/produktas\/speciali-priemone-aliejiniams-dazams-artisan-thinner\/#primaryimage"},"thumbnailUrl":"https:\/\/hobstop.ee\/media\/3373.jpg","datePublished":"2014-12-09T11:35:23+00:00","dateModified":"-0001-11-30T00:00:00+00:00","breadcrumb":{"@id":"https:\/\/hobstop.ee\/lt\/produktas\/speciali-priemone-aliejiniams-dazams-artisan-thinner\/#breadcrumb"},"inLanguage":"lt","potentialAction":[{"@type":"ReadAction","target":["https:\/\/hobstop.ee\/lt\/produktas\/speciali-priemone-aliejiniams-dazams-artisan-thinner\/"]}]},{"@type":"ImageObject","inLanguage":"lt","@id":"https:\/\/hobstop.ee\/lt\/produktas\/speciali-priemone-aliejiniams-dazams-artisan-thinner\/#primaryimage","url":"https:\/\/hobstop.ee\/media\/3373.jpg","contentUrl":"https:\/\/hobstop.ee\/media\/3373.jpg","width":1024,"height":768},{"@type":"BreadcrumbList","@id":"https:\/\/hobstop.ee\/lt\/produktas\/speciali-priemone-aliejiniams-dazams-artisan-thinner\/#breadcrumb","itemListElement":[{"@type":"ListItem","position":1,"name":"Avaleht","item":"https:\/\/hobstop.ee\/lt\/"},{"@type":"ListItem","position":2,"name":"Parduotuv\u0117","item":"https:\/\/hobstop.ee\/lt\/parduotuve\/"},{"@type":"ListItem","position":3,"name":"Speciali priemon\u0117 aliejiniams da\u017eams Artisan Thinner"}]},{"@type":"WebSite","@id":"https:\/\/hobstop.ee\/lt\/#website","url":"https:\/\/hobstop.ee\/lt\/","name":"Skizze","description":"Dail\u0117s, pom\u0117gi\u0173 ir mokykliniai reikm\u0117nys","publisher":{"@id":"https:\/\/hobstop.ee\/lt\/#organization"},"potentialAction":[{"@type":"SearchAction","target":{"@type":"EntryPoint","urlTemplate":"https:\/\/hobstop.ee\/lt\/?s={search_term_string}"},"query-input":{"@type":"PropertyValueSpecification","valueRequired":true,"valueName":"search_term_string"}}],"inLanguage":"lt"},{"@type":"Organization","@id":"https:\/\/hobstop.ee\/lt\/#organization","name":"Vunder AS","url":"https:\/\/hobstop.ee\/lt\/","logo":{"@type":"ImageObject","inLanguage":"lt","@id":"https:\/\/hobstop.ee\/lt\/#\/schema\/logo\/image\/","url":"https:\/\/hobstop.ee\/media\/vunder-logo.png","contentUrl":"https:\/\/hobstop.ee\/media\/vunder-logo.png","width":127,"height":55,"caption":"Vunder AS"},"image":{"@id":"https:\/\/hobstop.ee\/lt\/#\/schema\/logo\/image\/"},"sameAs":["http:\/\/www.facebook.com\/VunderSkizze"]}]}},"_links":{"self":[{"href":"https:\/\/hobstop.ee\/lt\/wp-json\/wp\/v2\/product\/62646","targetHints":{"allow":["GET"]}}],"collection":[{"href":"https:\/\/hobstop.ee\/lt\/wp-json\/wp\/v2\/product"}],"about":[{"href":"https:\/\/hobstop.ee\/lt\/wp-json\/wp\/v2\/types\/product"}],"replies":[{"embeddable":true,"href":"https:\/\/hobstop.ee\/lt\/wp-json\/wp\/v2\/comments?post=62646"}],"wp:featuredmedia":[{"embeddable":true,"href":"https:\/\/hobstop.ee\/lt\/wp-json\/wp\/v2\/media\/106827"}],"wp:attachment":[{"href":"https:\/\/hobstop.ee\/lt\/wp-json\/wp\/v2\/media?parent=62646"}],"wp:term":[{"taxonomy":"product_cat","embeddable":true,"href":"https:\/\/hobstop.ee\/lt\/wp-json\/wp\/v2\/product_cat?post=62646"},{"taxonomy":"product_tag","embeddable":true,"href":"https:\/\/hobstop.ee\/lt\/wp-json\/wp\/v2\/product_tag?post=62646"}],"curies":[{"name":"wp","href":"https:\/\/api.w.org\/{rel}","templated":true}]}}