{"id":62740,"date":"2014-12-09T13:35:46","date_gmt":"2014-12-09T11:35:46","guid":{"rendered":"https:\/\/sharks.ee\/vunder_2019.klient.veebimajutus.ee\/?post_type=product&p=62740"},"modified":"2014-12-09T13:35:46","modified_gmt":"2014-12-09T10:35:46","slug":"velimo-skystis-rayher-50ml","status":"publish","type":"product","link":"https:\/\/hobstop.ee\/lt\/produktas\/velimo-skystis-rayher-50ml\/","title":{"rendered":"V\u0117limo skystis Rayher 50ml"},"content":{"rendered":"<p>V\u0117limo skystis  &#8220;Rayher&#8221; pad\u0117s viln\u0105 suvelti de\u0161imt kart\u0173 grei\u010diau. Net ir \u0161velniai patrynus suformuojamas gaminys. Pabaigto darbo papildomai skalbti nereikia, j\u012f galima naudoti ir su \u0161altu ir su kar\u0161tu vandeniu. Jis saugo spalvas ir labai veiksmingas. Veltinio skystis \u201eRayher\u201c yra visi\u0161kai nat\u016bralus dermatologi\u0161kai i\u0161bandytas produktas, maitinantis rankas pantenoliu. Skied\u017eiant vandenyje santykiu 1:100, gaunama 5L v\u0117limo skys\u010dio.<\/p>\n","protected":false},"excerpt":{"rendered":"<p>V\u0117limo skystis &#8220;Rayher&#8221; pad\u0117s viln\u0105 suvelti de\u0161imt kart\u0173 grei\u010diau. Net ir \u0161velniai patrynus suformuojamas gaminys. Pabaigto darbo papildomai skalbti nereikia, j\u012f galima naudoti ir su \u0161altu ir su kar\u0161tu vandeniu. Jis saugo spalvas ir labai veiksmingas. Veltinio skystis \u201eRayher\u201c yra visi\u0161kai nat\u016bralus dermatologi\u0161kai i\u0161bandytas produktas, maitinantis rankas pantenoliu. Skied\u017eiant vandenyje santykiu 1:100, gaunama 5L v\u0117limo skys\u010dio.<\/p>\n","protected":false},"featured_media":311401,"comment_status":"closed","ping_status":"closed","template":"","meta":{"_acf_changed":false,"ep_exclude_from_search":false},"product_cat":[17919,19895,15030],"product_tag":[],"class_list":{"0":"post-62740","1":"product","2":"type-product","3":"status-publish","4":"has-post-thumbnail","6":"product_cat-pomegiu-prekes","7":"product_cat-rankdarbiai-lt","8":"product_cat-velimas-2","10":"first","11":"outofstock","12":"taxable","13":"shipping-taxable","14":"purchasable","15":"product-type-variable"},"acf":[],"yoast_head":"<!-- This site is optimized with the Yoast SEO plugin v24.1 - https:\/\/yoast.com\/wordpress\/plugins\/seo\/ -->\n<title>V\u0117limo skystis Rayher 50ml &#8211; Skizze<\/title>\n<meta name=\"robots\" content=\"noindex, follow, max-snippet:-1, max-image-preview:large, max-video-preview:-1\" \/>\n<meta property=\"og:locale\" content=\"lt_LT\" \/>\n<meta property=\"og:type\" content=\"article\" \/>\n<meta property=\"og:title\" content=\"V\u0117limo skystis Rayher 50ml &#8211; Skizze\" \/>\n<meta property=\"og:description\" content=\"V\u0117limo skystis &#8220;Rayher&#8221; pad\u0117s viln\u0105 suvelti de\u0161imt kart\u0173 grei\u010diau. Net ir \u0161velniai patrynus suformuojamas gaminys. Pabaigto darbo papildomai skalbti nereikia, j\u012f galima naudoti ir su \u0161altu ir su kar\u0161tu vandeniu. Jis saugo spalvas ir labai veiksmingas. Veltinio skystis \u201eRayher\u201c yra visi\u0161kai nat\u016bralus dermatologi\u0161kai i\u0161bandytas produktas, maitinantis rankas pantenoliu. Skied\u017eiant vandenyje santykiu 1:100, gaunama 5L v\u0117limo skys\u010dio.\" \/>\n<meta property=\"og:url\" content=\"https:\/\/hobstop.ee\/lt\/produktas\/velimo-skystis-rayher-50ml\/\" \/>\n<meta property=\"og:site_name\" content=\"Skizze\" \/>\n<meta property=\"article:publisher\" content=\"http:\/\/www.facebook.com\/VunderSkizze\" \/>\n<meta property=\"article:modified_time\" content=\"-0001-11-30T00:00:00+00:00\" \/>\n<meta property=\"og:image\" content=\"https:\/\/hobstop.ee\/media\/3421.jpg\" \/>\n\t<meta property=\"og:image:width\" content=\"1024\" \/>\n\t<meta property=\"og:image:height\" content=\"768\" \/>\n\t<meta property=\"og:image:type\" content=\"image\/jpeg\" \/>\n<meta name=\"twitter:card\" content=\"summary_large_image\" \/>\n<script type=\"application\/ld+json\" class=\"yoast-schema-graph\">{\"@context\":\"https:\/\/schema.org\",\"@graph\":[{\"@type\":\"WebPage\",\"@id\":\"https:\/\/hobstop.ee\/lt\/produktas\/velimo-skystis-rayher-50ml\/\",\"url\":\"https:\/\/hobstop.ee\/lt\/produktas\/velimo-skystis-rayher-50ml\/\",\"name\":\"V\u0117limo skystis Rayher 50ml &#8211; Skizze\",\"isPartOf\":{\"@id\":\"https:\/\/hobstop.ee\/lt\/#website\"},\"primaryImageOfPage\":{\"@id\":\"https:\/\/hobstop.ee\/lt\/produktas\/velimo-skystis-rayher-50ml\/#primaryimage\"},\"image\":{\"@id\":\"https:\/\/hobstop.ee\/lt\/produktas\/velimo-skystis-rayher-50ml\/#primaryimage\"},\"thumbnailUrl\":\"https:\/\/hobstop.ee\/media\/3421.jpg\",\"datePublished\":\"2014-12-09T11:35:46+00:00\",\"dateModified\":\"-0001-11-30T00:00:00+00:00\",\"breadcrumb\":{\"@id\":\"https:\/\/hobstop.ee\/lt\/produktas\/velimo-skystis-rayher-50ml\/#breadcrumb\"},\"inLanguage\":\"lt\",\"potentialAction\":[{\"@type\":\"ReadAction\",\"target\":[\"https:\/\/hobstop.ee\/lt\/produktas\/velimo-skystis-rayher-50ml\/\"]}]},{\"@type\":\"ImageObject\",\"inLanguage\":\"lt\",\"@id\":\"https:\/\/hobstop.ee\/lt\/produktas\/velimo-skystis-rayher-50ml\/#primaryimage\",\"url\":\"https:\/\/hobstop.ee\/media\/3421.jpg\",\"contentUrl\":\"https:\/\/hobstop.ee\/media\/3421.jpg\",\"width\":1024,\"height\":768},{\"@type\":\"BreadcrumbList\",\"@id\":\"https:\/\/hobstop.ee\/lt\/produktas\/velimo-skystis-rayher-50ml\/#breadcrumb\",\"itemListElement\":[{\"@type\":\"ListItem\",\"position\":1,\"name\":\"Avaleht\",\"item\":\"https:\/\/hobstop.ee\/lt\/\"},{\"@type\":\"ListItem\",\"position\":2,\"name\":\"Parduotuv\u0117\",\"item\":\"https:\/\/hobstop.ee\/lt\/parduotuve\/\"},{\"@type\":\"ListItem\",\"position\":3,\"name\":\"V\u0117limo skystis Rayher 50ml\"}]},{\"@type\":\"WebSite\",\"@id\":\"https:\/\/hobstop.ee\/lt\/#website\",\"url\":\"https:\/\/hobstop.ee\/lt\/\",\"name\":\"Skizze\",\"description\":\"Dail\u0117s, pom\u0117gi\u0173 ir mokykliniai reikm\u0117nys\",\"publisher\":{\"@id\":\"https:\/\/hobstop.ee\/lt\/#organization\"},\"potentialAction\":[{\"@type\":\"SearchAction\",\"target\":{\"@type\":\"EntryPoint\",\"urlTemplate\":\"https:\/\/hobstop.ee\/lt\/?s={search_term_string}\"},\"query-input\":{\"@type\":\"PropertyValueSpecification\",\"valueRequired\":true,\"valueName\":\"search_term_string\"}}],\"inLanguage\":\"lt\"},{\"@type\":\"Organization\",\"@id\":\"https:\/\/hobstop.ee\/lt\/#organization\",\"name\":\"Vunder AS\",\"url\":\"https:\/\/hobstop.ee\/lt\/\",\"logo\":{\"@type\":\"ImageObject\",\"inLanguage\":\"lt\",\"@id\":\"https:\/\/hobstop.ee\/lt\/#\/schema\/logo\/image\/\",\"url\":\"https:\/\/hobstop.ee\/media\/vunder-logo.png\",\"contentUrl\":\"https:\/\/hobstop.ee\/media\/vunder-logo.png\",\"width\":127,\"height\":55,\"caption\":\"Vunder AS\"},\"image\":{\"@id\":\"https:\/\/hobstop.ee\/lt\/#\/schema\/logo\/image\/\"},\"sameAs\":[\"http:\/\/www.facebook.com\/VunderSkizze\"]}]}<\/script>\n<!-- \/ Yoast SEO plugin. -->","yoast_head_json":{"title":"V\u0117limo skystis Rayher 50ml &#8211; Skizze","robots":{"index":"noindex","follow":"follow","max-snippet":"max-snippet:-1","max-image-preview":"max-image-preview:large","max-video-preview":"max-video-preview:-1"},"og_locale":"lt_LT","og_type":"article","og_title":"V\u0117limo skystis Rayher 50ml &#8211; Skizze","og_description":"V\u0117limo skystis &#8220;Rayher&#8221; pad\u0117s viln\u0105 suvelti de\u0161imt kart\u0173 grei\u010diau. Net ir \u0161velniai patrynus suformuojamas gaminys. Pabaigto darbo papildomai skalbti nereikia, j\u012f galima naudoti ir su \u0161altu ir su kar\u0161tu vandeniu. Jis saugo spalvas ir labai veiksmingas. Veltinio skystis \u201eRayher\u201c yra visi\u0161kai nat\u016bralus dermatologi\u0161kai i\u0161bandytas produktas, maitinantis rankas pantenoliu. Skied\u017eiant vandenyje santykiu 1:100, gaunama 5L v\u0117limo skys\u010dio.","og_url":"https:\/\/hobstop.ee\/lt\/produktas\/velimo-skystis-rayher-50ml\/","og_site_name":"Skizze","article_publisher":"http:\/\/www.facebook.com\/VunderSkizze","article_modified_time":"-0001-11-30T00:00:00+00:00","og_image":[{"width":1024,"height":768,"url":"https:\/\/hobstop.ee\/media\/3421.jpg","type":"image\/jpeg"}],"twitter_card":"summary_large_image","schema":{"@context":"https:\/\/schema.org","@graph":[{"@type":"WebPage","@id":"https:\/\/hobstop.ee\/lt\/produktas\/velimo-skystis-rayher-50ml\/","url":"https:\/\/hobstop.ee\/lt\/produktas\/velimo-skystis-rayher-50ml\/","name":"V\u0117limo skystis Rayher 50ml &#8211; Skizze","isPartOf":{"@id":"https:\/\/hobstop.ee\/lt\/#website"},"primaryImageOfPage":{"@id":"https:\/\/hobstop.ee\/lt\/produktas\/velimo-skystis-rayher-50ml\/#primaryimage"},"image":{"@id":"https:\/\/hobstop.ee\/lt\/produktas\/velimo-skystis-rayher-50ml\/#primaryimage"},"thumbnailUrl":"https:\/\/hobstop.ee\/media\/3421.jpg","datePublished":"2014-12-09T11:35:46+00:00","dateModified":"-0001-11-30T00:00:00+00:00","breadcrumb":{"@id":"https:\/\/hobstop.ee\/lt\/produktas\/velimo-skystis-rayher-50ml\/#breadcrumb"},"inLanguage":"lt","potentialAction":[{"@type":"ReadAction","target":["https:\/\/hobstop.ee\/lt\/produktas\/velimo-skystis-rayher-50ml\/"]}]},{"@type":"ImageObject","inLanguage":"lt","@id":"https:\/\/hobstop.ee\/lt\/produktas\/velimo-skystis-rayher-50ml\/#primaryimage","url":"https:\/\/hobstop.ee\/media\/3421.jpg","contentUrl":"https:\/\/hobstop.ee\/media\/3421.jpg","width":1024,"height":768},{"@type":"BreadcrumbList","@id":"https:\/\/hobstop.ee\/lt\/produktas\/velimo-skystis-rayher-50ml\/#breadcrumb","itemListElement":[{"@type":"ListItem","position":1,"name":"Avaleht","item":"https:\/\/hobstop.ee\/lt\/"},{"@type":"ListItem","position":2,"name":"Parduotuv\u0117","item":"https:\/\/hobstop.ee\/lt\/parduotuve\/"},{"@type":"ListItem","position":3,"name":"V\u0117limo skystis Rayher 50ml"}]},{"@type":"WebSite","@id":"https:\/\/hobstop.ee\/lt\/#website","url":"https:\/\/hobstop.ee\/lt\/","name":"Skizze","description":"Dail\u0117s, pom\u0117gi\u0173 ir mokykliniai reikm\u0117nys","publisher":{"@id":"https:\/\/hobstop.ee\/lt\/#organization"},"potentialAction":[{"@type":"SearchAction","target":{"@type":"EntryPoint","urlTemplate":"https:\/\/hobstop.ee\/lt\/?s={search_term_string}"},"query-input":{"@type":"PropertyValueSpecification","valueRequired":true,"valueName":"search_term_string"}}],"inLanguage":"lt"},{"@type":"Organization","@id":"https:\/\/hobstop.ee\/lt\/#organization","name":"Vunder AS","url":"https:\/\/hobstop.ee\/lt\/","logo":{"@type":"ImageObject","inLanguage":"lt","@id":"https:\/\/hobstop.ee\/lt\/#\/schema\/logo\/image\/","url":"https:\/\/hobstop.ee\/media\/vunder-logo.png","contentUrl":"https:\/\/hobstop.ee\/media\/vunder-logo.png","width":127,"height":55,"caption":"Vunder AS"},"image":{"@id":"https:\/\/hobstop.ee\/lt\/#\/schema\/logo\/image\/"},"sameAs":["http:\/\/www.facebook.com\/VunderSkizze"]}]}},"_links":{"self":[{"href":"https:\/\/hobstop.ee\/lt\/wp-json\/wp\/v2\/product\/62740","targetHints":{"allow":["GET"]}}],"collection":[{"href":"https:\/\/hobstop.ee\/lt\/wp-json\/wp\/v2\/product"}],"about":[{"href":"https:\/\/hobstop.ee\/lt\/wp-json\/wp\/v2\/types\/product"}],"replies":[{"embeddable":true,"href":"https:\/\/hobstop.ee\/lt\/wp-json\/wp\/v2\/comments?post=62740"}],"wp:featuredmedia":[{"embeddable":true,"href":"https:\/\/hobstop.ee\/lt\/wp-json\/wp\/v2\/media\/311401"}],"wp:attachment":[{"href":"https:\/\/hobstop.ee\/lt\/wp-json\/wp\/v2\/media?parent=62740"}],"wp:term":[{"taxonomy":"product_cat","embeddable":true,"href":"https:\/\/hobstop.ee\/lt\/wp-json\/wp\/v2\/product_cat?post=62740"},{"taxonomy":"product_tag","embeddable":true,"href":"https:\/\/hobstop.ee\/lt\/wp-json\/wp\/v2\/product_tag?post=62740"}],"curies":[{"name":"wp","href":"https:\/\/api.w.org\/{rel}","templated":true}]}}