{"id":62854,"date":"2014-12-09T13:36:40","date_gmt":"2014-12-09T11:36:40","guid":{"rendered":"https:\/\/sharks.ee\/vunder_2019.klient.veebimajutus.ee\/?post_type=product&p=62854"},"modified":"2014-12-09T13:36:40","modified_gmt":"2014-12-09T10:36:40","slug":"popierius-piesti-akrilu-arches","status":"publish","type":"product","link":"https:\/\/hobstop.ee\/lt\/produktas\/popierius-piesti-akrilu-arches\/","title":{"rendered":"Popierius pie\u0161ti akrilu Arches"},"content":{"rendered":"<p>Aliejini\u0173 da\u017e\u0173 popierius \u201eArches\u201c (tankis: 300 g\/m2) yra pagamintas formoje i\u0161 gryno medviln\u0117s pluo\u0161to. Itin patvarus pavir\u0161ius, tod\u0117l galima naudoti \u012fvairias tapybos technikas, net ir dengim\u0105.  Itin patvarus pavir\u0161ius yra pana\u0161us \u012f \u012ftempt\u0105 drob\u0119, naudoti yra lengva ir patogu. Nereikalauja joki\u0173 paruo\u0161iam\u0173j\u0173 darb\u0173, jo pavir\u0161ius yra pusiau matinis, tod\u0117l da\u017e\u0173 d\u017ei\u016bvimo laikas  yra \u0161iek tiek trumpesnis nei daugelio kit\u0173 pavir\u0161i\u0173. D\u0117l popieriaus sud\u0117ties, kuri buvo sukurta atsi\u017evelgiant \u012f aliejini\u0173 da\u017e\u0173 savybes, neatsiranda popieriaus pluo\u0161to oksidavimosi pavojaus, pigmentas i\u0161lieka ant popieriaus pavir\u0161iaus, o ne\u012fsigeria ir aplink da\u017eus nesudaro alyvos d\u0117mi\u0173.<br \/>\nPuikiai tinka darbui su aliejiniais da\u017eais ir aliejine pastele.<\/p>\n","protected":false},"excerpt":{"rendered":"<p>Aliejini\u0173 da\u017e\u0173 popierius \u201eArches\u201c (tankis: 300 g\/m2) yra pagamintas formoje i\u0161 gryno medviln\u0117s pluo\u0161to. Itin patvarus pavir\u0161ius, tod\u0117l galima naudoti \u012fvairias tapybos technikas, net ir dengim\u0105. Itin patvarus pavir\u0161ius yra pana\u0161us \u012f \u012ftempt\u0105 drob\u0119, naudoti yra lengva ir patogu. Nereikalauja joki\u0173 paruo\u0161iam\u0173j\u0173 darb\u0173, jo pavir\u0161ius yra pusiau matinis, tod\u0117l da\u017e\u0173 d\u017ei\u016bvimo laikas yra \u0161iek tiek trumpesnis nei daugelio kit\u0173 pavir\u0161i\u0173. D\u0117l popieriaus sud\u0117ties, kuri buvo sukurta atsi\u017evelgiant \u012f aliejini\u0173 da\u017e\u0173 savybes, neatsiranda popieriaus pluo\u0161to oksidavimosi pavojaus, pigmentas i\u0161lieka ant popieriaus pavir\u0161iaus, o ne\u012fsigeria ir aplink da\u017eus nesudaro alyvos d\u0117mi\u0173. Puikiai tinka darbui su aliejiniais da\u017eais ir aliejine pastele.<\/p>\n","protected":false},"featured_media":107255,"comment_status":"closed","ping_status":"closed","template":"","meta":{"_acf_changed":false,"ep_exclude_from_search":false},"product_cat":[19022,17922,18944],"product_tag":[],"class_list":{"0":"post-62854","1":"product","2":"type-product","3":"status-publish","4":"has-post-thumbnail","6":"product_cat-akrilinis-popierius-ir-bloknotai","7":"product_cat-popieriaus-prekes","8":"product_cat-specialus-popierius-ir-kartonas","10":"first","11":"instock","12":"taxable","13":"shipping-taxable","14":"purchasable","15":"product-type-variable"},"acf":[],"yoast_head":"<!-- This site is optimized with the Yoast SEO plugin v24.1 - https:\/\/yoast.com\/wordpress\/plugins\/seo\/ -->\n<title>Popierius pie\u0161ti akrilu Arches &#8211; Skizze<\/title>\n<meta name=\"robots\" content=\"noindex, follow, max-snippet:-1, max-image-preview:large, max-video-preview:-1\" \/>\n<meta property=\"og:locale\" content=\"lt_LT\" \/>\n<meta property=\"og:type\" content=\"article\" \/>\n<meta property=\"og:title\" content=\"Popierius pie\u0161ti akrilu Arches &#8211; Skizze\" \/>\n<meta property=\"og:description\" content=\"Aliejini\u0173 da\u017e\u0173 popierius \u201eArches\u201c (tankis: 300 g\/m2) yra pagamintas formoje i\u0161 gryno medviln\u0117s pluo\u0161to. Itin patvarus pavir\u0161ius, tod\u0117l galima naudoti \u012fvairias tapybos technikas, net ir dengim\u0105. Itin patvarus pavir\u0161ius yra pana\u0161us \u012f \u012ftempt\u0105 drob\u0119, naudoti yra lengva ir patogu. Nereikalauja joki\u0173 paruo\u0161iam\u0173j\u0173 darb\u0173, jo pavir\u0161ius yra pusiau matinis, tod\u0117l da\u017e\u0173 d\u017ei\u016bvimo laikas yra \u0161iek tiek trumpesnis nei daugelio kit\u0173 pavir\u0161i\u0173. D\u0117l popieriaus sud\u0117ties, kuri buvo sukurta atsi\u017evelgiant \u012f aliejini\u0173 da\u017e\u0173 savybes, neatsiranda popieriaus pluo\u0161to oksidavimosi pavojaus, pigmentas i\u0161lieka ant popieriaus pavir\u0161iaus, o ne\u012fsigeria ir aplink da\u017eus nesudaro alyvos d\u0117mi\u0173. Puikiai tinka darbui su aliejiniais da\u017eais ir aliejine pastele.\" \/>\n<meta property=\"og:url\" content=\"https:\/\/hobstop.ee\/lt\/produktas\/popierius-piesti-akrilu-arches\/\" \/>\n<meta property=\"og:site_name\" content=\"Skizze\" \/>\n<meta property=\"article:publisher\" content=\"http:\/\/www.facebook.com\/VunderSkizze\" \/>\n<meta property=\"article:modified_time\" content=\"-0001-11-30T00:00:00+00:00\" \/>\n<meta property=\"og:image\" content=\"https:\/\/hobstop.ee\/media\/3497.jpg\" \/>\n\t<meta property=\"og:image:width\" content=\"1024\" \/>\n\t<meta property=\"og:image:height\" content=\"768\" \/>\n\t<meta property=\"og:image:type\" content=\"image\/jpeg\" \/>\n<meta name=\"twitter:card\" content=\"summary_large_image\" \/>\n<meta name=\"twitter:label1\" content=\"Est. reading time\" \/>\n\t<meta name=\"twitter:data1\" content=\"1 minute\" \/>\n<script type=\"application\/ld+json\" class=\"yoast-schema-graph\">{\"@context\":\"https:\/\/schema.org\",\"@graph\":[{\"@type\":\"WebPage\",\"@id\":\"https:\/\/hobstop.ee\/lt\/produktas\/popierius-piesti-akrilu-arches\/\",\"url\":\"https:\/\/hobstop.ee\/lt\/produktas\/popierius-piesti-akrilu-arches\/\",\"name\":\"Popierius pie\u0161ti akrilu Arches &#8211; Skizze\",\"isPartOf\":{\"@id\":\"https:\/\/hobstop.ee\/lt\/#website\"},\"primaryImageOfPage\":{\"@id\":\"https:\/\/hobstop.ee\/lt\/produktas\/popierius-piesti-akrilu-arches\/#primaryimage\"},\"image\":{\"@id\":\"https:\/\/hobstop.ee\/lt\/produktas\/popierius-piesti-akrilu-arches\/#primaryimage\"},\"thumbnailUrl\":\"https:\/\/hobstop.ee\/media\/3497.jpg\",\"datePublished\":\"2014-12-09T11:36:40+00:00\",\"dateModified\":\"-0001-11-30T00:00:00+00:00\",\"breadcrumb\":{\"@id\":\"https:\/\/hobstop.ee\/lt\/produktas\/popierius-piesti-akrilu-arches\/#breadcrumb\"},\"inLanguage\":\"lt\",\"potentialAction\":[{\"@type\":\"ReadAction\",\"target\":[\"https:\/\/hobstop.ee\/lt\/produktas\/popierius-piesti-akrilu-arches\/\"]}]},{\"@type\":\"ImageObject\",\"inLanguage\":\"lt\",\"@id\":\"https:\/\/hobstop.ee\/lt\/produktas\/popierius-piesti-akrilu-arches\/#primaryimage\",\"url\":\"https:\/\/hobstop.ee\/media\/3497.jpg\",\"contentUrl\":\"https:\/\/hobstop.ee\/media\/3497.jpg\",\"width\":1024,\"height\":768},{\"@type\":\"BreadcrumbList\",\"@id\":\"https:\/\/hobstop.ee\/lt\/produktas\/popierius-piesti-akrilu-arches\/#breadcrumb\",\"itemListElement\":[{\"@type\":\"ListItem\",\"position\":1,\"name\":\"Avaleht\",\"item\":\"https:\/\/hobstop.ee\/lt\/\"},{\"@type\":\"ListItem\",\"position\":2,\"name\":\"Parduotuv\u0117\",\"item\":\"https:\/\/hobstop.ee\/lt\/parduotuve\/\"},{\"@type\":\"ListItem\",\"position\":3,\"name\":\"Popierius pie\u0161ti akrilu Arches\"}]},{\"@type\":\"WebSite\",\"@id\":\"https:\/\/hobstop.ee\/lt\/#website\",\"url\":\"https:\/\/hobstop.ee\/lt\/\",\"name\":\"Skizze\",\"description\":\"Dail\u0117s, pom\u0117gi\u0173 ir mokykliniai reikm\u0117nys\",\"publisher\":{\"@id\":\"https:\/\/hobstop.ee\/lt\/#organization\"},\"potentialAction\":[{\"@type\":\"SearchAction\",\"target\":{\"@type\":\"EntryPoint\",\"urlTemplate\":\"https:\/\/hobstop.ee\/lt\/?s={search_term_string}\"},\"query-input\":{\"@type\":\"PropertyValueSpecification\",\"valueRequired\":true,\"valueName\":\"search_term_string\"}}],\"inLanguage\":\"lt\"},{\"@type\":\"Organization\",\"@id\":\"https:\/\/hobstop.ee\/lt\/#organization\",\"name\":\"Vunder AS\",\"url\":\"https:\/\/hobstop.ee\/lt\/\",\"logo\":{\"@type\":\"ImageObject\",\"inLanguage\":\"lt\",\"@id\":\"https:\/\/hobstop.ee\/lt\/#\/schema\/logo\/image\/\",\"url\":\"https:\/\/hobstop.ee\/media\/vunder-logo.png\",\"contentUrl\":\"https:\/\/hobstop.ee\/media\/vunder-logo.png\",\"width\":127,\"height\":55,\"caption\":\"Vunder AS\"},\"image\":{\"@id\":\"https:\/\/hobstop.ee\/lt\/#\/schema\/logo\/image\/\"},\"sameAs\":[\"http:\/\/www.facebook.com\/VunderSkizze\"]}]}<\/script>\n<!-- \/ Yoast SEO plugin. -->","yoast_head_json":{"title":"Popierius pie\u0161ti akrilu Arches &#8211; Skizze","robots":{"index":"noindex","follow":"follow","max-snippet":"max-snippet:-1","max-image-preview":"max-image-preview:large","max-video-preview":"max-video-preview:-1"},"og_locale":"lt_LT","og_type":"article","og_title":"Popierius pie\u0161ti akrilu Arches &#8211; Skizze","og_description":"Aliejini\u0173 da\u017e\u0173 popierius \u201eArches\u201c (tankis: 300 g\/m2) yra pagamintas formoje i\u0161 gryno medviln\u0117s pluo\u0161to. Itin patvarus pavir\u0161ius, tod\u0117l galima naudoti \u012fvairias tapybos technikas, net ir dengim\u0105. Itin patvarus pavir\u0161ius yra pana\u0161us \u012f \u012ftempt\u0105 drob\u0119, naudoti yra lengva ir patogu. Nereikalauja joki\u0173 paruo\u0161iam\u0173j\u0173 darb\u0173, jo pavir\u0161ius yra pusiau matinis, tod\u0117l da\u017e\u0173 d\u017ei\u016bvimo laikas yra \u0161iek tiek trumpesnis nei daugelio kit\u0173 pavir\u0161i\u0173. D\u0117l popieriaus sud\u0117ties, kuri buvo sukurta atsi\u017evelgiant \u012f aliejini\u0173 da\u017e\u0173 savybes, neatsiranda popieriaus pluo\u0161to oksidavimosi pavojaus, pigmentas i\u0161lieka ant popieriaus pavir\u0161iaus, o ne\u012fsigeria ir aplink da\u017eus nesudaro alyvos d\u0117mi\u0173. Puikiai tinka darbui su aliejiniais da\u017eais ir aliejine pastele.","og_url":"https:\/\/hobstop.ee\/lt\/produktas\/popierius-piesti-akrilu-arches\/","og_site_name":"Skizze","article_publisher":"http:\/\/www.facebook.com\/VunderSkizze","article_modified_time":"-0001-11-30T00:00:00+00:00","og_image":[{"width":1024,"height":768,"url":"https:\/\/hobstop.ee\/media\/3497.jpg","type":"image\/jpeg"}],"twitter_card":"summary_large_image","twitter_misc":{"Est. reading time":"1 minute"},"schema":{"@context":"https:\/\/schema.org","@graph":[{"@type":"WebPage","@id":"https:\/\/hobstop.ee\/lt\/produktas\/popierius-piesti-akrilu-arches\/","url":"https:\/\/hobstop.ee\/lt\/produktas\/popierius-piesti-akrilu-arches\/","name":"Popierius pie\u0161ti akrilu Arches &#8211; Skizze","isPartOf":{"@id":"https:\/\/hobstop.ee\/lt\/#website"},"primaryImageOfPage":{"@id":"https:\/\/hobstop.ee\/lt\/produktas\/popierius-piesti-akrilu-arches\/#primaryimage"},"image":{"@id":"https:\/\/hobstop.ee\/lt\/produktas\/popierius-piesti-akrilu-arches\/#primaryimage"},"thumbnailUrl":"https:\/\/hobstop.ee\/media\/3497.jpg","datePublished":"2014-12-09T11:36:40+00:00","dateModified":"-0001-11-30T00:00:00+00:00","breadcrumb":{"@id":"https:\/\/hobstop.ee\/lt\/produktas\/popierius-piesti-akrilu-arches\/#breadcrumb"},"inLanguage":"lt","potentialAction":[{"@type":"ReadAction","target":["https:\/\/hobstop.ee\/lt\/produktas\/popierius-piesti-akrilu-arches\/"]}]},{"@type":"ImageObject","inLanguage":"lt","@id":"https:\/\/hobstop.ee\/lt\/produktas\/popierius-piesti-akrilu-arches\/#primaryimage","url":"https:\/\/hobstop.ee\/media\/3497.jpg","contentUrl":"https:\/\/hobstop.ee\/media\/3497.jpg","width":1024,"height":768},{"@type":"BreadcrumbList","@id":"https:\/\/hobstop.ee\/lt\/produktas\/popierius-piesti-akrilu-arches\/#breadcrumb","itemListElement":[{"@type":"ListItem","position":1,"name":"Avaleht","item":"https:\/\/hobstop.ee\/lt\/"},{"@type":"ListItem","position":2,"name":"Parduotuv\u0117","item":"https:\/\/hobstop.ee\/lt\/parduotuve\/"},{"@type":"ListItem","position":3,"name":"Popierius pie\u0161ti akrilu Arches"}]},{"@type":"WebSite","@id":"https:\/\/hobstop.ee\/lt\/#website","url":"https:\/\/hobstop.ee\/lt\/","name":"Skizze","description":"Dail\u0117s, pom\u0117gi\u0173 ir mokykliniai reikm\u0117nys","publisher":{"@id":"https:\/\/hobstop.ee\/lt\/#organization"},"potentialAction":[{"@type":"SearchAction","target":{"@type":"EntryPoint","urlTemplate":"https:\/\/hobstop.ee\/lt\/?s={search_term_string}"},"query-input":{"@type":"PropertyValueSpecification","valueRequired":true,"valueName":"search_term_string"}}],"inLanguage":"lt"},{"@type":"Organization","@id":"https:\/\/hobstop.ee\/lt\/#organization","name":"Vunder AS","url":"https:\/\/hobstop.ee\/lt\/","logo":{"@type":"ImageObject","inLanguage":"lt","@id":"https:\/\/hobstop.ee\/lt\/#\/schema\/logo\/image\/","url":"https:\/\/hobstop.ee\/media\/vunder-logo.png","contentUrl":"https:\/\/hobstop.ee\/media\/vunder-logo.png","width":127,"height":55,"caption":"Vunder AS"},"image":{"@id":"https:\/\/hobstop.ee\/lt\/#\/schema\/logo\/image\/"},"sameAs":["http:\/\/www.facebook.com\/VunderSkizze"]}]}},"_links":{"self":[{"href":"https:\/\/hobstop.ee\/lt\/wp-json\/wp\/v2\/product\/62854","targetHints":{"allow":["GET"]}}],"collection":[{"href":"https:\/\/hobstop.ee\/lt\/wp-json\/wp\/v2\/product"}],"about":[{"href":"https:\/\/hobstop.ee\/lt\/wp-json\/wp\/v2\/types\/product"}],"replies":[{"embeddable":true,"href":"https:\/\/hobstop.ee\/lt\/wp-json\/wp\/v2\/comments?post=62854"}],"wp:featuredmedia":[{"embeddable":true,"href":"https:\/\/hobstop.ee\/lt\/wp-json\/wp\/v2\/media\/107255"}],"wp:attachment":[{"href":"https:\/\/hobstop.ee\/lt\/wp-json\/wp\/v2\/media?parent=62854"}],"wp:term":[{"taxonomy":"product_cat","embeddable":true,"href":"https:\/\/hobstop.ee\/lt\/wp-json\/wp\/v2\/product_cat?post=62854"},{"taxonomy":"product_tag","embeddable":true,"href":"https:\/\/hobstop.ee\/lt\/wp-json\/wp\/v2\/product_tag?post=62854"}],"curies":[{"name":"wp","href":"https:\/\/api.w.org\/{rel}","templated":true}]}}