{"id":62872,"date":"2014-12-09T13:36:43","date_gmt":"2014-12-09T11:36:43","guid":{"rendered":"https:\/\/sharks.ee\/vunder_2019.klient.veebimajutus.ee\/?post_type=product&p=62872"},"modified":"2014-12-09T13:36:43","modified_gmt":"2014-12-09T10:36:43","slug":"akrilinis-tusas-liquitex-ink-valymo-priemone-150ml","status":"publish","type":"product","link":"https:\/\/hobstop.ee\/lt\/produktas\/akrilinis-tusas-liquitex-ink-valymo-priemone-150ml\/","title":{"rendered":"Akrilinis tu\u0161as Liquitex ink! valymo priemon\u0117 150ml"},"content":{"rendered":"<p>\u201eLiquitex\u201c akrilinio tu\u0161o valiklis, puikiai nuvalo tu\u0161\u0105 nuo teptuk\u0173, grafini\u0173 ra\u0161ikli\u0173, parkeri\u0173 ir aerograf\u0173.<br \/>\nTu\u0161u suteptus ra\u0161iklius tiesiog nuskalaukite nedideliu kiekiu \u201eLiquitex\u201c akrilinio tu\u0161o valiklio. Jeigu tu\u0161as prie ra\u0161iklio prid\u017eiuvo, kelioms minut\u0117ms ra\u0161ikl\u012f u\u017emerkite \u012f valikl\u012f, ir po to nuskalaukite vandeniu.<\/p>\n","protected":false},"excerpt":{"rendered":"<p>\u201eLiquitex\u201c akrilinio tu\u0161o valiklis, puikiai nuvalo tu\u0161\u0105 nuo teptuk\u0173, grafini\u0173 ra\u0161ikli\u0173, parkeri\u0173 ir aerograf\u0173. Tu\u0161u suteptus ra\u0161iklius tiesiog nuskalaukite nedideliu kiekiu \u201eLiquitex\u201c akrilinio tu\u0161o valiklio. Jeigu tu\u0161as prie ra\u0161iklio prid\u017eiuvo, kelioms minut\u0117ms ra\u0161ikl\u012f u\u017emerkite \u012f valikl\u012f, ir po to nuskalaukite vandeniu.<\/p>\n","protected":false},"featured_media":352696,"comment_status":"closed","ping_status":"closed","template":"","meta":{"_acf_changed":false,"ep_exclude_from_search":false},"product_cat":[18998,16124,17981],"product_tag":[],"class_list":{"0":"post-62872","1":"product","2":"type-product","3":"status-publish","4":"has-post-thumbnail","6":"product_cat-akriliniu-dazu-priedai-2","7":"product_cat-dailes-prekes","8":"product_cat-dazai-ir-priedai-tapybai","10":"first","11":"outofstock","12":"taxable","13":"shipping-taxable","14":"purchasable","15":"product-type-variable"},"acf":[],"yoast_head":"<!-- This site is optimized with the Yoast SEO plugin v24.1 - https:\/\/yoast.com\/wordpress\/plugins\/seo\/ -->\n<title>Akrilinis tu\u0161as Liquitex ink! valymo priemon\u0117 150ml &#8211; Skizze<\/title>\n<meta name=\"robots\" content=\"noindex, follow, max-snippet:-1, max-image-preview:large, max-video-preview:-1\" \/>\n<meta property=\"og:locale\" content=\"lt_LT\" \/>\n<meta property=\"og:type\" content=\"article\" \/>\n<meta property=\"og:title\" content=\"Akrilinis tu\u0161as Liquitex ink! valymo priemon\u0117 150ml &#8211; Skizze\" \/>\n<meta property=\"og:description\" content=\"\u201eLiquitex\u201c akrilinio tu\u0161o valiklis, puikiai nuvalo tu\u0161\u0105 nuo teptuk\u0173, grafini\u0173 ra\u0161ikli\u0173, parkeri\u0173 ir aerograf\u0173. Tu\u0161u suteptus ra\u0161iklius tiesiog nuskalaukite nedideliu kiekiu \u201eLiquitex\u201c akrilinio tu\u0161o valiklio. Jeigu tu\u0161as prie ra\u0161iklio prid\u017eiuvo, kelioms minut\u0117ms ra\u0161ikl\u012f u\u017emerkite \u012f valikl\u012f, ir po to nuskalaukite vandeniu.\" \/>\n<meta property=\"og:url\" content=\"https:\/\/hobstop.ee\/lt\/produktas\/akrilinis-tusas-liquitex-ink-valymo-priemone-150ml\/\" \/>\n<meta property=\"og:site_name\" content=\"Skizze\" \/>\n<meta property=\"article:publisher\" content=\"http:\/\/www.facebook.com\/VunderSkizze\" \/>\n<meta property=\"article:modified_time\" content=\"-0001-11-30T00:00:00+00:00\" \/>\n<meta property=\"og:image\" content=\"https:\/\/hobstop.ee\/media\/3504.jpg\" \/>\n\t<meta property=\"og:image:width\" content=\"1024\" \/>\n\t<meta property=\"og:image:height\" content=\"768\" \/>\n\t<meta property=\"og:image:type\" content=\"image\/jpeg\" \/>\n<meta name=\"twitter:card\" content=\"summary_large_image\" \/>\n<script type=\"application\/ld+json\" class=\"yoast-schema-graph\">{\"@context\":\"https:\/\/schema.org\",\"@graph\":[{\"@type\":\"WebPage\",\"@id\":\"https:\/\/hobstop.ee\/lt\/produktas\/akrilinis-tusas-liquitex-ink-valymo-priemone-150ml\/\",\"url\":\"https:\/\/hobstop.ee\/lt\/produktas\/akrilinis-tusas-liquitex-ink-valymo-priemone-150ml\/\",\"name\":\"Akrilinis tu\u0161as Liquitex ink! valymo priemon\u0117 150ml &#8211; Skizze\",\"isPartOf\":{\"@id\":\"https:\/\/www.hobstop.ee\/lt\/#website\"},\"primaryImageOfPage\":{\"@id\":\"https:\/\/hobstop.ee\/lt\/produktas\/akrilinis-tusas-liquitex-ink-valymo-priemone-150ml\/#primaryimage\"},\"image\":{\"@id\":\"https:\/\/hobstop.ee\/lt\/produktas\/akrilinis-tusas-liquitex-ink-valymo-priemone-150ml\/#primaryimage\"},\"thumbnailUrl\":\"https:\/\/hobstop.ee\/media\/3504.jpg\",\"datePublished\":\"2014-12-09T11:36:43+00:00\",\"dateModified\":\"-0001-11-30T00:00:00+00:00\",\"breadcrumb\":{\"@id\":\"https:\/\/hobstop.ee\/lt\/produktas\/akrilinis-tusas-liquitex-ink-valymo-priemone-150ml\/#breadcrumb\"},\"inLanguage\":\"lt\",\"potentialAction\":[{\"@type\":\"ReadAction\",\"target\":[\"https:\/\/hobstop.ee\/lt\/produktas\/akrilinis-tusas-liquitex-ink-valymo-priemone-150ml\/\"]}]},{\"@type\":\"ImageObject\",\"inLanguage\":\"lt\",\"@id\":\"https:\/\/hobstop.ee\/lt\/produktas\/akrilinis-tusas-liquitex-ink-valymo-priemone-150ml\/#primaryimage\",\"url\":\"https:\/\/hobstop.ee\/media\/3504.jpg\",\"contentUrl\":\"https:\/\/hobstop.ee\/media\/3504.jpg\",\"width\":1024,\"height\":768},{\"@type\":\"BreadcrumbList\",\"@id\":\"https:\/\/hobstop.ee\/lt\/produktas\/akrilinis-tusas-liquitex-ink-valymo-priemone-150ml\/#breadcrumb\",\"itemListElement\":[{\"@type\":\"ListItem\",\"position\":1,\"name\":\"Avaleht\",\"item\":\"https:\/\/hobstop.ee\/lt\/\"},{\"@type\":\"ListItem\",\"position\":2,\"name\":\"Parduotuv\u0117\",\"item\":\"https:\/\/www.hobstop.ee\/lt\/parduotuve\/\"},{\"@type\":\"ListItem\",\"position\":3,\"name\":\"Akrilinis tu\u0161as Liquitex ink! valymo priemon\u0117 150ml\"}]},{\"@type\":\"WebSite\",\"@id\":\"https:\/\/www.hobstop.ee\/lt\/#website\",\"url\":\"https:\/\/www.hobstop.ee\/lt\/\",\"name\":\"Skizze\",\"description\":\"Dail\u0117s, pom\u0117gi\u0173 ir mokykliniai reikm\u0117nys\",\"publisher\":{\"@id\":\"https:\/\/www.hobstop.ee\/lt\/#organization\"},\"potentialAction\":[{\"@type\":\"SearchAction\",\"target\":{\"@type\":\"EntryPoint\",\"urlTemplate\":\"https:\/\/www.hobstop.ee\/lt\/?s={search_term_string}\"},\"query-input\":{\"@type\":\"PropertyValueSpecification\",\"valueRequired\":true,\"valueName\":\"search_term_string\"}}],\"inLanguage\":\"lt\"},{\"@type\":\"Organization\",\"@id\":\"https:\/\/www.hobstop.ee\/lt\/#organization\",\"name\":\"Vunder AS\",\"url\":\"https:\/\/www.hobstop.ee\/lt\/\",\"logo\":{\"@type\":\"ImageObject\",\"inLanguage\":\"lt\",\"@id\":\"https:\/\/www.hobstop.ee\/lt\/#\/schema\/logo\/image\/\",\"url\":\"https:\/\/hobstop.ee\/media\/vunder-logo.png\",\"contentUrl\":\"https:\/\/hobstop.ee\/media\/vunder-logo.png\",\"width\":127,\"height\":55,\"caption\":\"Vunder AS\"},\"image\":{\"@id\":\"https:\/\/www.hobstop.ee\/lt\/#\/schema\/logo\/image\/\"},\"sameAs\":[\"http:\/\/www.facebook.com\/VunderSkizze\"]}]}<\/script>\n<!-- \/ Yoast SEO plugin. -->","yoast_head_json":{"title":"Akrilinis tu\u0161as Liquitex ink! valymo priemon\u0117 150ml &#8211; Skizze","robots":{"index":"noindex","follow":"follow","max-snippet":"max-snippet:-1","max-image-preview":"max-image-preview:large","max-video-preview":"max-video-preview:-1"},"og_locale":"lt_LT","og_type":"article","og_title":"Akrilinis tu\u0161as Liquitex ink! valymo priemon\u0117 150ml &#8211; Skizze","og_description":"\u201eLiquitex\u201c akrilinio tu\u0161o valiklis, puikiai nuvalo tu\u0161\u0105 nuo teptuk\u0173, grafini\u0173 ra\u0161ikli\u0173, parkeri\u0173 ir aerograf\u0173. Tu\u0161u suteptus ra\u0161iklius tiesiog nuskalaukite nedideliu kiekiu \u201eLiquitex\u201c akrilinio tu\u0161o valiklio. Jeigu tu\u0161as prie ra\u0161iklio prid\u017eiuvo, kelioms minut\u0117ms ra\u0161ikl\u012f u\u017emerkite \u012f valikl\u012f, ir po to nuskalaukite vandeniu.","og_url":"https:\/\/hobstop.ee\/lt\/produktas\/akrilinis-tusas-liquitex-ink-valymo-priemone-150ml\/","og_site_name":"Skizze","article_publisher":"http:\/\/www.facebook.com\/VunderSkizze","article_modified_time":"-0001-11-30T00:00:00+00:00","og_image":[{"width":1024,"height":768,"url":"https:\/\/hobstop.ee\/media\/3504.jpg","type":"image\/jpeg"}],"twitter_card":"summary_large_image","schema":{"@context":"https:\/\/schema.org","@graph":[{"@type":"WebPage","@id":"https:\/\/hobstop.ee\/lt\/produktas\/akrilinis-tusas-liquitex-ink-valymo-priemone-150ml\/","url":"https:\/\/hobstop.ee\/lt\/produktas\/akrilinis-tusas-liquitex-ink-valymo-priemone-150ml\/","name":"Akrilinis tu\u0161as Liquitex ink! valymo priemon\u0117 150ml &#8211; Skizze","isPartOf":{"@id":"https:\/\/www.hobstop.ee\/lt\/#website"},"primaryImageOfPage":{"@id":"https:\/\/hobstop.ee\/lt\/produktas\/akrilinis-tusas-liquitex-ink-valymo-priemone-150ml\/#primaryimage"},"image":{"@id":"https:\/\/hobstop.ee\/lt\/produktas\/akrilinis-tusas-liquitex-ink-valymo-priemone-150ml\/#primaryimage"},"thumbnailUrl":"https:\/\/hobstop.ee\/media\/3504.jpg","datePublished":"2014-12-09T11:36:43+00:00","dateModified":"-0001-11-30T00:00:00+00:00","breadcrumb":{"@id":"https:\/\/hobstop.ee\/lt\/produktas\/akrilinis-tusas-liquitex-ink-valymo-priemone-150ml\/#breadcrumb"},"inLanguage":"lt","potentialAction":[{"@type":"ReadAction","target":["https:\/\/hobstop.ee\/lt\/produktas\/akrilinis-tusas-liquitex-ink-valymo-priemone-150ml\/"]}]},{"@type":"ImageObject","inLanguage":"lt","@id":"https:\/\/hobstop.ee\/lt\/produktas\/akrilinis-tusas-liquitex-ink-valymo-priemone-150ml\/#primaryimage","url":"https:\/\/hobstop.ee\/media\/3504.jpg","contentUrl":"https:\/\/hobstop.ee\/media\/3504.jpg","width":1024,"height":768},{"@type":"BreadcrumbList","@id":"https:\/\/hobstop.ee\/lt\/produktas\/akrilinis-tusas-liquitex-ink-valymo-priemone-150ml\/#breadcrumb","itemListElement":[{"@type":"ListItem","position":1,"name":"Avaleht","item":"https:\/\/hobstop.ee\/lt\/"},{"@type":"ListItem","position":2,"name":"Parduotuv\u0117","item":"https:\/\/www.hobstop.ee\/lt\/parduotuve\/"},{"@type":"ListItem","position":3,"name":"Akrilinis tu\u0161as Liquitex ink! valymo priemon\u0117 150ml"}]},{"@type":"WebSite","@id":"https:\/\/www.hobstop.ee\/lt\/#website","url":"https:\/\/www.hobstop.ee\/lt\/","name":"Skizze","description":"Dail\u0117s, pom\u0117gi\u0173 ir mokykliniai reikm\u0117nys","publisher":{"@id":"https:\/\/www.hobstop.ee\/lt\/#organization"},"potentialAction":[{"@type":"SearchAction","target":{"@type":"EntryPoint","urlTemplate":"https:\/\/www.hobstop.ee\/lt\/?s={search_term_string}"},"query-input":{"@type":"PropertyValueSpecification","valueRequired":true,"valueName":"search_term_string"}}],"inLanguage":"lt"},{"@type":"Organization","@id":"https:\/\/www.hobstop.ee\/lt\/#organization","name":"Vunder AS","url":"https:\/\/www.hobstop.ee\/lt\/","logo":{"@type":"ImageObject","inLanguage":"lt","@id":"https:\/\/www.hobstop.ee\/lt\/#\/schema\/logo\/image\/","url":"https:\/\/hobstop.ee\/media\/vunder-logo.png","contentUrl":"https:\/\/hobstop.ee\/media\/vunder-logo.png","width":127,"height":55,"caption":"Vunder AS"},"image":{"@id":"https:\/\/www.hobstop.ee\/lt\/#\/schema\/logo\/image\/"},"sameAs":["http:\/\/www.facebook.com\/VunderSkizze"]}]}},"_links":{"self":[{"href":"https:\/\/hobstop.ee\/lt\/wp-json\/wp\/v2\/product\/62872","targetHints":{"allow":["GET"]}}],"collection":[{"href":"https:\/\/hobstop.ee\/lt\/wp-json\/wp\/v2\/product"}],"about":[{"href":"https:\/\/hobstop.ee\/lt\/wp-json\/wp\/v2\/types\/product"}],"replies":[{"embeddable":true,"href":"https:\/\/hobstop.ee\/lt\/wp-json\/wp\/v2\/comments?post=62872"}],"wp:featuredmedia":[{"embeddable":true,"href":"https:\/\/hobstop.ee\/lt\/wp-json\/wp\/v2\/media\/352696"}],"wp:attachment":[{"href":"https:\/\/hobstop.ee\/lt\/wp-json\/wp\/v2\/media?parent=62872"}],"wp:term":[{"taxonomy":"product_cat","embeddable":true,"href":"https:\/\/hobstop.ee\/lt\/wp-json\/wp\/v2\/product_cat?post=62872"},{"taxonomy":"product_tag","embeddable":true,"href":"https:\/\/hobstop.ee\/lt\/wp-json\/wp\/v2\/product_tag?post=62872"}],"curies":[{"name":"wp","href":"https:\/\/api.w.org\/{rel}","templated":true}]}}