{"id":62889,"date":"2014-12-09T13:36:47","date_gmt":"2014-12-09T11:36:47","guid":{"rendered":"https:\/\/sharks.ee\/vunder_2019.klient.veebimajutus.ee\/?post_type=product&p=62889"},"modified":"2014-12-09T13:36:47","modified_gmt":"2014-12-09T10:36:47","slug":"dekoratyviniai-dazai-marabu-colour-your-dreams-relief-225ml","status":"publish","type":"product","link":"https:\/\/hobstop.ee\/lt\/produktas\/dekoratyviniai-dazai-marabu-colour-your-dreams-relief-225ml\/","title":{"rendered":"Dekoratyviniai da\u017eai Marabu Colour your Dreams Relief 225ml"},"content":{"rendered":"<p>Da\u017eais \u201eMarabu Relief\u201c dekoruotos sienos tampa neatpa\u017e\u012fstamomis. Vandens pagrindu pagamintas 3D akrilo pasta-gelis puikiai tinka dekoruoti \u0161ablonais, Da\u017eai gali b\u016bti tepami mentele. Pasta-gelis yra puikios kremin\u0117s tekst\u016bros, tod\u0117l yra lengvai tepami. Da\u017eai \u201eMarabu Relief\u201c nevarva, jie yra atspar\u016bs vandeniui ir \u0161viesos poveikiui. Akrilo pasta-geliu galima dengti ne tik sienas \u2013 jais galima da\u017eyti medien\u0105, MDF plok\u0161tes, metal\u0105, popieri\u0173 ir net \u012fr\u0117mint\u0105 drob\u0119.<\/p>\n","protected":false},"excerpt":{"rendered":"<p>Da\u017eais \u201eMarabu Relief\u201c dekoruotos sienos tampa neatpa\u017e\u012fstamomis. Vandens pagrindu pagamintas 3D akrilo pasta-gelis puikiai tinka dekoruoti \u0161ablonais, Da\u017eai gali b\u016bti tepami mentele. Pasta-gelis yra puikios kremin\u0117s tekst\u016bros, tod\u0117l yra lengvai tepami. Da\u017eai \u201eMarabu Relief\u201c nevarva, jie yra atspar\u016bs vandeniui ir \u0161viesos poveikiui. Akrilo pasta-geliu galima dengti ne tik sienas \u2013 jais galima da\u017eyti medien\u0105, MDF plok\u0161tes, metal\u0105, popieri\u0173 ir net \u012fr\u0117mint\u0105 drob\u0119.<\/p>\n","protected":false},"featured_media":0,"comment_status":"closed","ping_status":"closed","template":"","meta":{"_acf_changed":false,"ep_exclude_from_search":false},"product_cat":[18202,239,17919],"product_tag":[],"class_list":{"0":"post-62889","1":"product","2":"type-product","3":"status-publish","5":"product_cat-dekoratyviniai-dazai","6":"product_cat-aerosoolvarvid","7":"product_cat-pomegiu-prekes","9":"first","10":"instock","11":"sale","12":"taxable","13":"shipping-taxable","14":"purchasable","15":"product-type-variable"},"acf":[],"yoast_head":"<!-- This site is optimized with the Yoast SEO plugin v24.1 - https:\/\/yoast.com\/wordpress\/plugins\/seo\/ -->\n<title>Dekoratyviniai da\u017eai Marabu Colour your Dreams Relief 225ml &#8211; Skizze<\/title>\n<meta name=\"robots\" content=\"noindex, follow, max-snippet:-1, max-image-preview:large, max-video-preview:-1\" \/>\n<meta property=\"og:locale\" content=\"lt_LT\" \/>\n<meta property=\"og:type\" content=\"article\" \/>\n<meta property=\"og:title\" content=\"Dekoratyviniai da\u017eai Marabu Colour your Dreams Relief 225ml &#8211; Skizze\" \/>\n<meta property=\"og:description\" content=\"Da\u017eais \u201eMarabu Relief\u201c dekoruotos sienos tampa neatpa\u017e\u012fstamomis. Vandens pagrindu pagamintas 3D akrilo pasta-gelis puikiai tinka dekoruoti \u0161ablonais, Da\u017eai gali b\u016bti tepami mentele. Pasta-gelis yra puikios kremin\u0117s tekst\u016bros, tod\u0117l yra lengvai tepami. Da\u017eai \u201eMarabu Relief\u201c nevarva, jie yra atspar\u016bs vandeniui ir \u0161viesos poveikiui. Akrilo pasta-geliu galima dengti ne tik sienas \u2013 jais galima da\u017eyti medien\u0105, MDF plok\u0161tes, metal\u0105, popieri\u0173 ir net \u012fr\u0117mint\u0105 drob\u0119.\" \/>\n<meta property=\"og:url\" content=\"https:\/\/hobstop.ee\/lt\/produktas\/dekoratyviniai-dazai-marabu-colour-your-dreams-relief-225ml\/\" \/>\n<meta property=\"og:site_name\" content=\"Skizze\" \/>\n<meta property=\"article:publisher\" content=\"http:\/\/www.facebook.com\/VunderSkizze\" \/>\n<meta property=\"article:modified_time\" content=\"-0001-11-30T00:00:00+00:00\" \/>\n<meta name=\"twitter:card\" content=\"summary_large_image\" \/>\n<script type=\"application\/ld+json\" class=\"yoast-schema-graph\">{\"@context\":\"https:\/\/schema.org\",\"@graph\":[{\"@type\":\"WebPage\",\"@id\":\"https:\/\/hobstop.ee\/lt\/produktas\/dekoratyviniai-dazai-marabu-colour-your-dreams-relief-225ml\/\",\"url\":\"https:\/\/hobstop.ee\/lt\/produktas\/dekoratyviniai-dazai-marabu-colour-your-dreams-relief-225ml\/\",\"name\":\"Dekoratyviniai da\u017eai Marabu Colour your Dreams Relief 225ml &#8211; Skizze\",\"isPartOf\":{\"@id\":\"https:\/\/hobstop.ee\/lt\/#website\"},\"datePublished\":\"2014-12-09T11:36:47+00:00\",\"dateModified\":\"-0001-11-30T00:00:00+00:00\",\"breadcrumb\":{\"@id\":\"https:\/\/hobstop.ee\/lt\/produktas\/dekoratyviniai-dazai-marabu-colour-your-dreams-relief-225ml\/#breadcrumb\"},\"inLanguage\":\"lt\",\"potentialAction\":[{\"@type\":\"ReadAction\",\"target\":[\"https:\/\/hobstop.ee\/lt\/produktas\/dekoratyviniai-dazai-marabu-colour-your-dreams-relief-225ml\/\"]}]},{\"@type\":\"BreadcrumbList\",\"@id\":\"https:\/\/hobstop.ee\/lt\/produktas\/dekoratyviniai-dazai-marabu-colour-your-dreams-relief-225ml\/#breadcrumb\",\"itemListElement\":[{\"@type\":\"ListItem\",\"position\":1,\"name\":\"Avaleht\",\"item\":\"https:\/\/hobstop.ee\/lt\/\"},{\"@type\":\"ListItem\",\"position\":2,\"name\":\"Parduotuv\u0117\",\"item\":\"https:\/\/hobstop.ee\/lt\/parduotuve\/\"},{\"@type\":\"ListItem\",\"position\":3,\"name\":\"Dekoratyviniai da\u017eai Marabu Colour your Dreams Relief 225ml\"}]},{\"@type\":\"WebSite\",\"@id\":\"https:\/\/hobstop.ee\/lt\/#website\",\"url\":\"https:\/\/hobstop.ee\/lt\/\",\"name\":\"Skizze\",\"description\":\"Dail\u0117s, pom\u0117gi\u0173 ir mokykliniai reikm\u0117nys\",\"publisher\":{\"@id\":\"https:\/\/hobstop.ee\/lt\/#organization\"},\"potentialAction\":[{\"@type\":\"SearchAction\",\"target\":{\"@type\":\"EntryPoint\",\"urlTemplate\":\"https:\/\/hobstop.ee\/lt\/?s={search_term_string}\"},\"query-input\":{\"@type\":\"PropertyValueSpecification\",\"valueRequired\":true,\"valueName\":\"search_term_string\"}}],\"inLanguage\":\"lt\"},{\"@type\":\"Organization\",\"@id\":\"https:\/\/hobstop.ee\/lt\/#organization\",\"name\":\"Vunder AS\",\"url\":\"https:\/\/hobstop.ee\/lt\/\",\"logo\":{\"@type\":\"ImageObject\",\"inLanguage\":\"lt\",\"@id\":\"https:\/\/hobstop.ee\/lt\/#\/schema\/logo\/image\/\",\"url\":\"https:\/\/hobstop.ee\/media\/vunder-logo.png\",\"contentUrl\":\"https:\/\/hobstop.ee\/media\/vunder-logo.png\",\"width\":127,\"height\":55,\"caption\":\"Vunder AS\"},\"image\":{\"@id\":\"https:\/\/hobstop.ee\/lt\/#\/schema\/logo\/image\/\"},\"sameAs\":[\"http:\/\/www.facebook.com\/VunderSkizze\"]}]}<\/script>\n<!-- \/ Yoast SEO plugin. -->","yoast_head_json":{"title":"Dekoratyviniai da\u017eai Marabu Colour your Dreams Relief 225ml &#8211; Skizze","robots":{"index":"noindex","follow":"follow","max-snippet":"max-snippet:-1","max-image-preview":"max-image-preview:large","max-video-preview":"max-video-preview:-1"},"og_locale":"lt_LT","og_type":"article","og_title":"Dekoratyviniai da\u017eai Marabu Colour your Dreams Relief 225ml &#8211; Skizze","og_description":"Da\u017eais \u201eMarabu Relief\u201c dekoruotos sienos tampa neatpa\u017e\u012fstamomis. Vandens pagrindu pagamintas 3D akrilo pasta-gelis puikiai tinka dekoruoti \u0161ablonais, Da\u017eai gali b\u016bti tepami mentele. Pasta-gelis yra puikios kremin\u0117s tekst\u016bros, tod\u0117l yra lengvai tepami. Da\u017eai \u201eMarabu Relief\u201c nevarva, jie yra atspar\u016bs vandeniui ir \u0161viesos poveikiui. Akrilo pasta-geliu galima dengti ne tik sienas \u2013 jais galima da\u017eyti medien\u0105, MDF plok\u0161tes, metal\u0105, popieri\u0173 ir net \u012fr\u0117mint\u0105 drob\u0119.","og_url":"https:\/\/hobstop.ee\/lt\/produktas\/dekoratyviniai-dazai-marabu-colour-your-dreams-relief-225ml\/","og_site_name":"Skizze","article_publisher":"http:\/\/www.facebook.com\/VunderSkizze","article_modified_time":"-0001-11-30T00:00:00+00:00","twitter_card":"summary_large_image","schema":{"@context":"https:\/\/schema.org","@graph":[{"@type":"WebPage","@id":"https:\/\/hobstop.ee\/lt\/produktas\/dekoratyviniai-dazai-marabu-colour-your-dreams-relief-225ml\/","url":"https:\/\/hobstop.ee\/lt\/produktas\/dekoratyviniai-dazai-marabu-colour-your-dreams-relief-225ml\/","name":"Dekoratyviniai da\u017eai Marabu Colour your Dreams Relief 225ml &#8211; Skizze","isPartOf":{"@id":"https:\/\/hobstop.ee\/lt\/#website"},"datePublished":"2014-12-09T11:36:47+00:00","dateModified":"-0001-11-30T00:00:00+00:00","breadcrumb":{"@id":"https:\/\/hobstop.ee\/lt\/produktas\/dekoratyviniai-dazai-marabu-colour-your-dreams-relief-225ml\/#breadcrumb"},"inLanguage":"lt","potentialAction":[{"@type":"ReadAction","target":["https:\/\/hobstop.ee\/lt\/produktas\/dekoratyviniai-dazai-marabu-colour-your-dreams-relief-225ml\/"]}]},{"@type":"BreadcrumbList","@id":"https:\/\/hobstop.ee\/lt\/produktas\/dekoratyviniai-dazai-marabu-colour-your-dreams-relief-225ml\/#breadcrumb","itemListElement":[{"@type":"ListItem","position":1,"name":"Avaleht","item":"https:\/\/hobstop.ee\/lt\/"},{"@type":"ListItem","position":2,"name":"Parduotuv\u0117","item":"https:\/\/hobstop.ee\/lt\/parduotuve\/"},{"@type":"ListItem","position":3,"name":"Dekoratyviniai da\u017eai Marabu Colour your Dreams Relief 225ml"}]},{"@type":"WebSite","@id":"https:\/\/hobstop.ee\/lt\/#website","url":"https:\/\/hobstop.ee\/lt\/","name":"Skizze","description":"Dail\u0117s, pom\u0117gi\u0173 ir mokykliniai reikm\u0117nys","publisher":{"@id":"https:\/\/hobstop.ee\/lt\/#organization"},"potentialAction":[{"@type":"SearchAction","target":{"@type":"EntryPoint","urlTemplate":"https:\/\/hobstop.ee\/lt\/?s={search_term_string}"},"query-input":{"@type":"PropertyValueSpecification","valueRequired":true,"valueName":"search_term_string"}}],"inLanguage":"lt"},{"@type":"Organization","@id":"https:\/\/hobstop.ee\/lt\/#organization","name":"Vunder AS","url":"https:\/\/hobstop.ee\/lt\/","logo":{"@type":"ImageObject","inLanguage":"lt","@id":"https:\/\/hobstop.ee\/lt\/#\/schema\/logo\/image\/","url":"https:\/\/hobstop.ee\/media\/vunder-logo.png","contentUrl":"https:\/\/hobstop.ee\/media\/vunder-logo.png","width":127,"height":55,"caption":"Vunder AS"},"image":{"@id":"https:\/\/hobstop.ee\/lt\/#\/schema\/logo\/image\/"},"sameAs":["http:\/\/www.facebook.com\/VunderSkizze"]}]}},"_links":{"self":[{"href":"https:\/\/hobstop.ee\/lt\/wp-json\/wp\/v2\/product\/62889","targetHints":{"allow":["GET"]}}],"collection":[{"href":"https:\/\/hobstop.ee\/lt\/wp-json\/wp\/v2\/product"}],"about":[{"href":"https:\/\/hobstop.ee\/lt\/wp-json\/wp\/v2\/types\/product"}],"replies":[{"embeddable":true,"href":"https:\/\/hobstop.ee\/lt\/wp-json\/wp\/v2\/comments?post=62889"}],"wp:attachment":[{"href":"https:\/\/hobstop.ee\/lt\/wp-json\/wp\/v2\/media?parent=62889"}],"wp:term":[{"taxonomy":"product_cat","embeddable":true,"href":"https:\/\/hobstop.ee\/lt\/wp-json\/wp\/v2\/product_cat?post=62889"},{"taxonomy":"product_tag","embeddable":true,"href":"https:\/\/hobstop.ee\/lt\/wp-json\/wp\/v2\/product_tag?post=62889"}],"curies":[{"name":"wp","href":"https:\/\/api.w.org\/{rel}","templated":true}]}}