{"id":63015,"date":"2014-12-09T13:37:12","date_gmt":"2014-12-09T11:37:12","guid":{"rendered":"https:\/\/sharks.ee\/vunder_2019.klient.veebimajutus.ee\/?post_type=product&p=63015"},"modified":"2014-12-09T13:37:12","modified_gmt":"2014-12-09T10:37:12","slug":"veido-dazu-rinkinys-role-play","status":"publish","type":"product","link":"https:\/\/hobstop.ee\/lt\/produktas\/veido-dazu-rinkinys-role-play\/","title":{"rendered":"Veido da\u017e\u0173 rinkinys Role-Play"},"content":{"rendered":"<p>Smagus ir k\u016brybi\u0161kas berniukams ir mergait\u0117ms skirtas komplektas ilgam laikui vaikams suteiks pramogos \u2013 virskite piratu, princese ar kokiu kitu pasak\u0173 herojumi. Komplekte yra grimo da\u017eai ir \u017eaismingas dekoravimo priedas su lipdukais. Dengia iki 10 veid\u0173.<\/p>\n<p>Komplekte yra:<br \/>\nGrimo da\u017eai 1ml (4vnt.)<br \/>\nTeptukas<br \/>\nPutplas\u010dio priedas su lipdukais<\/p>\n","protected":false},"excerpt":{"rendered":"<p>Smagus ir k\u016brybi\u0161kas berniukams ir mergait\u0117ms skirtas komplektas ilgam laikui vaikams suteiks pramogos \u2013 virskite piratu, princese ar kokiu kitu pasak\u0173 herojumi. Komplekte yra grimo da\u017eai ir \u017eaismingas dekoravimo priedas su lipdukais. Dengia iki 10 veid\u0173. Komplekte yra: Grimo da\u017eai 1ml (4vnt.) Teptukas Putplas\u010dio priedas su lipdukais<\/p>\n","protected":false},"featured_media":0,"comment_status":"closed","ping_status":"closed","template":"","meta":{"_acf_changed":false,"ep_exclude_from_search":false},"product_cat":[18929,17919,14942],"product_tag":[],"class_list":{"0":"post-63015","1":"product","2":"type-product","3":"status-publish","5":"product_cat-dazai-kunui-dazyti","6":"product_cat-pomegiu-prekes","7":"product_cat-tussid-ja-tindid","9":"first","10":"instock","11":"sale","12":"taxable","13":"shipping-taxable","14":"purchasable","15":"product-type-variable"},"acf":[],"yoast_head":"<!-- This site is optimized with the Yoast SEO plugin v24.1 - https:\/\/yoast.com\/wordpress\/plugins\/seo\/ -->\n<title>Veido da\u017e\u0173 rinkinys Role-Play &#8211; Skizze<\/title>\n<meta name=\"robots\" content=\"noindex, follow, max-snippet:-1, max-image-preview:large, max-video-preview:-1\" \/>\n<meta property=\"og:locale\" content=\"lt_LT\" \/>\n<meta property=\"og:type\" content=\"article\" \/>\n<meta property=\"og:title\" content=\"Veido da\u017e\u0173 rinkinys Role-Play &#8211; Skizze\" \/>\n<meta property=\"og:description\" content=\"Smagus ir k\u016brybi\u0161kas berniukams ir mergait\u0117ms skirtas komplektas ilgam laikui vaikams suteiks pramogos \u2013 virskite piratu, princese ar kokiu kitu pasak\u0173 herojumi. Komplekte yra grimo da\u017eai ir \u017eaismingas dekoravimo priedas su lipdukais. Dengia iki 10 veid\u0173. Komplekte yra: Grimo da\u017eai 1ml (4vnt.) Teptukas Putplas\u010dio priedas su lipdukais\" \/>\n<meta property=\"og:url\" content=\"https:\/\/hobstop.ee\/lt\/produktas\/veido-dazu-rinkinys-role-play\/\" \/>\n<meta property=\"og:site_name\" content=\"Skizze\" \/>\n<meta property=\"article:publisher\" content=\"http:\/\/www.facebook.com\/VunderSkizze\" \/>\n<meta property=\"article:modified_time\" content=\"-0001-11-30T00:00:00+00:00\" \/>\n<meta name=\"twitter:card\" content=\"summary_large_image\" \/>\n<script type=\"application\/ld+json\" class=\"yoast-schema-graph\">{\"@context\":\"https:\/\/schema.org\",\"@graph\":[{\"@type\":\"WebPage\",\"@id\":\"https:\/\/hobstop.ee\/lt\/produktas\/veido-dazu-rinkinys-role-play\/\",\"url\":\"https:\/\/hobstop.ee\/lt\/produktas\/veido-dazu-rinkinys-role-play\/\",\"name\":\"Veido da\u017e\u0173 rinkinys Role-Play &#8211; Skizze\",\"isPartOf\":{\"@id\":\"https:\/\/hobstop.ee\/lt\/#website\"},\"datePublished\":\"2014-12-09T11:37:12+00:00\",\"dateModified\":\"-0001-11-30T00:00:00+00:00\",\"breadcrumb\":{\"@id\":\"https:\/\/hobstop.ee\/lt\/produktas\/veido-dazu-rinkinys-role-play\/#breadcrumb\"},\"inLanguage\":\"lt\",\"potentialAction\":[{\"@type\":\"ReadAction\",\"target\":[\"https:\/\/hobstop.ee\/lt\/produktas\/veido-dazu-rinkinys-role-play\/\"]}]},{\"@type\":\"BreadcrumbList\",\"@id\":\"https:\/\/hobstop.ee\/lt\/produktas\/veido-dazu-rinkinys-role-play\/#breadcrumb\",\"itemListElement\":[{\"@type\":\"ListItem\",\"position\":1,\"name\":\"Avaleht\",\"item\":\"https:\/\/hobstop.ee\/lt\/\"},{\"@type\":\"ListItem\",\"position\":2,\"name\":\"Parduotuv\u0117\",\"item\":\"https:\/\/hobstop.ee\/lt\/parduotuve\/\"},{\"@type\":\"ListItem\",\"position\":3,\"name\":\"Veido da\u017e\u0173 rinkinys Role-Play\"}]},{\"@type\":\"WebSite\",\"@id\":\"https:\/\/hobstop.ee\/lt\/#website\",\"url\":\"https:\/\/hobstop.ee\/lt\/\",\"name\":\"Skizze\",\"description\":\"Dail\u0117s, pom\u0117gi\u0173 ir mokykliniai reikm\u0117nys\",\"publisher\":{\"@id\":\"https:\/\/hobstop.ee\/lt\/#organization\"},\"potentialAction\":[{\"@type\":\"SearchAction\",\"target\":{\"@type\":\"EntryPoint\",\"urlTemplate\":\"https:\/\/hobstop.ee\/lt\/?s={search_term_string}\"},\"query-input\":{\"@type\":\"PropertyValueSpecification\",\"valueRequired\":true,\"valueName\":\"search_term_string\"}}],\"inLanguage\":\"lt\"},{\"@type\":\"Organization\",\"@id\":\"https:\/\/hobstop.ee\/lt\/#organization\",\"name\":\"Vunder AS\",\"url\":\"https:\/\/hobstop.ee\/lt\/\",\"logo\":{\"@type\":\"ImageObject\",\"inLanguage\":\"lt\",\"@id\":\"https:\/\/hobstop.ee\/lt\/#\/schema\/logo\/image\/\",\"url\":\"https:\/\/hobstop.ee\/media\/vunder-logo.png\",\"contentUrl\":\"https:\/\/hobstop.ee\/media\/vunder-logo.png\",\"width\":127,\"height\":55,\"caption\":\"Vunder AS\"},\"image\":{\"@id\":\"https:\/\/hobstop.ee\/lt\/#\/schema\/logo\/image\/\"},\"sameAs\":[\"http:\/\/www.facebook.com\/VunderSkizze\"]}]}<\/script>\n<!-- \/ Yoast SEO plugin. -->","yoast_head_json":{"title":"Veido da\u017e\u0173 rinkinys Role-Play &#8211; Skizze","robots":{"index":"noindex","follow":"follow","max-snippet":"max-snippet:-1","max-image-preview":"max-image-preview:large","max-video-preview":"max-video-preview:-1"},"og_locale":"lt_LT","og_type":"article","og_title":"Veido da\u017e\u0173 rinkinys Role-Play &#8211; Skizze","og_description":"Smagus ir k\u016brybi\u0161kas berniukams ir mergait\u0117ms skirtas komplektas ilgam laikui vaikams suteiks pramogos \u2013 virskite piratu, princese ar kokiu kitu pasak\u0173 herojumi. Komplekte yra grimo da\u017eai ir \u017eaismingas dekoravimo priedas su lipdukais. Dengia iki 10 veid\u0173. Komplekte yra: Grimo da\u017eai 1ml (4vnt.) Teptukas Putplas\u010dio priedas su lipdukais","og_url":"https:\/\/hobstop.ee\/lt\/produktas\/veido-dazu-rinkinys-role-play\/","og_site_name":"Skizze","article_publisher":"http:\/\/www.facebook.com\/VunderSkizze","article_modified_time":"-0001-11-30T00:00:00+00:00","twitter_card":"summary_large_image","schema":{"@context":"https:\/\/schema.org","@graph":[{"@type":"WebPage","@id":"https:\/\/hobstop.ee\/lt\/produktas\/veido-dazu-rinkinys-role-play\/","url":"https:\/\/hobstop.ee\/lt\/produktas\/veido-dazu-rinkinys-role-play\/","name":"Veido da\u017e\u0173 rinkinys Role-Play &#8211; Skizze","isPartOf":{"@id":"https:\/\/hobstop.ee\/lt\/#website"},"datePublished":"2014-12-09T11:37:12+00:00","dateModified":"-0001-11-30T00:00:00+00:00","breadcrumb":{"@id":"https:\/\/hobstop.ee\/lt\/produktas\/veido-dazu-rinkinys-role-play\/#breadcrumb"},"inLanguage":"lt","potentialAction":[{"@type":"ReadAction","target":["https:\/\/hobstop.ee\/lt\/produktas\/veido-dazu-rinkinys-role-play\/"]}]},{"@type":"BreadcrumbList","@id":"https:\/\/hobstop.ee\/lt\/produktas\/veido-dazu-rinkinys-role-play\/#breadcrumb","itemListElement":[{"@type":"ListItem","position":1,"name":"Avaleht","item":"https:\/\/hobstop.ee\/lt\/"},{"@type":"ListItem","position":2,"name":"Parduotuv\u0117","item":"https:\/\/hobstop.ee\/lt\/parduotuve\/"},{"@type":"ListItem","position":3,"name":"Veido da\u017e\u0173 rinkinys Role-Play"}]},{"@type":"WebSite","@id":"https:\/\/hobstop.ee\/lt\/#website","url":"https:\/\/hobstop.ee\/lt\/","name":"Skizze","description":"Dail\u0117s, pom\u0117gi\u0173 ir mokykliniai reikm\u0117nys","publisher":{"@id":"https:\/\/hobstop.ee\/lt\/#organization"},"potentialAction":[{"@type":"SearchAction","target":{"@type":"EntryPoint","urlTemplate":"https:\/\/hobstop.ee\/lt\/?s={search_term_string}"},"query-input":{"@type":"PropertyValueSpecification","valueRequired":true,"valueName":"search_term_string"}}],"inLanguage":"lt"},{"@type":"Organization","@id":"https:\/\/hobstop.ee\/lt\/#organization","name":"Vunder AS","url":"https:\/\/hobstop.ee\/lt\/","logo":{"@type":"ImageObject","inLanguage":"lt","@id":"https:\/\/hobstop.ee\/lt\/#\/schema\/logo\/image\/","url":"https:\/\/hobstop.ee\/media\/vunder-logo.png","contentUrl":"https:\/\/hobstop.ee\/media\/vunder-logo.png","width":127,"height":55,"caption":"Vunder AS"},"image":{"@id":"https:\/\/hobstop.ee\/lt\/#\/schema\/logo\/image\/"},"sameAs":["http:\/\/www.facebook.com\/VunderSkizze"]}]}},"_links":{"self":[{"href":"https:\/\/hobstop.ee\/lt\/wp-json\/wp\/v2\/product\/63015","targetHints":{"allow":["GET"]}}],"collection":[{"href":"https:\/\/hobstop.ee\/lt\/wp-json\/wp\/v2\/product"}],"about":[{"href":"https:\/\/hobstop.ee\/lt\/wp-json\/wp\/v2\/types\/product"}],"replies":[{"embeddable":true,"href":"https:\/\/hobstop.ee\/lt\/wp-json\/wp\/v2\/comments?post=63015"}],"wp:attachment":[{"href":"https:\/\/hobstop.ee\/lt\/wp-json\/wp\/v2\/media?parent=63015"}],"wp:term":[{"taxonomy":"product_cat","embeddable":true,"href":"https:\/\/hobstop.ee\/lt\/wp-json\/wp\/v2\/product_cat?post=63015"},{"taxonomy":"product_tag","embeddable":true,"href":"https:\/\/hobstop.ee\/lt\/wp-json\/wp\/v2\/product_tag?post=63015"}],"curies":[{"name":"wp","href":"https:\/\/api.w.org\/{rel}","templated":true}]}}